{"id":6039,"date":"2024-10-16T11:32:30","date_gmt":"2024-10-16T11:32:30","guid":{"rendered":"https:\/\/poudresdenarco.com\/?post_type=product&#038;p=6039"},"modified":"2024-11-04T08:24:32","modified_gmt":"2024-11-04T08:24:32","slug":"o-dsmt-destramadol","status":"publish","type":"product","link":"https:\/\/poudresdenarco.com\/nl\/product-2\/o-dsmt-destramadol\/","title":{"rendered":"O-DSMT [Destramadol]."},"content":{"rendered":"<h2>O-DSMT [Destramadol] online kopen<\/h2>\n<p>L'<a href=\"https:\/\/poudresdenarco.com\/nl\/product-2\/o-dsmt-destramadol\/\">O-Desmethyltramadol (O-DSMT)<\/a> is een opio\u00efde dat voornamelijk indirect is gebruikt omdat het een belangrijke metaboliet is van het pijnstillende middel tramadol. Sinds de jaren 2010 wordt het soms alleen gebruikt, omdat het wordt verkocht op de grijze markt\/onderzoekschemicali\u00ebnmarkt Koop O-DSMT (Destramadol) .<\/p>\n<p>Het heeft een langere werkingsduur dan tramadol en meer typische opio\u00efde effecten, hoewel het nog steeds een effect heeft op de monoaminerge systemen in een mate die het effectprofiel enigszins kan be\u00efnvloeden. <a href=\"https:\/\/poudresdenarco.com\/nl\/\">PoederDenarco<\/a><\/p>\n<p>O-Desmethyltramadol = O-DSMT ; Desmetramadol ; <a href=\"https:\/\/en.wikipedia.org\/?title=O-Desmethyltramadol&amp;redirect=no\">O-Demethyltramadol<\/a><\/p>\n<p>PubChem: 9838803<\/p>\n<p>Molecuulgewicht: 249,354 g\/mol<\/p>\n<p>IUPAC: 3-[2-[(dimethylamino)methyl]-1-hydroxycyclohexyl]fenol<\/p>\n<h3><strong>Koop hoge zuiverheid O-DSMT (Destramadol) voor onderzoek - Verdovende poeders<\/strong><\/h3>\n<p><strong>Verdovende poeders<\/strong> is uw vertrouwde bron voor<strong>O-DSMT (Destramadol) van onderzoekskwaliteit<\/strong>exclusief ontworpen voor <strong>wetenschappelijke laboratoriumtoepassingen<\/strong>. Onze O-DSMT wordt geproduceerd volgens strenge normen voor zuiverheid en kwaliteit, waardoor farmacologische en chemische onderzoekers betrouwbare resultaten krijgen.<\/p>\n<h3>Waarom kiezen voor O-DSMT (Destramadol) van Narco Powders?<\/h3>\n<p>Als <strong>O-DSMT leverancier voor onderzoek<\/strong>, <strong>Verdovende poeders<\/strong> garandeert producten die voldoen aan <strong>gecertificeerde laboratoria<\/strong> :<\/p>\n<ul>\n<li><strong>Hoogzuiver O-DSMT voor laboratoria<\/strong> Elke partij wordt streng getest om maximale zuiverheid te garanderen, wat essentieel is voor <strong>wetenschappelijke precisietoepassingen<\/strong>.<\/li>\n<li><strong>Consistente, betrouwbare kwaliteit<\/strong> : Onze O-DSMT is geformuleerd voor stabiele prestaties, aangepast aan <strong>analytische laboratoriumonderzoeken<\/strong>.<\/li>\n<li><strong>Veilig online bestellen<\/strong> : <strong>Verdovende poeders<\/strong> vereenvoudigt<strong>O-DSMT online kopen<\/strong> door een veilig proces aan te bieden dat voldoet aan de eisen van onderzoeksprofessionals.<\/li>\n<\/ul>\n<h3>Toepassingen en veiligheidsinstructies<\/h3>\n<p>L'<strong>O-DSMT voor onderzoek<\/strong> van <strong>Verdovende poeders<\/strong> is bedoeld voor <strong>analytische toepassingen en wetenschappelijke studies<\/strong>. We geven veiligheidsaanbevelingen voor een correct en veilig gebruik:<\/p>\n<ul>\n<li><strong>Veilige opslag<\/strong> Bewaar O-DSMT op een koele, droge plaats, uit de buurt van licht.<\/li>\n<li><strong>Hantering met voorzorgsmaatregelen<\/strong> Gebruik persoonlijke beschermingsmiddelen (PPE) en werk in een goed geventileerde ruimte.<\/li>\n<li><strong>Gebruik strikt voorbehouden aan onderzoek<\/strong> Dit product is uitsluitend bedoeld voor gekwalificeerde onderzoekers en gecertificeerde laboratoria.<\/li>\n<\/ul>\n<h3>Bestel O-DSMT (Destramadol) van hoge zuiverheid voor je wetenschappelijke studies<\/h3>\n<p>Met <strong>Verdovende poeders<\/strong>profiteer je van <strong>betrouwbare levering van O-DSMT voor laboratoriumtoepassingen<\/strong>. Onze hoge kwaliteits- en veiligheidsnormen maken <strong>Verdovende poeders<\/strong> de ideale keuze voor professionals in wetenschappelijk onderzoek. <strong>Neem contact met ons op<\/strong> voor een offerte of voor meer informatie over ons assortiment van zeer zuivere producten O-DSMT (Destramadol) kopen.<\/p>","protected":false},"excerpt":{"rendered":"<p>Acheter O-DSMT [Destramadol] en ligne L&rsquo;O-Desmethyltramadol (O-DSMT) est un opio\u00efde qui a \u00e9t\u00e9 principalement utilis\u00e9 indirectement car il est un m\u00e9tabolite principal de l&rsquo;analg\u00e9sique tramadol. Depuis les ann\u00e9es 2010, il est parfois utilis\u00e9 seul car il est vendu sur le march\u00e9 gris\/march\u00e9 des produits chimiques de recherche Acheter O-DSMT (Destramadol) . Il a une dur\u00e9e&hellip;<\/p>","protected":false},"featured_media":6193,"comment_status":"open","ping_status":"closed","template":"","meta":{"_joinchat":[]},"product_cat":[558],"product_tag":[],"class_list":{"0":"post-6039","1":"product","2":"type-product","3":"status-publish","4":"has-post-thumbnail","6":"product_cat-chimiques-de-recherche","8":"first","9":"instock","10":"shipping-taxable","11":"purchasable","12":"product-type-variable","13":"col-xs-6 col-sm-4","14":"col-md-3 col-lg-3","15":"un-4-cols"},"yoast_head":"<!-- This site is optimized with the Yoast SEO plugin v23.8 - https:\/\/yoast.com\/wordpress\/plugins\/seo\/ -->\n<title>Acheter O-DSMT (Destramadol) Poudres de Narco<\/title>\n<meta name=\"description\" content=\"Fournisseur d&#039;O-DSMT (Destramadol) pour applications scientifiques en laboratoire. Puret\u00e9 et s\u00e9curit\u00e9 garanties pour recherches avanc\u00e9es chez Poudres de Narco. Acheter O-DSMT (Destramadol)\" \/>\n<meta name=\"robots\" content=\"index, follow, max-snippet:-1, max-image-preview:large, max-video-preview:-1\" \/>\n<link rel=\"canonical\" href=\"https:\/\/poudresdenarco.com\/nl\/product-2\/o-dsmt-destramadol\/\" \/>\n<meta property=\"og:locale\" content=\"nl_BE\" \/>\n<meta property=\"og:type\" content=\"article\" \/>\n<meta property=\"og:title\" content=\"Acheter O-DSMT (Destramadol) Poudres de Narco\" \/>\n<meta property=\"og:description\" content=\"Fournisseur d&#039;O-DSMT (Destramadol) pour applications scientifiques en laboratoire. Puret\u00e9 et s\u00e9curit\u00e9 garanties pour recherches avanc\u00e9es chez Poudres de Narco. Acheter O-DSMT (Destramadol)\" \/>\n<meta property=\"og:url\" content=\"https:\/\/poudresdenarco.com\/nl\/product-2\/o-dsmt-destramadol\/\" \/>\n<meta property=\"og:site_name\" content=\"Poudresde Narco\" \/>\n<meta property=\"article:modified_time\" content=\"2024-11-04T08:24:32+00:00\" \/>\n<meta property=\"og:image\" content=\"https:\/\/poudresdenarco.com\/wp-content\/uploads\/2024\/10\/O-DSMTDestramadol.gif\" \/>\n\t<meta property=\"og:image:width\" content=\"600\" \/>\n\t<meta property=\"og:image:height\" content=\"600\" \/>\n\t<meta property=\"og:image:type\" content=\"image\/gif\" \/>\n<meta name=\"twitter:card\" content=\"summary_large_image\" \/>\n<meta name=\"twitter:label1\" content=\"Geschatte leestijd\" \/>\n\t<meta name=\"twitter:data1\" content=\"3 minuten\" \/>\n<script type=\"application\/ld+json\" class=\"yoast-schema-graph\">{\"@context\":\"https:\/\/schema.org\",\"@graph\":[{\"@type\":\"WebPage\",\"@id\":\"https:\/\/poudresdenarco.com\/produit\/o-dsmt-destramadol\/\",\"url\":\"https:\/\/poudresdenarco.com\/produit\/o-dsmt-destramadol\/\",\"name\":\"Acheter O-DSMT (Destramadol) Poudres de Narco\",\"isPartOf\":{\"@id\":\"https:\/\/poudresdenarco.com\/#website\"},\"primaryImageOfPage\":{\"@id\":\"https:\/\/poudresdenarco.com\/produit\/o-dsmt-destramadol\/#primaryimage\"},\"image\":{\"@id\":\"https:\/\/poudresdenarco.com\/produit\/o-dsmt-destramadol\/#primaryimage\"},\"thumbnailUrl\":\"https:\/\/poudresdenarco.com\/wp-content\/uploads\/2024\/10\/O-DSMTDestramadol.gif\",\"datePublished\":\"2024-10-16T11:32:30+00:00\",\"dateModified\":\"2024-11-04T08:24:32+00:00\",\"description\":\"Fournisseur d'O-DSMT (Destramadol) pour applications scientifiques en laboratoire. Puret\u00e9 et s\u00e9curit\u00e9 garanties pour recherches avanc\u00e9es chez Poudres de Narco. Acheter O-DSMT (Destramadol)\",\"breadcrumb\":{\"@id\":\"https:\/\/poudresdenarco.com\/produit\/o-dsmt-destramadol\/#breadcrumb\"},\"inLanguage\":\"nl-BE\",\"potentialAction\":[{\"@type\":\"ReadAction\",\"target\":[\"https:\/\/poudresdenarco.com\/produit\/o-dsmt-destramadol\/\"]}]},{\"@type\":\"ImageObject\",\"inLanguage\":\"nl-BE\",\"@id\":\"https:\/\/poudresdenarco.com\/produit\/o-dsmt-destramadol\/#primaryimage\",\"url\":\"https:\/\/poudresdenarco.com\/wp-content\/uploads\/2024\/10\/O-DSMTDestramadol.gif\",\"contentUrl\":\"https:\/\/poudresdenarco.com\/wp-content\/uploads\/2024\/10\/O-DSMTDestramadol.gif\",\"width\":600,\"height\":600,\"caption\":\"O-DSMT[Destramadol]\"},{\"@type\":\"BreadcrumbList\",\"@id\":\"https:\/\/poudresdenarco.com\/produit\/o-dsmt-destramadol\/#breadcrumb\",\"itemListElement\":[{\"@type\":\"ListItem\",\"position\":1,\"name\":\"Home\",\"item\":\"https:\/\/poudresdenarco.com\/\"},{\"@type\":\"ListItem\",\"position\":2,\"name\":\"Boutique\",\"item\":\"https:\/\/poudresdenarco.com\/boutique\/\"},{\"@type\":\"ListItem\",\"position\":3,\"name\":\"O-DSMT [Destramadol]\"}]},{\"@type\":\"WebSite\",\"@id\":\"https:\/\/poudresdenarco.com\/#website\",\"url\":\"https:\/\/poudresdenarco.com\/\",\"name\":\"Poudresde Narco\",\"description\":\"Acheter de la coca\u00efne et de l&#039;h\u00e9ro\u00efne en ligne\",\"potentialAction\":[{\"@type\":\"SearchAction\",\"target\":{\"@type\":\"EntryPoint\",\"urlTemplate\":\"https:\/\/poudresdenarco.com\/?s={search_term_string}\"},\"query-input\":{\"@type\":\"PropertyValueSpecification\",\"valueRequired\":true,\"valueName\":\"search_term_string\"}}],\"inLanguage\":\"nl-BE\"}]}<\/script>\n<!-- \/ Yoast SEO plugin. -->","yoast_head_json":{"title":"Acheter O-DSMT (Destramadol) Poudres de Narco","description":"Fournisseur d'O-DSMT (Destramadol) pour applications scientifiques en laboratoire. Puret\u00e9 et s\u00e9curit\u00e9 garanties pour recherches avanc\u00e9es chez Poudres de Narco. Acheter O-DSMT (Destramadol)","robots":{"index":"index","follow":"follow","max-snippet":"max-snippet:-1","max-image-preview":"max-image-preview:large","max-video-preview":"max-video-preview:-1"},"canonical":"https:\/\/poudresdenarco.com\/nl\/product-2\/o-dsmt-destramadol\/","og_locale":"nl_BE","og_type":"article","og_title":"Acheter O-DSMT (Destramadol) Poudres de Narco","og_description":"Fournisseur d'O-DSMT (Destramadol) pour applications scientifiques en laboratoire. Puret\u00e9 et s\u00e9curit\u00e9 garanties pour recherches avanc\u00e9es chez Poudres de Narco. Acheter O-DSMT (Destramadol)","og_url":"https:\/\/poudresdenarco.com\/nl\/product-2\/o-dsmt-destramadol\/","og_site_name":"Poudresde Narco","article_modified_time":"2024-11-04T08:24:32+00:00","og_image":[{"width":600,"height":600,"url":"https:\/\/poudresdenarco.com\/wp-content\/uploads\/2024\/10\/O-DSMTDestramadol.gif","type":"image\/gif"}],"twitter_card":"summary_large_image","twitter_misc":{"Geschatte leestijd":"3 minuten"},"schema":{"@context":"https:\/\/schema.org","@graph":[{"@type":"WebPage","@id":"https:\/\/poudresdenarco.com\/produit\/o-dsmt-destramadol\/","url":"https:\/\/poudresdenarco.com\/produit\/o-dsmt-destramadol\/","name":"Acheter O-DSMT (Destramadol) Poudres de Narco","isPartOf":{"@id":"https:\/\/poudresdenarco.com\/#website"},"primaryImageOfPage":{"@id":"https:\/\/poudresdenarco.com\/produit\/o-dsmt-destramadol\/#primaryimage"},"image":{"@id":"https:\/\/poudresdenarco.com\/produit\/o-dsmt-destramadol\/#primaryimage"},"thumbnailUrl":"https:\/\/poudresdenarco.com\/wp-content\/uploads\/2024\/10\/O-DSMTDestramadol.gif","datePublished":"2024-10-16T11:32:30+00:00","dateModified":"2024-11-04T08:24:32+00:00","description":"Fournisseur d'O-DSMT (Destramadol) pour applications scientifiques en laboratoire. Puret\u00e9 et s\u00e9curit\u00e9 garanties pour recherches avanc\u00e9es chez Poudres de Narco. Acheter O-DSMT (Destramadol)","breadcrumb":{"@id":"https:\/\/poudresdenarco.com\/produit\/o-dsmt-destramadol\/#breadcrumb"},"inLanguage":"nl-BE","potentialAction":[{"@type":"ReadAction","target":["https:\/\/poudresdenarco.com\/produit\/o-dsmt-destramadol\/"]}]},{"@type":"ImageObject","inLanguage":"nl-BE","@id":"https:\/\/poudresdenarco.com\/produit\/o-dsmt-destramadol\/#primaryimage","url":"https:\/\/poudresdenarco.com\/wp-content\/uploads\/2024\/10\/O-DSMTDestramadol.gif","contentUrl":"https:\/\/poudresdenarco.com\/wp-content\/uploads\/2024\/10\/O-DSMTDestramadol.gif","width":600,"height":600,"caption":"O-DSMT[Destramadol]"},{"@type":"BreadcrumbList","@id":"https:\/\/poudresdenarco.com\/produit\/o-dsmt-destramadol\/#breadcrumb","itemListElement":[{"@type":"ListItem","position":1,"name":"Home","item":"https:\/\/poudresdenarco.com\/"},{"@type":"ListItem","position":2,"name":"Boutique","item":"https:\/\/poudresdenarco.com\/boutique\/"},{"@type":"ListItem","position":3,"name":"O-DSMT [Destramadol]"}]},{"@type":"WebSite","@id":"https:\/\/poudresdenarco.com\/#website","url":"https:\/\/poudresdenarco.com\/","name":"Poudresde Narco","description":"Acheter de la coca\u00efne et de l&#039;h\u00e9ro\u00efne en ligne","potentialAction":[{"@type":"SearchAction","target":{"@type":"EntryPoint","urlTemplate":"https:\/\/poudresdenarco.com\/?s={search_term_string}"},"query-input":{"@type":"PropertyValueSpecification","valueRequired":true,"valueName":"search_term_string"}}],"inLanguage":"nl-BE"}]}},"_links":{"self":[{"href":"https:\/\/poudresdenarco.com\/nl\/wp-json\/wp\/v2\/product\/6039","targetHints":{"allow":["GET"]}}],"collection":[{"href":"https:\/\/poudresdenarco.com\/nl\/wp-json\/wp\/v2\/product"}],"about":[{"href":"https:\/\/poudresdenarco.com\/nl\/wp-json\/wp\/v2\/types\/product"}],"replies":[{"embeddable":true,"href":"https:\/\/poudresdenarco.com\/nl\/wp-json\/wp\/v2\/comments?post=6039"}],"wp:featuredmedia":[{"embeddable":true,"href":"https:\/\/poudresdenarco.com\/nl\/wp-json\/wp\/v2\/media\/6193"}],"wp:attachment":[{"href":"https:\/\/poudresdenarco.com\/nl\/wp-json\/wp\/v2\/media?parent=6039"}],"wp:term":[{"taxonomy":"product_cat","embeddable":true,"href":"https:\/\/poudresdenarco.com\/nl\/wp-json\/wp\/v2\/product_cat?post=6039"},{"taxonomy":"product_tag","embeddable":true,"href":"https:\/\/poudresdenarco.com\/nl\/wp-json\/wp\/v2\/product_tag?post=6039"}],"curies":[{"name":"wp","href":"https:\/\/api.w.org\/{rel}","templated":true}]}}