{"id":6040,"date":"2024-10-16T11:32:31","date_gmt":"2024-10-16T11:32:31","guid":{"rendered":"https:\/\/poudresdenarco.com\/?post_type=product&#038;p=6040"},"modified":"2024-11-02T12:23:46","modified_gmt":"2024-11-02T12:23:46","slug":"2c-b","status":"publish","type":"product","link":"https:\/\/poudresdenarco.com\/nl\/product-2\/2c-b\/","title":{"rendered":"2c-B"},"content":{"rendered":"<h2>2c-B (2-Aminoindaan)<br \/>\nBeschrijving<\/h2>\n<p><a href=\"https:\/\/poudresdenarco.com\/nl\/product-2\/2c-b\/\">2c-B<\/a> Vanwege het gebrek aan onderzoek naar de stof is elke discussie over de farmacologie ervan puur gebaseerd op de structuur en de overeenkomsten in subjectieve effecten met andere stimulerende middelen zoals amfetamine, methamfetamine en Buy 2C-B.<\/p>\n<p>2c-B werkt waarschijnlijk zowel als dopamine- en noradrenaline-afgevend middel.<\/p>\n<p>2c-B verhoogt effectief het niveau van de neurotransmitters noradrenaline en dopamine in de hersenen door de transporteiwitten die deze monoamines normaal gesproken uit de synaptische spleet verwijderen, te binden en gedeeltelijk te blokkeren. <a href=\"https:\/\/poudresdenarco.com\/nl\/\">PoederDenarco<\/a><\/p>\n<p>Hierdoor kunnen dopamine en noradrenaline zich opbouwen in de hersenen, wat leidt tot stimulerende en euforische effecten.<\/p>\n<h3>Fysieke effecten van 2c-B<\/h3>\n<p>2c-B stimulatie - Wat betreft het effect op het fysieke energieniveau van de gebruiker, wordt 2c-B over het algemeen beschouwd als energiek en stimulerend op een manier die vergelijkbaar is met amfetamine, maar sterker dan modafinil of cafe\u00efne.<\/p>\n<p>Het is vergelijkbaar met, maar verschillend van de stimulatie die wordt ervaren met MDMA, en stimuleert lichamelijke activiteiten zoals dansen, socialiseren, hardlopen of huishoudelijk werk.<\/p>\n<p>De specifieke stimulatiestijl van de 2-AI kan worden omschreven als geforceerd.<\/p>\n<p>Dit betekent dat het bij hogere doseringen moeilijk of zelfs onmogelijk wordt om stil te staan, omdat kaakklemmen, onwillekeurige lichaamstrillingen en trillingen optreden, wat leidt tot extreem trillen van het hele lichaam, instabiliteit van de handen en een algemeen gebrek aan motorische controle.<\/p>\n<p>Pijnverlichting voor<a href=\"https:\/\/en.wikipedia.org\/wiki\/2C-B\"> 2c-B<\/a> - Talloze anekdotische rapporten suggereren dat deze stof pijn kan onderdrukken op een manier die enigszins vergelijkbaar is met opio\u00efden zonder de duidelijke lichamelijke euforie.<\/p>\n<p><strong>Koop hoge zuiverheid 2C-B voor onderzoek - Narco Powders<\/strong><\/p>\n<p>Poudres de Narco is je vertrouwde bron voor <strong>2C-B onderzoekskwaliteit<\/strong>uitsluitend voor <strong>laboratoriumtoepassingen en wetenschappelijke studies<\/strong>. Ons 2C-B wordt geproduceerd volgens strikte zuiverheidsnormen en garandeert betrouwbare resultaten voor onderzoekers in de chemie en farmacologie, die producten van consistente, veilige kwaliteit nodig hebben.<\/p>\n<h3>Waarom kiezen voor 2C-B van Poudres de Narco?<\/h3>\n<p>Als <strong>leverancier van 2C-B voor onderzoek<\/strong>We streven ernaar een product aan te bieden dat getest is en voldoet aan de hoogste veiligheidsnormen voor onderzoeksomgevingen:<\/p>\n<ul>\n<li><strong>Hoge zuiverheid<\/strong> Elke partij 2C-B wordt nauwkeurig geanalyseerd om een maximale zuiverheid te garanderen, wat essentieel is voor nauwkeurige experimenten.<\/li>\n<li><strong>Constante kwaliteit<\/strong> Onze 2C-B is ontworpen om consistente resultaten te leveren in gespecialiseerde onderzoekslaboratoria.<\/li>\n<li><strong>Veilig bestellen<\/strong> We maken het gemakkelijker om<strong>aankoop van 2C-B voor wetenschappelijke toepassingen<\/strong>met een veilig en vertrouwelijk bestelproces.<\/li>\n<\/ul>\n<h3>Toepassingen en veiligheidsinstructies<\/h3>\n<p>Le <strong>2C-B<\/strong> van verdovende poeders is bedoeld voor laboratoriumonderzoekers voor <strong>analytische toepassingen<\/strong> en <strong>chemische studies<\/strong>. Voor een veilig en juist gebruik geven we aanbevelingen voor het gebruik:<\/p>\n<ul>\n<li><strong>Veilige opslag<\/strong> Bewaar 2C-B op een koele, droge plaats uit de buurt van direct licht.<\/li>\n<li><strong>Voorzichtig behandelen<\/strong> Gebruik persoonlijke beschermingsmiddelen (PPE) en werk in een goed geventileerde omgeving.<\/li>\n<li><strong>Gebruik strikt voorbehouden aan onderzoek<\/strong> Dit product is bedoeld voor gebruik door laboratoria en geautoriseerde onderzoekers in gecontroleerde omgevingen Buy 2C-B.<\/li>\n<\/ul>\n<h3>Bestel 2C-B voor uw onderzoek<\/h3>\n<p>Poudres de Narco biedt u een betrouwbare oplossing voor de levering van <strong>Hoogzuiver 2C-B<\/strong>. <strong>Neem contact met ons op<\/strong> voor meer informatie of een offerte voor onze reeks producten voor laboratoriumtoepassingen.<\/p>\n<p>&nbsp;<\/p>","protected":false},"excerpt":{"rendered":"<p>2c-B (2-Aminoindane) Description 2c-B en raison du manque de recherche concernant la substance, toute discussion concernant sa pharmacologie est purement bas\u00e9e sur sa structure et ses similitudes d&rsquo;effets subjectifs avec d&rsquo;autres stimulants tels que l&rsquo;amph\u00e9tamine, la m\u00e9thamph\u00e9tamine et le Acheter 2C-B. Le 2c-B agit tr\u00e8s probablement \u00e0 la fois comme un agent lib\u00e9rateur de dopamine&hellip;<\/p>","protected":false},"featured_media":6199,"comment_status":"open","ping_status":"closed","template":"","meta":{"_joinchat":[]},"product_cat":[744],"product_tag":[],"class_list":{"0":"post-6040","1":"product","2":"type-product","3":"status-publish","4":"has-post-thumbnail","6":"product_cat-cocaine","8":"first","9":"instock","10":"shipping-taxable","11":"purchasable","12":"product-type-variable","13":"col-xs-6 col-sm-4","14":"col-md-3 col-lg-3","15":"un-4-cols"},"yoast_head":"<!-- This site is optimized with the Yoast SEO plugin v23.8 - https:\/\/yoast.com\/wordpress\/plugins\/seo\/ -->\n<title>Acheter 2C-B de Qualit\u00e9 pour la Recherche | Poudres de Narco<\/title>\n<meta name=\"description\" content=\"Fournisseur de 2C-B pour la recherche scientifique. Puret\u00e9 garantie pour applications en laboratoire chez Poudres de Narco.\" \/>\n<meta name=\"robots\" content=\"index, follow, max-snippet:-1, max-image-preview:large, max-video-preview:-1\" \/>\n<link rel=\"canonical\" href=\"https:\/\/poudresdenarco.com\/nl\/product-2\/2c-b\/\" \/>\n<meta property=\"og:locale\" content=\"nl_BE\" \/>\n<meta property=\"og:type\" content=\"article\" \/>\n<meta property=\"og:title\" content=\"Acheter 2C-B de Qualit\u00e9 pour la Recherche | Poudres de Narco\" \/>\n<meta property=\"og:description\" content=\"Fournisseur de 2C-B pour la recherche scientifique. Puret\u00e9 garantie pour applications en laboratoire chez Poudres de Narco.\" \/>\n<meta property=\"og:url\" content=\"https:\/\/poudresdenarco.com\/nl\/product-2\/2c-b\/\" \/>\n<meta property=\"og:site_name\" content=\"Poudresde Narco\" \/>\n<meta property=\"article:modified_time\" content=\"2024-11-02T12:23:46+00:00\" \/>\n<meta property=\"og:image\" content=\"https:\/\/poudresdenarco.com\/wp-content\/uploads\/2024\/10\/2c-B.gif\" \/>\n\t<meta property=\"og:image:width\" content=\"600\" \/>\n\t<meta property=\"og:image:height\" content=\"600\" \/>\n\t<meta property=\"og:image:type\" content=\"image\/gif\" \/>\n<meta name=\"twitter:card\" content=\"summary_large_image\" \/>\n<meta name=\"twitter:label1\" content=\"Geschatte leestijd\" \/>\n\t<meta name=\"twitter:data1\" content=\"3 minuten\" \/>\n<script type=\"application\/ld+json\" class=\"yoast-schema-graph\">{\"@context\":\"https:\/\/schema.org\",\"@graph\":[{\"@type\":\"WebPage\",\"@id\":\"https:\/\/poudresdenarco.com\/produit\/2c-b\/\",\"url\":\"https:\/\/poudresdenarco.com\/produit\/2c-b\/\",\"name\":\"Acheter 2C-B de Qualit\u00e9 pour la Recherche | Poudres de Narco\",\"isPartOf\":{\"@id\":\"https:\/\/poudresdenarco.com\/#website\"},\"primaryImageOfPage\":{\"@id\":\"https:\/\/poudresdenarco.com\/produit\/2c-b\/#primaryimage\"},\"image\":{\"@id\":\"https:\/\/poudresdenarco.com\/produit\/2c-b\/#primaryimage\"},\"thumbnailUrl\":\"https:\/\/poudresdenarco.com\/wp-content\/uploads\/2024\/10\/2c-B.gif\",\"datePublished\":\"2024-10-16T11:32:31+00:00\",\"dateModified\":\"2024-11-02T12:23:46+00:00\",\"description\":\"Fournisseur de 2C-B pour la recherche scientifique. Puret\u00e9 garantie pour applications en laboratoire chez Poudres de Narco.\",\"breadcrumb\":{\"@id\":\"https:\/\/poudresdenarco.com\/produit\/2c-b\/#breadcrumb\"},\"inLanguage\":\"nl-BE\",\"potentialAction\":[{\"@type\":\"ReadAction\",\"target\":[\"https:\/\/poudresdenarco.com\/produit\/2c-b\/\"]}]},{\"@type\":\"ImageObject\",\"inLanguage\":\"nl-BE\",\"@id\":\"https:\/\/poudresdenarco.com\/produit\/2c-b\/#primaryimage\",\"url\":\"https:\/\/poudresdenarco.com\/wp-content\/uploads\/2024\/10\/2c-B.gif\",\"contentUrl\":\"https:\/\/poudresdenarco.com\/wp-content\/uploads\/2024\/10\/2c-B.gif\",\"width\":600,\"height\":600,\"caption\":\"2c-B\"},{\"@type\":\"BreadcrumbList\",\"@id\":\"https:\/\/poudresdenarco.com\/produit\/2c-b\/#breadcrumb\",\"itemListElement\":[{\"@type\":\"ListItem\",\"position\":1,\"name\":\"Home\",\"item\":\"https:\/\/poudresdenarco.com\/\"},{\"@type\":\"ListItem\",\"position\":2,\"name\":\"Boutique\",\"item\":\"https:\/\/poudresdenarco.com\/boutique\/\"},{\"@type\":\"ListItem\",\"position\":3,\"name\":\"2c-B\"}]},{\"@type\":\"WebSite\",\"@id\":\"https:\/\/poudresdenarco.com\/#website\",\"url\":\"https:\/\/poudresdenarco.com\/\",\"name\":\"Poudresde Narco\",\"description\":\"Acheter de la coca\u00efne et de l&#039;h\u00e9ro\u00efne en ligne\",\"potentialAction\":[{\"@type\":\"SearchAction\",\"target\":{\"@type\":\"EntryPoint\",\"urlTemplate\":\"https:\/\/poudresdenarco.com\/?s={search_term_string}\"},\"query-input\":{\"@type\":\"PropertyValueSpecification\",\"valueRequired\":true,\"valueName\":\"search_term_string\"}}],\"inLanguage\":\"nl-BE\"}]}<\/script>\n<!-- \/ Yoast SEO plugin. -->","yoast_head_json":{"title":"Acheter 2C-B de Qualit\u00e9 pour la Recherche | Poudres de Narco","description":"Fournisseur de 2C-B pour la recherche scientifique. Puret\u00e9 garantie pour applications en laboratoire chez Poudres de Narco.","robots":{"index":"index","follow":"follow","max-snippet":"max-snippet:-1","max-image-preview":"max-image-preview:large","max-video-preview":"max-video-preview:-1"},"canonical":"https:\/\/poudresdenarco.com\/nl\/product-2\/2c-b\/","og_locale":"nl_BE","og_type":"article","og_title":"Acheter 2C-B de Qualit\u00e9 pour la Recherche | Poudres de Narco","og_description":"Fournisseur de 2C-B pour la recherche scientifique. Puret\u00e9 garantie pour applications en laboratoire chez Poudres de Narco.","og_url":"https:\/\/poudresdenarco.com\/nl\/product-2\/2c-b\/","og_site_name":"Poudresde Narco","article_modified_time":"2024-11-02T12:23:46+00:00","og_image":[{"width":600,"height":600,"url":"https:\/\/poudresdenarco.com\/wp-content\/uploads\/2024\/10\/2c-B.gif","type":"image\/gif"}],"twitter_card":"summary_large_image","twitter_misc":{"Geschatte leestijd":"3 minuten"},"schema":{"@context":"https:\/\/schema.org","@graph":[{"@type":"WebPage","@id":"https:\/\/poudresdenarco.com\/produit\/2c-b\/","url":"https:\/\/poudresdenarco.com\/produit\/2c-b\/","name":"Acheter 2C-B de Qualit\u00e9 pour la Recherche | Poudres de Narco","isPartOf":{"@id":"https:\/\/poudresdenarco.com\/#website"},"primaryImageOfPage":{"@id":"https:\/\/poudresdenarco.com\/produit\/2c-b\/#primaryimage"},"image":{"@id":"https:\/\/poudresdenarco.com\/produit\/2c-b\/#primaryimage"},"thumbnailUrl":"https:\/\/poudresdenarco.com\/wp-content\/uploads\/2024\/10\/2c-B.gif","datePublished":"2024-10-16T11:32:31+00:00","dateModified":"2024-11-02T12:23:46+00:00","description":"Fournisseur de 2C-B pour la recherche scientifique. Puret\u00e9 garantie pour applications en laboratoire chez Poudres de Narco.","breadcrumb":{"@id":"https:\/\/poudresdenarco.com\/produit\/2c-b\/#breadcrumb"},"inLanguage":"nl-BE","potentialAction":[{"@type":"ReadAction","target":["https:\/\/poudresdenarco.com\/produit\/2c-b\/"]}]},{"@type":"ImageObject","inLanguage":"nl-BE","@id":"https:\/\/poudresdenarco.com\/produit\/2c-b\/#primaryimage","url":"https:\/\/poudresdenarco.com\/wp-content\/uploads\/2024\/10\/2c-B.gif","contentUrl":"https:\/\/poudresdenarco.com\/wp-content\/uploads\/2024\/10\/2c-B.gif","width":600,"height":600,"caption":"2c-B"},{"@type":"BreadcrumbList","@id":"https:\/\/poudresdenarco.com\/produit\/2c-b\/#breadcrumb","itemListElement":[{"@type":"ListItem","position":1,"name":"Home","item":"https:\/\/poudresdenarco.com\/"},{"@type":"ListItem","position":2,"name":"Boutique","item":"https:\/\/poudresdenarco.com\/boutique\/"},{"@type":"ListItem","position":3,"name":"2c-B"}]},{"@type":"WebSite","@id":"https:\/\/poudresdenarco.com\/#website","url":"https:\/\/poudresdenarco.com\/","name":"Poudresde Narco","description":"Acheter de la coca\u00efne et de l&#039;h\u00e9ro\u00efne en ligne","potentialAction":[{"@type":"SearchAction","target":{"@type":"EntryPoint","urlTemplate":"https:\/\/poudresdenarco.com\/?s={search_term_string}"},"query-input":{"@type":"PropertyValueSpecification","valueRequired":true,"valueName":"search_term_string"}}],"inLanguage":"nl-BE"}]}},"_links":{"self":[{"href":"https:\/\/poudresdenarco.com\/nl\/wp-json\/wp\/v2\/product\/6040","targetHints":{"allow":["GET"]}}],"collection":[{"href":"https:\/\/poudresdenarco.com\/nl\/wp-json\/wp\/v2\/product"}],"about":[{"href":"https:\/\/poudresdenarco.com\/nl\/wp-json\/wp\/v2\/types\/product"}],"replies":[{"embeddable":true,"href":"https:\/\/poudresdenarco.com\/nl\/wp-json\/wp\/v2\/comments?post=6040"}],"wp:featuredmedia":[{"embeddable":true,"href":"https:\/\/poudresdenarco.com\/nl\/wp-json\/wp\/v2\/media\/6199"}],"wp:attachment":[{"href":"https:\/\/poudresdenarco.com\/nl\/wp-json\/wp\/v2\/media?parent=6040"}],"wp:term":[{"taxonomy":"product_cat","embeddable":true,"href":"https:\/\/poudresdenarco.com\/nl\/wp-json\/wp\/v2\/product_cat?post=6040"},{"taxonomy":"product_tag","embeddable":true,"href":"https:\/\/poudresdenarco.com\/nl\/wp-json\/wp\/v2\/product_tag?post=6040"}],"curies":[{"name":"wp","href":"https:\/\/api.w.org\/{rel}","templated":true}]}}