{"id":6044,"date":"2024-10-16T11:32:31","date_gmt":"2024-10-16T11:32:31","guid":{"rendered":"https:\/\/poudresdenarco.com\/?post_type=product&#038;p=6044"},"modified":"2026-01-23T08:05:46","modified_gmt":"2026-01-23T08:05:46","slug":"mdphp-free-base","status":"publish","type":"product","link":"https:\/\/poudresdenarco.com\/nl\/product-2\/mdphp-free-base\/","title":{"rendered":"Mdphp vrij-basis"},"content":{"rendered":"<h2>MDPHP Free-Base online kopen<\/h2>\n<p>kopen <a href=\"https:\/\/poudresdenarco.com\/nl\/product-2\/mdphp-free-base\/\">MDPHP<\/a> is een nauwe verwant van een bekender stimulerend middel, MDPV, dat oorspronkelijk werd ontwikkeld door een Duits farmaceutisch bedrijf in de jaren '60 MDPHP Free-Bas<a href=\"https:\/\/cokebricks.com\/de\/produkt\/etizolam\/\">.<\/a><\/p>\n<p>MDPHP, ook bekend als (3\u2032,4\u2032-methyleendioxy-\u03b1-pyrrolidinohexiofenon) of \"Apenstof\", werkt als een noradrenaline en dopamine heropname remmer (NDRI) en lijkt in zijn hydrochloride (HCL) toestand op een zeer fijn kristallijn poeder. Er is veel informatie over MDPHP en de effecten ervan te vinden in onderzoeken op verschillende internetfora en in wetenschappelijke studies, maar de toekomstige legaliteit en mogelijke opname in de opiumwet blijft onduidelijk. Op dit moment blijft het legaal in een groot deel van Europa, dus bij Chemical Planet zijn we blij om laboratorium-grade MDPHP poeder aan te bieden voor onderzoeksdoeleinden. Meer technische informatie vind je hieronder!<\/p>\n<p>IUPAC-naam: 3\u2032,4\u2032-methyleendioxy-\u03b1-pyrrolidinohexiofenon<\/p>\n<p>CAS-nummer: 776994-64-0<\/p>\n<p>Vorm: vrije basis<\/p>\n<p>NMR analyse: C17H23NO3<\/p>\n<p>Veiligheidsmaatregelen<\/p>\n<p>Het is raadzaam om handschoenen, een veiligheidsbril en een ademhalingstoestel te gebruiken bij het werken met MDPHP-poeder in het laboratorium; het is een fijn poeder dat gemakkelijk in de lucht terecht kan komen en per ongeluk kan worden ingeademd.<\/p>\n<p>In geval van accidentele blootstelling is het raadzaam om het productetiket (met IUPAC- en CAS-informatie) te tonen aan professionals in de gezondheidszorg.<\/p>\n<p>Onbedoeld contact met de ogen moet onmiddellijk worden behandeld door te spoelen met veel water na het verwijderen van de contactlenzen.<\/p>\n<h3><strong>Koop Hoge Zuiverheid Free-Base MDPHP voor Onderzoek - Narcopoeders<\/strong><\/h3>\n<p><strong>Verdovende poeders<\/strong> is uw vertrouwde leverancier voor <strong>MDPHP Free-Base kwaliteitsonderzoek<\/strong>speciaal ontworpen voor <strong>wetenschappelijke laboratoriumtoepassingen<\/strong>. Onze MDPHP Free-Base wordt geproduceerd volgens strenge zuiverheids- en kwaliteitsnormen en garandeert betrouwbare resultaten voor onderzoekers in de chemie en farmacologie, MDPHP Free-Base kopen.<\/p>\n<h3>Waarom kiezen voor MDPHP Free-Base de Poudres de Narco?<\/h3>\n<p>Als <strong>aanbieder van MDPHP Free-Base voor onderzoek<\/strong>, <strong>Verdovende poeders<\/strong> garandeert streng geteste producten die voldoen aan de eisen van de <strong>gecertificeerde laboratoria<\/strong> :<\/p>\n<ul>\n<li><strong>Hoogzuiver MDPHP op vrije basis voor laboratoria<\/strong> Elke partij wordt streng getest om een optimale zuiverheid te garanderen, wat essentieel is voor <strong>wetenschappelijke precisietoepassingen<\/strong>.<\/li>\n<li><strong>Consistente, betrouwbare kwaliteit<\/strong> : Onze MDPHP met vrije basis is geformuleerd om stabiele, betrouwbare prestaties te leveren voor <strong>analytische laboratoriumonderzoeken<\/strong>.<\/li>\n<li><strong>Veilig online bestellen<\/strong> : <strong>Verdovende poeders<\/strong> biedt een veilig en vereenvoudigd proces voor de<strong>MDPHP Free-Base online kopen<\/strong>zorgen voor veiligheid en compliance voor onderzoeksprofessionals.<\/li>\n<\/ul>\n<h3>Toepassingen en veiligheidsinstructies<\/h3>\n<p>Le <strong>MDPHP Free-Base voor zoeken<\/strong> van <strong>Verdovende poeders<\/strong> is ontworpen voor <strong>analytische toepassingen en wetenschappelijke studies<\/strong>. Voor een veilig en juist gebruik geven we gedetailleerde veiligheidsinstructies:<\/p>\n<ul>\n<li><strong>Veilige opslag<\/strong> Bewaar MDPHP Free-Base op een koele, droge plaats uit de buurt van licht om de kwaliteit te behouden.<\/li>\n<li><strong>Hantering met voorzorgsmaatregelen<\/strong> Gebruik persoonlijke beschermingsmiddelen (PPE) en werk in een goed geventileerde omgeving om de veiligheid te garanderen.<\/li>\n<li><strong>Gebruik strikt voorbehouden aan onderzoek<\/strong> Dit product is uitsluitend bedoeld voor gekwalificeerde onderzoekers en gecertificeerde laboratoria.<\/li>\n<\/ul>\n<h3>Bestel MDPHP met hoge zuiverheidsgraad voor uw wetenschappelijke studies<\/h3>\n<p>Met <strong>Verdovende poeders<\/strong>profiteren van <strong>betrouwbare levering van MDPHP op vrije basis voor laboratoriumtoepassingen<\/strong>. Onze hoge kwaliteits- en veiligheidsnormen maken <strong>Verdovende poeders<\/strong> de vertrouwde keuze voor onderzoeksprofessionals. <strong>Neem contact met ons op<\/strong> voor een offerte of om meer te weten te komen over ons assortiment hoogzuivere producten voor wetenschappelijk onderzoek.<\/p>\n<hr \/>\n<h3>Waar kan ik MDPHP kopen?<\/h3>\n<p>Op <a href=\"https:\/\/poudresdenarco.com\/nl\/\">PoederDenarco<\/a>We zijn er trots op dat we MDPHP van laboratoriumkwaliteit van de hoogste kwaliteit kunnen aanbieden. PoudresDenarco is de eerste optie voor mensen die onderzoekschemicali\u00ebn willen kopen. We testen al onze inventaris rigoureus met GC MS voordat we het vrijgeven voor verkoop.<\/p>\n<p>Houd er rekening mee dat je 18 jaar of ouder moet zijn om te kopen <a href=\"https:\/\/en.wikipedia.org\/wiki\/MDPHP\">MDPHP<\/a> van PoudresDenarco. Alle verkochte onderzoekschemicali\u00ebn zijn uitsluitend bedoeld voor gebruik in laboratoriumonderzoek en zijn strikt niet voor menselijke consumptie.<\/p>\n<h3>Is het MDPHP legaal?<\/h3>\n<p>Met betrekking tot de legaliteit van de MDPHP raden wij u ten zeerste aan om de toepasselijke wetgeving in uw land van verblijf\/afleveradres te raadplegen.<\/p>\n<p>We doen er alles aan om het risico voor onze klanten tot een minimum te beperken door onze actieve verzendbeperkingen.<\/p>\n<p>De wetgeving verandert echter voortdurend wereldwijd en PoudresDenarco kan geen verantwoordelijkheid aanvaarden voor eventuele complicaties. Uiteindelijk is het de verantwoordelijkheid van de koper om ervoor te zorgen dat het product niet in strijd is met de wetten of wetgeving van de plaats van bestemming van de zending Koop MDPHP Free-Bas.<\/p>","protected":false},"excerpt":{"rendered":"<p>Acheter MDPHP Free-Base en ligne Acheter MDPHP est un proche parent d&rsquo;un stimulant plus connu, le MDPV, qui a \u00e9t\u00e9 d\u00e9velopp\u00e9 \u00e0 l&rsquo;origine par une soci\u00e9t\u00e9 pharmaceutique allemande dans les ann\u00e9es 1960 Acheter MDPHP Free-Bas. \u00c9galement connu sous le nom de (3&prime;,4&prime;-m\u00e9thyl\u00e8nedioxy-\u03b1-pyrrolidinohexioph\u00e9none) ou \u00ab Monkey Dust \u00bb, le MDPHP agit comme un inhibiteur de la&hellip;<\/p>","protected":false},"featured_media":6195,"comment_status":"open","ping_status":"closed","template":"","meta":{"_joinchat":[]},"product_cat":[558],"product_tag":[],"class_list":{"0":"post-6044","1":"product","2":"type-product","3":"status-publish","4":"has-post-thumbnail","6":"product_cat-chimiques-de-recherche","8":"first","9":"instock","10":"shipping-taxable","11":"purchasable","12":"product-type-variable","13":"col-xs-6 col-sm-4","14":"col-md-3 col-lg-3","15":"un-4-cols"},"yoast_head":"<!-- This site is optimized with the Yoast SEO plugin v23.8 - https:\/\/yoast.com\/wordpress\/plugins\/seo\/ -->\n<title>Acheter MDPHP Free-Base | Poudres de Narco<\/title>\n<meta name=\"description\" content=\"Fournisseur de MDPHP Free-Base pour applications scientifiques en laboratoire. Puret\u00e9 et s\u00e9curit\u00e9 garanties pour recherches avanc\u00e9es chez Poudres de Narco. Acheter MDPHP Free-Bas\" \/>\n<meta name=\"robots\" content=\"index, follow, max-snippet:-1, max-image-preview:large, max-video-preview:-1\" \/>\n<link rel=\"canonical\" href=\"https:\/\/poudresdenarco.com\/nl\/product-2\/mdphp-free-base\/\" \/>\n<meta property=\"og:locale\" content=\"nl_BE\" \/>\n<meta property=\"og:type\" content=\"article\" \/>\n<meta property=\"og:title\" content=\"Acheter MDPHP Free-Base | Poudres de Narco\" \/>\n<meta property=\"og:description\" content=\"Fournisseur de MDPHP Free-Base pour applications scientifiques en laboratoire. Puret\u00e9 et s\u00e9curit\u00e9 garanties pour recherches avanc\u00e9es chez Poudres de Narco. Acheter MDPHP Free-Bas\" \/>\n<meta property=\"og:url\" content=\"https:\/\/poudresdenarco.com\/nl\/product-2\/mdphp-free-base\/\" \/>\n<meta property=\"og:site_name\" content=\"Poudresde Narco\" \/>\n<meta property=\"article:modified_time\" content=\"2026-01-23T08:05:46+00:00\" \/>\n<meta property=\"og:image\" content=\"https:\/\/poudresdenarco.com\/wp-content\/uploads\/2024\/10\/Mdphp-free-base.gif\" \/>\n\t<meta property=\"og:image:width\" content=\"600\" \/>\n\t<meta property=\"og:image:height\" content=\"600\" \/>\n\t<meta property=\"og:image:type\" content=\"image\/gif\" \/>\n<meta name=\"twitter:card\" content=\"summary_large_image\" \/>\n<meta name=\"twitter:label1\" content=\"Geschatte leestijd\" \/>\n\t<meta name=\"twitter:data1\" content=\"4 minuten\" \/>\n<script type=\"application\/ld+json\" class=\"yoast-schema-graph\">{\"@context\":\"https:\/\/schema.org\",\"@graph\":[{\"@type\":\"WebPage\",\"@id\":\"https:\/\/poudresdenarco.com\/produit\/mdphp-free-base\/\",\"url\":\"https:\/\/poudresdenarco.com\/produit\/mdphp-free-base\/\",\"name\":\"Acheter MDPHP Free-Base | Poudres de Narco\",\"isPartOf\":{\"@id\":\"https:\/\/poudresdenarco.com\/#website\"},\"primaryImageOfPage\":{\"@id\":\"https:\/\/poudresdenarco.com\/produit\/mdphp-free-base\/#primaryimage\"},\"image\":{\"@id\":\"https:\/\/poudresdenarco.com\/produit\/mdphp-free-base\/#primaryimage\"},\"thumbnailUrl\":\"https:\/\/poudresdenarco.com\/wp-content\/uploads\/2024\/10\/Mdphp-free-base.gif\",\"datePublished\":\"2024-10-16T11:32:31+00:00\",\"dateModified\":\"2026-01-23T08:05:46+00:00\",\"description\":\"Fournisseur de MDPHP Free-Base pour applications scientifiques en laboratoire. Puret\u00e9 et s\u00e9curit\u00e9 garanties pour recherches avanc\u00e9es chez Poudres de Narco. Acheter MDPHP Free-Bas\",\"breadcrumb\":{\"@id\":\"https:\/\/poudresdenarco.com\/produit\/mdphp-free-base\/#breadcrumb\"},\"inLanguage\":\"nl-BE\",\"potentialAction\":[{\"@type\":\"ReadAction\",\"target\":[\"https:\/\/poudresdenarco.com\/produit\/mdphp-free-base\/\"]}]},{\"@type\":\"ImageObject\",\"inLanguage\":\"nl-BE\",\"@id\":\"https:\/\/poudresdenarco.com\/produit\/mdphp-free-base\/#primaryimage\",\"url\":\"https:\/\/poudresdenarco.com\/wp-content\/uploads\/2024\/10\/Mdphp-free-base.gif\",\"contentUrl\":\"https:\/\/poudresdenarco.com\/wp-content\/uploads\/2024\/10\/Mdphp-free-base.gif\",\"width\":600,\"height\":600,\"caption\":\"Mdphp-free-base\"},{\"@type\":\"BreadcrumbList\",\"@id\":\"https:\/\/poudresdenarco.com\/produit\/mdphp-free-base\/#breadcrumb\",\"itemListElement\":[{\"@type\":\"ListItem\",\"position\":1,\"name\":\"Home\",\"item\":\"https:\/\/poudresdenarco.com\/\"},{\"@type\":\"ListItem\",\"position\":2,\"name\":\"Boutique\",\"item\":\"https:\/\/poudresdenarco.com\/boutique\/\"},{\"@type\":\"ListItem\",\"position\":3,\"name\":\"Mdphp free-base\"}]},{\"@type\":\"WebSite\",\"@id\":\"https:\/\/poudresdenarco.com\/#website\",\"url\":\"https:\/\/poudresdenarco.com\/\",\"name\":\"Poudresde Narco\",\"description\":\"Acheter de la coca\u00efne et de l&#039;h\u00e9ro\u00efne en ligne\",\"potentialAction\":[{\"@type\":\"SearchAction\",\"target\":{\"@type\":\"EntryPoint\",\"urlTemplate\":\"https:\/\/poudresdenarco.com\/?s={search_term_string}\"},\"query-input\":{\"@type\":\"PropertyValueSpecification\",\"valueRequired\":true,\"valueName\":\"search_term_string\"}}],\"inLanguage\":\"nl-BE\"}]}<\/script>\n<!-- \/ Yoast SEO plugin. -->","yoast_head_json":{"title":"Acheter MDPHP Free-Base | Poudres de Narco","description":"Fournisseur de MDPHP Free-Base pour applications scientifiques en laboratoire. Puret\u00e9 et s\u00e9curit\u00e9 garanties pour recherches avanc\u00e9es chez Poudres de Narco. Acheter MDPHP Free-Bas","robots":{"index":"index","follow":"follow","max-snippet":"max-snippet:-1","max-image-preview":"max-image-preview:large","max-video-preview":"max-video-preview:-1"},"canonical":"https:\/\/poudresdenarco.com\/nl\/product-2\/mdphp-free-base\/","og_locale":"nl_BE","og_type":"article","og_title":"Acheter MDPHP Free-Base | Poudres de Narco","og_description":"Fournisseur de MDPHP Free-Base pour applications scientifiques en laboratoire. Puret\u00e9 et s\u00e9curit\u00e9 garanties pour recherches avanc\u00e9es chez Poudres de Narco. Acheter MDPHP Free-Bas","og_url":"https:\/\/poudresdenarco.com\/nl\/product-2\/mdphp-free-base\/","og_site_name":"Poudresde Narco","article_modified_time":"2026-01-23T08:05:46+00:00","og_image":[{"width":600,"height":600,"url":"https:\/\/poudresdenarco.com\/wp-content\/uploads\/2024\/10\/Mdphp-free-base.gif","type":"image\/gif"}],"twitter_card":"summary_large_image","twitter_misc":{"Geschatte leestijd":"4 minuten"},"schema":{"@context":"https:\/\/schema.org","@graph":[{"@type":"WebPage","@id":"https:\/\/poudresdenarco.com\/produit\/mdphp-free-base\/","url":"https:\/\/poudresdenarco.com\/produit\/mdphp-free-base\/","name":"Acheter MDPHP Free-Base | Poudres de Narco","isPartOf":{"@id":"https:\/\/poudresdenarco.com\/#website"},"primaryImageOfPage":{"@id":"https:\/\/poudresdenarco.com\/produit\/mdphp-free-base\/#primaryimage"},"image":{"@id":"https:\/\/poudresdenarco.com\/produit\/mdphp-free-base\/#primaryimage"},"thumbnailUrl":"https:\/\/poudresdenarco.com\/wp-content\/uploads\/2024\/10\/Mdphp-free-base.gif","datePublished":"2024-10-16T11:32:31+00:00","dateModified":"2026-01-23T08:05:46+00:00","description":"Fournisseur de MDPHP Free-Base pour applications scientifiques en laboratoire. Puret\u00e9 et s\u00e9curit\u00e9 garanties pour recherches avanc\u00e9es chez Poudres de Narco. Acheter MDPHP Free-Bas","breadcrumb":{"@id":"https:\/\/poudresdenarco.com\/produit\/mdphp-free-base\/#breadcrumb"},"inLanguage":"nl-BE","potentialAction":[{"@type":"ReadAction","target":["https:\/\/poudresdenarco.com\/produit\/mdphp-free-base\/"]}]},{"@type":"ImageObject","inLanguage":"nl-BE","@id":"https:\/\/poudresdenarco.com\/produit\/mdphp-free-base\/#primaryimage","url":"https:\/\/poudresdenarco.com\/wp-content\/uploads\/2024\/10\/Mdphp-free-base.gif","contentUrl":"https:\/\/poudresdenarco.com\/wp-content\/uploads\/2024\/10\/Mdphp-free-base.gif","width":600,"height":600,"caption":"Mdphp-free-base"},{"@type":"BreadcrumbList","@id":"https:\/\/poudresdenarco.com\/produit\/mdphp-free-base\/#breadcrumb","itemListElement":[{"@type":"ListItem","position":1,"name":"Home","item":"https:\/\/poudresdenarco.com\/"},{"@type":"ListItem","position":2,"name":"Boutique","item":"https:\/\/poudresdenarco.com\/boutique\/"},{"@type":"ListItem","position":3,"name":"Mdphp free-base"}]},{"@type":"WebSite","@id":"https:\/\/poudresdenarco.com\/#website","url":"https:\/\/poudresdenarco.com\/","name":"Poudresde Narco","description":"Acheter de la coca\u00efne et de l&#039;h\u00e9ro\u00efne en ligne","potentialAction":[{"@type":"SearchAction","target":{"@type":"EntryPoint","urlTemplate":"https:\/\/poudresdenarco.com\/?s={search_term_string}"},"query-input":{"@type":"PropertyValueSpecification","valueRequired":true,"valueName":"search_term_string"}}],"inLanguage":"nl-BE"}]}},"_links":{"self":[{"href":"https:\/\/poudresdenarco.com\/nl\/wp-json\/wp\/v2\/product\/6044","targetHints":{"allow":["GET"]}}],"collection":[{"href":"https:\/\/poudresdenarco.com\/nl\/wp-json\/wp\/v2\/product"}],"about":[{"href":"https:\/\/poudresdenarco.com\/nl\/wp-json\/wp\/v2\/types\/product"}],"replies":[{"embeddable":true,"href":"https:\/\/poudresdenarco.com\/nl\/wp-json\/wp\/v2\/comments?post=6044"}],"wp:featuredmedia":[{"embeddable":true,"href":"https:\/\/poudresdenarco.com\/nl\/wp-json\/wp\/v2\/media\/6195"}],"wp:attachment":[{"href":"https:\/\/poudresdenarco.com\/nl\/wp-json\/wp\/v2\/media?parent=6044"}],"wp:term":[{"taxonomy":"product_cat","embeddable":true,"href":"https:\/\/poudresdenarco.com\/nl\/wp-json\/wp\/v2\/product_cat?post=6044"},{"taxonomy":"product_tag","embeddable":true,"href":"https:\/\/poudresdenarco.com\/nl\/wp-json\/wp\/v2\/product_tag?post=6044"}],"curies":[{"name":"wp","href":"https:\/\/api.w.org\/{rel}","templated":true}]}}