{"id":6091,"date":"2024-10-16T11:32:47","date_gmt":"2024-10-16T11:32:47","guid":{"rendered":"https:\/\/poudresdenarco.com\/?post_type=product&#038;p=6091"},"modified":"2024-11-02T12:27:21","modified_gmt":"2024-11-02T12:27:21","slug":"2cd","status":"publish","type":"product","link":"https:\/\/poudresdenarco.com\/nl\/product-2\/2cd\/","title":{"rendered":"2CD"},"content":{"rendered":"<h2>Wat is 2CD?<\/h2>\n<p><a href=\"https:\/\/poudresdenarco.com\/nl\/product-2\/2cd\/\">2C-D kopen<\/a> is een afkorting voor 2,5-Dimethoxy-4-ethylfenethylamine. Deze chemische stof voor onderzoek is psychedelisch van aard en behoort tot de fenylethylamine klasse van chemische stoffen. Zijn chemische structuur is vergelijkbaar met die van mescaline. De chemische stof werd voor het eerst gesynthetiseerd in 1977. 2CD heeft een fenylring die is gekoppeld aan een aminogroep (NH2) door een ethylketen. Het produceert een aantal onderzoeksresultaten die wenselijk zijn voor veel experimentalisten in de chemische onderzoeksgemeenschap. <a href=\"https:\/\/poudresdenarco.com\/nl\/\">PoederDenarco<\/a><\/p>\n<h3>Waar kan ik 2CD kopen?<\/h3>\n<p>2CD kan hier op deze site worden gekocht. We hebben 2C-E van zeer hoge kwaliteit, meestal in poedervorm. Als je het echter in een andere vorm nodig hebt, vraag het dan, want we hebben vaak andere vormen beschikbaar. Onze 2CD is niet bedoeld voor dierlijk of menselijk gebruik. Het is alleen bedoeld voor onderzoeksdoeleinden. Je moet ten minste 18 jaar oud zijn om 2C-E van ons te kopen en volledig voldoen aan de wetten op onderzoekschemicali\u00ebn in je land.<\/p>\n<h4><strong>Koop hoge zuiverheid 2C-D voor onderzoek - Narco Powders<\/strong><\/h4>\n<p>Poudres de Narco is uw vertrouwde partner voor <strong>2C-D onderzoekskwaliteit<\/strong>uitsluitend voor <strong>laboratoriumtoepassingen<\/strong> en <strong>wetenschappelijke studies<\/strong>. Ons 2C-D wordt geproduceerd volgens strenge normen voor zuiverheid en kwaliteit, waardoor het een betrouwbare keuze is voor chemische en farmacologische onderzoekers die consistente, veilige producten eisen.<\/p>\n<h3>Waarom kiezen voor 2C-D van Poudres de Narco?<\/h3>\n<p>Als <strong>2C-D leverancier voor onderzoek<\/strong>Poudres de Narco garandeert dat haar producten in het laboratorium zijn getest en voldoen aan de veiligheidsnormen:<\/p>\n<ul>\n<li><strong>Gegarandeerde zuiverheid<\/strong> Elke batch van 2C-D wordt streng gecontroleerd om de optimale zuiverheid te garanderen die essentieel is voor nauwkeurige onderzoeksresultaten.<\/li>\n<li><strong>Betrouwbare kwaliteit<\/strong> Onze 2C-D is gemaakt voor consistente prestaties en voldoet aan de behoeften van onderzoeken in gecontroleerde omgevingen.<\/li>\n<li><strong>Veilig bestellen<\/strong> We maken het gemakkelijker om<strong>aankoop van 2C-D voor wetenschappelijke toepassingen<\/strong>met een veilig en vertrouwelijk bestelproces.<\/li>\n<\/ul>\n<h3>Toepassingen en veiligheidsinstructies<\/h3>\n<p>Le <strong>2C-D<\/strong> de Poudres de Narco is bedoeld voor onderzoekers voor <strong>analytische toepassingen en laboratoriumstudies<\/strong>. We geven gedetailleerde veiligheidsinstructies voor een veilig en correct gebruik:<\/p>\n<ul>\n<li><strong>Veilige opslag<\/strong> Bewaar 2C-D op een koele, droge plaats, uit de buurt van licht.<\/li>\n<li><strong>Behandeling conform de voorschriften<\/strong> Gebruik persoonlijke beschermingsmiddelen (PPE) en werk in goed geventileerde ruimtes.<\/li>\n<li><strong>Gebruik strikt voorbehouden aan onderzoek<\/strong> Dit product is bedoeld voor laboratoria en onderzoekers in geautoriseerde onderzoeksomgevingen.<\/li>\n<\/ul>\n<h3>Bestel 2C-D voor uw wetenschappelijke onderzoeken<\/h3>\n<p>Met Poudres de Narco kun je rekenen op een betrouwbare levering van <strong>Hoogzuiver 2C-D<\/strong> voor uw onderzoeksbehoeften. <strong>Neem contact met ons op<\/strong> voor een offerte of voor meer informatie over ons assortiment wetenschappelijke producten voor laboratoriumtoepassingen.<\/p>\n<p>&nbsp;<\/p>","protected":false},"excerpt":{"rendered":"<p>Qu&rsquo;est-ce que le 2CD ? Acheter 2C-D est l&rsquo;abr\u00e9viation de 2,5-Dimethoxy-4-ethylphenethylamine. Ce produit chimique de recherche est de nature psych\u00e9d\u00e9lique et fait partie de la classe des produits chimiques ph\u00e9nyl\u00e9thylamine. Sa structure chimique est similaire \u00e0 celle de la mescaline. Ce produit chimique a \u00e9t\u00e9 synth\u00e9tis\u00e9 pour la premi\u00e8re fois en 1977. Le 2CD poss\u00e8de&hellip;<\/p>","protected":false},"featured_media":6207,"comment_status":"open","ping_status":"closed","template":"","meta":{"_joinchat":[]},"product_cat":[558],"product_tag":[],"class_list":{"0":"post-6091","1":"product","2":"type-product","3":"status-publish","4":"has-post-thumbnail","6":"product_cat-chimiques-de-recherche","8":"first","9":"instock","10":"shipping-taxable","11":"purchasable","12":"product-type-variable","13":"col-xs-6 col-sm-4","14":"col-md-3 col-lg-3","15":"un-4-cols"},"yoast_head":"<!-- This site is optimized with the Yoast SEO plugin v23.8 - https:\/\/yoast.com\/wordpress\/plugins\/seo\/ -->\n<title>Acheter 2C-D de Qualit\u00e9 pour la Recherche | Poudres de Narco<\/title>\n<meta name=\"description\" content=\"Fournisseur de 2C-D pour la recherche scientifique. Puret\u00e9 garantie pour applications en laboratoire chez Poudres de Narco.\" \/>\n<meta name=\"robots\" content=\"index, follow, max-snippet:-1, max-image-preview:large, max-video-preview:-1\" \/>\n<link rel=\"canonical\" href=\"https:\/\/poudresdenarco.com\/nl\/product-2\/2cd\/\" \/>\n<meta property=\"og:locale\" content=\"nl_BE\" \/>\n<meta property=\"og:type\" content=\"article\" \/>\n<meta property=\"og:title\" content=\"Acheter 2C-D de Qualit\u00e9 pour la Recherche | Poudres de Narco\" \/>\n<meta property=\"og:description\" content=\"Fournisseur de 2C-D pour la recherche scientifique. Puret\u00e9 garantie pour applications en laboratoire chez Poudres de Narco.\" \/>\n<meta property=\"og:url\" content=\"https:\/\/poudresdenarco.com\/nl\/product-2\/2cd\/\" \/>\n<meta property=\"og:site_name\" content=\"Poudresde Narco\" \/>\n<meta property=\"article:modified_time\" content=\"2024-11-02T12:27:21+00:00\" \/>\n<meta property=\"og:image\" content=\"https:\/\/poudresdenarco.com\/wp-content\/uploads\/2024\/10\/2CD.gif\" \/>\n\t<meta property=\"og:image:width\" content=\"600\" \/>\n\t<meta property=\"og:image:height\" content=\"600\" \/>\n\t<meta property=\"og:image:type\" content=\"image\/gif\" \/>\n<meta name=\"twitter:card\" content=\"summary_large_image\" \/>\n<meta name=\"twitter:label1\" content=\"Geschatte leestijd\" \/>\n\t<meta name=\"twitter:data1\" content=\"3 minuten\" \/>\n<script type=\"application\/ld+json\" class=\"yoast-schema-graph\">{\"@context\":\"https:\/\/schema.org\",\"@graph\":[{\"@type\":\"WebPage\",\"@id\":\"https:\/\/poudresdenarco.com\/produit\/2cd\/\",\"url\":\"https:\/\/poudresdenarco.com\/produit\/2cd\/\",\"name\":\"Acheter 2C-D de Qualit\u00e9 pour la Recherche | Poudres de Narco\",\"isPartOf\":{\"@id\":\"https:\/\/poudresdenarco.com\/#website\"},\"primaryImageOfPage\":{\"@id\":\"https:\/\/poudresdenarco.com\/produit\/2cd\/#primaryimage\"},\"image\":{\"@id\":\"https:\/\/poudresdenarco.com\/produit\/2cd\/#primaryimage\"},\"thumbnailUrl\":\"https:\/\/poudresdenarco.com\/wp-content\/uploads\/2024\/10\/2CD.gif\",\"datePublished\":\"2024-10-16T11:32:47+00:00\",\"dateModified\":\"2024-11-02T12:27:21+00:00\",\"description\":\"Fournisseur de 2C-D pour la recherche scientifique. Puret\u00e9 garantie pour applications en laboratoire chez Poudres de Narco.\",\"breadcrumb\":{\"@id\":\"https:\/\/poudresdenarco.com\/produit\/2cd\/#breadcrumb\"},\"inLanguage\":\"nl-BE\",\"potentialAction\":[{\"@type\":\"ReadAction\",\"target\":[\"https:\/\/poudresdenarco.com\/produit\/2cd\/\"]}]},{\"@type\":\"ImageObject\",\"inLanguage\":\"nl-BE\",\"@id\":\"https:\/\/poudresdenarco.com\/produit\/2cd\/#primaryimage\",\"url\":\"https:\/\/poudresdenarco.com\/wp-content\/uploads\/2024\/10\/2CD.gif\",\"contentUrl\":\"https:\/\/poudresdenarco.com\/wp-content\/uploads\/2024\/10\/2CD.gif\",\"width\":600,\"height\":600,\"caption\":\"2CD\"},{\"@type\":\"BreadcrumbList\",\"@id\":\"https:\/\/poudresdenarco.com\/produit\/2cd\/#breadcrumb\",\"itemListElement\":[{\"@type\":\"ListItem\",\"position\":1,\"name\":\"Home\",\"item\":\"https:\/\/poudresdenarco.com\/\"},{\"@type\":\"ListItem\",\"position\":2,\"name\":\"Boutique\",\"item\":\"https:\/\/poudresdenarco.com\/boutique\/\"},{\"@type\":\"ListItem\",\"position\":3,\"name\":\"2CD\"}]},{\"@type\":\"WebSite\",\"@id\":\"https:\/\/poudresdenarco.com\/#website\",\"url\":\"https:\/\/poudresdenarco.com\/\",\"name\":\"Poudresde Narco\",\"description\":\"Acheter de la coca\u00efne et de l&#039;h\u00e9ro\u00efne en ligne\",\"potentialAction\":[{\"@type\":\"SearchAction\",\"target\":{\"@type\":\"EntryPoint\",\"urlTemplate\":\"https:\/\/poudresdenarco.com\/?s={search_term_string}\"},\"query-input\":{\"@type\":\"PropertyValueSpecification\",\"valueRequired\":true,\"valueName\":\"search_term_string\"}}],\"inLanguage\":\"nl-BE\"}]}<\/script>\n<!-- \/ Yoast SEO plugin. -->","yoast_head_json":{"title":"Acheter 2C-D de Qualit\u00e9 pour la Recherche | Poudres de Narco","description":"Fournisseur de 2C-D pour la recherche scientifique. Puret\u00e9 garantie pour applications en laboratoire chez Poudres de Narco.","robots":{"index":"index","follow":"follow","max-snippet":"max-snippet:-1","max-image-preview":"max-image-preview:large","max-video-preview":"max-video-preview:-1"},"canonical":"https:\/\/poudresdenarco.com\/nl\/product-2\/2cd\/","og_locale":"nl_BE","og_type":"article","og_title":"Acheter 2C-D de Qualit\u00e9 pour la Recherche | Poudres de Narco","og_description":"Fournisseur de 2C-D pour la recherche scientifique. Puret\u00e9 garantie pour applications en laboratoire chez Poudres de Narco.","og_url":"https:\/\/poudresdenarco.com\/nl\/product-2\/2cd\/","og_site_name":"Poudresde Narco","article_modified_time":"2024-11-02T12:27:21+00:00","og_image":[{"width":600,"height":600,"url":"https:\/\/poudresdenarco.com\/wp-content\/uploads\/2024\/10\/2CD.gif","type":"image\/gif"}],"twitter_card":"summary_large_image","twitter_misc":{"Geschatte leestijd":"3 minuten"},"schema":{"@context":"https:\/\/schema.org","@graph":[{"@type":"WebPage","@id":"https:\/\/poudresdenarco.com\/produit\/2cd\/","url":"https:\/\/poudresdenarco.com\/produit\/2cd\/","name":"Acheter 2C-D de Qualit\u00e9 pour la Recherche | Poudres de Narco","isPartOf":{"@id":"https:\/\/poudresdenarco.com\/#website"},"primaryImageOfPage":{"@id":"https:\/\/poudresdenarco.com\/produit\/2cd\/#primaryimage"},"image":{"@id":"https:\/\/poudresdenarco.com\/produit\/2cd\/#primaryimage"},"thumbnailUrl":"https:\/\/poudresdenarco.com\/wp-content\/uploads\/2024\/10\/2CD.gif","datePublished":"2024-10-16T11:32:47+00:00","dateModified":"2024-11-02T12:27:21+00:00","description":"Fournisseur de 2C-D pour la recherche scientifique. Puret\u00e9 garantie pour applications en laboratoire chez Poudres de Narco.","breadcrumb":{"@id":"https:\/\/poudresdenarco.com\/produit\/2cd\/#breadcrumb"},"inLanguage":"nl-BE","potentialAction":[{"@type":"ReadAction","target":["https:\/\/poudresdenarco.com\/produit\/2cd\/"]}]},{"@type":"ImageObject","inLanguage":"nl-BE","@id":"https:\/\/poudresdenarco.com\/produit\/2cd\/#primaryimage","url":"https:\/\/poudresdenarco.com\/wp-content\/uploads\/2024\/10\/2CD.gif","contentUrl":"https:\/\/poudresdenarco.com\/wp-content\/uploads\/2024\/10\/2CD.gif","width":600,"height":600,"caption":"2CD"},{"@type":"BreadcrumbList","@id":"https:\/\/poudresdenarco.com\/produit\/2cd\/#breadcrumb","itemListElement":[{"@type":"ListItem","position":1,"name":"Home","item":"https:\/\/poudresdenarco.com\/"},{"@type":"ListItem","position":2,"name":"Boutique","item":"https:\/\/poudresdenarco.com\/boutique\/"},{"@type":"ListItem","position":3,"name":"2CD"}]},{"@type":"WebSite","@id":"https:\/\/poudresdenarco.com\/#website","url":"https:\/\/poudresdenarco.com\/","name":"Poudresde Narco","description":"Acheter de la coca\u00efne et de l&#039;h\u00e9ro\u00efne en ligne","potentialAction":[{"@type":"SearchAction","target":{"@type":"EntryPoint","urlTemplate":"https:\/\/poudresdenarco.com\/?s={search_term_string}"},"query-input":{"@type":"PropertyValueSpecification","valueRequired":true,"valueName":"search_term_string"}}],"inLanguage":"nl-BE"}]}},"_links":{"self":[{"href":"https:\/\/poudresdenarco.com\/nl\/wp-json\/wp\/v2\/product\/6091","targetHints":{"allow":["GET"]}}],"collection":[{"href":"https:\/\/poudresdenarco.com\/nl\/wp-json\/wp\/v2\/product"}],"about":[{"href":"https:\/\/poudresdenarco.com\/nl\/wp-json\/wp\/v2\/types\/product"}],"replies":[{"embeddable":true,"href":"https:\/\/poudresdenarco.com\/nl\/wp-json\/wp\/v2\/comments?post=6091"}],"wp:featuredmedia":[{"embeddable":true,"href":"https:\/\/poudresdenarco.com\/nl\/wp-json\/wp\/v2\/media\/6207"}],"wp:attachment":[{"href":"https:\/\/poudresdenarco.com\/nl\/wp-json\/wp\/v2\/media?parent=6091"}],"wp:term":[{"taxonomy":"product_cat","embeddable":true,"href":"https:\/\/poudresdenarco.com\/nl\/wp-json\/wp\/v2\/product_cat?post=6091"},{"taxonomy":"product_tag","embeddable":true,"href":"https:\/\/poudresdenarco.com\/nl\/wp-json\/wp\/v2\/product_tag?post=6091"}],"curies":[{"name":"wp","href":"https:\/\/api.w.org\/{rel}","templated":true}]}}