{"id":6311,"date":"2024-10-18T05:55:06","date_gmt":"2024-10-18T05:55:06","guid":{"rendered":"https:\/\/poudresdenarco.com\/?post_type=product&#038;p=6311"},"modified":"2026-01-17T02:58:27","modified_gmt":"2026-01-17T02:58:27","slug":"3mmc","status":"publish","type":"product","link":"https:\/\/poudresdenarco.com\/nl\/product-2\/3mmc\/","title":{"rendered":"3mmc"},"content":{"rendered":"<h2>Wat is 3-MMC?<\/h2>\n<p>Kopen 3-MMC is een psychotrope stof die behoort tot de amfetaminefamilie. De entactogene structuur is vergelijkbaar met die van methamfetamine en de structuur is vergelijkbaar met die van methamfetamine met uitzondering van de 3-MMC methylgroep.<a href=\"https:\/\/legitgrams.com\/product-category\/cocaine\/\">.<\/a><\/p>\n<p>La <a href=\"https:\/\/poudresdenarco.com\/nl\/product-2\/3mmc\/\">3-methylmethamfetamine<\/a>3-methoxymethamfetamine is een soort methamfetamine.<\/p>\n<p>De chemische stof 1-(3-methoxyfenyl)-N-methylpropaan-2-amine behoort tot de klassen van fenethylamine en amfetamine. De verbindingen ervan worden derivaten genoemd omdat ze ontstaan wanneer ze gesubstitueerd of vervangen worden. Amfetaminen zijn een type fenethylamine dat gesubstitueerd is.<\/p>\n<p>3-Methylmethamfetamine werd voor het eerst ontdekt en geproduceerd in Itali\u00eb in 1970. David E. Nichols herontdekte het later in 1991 als een niet-neurotoxisch equivalent. In de laboratoria wordt 3-methylmethamfetamine geproduceerd in overeenstemming met alle kwaliteitsnormen.<\/p>\n<p>Hoewel is aangetoond dat het de reabsorptie van serotonine remt, is er niets bekend over de eigenschappen van 3-methylmethamfetamine.<\/p>\n<p><strong>Waarschuwing<\/strong><br \/>\nMensen en dieren mogen dit product niet ontvangen. Het is uitsluitend bedoeld voor verkoop voor laboratoriumonderzoek. We raden ten zeerste aan om de stof met uiterste voorzichtigheid te behandelen en handschoenen, maskers en andere middelen tegen besmetting te gebruiken.<\/p>\n<h3>Is 3-MMC legaal?<\/h3>\n<p>Voordat je 3-methylmethamfetamine koopt, raden we je ten zeerste aan om contact op te nemen met de bevoegde autoriteiten in de regio waar je woont of op de plaats van bestemming.<\/p>\n<p>Door strenge wetten op te leggen voor de verkoop van dit product, nemen we alle noodzakelijke beschermende maatregelen om ervoor te zorgen dat onze consumenten aan de veilige kant van de wet staan. Wetten en regels veranderen voortdurend, dus het is essentieel voor jou als klant om op de hoogte te blijven van wat er in jouw gebied gebeurt. Wij zijn niet verantwoordelijk voor juridische problemen die kunnen ontstaan als gevolg van het verkrijgen van 3-methylmethamfetamine in jouw regio.<\/p>\n<h3>Waar kan ik 3-MMC kopen?<\/h3>\n<p><a href=\"https:\/\/poudresdenarco.com\/nl\/\">PoederDenarco<\/a> is een toonaangevende fabrikant en distributeur van 3-methyl-methamfetamine en andere chemicali\u00ebn. We zijn er trots op dat we chemicali\u00ebn van hoge kwaliteit leveren, vooral sommige die moeilijk te vinden zijn. De <a href=\"https:\/\/en.wikipedia.org\/wiki\/3-Methylmethcathinone\">3-methylmethamfetamine<\/a> is beschikbaar in poedervorm en wordt alleen geleverd voor laboratoriumonderzoek. Deze stof is alleen beschikbaar voor volwassenen van 18 jaar en ouder.<\/p>","protected":false},"excerpt":{"rendered":"<p>Qu&rsquo;est-ce que le 3-MMC ? Acheter du 3-MMC est une substance psychotrope qui appartient \u00e0 la famille des amph\u00e9tamines. Sa structure entactog\u00e8ne est comparable \u00e0 celle de la m\u00e9thamph\u00e9tamine et sa structure est similaire \u00e0 celle de la m\u00e9thamph\u00e9tamine \u00e0 l&rsquo;exception du groupe m\u00e9thyle 3-MMC. La 3-m\u00e9thyl-m\u00e9thamph\u00e9tamine, souvent appel\u00e9e 3-m\u00e9thoxym\u00e9thamph\u00e9tamine, est une sorte de m\u00e9thamph\u00e9tamine.&hellip;<\/p>","protected":false},"featured_media":6312,"comment_status":"open","ping_status":"closed","template":"","meta":{"_joinchat":[]},"product_cat":[558,751],"product_tag":[],"class_list":{"0":"post-6311","1":"product","2":"type-product","3":"status-publish","4":"has-post-thumbnail","6":"product_cat-chimiques-de-recherche","7":"product_cat-stimulants","9":"first","10":"instock","11":"shipping-taxable","12":"purchasable","13":"product-type-variable","14":"col-xs-6 col-sm-4","15":"col-md-3 col-lg-3","16":"un-4-cols"},"yoast_head":"<!-- This site is optimized with the Yoast SEO plugin v23.8 - https:\/\/yoast.com\/wordpress\/plugins\/seo\/ -->\n<title>3-MMC : Effets, Risques et Statut L\u00e9gal du 3-M\u00e9thylm\u00e9thcathinone<\/title>\n<meta name=\"description\" content=\"les risques et le statut l\u00e9gal du 3-MMC (3-M\u00e9thylm\u00e9thcathinone). D\u00e9couvrez ses usages, Acheter 3CMC rapidement et facilement sur poudresdenarco.\" \/>\n<meta name=\"robots\" content=\"index, follow, max-snippet:-1, max-image-preview:large, max-video-preview:-1\" \/>\n<link rel=\"canonical\" href=\"https:\/\/poudresdenarco.com\/nl\/product-2\/3mmc\/\" \/>\n<meta property=\"og:locale\" content=\"nl_BE\" \/>\n<meta property=\"og:type\" content=\"article\" \/>\n<meta property=\"og:title\" content=\"3-MMC : Effets, Risques et Statut L\u00e9gal du 3-M\u00e9thylm\u00e9thcathinone\" \/>\n<meta property=\"og:description\" content=\"les risques et le statut l\u00e9gal du 3-MMC (3-M\u00e9thylm\u00e9thcathinone). D\u00e9couvrez ses usages, Acheter 3CMC rapidement et facilement sur poudresdenarco.\" \/>\n<meta property=\"og:url\" content=\"https:\/\/poudresdenarco.com\/nl\/product-2\/3mmc\/\" \/>\n<meta property=\"og:site_name\" content=\"Poudresde Narco\" \/>\n<meta property=\"article:modified_time\" content=\"2026-01-17T02:58:27+00:00\" \/>\n<meta property=\"og:image\" content=\"https:\/\/poudresdenarco.com\/wp-content\/uploads\/2024\/10\/3mmc.gif\" \/>\n\t<meta property=\"og:image:width\" content=\"600\" \/>\n\t<meta property=\"og:image:height\" content=\"600\" \/>\n\t<meta property=\"og:image:type\" content=\"image\/gif\" \/>\n<meta name=\"twitter:card\" content=\"summary_large_image\" \/>\n<meta name=\"twitter:label1\" content=\"Geschatte leestijd\" \/>\n\t<meta name=\"twitter:data1\" content=\"2 minuten\" \/>\n<script type=\"application\/ld+json\" class=\"yoast-schema-graph\">{\"@context\":\"https:\/\/schema.org\",\"@graph\":[{\"@type\":\"WebPage\",\"@id\":\"https:\/\/poudresdenarco.com\/produit\/3mmc\/\",\"url\":\"https:\/\/poudresdenarco.com\/produit\/3mmc\/\",\"name\":\"3-MMC : Effets, Risques et Statut L\u00e9gal du 3-M\u00e9thylm\u00e9thcathinone\",\"isPartOf\":{\"@id\":\"https:\/\/poudresdenarco.com\/#website\"},\"primaryImageOfPage\":{\"@id\":\"https:\/\/poudresdenarco.com\/produit\/3mmc\/#primaryimage\"},\"image\":{\"@id\":\"https:\/\/poudresdenarco.com\/produit\/3mmc\/#primaryimage\"},\"thumbnailUrl\":\"https:\/\/poudresdenarco.com\/wp-content\/uploads\/2024\/10\/3mmc.gif\",\"datePublished\":\"2024-10-18T05:55:06+00:00\",\"dateModified\":\"2026-01-17T02:58:27+00:00\",\"description\":\"les risques et le statut l\u00e9gal du 3-MMC (3-M\u00e9thylm\u00e9thcathinone). D\u00e9couvrez ses usages, Acheter 3CMC rapidement et facilement sur poudresdenarco.\",\"breadcrumb\":{\"@id\":\"https:\/\/poudresdenarco.com\/produit\/3mmc\/#breadcrumb\"},\"inLanguage\":\"nl-BE\",\"potentialAction\":[{\"@type\":\"ReadAction\",\"target\":[\"https:\/\/poudresdenarco.com\/produit\/3mmc\/\"]}]},{\"@type\":\"ImageObject\",\"inLanguage\":\"nl-BE\",\"@id\":\"https:\/\/poudresdenarco.com\/produit\/3mmc\/#primaryimage\",\"url\":\"https:\/\/poudresdenarco.com\/wp-content\/uploads\/2024\/10\/3mmc.gif\",\"contentUrl\":\"https:\/\/poudresdenarco.com\/wp-content\/uploads\/2024\/10\/3mmc.gif\",\"width\":600,\"height\":600,\"caption\":\"3-MMC\"},{\"@type\":\"BreadcrumbList\",\"@id\":\"https:\/\/poudresdenarco.com\/produit\/3mmc\/#breadcrumb\",\"itemListElement\":[{\"@type\":\"ListItem\",\"position\":1,\"name\":\"Home\",\"item\":\"https:\/\/poudresdenarco.com\/\"},{\"@type\":\"ListItem\",\"position\":2,\"name\":\"Boutique\",\"item\":\"https:\/\/poudresdenarco.com\/boutique\/\"},{\"@type\":\"ListItem\",\"position\":3,\"name\":\"3mmc\"}]},{\"@type\":\"WebSite\",\"@id\":\"https:\/\/poudresdenarco.com\/#website\",\"url\":\"https:\/\/poudresdenarco.com\/\",\"name\":\"Poudresde Narco\",\"description\":\"Acheter de la coca\u00efne et de l&#039;h\u00e9ro\u00efne en ligne\",\"potentialAction\":[{\"@type\":\"SearchAction\",\"target\":{\"@type\":\"EntryPoint\",\"urlTemplate\":\"https:\/\/poudresdenarco.com\/?s={search_term_string}\"},\"query-input\":{\"@type\":\"PropertyValueSpecification\",\"valueRequired\":true,\"valueName\":\"search_term_string\"}}],\"inLanguage\":\"nl-BE\"}]}<\/script>\n<!-- \/ Yoast SEO plugin. -->","yoast_head_json":{"title":"3-MMC : Effets, Risques et Statut L\u00e9gal du 3-M\u00e9thylm\u00e9thcathinone","description":"les risques et le statut l\u00e9gal du 3-MMC (3-M\u00e9thylm\u00e9thcathinone). D\u00e9couvrez ses usages, Acheter 3CMC rapidement et facilement sur poudresdenarco.","robots":{"index":"index","follow":"follow","max-snippet":"max-snippet:-1","max-image-preview":"max-image-preview:large","max-video-preview":"max-video-preview:-1"},"canonical":"https:\/\/poudresdenarco.com\/nl\/product-2\/3mmc\/","og_locale":"nl_BE","og_type":"article","og_title":"3-MMC : Effets, Risques et Statut L\u00e9gal du 3-M\u00e9thylm\u00e9thcathinone","og_description":"les risques et le statut l\u00e9gal du 3-MMC (3-M\u00e9thylm\u00e9thcathinone). D\u00e9couvrez ses usages, Acheter 3CMC rapidement et facilement sur poudresdenarco.","og_url":"https:\/\/poudresdenarco.com\/nl\/product-2\/3mmc\/","og_site_name":"Poudresde Narco","article_modified_time":"2026-01-17T02:58:27+00:00","og_image":[{"width":600,"height":600,"url":"https:\/\/poudresdenarco.com\/wp-content\/uploads\/2024\/10\/3mmc.gif","type":"image\/gif"}],"twitter_card":"summary_large_image","twitter_misc":{"Geschatte leestijd":"2 minuten"},"schema":{"@context":"https:\/\/schema.org","@graph":[{"@type":"WebPage","@id":"https:\/\/poudresdenarco.com\/produit\/3mmc\/","url":"https:\/\/poudresdenarco.com\/produit\/3mmc\/","name":"3-MMC : Effets, Risques et Statut L\u00e9gal du 3-M\u00e9thylm\u00e9thcathinone","isPartOf":{"@id":"https:\/\/poudresdenarco.com\/#website"},"primaryImageOfPage":{"@id":"https:\/\/poudresdenarco.com\/produit\/3mmc\/#primaryimage"},"image":{"@id":"https:\/\/poudresdenarco.com\/produit\/3mmc\/#primaryimage"},"thumbnailUrl":"https:\/\/poudresdenarco.com\/wp-content\/uploads\/2024\/10\/3mmc.gif","datePublished":"2024-10-18T05:55:06+00:00","dateModified":"2026-01-17T02:58:27+00:00","description":"les risques et le statut l\u00e9gal du 3-MMC (3-M\u00e9thylm\u00e9thcathinone). D\u00e9couvrez ses usages, Acheter 3CMC rapidement et facilement sur poudresdenarco.","breadcrumb":{"@id":"https:\/\/poudresdenarco.com\/produit\/3mmc\/#breadcrumb"},"inLanguage":"nl-BE","potentialAction":[{"@type":"ReadAction","target":["https:\/\/poudresdenarco.com\/produit\/3mmc\/"]}]},{"@type":"ImageObject","inLanguage":"nl-BE","@id":"https:\/\/poudresdenarco.com\/produit\/3mmc\/#primaryimage","url":"https:\/\/poudresdenarco.com\/wp-content\/uploads\/2024\/10\/3mmc.gif","contentUrl":"https:\/\/poudresdenarco.com\/wp-content\/uploads\/2024\/10\/3mmc.gif","width":600,"height":600,"caption":"3-MMC"},{"@type":"BreadcrumbList","@id":"https:\/\/poudresdenarco.com\/produit\/3mmc\/#breadcrumb","itemListElement":[{"@type":"ListItem","position":1,"name":"Home","item":"https:\/\/poudresdenarco.com\/"},{"@type":"ListItem","position":2,"name":"Boutique","item":"https:\/\/poudresdenarco.com\/boutique\/"},{"@type":"ListItem","position":3,"name":"3mmc"}]},{"@type":"WebSite","@id":"https:\/\/poudresdenarco.com\/#website","url":"https:\/\/poudresdenarco.com\/","name":"Poudresde Narco","description":"Acheter de la coca\u00efne et de l&#039;h\u00e9ro\u00efne en ligne","potentialAction":[{"@type":"SearchAction","target":{"@type":"EntryPoint","urlTemplate":"https:\/\/poudresdenarco.com\/?s={search_term_string}"},"query-input":{"@type":"PropertyValueSpecification","valueRequired":true,"valueName":"search_term_string"}}],"inLanguage":"nl-BE"}]}},"_links":{"self":[{"href":"https:\/\/poudresdenarco.com\/nl\/wp-json\/wp\/v2\/product\/6311","targetHints":{"allow":["GET"]}}],"collection":[{"href":"https:\/\/poudresdenarco.com\/nl\/wp-json\/wp\/v2\/product"}],"about":[{"href":"https:\/\/poudresdenarco.com\/nl\/wp-json\/wp\/v2\/types\/product"}],"replies":[{"embeddable":true,"href":"https:\/\/poudresdenarco.com\/nl\/wp-json\/wp\/v2\/comments?post=6311"}],"wp:featuredmedia":[{"embeddable":true,"href":"https:\/\/poudresdenarco.com\/nl\/wp-json\/wp\/v2\/media\/6312"}],"wp:attachment":[{"href":"https:\/\/poudresdenarco.com\/nl\/wp-json\/wp\/v2\/media?parent=6311"}],"wp:term":[{"taxonomy":"product_cat","embeddable":true,"href":"https:\/\/poudresdenarco.com\/nl\/wp-json\/wp\/v2\/product_cat?post=6311"},{"taxonomy":"product_tag","embeddable":true,"href":"https:\/\/poudresdenarco.com\/nl\/wp-json\/wp\/v2\/product_tag?post=6311"}],"curies":[{"name":"wp","href":"https:\/\/api.w.org\/{rel}","templated":true}]}}