{"id":4140,"date":"2017-11-28T08:26:45","date_gmt":"2017-11-28T08:26:45","guid":{"rendered":"http:\/\/demo2.drfuri.com\/martfury13\/?page_id=129"},"modified":"2023-12-29T10:04:30","modified_gmt":"2023-12-29T10:04:30","slug":"a-propos","status":"publish","type":"page","link":"https:\/\/poudresdenarco.com\/pl\/a-propos\/","title":{"rendered":"O nas"},"content":{"rendered":"<div data-elementor-type=\"wp-post\" data-elementor-id=\"4140\" class=\"elementor elementor-4140\">\n\t\t\t\t\t\t<section class=\"elementor-section elementor-top-section elementor-element elementor-element-3ff6745a elementor-section-full_width elementor-section-height-default elementor-section-height-default\" data-id=\"3ff6745a\" data-element_type=\"section\">\n\t\t\t\t\t\t<div class=\"elementor-container elementor-column-gap-extended\">\n\t\t\t\t\t<div class=\"elementor-column elementor-col-100 elementor-top-column elementor-element elementor-element-31cd9c6a\" data-id=\"31cd9c6a\" data-element_type=\"column\">\n\t\t\t<div class=\"elementor-widget-wrap elementor-element-populated\">\n\t\t\t\t\t\t<div class=\"elementor-element elementor-element-54251667 elementor-widget elementor-widget-image\" data-id=\"54251667\" data-element_type=\"widget\" data-widget_type=\"image.default\">\n\t\t\t\t<div class=\"elementor-widget-container\">\n\t\t\t\t\t\t\t\t\t\t\t\t\t<img fetchpriority=\"high\" decoding=\"async\" width=\"1920\" height=\"652\" src=\"https:\/\/poudresdenarco.com\/wp-content\/uploads\/2023\/12\/about-banner.jpg\" class=\"attachment-full size-full wp-image-4350\" alt=\"about-banner\" srcset=\"https:\/\/poudresdenarco.com\/wp-content\/uploads\/2023\/12\/about-banner.jpg 1920w, https:\/\/poudresdenarco.com\/wp-content\/uploads\/2023\/12\/about-banner-300x102.jpg 300w, https:\/\/poudresdenarco.com\/wp-content\/uploads\/2023\/12\/about-banner-1024x348.jpg 1024w, https:\/\/poudresdenarco.com\/wp-content\/uploads\/2023\/12\/about-banner-768x261.jpg 768w, https:\/\/poudresdenarco.com\/wp-content\/uploads\/2023\/12\/about-banner-1536x522.jpg 1536w, https:\/\/poudresdenarco.com\/wp-content\/uploads\/2023\/12\/about-banner-370x126.jpg 370w, https:\/\/poudresdenarco.com\/wp-content\/uploads\/2023\/12\/about-banner-600x204.jpg 600w\" sizes=\"(max-width: 1920px) 100vw, 1920px\" \/>\t\t\t\t\t\t\t\t\t\t\t\t\t<\/div>\n\t\t\t\t<\/div>\n\t\t\t\t<div class=\"elementor-element elementor-element-4596bb93 elementor-widget elementor-widget-heading\" data-id=\"4596bb93\" data-element_type=\"widget\" data-widget_type=\"heading.default\">\n\t\t\t\t<div class=\"elementor-widget-container\">\n\t\t\t<h1 class=\"elementor-heading-title elementor-size-default\">Witamy w Poudre De Narco<\/h1>\t\t<\/div>\n\t\t\t\t<\/div>\n\t\t\t\t<div class=\"elementor-element elementor-element-24950485 elementor-widget elementor-widget-spacer\" data-id=\"24950485\" data-element_type=\"widget\" data-widget_type=\"spacer.default\">\n\t\t\t\t<div class=\"elementor-widget-container\">\n\t\t\t\t\t<div class=\"elementor-spacer\">\n\t\t\t<div class=\"elementor-spacer-inner\"><\/div>\n\t\t<\/div>\n\t\t\t\t<\/div>\n\t\t\t\t<\/div>\n\t\t\t\t<div class=\"elementor-element elementor-element-ac8375b elementor-widget elementor-widget-heading\" data-id=\"ac8375b\" data-element_type=\"widget\" data-widget_type=\"heading.default\">\n\t\t\t\t<div class=\"elementor-widget-container\">\n\t\t\t<h2 class=\"elementor-heading-title elementor-size-default\">Poudre De Narco to wiod\u0105ca apteka, w kt\u00f3rej oferujemy szerok\u0105 kolekcj\u0119 kokainy, heroiny, ketaminy i metamfetaminy w bardzo rozs\u0105dnych cenach, a tak\u017ce szybk\u0105 i bezpieczn\u0105 us\u0142ug\u0119 dostawy we Francji.<\/h2>\t\t<\/div>\n\t\t\t\t<\/div>\n\t\t\t\t<div class=\"elementor-element elementor-element-2362e4d6 elementor-widget elementor-widget-spacer\" data-id=\"2362e4d6\" data-element_type=\"widget\" data-widget_type=\"spacer.default\">\n\t\t\t\t<div class=\"elementor-widget-container\">\n\t\t\t\t\t<div class=\"elementor-spacer\">\n\t\t\t<div class=\"elementor-spacer-inner\"><\/div>\n\t\t<\/div>\n\t\t\t\t<\/div>\n\t\t\t\t<\/div>\n\t\t\t\t<div class=\"elementor-element elementor-element-d352fa4 elementor-widget elementor-widget-text-editor\" data-id=\"d352fa4\" data-element_type=\"widget\" data-widget_type=\"text-editor.default\">\n\t\t\t\t<div class=\"elementor-widget-container\">\n\t\t\t\t\t\t\t<p>Jeste\u015bmy poudredenarco.com i staramy si\u0119 zapewni\u0107 jak najlepsze wra\u017cenia z zakup\u00f3w. Wszystkie produkty s\u0105 najwy\u017cszej czysto\u015bci i pochodz\u0105 bezpo\u015brednio od producent\u00f3w. Dostarczamy leki najwy\u017cszej jako\u015bci w najbardziej konkurencyjnych cenach. Pami\u0119taj, aby najpierw skontaktowa\u0107 si\u0119 z nami, je\u015bli masz jakiekolwiek problemy przed rozpowszechnianiem negatywnych informacji o naszej firmie; jeste\u015bmy tutaj, aby pom\u00f3c i rozwi\u0105za\u0107 wszelkie problemy.<\/p>\t\t\t\t\t\t<\/div>\n\t\t\t\t<\/div>\n\t\t\t\t<div class=\"elementor-element elementor-element-a1fd898 elementor-align-center elementor-widget elementor-widget-button\" data-id=\"a1fd898\" data-element_type=\"widget\" data-widget_type=\"button.default\">\n\t\t\t\t<div class=\"elementor-widget-container\">\n\t\t\t\t\t\t\t<div class=\"elementor-button-wrapper\">\n\t\t\t\t\t<a class=\"elementor-button elementor-button-link elementor-size-md\" href=\"#\">\n\t\t\t\t\t\t<span class=\"elementor-button-content-wrapper\">\n\t\t\t\t\t\t\t\t\t<span class=\"elementor-button-text\">SKLEP TERAZ<\/span>\n\t\t\t\t\t<\/span>\n\t\t\t\t\t<\/a>\n\t\t\t\t<\/div>\n\t\t\t\t\t\t<\/div>\n\t\t\t\t<\/div>\n\t\t\t\t<div class=\"elementor-element elementor-element-5873c051 elementor-widget elementor-widget-spacer\" data-id=\"5873c051\" data-element_type=\"widget\" data-widget_type=\"spacer.default\">\n\t\t\t\t<div class=\"elementor-widget-container\">\n\t\t\t\t\t<div class=\"elementor-spacer\">\n\t\t\t<div class=\"elementor-spacer-inner\"><\/div>\n\t\t<\/div>\n\t\t\t\t<\/div>\n\t\t\t\t<\/div>\n\t\t\t\t\t<\/div>\n\t\t<\/div>\n\t\t\t\t\t<\/div>\n\t\t<\/section>\n\t\t<div class=\"elementor-element elementor-element-b895598 e-flex e-con-boxed e-con e-parent\" data-id=\"b895598\" data-element_type=\"container\">\n\t\t\t\t\t<div class=\"e-con-inner\">\n\t\t<div class=\"elementor-element elementor-element-4a5f037 e-con-full e-flex e-con e-child\" data-id=\"4a5f037\" data-element_type=\"container\">\n\t\t\t\t<div class=\"elementor-element elementor-element-c702882 elementor-position-top elementor-widget elementor-widget-image-box\" data-id=\"c702882\" data-element_type=\"widget\" data-widget_type=\"image-box.default\">\n\t\t\t\t<div class=\"elementor-widget-container\">\n\t\t\t<div class=\"elementor-image-box-wrapper\"><figure class=\"elementor-image-box-img\"><img decoding=\"async\" width=\"250\" height=\"250\" src=\"https:\/\/poudresdenarco.com\/wp-content\/uploads\/2023\/12\/home_trusted.png\" class=\"attachment-full size-full wp-image-4341\" alt=\"\" srcset=\"https:\/\/poudresdenarco.com\/wp-content\/uploads\/2023\/12\/home_trusted.png 250w, https:\/\/poudresdenarco.com\/wp-content\/uploads\/2023\/12\/home_trusted-150x150.png 150w, https:\/\/poudresdenarco.com\/wp-content\/uploads\/2023\/12\/home_trusted-100x100.png 100w\" sizes=\"(max-width: 250px) 100vw, 250px\" \/><\/figure><div class=\"elementor-image-box-content\"><h3 class=\"elementor-image-box-title\">Zawsze niezawodny<\/h3><p class=\"elementor-image-box-description\">Gwarantujemy, \u017ce wszystkie zam\u00f3wione u nas produkty dotr\u0105 na czas. Je\u015bli przesy\u0142ka pocztowa zostanie zgubiona lub skradziona, wymienimy j\u0105 bez \u017cadnych koszt\u00f3w. Wi\u0119cej informacji mo\u017cna znale\u017a\u0107 w sekcji Cz\u0119sto zadawane pytania dotycz\u0105ce wysy\u0142ki.<\/p><\/div><\/div>\t\t<\/div>\n\t\t\t\t<\/div>\n\t\t\t\t<\/div>\n\t\t<div class=\"elementor-element elementor-element-abd4475 e-con-full e-flex e-con e-child\" data-id=\"abd4475\" data-element_type=\"container\">\n\t\t\t\t<div class=\"elementor-element elementor-element-a1e793c elementor-position-top elementor-widget elementor-widget-image-box\" data-id=\"a1e793c\" data-element_type=\"widget\" data-widget_type=\"image-box.default\">\n\t\t\t\t<div class=\"elementor-widget-container\">\n\t\t\t<div class=\"elementor-image-box-wrapper\"><figure class=\"elementor-image-box-img\"><img decoding=\"async\" width=\"250\" height=\"250\" src=\"https:\/\/poudresdenarco.com\/wp-content\/uploads\/2023\/12\/home_safe.png\" class=\"attachment-full size-full wp-image-4343\" alt=\"home_safe\" srcset=\"https:\/\/poudresdenarco.com\/wp-content\/uploads\/2023\/12\/home_safe.png 250w, https:\/\/poudresdenarco.com\/wp-content\/uploads\/2023\/12\/home_safe-150x150.png 150w, https:\/\/poudresdenarco.com\/wp-content\/uploads\/2023\/12\/home_safe-100x100.png 100w\" sizes=\"(max-width: 250px) 100vw, 250px\" \/><\/figure><div class=\"elementor-image-box-content\"><h3 class=\"elementor-image-box-title\">Bezpiecze\u0144stwo i ochrona<\/h3><p class=\"elementor-image-box-description\">Jeste\u015bmy najbezpieczniejsz\u0105 i naj\u0142atwiejsz\u0105 witryn\u0105 zakup\u00f3w online na \u015bwiecie! Wysokiej jako\u015bci produkty mog\u0105 by\u0107 dostarczone prosto do Twoich drzwi, je\u015bli masz ponad 20 lat.<\/p><\/div><\/div>\t\t<\/div>\n\t\t\t\t<\/div>\n\t\t\t\t<\/div>\n\t\t<div class=\"elementor-element elementor-element-fecd12b e-con-full e-flex e-con e-child\" data-id=\"fecd12b\" data-element_type=\"container\">\n\t\t\t\t<div class=\"elementor-element elementor-element-beae278 elementor-position-top elementor-widget elementor-widget-image-box\" data-id=\"beae278\" data-element_type=\"widget\" data-widget_type=\"image-box.default\">\n\t\t\t\t<div class=\"elementor-widget-container\">\n\t\t\t<div class=\"elementor-image-box-wrapper\"><figure class=\"elementor-image-box-img\"><img loading=\"lazy\" decoding=\"async\" width=\"250\" height=\"250\" src=\"https:\/\/poudresdenarco.com\/wp-content\/uploads\/2023\/12\/home_quality.png\" class=\"attachment-full size-full wp-image-4342\" alt=\"home_quality\" srcset=\"https:\/\/poudresdenarco.com\/wp-content\/uploads\/2023\/12\/home_quality.png 250w, https:\/\/poudresdenarco.com\/wp-content\/uploads\/2023\/12\/home_quality-150x150.png 150w, https:\/\/poudresdenarco.com\/wp-content\/uploads\/2023\/12\/home_quality-100x100.png 100w\" sizes=\"(max-width: 250px) 100vw, 250px\" \/><\/figure><div class=\"elementor-image-box-content\"><h3 class=\"elementor-image-box-title\">Wysoka jako\u015b\u0107<\/h3><p class=\"elementor-image-box-description\">Nasze produkty pozyskujemy wy\u0142\u0105cznie bezpo\u015brednio od producent\u00f3w i z laboratorium NO MIDDLE MAN! Aby zapewni\u0107 bezproblemow\u0105 kontrol\u0119 jako\u015bci, rygorystycznie testujemy wszystkie nasze produkty. Mo\u017cesz by\u0107 pewien, \u017ce otrzymasz tylko to, co najlepsze!<\/p><\/div><\/div>\t\t<\/div>\n\t\t\t\t<\/div>\n\t\t\t\t<\/div>\n\t\t\t\t\t<\/div>\n\t\t\t\t<\/div>\n\t\t\t\t<\/div>","protected":false},"excerpt":{"rendered":"<p>Welcome to Poudre De Narco Poudre De Narco est une pharmacie leader o\u00f9 nous proposons une vaste collection de produits \u00e0 base de coca\u00efne, d&rsquo;h\u00e9ro\u00efne, de k\u00e9tamine et de crystal meth \u00e0 un prix tr\u00e8s raisonnable ainsi qu&rsquo;un service de livraison rapide et s\u00e9curis\u00e9 en France. Nous sommes poudredenarco.com et nous nous effor\u00e7ons de vous&hellip;<\/p>","protected":false},"author":1,"featured_media":0,"parent":0,"menu_order":0,"comment_status":"closed","ping_status":"closed","template":"template-full-width.php","meta":{"_joinchat":[],"footnotes":""},"class_list":["post-4140","page","type-page","status-publish","hentry"],"yoast_head":"<!-- This site is optimized with the Yoast SEO plugin v23.8 - https:\/\/yoast.com\/wordpress\/plugins\/seo\/ -->\n<title>\u00c0 propos - Poudresde Narco<\/title>\n<meta name=\"robots\" content=\"index, follow, max-snippet:-1, max-image-preview:large, max-video-preview:-1\" \/>\n<link rel=\"canonical\" href=\"https:\/\/poudresdenarco.com\/pl\/a-propos\/\" \/>\n<meta property=\"og:locale\" content=\"pl_PL\" \/>\n<meta property=\"og:type\" content=\"article\" \/>\n<meta property=\"og:title\" content=\"\u00c0 propos - Poudresde Narco\" \/>\n<meta property=\"og:description\" content=\"Welcome to Poudre De Narco Poudre De Narco est une pharmacie leader o\u00f9 nous proposons une vaste collection de produits \u00e0 base de coca\u00efne, d&rsquo;h\u00e9ro\u00efne, de k\u00e9tamine et de crystal meth \u00e0 un prix tr\u00e8s raisonnable ainsi qu&rsquo;un service de livraison rapide et s\u00e9curis\u00e9 en France. Nous sommes poudredenarco.com et nous nous effor\u00e7ons de vous&hellip;\" \/>\n<meta property=\"og:url\" content=\"https:\/\/poudresdenarco.com\/pl\/a-propos\/\" \/>\n<meta property=\"og:site_name\" content=\"Poudresde Narco\" \/>\n<meta property=\"article:modified_time\" content=\"2023-12-29T10:04:30+00:00\" \/>\n<meta property=\"og:image\" content=\"https:\/\/poudresdenarco.com\/wp-content\/uploads\/2023\/12\/about-banner.jpg\" \/>\n<meta name=\"twitter:card\" content=\"summary_large_image\" \/>\n<meta name=\"twitter:label1\" content=\"Szacowany czas czytania\" \/>\n\t<meta name=\"twitter:data1\" content=\"1 minuta\" \/>\n<script type=\"application\/ld+json\" class=\"yoast-schema-graph\">{\"@context\":\"https:\/\/schema.org\",\"@graph\":[{\"@type\":\"WebPage\",\"@id\":\"https:\/\/poudresdenarco.com\/a-propos\/\",\"url\":\"https:\/\/poudresdenarco.com\/a-propos\/\",\"name\":\"\u00c0 propos - Poudresde Narco\",\"isPartOf\":{\"@id\":\"https:\/\/poudresdenarco.com\/#website\"},\"primaryImageOfPage\":{\"@id\":\"https:\/\/poudresdenarco.com\/a-propos\/#primaryimage\"},\"image\":{\"@id\":\"https:\/\/poudresdenarco.com\/a-propos\/#primaryimage\"},\"thumbnailUrl\":\"https:\/\/poudresdenarco.com\/wp-content\/uploads\/2023\/12\/about-banner.jpg\",\"datePublished\":\"2017-11-28T08:26:45+00:00\",\"dateModified\":\"2023-12-29T10:04:30+00:00\",\"breadcrumb\":{\"@id\":\"https:\/\/poudresdenarco.com\/a-propos\/#breadcrumb\"},\"inLanguage\":\"pl-PL\",\"potentialAction\":[{\"@type\":\"ReadAction\",\"target\":[\"https:\/\/poudresdenarco.com\/a-propos\/\"]}]},{\"@type\":\"ImageObject\",\"inLanguage\":\"pl-PL\",\"@id\":\"https:\/\/poudresdenarco.com\/a-propos\/#primaryimage\",\"url\":\"https:\/\/poudresdenarco.com\/wp-content\/uploads\/2023\/12\/about-banner.jpg\",\"contentUrl\":\"https:\/\/poudresdenarco.com\/wp-content\/uploads\/2023\/12\/about-banner.jpg\"},{\"@type\":\"BreadcrumbList\",\"@id\":\"https:\/\/poudresdenarco.com\/a-propos\/#breadcrumb\",\"itemListElement\":[{\"@type\":\"ListItem\",\"position\":1,\"name\":\"Home\",\"item\":\"https:\/\/poudresdenarco.com\/\"},{\"@type\":\"ListItem\",\"position\":2,\"name\":\"\u00c0 propos\"}]},{\"@type\":\"WebSite\",\"@id\":\"https:\/\/poudresdenarco.com\/#website\",\"url\":\"https:\/\/poudresdenarco.com\/\",\"name\":\"Poudresde Narco\",\"description\":\"Acheter de la coca\u00efne et de l&#039;h\u00e9ro\u00efne en ligne\",\"potentialAction\":[{\"@type\":\"SearchAction\",\"target\":{\"@type\":\"EntryPoint\",\"urlTemplate\":\"https:\/\/poudresdenarco.com\/?s={search_term_string}\"},\"query-input\":{\"@type\":\"PropertyValueSpecification\",\"valueRequired\":true,\"valueName\":\"search_term_string\"}}],\"inLanguage\":\"pl-PL\"}]}<\/script>\n<!-- \/ Yoast SEO plugin. -->","yoast_head_json":{"title":"\u00c0 propos - Poudresde Narco","robots":{"index":"index","follow":"follow","max-snippet":"max-snippet:-1","max-image-preview":"max-image-preview:large","max-video-preview":"max-video-preview:-1"},"canonical":"https:\/\/poudresdenarco.com\/pl\/a-propos\/","og_locale":"pl_PL","og_type":"article","og_title":"\u00c0 propos - Poudresde Narco","og_description":"Welcome to Poudre De Narco Poudre De Narco est une pharmacie leader o\u00f9 nous proposons une vaste collection de produits \u00e0 base de coca\u00efne, d&rsquo;h\u00e9ro\u00efne, de k\u00e9tamine et de crystal meth \u00e0 un prix tr\u00e8s raisonnable ainsi qu&rsquo;un service de livraison rapide et s\u00e9curis\u00e9 en France. Nous sommes poudredenarco.com et nous nous effor\u00e7ons de vous&hellip;","og_url":"https:\/\/poudresdenarco.com\/pl\/a-propos\/","og_site_name":"Poudresde Narco","article_modified_time":"2023-12-29T10:04:30+00:00","og_image":[{"url":"https:\/\/poudresdenarco.com\/wp-content\/uploads\/2023\/12\/about-banner.jpg"}],"twitter_card":"summary_large_image","twitter_misc":{"Szacowany czas czytania":"1 minuta"},"schema":{"@context":"https:\/\/schema.org","@graph":[{"@type":"WebPage","@id":"https:\/\/poudresdenarco.com\/a-propos\/","url":"https:\/\/poudresdenarco.com\/a-propos\/","name":"\u00c0 propos - Poudresde Narco","isPartOf":{"@id":"https:\/\/poudresdenarco.com\/#website"},"primaryImageOfPage":{"@id":"https:\/\/poudresdenarco.com\/a-propos\/#primaryimage"},"image":{"@id":"https:\/\/poudresdenarco.com\/a-propos\/#primaryimage"},"thumbnailUrl":"https:\/\/poudresdenarco.com\/wp-content\/uploads\/2023\/12\/about-banner.jpg","datePublished":"2017-11-28T08:26:45+00:00","dateModified":"2023-12-29T10:04:30+00:00","breadcrumb":{"@id":"https:\/\/poudresdenarco.com\/a-propos\/#breadcrumb"},"inLanguage":"pl-PL","potentialAction":[{"@type":"ReadAction","target":["https:\/\/poudresdenarco.com\/a-propos\/"]}]},{"@type":"ImageObject","inLanguage":"pl-PL","@id":"https:\/\/poudresdenarco.com\/a-propos\/#primaryimage","url":"https:\/\/poudresdenarco.com\/wp-content\/uploads\/2023\/12\/about-banner.jpg","contentUrl":"https:\/\/poudresdenarco.com\/wp-content\/uploads\/2023\/12\/about-banner.jpg"},{"@type":"BreadcrumbList","@id":"https:\/\/poudresdenarco.com\/a-propos\/#breadcrumb","itemListElement":[{"@type":"ListItem","position":1,"name":"Home","item":"https:\/\/poudresdenarco.com\/"},{"@type":"ListItem","position":2,"name":"\u00c0 propos"}]},{"@type":"WebSite","@id":"https:\/\/poudresdenarco.com\/#website","url":"https:\/\/poudresdenarco.com\/","name":"Poudresde Narco","description":"Acheter de la coca\u00efne et de l&#039;h\u00e9ro\u00efne en ligne","potentialAction":[{"@type":"SearchAction","target":{"@type":"EntryPoint","urlTemplate":"https:\/\/poudresdenarco.com\/?s={search_term_string}"},"query-input":{"@type":"PropertyValueSpecification","valueRequired":true,"valueName":"search_term_string"}}],"inLanguage":"pl-PL"}]}},"_links":{"self":[{"href":"https:\/\/poudresdenarco.com\/pl\/wp-json\/wp\/v2\/pages\/4140","targetHints":{"allow":["GET"]}}],"collection":[{"href":"https:\/\/poudresdenarco.com\/pl\/wp-json\/wp\/v2\/pages"}],"about":[{"href":"https:\/\/poudresdenarco.com\/pl\/wp-json\/wp\/v2\/types\/page"}],"author":[{"embeddable":true,"href":"https:\/\/poudresdenarco.com\/pl\/wp-json\/wp\/v2\/users\/1"}],"replies":[{"embeddable":true,"href":"https:\/\/poudresdenarco.com\/pl\/wp-json\/wp\/v2\/comments?post=4140"}],"version-history":[{"count":16,"href":"https:\/\/poudresdenarco.com\/pl\/wp-json\/wp\/v2\/pages\/4140\/revisions"}],"predecessor-version":[{"id":4356,"href":"https:\/\/poudresdenarco.com\/pl\/wp-json\/wp\/v2\/pages\/4140\/revisions\/4356"}],"wp:attachment":[{"href":"https:\/\/poudresdenarco.com\/pl\/wp-json\/wp\/v2\/media?parent=4140"}],"curies":[{"name":"wp","href":"https:\/\/api.w.org\/{rel}","templated":true}]}}