{"id":103,"date":"2023-12-25T08:20:15","date_gmt":"2023-12-25T08:20:15","guid":{"rendered":"https:\/\/unkrautmarkt.com\/narco1\/?post_type=product&#038;p=103"},"modified":"2025-06-10T03:00:51","modified_gmt":"2025-06-10T03:00:51","slug":"heroine-afghane","status":"publish","type":"product","link":"https:\/\/poudresdenarco.com\/pl\/produkt\/afganska-heroina\/","title":{"rendered":"Afga\u0144ska heroina"},"content":{"rendered":"<h2>Kupowanie afga\u0144skiej heroiny online<\/h2>\n<p>ZOBACZ WI\u0118CEJ<a href=\"https:\/\/en.wikipedia.org\/wiki\/Heroin\">HEROINA<\/a> AFGHANE ONLINE: NAJNOWSZE BADANIA NA TEMAT PRAWDZIWEJ AFGA\u0143SKIEJ BOHATERKI<\/p>\n<p>Pozdrowienia od<a href=\"https:\/\/poudresdenarco.com\/pl\/produkt\/afganska-heroina\/\">Kupowanie afga\u0144skiej heroiny online<\/a>Najlepsze miejsce do zdobycia prawdziwej afga\u0144skiej heroiny. Nasz\u0105 specjalno\u015bci\u0105 jest oferowanie klientom najlepszej taniej afga\u0144skiej heroiny.<\/p>\n<p>pozyskiwanej bezpo\u015brednio z Afganistanu. Dzi\u0119ki wieloletniemu do\u015bwiadczeniu w tej dziedzinie stali\u015bmy si\u0119 jednym z najbardziej wiarygodnych i uczciwych dostawc\u00f3w afga\u0144skiej heroiny na rynku.<\/p>\n<h3>Zalety heroiny Aghani<\/h3>\n<p>Zakup afga\u0144skiej heroiny online to najlepsza opcja, je\u015bli chcesz uzyska\u0107 silny i przyjemny efekt. Najsilniejsze efekty sprawiaj\u0105, \u017ce ta afga\u0144ska heroina jest bardzo popularna w sprzeda\u017cy. Bior\u0105c pod uwag\u0119 powszechno\u015b\u0107 uzale\u017cnienia od opioid\u00f3w i przewlek\u0142ego b\u00f3lu we wsp\u00f3\u0142czesnym spo\u0142ecze\u0144stwie, afga\u0144ska heroina jest cz\u0119sto zalecana w leczeniu tych schorze\u0144.<\/p>\n<h3>Jak powstaje afga\u0144ska heroina?<\/h3>\n<p>Tylko na naszej stronie mo\u017cna kupi\u0107 afga\u0144sk\u0105 heroin\u0119 online w Wielkiej Brytanii. Afga\u0144ska heroina pochodzi z opium. Morfina i kodeina s\u0105 naturalnie wytwarzane przez mak lekarski. Afga\u0144ska heroina jest wytwarzana poprzez gotowanie opium, a\u017c zamieni si\u0119 w czarn\u0105, lepk\u0105 smo\u0142\u0119, a nast\u0119pnie filtrowanie go przez gaz\u0119 w celu usuni\u0119cia zanieczyszcze\u0144. Ta czarna smo\u0142a jest suszona i mielona na proszek przed u\u017cyciem do produkcji cegie\u0142 lub tabletek.<\/p>\n<p>Kup afga\u0144sk\u0105 heroin\u0119, kt\u00f3ra wyst\u0119puje w r\u00f3\u017cnych formach i funkcjach. Najpopularniejsza odmiana afga\u0144skiej heroiny nazywana jest \"surowym opium\" lub bia\u0142\u0105 heroin\u0105 i generalnie jest gorszej jako\u015bci. Br\u0105zowa heroina, wytwarzana z cz\u0119\u015bciowo wysuszonej czarnej smo\u0142y, jest cz\u0119\u015bciej u\u017cywana ze wzgl\u0119du na swoj\u0105 moc. Chocia\u017c ciemnobr\u0105zowa heroina oferuje najsilniejsze efekty, ma r\u00f3wnie\u017c najwi\u0119kszy potencja\u0142 do nadu\u017cy\u0107, poniewa\u017c jest wytwarzana z ca\u0142kowicie wysuszonej czarnej smo\u0142y.<\/p>\n<h3>Jak powstaje afga\u0144ska heroina?<\/h3>\n<p>Tylko na naszej stronie mo\u017cna kupi\u0107 afga\u0144sk\u0105 heroin\u0119 online w Wielkiej Brytanii. Afga\u0144ska heroina pochodzi z opium. Morfina i kodeina s\u0105 naturalnie wytwarzane przez mak lekarski. Afga\u0144ska heroina jest wytwarzana poprzez gotowanie opium, a\u017c zamieni si\u0119 w czarn\u0105, lepk\u0105 smo\u0142\u0119, a nast\u0119pnie filtrowanie go przez gaz\u0119 w celu usuni\u0119cia zanieczyszcze\u0144. Ta czarna smo\u0142a jest suszona i mielona na proszek przed u\u017cyciem do produkcji cegie\u0142 lub tabletek.<\/p>\n<p>Kup afga\u0144sk\u0105 heroin\u0119, kt\u00f3ra wyst\u0119puje w r\u00f3\u017cnych formach i funkcjach. Najpopularniejsza odmiana afga\u0144skiej heroiny nazywana jest \"surowym opium\" lub bia\u0142\u0105 heroin\u0105 i generalnie jest gorszej jako\u015bci. Br\u0105zowa heroina, wytwarzana z cz\u0119\u015bciowo wysuszonej czarnej smo\u0142y, jest cz\u0119\u015bciej u\u017cywana ze wzgl\u0119du na swoj\u0105 moc. Chocia\u017c ciemnobr\u0105zowa heroina oferuje najsilniejsze efekty, ma r\u00f3wnie\u017c najwi\u0119kszy potencja\u0142 do nadu\u017cy\u0107, poniewa\u017c jest wytwarzana z ca\u0142kowicie wysuszonej czarnej smo\u0142y.<\/p>\n<h3>z powodu trudno\u015bci w zarz\u0105dzaniu dosaDlaczego warto kupi\u0107 afga\u0144sk\u0105 heroin\u0119 online?<\/h3>\n<p>Rozumiemy, \u017ce znalezienie wiarygodnego dostawcy taniej afga\u0144skiej heroiny mo\u017ce by\u0107 trudne i zniech\u0119caj\u0105ce. Trudno jest okre\u015bli\u0107, komu mo\u017cna zaufa\u0107, gdy istnieje tak wiele podrobionych produkt\u00f3w i w\u0105tpliwych sprzedawc\u00f3w. W Buy Afghan Heroin Online chcemy, aby nasi klienci mieli proste i bezpieczne do\u015bwiadczenie zakupowe, dlatego oferujemy nast\u0119puj\u0105ce korzy\u015bci:<\/p>\n<h3>Oryginalna afga\u0144ska heroina na sprzeda\u017c w przyst\u0119pnych cenach<\/h3>\n<p>Aby zapewni\u0107 najlepsz\u0105 dost\u0119pn\u0105 heroin\u0119, wsp\u00f3\u0142pracujemy bezpo\u015brednio z wiarygodnymi \u017ar\u00f3d\u0142ami w Afganistanie. Zapewniamy, \u017ce nasze produkty s\u0105 czyste i silne oraz \u017ce s\u0105 w 100 % legalne. Nasze produkty s\u0105 konkurencyjne cenowo i wierzymy, \u017ce ka\u017cdy powinien mie\u0107 dost\u0119p do wysokiej jako\u015bci heroiny w przyst\u0119pnej cenie.<\/p>","protected":false},"excerpt":{"rendered":"<p>Acheter de l&rsquo;h\u00e9ro\u00efne afghane en ligne OBTENEZ DE L&rsquo;H\u00c9RO\u00cfNE AFGHANE EN LIGNE\u00a0: LA RECHERCHE DERNI\u00c8RE POSSIBLE SUR LA VRAIE H\u00c9RO\u00cfNE AFGHANE Salutations de la part d&rsquo;Acheter de l&rsquo;h\u00e9ro\u00efne afghane en ligne, le meilleur endroit pour obtenir de la v\u00e9ritable h\u00e9ro\u00efne afghane. Notre sp\u00e9cialit\u00e9 est d&rsquo;offrir la meilleure h\u00e9ro\u00efne afghane bon march\u00e9 \u00e0 nos clients. obtenu&hellip;<\/p>","protected":false},"featured_media":251,"comment_status":"open","ping_status":"closed","template":"","meta":{"_joinchat":[]},"product_cat":[17],"product_tag":[],"class_list":{"0":"post-103","1":"product","2":"type-product","3":"status-publish","4":"has-post-thumbnail","6":"product_cat-de-heroine","8":"first","9":"instock","10":"shipping-taxable","11":"purchasable","12":"product-type-variable","13":"col-xs-6 col-sm-4","14":"col-md-3 col-lg-3","15":"un-4-cols"},"yoast_head":"<!-- This site is optimized with the Yoast SEO plugin v23.8 - https:\/\/yoast.com\/wordpress\/plugins\/seo\/ -->\n<title>Acheter de l&#039;h\u00e9ro\u00efne afghane en ligne - H\u00e9ro\u00efne afghane \u00e0 vendre<\/title>\n<meta name=\"description\" content=\"C&#039;est le meilleur moment pour visiter notre boutique en ligne PoudresDenarco et acheter de l&#039;h\u00e9ro\u00efne afghane en ligne. Nous avons de l&#039;h\u00e9ro\u00efne afghane \u00e0 vendre ici. Rencontrez-nous en ligne et passez votre commande d\u00e8s aujourd&#039;hui !\" \/>\n<meta name=\"robots\" content=\"index, follow, max-snippet:-1, max-image-preview:large, max-video-preview:-1\" \/>\n<link rel=\"canonical\" href=\"https:\/\/poudresdenarco.com\/pl\/produkt\/afganska-heroina\/\" \/>\n<meta property=\"og:locale\" content=\"pl_PL\" \/>\n<meta property=\"og:type\" content=\"article\" \/>\n<meta property=\"og:title\" content=\"Acheter de l&#039;h\u00e9ro\u00efne afghane en ligne - H\u00e9ro\u00efne afghane \u00e0 vendre\" \/>\n<meta property=\"og:description\" content=\"C&#039;est le meilleur moment pour visiter notre boutique en ligne PoudresDenarco et acheter de l&#039;h\u00e9ro\u00efne afghane en ligne. Nous avons de l&#039;h\u00e9ro\u00efne afghane \u00e0 vendre ici. Rencontrez-nous en ligne et passez votre commande d\u00e8s aujourd&#039;hui !\" \/>\n<meta property=\"og:url\" content=\"https:\/\/poudresdenarco.com\/pl\/produkt\/afganska-heroina\/\" \/>\n<meta property=\"og:site_name\" content=\"Poudresde Narco\" \/>\n<meta property=\"article:modified_time\" content=\"2025-06-10T03:00:51+00:00\" \/>\n<meta property=\"og:image\" content=\"https:\/\/poudresdenarco.com\/wp-content\/uploads\/2023\/12\/Afghan-Heroin-white.jpg\" \/>\n\t<meta property=\"og:image:width\" content=\"600\" \/>\n\t<meta property=\"og:image:height\" content=\"600\" \/>\n\t<meta property=\"og:image:type\" content=\"image\/jpeg\" \/>\n<meta name=\"twitter:card\" content=\"summary_large_image\" \/>\n<meta name=\"twitter:label1\" content=\"Szacowany czas czytania\" \/>\n\t<meta name=\"twitter:data1\" content=\"4 minuty\" \/>\n<script type=\"application\/ld+json\" class=\"yoast-schema-graph\">{\"@context\":\"https:\/\/schema.org\",\"@graph\":[{\"@type\":\"WebPage\",\"@id\":\"https:\/\/poudresdenarco.com\/produit\/heroine-afghane\/\",\"url\":\"https:\/\/poudresdenarco.com\/produit\/heroine-afghane\/\",\"name\":\"Acheter de l'h\u00e9ro\u00efne afghane en ligne - H\u00e9ro\u00efne afghane \u00e0 vendre\",\"isPartOf\":{\"@id\":\"https:\/\/poudresdenarco.com\/#website\"},\"primaryImageOfPage\":{\"@id\":\"https:\/\/poudresdenarco.com\/produit\/heroine-afghane\/#primaryimage\"},\"image\":{\"@id\":\"https:\/\/poudresdenarco.com\/produit\/heroine-afghane\/#primaryimage\"},\"thumbnailUrl\":\"https:\/\/poudresdenarco.com\/wp-content\/uploads\/2023\/12\/Afghan-Heroin-white.jpg\",\"datePublished\":\"2023-12-25T08:20:15+00:00\",\"dateModified\":\"2025-06-10T03:00:51+00:00\",\"description\":\"C'est le meilleur moment pour visiter notre boutique en ligne PoudresDenarco et acheter de l'h\u00e9ro\u00efne afghane en ligne. Nous avons de l'h\u00e9ro\u00efne afghane \u00e0 vendre ici. Rencontrez-nous en ligne et passez votre commande d\u00e8s aujourd'hui !\",\"breadcrumb\":{\"@id\":\"https:\/\/poudresdenarco.com\/produit\/heroine-afghane\/#breadcrumb\"},\"inLanguage\":\"pl-PL\",\"potentialAction\":[{\"@type\":\"ReadAction\",\"target\":[\"https:\/\/poudresdenarco.com\/produit\/heroine-afghane\/\"]}]},{\"@type\":\"ImageObject\",\"inLanguage\":\"pl-PL\",\"@id\":\"https:\/\/poudresdenarco.com\/produit\/heroine-afghane\/#primaryimage\",\"url\":\"https:\/\/poudresdenarco.com\/wp-content\/uploads\/2023\/12\/Afghan-Heroin-white.jpg\",\"contentUrl\":\"https:\/\/poudresdenarco.com\/wp-content\/uploads\/2023\/12\/Afghan-Heroin-white.jpg\",\"width\":600,\"height\":600,\"caption\":\"Afghan-Heroin-white\"},{\"@type\":\"BreadcrumbList\",\"@id\":\"https:\/\/poudresdenarco.com\/produit\/heroine-afghane\/#breadcrumb\",\"itemListElement\":[{\"@type\":\"ListItem\",\"position\":1,\"name\":\"Home\",\"item\":\"https:\/\/poudresdenarco.com\/\"},{\"@type\":\"ListItem\",\"position\":2,\"name\":\"Boutique\",\"item\":\"https:\/\/poudresdenarco.com\/boutique\/\"},{\"@type\":\"ListItem\",\"position\":3,\"name\":\"H\u00e9ro\u00efne afghane\"}]},{\"@type\":\"WebSite\",\"@id\":\"https:\/\/poudresdenarco.com\/#website\",\"url\":\"https:\/\/poudresdenarco.com\/\",\"name\":\"Poudresde Narco\",\"description\":\"Acheter de la coca\u00efne et de l&#039;h\u00e9ro\u00efne en ligne\",\"potentialAction\":[{\"@type\":\"SearchAction\",\"target\":{\"@type\":\"EntryPoint\",\"urlTemplate\":\"https:\/\/poudresdenarco.com\/?s={search_term_string}\"},\"query-input\":{\"@type\":\"PropertyValueSpecification\",\"valueRequired\":true,\"valueName\":\"search_term_string\"}}],\"inLanguage\":\"pl-PL\"}]}<\/script>\n<!-- \/ Yoast SEO plugin. -->","yoast_head_json":{"title":"Acheter de l'h\u00e9ro\u00efne afghane en ligne - H\u00e9ro\u00efne afghane \u00e0 vendre","description":"C'est le meilleur moment pour visiter notre boutique en ligne PoudresDenarco et acheter de l'h\u00e9ro\u00efne afghane en ligne. Nous avons de l'h\u00e9ro\u00efne afghane \u00e0 vendre ici. Rencontrez-nous en ligne et passez votre commande d\u00e8s aujourd'hui !","robots":{"index":"index","follow":"follow","max-snippet":"max-snippet:-1","max-image-preview":"max-image-preview:large","max-video-preview":"max-video-preview:-1"},"canonical":"https:\/\/poudresdenarco.com\/pl\/produkt\/afganska-heroina\/","og_locale":"pl_PL","og_type":"article","og_title":"Acheter de l'h\u00e9ro\u00efne afghane en ligne - H\u00e9ro\u00efne afghane \u00e0 vendre","og_description":"C'est le meilleur moment pour visiter notre boutique en ligne PoudresDenarco et acheter de l'h\u00e9ro\u00efne afghane en ligne. Nous avons de l'h\u00e9ro\u00efne afghane \u00e0 vendre ici. Rencontrez-nous en ligne et passez votre commande d\u00e8s aujourd'hui !","og_url":"https:\/\/poudresdenarco.com\/pl\/produkt\/afganska-heroina\/","og_site_name":"Poudresde Narco","article_modified_time":"2025-06-10T03:00:51+00:00","og_image":[{"width":600,"height":600,"url":"https:\/\/poudresdenarco.com\/wp-content\/uploads\/2023\/12\/Afghan-Heroin-white.jpg","type":"image\/jpeg"}],"twitter_card":"summary_large_image","twitter_misc":{"Szacowany czas czytania":"4 minuty"},"schema":{"@context":"https:\/\/schema.org","@graph":[{"@type":"WebPage","@id":"https:\/\/poudresdenarco.com\/produit\/heroine-afghane\/","url":"https:\/\/poudresdenarco.com\/produit\/heroine-afghane\/","name":"Acheter de l'h\u00e9ro\u00efne afghane en ligne - H\u00e9ro\u00efne afghane \u00e0 vendre","isPartOf":{"@id":"https:\/\/poudresdenarco.com\/#website"},"primaryImageOfPage":{"@id":"https:\/\/poudresdenarco.com\/produit\/heroine-afghane\/#primaryimage"},"image":{"@id":"https:\/\/poudresdenarco.com\/produit\/heroine-afghane\/#primaryimage"},"thumbnailUrl":"https:\/\/poudresdenarco.com\/wp-content\/uploads\/2023\/12\/Afghan-Heroin-white.jpg","datePublished":"2023-12-25T08:20:15+00:00","dateModified":"2025-06-10T03:00:51+00:00","description":"C'est le meilleur moment pour visiter notre boutique en ligne PoudresDenarco et acheter de l'h\u00e9ro\u00efne afghane en ligne. Nous avons de l'h\u00e9ro\u00efne afghane \u00e0 vendre ici. Rencontrez-nous en ligne et passez votre commande d\u00e8s aujourd'hui !","breadcrumb":{"@id":"https:\/\/poudresdenarco.com\/produit\/heroine-afghane\/#breadcrumb"},"inLanguage":"pl-PL","potentialAction":[{"@type":"ReadAction","target":["https:\/\/poudresdenarco.com\/produit\/heroine-afghane\/"]}]},{"@type":"ImageObject","inLanguage":"pl-PL","@id":"https:\/\/poudresdenarco.com\/produit\/heroine-afghane\/#primaryimage","url":"https:\/\/poudresdenarco.com\/wp-content\/uploads\/2023\/12\/Afghan-Heroin-white.jpg","contentUrl":"https:\/\/poudresdenarco.com\/wp-content\/uploads\/2023\/12\/Afghan-Heroin-white.jpg","width":600,"height":600,"caption":"Afghan-Heroin-white"},{"@type":"BreadcrumbList","@id":"https:\/\/poudresdenarco.com\/produit\/heroine-afghane\/#breadcrumb","itemListElement":[{"@type":"ListItem","position":1,"name":"Home","item":"https:\/\/poudresdenarco.com\/"},{"@type":"ListItem","position":2,"name":"Boutique","item":"https:\/\/poudresdenarco.com\/boutique\/"},{"@type":"ListItem","position":3,"name":"H\u00e9ro\u00efne afghane"}]},{"@type":"WebSite","@id":"https:\/\/poudresdenarco.com\/#website","url":"https:\/\/poudresdenarco.com\/","name":"Poudresde Narco","description":"Acheter de la coca\u00efne et de l&#039;h\u00e9ro\u00efne en ligne","potentialAction":[{"@type":"SearchAction","target":{"@type":"EntryPoint","urlTemplate":"https:\/\/poudresdenarco.com\/?s={search_term_string}"},"query-input":{"@type":"PropertyValueSpecification","valueRequired":true,"valueName":"search_term_string"}}],"inLanguage":"pl-PL"}]}},"_links":{"self":[{"href":"https:\/\/poudresdenarco.com\/pl\/wp-json\/wp\/v2\/product\/103","targetHints":{"allow":["GET"]}}],"collection":[{"href":"https:\/\/poudresdenarco.com\/pl\/wp-json\/wp\/v2\/product"}],"about":[{"href":"https:\/\/poudresdenarco.com\/pl\/wp-json\/wp\/v2\/types\/product"}],"replies":[{"embeddable":true,"href":"https:\/\/poudresdenarco.com\/pl\/wp-json\/wp\/v2\/comments?post=103"}],"wp:featuredmedia":[{"embeddable":true,"href":"https:\/\/poudresdenarco.com\/pl\/wp-json\/wp\/v2\/media\/251"}],"wp:attachment":[{"href":"https:\/\/poudresdenarco.com\/pl\/wp-json\/wp\/v2\/media?parent=103"}],"wp:term":[{"taxonomy":"product_cat","embeddable":true,"href":"https:\/\/poudresdenarco.com\/pl\/wp-json\/wp\/v2\/product_cat?post=103"},{"taxonomy":"product_tag","embeddable":true,"href":"https:\/\/poudresdenarco.com\/pl\/wp-json\/wp\/v2\/product_tag?post=103"}],"curies":[{"name":"wp","href":"https:\/\/api.w.org\/{rel}","templated":true}]}}