{"id":104,"date":"2023-12-25T08:20:15","date_gmt":"2023-12-25T08:20:15","guid":{"rendered":"https:\/\/unkrautmarkt.com\/narco1\/?post_type=product&#038;p=104"},"modified":"2025-06-05T10:58:56","modified_gmt":"2025-06-05T10:58:56","slug":"heroine-blanche-de-chine","status":"publish","type":"product","link":"https:\/\/poudresdenarco.com\/pl\/produkt\/\u043a\u0438\u0442\u0430\u0439-\u0431\u0456\u043b\u0438\u0439-\u0433\u0435\u0440\u043e\u0457\u043d\/","title":{"rendered":"Chi\u0144ska bia\u0142a heroina"},"content":{"rendered":"<h2><span style=\"vertical-align: inherit;\"><span style=\"vertical-align: inherit;\">Buy China White Heroin Online<\/span><\/span><\/h2>\n<p><span style=\"vertical-align: inherit;\"><span style=\"vertical-align: inherit;\">GET WHITE <\/span><\/span><a href=\"https:\/\/en.wikipedia.org\/wiki\/Heroin\"><span style=\"vertical-align: inherit;\"><span style=\"vertical-align: inherit;\">HEROIN<\/span><\/span><\/a><span style=\"vertical-align: inherit;\"><span style=\"vertical-align: inherit;\"> FROM CHINA VIA INTERNET SAFELY AND SECURELY<\/span><\/span><\/p>\n<p><span style=\"vertical-align: inherit;\"><span style=\"vertical-align: inherit;\">Greetings from our website, which offers a reliable and secure online ordering platform for China White Heroin. We understand that addiction is a complex issue. We offer a secret and convenient alternative to buying China White Heroin online and avoid the dangers associated with purchasing it from dubious sources. We strive to provide our customers with high-quality items at reasonable costs since we care about their safety and well-being.<\/span><\/span><\/p>\n<h3><span style=\"vertical-align: inherit;\"><span style=\"vertical-align: inherit;\">White Heroin from China: What is it?<\/span><\/span><\/h3>\n<p><span style=\"vertical-align: inherit;\"><span style=\"vertical-align: inherit;\">One of the most powerful opiates on the market is China White heroin, which is an extremely pure and refined form of heroin. It usually comes from Southeast Asia and is available in rock or powder form. Due to the strength of China White heroin, the Chinese heroin sold can be deadly and its use can easily lead to addiction.<\/span><\/span><\/p>\n<h3><span style=\"vertical-align: inherit;\"><span style=\"vertical-align: inherit;\">Benefits of China White Heroin<\/span><\/span><\/h3>\n<p><span style=\"vertical-align: inherit;\"><span style=\"vertical-align: inherit;\">The only place to get China <\/span><\/span><a href=\"https:\/\/poudresdenarco.com\/pl\/produkt\/\u043a\u0438\u0442\u0430\u0439-\u0431\u0456\u043b\u0438\u0439-\u0433\u0435\u0440\u043e\u0457\u043d\/\"><span style=\"vertical-align: inherit;\"><span style=\"vertical-align: inherit;\">White Heroin<\/span><\/span><\/a><span style=\"vertical-align: inherit;\"><span style=\"vertical-align: inherit;\"> online, a highly pure and premium heroin substance, is at LegitPowders.com. Unlike other heroin strains that can be combined with other substances to increase potency and generate other types of narcotics, China White Heroin is pure and consistent. Its effects will not become stronger because of the other substances present in your body.<\/span><\/span><\/p>\n<p><span style=\"vertical-align: inherit;\"><span style=\"vertical-align: inherit;\">China White Heroin is a fantastic choice if you want a powerful high without the risks and unpleasant side effects of other opioids like morphine or fentanyl. Come see us if you are looking for China White Heroin for sale.<\/span><\/span><\/p>\n<h3><span style=\"vertical-align: inherit;\"><span style=\"vertical-align: inherit;\">Reputable and Trusted Sources for Black Tar Heroin Purchases<\/span><\/span><\/h3>\n<p><span style=\"vertical-align: inherit;\"><span style=\"vertical-align: inherit;\">It is essential to obtain brown powder heroin from reputable and trusted suppliers. We have a history of providing top-notch products and top-notch customer support through our online store. We use discreet packaging to ensure your products arrive safely as we take the privacy and security of our consumers very seriously. You have come to the right place if you are looking to buy white heroin from China online in the UK. For anyone looking to purchase this powerful opiate, our website offers a safe and user-friendly platform. You can feel secure in the knowledge that your purchase is in good hands as we take great care to ensure the safety and security of every transaction.<\/span><\/span><\/p>\n<p><span style=\"vertical-align: inherit;\"><span style=\"vertical-align: inherit;\">Customers in the UK can order cheap China White Heroin from our website for delivery. We can deliver your China White Heroin directly to your door with our discreet packaging and fast shipping. We supply China White Heroin at a fair price. To ensure you get the best product for your money, our staff source premium products. Whatever your level of use, from the occasional user to the dedicated addict, we also offer a range of quantities to suit your needs.<\/span><\/span><\/p>","protected":false},"excerpt":{"rendered":"<p>Buy China White Heroin Online GET WHITE HEROIN FROM CHINA VIA INTERNET SAFELY AND SECURELY Greetings from our website, which offers a reliable and secure online ordering platform for China White Heroin. We understand that addiction is a complex issue. We offer a secret and convenient alternative to buying China White Heroin online and avoid&hellip;<\/p>","protected":false},"featured_media":268,"comment_status":"open","ping_status":"closed","template":"","meta":{"_joinchat":[]},"product_cat":[17],"product_tag":[],"class_list":{"0":"post-104","1":"product","2":"type-product","3":"status-publish","4":"has-post-thumbnail","6":"product_cat-de-heroine","8":"first","9":"instock","10":"shipping-taxable","11":"purchasable","12":"product-type-variable","13":"col-xs-6 col-sm-4","14":"col-md-3 col-lg-3","15":"un-4-cols"},"yoast_head":"<!-- This site is optimized with the Yoast SEO plugin v23.8 - https:\/\/yoast.com\/wordpress\/plugins\/seo\/ -->\n<title>Acheter H\u00e9ro\u00efne Blanche de Chine en ligne - H\u00e9ro\u00efne Blanche de Chine \u00e0 vendre<\/title>\n<meta name=\"description\" content=\"Nous sommes le magasin leader proposant de la White Heroine of China \u00e0 la vente. Si vous souhaitez acheter de la White Heroine of China en ligne, contactez-nous imm\u00e9diatement et faites livrer votre commande. Commandez maintenant !\" \/>\n<meta name=\"robots\" content=\"index, follow, max-snippet:-1, max-image-preview:large, max-video-preview:-1\" \/>\n<link rel=\"canonical\" href=\"https:\/\/poudresdenarco.com\/pl\/produkt\/\u043a\u0438\u0442\u0430\u0439-\u0431\u0456\u043b\u0438\u0439-\u0433\u0435\u0440\u043e\u0457\u043d\/\" \/>\n<meta property=\"og:locale\" content=\"pl_PL\" \/>\n<meta property=\"og:type\" content=\"article\" \/>\n<meta property=\"og:title\" content=\"Acheter H\u00e9ro\u00efne Blanche de Chine en ligne - H\u00e9ro\u00efne Blanche de Chine \u00e0 vendre\" \/>\n<meta property=\"og:description\" content=\"Nous sommes le magasin leader proposant de la White Heroine of China \u00e0 la vente. Si vous souhaitez acheter de la White Heroine of China en ligne, contactez-nous imm\u00e9diatement et faites livrer votre commande. Commandez maintenant !\" \/>\n<meta property=\"og:url\" content=\"https:\/\/poudresdenarco.com\/pl\/produkt\/\u043a\u0438\u0442\u0430\u0439-\u0431\u0456\u043b\u0438\u0439-\u0433\u0435\u0440\u043e\u0457\u043d\/\" \/>\n<meta property=\"og:site_name\" content=\"Poudresde Narco\" \/>\n<meta property=\"article:modified_time\" content=\"2025-06-05T10:58:56+00:00\" \/>\n<meta property=\"og:image\" content=\"https:\/\/poudresdenarco.com\/wp-content\/uploads\/2023\/12\/China-White-Heroin.jpg\" \/>\n\t<meta property=\"og:image:width\" content=\"600\" \/>\n\t<meta property=\"og:image:height\" content=\"600\" \/>\n\t<meta property=\"og:image:type\" content=\"image\/jpeg\" \/>\n<meta name=\"twitter:card\" content=\"summary_large_image\" \/>\n<meta name=\"twitter:label1\" content=\"Szacowany czas czytania\" \/>\n\t<meta name=\"twitter:data1\" content=\"3 minuty\" \/>\n<script type=\"application\/ld+json\" class=\"yoast-schema-graph\">{\"@context\":\"https:\/\/schema.org\",\"@graph\":[{\"@type\":\"WebPage\",\"@id\":\"https:\/\/poudresdenarco.com\/produit\/heroine-blanche-de-chine\/\",\"url\":\"https:\/\/poudresdenarco.com\/produit\/heroine-blanche-de-chine\/\",\"name\":\"Acheter H\u00e9ro\u00efne Blanche de Chine en ligne - H\u00e9ro\u00efne Blanche de Chine \u00e0 vendre\",\"isPartOf\":{\"@id\":\"https:\/\/poudresdenarco.com\/#website\"},\"primaryImageOfPage\":{\"@id\":\"https:\/\/poudresdenarco.com\/produit\/heroine-blanche-de-chine\/#primaryimage\"},\"image\":{\"@id\":\"https:\/\/poudresdenarco.com\/produit\/heroine-blanche-de-chine\/#primaryimage\"},\"thumbnailUrl\":\"https:\/\/poudresdenarco.com\/wp-content\/uploads\/2023\/12\/China-White-Heroin.jpg\",\"datePublished\":\"2023-12-25T08:20:15+00:00\",\"dateModified\":\"2025-06-05T10:58:56+00:00\",\"description\":\"Nous sommes le magasin leader proposant de la White Heroine of China \u00e0 la vente. Si vous souhaitez acheter de la White Heroine of China en ligne, contactez-nous imm\u00e9diatement et faites livrer votre commande. Commandez maintenant !\",\"breadcrumb\":{\"@id\":\"https:\/\/poudresdenarco.com\/produit\/heroine-blanche-de-chine\/#breadcrumb\"},\"inLanguage\":\"pl-PL\",\"potentialAction\":[{\"@type\":\"ReadAction\",\"target\":[\"https:\/\/poudresdenarco.com\/produit\/heroine-blanche-de-chine\/\"]}]},{\"@type\":\"ImageObject\",\"inLanguage\":\"pl-PL\",\"@id\":\"https:\/\/poudresdenarco.com\/produit\/heroine-blanche-de-chine\/#primaryimage\",\"url\":\"https:\/\/poudresdenarco.com\/wp-content\/uploads\/2023\/12\/China-White-Heroin.jpg\",\"contentUrl\":\"https:\/\/poudresdenarco.com\/wp-content\/uploads\/2023\/12\/China-White-Heroin.jpg\",\"width\":600,\"height\":600,\"caption\":\"China-White-Heroin\"},{\"@type\":\"BreadcrumbList\",\"@id\":\"https:\/\/poudresdenarco.com\/produit\/heroine-blanche-de-chine\/#breadcrumb\",\"itemListElement\":[{\"@type\":\"ListItem\",\"position\":1,\"name\":\"Home\",\"item\":\"https:\/\/poudresdenarco.com\/\"},{\"@type\":\"ListItem\",\"position\":2,\"name\":\"Boutique\",\"item\":\"https:\/\/poudresdenarco.com\/boutique\/\"},{\"@type\":\"ListItem\",\"position\":3,\"name\":\"H\u00e9ro\u00efne blanche de Chine\"}]},{\"@type\":\"WebSite\",\"@id\":\"https:\/\/poudresdenarco.com\/#website\",\"url\":\"https:\/\/poudresdenarco.com\/\",\"name\":\"Poudresde Narco\",\"description\":\"Acheter de la coca\u00efne et de l&#039;h\u00e9ro\u00efne en ligne\",\"potentialAction\":[{\"@type\":\"SearchAction\",\"target\":{\"@type\":\"EntryPoint\",\"urlTemplate\":\"https:\/\/poudresdenarco.com\/?s={search_term_string}\"},\"query-input\":{\"@type\":\"PropertyValueSpecification\",\"valueRequired\":true,\"valueName\":\"search_term_string\"}}],\"inLanguage\":\"pl-PL\"}]}<\/script>\n<!-- \/ Yoast SEO plugin. -->","yoast_head_json":{"title":"Acheter H\u00e9ro\u00efne Blanche de Chine en ligne - H\u00e9ro\u00efne Blanche de Chine \u00e0 vendre","description":"Nous sommes le magasin leader proposant de la White Heroine of China \u00e0 la vente. Si vous souhaitez acheter de la White Heroine of China en ligne, contactez-nous imm\u00e9diatement et faites livrer votre commande. Commandez maintenant !","robots":{"index":"index","follow":"follow","max-snippet":"max-snippet:-1","max-image-preview":"max-image-preview:large","max-video-preview":"max-video-preview:-1"},"canonical":"https:\/\/poudresdenarco.com\/pl\/produkt\/\u043a\u0438\u0442\u0430\u0439-\u0431\u0456\u043b\u0438\u0439-\u0433\u0435\u0440\u043e\u0457\u043d\/","og_locale":"pl_PL","og_type":"article","og_title":"Acheter H\u00e9ro\u00efne Blanche de Chine en ligne - H\u00e9ro\u00efne Blanche de Chine \u00e0 vendre","og_description":"Nous sommes le magasin leader proposant de la White Heroine of China \u00e0 la vente. Si vous souhaitez acheter de la White Heroine of China en ligne, contactez-nous imm\u00e9diatement et faites livrer votre commande. Commandez maintenant !","og_url":"https:\/\/poudresdenarco.com\/pl\/produkt\/\u043a\u0438\u0442\u0430\u0439-\u0431\u0456\u043b\u0438\u0439-\u0433\u0435\u0440\u043e\u0457\u043d\/","og_site_name":"Poudresde Narco","article_modified_time":"2025-06-05T10:58:56+00:00","og_image":[{"width":600,"height":600,"url":"https:\/\/poudresdenarco.com\/wp-content\/uploads\/2023\/12\/China-White-Heroin.jpg","type":"image\/jpeg"}],"twitter_card":"summary_large_image","twitter_misc":{"Szacowany czas czytania":"3 minuty"},"schema":{"@context":"https:\/\/schema.org","@graph":[{"@type":"WebPage","@id":"https:\/\/poudresdenarco.com\/produit\/heroine-blanche-de-chine\/","url":"https:\/\/poudresdenarco.com\/produit\/heroine-blanche-de-chine\/","name":"Acheter H\u00e9ro\u00efne Blanche de Chine en ligne - H\u00e9ro\u00efne Blanche de Chine \u00e0 vendre","isPartOf":{"@id":"https:\/\/poudresdenarco.com\/#website"},"primaryImageOfPage":{"@id":"https:\/\/poudresdenarco.com\/produit\/heroine-blanche-de-chine\/#primaryimage"},"image":{"@id":"https:\/\/poudresdenarco.com\/produit\/heroine-blanche-de-chine\/#primaryimage"},"thumbnailUrl":"https:\/\/poudresdenarco.com\/wp-content\/uploads\/2023\/12\/China-White-Heroin.jpg","datePublished":"2023-12-25T08:20:15+00:00","dateModified":"2025-06-05T10:58:56+00:00","description":"Nous sommes le magasin leader proposant de la White Heroine of China \u00e0 la vente. Si vous souhaitez acheter de la White Heroine of China en ligne, contactez-nous imm\u00e9diatement et faites livrer votre commande. Commandez maintenant !","breadcrumb":{"@id":"https:\/\/poudresdenarco.com\/produit\/heroine-blanche-de-chine\/#breadcrumb"},"inLanguage":"pl-PL","potentialAction":[{"@type":"ReadAction","target":["https:\/\/poudresdenarco.com\/produit\/heroine-blanche-de-chine\/"]}]},{"@type":"ImageObject","inLanguage":"pl-PL","@id":"https:\/\/poudresdenarco.com\/produit\/heroine-blanche-de-chine\/#primaryimage","url":"https:\/\/poudresdenarco.com\/wp-content\/uploads\/2023\/12\/China-White-Heroin.jpg","contentUrl":"https:\/\/poudresdenarco.com\/wp-content\/uploads\/2023\/12\/China-White-Heroin.jpg","width":600,"height":600,"caption":"China-White-Heroin"},{"@type":"BreadcrumbList","@id":"https:\/\/poudresdenarco.com\/produit\/heroine-blanche-de-chine\/#breadcrumb","itemListElement":[{"@type":"ListItem","position":1,"name":"Home","item":"https:\/\/poudresdenarco.com\/"},{"@type":"ListItem","position":2,"name":"Boutique","item":"https:\/\/poudresdenarco.com\/boutique\/"},{"@type":"ListItem","position":3,"name":"H\u00e9ro\u00efne blanche de Chine"}]},{"@type":"WebSite","@id":"https:\/\/poudresdenarco.com\/#website","url":"https:\/\/poudresdenarco.com\/","name":"Poudresde Narco","description":"Acheter de la coca\u00efne et de l&#039;h\u00e9ro\u00efne en ligne","potentialAction":[{"@type":"SearchAction","target":{"@type":"EntryPoint","urlTemplate":"https:\/\/poudresdenarco.com\/?s={search_term_string}"},"query-input":{"@type":"PropertyValueSpecification","valueRequired":true,"valueName":"search_term_string"}}],"inLanguage":"pl-PL"}]}},"_links":{"self":[{"href":"https:\/\/poudresdenarco.com\/pl\/wp-json\/wp\/v2\/product\/104","targetHints":{"allow":["GET"]}}],"collection":[{"href":"https:\/\/poudresdenarco.com\/pl\/wp-json\/wp\/v2\/product"}],"about":[{"href":"https:\/\/poudresdenarco.com\/pl\/wp-json\/wp\/v2\/types\/product"}],"replies":[{"embeddable":true,"href":"https:\/\/poudresdenarco.com\/pl\/wp-json\/wp\/v2\/comments?post=104"}],"wp:featuredmedia":[{"embeddable":true,"href":"https:\/\/poudresdenarco.com\/pl\/wp-json\/wp\/v2\/media\/268"}],"wp:attachment":[{"href":"https:\/\/poudresdenarco.com\/pl\/wp-json\/wp\/v2\/media?parent=104"}],"wp:term":[{"taxonomy":"product_cat","embeddable":true,"href":"https:\/\/poudresdenarco.com\/pl\/wp-json\/wp\/v2\/product_cat?post=104"},{"taxonomy":"product_tag","embeddable":true,"href":"https:\/\/poudresdenarco.com\/pl\/wp-json\/wp\/v2\/product_tag?post=104"}],"curies":[{"name":"wp","href":"https:\/\/api.w.org\/{rel}","templated":true}]}}