{"id":105,"date":"2023-12-25T08:20:19","date_gmt":"2023-12-25T08:20:19","guid":{"rendered":"https:\/\/unkrautmarkt.com\/narco1\/?post_type=product&#038;p=105"},"modified":"2025-10-04T22:38:03","modified_gmt":"2025-10-04T22:38:03","slug":"heroine-brute","status":"publish","type":"product","link":"https:\/\/poudresdenarco.com\/pl\/produkt\/nieoszlifowana-heroina\/","title":{"rendered":"Surowa heroina"},"content":{"rendered":"<h2><span style=\"vertical-align: inherit;\"><span style=\"vertical-align: inherit;\">Kupowanie nieoszlifowanej heroiny online<\/span><\/span><\/h2>\n<p>ABY UZYSKA\u0106 <a href=\"https:\/\/en.wikipedia.org\/wiki\/Heroin\"><strong>L<\/strong><\/a>NIEOBCI\u0118TA HEROINA ONLINE DLA OPTYMALNEJ JAKO\u015aCI I WYGODY<\/p>\n<p>Witamy na naszej niezawodnej stronie, gdzie dostarczamy heroin\u0119 uncut najwy\u017cszej jako\u015bci w najni\u017cszej mo\u017cliwej cenie. Trafi\u0142e\u015b we w\u0142a\u015bciwe miejsce, je\u015bli szukasz wysokiej jako\u015bci nieoszlifowanej heroiny. Tylko u nas mo\u017cesz kupi\u0107 nieoszlifowan\u0105 heroin\u0119 online. Jeste\u015bmy zaufanym sprzedawc\u0105 online oferuj\u0105cym tani\u0105 heroin\u0119 uncut dost\u0119pn\u0105 do zakupu w Wielkiej Brytanii i innych krajach. Pochodzimy od najbardziej renomowanych dostawc\u00f3w i gwarantujemy jako\u015b\u0107 i czysto\u015b\u0107 ka\u017cdego z naszych produkt\u00f3w.<\/p>\n<h3><span style=\"vertical-align: inherit;\"><span style=\"vertical-align: inherit;\">Zalety nieoszlifowanej heroiny<\/span><\/span><\/h3>\n<p><span style=\"vertical-align: inherit;\"><span style=\"vertical-align: inherit;\">Aby uzyska\u0107 lepszy efekt, kupuj nieoszlifowan\u0105 heroin\u0119. Nieci\u0119ta heroina jest silniejsza i czystsza ni\u017c inne odmiany, co oznacza, \u017ce uzyskuje si\u0119 d\u0142u\u017csze i lepsze efekty. Mo\u017cna j\u0105 r\u00f3wnie\u017c dostosowa\u0107. Co wi\u0119cej, mo\u017cna j\u0105 dostosowa\u0107 do specyfikacji u\u017cytkownika, umo\u017cliwiaj\u0105c mu tworzenie koktajli, kt\u00f3re daj\u0105 mu wi\u0119ksz\u0105 kontrol\u0119 nad moc\u0105 i jako\u015bci\u0105 narkotyku. Bezpieczniej jest r\u00f3wnie\u017c u\u017cywa\u0107 surowej heroiny zakupionej online w kontrolowanym \u015brodowisku. Ryzyko przedawkowania jest ni\u017csze, poniewa\u017c heroina jest silniejsza. Ponadto, w por\u00f3wnaniu z innymi formami heroiny, nieoszlifowana heroina ma mniejszy potencja\u0142 uzale\u017cnienia i negatywnych skutk\u00f3w. Niekt\u00f3rzy u\u017cytkownicy twierdz\u0105 nawet, \u017ce \u0142atwiej jest znale\u017a\u0107 czyst\u0105, siln\u0105 surow\u0105 heroin\u0119 w niewiarygodnej cenie.<\/span><\/span><\/p>\n<h3><span style=\"vertical-align: inherit;\"><span style=\"vertical-align: inherit;\">Dlaczego warto wybra\u0107 nasz\u0105 nieocenzurowan\u0105 bohaterk\u0119?<\/span><\/span><\/h3>\n<p><span style=\"vertical-align: inherit;\"><span style=\"vertical-align: inherit;\">Kupuj\u0105c nieoszlifowan\u0105 heroin\u0119 w naszym sklepie internetowym, mo\u017cesz mie\u0107 pewno\u015b\u0107, \u017ce otrzymujesz najlepszy produkt. Aby mie\u0107 pewno\u015b\u0107, \u017ce nasi klienci otrzymuj\u0105 tylko najczystsz\u0105 i najsilniejsz\u0105 dost\u0119pn\u0105 surow\u0105 heroin\u0119, wsp\u00f3\u0142pracujemy z najbardziej wiarygodnymi dostawcami. Dok\u0142adnie testujemy wszystkie nasze produkty, aby upewni\u0107 si\u0119, \u017ce spe\u0142niaj\u0105 nasze rygorystyczne standardy czysto\u015bci i jako\u015bci.<\/span><\/span><\/p>\n<p><span style=\"vertical-align: inherit;\"><span style=\"vertical-align: inherit;\">Jeste\u015b we w\u0142a\u015bciwym miejscu, je\u015bli chcesz kupi\u0107 nieoszlifowan\u0105 heroin\u0119 online. Dystrybuujemy nasze produkty na ca\u0142ym \u015bwiecie i oferujemy proste i bezpieczne zakupy online. Aby chroni\u0107 Twoj\u0105 prywatno\u015b\u0107, dyskretnie pakujemy nasze produkty i oferujemy szybkie i niezawodne opcje wysy\u0142ki. Mo\u017cemy dostarczy\u0107 nieoszlifowan\u0105 heroin\u0119 prosto do twoich drzwi, gdziekolwiek mieszkasz - w Wielkiej Brytanii, USA lub gdziekolwiek indziej. Oferujemy r\u00f3wnie\u017c r\u00f3\u017cne metody p\u0142atno\u015bci, w tym Bitcoin, aby zapewni\u0107, \u017ce zakup nieoszlifowanej heroiny jest tak \u0142atwy, jak to tylko mo\u017cliwe.<\/span><\/span><\/p>\n<h3><span style=\"vertical-align: inherit;\"><span style=\"vertical-align: inherit;\">Kupowanie heroiny online jest \u0142atwe i bezproblemowe<\/span><\/span><\/h3>\n<p><span style=\"vertical-align: inherit;\"><span style=\"vertical-align: inherit;\">Istnieje kilka zalet kupowania nieoszlifowanej heroiny online. Przede wszystkim jest to dyskretne i praktyczne. Nieci\u0119ta heroina jest dost\u0119pna do kupienia online i mo\u017ce by\u0107 dostarczona bezpo\u015brednio do domu. Mo\u017cesz tak\u017ce por\u00f3wna\u0107 produkty i ceny przy zakupie online, aby upewni\u0107 si\u0119, \u017ce otrzymasz najlepsz\u0105 nieoszlifowan\u0105 heroin\u0119 w najlepszej mo\u017cliwej cenie. Jeste\u015bmy dumni z dostarczania najwy\u017cszej jako\u015bci nieoszlifowanej heroiny.<\/span><\/span><\/p>\n<h3><span style=\"vertical-align: inherit;\"><span style=\"vertical-align: inherit;\">Gdzie kupi\u0107 surow\u0105 heroin\u0119?<\/span><\/span><\/h3>\n<p>Nie musisz szuka\u0107 dalej ni\u017c nasz sklep internetowy, aby dowiedzie\u0107 si\u0119, gdzie kupi\u0107 nieoszlifowan\u0105 heroin\u0119 online. Sprzedajemy tylko najlepsz\u0105 nieoszlifowan\u0105 heroin\u0119 i wysy\u0142amy nasze produkty na ca\u0142y \u015bwiat. Mo\u017cesz kupowa\u0107 bez obaw, poniewa\u017c gwarantujemy, \u017ce nasze produkty s\u0105 czyste i skuteczne.<\/p>\n<p><em>Heroina<\/em>\u00a0jest zawsze niebezpieczny, niezale\u017cnie od tego, czy jest \"czysty\" czy \"czysty\".\u00a0<em>ci\u0119cie<\/em>\u00a0\" ?\u00a0<em>Heroina<\/em>\u00a0jest substancj\u0105 psychoaktywn\u0105 (dzia\u0142aj\u0105c\u0105 na m\u00f3zg).<\/p>","protected":false},"excerpt":{"rendered":"<p>Acheter de l&rsquo;h\u00e9ro\u00efne non coup\u00e9e en ligne OBTENIR DE L&lsquo;H\u00c9RO\u00cfNE NON COUP\u00c9E EN LIGNE POUR UNE QUALIT\u00c9 ET UNE COMMODIT\u00c9 OPTIMALES Nous vous souhaitons la bienvenue sur notre site fiable, o\u00f9 nous fournissons de l&rsquo;h\u00e9ro\u00efne non coup\u00e9e de la plus haute qualit\u00e9 au prix le plus bas possible. Vous \u00eates au bon endroit si vous&hellip;<\/p>","protected":false},"featured_media":267,"comment_status":"open","ping_status":"closed","template":"","meta":{"_joinchat":[]},"product_cat":[17],"product_tag":[],"class_list":{"0":"post-105","1":"product","2":"type-product","3":"status-publish","4":"has-post-thumbnail","6":"product_cat-de-heroine","8":"first","9":"instock","10":"shipping-taxable","11":"purchasable","12":"product-type-variable","13":"col-xs-6 col-sm-4","14":"col-md-3 col-lg-3","15":"un-4-cols"},"yoast_head":"<!-- This site is optimized with the Yoast SEO plugin v23.8 - https:\/\/yoast.com\/wordpress\/plugins\/seo\/ -->\n<title>Acheter de l&#039;h\u00e9ro\u00efne brute en ligne - H\u00e9ro\u00efne brute \u00e0 vendre<\/title>\n<meta name=\"description\" content=\"Si vous souhaitez acheter de l&#039;h\u00e9ro\u00efne brute en ligne, notre magasin PoudresDenarco peut vous aider. Nous avons de l&#039;h\u00e9ro\u00efne brute \u00e0 vendre aux meilleurs prix ici. Passez votre commande maintenant !\" \/>\n<meta name=\"robots\" content=\"index, follow, max-snippet:-1, max-image-preview:large, max-video-preview:-1\" \/>\n<link rel=\"canonical\" href=\"https:\/\/poudresdenarco.com\/pl\/produkt\/nieoszlifowana-heroina\/\" \/>\n<meta property=\"og:locale\" content=\"pl_PL\" \/>\n<meta property=\"og:type\" content=\"article\" \/>\n<meta property=\"og:title\" content=\"Acheter de l&#039;h\u00e9ro\u00efne brute en ligne - H\u00e9ro\u00efne brute \u00e0 vendre\" \/>\n<meta property=\"og:description\" content=\"Si vous souhaitez acheter de l&#039;h\u00e9ro\u00efne brute en ligne, notre magasin PoudresDenarco peut vous aider. Nous avons de l&#039;h\u00e9ro\u00efne brute \u00e0 vendre aux meilleurs prix ici. Passez votre commande maintenant !\" \/>\n<meta property=\"og:url\" content=\"https:\/\/poudresdenarco.com\/pl\/produkt\/nieoszlifowana-heroina\/\" \/>\n<meta property=\"og:site_name\" content=\"Poudresde Narco\" \/>\n<meta property=\"article:modified_time\" content=\"2025-10-04T22:38:03+00:00\" \/>\n<meta property=\"og:image\" content=\"https:\/\/poudresdenarco.com\/wp-content\/uploads\/2023\/12\/Uncut-Heroin.jpg\" \/>\n\t<meta property=\"og:image:width\" content=\"600\" \/>\n\t<meta property=\"og:image:height\" content=\"600\" \/>\n\t<meta property=\"og:image:type\" content=\"image\/jpeg\" \/>\n<meta name=\"twitter:card\" content=\"summary_large_image\" \/>\n<meta name=\"twitter:label1\" content=\"Szacowany czas czytania\" \/>\n\t<meta name=\"twitter:data1\" content=\"3 minuty\" \/>\n<script type=\"application\/ld+json\" class=\"yoast-schema-graph\">{\"@context\":\"https:\/\/schema.org\",\"@graph\":[{\"@type\":\"WebPage\",\"@id\":\"https:\/\/poudresdenarco.com\/produit\/heroine-brute\/\",\"url\":\"https:\/\/poudresdenarco.com\/produit\/heroine-brute\/\",\"name\":\"Acheter de l'h\u00e9ro\u00efne brute en ligne - H\u00e9ro\u00efne brute \u00e0 vendre\",\"isPartOf\":{\"@id\":\"https:\/\/poudresdenarco.com\/#website\"},\"primaryImageOfPage\":{\"@id\":\"https:\/\/poudresdenarco.com\/produit\/heroine-brute\/#primaryimage\"},\"image\":{\"@id\":\"https:\/\/poudresdenarco.com\/produit\/heroine-brute\/#primaryimage\"},\"thumbnailUrl\":\"https:\/\/poudresdenarco.com\/wp-content\/uploads\/2023\/12\/Uncut-Heroin.jpg\",\"datePublished\":\"2023-12-25T08:20:19+00:00\",\"dateModified\":\"2025-10-04T22:38:03+00:00\",\"description\":\"Si vous souhaitez acheter de l'h\u00e9ro\u00efne brute en ligne, notre magasin PoudresDenarco peut vous aider. Nous avons de l'h\u00e9ro\u00efne brute \u00e0 vendre aux meilleurs prix ici. Passez votre commande maintenant !\",\"breadcrumb\":{\"@id\":\"https:\/\/poudresdenarco.com\/produit\/heroine-brute\/#breadcrumb\"},\"inLanguage\":\"pl-PL\",\"potentialAction\":[{\"@type\":\"ReadAction\",\"target\":[\"https:\/\/poudresdenarco.com\/produit\/heroine-brute\/\"]}]},{\"@type\":\"ImageObject\",\"inLanguage\":\"pl-PL\",\"@id\":\"https:\/\/poudresdenarco.com\/produit\/heroine-brute\/#primaryimage\",\"url\":\"https:\/\/poudresdenarco.com\/wp-content\/uploads\/2023\/12\/Uncut-Heroin.jpg\",\"contentUrl\":\"https:\/\/poudresdenarco.com\/wp-content\/uploads\/2023\/12\/Uncut-Heroin.jpg\",\"width\":600,\"height\":600,\"caption\":\"Uncut-Heroin\"},{\"@type\":\"BreadcrumbList\",\"@id\":\"https:\/\/poudresdenarco.com\/produit\/heroine-brute\/#breadcrumb\",\"itemListElement\":[{\"@type\":\"ListItem\",\"position\":1,\"name\":\"Home\",\"item\":\"https:\/\/poudresdenarco.com\/\"},{\"@type\":\"ListItem\",\"position\":2,\"name\":\"Boutique\",\"item\":\"https:\/\/poudresdenarco.com\/boutique\/\"},{\"@type\":\"ListItem\",\"position\":3,\"name\":\"H\u00e9ro\u00efne brute\"}]},{\"@type\":\"WebSite\",\"@id\":\"https:\/\/poudresdenarco.com\/#website\",\"url\":\"https:\/\/poudresdenarco.com\/\",\"name\":\"Poudresde Narco\",\"description\":\"Acheter de la coca\u00efne et de l&#039;h\u00e9ro\u00efne en ligne\",\"potentialAction\":[{\"@type\":\"SearchAction\",\"target\":{\"@type\":\"EntryPoint\",\"urlTemplate\":\"https:\/\/poudresdenarco.com\/?s={search_term_string}\"},\"query-input\":{\"@type\":\"PropertyValueSpecification\",\"valueRequired\":true,\"valueName\":\"search_term_string\"}}],\"inLanguage\":\"pl-PL\"}]}<\/script>\n<!-- \/ Yoast SEO plugin. -->","yoast_head_json":{"title":"Acheter de l'h\u00e9ro\u00efne brute en ligne - H\u00e9ro\u00efne brute \u00e0 vendre","description":"Si vous souhaitez acheter de l'h\u00e9ro\u00efne brute en ligne, notre magasin PoudresDenarco peut vous aider. Nous avons de l'h\u00e9ro\u00efne brute \u00e0 vendre aux meilleurs prix ici. Passez votre commande maintenant !","robots":{"index":"index","follow":"follow","max-snippet":"max-snippet:-1","max-image-preview":"max-image-preview:large","max-video-preview":"max-video-preview:-1"},"canonical":"https:\/\/poudresdenarco.com\/pl\/produkt\/nieoszlifowana-heroina\/","og_locale":"pl_PL","og_type":"article","og_title":"Acheter de l'h\u00e9ro\u00efne brute en ligne - H\u00e9ro\u00efne brute \u00e0 vendre","og_description":"Si vous souhaitez acheter de l'h\u00e9ro\u00efne brute en ligne, notre magasin PoudresDenarco peut vous aider. Nous avons de l'h\u00e9ro\u00efne brute \u00e0 vendre aux meilleurs prix ici. Passez votre commande maintenant !","og_url":"https:\/\/poudresdenarco.com\/pl\/produkt\/nieoszlifowana-heroina\/","og_site_name":"Poudresde Narco","article_modified_time":"2025-10-04T22:38:03+00:00","og_image":[{"width":600,"height":600,"url":"https:\/\/poudresdenarco.com\/wp-content\/uploads\/2023\/12\/Uncut-Heroin.jpg","type":"image\/jpeg"}],"twitter_card":"summary_large_image","twitter_misc":{"Szacowany czas czytania":"3 minuty"},"schema":{"@context":"https:\/\/schema.org","@graph":[{"@type":"WebPage","@id":"https:\/\/poudresdenarco.com\/produit\/heroine-brute\/","url":"https:\/\/poudresdenarco.com\/produit\/heroine-brute\/","name":"Acheter de l'h\u00e9ro\u00efne brute en ligne - H\u00e9ro\u00efne brute \u00e0 vendre","isPartOf":{"@id":"https:\/\/poudresdenarco.com\/#website"},"primaryImageOfPage":{"@id":"https:\/\/poudresdenarco.com\/produit\/heroine-brute\/#primaryimage"},"image":{"@id":"https:\/\/poudresdenarco.com\/produit\/heroine-brute\/#primaryimage"},"thumbnailUrl":"https:\/\/poudresdenarco.com\/wp-content\/uploads\/2023\/12\/Uncut-Heroin.jpg","datePublished":"2023-12-25T08:20:19+00:00","dateModified":"2025-10-04T22:38:03+00:00","description":"Si vous souhaitez acheter de l'h\u00e9ro\u00efne brute en ligne, notre magasin PoudresDenarco peut vous aider. Nous avons de l'h\u00e9ro\u00efne brute \u00e0 vendre aux meilleurs prix ici. Passez votre commande maintenant !","breadcrumb":{"@id":"https:\/\/poudresdenarco.com\/produit\/heroine-brute\/#breadcrumb"},"inLanguage":"pl-PL","potentialAction":[{"@type":"ReadAction","target":["https:\/\/poudresdenarco.com\/produit\/heroine-brute\/"]}]},{"@type":"ImageObject","inLanguage":"pl-PL","@id":"https:\/\/poudresdenarco.com\/produit\/heroine-brute\/#primaryimage","url":"https:\/\/poudresdenarco.com\/wp-content\/uploads\/2023\/12\/Uncut-Heroin.jpg","contentUrl":"https:\/\/poudresdenarco.com\/wp-content\/uploads\/2023\/12\/Uncut-Heroin.jpg","width":600,"height":600,"caption":"Uncut-Heroin"},{"@type":"BreadcrumbList","@id":"https:\/\/poudresdenarco.com\/produit\/heroine-brute\/#breadcrumb","itemListElement":[{"@type":"ListItem","position":1,"name":"Home","item":"https:\/\/poudresdenarco.com\/"},{"@type":"ListItem","position":2,"name":"Boutique","item":"https:\/\/poudresdenarco.com\/boutique\/"},{"@type":"ListItem","position":3,"name":"H\u00e9ro\u00efne brute"}]},{"@type":"WebSite","@id":"https:\/\/poudresdenarco.com\/#website","url":"https:\/\/poudresdenarco.com\/","name":"Poudresde Narco","description":"Acheter de la coca\u00efne et de l&#039;h\u00e9ro\u00efne en ligne","potentialAction":[{"@type":"SearchAction","target":{"@type":"EntryPoint","urlTemplate":"https:\/\/poudresdenarco.com\/?s={search_term_string}"},"query-input":{"@type":"PropertyValueSpecification","valueRequired":true,"valueName":"search_term_string"}}],"inLanguage":"pl-PL"}]}},"_links":{"self":[{"href":"https:\/\/poudresdenarco.com\/pl\/wp-json\/wp\/v2\/product\/105","targetHints":{"allow":["GET"]}}],"collection":[{"href":"https:\/\/poudresdenarco.com\/pl\/wp-json\/wp\/v2\/product"}],"about":[{"href":"https:\/\/poudresdenarco.com\/pl\/wp-json\/wp\/v2\/types\/product"}],"replies":[{"embeddable":true,"href":"https:\/\/poudresdenarco.com\/pl\/wp-json\/wp\/v2\/comments?post=105"}],"wp:featuredmedia":[{"embeddable":true,"href":"https:\/\/poudresdenarco.com\/pl\/wp-json\/wp\/v2\/media\/267"}],"wp:attachment":[{"href":"https:\/\/poudresdenarco.com\/pl\/wp-json\/wp\/v2\/media?parent=105"}],"wp:term":[{"taxonomy":"product_cat","embeddable":true,"href":"https:\/\/poudresdenarco.com\/pl\/wp-json\/wp\/v2\/product_cat?post=105"},{"taxonomy":"product_tag","embeddable":true,"href":"https:\/\/poudresdenarco.com\/pl\/wp-json\/wp\/v2\/product_tag?post=105"}],"curies":[{"name":"wp","href":"https:\/\/api.w.org\/{rel}","templated":true}]}}