{"id":136,"date":"2023-12-25T08:20:25","date_gmt":"2023-12-25T08:20:25","guid":{"rendered":"https:\/\/unkrautmarkt.com\/narco1\/?post_type=product&#038;p=136"},"modified":"2025-06-10T00:57:58","modified_gmt":"2025-06-10T00:57:58","slug":"acheter-calypsol-ketamine-500mg-10ml","status":"publish","type":"product","link":"https:\/\/poudresdenarco.com\/pl\/produkt\/kupic-calypsol-ketamina-500mg-10ml\/","title":{"rendered":"Kup Calypsol Ketamine 500mg\/10ml"},"content":{"rendered":"<h2><span style=\"vertical-align: inherit;\"><span style=\"vertical-align: inherit;\">Acheter Calypsol Ketamine 500mg\/10ml en ligne<\/span><\/span><\/h2>\n<h3><span style=\"vertical-align: inherit;\"><span style=\"vertical-align: inherit;\">Acheter Calypsol Ketamine 500mg\/10ml en ligne.<\/span><\/span><\/h3>\n<p><span style=\"vertical-align: inherit;\"><span style=\"vertical-align: inherit;\"><a href=\"https:\/\/en.wikipedia.org\/wiki\/Ketamine\">Ketamina HCL<\/a> is a medication primarily used in anesthesia. Additional uses include intensive care sedation and persistent pain, Acheter Calypsol K\u00e9tamine .<\/span><\/span><\/p>\n<p><span style=\"vertical-align: inherit;\"><span style=\"vertical-align: inherit;\">Haj wywo\u0142any ketamin\u0105 trwa oko\u0142o godziny. Zaczyna si\u0119 od dw\u00f3ch do pi\u0119ciu minut po wypaleniu lub po\u0142kni\u0119ciu dawki. Po wstrzykni\u0119ciu nast\u0119puje oko\u0142o 30 sekund po wstrzykni\u0119ciu.<\/span><\/span><\/p>\n<p><span style=\"vertical-align: inherit;\"><span style=\"vertical-align: inherit;\">Ogromne uczucie relaksu, kt\u00f3rego u\u017cytkownik pocz\u0105tkowo do\u015bwiadcza podczas dzia\u0142ania, jest cz\u0119sto okre\u015blane jako \u201epe\u0142ne pobudzenie cia\u0142a\u201d. Niekt\u00f3rzy u\u017cytkownicy opisuj\u0105 je nawet jako uczucie, jakby unosili si\u0119 poza swoim cia\u0142em. Wiele os\u00f3b do\u015bwiadcza halucynacji, kt\u00f3re trwaj\u0105 d\u0142u\u017cej ni\u017c efekty znieczulenia.<\/span><\/span><\/p>\n<p><span style=\"vertical-align: inherit;\"><span style=\"vertical-align: inherit;\">Wi\u0119ksze dawki mog\u0105 prowadzi\u0107 do silniejszych efekt\u00f3w; osoby te opisuj\u0105 ca\u0142kowite i zupe\u0142ne oderwanie si\u0119 od swojego cia\u0142a. Osoby, kt\u00f3re mia\u0142y do\u015bwiadczenia bliskie \u015bmierci, opisuj\u0105 podobne uczucia, przypominaj\u0105ce te po \u00ab K-hole \u00bb.<\/span><\/span><\/p>\n<p><span style=\"vertical-align: inherit;\"><span style=\"vertical-align: inherit;\">Online, <a href=\"https:\/\/poudresdenarco.com\/pl\/produkt\/kupic-calypsol-ketamina-500mg-10ml\/\">Calypsol Ketamine 500 mg\/10 ml<\/a> jest w rozs\u0105dnej cenie.<\/span><\/span><\/p>\n<h4><strong>Acheter du Calypsol Ketamine de Haute Puret\u00e9 pour la Recherche &#8211; Poudres de Narco<\/strong><\/h4>\n<p><strong>Proszki narkotyczne<\/strong> jest zaufanym \u017ar\u00f3d\u0142em <strong>Calypsol Ketamine de qualit\u00e9 recherche<\/strong>zaprojektowany wy\u0142\u0105cznie dla <strong>naukowe zastosowania laboratoryjne<\/strong>. Notre Calypsol Ketamine est produit selon des normes strictes de puret\u00e9 et de qualit\u00e9, assurant des r\u00e9sultats fiables pour les chercheurs en pharmacologie et chimie.<\/p>\n<h3>Pourquoi Choisir le Calypsol Ketamine de Poudres de Narco ?<\/h3>\n<p>Jako <strong>fournisseur de Calypsol Ketamine pour la recherche<\/strong>, <strong>Proszki narkotyczne<\/strong> zobowi\u0105zuje si\u0119 do dostarczania produkt\u00f3w spe\u0142niaj\u0105cych wymagania <strong>certyfikowane laboratoria<\/strong> :<\/p>\n<ul>\n<li><strong>Calypsol Ketamine de Haute Puret\u00e9 pour Laboratoires<\/strong> Ka\u017cda partia jest rygorystycznie testowana, aby zagwarantowa\u0107 optymaln\u0105 czysto\u015b\u0107, kt\u00f3ra jest niezb\u0119dna dla <strong>precyzyjne aplikacje naukowe<\/strong>.<\/li>\n<li><strong>Sta\u0142a, niezawodna jako\u015b\u0107<\/strong> : Notre Calypsol Ketamine est formul\u00e9 pour des performances stables et fiables, id\u00e9ales pour les <strong>badania analityczne i badania laboratoryjne<\/strong>.<\/li>\n<li><strong>Bezpieczne zamawianie online<\/strong> : <strong>Proszki narkotyczne<\/strong> oferuje uproszczony proces dla<strong>achat de Calypsol Ketamine en ligne<\/strong>zapewnienie bezpiecze\u0144stwa i zgodno\u015bci dla specjalist\u00f3w ds. bada\u0144.<\/li>\n<\/ul>\n<h3>Aplikacje i instrukcje bezpiecze\u0144stwa<\/h3>\n<p>Le <strong>Calypsol Ketamine pour recherche<\/strong> z <strong>Proszki narkotyczne<\/strong> jest przeznaczony dla <strong>zastosowania analityczne i badania naukowe<\/strong>. Nous fournissons des protocoles de s\u00e9curit\u00e9 pour garantir un usage conforme et s\u00e9curis\u00e9 :<\/p>\n<ul>\n<li><strong>Bezpieczne przechowywanie<\/strong> : Conservez la Calypsol Ketamine dans un endroit frais, sec, et \u00e0 l\u2019abri de la lumi\u00e8re pour pr\u00e9server sa qualit\u00e9.<\/li>\n<li><strong>Obs\u0142uga z zachowaniem \u015brodk\u00f3w ostro\u017cno\u015bci<\/strong> Nale\u017cy u\u017cywa\u0107 \u015brodk\u00f3w ochrony osobistej (PPE) i pracowa\u0107 w dobrze wentylowanym \u015brodowisku, aby zapewni\u0107 bezpiecze\u0144stwo.<\/li>\n<li><strong>U\u017cycie zastrze\u017cone wy\u0142\u0105cznie do cel\u00f3w badawczych<\/strong> Ten produkt jest przeznaczony wy\u0142\u0105cznie dla wykwalifikowanych badaczy i certyfikowanych laboratori\u00f3w.<\/li>\n<\/ul>\n<h3>Commandez du Calypsol Ketamine de Haute Puret\u00e9 pour vos \u00c9tudes Scientifiques<\/h3>\n<p>Z <strong>Proszki narkotyczne<\/strong>korzystasz z <strong>approvisionnement fiable en Calypsol Ketamine pour applications de laboratoire<\/strong>. Nasze wysokie standardy jako\u015bci i bezpiecze\u0144stwa oznaczaj\u0105, \u017ce <strong>Proszki narkotyczne<\/strong> zaufany wyb\u00f3r dla profesjonalist\u00f3w w dziedzinie bada\u0144. <strong>Skontaktuj si\u0119 z nami<\/strong> pour obtenir un devis ou pour en savoir plus sur notre gamme de produits de haute puret\u00e9 pour la recherche scientifique Acheter Calypsol K\u00e9tamine .<\/p>","protected":false},"excerpt":{"rendered":"<p>Acheter Calypsol Ketamine 500mg\/10ml en ligne Acheter Calypsol Ketamine 500mg\/10ml en ligne. Ketamine HCL is a medication primarily used in anesthesia. Additional uses include intensive care sedation and persistent pain, Acheter Calypsol K\u00e9tamine . The high caused by ketamine lasts about an hour. It begins two to five minutes after smoking or ingesting the dose.&hellip;<\/p>","protected":false},"featured_media":263,"comment_status":"open","ping_status":"closed","template":"","meta":{"_joinchat":[]},"product_cat":[174],"product_tag":[],"class_list":{"0":"post-136","1":"product","2":"type-product","3":"status-publish","4":"has-post-thumbnail","6":"product_cat-la-ketamine","8":"first","9":"instock","10":"shipping-taxable","11":"purchasable","12":"product-type-variable","13":"col-xs-6 col-sm-4","14":"col-md-3 col-lg-3","15":"un-4-cols"},"yoast_head":"<!-- This site is optimized with the Yoast SEO plugin v23.8 - https:\/\/yoast.com\/wordpress\/plugins\/seo\/ -->\n<title>Acheter Calypsol Ketamine 500mg\/10ml en ligne - Poudresdenarco<\/title>\n<meta name=\"description\" content=\"Vous pouvez entrer en contact avec notre boutique en ligne PoudresDenarco et acheter Calypsol Ketamine 500mg\/10ml en ligne. Vous pouvez obtenir Calypsol Ketamine 500mg\/10ml en vente \u00e0 des prix bon march\u00e9. Passez commande tout de suite !\" \/>\n<meta name=\"robots\" content=\"index, follow, max-snippet:-1, max-image-preview:large, max-video-preview:-1\" \/>\n<link rel=\"canonical\" href=\"https:\/\/poudresdenarco.com\/pl\/produkt\/kupic-calypsol-ketamina-500mg-10ml\/\" \/>\n<meta property=\"og:locale\" content=\"pl_PL\" \/>\n<meta property=\"og:type\" content=\"article\" \/>\n<meta property=\"og:title\" content=\"Acheter Calypsol Ketamine 500mg\/10ml en ligne - Poudresdenarco\" \/>\n<meta property=\"og:description\" content=\"Vous pouvez entrer en contact avec notre boutique en ligne PoudresDenarco et acheter Calypsol Ketamine 500mg\/10ml en ligne. Vous pouvez obtenir Calypsol Ketamine 500mg\/10ml en vente \u00e0 des prix bon march\u00e9. Passez commande tout de suite !\" \/>\n<meta property=\"og:url\" content=\"https:\/\/poudresdenarco.com\/pl\/produkt\/kupic-calypsol-ketamina-500mg-10ml\/\" \/>\n<meta property=\"og:site_name\" content=\"Poudresde Narco\" \/>\n<meta property=\"article:modified_time\" content=\"2025-06-10T00:57:58+00:00\" \/>\n<meta property=\"og:image\" content=\"https:\/\/poudresdenarco.com\/wp-content\/uploads\/2023\/12\/Buy-Calypsol-Ketamine-500mg-10ml.jpg\" \/>\n\t<meta property=\"og:image:width\" content=\"600\" \/>\n\t<meta property=\"og:image:height\" content=\"600\" \/>\n\t<meta property=\"og:image:type\" content=\"image\/jpeg\" \/>\n<meta name=\"twitter:card\" content=\"summary_large_image\" \/>\n<meta name=\"twitter:label1\" content=\"Szacowany czas czytania\" \/>\n\t<meta name=\"twitter:data1\" content=\"3 minuty\" \/>\n<script type=\"application\/ld+json\" class=\"yoast-schema-graph\">{\"@context\":\"https:\/\/schema.org\",\"@graph\":[{\"@type\":\"WebPage\",\"@id\":\"https:\/\/poudresdenarco.com\/produit\/acheter-calypsol-ketamine-500mg-10ml\/\",\"url\":\"https:\/\/poudresdenarco.com\/produit\/acheter-calypsol-ketamine-500mg-10ml\/\",\"name\":\"Acheter Calypsol Ketamine 500mg\/10ml en ligne - Poudresdenarco\",\"isPartOf\":{\"@id\":\"https:\/\/poudresdenarco.com\/#website\"},\"primaryImageOfPage\":{\"@id\":\"https:\/\/poudresdenarco.com\/produit\/acheter-calypsol-ketamine-500mg-10ml\/#primaryimage\"},\"image\":{\"@id\":\"https:\/\/poudresdenarco.com\/produit\/acheter-calypsol-ketamine-500mg-10ml\/#primaryimage\"},\"thumbnailUrl\":\"https:\/\/poudresdenarco.com\/wp-content\/uploads\/2023\/12\/Buy-Calypsol-Ketamine-500mg-10ml.jpg\",\"datePublished\":\"2023-12-25T08:20:25+00:00\",\"dateModified\":\"2025-06-10T00:57:58+00:00\",\"description\":\"Vous pouvez entrer en contact avec notre boutique en ligne PoudresDenarco et acheter Calypsol Ketamine 500mg\/10ml en ligne. Vous pouvez obtenir Calypsol Ketamine 500mg\/10ml en vente \u00e0 des prix bon march\u00e9. Passez commande tout de suite !\",\"breadcrumb\":{\"@id\":\"https:\/\/poudresdenarco.com\/produit\/acheter-calypsol-ketamine-500mg-10ml\/#breadcrumb\"},\"inLanguage\":\"pl-PL\",\"potentialAction\":[{\"@type\":\"ReadAction\",\"target\":[\"https:\/\/poudresdenarco.com\/produit\/acheter-calypsol-ketamine-500mg-10ml\/\"]}]},{\"@type\":\"ImageObject\",\"inLanguage\":\"pl-PL\",\"@id\":\"https:\/\/poudresdenarco.com\/produit\/acheter-calypsol-ketamine-500mg-10ml\/#primaryimage\",\"url\":\"https:\/\/poudresdenarco.com\/wp-content\/uploads\/2023\/12\/Buy-Calypsol-Ketamine-500mg-10ml.jpg\",\"contentUrl\":\"https:\/\/poudresdenarco.com\/wp-content\/uploads\/2023\/12\/Buy-Calypsol-Ketamine-500mg-10ml.jpg\",\"width\":600,\"height\":600,\"caption\":\"Buy-Calypsol-Ketamine-500mg-10ml\"},{\"@type\":\"BreadcrumbList\",\"@id\":\"https:\/\/poudresdenarco.com\/produit\/acheter-calypsol-ketamine-500mg-10ml\/#breadcrumb\",\"itemListElement\":[{\"@type\":\"ListItem\",\"position\":1,\"name\":\"Home\",\"item\":\"https:\/\/poudresdenarco.com\/\"},{\"@type\":\"ListItem\",\"position\":2,\"name\":\"Boutique\",\"item\":\"https:\/\/poudresdenarco.com\/boutique\/\"},{\"@type\":\"ListItem\",\"position\":3,\"name\":\"Acheter Calypsol K\u00e9tamine 500mg\/10ml\"}]},{\"@type\":\"WebSite\",\"@id\":\"https:\/\/poudresdenarco.com\/#website\",\"url\":\"https:\/\/poudresdenarco.com\/\",\"name\":\"Poudresde Narco\",\"description\":\"Acheter de la coca\u00efne et de l&#039;h\u00e9ro\u00efne en ligne\",\"potentialAction\":[{\"@type\":\"SearchAction\",\"target\":{\"@type\":\"EntryPoint\",\"urlTemplate\":\"https:\/\/poudresdenarco.com\/?s={search_term_string}\"},\"query-input\":{\"@type\":\"PropertyValueSpecification\",\"valueRequired\":true,\"valueName\":\"search_term_string\"}}],\"inLanguage\":\"pl-PL\"}]}<\/script>\n<!-- \/ Yoast SEO plugin. -->","yoast_head_json":{"title":"Acheter Calypsol Ketamine 500mg\/10ml en ligne - Poudresdenarco","description":"Vous pouvez entrer en contact avec notre boutique en ligne PoudresDenarco et acheter Calypsol Ketamine 500mg\/10ml en ligne. Vous pouvez obtenir Calypsol Ketamine 500mg\/10ml en vente \u00e0 des prix bon march\u00e9. Passez commande tout de suite !","robots":{"index":"index","follow":"follow","max-snippet":"max-snippet:-1","max-image-preview":"max-image-preview:large","max-video-preview":"max-video-preview:-1"},"canonical":"https:\/\/poudresdenarco.com\/pl\/produkt\/kupic-calypsol-ketamina-500mg-10ml\/","og_locale":"pl_PL","og_type":"article","og_title":"Acheter Calypsol Ketamine 500mg\/10ml en ligne - Poudresdenarco","og_description":"Vous pouvez entrer en contact avec notre boutique en ligne PoudresDenarco et acheter Calypsol Ketamine 500mg\/10ml en ligne. Vous pouvez obtenir Calypsol Ketamine 500mg\/10ml en vente \u00e0 des prix bon march\u00e9. Passez commande tout de suite !","og_url":"https:\/\/poudresdenarco.com\/pl\/produkt\/kupic-calypsol-ketamina-500mg-10ml\/","og_site_name":"Poudresde Narco","article_modified_time":"2025-06-10T00:57:58+00:00","og_image":[{"width":600,"height":600,"url":"https:\/\/poudresdenarco.com\/wp-content\/uploads\/2023\/12\/Buy-Calypsol-Ketamine-500mg-10ml.jpg","type":"image\/jpeg"}],"twitter_card":"summary_large_image","twitter_misc":{"Szacowany czas czytania":"3 minuty"},"schema":{"@context":"https:\/\/schema.org","@graph":[{"@type":"WebPage","@id":"https:\/\/poudresdenarco.com\/produit\/acheter-calypsol-ketamine-500mg-10ml\/","url":"https:\/\/poudresdenarco.com\/produit\/acheter-calypsol-ketamine-500mg-10ml\/","name":"Acheter Calypsol Ketamine 500mg\/10ml en ligne - Poudresdenarco","isPartOf":{"@id":"https:\/\/poudresdenarco.com\/#website"},"primaryImageOfPage":{"@id":"https:\/\/poudresdenarco.com\/produit\/acheter-calypsol-ketamine-500mg-10ml\/#primaryimage"},"image":{"@id":"https:\/\/poudresdenarco.com\/produit\/acheter-calypsol-ketamine-500mg-10ml\/#primaryimage"},"thumbnailUrl":"https:\/\/poudresdenarco.com\/wp-content\/uploads\/2023\/12\/Buy-Calypsol-Ketamine-500mg-10ml.jpg","datePublished":"2023-12-25T08:20:25+00:00","dateModified":"2025-06-10T00:57:58+00:00","description":"Vous pouvez entrer en contact avec notre boutique en ligne PoudresDenarco et acheter Calypsol Ketamine 500mg\/10ml en ligne. Vous pouvez obtenir Calypsol Ketamine 500mg\/10ml en vente \u00e0 des prix bon march\u00e9. Passez commande tout de suite !","breadcrumb":{"@id":"https:\/\/poudresdenarco.com\/produit\/acheter-calypsol-ketamine-500mg-10ml\/#breadcrumb"},"inLanguage":"pl-PL","potentialAction":[{"@type":"ReadAction","target":["https:\/\/poudresdenarco.com\/produit\/acheter-calypsol-ketamine-500mg-10ml\/"]}]},{"@type":"ImageObject","inLanguage":"pl-PL","@id":"https:\/\/poudresdenarco.com\/produit\/acheter-calypsol-ketamine-500mg-10ml\/#primaryimage","url":"https:\/\/poudresdenarco.com\/wp-content\/uploads\/2023\/12\/Buy-Calypsol-Ketamine-500mg-10ml.jpg","contentUrl":"https:\/\/poudresdenarco.com\/wp-content\/uploads\/2023\/12\/Buy-Calypsol-Ketamine-500mg-10ml.jpg","width":600,"height":600,"caption":"Buy-Calypsol-Ketamine-500mg-10ml"},{"@type":"BreadcrumbList","@id":"https:\/\/poudresdenarco.com\/produit\/acheter-calypsol-ketamine-500mg-10ml\/#breadcrumb","itemListElement":[{"@type":"ListItem","position":1,"name":"Home","item":"https:\/\/poudresdenarco.com\/"},{"@type":"ListItem","position":2,"name":"Boutique","item":"https:\/\/poudresdenarco.com\/boutique\/"},{"@type":"ListItem","position":3,"name":"Acheter Calypsol K\u00e9tamine 500mg\/10ml"}]},{"@type":"WebSite","@id":"https:\/\/poudresdenarco.com\/#website","url":"https:\/\/poudresdenarco.com\/","name":"Poudresde Narco","description":"Acheter de la coca\u00efne et de l&#039;h\u00e9ro\u00efne en ligne","potentialAction":[{"@type":"SearchAction","target":{"@type":"EntryPoint","urlTemplate":"https:\/\/poudresdenarco.com\/?s={search_term_string}"},"query-input":{"@type":"PropertyValueSpecification","valueRequired":true,"valueName":"search_term_string"}}],"inLanguage":"pl-PL"}]}},"_links":{"self":[{"href":"https:\/\/poudresdenarco.com\/pl\/wp-json\/wp\/v2\/product\/136","targetHints":{"allow":["GET"]}}],"collection":[{"href":"https:\/\/poudresdenarco.com\/pl\/wp-json\/wp\/v2\/product"}],"about":[{"href":"https:\/\/poudresdenarco.com\/pl\/wp-json\/wp\/v2\/types\/product"}],"replies":[{"embeddable":true,"href":"https:\/\/poudresdenarco.com\/pl\/wp-json\/wp\/v2\/comments?post=136"}],"wp:featuredmedia":[{"embeddable":true,"href":"https:\/\/poudresdenarco.com\/pl\/wp-json\/wp\/v2\/media\/263"}],"wp:attachment":[{"href":"https:\/\/poudresdenarco.com\/pl\/wp-json\/wp\/v2\/media?parent=136"}],"wp:term":[{"taxonomy":"product_cat","embeddable":true,"href":"https:\/\/poudresdenarco.com\/pl\/wp-json\/wp\/v2\/product_cat?post=136"},{"taxonomy":"product_tag","embeddable":true,"href":"https:\/\/poudresdenarco.com\/pl\/wp-json\/wp\/v2\/product_tag?post=136"}],"curies":[{"name":"wp","href":"https:\/\/api.w.org\/{rel}","templated":true}]}}