{"id":137,"date":"2023-12-25T08:20:25","date_gmt":"2023-12-25T08:20:25","guid":{"rendered":"https:\/\/unkrautmarkt.com\/narco1\/?post_type=product&#038;p=137"},"modified":"2025-06-10T10:48:21","modified_gmt":"2025-06-10T10:48:21","slug":"po-anasket-1000mg-10ml","status":"publish","type":"product","link":"https:\/\/poudresdenarco.com\/pl\/produkt\/po-anasket-1000mg-10ml\/","title":{"rendered":"Po Anasket 1000mg\/10ml"},"content":{"rendered":"<h2>Kup Anasket 1000mg\/10ml online<\/h2>\n<p>1000 mg\/10 ml anesket - Kup online anesket premium - Anesket na sprzeda\u017c<\/p>\n<p>Nesket na sprzeda\u017c jest jednym z g\u0142\u00f3wnych zada\u0144, kt\u00f3re tutaj wykonujemy. Z tego powodu mo\u017cemy dostarczy\u0107 lub sprzeda\u0107 anesket ze skryptem lub bez. Mi\u0119dzynarodowi klienci mog\u0105 kupi\u0107 Anesket online na recept\u0119 lub bez. Jednak lek ten dzia\u0142a w podobny spos\u00f3b jak ketamina. S\u0142u\u017cy do usypiania pacjent\u00f3w podczas trudnych operacji. W zwi\u0105zku z tym nale\u017cy do tej samej grupy medycznej (\u015brodki znieczulaj\u0105ce). Ze wzgl\u0119du na swoje w\u0142a\u015bciwo\u015bci uspokajaj\u0105ce i halucynogenne, lek jest dost\u0119pny w bezbarwnej fiolce do wstrzykiwa\u0144 o silnym dzia\u0142aniu. Anesket jest szeroko stosowany w wi\u0119kszo\u015bci kraj\u00f3w \u015bwiata jako \u015brodek zwiotczaj\u0105cy mi\u0119\u015bnie. Opr\u00f3cz potencjalnych zastosowa\u0144 jako \u015brodek uspokajaj\u0105cy lub znieczulaj\u0105cy, lek ten wykaza\u0142 niezwyk\u0142\u0105 skuteczno\u015b\u0107 w leczeniu cierpienia i depresji. Lista jest niesko\u0144czona. Anesket do wstrzykiwa\u0144 bez recepty, Anasket 1000mg\/10ml<\/p>\n<p>Anesket 1000 mg-10 ml roztw\u00f3r | Anesket iniekcja, bez recepty | Kup lek generyczny <a href=\"https:\/\/en.wikipedia.org\/wiki\/Ketamine\">ketamina<\/a> ukradkiem online blisko mnie<\/p>\n<h3>Oferujemy najlepsze rozwi\u0105zanie ANESKET 1000MG-10ML.<\/h3>\n<p>Stwierdzili\u015bmy znacz\u0105c\u0105 obecno\u015b\u0107 w tym obszarze, oferuj\u0105c <a href=\"https:\/\/poudresdenarco.com\/pl\/produkt\/po-anasket-1000mg-10ml\/\">ROZTW\u00d3R ANESKET 1000MG-10ML<\/a> wyj\u0105tkowe.<\/p>\n<p>Zastrzyk znieczulaj\u0105cy jest stosowany samodzielnie lub w po\u0142\u0105czeniu z innymi lekami w celu wywo\u0142ania utraty przytomno\u015bci przed i w trakcie operacji lub innych zabieg\u00f3w medycznych. Nale\u017cy do klasy lek\u00f3w znanych jako \u015brodki znieczulenia og\u00f3lnego. Anesket 1000 mg\/10 ml legalnie. Zastrzyki z ketaminy dost\u0119pne do kupienia<\/p>\n<p>Podanie znieczulenia wymaga obecno\u015bci przeszkolonego pracownika s\u0142u\u017cby zdrowia. Podczas zabiegu chirurgicznego, je\u015bli anestezjolog lub lekarz poda pacjentowi lek Anesket, nale\u017cy samemu poda\u0107 sobie lek i uwa\u017cnie monitorowa\u0107 post\u0119py. Legalny Anesket 1000 mg\/10 ml.<\/p>\n<h4><strong>Kup Po Anasket 1000mg\/10ml Wysoka czysto\u015b\u0107 do bada\u0144 - Proszki narkotyczne<\/strong><\/h4>\n<p><strong>Proszki narkotyczne<\/strong> jest zaufanym dostawc\u0105 <strong>Po Anasket 1000mg\/10ml klasy badawczej<\/strong>specjalnie opracowany dla <strong>naukowe zastosowania laboratoryjne<\/strong>. Nasz Po Anasket jest produkowany zgodnie z rygorystycznymi standardami czysto\u015bci i jako\u015bci, zapewniaj\u0105c wiarygodne wyniki dla badaczy farmakologicznych i chemicznych.<\/p>\n<h3>Dlaczego warto wybra\u0107 Po Anasket 1000mg\/10ml Narco Powders?<\/h3>\n<p>Jako <strong>Po Anasket dostawca do bada\u0144<\/strong>, <strong>Proszki narkotyczne<\/strong> zobowi\u0105zuje si\u0119 do dostarczania produkt\u00f3w spe\u0142niaj\u0105cych wymagania <strong>certyfikowane laboratoria<\/strong> :<\/p>\n<ul>\n<li><strong>Po Anasket 1000mg\/10ml Wysoka czysto\u015b\u0107 dla laboratori\u00f3w<\/strong> Ka\u017cda partia jest rygorystycznie testowana, aby zagwarantowa\u0107 optymaln\u0105 czysto\u015b\u0107, kt\u00f3ra jest niezb\u0119dna dla <strong>precyzyjne aplikacje naukowe<\/strong>.<\/li>\n<li><strong>Sta\u0142a, niezawodna jako\u015b\u0107<\/strong> Nasz Po Anasket zosta\u0142 opracowany w celu zapewnienia stabilnej wydajno\u015bci, dostosowanej do potrzeb <strong>badania analityczne i badania laboratoryjne<\/strong>.<\/li>\n<li><strong>Bezpieczne zamawianie online<\/strong> : <strong>Proszki narkotyczne<\/strong> oferuje uproszczony proces dla<strong>kupi\u0107 Po Anasket online<\/strong>gwarantuj\u0105c bezpiecze\u0144stwo i zgodno\u015b\u0107 z przepisami dla specjalist\u00f3w ds. bada\u0144.<\/li>\n<\/ul>\n<h3>Aplikacje i instrukcje bezpiecze\u0144stwa<\/h3>\n<p>Le <strong>Po Anasket do wyszukiwania<\/strong> z <strong>Proszki narkotyczne<\/strong> jest przeznaczony dla <strong>zastosowania analityczne i badania naukowe<\/strong>. Zapewniamy zalecenia dotycz\u0105ce bezpiecze\u0144stwa, aby zapewni\u0107 prawid\u0142owe u\u017cytkowanie:<\/p>\n<ul>\n<li><strong>Bezpieczne przechowywanie<\/strong> Przechowywa\u0107 Po Anasket w ch\u0142odnym, suchym miejscu z dala od \u015bwiat\u0142a.<\/li>\n<li><strong>Obs\u0142uga z zachowaniem \u015brodk\u00f3w ostro\u017cno\u015bci<\/strong> W celu zapewnienia optymalnego bezpiecze\u0144stwa nale\u017cy u\u017cywa\u0107 \u015brodk\u00f3w ochrony osobistej (PPE) i pracowa\u0107 w dobrze wentylowanym \u015brodowisku.<\/li>\n<li><strong>U\u017cycie zastrze\u017cone wy\u0142\u0105cznie do cel\u00f3w badawczych<\/strong> Ten produkt jest przeznaczony wy\u0142\u0105cznie dla wykwalifikowanych badaczy i certyfikowanych laboratori\u00f3w.<\/li>\n<\/ul>\n<h3>Zam\u00f3w High Purity Po Anasket 1000mg\/10ml do swoich bada\u0144 naukowych<\/h3>\n<p>Z <strong>Proszki narkotyczne<\/strong>korzystasz z <strong>Niezawodne dostawy Po Anasket do zastosowa\u0144 laboratoryjnych<\/strong>. Nasze standardy jako\u015bci i bezpiecze\u0144stwa sprawiaj\u0105, \u017ce <strong>Proszki narkotyczne<\/strong> idealny wyb\u00f3r dla profesjonalist\u00f3w w dziedzinie bada\u0144. <strong>Skontaktuj si\u0119 z nami<\/strong> aby uzyska\u0107 wycen\u0119 lub dowiedzie\u0107 si\u0119 wi\u0119cej o naszej ofercie produkt\u00f3w o wysokiej czysto\u015bci do bada\u0144 naukowych.<\/p>","protected":false},"excerpt":{"rendered":"<p>Acheter Anasket 1000mg\/10ml en ligne 1000 mg\/10 ml d&rsquo;anesket &#8211; Acheter anesket premium en ligne &#8211; Anesket \u00e0 vendre Nesket for Sale fait partie des principales t\u00e2ches que nous effectuons ici. Pour cette raison, nous pouvons fournir ou vendre des anesket avec ou sans script. Les clients internationaux peuvent acheter Anesket en ligne avec ou&hellip;<\/p>","protected":false},"featured_media":264,"comment_status":"open","ping_status":"closed","template":"","meta":{"_joinchat":[]},"product_cat":[174],"product_tag":[],"class_list":{"0":"post-137","1":"product","2":"type-product","3":"status-publish","4":"has-post-thumbnail","6":"product_cat-la-ketamine","8":"first","9":"instock","10":"shipping-taxable","11":"purchasable","12":"product-type-variable","13":"col-xs-6 col-sm-4","14":"col-md-3 col-lg-3","15":"un-4-cols"},"yoast_head":"<!-- This site is optimized with the Yoast SEO plugin v23.8 - https:\/\/yoast.com\/wordpress\/plugins\/seo\/ -->\n<title>Acheter Po Anasket 1000mg\/10ml en ligne - poudresdenarco.<\/title>\n<meta name=\"description\" content=\"Vous souhaitez acheter Po Anasket 1000mg\/10ml en ligne \u00e0 un prix raisonnable ? Visitez notre boutique en ligne PoudresDenarco r\u00e9put\u00e9e et obtenez Po Anasket 1000mg\/10ml en vente d\u00e8s aujourd&#039;hui. Passez commande maintenant !\" \/>\n<meta name=\"robots\" content=\"index, follow, max-snippet:-1, max-image-preview:large, max-video-preview:-1\" \/>\n<link rel=\"canonical\" href=\"https:\/\/poudresdenarco.com\/pl\/produkt\/po-anasket-1000mg-10ml\/\" \/>\n<meta property=\"og:locale\" content=\"pl_PL\" \/>\n<meta property=\"og:type\" content=\"article\" \/>\n<meta property=\"og:title\" content=\"Acheter Po Anasket 1000mg\/10ml en ligne - poudresdenarco.\" \/>\n<meta property=\"og:description\" content=\"Vous souhaitez acheter Po Anasket 1000mg\/10ml en ligne \u00e0 un prix raisonnable ? Visitez notre boutique en ligne PoudresDenarco r\u00e9put\u00e9e et obtenez Po Anasket 1000mg\/10ml en vente d\u00e8s aujourd&#039;hui. Passez commande maintenant !\" \/>\n<meta property=\"og:url\" content=\"https:\/\/poudresdenarco.com\/pl\/produkt\/po-anasket-1000mg-10ml\/\" \/>\n<meta property=\"og:site_name\" content=\"Poudresde Narco\" \/>\n<meta property=\"article:modified_time\" content=\"2025-06-10T10:48:21+00:00\" \/>\n<meta property=\"og:image\" content=\"https:\/\/poudresdenarco.com\/wp-content\/uploads\/2023\/12\/Buy-Anesket-1000mg-10ml.jpg\" \/>\n\t<meta property=\"og:image:width\" content=\"600\" \/>\n\t<meta property=\"og:image:height\" content=\"600\" \/>\n\t<meta property=\"og:image:type\" content=\"image\/jpeg\" \/>\n<meta name=\"twitter:card\" content=\"summary_large_image\" \/>\n<meta name=\"twitter:label1\" content=\"Szacowany czas czytania\" \/>\n\t<meta name=\"twitter:data1\" content=\"3 minuty\" \/>\n<script type=\"application\/ld+json\" class=\"yoast-schema-graph\">{\"@context\":\"https:\/\/schema.org\",\"@graph\":[{\"@type\":\"WebPage\",\"@id\":\"https:\/\/poudresdenarco.com\/produit\/po-anasket-1000mg-10ml\/\",\"url\":\"https:\/\/poudresdenarco.com\/produit\/po-anasket-1000mg-10ml\/\",\"name\":\"Acheter Po Anasket 1000mg\/10ml en ligne - poudresdenarco.\",\"isPartOf\":{\"@id\":\"https:\/\/poudresdenarco.com\/#website\"},\"primaryImageOfPage\":{\"@id\":\"https:\/\/poudresdenarco.com\/produit\/po-anasket-1000mg-10ml\/#primaryimage\"},\"image\":{\"@id\":\"https:\/\/poudresdenarco.com\/produit\/po-anasket-1000mg-10ml\/#primaryimage\"},\"thumbnailUrl\":\"https:\/\/poudresdenarco.com\/wp-content\/uploads\/2023\/12\/Buy-Anesket-1000mg-10ml.jpg\",\"datePublished\":\"2023-12-25T08:20:25+00:00\",\"dateModified\":\"2025-06-10T10:48:21+00:00\",\"description\":\"Vous souhaitez acheter Po Anasket 1000mg\/10ml en ligne \u00e0 un prix raisonnable ? Visitez notre boutique en ligne PoudresDenarco r\u00e9put\u00e9e et obtenez Po Anasket 1000mg\/10ml en vente d\u00e8s aujourd'hui. Passez commande maintenant !\",\"breadcrumb\":{\"@id\":\"https:\/\/poudresdenarco.com\/produit\/po-anasket-1000mg-10ml\/#breadcrumb\"},\"inLanguage\":\"pl-PL\",\"potentialAction\":[{\"@type\":\"ReadAction\",\"target\":[\"https:\/\/poudresdenarco.com\/produit\/po-anasket-1000mg-10ml\/\"]}]},{\"@type\":\"ImageObject\",\"inLanguage\":\"pl-PL\",\"@id\":\"https:\/\/poudresdenarco.com\/produit\/po-anasket-1000mg-10ml\/#primaryimage\",\"url\":\"https:\/\/poudresdenarco.com\/wp-content\/uploads\/2023\/12\/Buy-Anesket-1000mg-10ml.jpg\",\"contentUrl\":\"https:\/\/poudresdenarco.com\/wp-content\/uploads\/2023\/12\/Buy-Anesket-1000mg-10ml.jpg\",\"width\":600,\"height\":600,\"caption\":\"Buy-Anesket-1000mg-10ml\"},{\"@type\":\"BreadcrumbList\",\"@id\":\"https:\/\/poudresdenarco.com\/produit\/po-anasket-1000mg-10ml\/#breadcrumb\",\"itemListElement\":[{\"@type\":\"ListItem\",\"position\":1,\"name\":\"Home\",\"item\":\"https:\/\/poudresdenarco.com\/\"},{\"@type\":\"ListItem\",\"position\":2,\"name\":\"Boutique\",\"item\":\"https:\/\/poudresdenarco.com\/boutique\/\"},{\"@type\":\"ListItem\",\"position\":3,\"name\":\"Po Anasket 1000mg\/10ml\"}]},{\"@type\":\"WebSite\",\"@id\":\"https:\/\/poudresdenarco.com\/#website\",\"url\":\"https:\/\/poudresdenarco.com\/\",\"name\":\"Poudresde Narco\",\"description\":\"Acheter de la coca\u00efne et de l&#039;h\u00e9ro\u00efne en ligne\",\"potentialAction\":[{\"@type\":\"SearchAction\",\"target\":{\"@type\":\"EntryPoint\",\"urlTemplate\":\"https:\/\/poudresdenarco.com\/?s={search_term_string}\"},\"query-input\":{\"@type\":\"PropertyValueSpecification\",\"valueRequired\":true,\"valueName\":\"search_term_string\"}}],\"inLanguage\":\"pl-PL\"}]}<\/script>\n<!-- \/ Yoast SEO plugin. -->","yoast_head_json":{"title":"Acheter Po Anasket 1000mg\/10ml en ligne - poudresdenarco.","description":"Vous souhaitez acheter Po Anasket 1000mg\/10ml en ligne \u00e0 un prix raisonnable ? Visitez notre boutique en ligne PoudresDenarco r\u00e9put\u00e9e et obtenez Po Anasket 1000mg\/10ml en vente d\u00e8s aujourd'hui. Passez commande maintenant !","robots":{"index":"index","follow":"follow","max-snippet":"max-snippet:-1","max-image-preview":"max-image-preview:large","max-video-preview":"max-video-preview:-1"},"canonical":"https:\/\/poudresdenarco.com\/pl\/produkt\/po-anasket-1000mg-10ml\/","og_locale":"pl_PL","og_type":"article","og_title":"Acheter Po Anasket 1000mg\/10ml en ligne - poudresdenarco.","og_description":"Vous souhaitez acheter Po Anasket 1000mg\/10ml en ligne \u00e0 un prix raisonnable ? Visitez notre boutique en ligne PoudresDenarco r\u00e9put\u00e9e et obtenez Po Anasket 1000mg\/10ml en vente d\u00e8s aujourd'hui. Passez commande maintenant !","og_url":"https:\/\/poudresdenarco.com\/pl\/produkt\/po-anasket-1000mg-10ml\/","og_site_name":"Poudresde Narco","article_modified_time":"2025-06-10T10:48:21+00:00","og_image":[{"width":600,"height":600,"url":"https:\/\/poudresdenarco.com\/wp-content\/uploads\/2023\/12\/Buy-Anesket-1000mg-10ml.jpg","type":"image\/jpeg"}],"twitter_card":"summary_large_image","twitter_misc":{"Szacowany czas czytania":"3 minuty"},"schema":{"@context":"https:\/\/schema.org","@graph":[{"@type":"WebPage","@id":"https:\/\/poudresdenarco.com\/produit\/po-anasket-1000mg-10ml\/","url":"https:\/\/poudresdenarco.com\/produit\/po-anasket-1000mg-10ml\/","name":"Acheter Po Anasket 1000mg\/10ml en ligne - poudresdenarco.","isPartOf":{"@id":"https:\/\/poudresdenarco.com\/#website"},"primaryImageOfPage":{"@id":"https:\/\/poudresdenarco.com\/produit\/po-anasket-1000mg-10ml\/#primaryimage"},"image":{"@id":"https:\/\/poudresdenarco.com\/produit\/po-anasket-1000mg-10ml\/#primaryimage"},"thumbnailUrl":"https:\/\/poudresdenarco.com\/wp-content\/uploads\/2023\/12\/Buy-Anesket-1000mg-10ml.jpg","datePublished":"2023-12-25T08:20:25+00:00","dateModified":"2025-06-10T10:48:21+00:00","description":"Vous souhaitez acheter Po Anasket 1000mg\/10ml en ligne \u00e0 un prix raisonnable ? Visitez notre boutique en ligne PoudresDenarco r\u00e9put\u00e9e et obtenez Po Anasket 1000mg\/10ml en vente d\u00e8s aujourd'hui. Passez commande maintenant !","breadcrumb":{"@id":"https:\/\/poudresdenarco.com\/produit\/po-anasket-1000mg-10ml\/#breadcrumb"},"inLanguage":"pl-PL","potentialAction":[{"@type":"ReadAction","target":["https:\/\/poudresdenarco.com\/produit\/po-anasket-1000mg-10ml\/"]}]},{"@type":"ImageObject","inLanguage":"pl-PL","@id":"https:\/\/poudresdenarco.com\/produit\/po-anasket-1000mg-10ml\/#primaryimage","url":"https:\/\/poudresdenarco.com\/wp-content\/uploads\/2023\/12\/Buy-Anesket-1000mg-10ml.jpg","contentUrl":"https:\/\/poudresdenarco.com\/wp-content\/uploads\/2023\/12\/Buy-Anesket-1000mg-10ml.jpg","width":600,"height":600,"caption":"Buy-Anesket-1000mg-10ml"},{"@type":"BreadcrumbList","@id":"https:\/\/poudresdenarco.com\/produit\/po-anasket-1000mg-10ml\/#breadcrumb","itemListElement":[{"@type":"ListItem","position":1,"name":"Home","item":"https:\/\/poudresdenarco.com\/"},{"@type":"ListItem","position":2,"name":"Boutique","item":"https:\/\/poudresdenarco.com\/boutique\/"},{"@type":"ListItem","position":3,"name":"Po Anasket 1000mg\/10ml"}]},{"@type":"WebSite","@id":"https:\/\/poudresdenarco.com\/#website","url":"https:\/\/poudresdenarco.com\/","name":"Poudresde Narco","description":"Acheter de la coca\u00efne et de l&#039;h\u00e9ro\u00efne en ligne","potentialAction":[{"@type":"SearchAction","target":{"@type":"EntryPoint","urlTemplate":"https:\/\/poudresdenarco.com\/?s={search_term_string}"},"query-input":{"@type":"PropertyValueSpecification","valueRequired":true,"valueName":"search_term_string"}}],"inLanguage":"pl-PL"}]}},"_links":{"self":[{"href":"https:\/\/poudresdenarco.com\/pl\/wp-json\/wp\/v2\/product\/137","targetHints":{"allow":["GET"]}}],"collection":[{"href":"https:\/\/poudresdenarco.com\/pl\/wp-json\/wp\/v2\/product"}],"about":[{"href":"https:\/\/poudresdenarco.com\/pl\/wp-json\/wp\/v2\/types\/product"}],"replies":[{"embeddable":true,"href":"https:\/\/poudresdenarco.com\/pl\/wp-json\/wp\/v2\/comments?post=137"}],"wp:featuredmedia":[{"embeddable":true,"href":"https:\/\/poudresdenarco.com\/pl\/wp-json\/wp\/v2\/media\/264"}],"wp:attachment":[{"href":"https:\/\/poudresdenarco.com\/pl\/wp-json\/wp\/v2\/media?parent=137"}],"wp:term":[{"taxonomy":"product_cat","embeddable":true,"href":"https:\/\/poudresdenarco.com\/pl\/wp-json\/wp\/v2\/product_cat?post=137"},{"taxonomy":"product_tag","embeddable":true,"href":"https:\/\/poudresdenarco.com\/pl\/wp-json\/wp\/v2\/product_tag?post=137"}],"curies":[{"name":"wp","href":"https:\/\/api.w.org\/{rel}","templated":true}]}}