{"id":154,"date":"2023-12-25T08:20:26","date_gmt":"2023-12-25T08:20:26","guid":{"rendered":"https:\/\/unkrautmarkt.com\/narco1\/?post_type=product&#038;p=154"},"modified":"2025-06-10T07:41:15","modified_gmt":"2025-06-10T07:41:15","slug":"acheter-du-cristal-de-ketamine","status":"publish","type":"product","link":"https:\/\/poudresdenarco.com\/pl\/produkt\/kupic-krysztal-ketaminy\/","title":{"rendered":"Kup kryszta\u0142 ketaminy"},"content":{"rendered":"<h2>Kup kryszta\u0142y ketaminy online<\/h2>\n<h3>Kup kryszta\u0142y ketaminy online<\/h3>\n<p>Najbardziej renomowani i zaufani dostawcy w USA oferuj\u0105 kryszta\u0142y ketaminy na sprzeda\u017c. Wyr\u00f3\u017cniamy si\u0119 jako wiod\u0105cy dostawca tego produktu, obs\u0142uguj\u0105cy du\u017ce i ma\u0142e laboratoria na ca\u0142ym \u015bwiecie. Pureket Ketamine HCL Crystals posiada r\u00f3wnie\u017c zezwolenie i licencj\u0119 na eksport tego produktu na ca\u0142y \u015bwiat. Nasze laboratoria znajduj\u0105 si\u0119 zatem w czo\u0142\u00f3wce technologicznej, zapewniaj\u0105c, \u017ce nasze <a href=\"https:\/\/en.wikipedia.org\/wiki\/Ketamine\">ketamina HCl<\/a> maj\u0105 czysto\u015b\u0107 99,9%. Kanada, Europa i Stany Zjednoczone r\u00f3wnie\u017c nale\u017c\u0105 do najbardziej tajnych kraj\u00f3w. W ko\u0144cu ketamina jest dost\u0119pna w postaci kryszta\u0142\u00f3w, proszku, p\u0142ynu, tabletek i aerozolu do nosa. Po przekszta\u0142ceniu z cieczy w kryszta\u0142, klienci otrzymuj\u0105 go. Kup kryszta\u0142y ketaminy online. Kup ketony online w Australii; kup ketony na sprzeda\u017c Victoria, lokalny dostawca ketaminy w Sydney, sprzedawca ketaminy w Melbourne, gdzie kupi\u0107 ketamin\u0119 w Perth, NSW, QLD<\/p>\n<p>Co to jest? Co wi\u0119cej, najlepszym miejscem do bezpiecznego zam\u00f3wienia proszku ketaminy HCL w USA i Australii jest miejsce, w kt\u00f3rym mo\u017cna kupi\u0107 kryszta\u0142y ry\u017cu ketaminy online.<\/p>\n<p>Nastolatki cz\u0119sto u\u017cywaj\u0105 ketaminy, \u015bmiertelnej substancji, w celach rekreacyjnych lub na imprezach. Halucynacje i oderwanie od rzeczywisto\u015bci, kt\u00f3re mo\u017ce wywo\u0142a\u0107 ta substancja, s\u0105 powodem jej nadu\u017cywania. Niebezpieczne skutki uboczne za\u017cywania ketaminy mog\u0105 obejmowa\u0107 trudno\u015bci w oddychaniu, a w skrajnych sytuacjach \u015bmier\u0107. Bior\u0105c pod uwag\u0119 potencjalne szkodliwe skutki, wa\u017cne jest, aby rodzice byli w stanie zidentyfikowa\u0107 u\u017cycie ketaminy u swoich nastolatk\u00f3w.<\/p>\n<h3>Rodzaje ketaminy: kup ketamin\u0119 online na depresj\u0119<\/h3>\n<p>Ketamina ma uzasadnione zastosowania medyczne i mo\u017cna j\u0105 uzyska\u0107 w postaci klarownego p\u0142ynu lub ketaminy. Rodzaje: Kup ketamin\u0119 online na depresj\u0119<\/p>\n<p>Ketamina ma uzasadnione zastosowania medyczne i mo\u017cna j\u0105 uzyska\u0107 w postaci klarownego p\u0142ynu lub bia\u0142ego lub bia\u0142awego proszku. Najpopularniejsze odmiany ketaminy to :<\/p>\n<p>Do cel\u00f3w terapeutycznych spray do nosa z ketamin\u0105 zawiera r\u00f3wnie\u017c p\u0142ynn\u0105 ketamin\u0119. Ketamina w proszku: Ketamin\u0119 mo\u017cna naby\u0107 w postaci bia\u0142ego lub bia\u0142awego proszku. Aby wstrzykn\u0105\u0107 ketamin\u0119, proszek ten \u0142\u0105czy si\u0119 z wod\u0105. Aby uzyska\u0107 wysokiej jako\u015bci kryszta\u0142y ketaminy lub proszek, kt\u00f3ry mo\u017cna po\u0142kn\u0105\u0107 lub pow\u0105cha\u0107 jako narkotyk rekreacyjny, mo\u017cna r\u00f3wnie\u017c przetworzy\u0107 p\u0142ynn\u0105 ketamin\u0119.<\/p>\n<p>Ketamina w tabletkach: Ketamina w tabletkach nie jest stosowana w medycynie. Ketamina jest u\u017cywana jako pigu\u0142ka tylko wtedy, gdy proszek jest przyjmowany rekreacyjnie i umieszczany w kapsu\u0142ce.<\/p>\n<p>Poniewa\u017c ketamina zwykle wyst\u0119puje w postaci klarownej cieczy lub bia\u0142ego proszku, ustalenie, czy dany produkt chemiczny jest ketamin\u0105, mo\u017ce by\u0107 trudne bez przeprowadzenia bada\u0144. Ka\u017cda tabletka, bia\u0142y proszek lub fiolka z p\u0142ynem, kt\u00f3ra nie znajduje si\u0119 w oryginalnym opakowaniu i nie jest prawid\u0142owo oznakowana, mo\u017ce by\u0107 ketamin\u0105 lub inn\u0105 nielegaln\u0105 substancj\u0105.<\/p>\n<p>Najlepsza strona do zakupu kryszta\u0142\u00f3w ketaminy online: dostawca ketaminy z Europy i Ameryki<\/p>\n<p>Powiniene\u015b szuka\u0107 specjalistycznej pomocy, gdy tylko podejrzewasz, \u017ce nadu\u017cywasz ketaminy. Next Generation Village ma udokumentowane do\u015bwiadczenie w pomaganiu m\u0142odym ludziom zmagaj\u0105cym si\u0119 z uzale\u017cnieniem w uzyskaniu i utrzymaniu trze\u017awo\u015bci. Na sprzeda\u017c: kryszta\u0142y ketaminy<\/p>\n<p>Zastrze\u017cenie medyczne: Celem Next Generation Village jest poprawa jako\u015bci \u017cycia os\u00f3b zmagaj\u0105cych si\u0119 z uzale\u017cnieniem lub chorob\u0105 psychiczn\u0105 dzi\u0119ki rzeczowym informacjom na temat charakterystyki behawioralnych problem\u00f3w zdrowotnych, dost\u0119pnych metod leczenia i zwi\u0105zanych z nimi konsekwencji. <a href=\"https:\/\/poudresdenarco.com\/pl\/produkt\/kupic-krysztal-ketaminy\/\">Kup kryszta\u0142y ketaminy<\/a>.<\/p>\n<h3><strong>GDZIE MOG\u0118 DOSTA\u0106 KRYSZTA\u0141Y KETAMINY ONLINE?<\/strong><\/h3>\n<p>Szybko dzia\u0142aj\u0105cy \u015brodek znieczulenia og\u00f3lnego, kt\u00f3ry powoduje halucynacje. Czasami u\u017cywany do pomocy w przest\u0119pstwach zwi\u0105zanych z napa\u015bci\u0105 seksualn\u0105.<\/p>\n<p>Nazwy ulic<\/p>\n<p>Witamina K, Special K, Purple, Special La Coke, Jet, Cat Valium, Kit Kat, K, Super Acid i Super K<\/p>\n<p>Jaki jest jego cel? Czyste kryszta\u0142y ry\u017cu z ketamin\u0105<\/p>\n<p>wstrzykni\u0119ty<\/p>\n<p>mieszanie p\u0142yn\u00f3w i cieczy<\/p>\n<p>Palenie lub w\u0105chanie proszku. Gdzie kupi\u0107 ketamin\u0119.<\/p>","protected":false},"excerpt":{"rendered":"<p>Acheter des cristaux de k\u00e9tamine en ligne Acheter des cristaux de k\u00e9tamine en ligne Les fournisseurs les plus r\u00e9put\u00e9s et dignes de confiance aux \u00c9tats-Unis proposent des cristaux de k\u00e9tamine \u00e0 la vente. Nous nous distinguons en tant que principal fournisseur de ce produit, au service des grands et petits laboratoires du monde entier. D&rsquo;autre&hellip;<\/p>","protected":false},"featured_media":261,"comment_status":"open","ping_status":"closed","template":"","meta":{"_joinchat":[]},"product_cat":[174],"product_tag":[],"class_list":{"0":"post-154","1":"product","2":"type-product","3":"status-publish","4":"has-post-thumbnail","6":"product_cat-la-ketamine","8":"first","9":"instock","10":"shipping-taxable","11":"purchasable","12":"product-type-variable","13":"col-xs-6 col-sm-4","14":"col-md-3 col-lg-3","15":"un-4-cols"},"yoast_head":"<!-- This site is optimized with the Yoast SEO plugin v23.8 - https:\/\/yoast.com\/wordpress\/plugins\/seo\/ -->\n<title>Acheter des cristaux de k\u00e9tamine en ligne - Vente de cristaux de k\u00e9tamine<\/title>\n<meta name=\"description\" content=\"C&#039;est le meilleur moment pour visiter notre boutique en ligne et acheter du cristal de k\u00e9tamine en ligne. Nous avons du cristal de k\u00e9tamine de haute qualit\u00e9 \u00e0 vendre ici au prix le plus abordable. Rencontrez-nous en ligne et passez votre commande d\u00e8s aujourd&#039;hui.\" \/>\n<meta name=\"robots\" content=\"index, follow, max-snippet:-1, max-image-preview:large, max-video-preview:-1\" \/>\n<link rel=\"canonical\" href=\"https:\/\/poudresdenarco.com\/pl\/produkt\/kupic-krysztal-ketaminy\/\" \/>\n<meta property=\"og:locale\" content=\"pl_PL\" \/>\n<meta property=\"og:type\" content=\"article\" \/>\n<meta property=\"og:title\" content=\"Acheter des cristaux de k\u00e9tamine en ligne - Vente de cristaux de k\u00e9tamine\" \/>\n<meta property=\"og:description\" content=\"C&#039;est le meilleur moment pour visiter notre boutique en ligne et acheter du cristal de k\u00e9tamine en ligne. Nous avons du cristal de k\u00e9tamine de haute qualit\u00e9 \u00e0 vendre ici au prix le plus abordable. Rencontrez-nous en ligne et passez votre commande d\u00e8s aujourd&#039;hui.\" \/>\n<meta property=\"og:url\" content=\"https:\/\/poudresdenarco.com\/pl\/produkt\/kupic-krysztal-ketaminy\/\" \/>\n<meta property=\"og:site_name\" content=\"Poudresde Narco\" \/>\n<meta property=\"article:modified_time\" content=\"2025-06-10T07:41:15+00:00\" \/>\n<meta property=\"og:image\" content=\"https:\/\/poudresdenarco.com\/wp-content\/uploads\/2023\/12\/Buy-Ketamine-Crystal.jpg\" \/>\n\t<meta property=\"og:image:width\" content=\"600\" \/>\n\t<meta property=\"og:image:height\" content=\"600\" \/>\n\t<meta property=\"og:image:type\" content=\"image\/jpeg\" \/>\n<meta name=\"twitter:card\" content=\"summary_large_image\" \/>\n<meta name=\"twitter:label1\" content=\"Szacowany czas czytania\" \/>\n\t<meta name=\"twitter:data1\" content=\"4 minuty\" \/>\n<script type=\"application\/ld+json\" class=\"yoast-schema-graph\">{\"@context\":\"https:\/\/schema.org\",\"@graph\":[{\"@type\":\"WebPage\",\"@id\":\"https:\/\/poudresdenarco.com\/produit\/acheter-du-cristal-de-ketamine\/\",\"url\":\"https:\/\/poudresdenarco.com\/produit\/acheter-du-cristal-de-ketamine\/\",\"name\":\"Acheter des cristaux de k\u00e9tamine en ligne - Vente de cristaux de k\u00e9tamine\",\"isPartOf\":{\"@id\":\"https:\/\/poudresdenarco.com\/#website\"},\"primaryImageOfPage\":{\"@id\":\"https:\/\/poudresdenarco.com\/produit\/acheter-du-cristal-de-ketamine\/#primaryimage\"},\"image\":{\"@id\":\"https:\/\/poudresdenarco.com\/produit\/acheter-du-cristal-de-ketamine\/#primaryimage\"},\"thumbnailUrl\":\"https:\/\/poudresdenarco.com\/wp-content\/uploads\/2023\/12\/Buy-Ketamine-Crystal.jpg\",\"datePublished\":\"2023-12-25T08:20:26+00:00\",\"dateModified\":\"2025-06-10T07:41:15+00:00\",\"description\":\"C'est le meilleur moment pour visiter notre boutique en ligne et acheter du cristal de k\u00e9tamine en ligne. Nous avons du cristal de k\u00e9tamine de haute qualit\u00e9 \u00e0 vendre ici au prix le plus abordable. Rencontrez-nous en ligne et passez votre commande d\u00e8s aujourd'hui.\",\"breadcrumb\":{\"@id\":\"https:\/\/poudresdenarco.com\/produit\/acheter-du-cristal-de-ketamine\/#breadcrumb\"},\"inLanguage\":\"pl-PL\",\"potentialAction\":[{\"@type\":\"ReadAction\",\"target\":[\"https:\/\/poudresdenarco.com\/produit\/acheter-du-cristal-de-ketamine\/\"]}]},{\"@type\":\"ImageObject\",\"inLanguage\":\"pl-PL\",\"@id\":\"https:\/\/poudresdenarco.com\/produit\/acheter-du-cristal-de-ketamine\/#primaryimage\",\"url\":\"https:\/\/poudresdenarco.com\/wp-content\/uploads\/2023\/12\/Buy-Ketamine-Crystal.jpg\",\"contentUrl\":\"https:\/\/poudresdenarco.com\/wp-content\/uploads\/2023\/12\/Buy-Ketamine-Crystal.jpg\",\"width\":600,\"height\":600,\"caption\":\"Buy-Ketamine-Crystal\"},{\"@type\":\"BreadcrumbList\",\"@id\":\"https:\/\/poudresdenarco.com\/produit\/acheter-du-cristal-de-ketamine\/#breadcrumb\",\"itemListElement\":[{\"@type\":\"ListItem\",\"position\":1,\"name\":\"Home\",\"item\":\"https:\/\/poudresdenarco.com\/\"},{\"@type\":\"ListItem\",\"position\":2,\"name\":\"Boutique\",\"item\":\"https:\/\/poudresdenarco.com\/boutique\/\"},{\"@type\":\"ListItem\",\"position\":3,\"name\":\"Acheter du cristal de k\u00e9tamine\"}]},{\"@type\":\"WebSite\",\"@id\":\"https:\/\/poudresdenarco.com\/#website\",\"url\":\"https:\/\/poudresdenarco.com\/\",\"name\":\"Poudresde Narco\",\"description\":\"Acheter de la coca\u00efne et de l&#039;h\u00e9ro\u00efne en ligne\",\"potentialAction\":[{\"@type\":\"SearchAction\",\"target\":{\"@type\":\"EntryPoint\",\"urlTemplate\":\"https:\/\/poudresdenarco.com\/?s={search_term_string}\"},\"query-input\":{\"@type\":\"PropertyValueSpecification\",\"valueRequired\":true,\"valueName\":\"search_term_string\"}}],\"inLanguage\":\"pl-PL\"}]}<\/script>\n<!-- \/ Yoast SEO plugin. -->","yoast_head_json":{"title":"Acheter des cristaux de k\u00e9tamine en ligne - Vente de cristaux de k\u00e9tamine","description":"C'est le meilleur moment pour visiter notre boutique en ligne et acheter du cristal de k\u00e9tamine en ligne. Nous avons du cristal de k\u00e9tamine de haute qualit\u00e9 \u00e0 vendre ici au prix le plus abordable. Rencontrez-nous en ligne et passez votre commande d\u00e8s aujourd'hui.","robots":{"index":"index","follow":"follow","max-snippet":"max-snippet:-1","max-image-preview":"max-image-preview:large","max-video-preview":"max-video-preview:-1"},"canonical":"https:\/\/poudresdenarco.com\/pl\/produkt\/kupic-krysztal-ketaminy\/","og_locale":"pl_PL","og_type":"article","og_title":"Acheter des cristaux de k\u00e9tamine en ligne - Vente de cristaux de k\u00e9tamine","og_description":"C'est le meilleur moment pour visiter notre boutique en ligne et acheter du cristal de k\u00e9tamine en ligne. Nous avons du cristal de k\u00e9tamine de haute qualit\u00e9 \u00e0 vendre ici au prix le plus abordable. Rencontrez-nous en ligne et passez votre commande d\u00e8s aujourd'hui.","og_url":"https:\/\/poudresdenarco.com\/pl\/produkt\/kupic-krysztal-ketaminy\/","og_site_name":"Poudresde Narco","article_modified_time":"2025-06-10T07:41:15+00:00","og_image":[{"width":600,"height":600,"url":"https:\/\/poudresdenarco.com\/wp-content\/uploads\/2023\/12\/Buy-Ketamine-Crystal.jpg","type":"image\/jpeg"}],"twitter_card":"summary_large_image","twitter_misc":{"Szacowany czas czytania":"4 minuty"},"schema":{"@context":"https:\/\/schema.org","@graph":[{"@type":"WebPage","@id":"https:\/\/poudresdenarco.com\/produit\/acheter-du-cristal-de-ketamine\/","url":"https:\/\/poudresdenarco.com\/produit\/acheter-du-cristal-de-ketamine\/","name":"Acheter des cristaux de k\u00e9tamine en ligne - Vente de cristaux de k\u00e9tamine","isPartOf":{"@id":"https:\/\/poudresdenarco.com\/#website"},"primaryImageOfPage":{"@id":"https:\/\/poudresdenarco.com\/produit\/acheter-du-cristal-de-ketamine\/#primaryimage"},"image":{"@id":"https:\/\/poudresdenarco.com\/produit\/acheter-du-cristal-de-ketamine\/#primaryimage"},"thumbnailUrl":"https:\/\/poudresdenarco.com\/wp-content\/uploads\/2023\/12\/Buy-Ketamine-Crystal.jpg","datePublished":"2023-12-25T08:20:26+00:00","dateModified":"2025-06-10T07:41:15+00:00","description":"C'est le meilleur moment pour visiter notre boutique en ligne et acheter du cristal de k\u00e9tamine en ligne. Nous avons du cristal de k\u00e9tamine de haute qualit\u00e9 \u00e0 vendre ici au prix le plus abordable. Rencontrez-nous en ligne et passez votre commande d\u00e8s aujourd'hui.","breadcrumb":{"@id":"https:\/\/poudresdenarco.com\/produit\/acheter-du-cristal-de-ketamine\/#breadcrumb"},"inLanguage":"pl-PL","potentialAction":[{"@type":"ReadAction","target":["https:\/\/poudresdenarco.com\/produit\/acheter-du-cristal-de-ketamine\/"]}]},{"@type":"ImageObject","inLanguage":"pl-PL","@id":"https:\/\/poudresdenarco.com\/produit\/acheter-du-cristal-de-ketamine\/#primaryimage","url":"https:\/\/poudresdenarco.com\/wp-content\/uploads\/2023\/12\/Buy-Ketamine-Crystal.jpg","contentUrl":"https:\/\/poudresdenarco.com\/wp-content\/uploads\/2023\/12\/Buy-Ketamine-Crystal.jpg","width":600,"height":600,"caption":"Buy-Ketamine-Crystal"},{"@type":"BreadcrumbList","@id":"https:\/\/poudresdenarco.com\/produit\/acheter-du-cristal-de-ketamine\/#breadcrumb","itemListElement":[{"@type":"ListItem","position":1,"name":"Home","item":"https:\/\/poudresdenarco.com\/"},{"@type":"ListItem","position":2,"name":"Boutique","item":"https:\/\/poudresdenarco.com\/boutique\/"},{"@type":"ListItem","position":3,"name":"Acheter du cristal de k\u00e9tamine"}]},{"@type":"WebSite","@id":"https:\/\/poudresdenarco.com\/#website","url":"https:\/\/poudresdenarco.com\/","name":"Poudresde Narco","description":"Acheter de la coca\u00efne et de l&#039;h\u00e9ro\u00efne en ligne","potentialAction":[{"@type":"SearchAction","target":{"@type":"EntryPoint","urlTemplate":"https:\/\/poudresdenarco.com\/?s={search_term_string}"},"query-input":{"@type":"PropertyValueSpecification","valueRequired":true,"valueName":"search_term_string"}}],"inLanguage":"pl-PL"}]}},"_links":{"self":[{"href":"https:\/\/poudresdenarco.com\/pl\/wp-json\/wp\/v2\/product\/154","targetHints":{"allow":["GET"]}}],"collection":[{"href":"https:\/\/poudresdenarco.com\/pl\/wp-json\/wp\/v2\/product"}],"about":[{"href":"https:\/\/poudresdenarco.com\/pl\/wp-json\/wp\/v2\/types\/product"}],"replies":[{"embeddable":true,"href":"https:\/\/poudresdenarco.com\/pl\/wp-json\/wp\/v2\/comments?post=154"}],"wp:featuredmedia":[{"embeddable":true,"href":"https:\/\/poudresdenarco.com\/pl\/wp-json\/wp\/v2\/media\/261"}],"wp:attachment":[{"href":"https:\/\/poudresdenarco.com\/pl\/wp-json\/wp\/v2\/media?parent=154"}],"wp:term":[{"taxonomy":"product_cat","embeddable":true,"href":"https:\/\/poudresdenarco.com\/pl\/wp-json\/wp\/v2\/product_cat?post=154"},{"taxonomy":"product_tag","embeddable":true,"href":"https:\/\/poudresdenarco.com\/pl\/wp-json\/wp\/v2\/product_tag?post=154"}],"curies":[{"name":"wp","href":"https:\/\/api.w.org\/{rel}","templated":true}]}}