{"id":241,"date":"2023-12-25T08:20:46","date_gmt":"2023-12-25T08:20:46","guid":{"rendered":"https:\/\/unkrautmarkt.com\/narco1\/?post_type=product&#038;p=241"},"modified":"2025-06-09T17:25:11","modified_gmt":"2025-06-09T17:25:11","slug":"cocaine-rose-2c-b","status":"publish","type":"product","link":"https:\/\/poudresdenarco.com\/pl\/produkt\/2c-b-zakup-rozowej-kokainy\/","title":{"rendered":"R\u00f3\u017cowa kokaina 2C-B"},"content":{"rendered":"<h2><span style=\"vertical-align: inherit;\"><span style=\"vertical-align: inherit;\">Kup Pink Cocaine 2C-B Online<\/span><\/span><\/h2>\n<h3><span style=\"vertical-align: inherit;\"><span style=\"vertical-align: inherit;\">R\u00f3\u017cowa kokaina: Czym jest?<\/span><\/span><\/h3>\n<p><span style=\"vertical-align: inherit;\"><span style=\"vertical-align: inherit;\"><a href=\"https:\/\/en.wikipedia.org\/wiki\/2C-B\">Phenylethylamine 2C-B<\/a> zosta\u0142 stworzony po raz pierwszy na pocz\u0105tku lat 70. przez chemika z Harvardu, Alexandra Shulgina, kt\u00f3ry by\u0142 najbardziej znany ze swojej pracy nad metylenodioksymetamfetamin\u0105 (MDMA lub ecstasy). Fenyloetyloamina 2C-B, czasami znana jako Performax lub Erox, by\u0142a sprzedawana i wprowadzana na rynek jako \u015brodek wzmacniaj\u0105cy libido i lek na zaburzenia erekcji. Lek zosta\u0142 uznany za substancj\u0119 kontrolowan\u0105 z Wykazu 1 przez ameryka\u0144sk\u0105 Agencj\u0119 ds. Zwalczania Narkotyk\u00f3w w 1995 r. po ustaleniu, \u017ce nie ma ona \u017cadnego uzasadnionego zastosowania medycznego i ma znaczny potencja\u0142 nadu\u017cywania.<\/span><\/span><\/p>\n<p><span style=\"vertical-align: inherit;\"><span style=\"vertical-align: inherit;\">Fenyloetyloamina 2C-B, czasami znana jako r\u00f3\u017cowa kokaina lub Bromo, pojawi\u0142a si\u0119 po raz pierwszy w klubach Ameryki Po\u0142udniowej i \u015arodkowej i od tamtej pory powr\u00f3ci\u0142a jako narkotyk rekreacyjny w ci\u0105gu ostatniej dekady. Zazwyczaj firmy farmaceutyczne produkuj\u0105 swoje produkty w formie tabletek.<\/span><\/span><\/p>\n<h3><span style=\"vertical-align: inherit;\"><span style=\"vertical-align: inherit;\">R\u00f3\u017cowa kokaina: Czym jest?<\/span><\/span><\/h3>\n<p><span style=\"vertical-align: inherit;\"><span style=\"vertical-align: inherit;\">zosta\u0142 stworzony po raz pierwszy na pocz\u0105tku lat 70. przez chemika z Harvardu, Alexandra Shulgina, kt\u00f3ry by\u0142 najbardziej znany ze swojej pracy nad metylenodioksymetamfetamin\u0105 (MDMA lub ecstasy). Fenyloetyloamina 2C-B, czasami znana jako Performax lub Erox, by\u0142a sprzedawana i wprowadzana na rynek jako \u015brodek wzmacniaj\u0105cy libido i lek na zaburzenia erekcji. Lek zosta\u0142 uznany za substancj\u0119 kontrolowan\u0105 z Wykazu 1 przez ameryka\u0144sk\u0105 Agencj\u0119 ds. Zwalczania Narkotyk\u00f3w w 1995 r. po ustaleniu, \u017ce nie ma ona \u017cadnego uzasadnionego zastosowania medycznego i ma znaczny potencja\u0142 nadu\u017cywania.<\/span><\/span><\/p>\n<p><span style=\"vertical-align: inherit;\"><span style=\"vertical-align: inherit;\"><a href=\"https:\/\/poudresdenarco.com\/pl\/produkt\/2c-b-zakup-rozowej-kokainy\/\">Buy Phenylethylamine 2C-B online<\/a>Fenyloetyloamina 2C-B, czasami znana jako r\u00f3\u017cowa kokaina lub Bromo, pojawi\u0142a si\u0119 po raz pierwszy w klubach Ameryki Po\u0142udniowej i \u015arodkowej i od tamtej pory powr\u00f3ci\u0142a jako narkotyk rekreacyjny w ci\u0105gu ostatniej dekady. Zazwyczaj firmy farmaceutyczne produkuj\u0105 swoje produkty w formie tabletek.<\/span><\/span><\/p>\n<p><span style=\"vertical-align: inherit;\"><span style=\"vertical-align: inherit;\">Okre\u015blenie dok\u0142adnej dawki, kt\u00f3r\u0105 przyjmujesz, mo\u017ce by\u0107 niemo\u017cliwe, poniewa\u017c jest ona cz\u0119sto produkowana w nielegalnych laboratoriach i nie podlega regulacjom FDA. R\u00f3\u017cowa kokaina mo\u017ce by\u0107 rozcie\u0144czana przez producenta leku przy u\u017cyciu niezidentyfikowanych substancji chemicznych lub narkotyk\u00f3w, co mo\u017ce nasila\u0107 skutki uboczne.<\/span><\/span><\/p>\n<h3><span style=\"vertical-align: inherit;\"><span style=\"vertical-align: inherit;\">Co odr\u00f3\u017cnia kokain\u0119 od r\u00f3\u017cowej kokainy?<\/span><\/span><\/h3>\n<p><span style=\"vertical-align: inherit;\"><span style=\"vertical-align: inherit;\">Istniej\u0105 pewne podobie\u0144stwa mi\u0119dzy r\u00f3\u017cow\u0105 kokain\u0105 a konwencjonaln\u0105 kokain\u0105, takie jak potencja\u0142 uzale\u017cnienia i uzale\u017cnienia chemicznego. Chlorowodorek kokainy jest skoncentrowan\u0105 i rafinowan\u0105 form\u0105 ro\u015bliny koki, powszechnie znan\u0105 jako kokaina. Poniewa\u017c ma zar\u00f3wno w\u0142a\u015bciwo\u015bci pobudzaj\u0105ce, jak i znieczulaj\u0105ce, kokaina jest klasyfikowana jako narkotyk z Wykazu II w Stanach Zjednoczonych i ma pewne zastosowania medyczne.<\/span><\/span><\/p>\n<p><span style=\"vertical-align: inherit;\"><span style=\"vertical-align: inherit;\">Z drugiej strony r\u00f3\u017cowa kokaina jest syntetycznym narkotykiem na bazie fenyloetyloaminy, kt\u00f3ry wchodzi w interakcj\u0119 ze szlakiem serotoninowym organizmu, wywo\u0142uj\u0105c efekt psychoaktywny.<\/span><\/span><\/p>","protected":false},"excerpt":{"rendered":"<p>Buy Pink Cocaine 2C-B Online Pink Cocaine: What is it? Phenylethylamine 2C-B was first created in the early 1970s by Harvard chemist Alexander Shulgin, who was best known for his work on methylenedioxymethamphetamine (MDMA or ecstasy). Phenylethylamine 2C-B, sometimes known as Performax or Erox, was marketed and sold as a libido enhancer and erectile dysfunction&hellip;<\/p>","protected":false},"featured_media":249,"comment_status":"open","ping_status":"closed","template":"","meta":{"_joinchat":[]},"product_cat":[66],"product_tag":[314,313,316,315,310,312,311],"class_list":{"0":"post-241","1":"product","2":"type-product","3":"status-publish","4":"has-post-thumbnail","6":"product_cat-de-la-cocaine","7":"product_tag-acheter-cocaine-en-poudre-rose-2c-b","8":"product_tag-acheter-cocaine-rose-2c-b","9":"product_tag-achetez-de-la-cocaine-rose-2c-b","10":"product_tag-achetez-de-la-poudre-de-cocaine-rose-2c","11":"product_tag-cocaine-rose-2c-b-a-vendre","12":"product_tag-poudre-de-cocaine-rose-2c-b-a-vendre","13":"product_tag-poudre-de-cocaine-rose-2c-b-a-vendre-en-europe","15":"first","16":"instock","17":"shipping-taxable","18":"purchasable","19":"product-type-variable","20":"col-xs-6 col-sm-4","21":"col-md-3 col-lg-3","22":"un-4-cols"},"yoast_head":"<!-- This site is optimized with the Yoast SEO plugin v23.8 - https:\/\/yoast.com\/wordpress\/plugins\/seo\/ -->\n<title>Buy Coca\u00efne rose 2C-B Online - Coca\u00efne rose 2C-B for Sale<\/title>\n<meta name=\"description\" content=\"Si vous souhaitez acheter de la Coca\u00efne rose 2C-B en ligne, visitez notre boutique en ligne PoudresDenarco. Nous avons des produits de haute qualit\u00e9 comme la Coca\u00efne rose 2C-B \u00e0 vendre. Passez votre commande maintenant !\" \/>\n<meta name=\"robots\" content=\"index, follow, max-snippet:-1, max-image-preview:large, max-video-preview:-1\" \/>\n<link rel=\"canonical\" href=\"https:\/\/poudresdenarco.com\/pl\/produkt\/2c-b-zakup-rozowej-kokainy\/\" \/>\n<meta property=\"og:locale\" content=\"pl_PL\" \/>\n<meta property=\"og:type\" content=\"article\" \/>\n<meta property=\"og:title\" content=\"Buy Coca\u00efne rose 2C-B Online - Coca\u00efne rose 2C-B for Sale\" \/>\n<meta property=\"og:description\" content=\"Si vous souhaitez acheter de la Coca\u00efne rose 2C-B en ligne, visitez notre boutique en ligne PoudresDenarco. Nous avons des produits de haute qualit\u00e9 comme la Coca\u00efne rose 2C-B \u00e0 vendre. Passez votre commande maintenant !\" \/>\n<meta property=\"og:url\" content=\"https:\/\/poudresdenarco.com\/pl\/produkt\/2c-b-zakup-rozowej-kokainy\/\" \/>\n<meta property=\"og:site_name\" content=\"Poudresde Narco\" \/>\n<meta property=\"article:modified_time\" content=\"2025-06-09T17:25:11+00:00\" \/>\n<meta property=\"og:image\" content=\"https:\/\/poudresdenarco.com\/wp-content\/uploads\/2023\/12\/2C-B-Pink-Cocaine.jpg\" \/>\n\t<meta property=\"og:image:width\" content=\"600\" \/>\n\t<meta property=\"og:image:height\" content=\"600\" \/>\n\t<meta property=\"og:image:type\" content=\"image\/jpeg\" \/>\n<meta name=\"twitter:card\" content=\"summary_large_image\" \/>\n<meta name=\"twitter:label1\" content=\"Szacowany czas czytania\" \/>\n\t<meta name=\"twitter:data1\" content=\"3 minuty\" \/>\n<script type=\"application\/ld+json\" class=\"yoast-schema-graph\">{\"@context\":\"https:\/\/schema.org\",\"@graph\":[{\"@type\":\"WebPage\",\"@id\":\"https:\/\/poudresdenarco.com\/produit\/cocaine-rose-2c-b\/\",\"url\":\"https:\/\/poudresdenarco.com\/produit\/cocaine-rose-2c-b\/\",\"name\":\"Buy Coca\u00efne rose 2C-B Online - Coca\u00efne rose 2C-B for Sale\",\"isPartOf\":{\"@id\":\"https:\/\/poudresdenarco.com\/#website\"},\"primaryImageOfPage\":{\"@id\":\"https:\/\/poudresdenarco.com\/produit\/cocaine-rose-2c-b\/#primaryimage\"},\"image\":{\"@id\":\"https:\/\/poudresdenarco.com\/produit\/cocaine-rose-2c-b\/#primaryimage\"},\"thumbnailUrl\":\"https:\/\/poudresdenarco.com\/wp-content\/uploads\/2023\/12\/2C-B-Pink-Cocaine.jpg\",\"datePublished\":\"2023-12-25T08:20:46+00:00\",\"dateModified\":\"2025-06-09T17:25:11+00:00\",\"description\":\"Si vous souhaitez acheter de la Coca\u00efne rose 2C-B en ligne, visitez notre boutique en ligne PoudresDenarco. Nous avons des produits de haute qualit\u00e9 comme la Coca\u00efne rose 2C-B \u00e0 vendre. Passez votre commande maintenant !\",\"breadcrumb\":{\"@id\":\"https:\/\/poudresdenarco.com\/produit\/cocaine-rose-2c-b\/#breadcrumb\"},\"inLanguage\":\"pl-PL\",\"potentialAction\":[{\"@type\":\"ReadAction\",\"target\":[\"https:\/\/poudresdenarco.com\/produit\/cocaine-rose-2c-b\/\"]}]},{\"@type\":\"ImageObject\",\"inLanguage\":\"pl-PL\",\"@id\":\"https:\/\/poudresdenarco.com\/produit\/cocaine-rose-2c-b\/#primaryimage\",\"url\":\"https:\/\/poudresdenarco.com\/wp-content\/uploads\/2023\/12\/2C-B-Pink-Cocaine.jpg\",\"contentUrl\":\"https:\/\/poudresdenarco.com\/wp-content\/uploads\/2023\/12\/2C-B-Pink-Cocaine.jpg\",\"width\":600,\"height\":600,\"caption\":\"Acheter 2C-B-Pink-Cocaine en ligne\"},{\"@type\":\"BreadcrumbList\",\"@id\":\"https:\/\/poudresdenarco.com\/produit\/cocaine-rose-2c-b\/#breadcrumb\",\"itemListElement\":[{\"@type\":\"ListItem\",\"position\":1,\"name\":\"Home\",\"item\":\"https:\/\/poudresdenarco.com\/\"},{\"@type\":\"ListItem\",\"position\":2,\"name\":\"Boutique\",\"item\":\"https:\/\/poudresdenarco.com\/boutique\/\"},{\"@type\":\"ListItem\",\"position\":3,\"name\":\"Coca\u00efne rose 2C-B\"}]},{\"@type\":\"WebSite\",\"@id\":\"https:\/\/poudresdenarco.com\/#website\",\"url\":\"https:\/\/poudresdenarco.com\/\",\"name\":\"Poudresde Narco\",\"description\":\"Acheter de la coca\u00efne et de l&#039;h\u00e9ro\u00efne en ligne\",\"potentialAction\":[{\"@type\":\"SearchAction\",\"target\":{\"@type\":\"EntryPoint\",\"urlTemplate\":\"https:\/\/poudresdenarco.com\/?s={search_term_string}\"},\"query-input\":{\"@type\":\"PropertyValueSpecification\",\"valueRequired\":true,\"valueName\":\"search_term_string\"}}],\"inLanguage\":\"pl-PL\"}]}<\/script>\n<!-- \/ Yoast SEO plugin. -->","yoast_head_json":{"title":"Buy Coca\u00efne rose 2C-B Online - Coca\u00efne rose 2C-B for Sale","description":"Si vous souhaitez acheter de la Coca\u00efne rose 2C-B en ligne, visitez notre boutique en ligne PoudresDenarco. Nous avons des produits de haute qualit\u00e9 comme la Coca\u00efne rose 2C-B \u00e0 vendre. Passez votre commande maintenant !","robots":{"index":"index","follow":"follow","max-snippet":"max-snippet:-1","max-image-preview":"max-image-preview:large","max-video-preview":"max-video-preview:-1"},"canonical":"https:\/\/poudresdenarco.com\/pl\/produkt\/2c-b-zakup-rozowej-kokainy\/","og_locale":"pl_PL","og_type":"article","og_title":"Buy Coca\u00efne rose 2C-B Online - Coca\u00efne rose 2C-B for Sale","og_description":"Si vous souhaitez acheter de la Coca\u00efne rose 2C-B en ligne, visitez notre boutique en ligne PoudresDenarco. Nous avons des produits de haute qualit\u00e9 comme la Coca\u00efne rose 2C-B \u00e0 vendre. Passez votre commande maintenant !","og_url":"https:\/\/poudresdenarco.com\/pl\/produkt\/2c-b-zakup-rozowej-kokainy\/","og_site_name":"Poudresde Narco","article_modified_time":"2025-06-09T17:25:11+00:00","og_image":[{"width":600,"height":600,"url":"https:\/\/poudresdenarco.com\/wp-content\/uploads\/2023\/12\/2C-B-Pink-Cocaine.jpg","type":"image\/jpeg"}],"twitter_card":"summary_large_image","twitter_misc":{"Szacowany czas czytania":"3 minuty"},"schema":{"@context":"https:\/\/schema.org","@graph":[{"@type":"WebPage","@id":"https:\/\/poudresdenarco.com\/produit\/cocaine-rose-2c-b\/","url":"https:\/\/poudresdenarco.com\/produit\/cocaine-rose-2c-b\/","name":"Buy Coca\u00efne rose 2C-B Online - Coca\u00efne rose 2C-B for Sale","isPartOf":{"@id":"https:\/\/poudresdenarco.com\/#website"},"primaryImageOfPage":{"@id":"https:\/\/poudresdenarco.com\/produit\/cocaine-rose-2c-b\/#primaryimage"},"image":{"@id":"https:\/\/poudresdenarco.com\/produit\/cocaine-rose-2c-b\/#primaryimage"},"thumbnailUrl":"https:\/\/poudresdenarco.com\/wp-content\/uploads\/2023\/12\/2C-B-Pink-Cocaine.jpg","datePublished":"2023-12-25T08:20:46+00:00","dateModified":"2025-06-09T17:25:11+00:00","description":"Si vous souhaitez acheter de la Coca\u00efne rose 2C-B en ligne, visitez notre boutique en ligne PoudresDenarco. Nous avons des produits de haute qualit\u00e9 comme la Coca\u00efne rose 2C-B \u00e0 vendre. Passez votre commande maintenant !","breadcrumb":{"@id":"https:\/\/poudresdenarco.com\/produit\/cocaine-rose-2c-b\/#breadcrumb"},"inLanguage":"pl-PL","potentialAction":[{"@type":"ReadAction","target":["https:\/\/poudresdenarco.com\/produit\/cocaine-rose-2c-b\/"]}]},{"@type":"ImageObject","inLanguage":"pl-PL","@id":"https:\/\/poudresdenarco.com\/produit\/cocaine-rose-2c-b\/#primaryimage","url":"https:\/\/poudresdenarco.com\/wp-content\/uploads\/2023\/12\/2C-B-Pink-Cocaine.jpg","contentUrl":"https:\/\/poudresdenarco.com\/wp-content\/uploads\/2023\/12\/2C-B-Pink-Cocaine.jpg","width":600,"height":600,"caption":"Acheter 2C-B-Pink-Cocaine en ligne"},{"@type":"BreadcrumbList","@id":"https:\/\/poudresdenarco.com\/produit\/cocaine-rose-2c-b\/#breadcrumb","itemListElement":[{"@type":"ListItem","position":1,"name":"Home","item":"https:\/\/poudresdenarco.com\/"},{"@type":"ListItem","position":2,"name":"Boutique","item":"https:\/\/poudresdenarco.com\/boutique\/"},{"@type":"ListItem","position":3,"name":"Coca\u00efne rose 2C-B"}]},{"@type":"WebSite","@id":"https:\/\/poudresdenarco.com\/#website","url":"https:\/\/poudresdenarco.com\/","name":"Poudresde Narco","description":"Acheter de la coca\u00efne et de l&#039;h\u00e9ro\u00efne en ligne","potentialAction":[{"@type":"SearchAction","target":{"@type":"EntryPoint","urlTemplate":"https:\/\/poudresdenarco.com\/?s={search_term_string}"},"query-input":{"@type":"PropertyValueSpecification","valueRequired":true,"valueName":"search_term_string"}}],"inLanguage":"pl-PL"}]}},"_links":{"self":[{"href":"https:\/\/poudresdenarco.com\/pl\/wp-json\/wp\/v2\/product\/241","targetHints":{"allow":["GET"]}}],"collection":[{"href":"https:\/\/poudresdenarco.com\/pl\/wp-json\/wp\/v2\/product"}],"about":[{"href":"https:\/\/poudresdenarco.com\/pl\/wp-json\/wp\/v2\/types\/product"}],"replies":[{"embeddable":true,"href":"https:\/\/poudresdenarco.com\/pl\/wp-json\/wp\/v2\/comments?post=241"}],"wp:featuredmedia":[{"embeddable":true,"href":"https:\/\/poudresdenarco.com\/pl\/wp-json\/wp\/v2\/media\/249"}],"wp:attachment":[{"href":"https:\/\/poudresdenarco.com\/pl\/wp-json\/wp\/v2\/media?parent=241"}],"wp:term":[{"taxonomy":"product_cat","embeddable":true,"href":"https:\/\/poudresdenarco.com\/pl\/wp-json\/wp\/v2\/product_cat?post=241"},{"taxonomy":"product_tag","embeddable":true,"href":"https:\/\/poudresdenarco.com\/pl\/wp-json\/wp\/v2\/product_tag?post=241"}],"curies":[{"name":"wp","href":"https:\/\/api.w.org\/{rel}","templated":true}]}}