{"id":4455,"date":"2024-01-02T10:47:34","date_gmt":"2024-01-02T10:47:34","guid":{"rendered":"https:\/\/unkrautmarkt.com\/narco1\/?post_type=product&#038;p=4455"},"modified":"2026-02-13T13:21:54","modified_gmt":"2026-02-13T13:21:54","slug":"alaskan-ice-hash","status":"publish","type":"product","link":"https:\/\/poudresdenarco.com\/pl\/produkt\/alaskan-ice-hash\/","title":{"rendered":"Alaskan Ice Hash"},"content":{"rendered":"<h2><strong><span style=\"vertical-align: inherit;\"><span style=\"vertical-align: inherit;\">BUY ALASKAN ICE HASH ONLINE<\/span><\/span><\/strong><\/h2>\n<h3><strong><span style=\"vertical-align: inherit;\"><span style=\"vertical-align: inherit;\">ONE OF THE MOST POWERFUL STRAINS IS ALASKA ICE.<\/span><\/span><\/strong><\/h3>\n<p><span style=\"vertical-align: inherit;\"><span style=\"vertical-align: inherit;\">Alaskan Ice is a special strain. Growers and aficionados alike have been clamoring for its return, and after two years, it has been put back on the shelves. It is one of the most potent cannabis strains known to science. Alaskan Ice is the result of combining the genetics of the original Haze with White Widow. This strain is 30% indica and 70% sativa. The euphoric effects begin to manifest immediately after use and gradually progress to a more body-based relaxation.<\/span><\/span><\/p>\n<p><span style=\"vertical-align: inherit;\"><span style=\"vertical-align: inherit;\">Given that Alaskan Ice is a fantastic strain, why was it abandoned? Because soft buds and extended flowering times develop in 3-5% of genotypes. The anomaly could not be stabilized by breeders. Hash makers, however, were eager to see this strain return, as it is excellent for producing high-quality hash.<\/span><\/span><\/p>","protected":false},"excerpt":{"rendered":"<p>BUY ALASKAN ICE HASH ONLINE ONE OF THE MOST POWERFUL STRAINS IS ALASKA ICE. Alaskan Ice is a special strain. Growers and aficionados alike have been clamoring for its return, and after two years, it has been put back on the shelves. It is one of the most potent cannabis strains known to science. Alaskan&hellip;<\/p>","protected":false},"featured_media":4522,"comment_status":"open","ping_status":"closed","template":"","meta":{"_joinchat":[]},"product_cat":[474],"product_tag":[],"class_list":{"0":"post-4455","1":"product","2":"type-product","3":"status-publish","4":"has-post-thumbnail","6":"product_cat-haschisch","8":"first","9":"instock","10":"shipping-taxable","11":"purchasable","12":"product-type-variable","13":"col-xs-6 col-sm-4","14":"col-md-3 col-lg-3","15":"un-4-cols"},"yoast_head":"<!-- This site is optimized with the Yoast SEO plugin v23.8 - https:\/\/yoast.com\/wordpress\/plugins\/seo\/ -->\n<title>Achetez haschisch glac\u00e9 d&#039;Alaska ligne - Vente haschisch glac\u00e9 d&#039;Alaska<\/title>\n<meta name=\"description\" content=\"Vous pouvez acheter du haschisch de glace d&#039;Alaska en ligne aux meilleurs prix dans notre boutique en ligne. Nous proposons du haschisch de glace d&#039;Alaska bon march\u00e9 et de haute qualit\u00e9 \u00e0 la vente et proposons une livraison dans le monde entier. Vous pouvez commander \u00e0 tout moment et en tout lieu.\" \/>\n<meta name=\"robots\" content=\"index, follow, max-snippet:-1, max-image-preview:large, max-video-preview:-1\" \/>\n<link rel=\"canonical\" href=\"https:\/\/poudresdenarco.com\/pl\/produkt\/alaskan-ice-hash\/\" \/>\n<meta property=\"og:locale\" content=\"pl_PL\" \/>\n<meta property=\"og:type\" content=\"article\" \/>\n<meta property=\"og:title\" content=\"Achetez haschisch glac\u00e9 d&#039;Alaska ligne - Vente haschisch glac\u00e9 d&#039;Alaska\" \/>\n<meta property=\"og:description\" content=\"Vous pouvez acheter du haschisch de glace d&#039;Alaska en ligne aux meilleurs prix dans notre boutique en ligne. Nous proposons du haschisch de glace d&#039;Alaska bon march\u00e9 et de haute qualit\u00e9 \u00e0 la vente et proposons une livraison dans le monde entier. Vous pouvez commander \u00e0 tout moment et en tout lieu.\" \/>\n<meta property=\"og:url\" content=\"https:\/\/poudresdenarco.com\/pl\/produkt\/alaskan-ice-hash\/\" \/>\n<meta property=\"og:site_name\" content=\"Poudresde Narco\" \/>\n<meta property=\"article:modified_time\" content=\"2026-02-13T13:21:54+00:00\" \/>\n<meta property=\"og:image\" content=\"https:\/\/poudresdenarco.com\/wp-content\/uploads\/2024\/01\/ALASKAN-ICE-HASH.jpg\" \/>\n\t<meta property=\"og:image:width\" content=\"600\" \/>\n\t<meta property=\"og:image:height\" content=\"600\" \/>\n\t<meta property=\"og:image:type\" content=\"image\/jpeg\" \/>\n<meta name=\"twitter:card\" content=\"summary_large_image\" \/>\n<meta name=\"twitter:label1\" content=\"Szacowany czas czytania\" \/>\n\t<meta name=\"twitter:data1\" content=\"1 minuta\" \/>\n<script type=\"application\/ld+json\" class=\"yoast-schema-graph\">{\"@context\":\"https:\/\/schema.org\",\"@graph\":[{\"@type\":\"WebPage\",\"@id\":\"https:\/\/poudresdenarco.com\/produit\/alaskan-ice-hash\/\",\"url\":\"https:\/\/poudresdenarco.com\/produit\/alaskan-ice-hash\/\",\"name\":\"Achetez haschisch glac\u00e9 d'Alaska ligne - Vente haschisch glac\u00e9 d'Alaska\",\"isPartOf\":{\"@id\":\"https:\/\/poudresdenarco.com\/#website\"},\"primaryImageOfPage\":{\"@id\":\"https:\/\/poudresdenarco.com\/produit\/alaskan-ice-hash\/#primaryimage\"},\"image\":{\"@id\":\"https:\/\/poudresdenarco.com\/produit\/alaskan-ice-hash\/#primaryimage\"},\"thumbnailUrl\":\"https:\/\/poudresdenarco.com\/wp-content\/uploads\/2024\/01\/ALASKAN-ICE-HASH.jpg\",\"datePublished\":\"2024-01-02T10:47:34+00:00\",\"dateModified\":\"2026-02-13T13:21:54+00:00\",\"description\":\"Vous pouvez acheter du haschisch de glace d'Alaska en ligne aux meilleurs prix dans notre boutique en ligne. Nous proposons du haschisch de glace d'Alaska bon march\u00e9 et de haute qualit\u00e9 \u00e0 la vente et proposons une livraison dans le monde entier. Vous pouvez commander \u00e0 tout moment et en tout lieu.\",\"breadcrumb\":{\"@id\":\"https:\/\/poudresdenarco.com\/produit\/alaskan-ice-hash\/#breadcrumb\"},\"inLanguage\":\"pl-PL\",\"potentialAction\":[{\"@type\":\"ReadAction\",\"target\":[\"https:\/\/poudresdenarco.com\/produit\/alaskan-ice-hash\/\"]}]},{\"@type\":\"ImageObject\",\"inLanguage\":\"pl-PL\",\"@id\":\"https:\/\/poudresdenarco.com\/produit\/alaskan-ice-hash\/#primaryimage\",\"url\":\"https:\/\/poudresdenarco.com\/wp-content\/uploads\/2024\/01\/ALASKAN-ICE-HASH.jpg\",\"contentUrl\":\"https:\/\/poudresdenarco.com\/wp-content\/uploads\/2024\/01\/ALASKAN-ICE-HASH.jpg\",\"width\":600,\"height\":600,\"caption\":\"Achetez ALASKAN-ICE-HASH en ligne\"},{\"@type\":\"BreadcrumbList\",\"@id\":\"https:\/\/poudresdenarco.com\/produit\/alaskan-ice-hash\/#breadcrumb\",\"itemListElement\":[{\"@type\":\"ListItem\",\"position\":1,\"name\":\"Home\",\"item\":\"https:\/\/poudresdenarco.com\/\"},{\"@type\":\"ListItem\",\"position\":2,\"name\":\"Boutique\",\"item\":\"https:\/\/poudresdenarco.com\/boutique\/\"},{\"@type\":\"ListItem\",\"position\":3,\"name\":\"Alaskan Ice Hash\"}]},{\"@type\":\"WebSite\",\"@id\":\"https:\/\/poudresdenarco.com\/#website\",\"url\":\"https:\/\/poudresdenarco.com\/\",\"name\":\"Poudresde Narco\",\"description\":\"Acheter de la coca\u00efne et de l&#039;h\u00e9ro\u00efne en ligne\",\"potentialAction\":[{\"@type\":\"SearchAction\",\"target\":{\"@type\":\"EntryPoint\",\"urlTemplate\":\"https:\/\/poudresdenarco.com\/?s={search_term_string}\"},\"query-input\":{\"@type\":\"PropertyValueSpecification\",\"valueRequired\":true,\"valueName\":\"search_term_string\"}}],\"inLanguage\":\"pl-PL\"}]}<\/script>\n<!-- \/ Yoast SEO plugin. -->","yoast_head_json":{"title":"Achetez haschisch glac\u00e9 d'Alaska ligne - Vente haschisch glac\u00e9 d'Alaska","description":"Vous pouvez acheter du haschisch de glace d'Alaska en ligne aux meilleurs prix dans notre boutique en ligne. Nous proposons du haschisch de glace d'Alaska bon march\u00e9 et de haute qualit\u00e9 \u00e0 la vente et proposons une livraison dans le monde entier. Vous pouvez commander \u00e0 tout moment et en tout lieu.","robots":{"index":"index","follow":"follow","max-snippet":"max-snippet:-1","max-image-preview":"max-image-preview:large","max-video-preview":"max-video-preview:-1"},"canonical":"https:\/\/poudresdenarco.com\/pl\/produkt\/alaskan-ice-hash\/","og_locale":"pl_PL","og_type":"article","og_title":"Achetez haschisch glac\u00e9 d'Alaska ligne - Vente haschisch glac\u00e9 d'Alaska","og_description":"Vous pouvez acheter du haschisch de glace d'Alaska en ligne aux meilleurs prix dans notre boutique en ligne. Nous proposons du haschisch de glace d'Alaska bon march\u00e9 et de haute qualit\u00e9 \u00e0 la vente et proposons une livraison dans le monde entier. Vous pouvez commander \u00e0 tout moment et en tout lieu.","og_url":"https:\/\/poudresdenarco.com\/pl\/produkt\/alaskan-ice-hash\/","og_site_name":"Poudresde Narco","article_modified_time":"2026-02-13T13:21:54+00:00","og_image":[{"width":600,"height":600,"url":"https:\/\/poudresdenarco.com\/wp-content\/uploads\/2024\/01\/ALASKAN-ICE-HASH.jpg","type":"image\/jpeg"}],"twitter_card":"summary_large_image","twitter_misc":{"Szacowany czas czytania":"1 minuta"},"schema":{"@context":"https:\/\/schema.org","@graph":[{"@type":"WebPage","@id":"https:\/\/poudresdenarco.com\/produit\/alaskan-ice-hash\/","url":"https:\/\/poudresdenarco.com\/produit\/alaskan-ice-hash\/","name":"Achetez haschisch glac\u00e9 d'Alaska ligne - Vente haschisch glac\u00e9 d'Alaska","isPartOf":{"@id":"https:\/\/poudresdenarco.com\/#website"},"primaryImageOfPage":{"@id":"https:\/\/poudresdenarco.com\/produit\/alaskan-ice-hash\/#primaryimage"},"image":{"@id":"https:\/\/poudresdenarco.com\/produit\/alaskan-ice-hash\/#primaryimage"},"thumbnailUrl":"https:\/\/poudresdenarco.com\/wp-content\/uploads\/2024\/01\/ALASKAN-ICE-HASH.jpg","datePublished":"2024-01-02T10:47:34+00:00","dateModified":"2026-02-13T13:21:54+00:00","description":"Vous pouvez acheter du haschisch de glace d'Alaska en ligne aux meilleurs prix dans notre boutique en ligne. Nous proposons du haschisch de glace d'Alaska bon march\u00e9 et de haute qualit\u00e9 \u00e0 la vente et proposons une livraison dans le monde entier. Vous pouvez commander \u00e0 tout moment et en tout lieu.","breadcrumb":{"@id":"https:\/\/poudresdenarco.com\/produit\/alaskan-ice-hash\/#breadcrumb"},"inLanguage":"pl-PL","potentialAction":[{"@type":"ReadAction","target":["https:\/\/poudresdenarco.com\/produit\/alaskan-ice-hash\/"]}]},{"@type":"ImageObject","inLanguage":"pl-PL","@id":"https:\/\/poudresdenarco.com\/produit\/alaskan-ice-hash\/#primaryimage","url":"https:\/\/poudresdenarco.com\/wp-content\/uploads\/2024\/01\/ALASKAN-ICE-HASH.jpg","contentUrl":"https:\/\/poudresdenarco.com\/wp-content\/uploads\/2024\/01\/ALASKAN-ICE-HASH.jpg","width":600,"height":600,"caption":"Achetez ALASKAN-ICE-HASH en ligne"},{"@type":"BreadcrumbList","@id":"https:\/\/poudresdenarco.com\/produit\/alaskan-ice-hash\/#breadcrumb","itemListElement":[{"@type":"ListItem","position":1,"name":"Home","item":"https:\/\/poudresdenarco.com\/"},{"@type":"ListItem","position":2,"name":"Boutique","item":"https:\/\/poudresdenarco.com\/boutique\/"},{"@type":"ListItem","position":3,"name":"Alaskan Ice Hash"}]},{"@type":"WebSite","@id":"https:\/\/poudresdenarco.com\/#website","url":"https:\/\/poudresdenarco.com\/","name":"Poudresde Narco","description":"Acheter de la coca\u00efne et de l&#039;h\u00e9ro\u00efne en ligne","potentialAction":[{"@type":"SearchAction","target":{"@type":"EntryPoint","urlTemplate":"https:\/\/poudresdenarco.com\/?s={search_term_string}"},"query-input":{"@type":"PropertyValueSpecification","valueRequired":true,"valueName":"search_term_string"}}],"inLanguage":"pl-PL"}]}},"_links":{"self":[{"href":"https:\/\/poudresdenarco.com\/pl\/wp-json\/wp\/v2\/product\/4455","targetHints":{"allow":["GET"]}}],"collection":[{"href":"https:\/\/poudresdenarco.com\/pl\/wp-json\/wp\/v2\/product"}],"about":[{"href":"https:\/\/poudresdenarco.com\/pl\/wp-json\/wp\/v2\/types\/product"}],"replies":[{"embeddable":true,"href":"https:\/\/poudresdenarco.com\/pl\/wp-json\/wp\/v2\/comments?post=4455"}],"wp:featuredmedia":[{"embeddable":true,"href":"https:\/\/poudresdenarco.com\/pl\/wp-json\/wp\/v2\/media\/4522"}],"wp:attachment":[{"href":"https:\/\/poudresdenarco.com\/pl\/wp-json\/wp\/v2\/media?parent=4455"}],"wp:term":[{"taxonomy":"product_cat","embeddable":true,"href":"https:\/\/poudresdenarco.com\/pl\/wp-json\/wp\/v2\/product_cat?post=4455"},{"taxonomy":"product_tag","embeddable":true,"href":"https:\/\/poudresdenarco.com\/pl\/wp-json\/wp\/v2\/product_tag?post=4455"}],"curies":[{"name":"wp","href":"https:\/\/api.w.org\/{rel}","templated":true}]}}