{"id":4456,"date":"2024-01-02T10:49:48","date_gmt":"2024-01-02T10:49:48","guid":{"rendered":"https:\/\/unkrautmarkt.com\/narco1\/?post_type=product&#038;p=4456"},"modified":"2025-06-02T20:15:55","modified_gmt":"2025-06-02T20:15:55","slug":"amnesie-hash","status":"publish","type":"product","link":"https:\/\/poudresdenarco.com\/pl\/produkt\/amnesie-hash\/","title":{"rendered":"Amnezja hashowa"},"content":{"rendered":"<h2><strong><span style=\"vertical-align: inherit;\"><span style=\"vertical-align: inherit;\">KUP AMNESIA HASH ONLINE<\/span><\/span><\/strong><\/h2>\n<h3><strong><span style=\"vertical-align: inherit;\"><span style=\"vertical-align: inherit;\">\u015aWIATOWO S\u0141ABA MOC PSYCHODELICZNA: AMNESIA HASH<\/span><\/span><\/strong><\/h3>\n<p><span style=\"vertical-align: inherit;\"><span style=\"vertical-align: inherit;\">Z nut\u0105 g\u0142\u0119bokiej g\u00f3rskiej indica, charakterystyczna d\u0142uga i dojrza\u0142a linia psychodelicznej sativy Amnesia Haze jest pow\u015bci\u0105gliwa. Ta odmiana, umiej\u0119tnie zmieszana z dw\u00f3ch landrace i hybrydy, jest pot\u0119g\u0105 THC o efekcie, kt\u00f3ry zmusi nawet najbardziej do\u015bwiadczonego konesera konopi do jej uznania.<\/span><\/span><\/p>\n<p><span style=\"vertical-align: inherit;\"><span style=\"vertical-align: inherit;\">Po starannym wysuszeniu grube kwiatostany Amnesia Haze staj\u0105 si\u0119 sztywne w dotyku. Sta\u0142e bry\u0142ki zosta\u0142y tak dobrze skrystalizowane, \u017ce wydaj\u0105 si\u0119 by\u0107 delikatnie pokryte l\u015bni\u0105cym, za\u0142amuj\u0105cym \u015bwiat\u0142o karmelem o smaku egzotycznego kardamonu, limonki, majeranku i mandarynki.<\/span><\/span><\/p>\n<p><span style=\"vertical-align: inherit;\"><span style=\"vertical-align: inherit;\">Amnesia Haze jest wysoko ceniona za haszysze i inne ekstrakty ze wzgl\u0119du na nadmiern\u0105 produkcj\u0119 trichom\u00f3w. Kaskady czystej, miodowej \u017cywicy, o zawarto\u015bci THC 22%, s\u0105 lepkim widokiem do ogl\u0105dania i bezprecedensowym pachn\u0105cym odkryciem po podgrzaniu i zmia\u017cd\u017ceniu dwudziestoma tonami.<\/span><\/span><\/p>\n<h3><strong><span style=\"vertical-align: inherit;\"><span style=\"vertical-align: inherit;\">WP\u0141YW MGIE\u0141 AMNEZJI<\/span><\/span><\/strong><\/h3>\n<p><span style=\"vertical-align: inherit;\"><span style=\"vertical-align: inherit;\">Efekty s\u0105 silne, nawet je\u015bli trudno je oceni\u0107. Wa\u017cnym czynnikiem jest do\u015bwiadczenie u\u017cytkownika. Dzi\u0119ki temu silnemu szczepowi pocz\u0105tkuj\u0105cy u\u017cytkownik marihuany mo\u017ce do\u015bwiadczy\u0107 swojej pierwszej zielonej przygody. Mog\u0119 go \u0142atwo nadu\u017cywa\u0107, poniewa\u017c jest tak pyszny i jedwabisty.<\/span><\/span><\/p>\n<p><span style=\"vertical-align: inherit;\"><span style=\"vertical-align: inherit;\">Do\u015bwiadczony mi\u0142o\u015bnik sativy b\u0119dzie zachwycony wyj\u0105tkowym skupieniem i kreatywn\u0105 stymulacj\u0105, jak\u0105 oferuje ten niemal halucynogenny szczep. Wielka przestrze\u0144 zewn\u0119trzna, z jej t\u0119tni\u0105cym \u017cyciem otoczeniem i o\u017cywczym powietrzem, kusi. Oczywi\u015bcie, po prostu zwini\u0119cie si\u0119 na kanapie z muzyk\u0105 i sp\u0119dzenie popo\u0142udnia dobrze sp\u0119dzonego z przyjaci\u00f3\u0142mi i cieszenie si\u0119 mentaln\u0105 wycieczk\u0105 jest wysoce zalecane. lub odwa\u017cenie si\u0119 na wielkie i \u015bmia\u0142e marzenia.<\/span><\/span><\/p>\n<p><span style=\"vertical-align: inherit;\"><span style=\"vertical-align: inherit;\">Czasami mo\u017ce by\u0107 chimeryczny i potrzeba pi\u0119tnastu minut, aby w pe\u0142ni aktywowa\u0107 swoje neurochemiczne efekty. Mo\u017cesz zaci\u0105gn\u0105\u0107 si\u0119 papierosem i zastanawia\u0107, o co ca\u0142y ten ha\u0142as. A w nast\u0119pnej chwili zastanawiasz si\u0119, jak do cholery si\u0119 tu znalaz\u0142e\u015b, jak osoba z amnezj\u0105. \u015amiej\u0105c si\u0119 ze zdumienia i potrz\u0105saj\u0105c g\u0142ow\u0105 jak sitem.<\/span><\/span><\/p>\n<p><span style=\"vertical-align: inherit;\"><span style=\"vertical-align: inherit;\">Amnesia Haze ma euforyczny cytrusowy smak i ma do\u015b\u0107 nisk\u0105 zawarto\u015b\u0107 CBD. To sprawia, \u017ce \u200b\u200bjest to u\u017cyteczna odmiana do cel\u00f3w terapeutycznych. Psychotropowe dzia\u0142anie emotikony odnosi si\u0119 do terapii l\u0119ku zwi\u0105zanego z b\u00f3lem, rozpacz\u0105 i PTSD.<\/span><\/span><\/p>\n<h3><strong><span style=\"vertical-align: inherit;\"><span style=\"vertical-align: inherit;\">Jak wywo\u0142a\u0107 amnezj\u0119<\/span><\/span><\/strong><\/h3>\n<p><span style=\"vertical-align: inherit;\"><span style=\"vertical-align: inherit;\">Na zewn\u0105trz: Naturalne zami\u0142owanie do d\u0142ugich, ciep\u0142ych dni pochodzi z jej dominuj\u0105cego pochodzenia sativa. Amnesia Haze najlepiej spe\u0142nia obietnic\u0119 tropikalnej genetyki sativa, im bli\u017cej r\u00f3wnika. Otrzymasz wyj\u0105tkowe rezultaty w po\u0142udniowej Hiszpanii, p\u00f3\u0142nocnej Australii, Afryce P\u00f3\u0142nocnej, a nawet p\u00f3\u0142nocnej Kalifornii.<\/span><\/span><\/p>\n<p><span style=\"vertical-align: inherit;\"><span style=\"vertical-align: inherit;\">Potworne ro\u015bliny z d\u0142ugimi w\u0142\u00f3czniami grubych skupisk kwiat\u00f3w, kt\u00f3rych pe\u0142ne dojrzewanie mo\u017ce trwa\u0107 od dwunastu do czternastu tygodni, s\u0105 gwarantowane, gdy nasiona s\u0105 sadzone przez ca\u0142y sezon. Dobrze utrzymana ro\u015blina Amnesia Haze, gdy zaczyna si\u0119 j\u0105 od najwy\u017cszej jako\u015bci 100% organicznej gleby wzbogaconej sezonowymi suplementami organicznymi, wytworzy mn\u00f3stwo pachn\u0105cych p\u0105k\u00f3w.<\/span><\/span><\/p>\n<p><span style=\"vertical-align: inherit;\"><span style=\"vertical-align: inherit;\">W pomieszczeniach, prosto z szafy do klonowania, Amnesia Haze wykazuje g\u0142\u00f3wne cechy sativy i ma tendencj\u0119 do znacznego rozrastania si\u0119, szczeg\u00f3lnie w warunkach 12-godzinnego o\u015bwietlenia.<\/span><\/span><\/p>\n<p><span style=\"vertical-align: inherit;\"><span style=\"vertical-align: inherit;\">Amnesia Haze woli by\u0107 dobrze od\u017cywiona, ale mo\u017ce szybko wpa\u015b\u0107 w stref\u0119 toksyczn\u0105, tak jak wiele innych sativ. Dlatego przy pomiarze sk\u0142adnik\u00f3w od\u017cywczych zaleca si\u0119 zachowanie ostro\u017cno\u015bci.<\/span><\/span><\/p>\n<p><span style=\"vertical-align: inherit;\"><span style=\"vertical-align: inherit;\">Kiedy kwiaty s\u0105 w sezonie, to naprawd\u0119 gra cierpliwo\u015bci. D\u0142ugie p\u0105ki z cienkimi li\u015b\u0107mi mog\u0105 si\u0119 w pe\u0142ni otworzy\u0107 dopiero po dwunastu tygodniach. Niekt\u00f3re wymagaj\u0105ce cechy mog\u0105 si\u0119 rozwin\u0105\u0107 po dwudziestu!<\/span><\/span><\/p>\n<p><span style=\"vertical-align: inherit;\"><span style=\"vertical-align: inherit;\">Ro\u015bliny rosn\u0105 powoli, ale kiedy ju\u017c to robi\u0105, produkuj\u0105 zadowalaj\u0105co g\u0119sty i pi\u0119knie skrystalizowany produkt o wadze 600 g\/m\u00b2 przy o\u015bwietleniu 600 W. biodost\u0119pno\u015b\u0107. To wszystko! Sprawd\u017a nasz pe\u0142ny przewodnik na temat tego, jak u\u017cywa\u0107 naszego haszyszu CBD tutaj.<\/span><\/span><\/p>","protected":false},"excerpt":{"rendered":"<p>BUY AMNESIA HASH ONLINE A WORLD FAMOUS PSYCHEDELIC POWER: AMNESIA HASH With a hint of deep mountain indica, Amnesia Haze\u2019s signature long and mature psychedelic sativa lineage is restrained. Expertly blended from two landraces and a hybrid, this strain is a THC powerhouse with an effect that will force even the most seasoned cannabis connoisseur&hellip;<\/p>","protected":false},"featured_media":4523,"comment_status":"open","ping_status":"closed","template":"","meta":{"_joinchat":[]},"product_cat":[474],"product_tag":[],"class_list":{"0":"post-4456","1":"product","2":"type-product","3":"status-publish","4":"has-post-thumbnail","6":"product_cat-haschisch","8":"first","9":"instock","10":"shipping-taxable","11":"purchasable","12":"product-type-variable","13":"col-xs-6 col-sm-4","14":"col-md-3 col-lg-3","15":"un-4-cols"},"yoast_head":"<!-- This site is optimized with the Yoast SEO plugin v23.8 - https:\/\/yoast.com\/wordpress\/plugins\/seo\/ -->\n<title>Acheter du haschisch Amnesia en ligne - Vente de haschisch Amnesia<\/title>\n<meta name=\"description\" content=\"O\u00f9 acheter Amnesia Hash en ligne au meilleur prix ? Trouvez du Hash Amnesia de haute qualit\u00e9 \u00e0 vendre dans notre boutique en ligne s\u00e9curis\u00e9e, r\u00e9pondant \u00e0 vos besoins de recherche. Commandez maintenant !\" \/>\n<meta name=\"robots\" content=\"index, follow, max-snippet:-1, max-image-preview:large, max-video-preview:-1\" \/>\n<link rel=\"canonical\" href=\"https:\/\/poudresdenarco.com\/pl\/produkt\/amnesie-hash\/\" \/>\n<meta property=\"og:locale\" content=\"pl_PL\" \/>\n<meta property=\"og:type\" content=\"article\" \/>\n<meta property=\"og:title\" content=\"Acheter du haschisch Amnesia en ligne - Vente de haschisch Amnesia\" \/>\n<meta property=\"og:description\" content=\"O\u00f9 acheter Amnesia Hash en ligne au meilleur prix ? Trouvez du Hash Amnesia de haute qualit\u00e9 \u00e0 vendre dans notre boutique en ligne s\u00e9curis\u00e9e, r\u00e9pondant \u00e0 vos besoins de recherche. Commandez maintenant !\" \/>\n<meta property=\"og:url\" content=\"https:\/\/poudresdenarco.com\/pl\/produkt\/amnesie-hash\/\" \/>\n<meta property=\"og:site_name\" content=\"Poudresde Narco\" \/>\n<meta property=\"article:modified_time\" content=\"2025-06-02T20:15:55+00:00\" \/>\n<meta property=\"og:image\" content=\"https:\/\/poudresdenarco.com\/wp-content\/uploads\/2024\/01\/AMNESIA-HASH.jpg\" \/>\n\t<meta property=\"og:image:width\" content=\"600\" \/>\n\t<meta property=\"og:image:height\" content=\"600\" \/>\n\t<meta property=\"og:image:type\" content=\"image\/jpeg\" \/>\n<meta name=\"twitter:card\" content=\"summary_large_image\" \/>\n<meta name=\"twitter:label1\" content=\"Szacowany czas czytania\" \/>\n\t<meta name=\"twitter:data1\" content=\"3 minuty\" \/>\n<script type=\"application\/ld+json\" class=\"yoast-schema-graph\">{\"@context\":\"https:\/\/schema.org\",\"@graph\":[{\"@type\":\"WebPage\",\"@id\":\"https:\/\/poudresdenarco.com\/produit\/amnesie-hash\/\",\"url\":\"https:\/\/poudresdenarco.com\/produit\/amnesie-hash\/\",\"name\":\"Acheter du haschisch Amnesia en ligne - Vente de haschisch Amnesia\",\"isPartOf\":{\"@id\":\"https:\/\/poudresdenarco.com\/#website\"},\"primaryImageOfPage\":{\"@id\":\"https:\/\/poudresdenarco.com\/produit\/amnesie-hash\/#primaryimage\"},\"image\":{\"@id\":\"https:\/\/poudresdenarco.com\/produit\/amnesie-hash\/#primaryimage\"},\"thumbnailUrl\":\"https:\/\/poudresdenarco.com\/wp-content\/uploads\/2024\/01\/AMNESIA-HASH.jpg\",\"datePublished\":\"2024-01-02T10:49:48+00:00\",\"dateModified\":\"2025-06-02T20:15:55+00:00\",\"description\":\"O\u00f9 acheter Amnesia Hash en ligne au meilleur prix ? Trouvez du Hash Amnesia de haute qualit\u00e9 \u00e0 vendre dans notre boutique en ligne s\u00e9curis\u00e9e, r\u00e9pondant \u00e0 vos besoins de recherche. Commandez maintenant !\",\"breadcrumb\":{\"@id\":\"https:\/\/poudresdenarco.com\/produit\/amnesie-hash\/#breadcrumb\"},\"inLanguage\":\"pl-PL\",\"potentialAction\":[{\"@type\":\"ReadAction\",\"target\":[\"https:\/\/poudresdenarco.com\/produit\/amnesie-hash\/\"]}]},{\"@type\":\"ImageObject\",\"inLanguage\":\"pl-PL\",\"@id\":\"https:\/\/poudresdenarco.com\/produit\/amnesie-hash\/#primaryimage\",\"url\":\"https:\/\/poudresdenarco.com\/wp-content\/uploads\/2024\/01\/AMNESIA-HASH.jpg\",\"contentUrl\":\"https:\/\/poudresdenarco.com\/wp-content\/uploads\/2024\/01\/AMNESIA-HASH.jpg\",\"width\":600,\"height\":600,\"caption\":\"Achetez AMNESIA-HASH en ligne\"},{\"@type\":\"BreadcrumbList\",\"@id\":\"https:\/\/poudresdenarco.com\/produit\/amnesie-hash\/#breadcrumb\",\"itemListElement\":[{\"@type\":\"ListItem\",\"position\":1,\"name\":\"Home\",\"item\":\"https:\/\/poudresdenarco.com\/\"},{\"@type\":\"ListItem\",\"position\":2,\"name\":\"Boutique\",\"item\":\"https:\/\/poudresdenarco.com\/boutique\/\"},{\"@type\":\"ListItem\",\"position\":3,\"name\":\"Amn\u00e9sie Hash\"}]},{\"@type\":\"WebSite\",\"@id\":\"https:\/\/poudresdenarco.com\/#website\",\"url\":\"https:\/\/poudresdenarco.com\/\",\"name\":\"Poudresde Narco\",\"description\":\"Acheter de la coca\u00efne et de l&#039;h\u00e9ro\u00efne en ligne\",\"potentialAction\":[{\"@type\":\"SearchAction\",\"target\":{\"@type\":\"EntryPoint\",\"urlTemplate\":\"https:\/\/poudresdenarco.com\/?s={search_term_string}\"},\"query-input\":{\"@type\":\"PropertyValueSpecification\",\"valueRequired\":true,\"valueName\":\"search_term_string\"}}],\"inLanguage\":\"pl-PL\"}]}<\/script>\n<!-- \/ Yoast SEO plugin. -->","yoast_head_json":{"title":"Acheter du haschisch Amnesia en ligne - Vente de haschisch Amnesia","description":"O\u00f9 acheter Amnesia Hash en ligne au meilleur prix ? Trouvez du Hash Amnesia de haute qualit\u00e9 \u00e0 vendre dans notre boutique en ligne s\u00e9curis\u00e9e, r\u00e9pondant \u00e0 vos besoins de recherche. Commandez maintenant !","robots":{"index":"index","follow":"follow","max-snippet":"max-snippet:-1","max-image-preview":"max-image-preview:large","max-video-preview":"max-video-preview:-1"},"canonical":"https:\/\/poudresdenarco.com\/pl\/produkt\/amnesie-hash\/","og_locale":"pl_PL","og_type":"article","og_title":"Acheter du haschisch Amnesia en ligne - Vente de haschisch Amnesia","og_description":"O\u00f9 acheter Amnesia Hash en ligne au meilleur prix ? Trouvez du Hash Amnesia de haute qualit\u00e9 \u00e0 vendre dans notre boutique en ligne s\u00e9curis\u00e9e, r\u00e9pondant \u00e0 vos besoins de recherche. Commandez maintenant !","og_url":"https:\/\/poudresdenarco.com\/pl\/produkt\/amnesie-hash\/","og_site_name":"Poudresde Narco","article_modified_time":"2025-06-02T20:15:55+00:00","og_image":[{"width":600,"height":600,"url":"https:\/\/poudresdenarco.com\/wp-content\/uploads\/2024\/01\/AMNESIA-HASH.jpg","type":"image\/jpeg"}],"twitter_card":"summary_large_image","twitter_misc":{"Szacowany czas czytania":"3 minuty"},"schema":{"@context":"https:\/\/schema.org","@graph":[{"@type":"WebPage","@id":"https:\/\/poudresdenarco.com\/produit\/amnesie-hash\/","url":"https:\/\/poudresdenarco.com\/produit\/amnesie-hash\/","name":"Acheter du haschisch Amnesia en ligne - Vente de haschisch Amnesia","isPartOf":{"@id":"https:\/\/poudresdenarco.com\/#website"},"primaryImageOfPage":{"@id":"https:\/\/poudresdenarco.com\/produit\/amnesie-hash\/#primaryimage"},"image":{"@id":"https:\/\/poudresdenarco.com\/produit\/amnesie-hash\/#primaryimage"},"thumbnailUrl":"https:\/\/poudresdenarco.com\/wp-content\/uploads\/2024\/01\/AMNESIA-HASH.jpg","datePublished":"2024-01-02T10:49:48+00:00","dateModified":"2025-06-02T20:15:55+00:00","description":"O\u00f9 acheter Amnesia Hash en ligne au meilleur prix ? Trouvez du Hash Amnesia de haute qualit\u00e9 \u00e0 vendre dans notre boutique en ligne s\u00e9curis\u00e9e, r\u00e9pondant \u00e0 vos besoins de recherche. Commandez maintenant !","breadcrumb":{"@id":"https:\/\/poudresdenarco.com\/produit\/amnesie-hash\/#breadcrumb"},"inLanguage":"pl-PL","potentialAction":[{"@type":"ReadAction","target":["https:\/\/poudresdenarco.com\/produit\/amnesie-hash\/"]}]},{"@type":"ImageObject","inLanguage":"pl-PL","@id":"https:\/\/poudresdenarco.com\/produit\/amnesie-hash\/#primaryimage","url":"https:\/\/poudresdenarco.com\/wp-content\/uploads\/2024\/01\/AMNESIA-HASH.jpg","contentUrl":"https:\/\/poudresdenarco.com\/wp-content\/uploads\/2024\/01\/AMNESIA-HASH.jpg","width":600,"height":600,"caption":"Achetez AMNESIA-HASH en ligne"},{"@type":"BreadcrumbList","@id":"https:\/\/poudresdenarco.com\/produit\/amnesie-hash\/#breadcrumb","itemListElement":[{"@type":"ListItem","position":1,"name":"Home","item":"https:\/\/poudresdenarco.com\/"},{"@type":"ListItem","position":2,"name":"Boutique","item":"https:\/\/poudresdenarco.com\/boutique\/"},{"@type":"ListItem","position":3,"name":"Amn\u00e9sie Hash"}]},{"@type":"WebSite","@id":"https:\/\/poudresdenarco.com\/#website","url":"https:\/\/poudresdenarco.com\/","name":"Poudresde Narco","description":"Acheter de la coca\u00efne et de l&#039;h\u00e9ro\u00efne en ligne","potentialAction":[{"@type":"SearchAction","target":{"@type":"EntryPoint","urlTemplate":"https:\/\/poudresdenarco.com\/?s={search_term_string}"},"query-input":{"@type":"PropertyValueSpecification","valueRequired":true,"valueName":"search_term_string"}}],"inLanguage":"pl-PL"}]}},"_links":{"self":[{"href":"https:\/\/poudresdenarco.com\/pl\/wp-json\/wp\/v2\/product\/4456","targetHints":{"allow":["GET"]}}],"collection":[{"href":"https:\/\/poudresdenarco.com\/pl\/wp-json\/wp\/v2\/product"}],"about":[{"href":"https:\/\/poudresdenarco.com\/pl\/wp-json\/wp\/v2\/types\/product"}],"replies":[{"embeddable":true,"href":"https:\/\/poudresdenarco.com\/pl\/wp-json\/wp\/v2\/comments?post=4456"}],"wp:featuredmedia":[{"embeddable":true,"href":"https:\/\/poudresdenarco.com\/pl\/wp-json\/wp\/v2\/media\/4523"}],"wp:attachment":[{"href":"https:\/\/poudresdenarco.com\/pl\/wp-json\/wp\/v2\/media?parent=4456"}],"wp:term":[{"taxonomy":"product_cat","embeddable":true,"href":"https:\/\/poudresdenarco.com\/pl\/wp-json\/wp\/v2\/product_cat?post=4456"},{"taxonomy":"product_tag","embeddable":true,"href":"https:\/\/poudresdenarco.com\/pl\/wp-json\/wp\/v2\/product_tag?post=4456"}],"curies":[{"name":"wp","href":"https:\/\/api.w.org\/{rel}","templated":true}]}}