{"id":4459,"date":"2024-01-02T10:58:31","date_gmt":"2024-01-02T10:58:31","guid":{"rendered":"https:\/\/unkrautmarkt.com\/narco1\/?post_type=product&#038;p=4459"},"modified":"2025-04-05T23:33:57","modified_gmt":"2025-04-05T23:33:57","slug":"fendi-et-hachage","status":"publish","type":"product","link":"https:\/\/poudresdenarco.com\/pl\/produkt\/fendi-i-siekanie\/","title":{"rendered":"Fendi AND Hachage"},"content":{"rendered":"<h2><strong><span style=\"vertical-align: inherit;\"><span style=\"vertical-align: inherit;\">Kup Fendi OG Hash w Internecie<\/span><\/span><\/strong><\/h2>\n<p><span style=\"vertical-align: inherit;\"><span style=\"vertical-align: inherit;\">Zam\u00f3w Fendi Hashing Online w Europie Fendi Hash w Europie na sprzeda\u017c Gdzie w Europie mog\u0119 kupi\u0107 Fendi Hash online? Kup Fendi Hash online w Wielkiej Brytanii. Szukasz wysokiej jako\u015bci haszyszu, kt\u00f3ry mo\u017ce zosta\u0107 \u0142atwo dostarczony prosto pod Twoje drzwi? Po prostu odwied\u017a Buy My Weed Online. Wybierz z szerokiej gamy haszyszu afga\u0144skiego i maroka\u0144skiego klasy AAAAA i AAAA, przegl\u0105daj\u0105c nasz dyspensarium. Teraz \u0142atwiej ni\u017c kiedykolwiek kupi\u0107 haszysz online. Oto Tw\u00f3j przewodnik po tym wyj\u0105tkowym rodzaju produktu konopnego, je\u015bli jeste\u015b nowy w kupowaniu konopi online, i r\u00f3\u017cnych rodzajach produkt\u00f3w z marihuany dost\u0119pnych dla Ciebie. Dowiedz si\u0119, czym jest haszysz i jak go u\u017cywa\u0107 w swoim codziennym re\u017cimie konopnym.<\/span><\/span><\/p>\n<p><span style=\"vertical-align: inherit;\"><span style=\"vertical-align: inherit;\">Wa\u017cne jest, aby zrozumie\u0107, czym w\u0142a\u015bciwie jest haszysz, jak odnosi si\u0119 do konopi i czym r\u00f3\u017cni si\u0119 od innych produkt\u00f3w z marihuany, zanim dokona si\u0119 zakupu online. Haszysz, skr\u00f3t od \u201ehaszyszu\u201d, to koncentrat konopi produkowany przez destylacj\u0119 \u017cywicy ro\u015bliny marihuany. Uzyskuje si\u0119 to poprzez odci\u0119cie w\u0142osk\u00f3w, czyli gruczo\u0142\u00f3w \u017cywicznych, z kwiat\u00f3w ro\u015bliny konopi. Zwi\u0105zki, o kt\u00f3rych uwa\u017ca si\u0119, \u017ce nadaj\u0105 produktom z marihuany ich charakterystyczne cechy i atrybuty, terpeny i kannabinoidy, wyst\u0119puj\u0105 w najwy\u017cszych st\u0119\u017ceniach w tych w\u0142oskach. Haszysz ma niezwyk\u0142\u0105 zdolno\u015b\u0107 zapewniania u\u017cytkownikom konopi silnych efekt\u00f3w euforycznych i terapeutycznych ze wzgl\u0119du na wysokie st\u0119\u017cenie terpen\u00f3w i kannabinoid\u00f3w. Fendi ET Hachage<\/span><\/span><\/p>\n<p><span style=\"vertical-align: inherit;\"><span style=\"vertical-align: inherit;\">Haszysz zawsze by\u0142 klasyk\u0105 i pozostaje jednym z najpopularniejszych rodzaj\u00f3w. Obecnie dost\u0119pnych jest setki koncentrat\u00f3w konopi. Haszysz, kt\u00f3ry wyr\u00f3\u017cnia si\u0119 solidnym, czarnym, ceglastym wygl\u0105dem, jest cz\u0119sto wybierany przez entuzjast\u00f3w konopi poszukuj\u0105cych mocniejszego produktu ni\u017c kwiaty.<\/span><\/span><\/p>\n<p><span style=\"vertical-align: inherit;\"><span style=\"vertical-align: inherit;\">Haszysz jest bardzo siln\u0105 i wszechstronn\u0105 substancj\u0105, kt\u00f3r\u0105 mo\u017cna stosowa\u0107 na wiele unikalnych, przyjemnych i kreatywnych sposob\u00f3w. Jednak palenie go w fajce lub skr\u0119cie pozostaje tradycyjn\u0105 metod\u0105.<\/span><\/span><\/p>\n<p><span style=\"vertical-align: inherit;\"><span style=\"vertical-align: inherit;\">Zam\u00f3w Fendi Hash Online w Europie Fendi Hash w Europie na sprzeda\u017c Gdzie w Europie mog\u0119 kupi\u0107 Fendi Hash online? Fendi Hash Kup Online w Polsce<\/span><\/span><\/p>\n<p><span style=\"vertical-align: inherit;\"><span style=\"vertical-align: inherit;\">Zdecydowanie zalecamy po\u0142\u0105czenie haszyszu z suszonymi zio\u0142ami, je\u015bli planujesz pali\u0107 go w jointcie. Poniewa\u017c sam haszysz nie pali si\u0119 zbyt wydajnie i ma\u0142o prawdopodobne jest, aby przyni\u00f3s\u0142 oczekiwane rezultaty, b\u0119dziesz potrzebowa\u0107 go wi\u0119cej.<\/span><\/span><\/p>\n<p><span style=\"vertical-align: inherit;\"><span style=\"vertical-align: inherit;\">Palenie go w jointcie jest proste. Najpierw zwi\u0144 nieco mniej pe\u0142nego jointa, a nast\u0119pnie przygotuj haszysz, aby go pokruszy\u0107 i cieszy\u0107 si\u0119 nim. Konopie b\u0119d\u0105 si\u0119 pali\u0107 r\u00f3wnomiernie, a bogate w THC efekty haszyszu zaczn\u0105 dzia\u0142a\u0107 wkr\u00f3tce potem. Kup Fendi ET Hachage Online\u00a0<\/span><\/span><\/p>\n<p><span style=\"vertical-align: inherit;\"><span style=\"vertical-align: inherit;\">Podobnie, mo\u017cesz pali\u0107 haszysz w fajce, po prostu posypuj\u0105c nim tyto\u0144 lub p\u0105ki ju\u017c wsypane do fajki. Zapal fajk\u0119, zaci\u0105gnij si\u0119 i po prostu zacznij cieszy\u0107 si\u0119 zwi\u0119kszonymi korzy\u015bciami haszyszu i konopi razem.<\/span><\/span><\/p>","protected":false},"excerpt":{"rendered":"<p>Buy Fendi OG Hash online Order Fendi Hashing Online in Europe Fendi Hash in Europe for Sale Where in Europe can I get Fendi Hash online? Get Fendi Hash online in the UK. Are you looking to find high-quality hash that can be easily delivered straight to your door? Just visit Buy My Weed Online.&hellip;<\/p>","protected":false},"featured_media":4530,"comment_status":"open","ping_status":"closed","template":"","meta":{"_joinchat":[]},"product_cat":[474],"product_tag":[],"class_list":{"0":"post-4459","1":"product","2":"type-product","3":"status-publish","4":"has-post-thumbnail","6":"product_cat-haschisch","8":"first","9":"instock","10":"shipping-taxable","11":"purchasable","12":"product-type-variable","13":"col-xs-6 col-sm-4","14":"col-md-3 col-lg-3","15":"un-4-cols"},"yoast_head":"<!-- This site is optimized with the Yoast SEO plugin v23.8 - https:\/\/yoast.com\/wordpress\/plugins\/seo\/ -->\n<title>Acheter Fendi et Hash en ligne - Fendi et Hash \u00e0 vendre | PD<\/title>\n<meta name=\"description\" content=\"D\u00e9couvrez les produits Fendi et Hash de premier ordre en vente dans notre boutique en ligne - achetez Fendi et Hash de mani\u00e8re pratique et s\u00e9curis\u00e9e pour alimenter vos recherches. Explorez et commandez Fendi et Hash en ligne, faisant progresser vos efforts scientifiques en toute simplicit\u00e9. Commandez maintenant !\" \/>\n<meta name=\"robots\" content=\"index, follow, max-snippet:-1, max-image-preview:large, max-video-preview:-1\" \/>\n<link rel=\"canonical\" href=\"https:\/\/poudresdenarco.com\/pl\/produkt\/fendi-i-siekanie\/\" \/>\n<meta property=\"og:locale\" content=\"pl_PL\" \/>\n<meta property=\"og:type\" content=\"article\" \/>\n<meta property=\"og:title\" content=\"Acheter Fendi et Hash en ligne - Fendi et Hash \u00e0 vendre | PD\" \/>\n<meta property=\"og:description\" content=\"D\u00e9couvrez les produits Fendi et Hash de premier ordre en vente dans notre boutique en ligne - achetez Fendi et Hash de mani\u00e8re pratique et s\u00e9curis\u00e9e pour alimenter vos recherches. Explorez et commandez Fendi et Hash en ligne, faisant progresser vos efforts scientifiques en toute simplicit\u00e9. Commandez maintenant !\" \/>\n<meta property=\"og:url\" content=\"https:\/\/poudresdenarco.com\/pl\/produkt\/fendi-i-siekanie\/\" \/>\n<meta property=\"og:site_name\" content=\"Poudresde Narco\" \/>\n<meta property=\"article:modified_time\" content=\"2025-04-05T23:33:57+00:00\" \/>\n<meta property=\"og:image\" content=\"https:\/\/poudresdenarco.com\/wp-content\/uploads\/2024\/01\/FENDI-OG-HASH.jpg\" \/>\n\t<meta property=\"og:image:width\" content=\"600\" \/>\n\t<meta property=\"og:image:height\" content=\"600\" \/>\n\t<meta property=\"og:image:type\" content=\"image\/jpeg\" \/>\n<meta name=\"twitter:card\" content=\"summary_large_image\" \/>\n<meta name=\"twitter:label1\" content=\"Szacowany czas czytania\" \/>\n\t<meta name=\"twitter:data1\" content=\"3 minuty\" \/>\n<script type=\"application\/ld+json\" class=\"yoast-schema-graph\">{\"@context\":\"https:\/\/schema.org\",\"@graph\":[{\"@type\":\"WebPage\",\"@id\":\"https:\/\/poudresdenarco.com\/produit\/fendi-et-hachage\/\",\"url\":\"https:\/\/poudresdenarco.com\/produit\/fendi-et-hachage\/\",\"name\":\"Acheter Fendi et Hash en ligne - Fendi et Hash \u00e0 vendre | PD\",\"isPartOf\":{\"@id\":\"https:\/\/poudresdenarco.com\/#website\"},\"primaryImageOfPage\":{\"@id\":\"https:\/\/poudresdenarco.com\/produit\/fendi-et-hachage\/#primaryimage\"},\"image\":{\"@id\":\"https:\/\/poudresdenarco.com\/produit\/fendi-et-hachage\/#primaryimage\"},\"thumbnailUrl\":\"https:\/\/poudresdenarco.com\/wp-content\/uploads\/2024\/01\/FENDI-OG-HASH.jpg\",\"datePublished\":\"2024-01-02T10:58:31+00:00\",\"dateModified\":\"2025-04-05T23:33:57+00:00\",\"description\":\"D\u00e9couvrez les produits Fendi et Hash de premier ordre en vente dans notre boutique en ligne - achetez Fendi et Hash de mani\u00e8re pratique et s\u00e9curis\u00e9e pour alimenter vos recherches. Explorez et commandez Fendi et Hash en ligne, faisant progresser vos efforts scientifiques en toute simplicit\u00e9. Commandez maintenant !\",\"breadcrumb\":{\"@id\":\"https:\/\/poudresdenarco.com\/produit\/fendi-et-hachage\/#breadcrumb\"},\"inLanguage\":\"pl-PL\",\"potentialAction\":[{\"@type\":\"ReadAction\",\"target\":[\"https:\/\/poudresdenarco.com\/produit\/fendi-et-hachage\/\"]}]},{\"@type\":\"ImageObject\",\"inLanguage\":\"pl-PL\",\"@id\":\"https:\/\/poudresdenarco.com\/produit\/fendi-et-hachage\/#primaryimage\",\"url\":\"https:\/\/poudresdenarco.com\/wp-content\/uploads\/2024\/01\/FENDI-OG-HASH.jpg\",\"contentUrl\":\"https:\/\/poudresdenarco.com\/wp-content\/uploads\/2024\/01\/FENDI-OG-HASH.jpg\",\"width\":600,\"height\":600,\"caption\":\"Achetez FENDI-AND-HASH en ligne\"},{\"@type\":\"BreadcrumbList\",\"@id\":\"https:\/\/poudresdenarco.com\/produit\/fendi-et-hachage\/#breadcrumb\",\"itemListElement\":[{\"@type\":\"ListItem\",\"position\":1,\"name\":\"Home\",\"item\":\"https:\/\/poudresdenarco.com\/\"},{\"@type\":\"ListItem\",\"position\":2,\"name\":\"Boutique\",\"item\":\"https:\/\/poudresdenarco.com\/boutique\/\"},{\"@type\":\"ListItem\",\"position\":3,\"name\":\"Fendi ET Hachage\"}]},{\"@type\":\"WebSite\",\"@id\":\"https:\/\/poudresdenarco.com\/#website\",\"url\":\"https:\/\/poudresdenarco.com\/\",\"name\":\"Poudresde Narco\",\"description\":\"Acheter de la coca\u00efne et de l&#039;h\u00e9ro\u00efne en ligne\",\"potentialAction\":[{\"@type\":\"SearchAction\",\"target\":{\"@type\":\"EntryPoint\",\"urlTemplate\":\"https:\/\/poudresdenarco.com\/?s={search_term_string}\"},\"query-input\":{\"@type\":\"PropertyValueSpecification\",\"valueRequired\":true,\"valueName\":\"search_term_string\"}}],\"inLanguage\":\"pl-PL\"}]}<\/script>\n<!-- \/ Yoast SEO plugin. -->","yoast_head_json":{"title":"Acheter Fendi et Hash en ligne - Fendi et Hash \u00e0 vendre | PD","description":"D\u00e9couvrez les produits Fendi et Hash de premier ordre en vente dans notre boutique en ligne - achetez Fendi et Hash de mani\u00e8re pratique et s\u00e9curis\u00e9e pour alimenter vos recherches. Explorez et commandez Fendi et Hash en ligne, faisant progresser vos efforts scientifiques en toute simplicit\u00e9. Commandez maintenant !","robots":{"index":"index","follow":"follow","max-snippet":"max-snippet:-1","max-image-preview":"max-image-preview:large","max-video-preview":"max-video-preview:-1"},"canonical":"https:\/\/poudresdenarco.com\/pl\/produkt\/fendi-i-siekanie\/","og_locale":"pl_PL","og_type":"article","og_title":"Acheter Fendi et Hash en ligne - Fendi et Hash \u00e0 vendre | PD","og_description":"D\u00e9couvrez les produits Fendi et Hash de premier ordre en vente dans notre boutique en ligne - achetez Fendi et Hash de mani\u00e8re pratique et s\u00e9curis\u00e9e pour alimenter vos recherches. Explorez et commandez Fendi et Hash en ligne, faisant progresser vos efforts scientifiques en toute simplicit\u00e9. Commandez maintenant !","og_url":"https:\/\/poudresdenarco.com\/pl\/produkt\/fendi-i-siekanie\/","og_site_name":"Poudresde Narco","article_modified_time":"2025-04-05T23:33:57+00:00","og_image":[{"width":600,"height":600,"url":"https:\/\/poudresdenarco.com\/wp-content\/uploads\/2024\/01\/FENDI-OG-HASH.jpg","type":"image\/jpeg"}],"twitter_card":"summary_large_image","twitter_misc":{"Szacowany czas czytania":"3 minuty"},"schema":{"@context":"https:\/\/schema.org","@graph":[{"@type":"WebPage","@id":"https:\/\/poudresdenarco.com\/produit\/fendi-et-hachage\/","url":"https:\/\/poudresdenarco.com\/produit\/fendi-et-hachage\/","name":"Acheter Fendi et Hash en ligne - Fendi et Hash \u00e0 vendre | PD","isPartOf":{"@id":"https:\/\/poudresdenarco.com\/#website"},"primaryImageOfPage":{"@id":"https:\/\/poudresdenarco.com\/produit\/fendi-et-hachage\/#primaryimage"},"image":{"@id":"https:\/\/poudresdenarco.com\/produit\/fendi-et-hachage\/#primaryimage"},"thumbnailUrl":"https:\/\/poudresdenarco.com\/wp-content\/uploads\/2024\/01\/FENDI-OG-HASH.jpg","datePublished":"2024-01-02T10:58:31+00:00","dateModified":"2025-04-05T23:33:57+00:00","description":"D\u00e9couvrez les produits Fendi et Hash de premier ordre en vente dans notre boutique en ligne - achetez Fendi et Hash de mani\u00e8re pratique et s\u00e9curis\u00e9e pour alimenter vos recherches. Explorez et commandez Fendi et Hash en ligne, faisant progresser vos efforts scientifiques en toute simplicit\u00e9. Commandez maintenant !","breadcrumb":{"@id":"https:\/\/poudresdenarco.com\/produit\/fendi-et-hachage\/#breadcrumb"},"inLanguage":"pl-PL","potentialAction":[{"@type":"ReadAction","target":["https:\/\/poudresdenarco.com\/produit\/fendi-et-hachage\/"]}]},{"@type":"ImageObject","inLanguage":"pl-PL","@id":"https:\/\/poudresdenarco.com\/produit\/fendi-et-hachage\/#primaryimage","url":"https:\/\/poudresdenarco.com\/wp-content\/uploads\/2024\/01\/FENDI-OG-HASH.jpg","contentUrl":"https:\/\/poudresdenarco.com\/wp-content\/uploads\/2024\/01\/FENDI-OG-HASH.jpg","width":600,"height":600,"caption":"Achetez FENDI-AND-HASH en ligne"},{"@type":"BreadcrumbList","@id":"https:\/\/poudresdenarco.com\/produit\/fendi-et-hachage\/#breadcrumb","itemListElement":[{"@type":"ListItem","position":1,"name":"Home","item":"https:\/\/poudresdenarco.com\/"},{"@type":"ListItem","position":2,"name":"Boutique","item":"https:\/\/poudresdenarco.com\/boutique\/"},{"@type":"ListItem","position":3,"name":"Fendi ET Hachage"}]},{"@type":"WebSite","@id":"https:\/\/poudresdenarco.com\/#website","url":"https:\/\/poudresdenarco.com\/","name":"Poudresde Narco","description":"Acheter de la coca\u00efne et de l&#039;h\u00e9ro\u00efne en ligne","potentialAction":[{"@type":"SearchAction","target":{"@type":"EntryPoint","urlTemplate":"https:\/\/poudresdenarco.com\/?s={search_term_string}"},"query-input":{"@type":"PropertyValueSpecification","valueRequired":true,"valueName":"search_term_string"}}],"inLanguage":"pl-PL"}]}},"_links":{"self":[{"href":"https:\/\/poudresdenarco.com\/pl\/wp-json\/wp\/v2\/product\/4459","targetHints":{"allow":["GET"]}}],"collection":[{"href":"https:\/\/poudresdenarco.com\/pl\/wp-json\/wp\/v2\/product"}],"about":[{"href":"https:\/\/poudresdenarco.com\/pl\/wp-json\/wp\/v2\/types\/product"}],"replies":[{"embeddable":true,"href":"https:\/\/poudresdenarco.com\/pl\/wp-json\/wp\/v2\/comments?post=4459"}],"wp:featuredmedia":[{"embeddable":true,"href":"https:\/\/poudresdenarco.com\/pl\/wp-json\/wp\/v2\/media\/4530"}],"wp:attachment":[{"href":"https:\/\/poudresdenarco.com\/pl\/wp-json\/wp\/v2\/media?parent=4459"}],"wp:term":[{"taxonomy":"product_cat","embeddable":true,"href":"https:\/\/poudresdenarco.com\/pl\/wp-json\/wp\/v2\/product_cat?post=4459"},{"taxonomy":"product_tag","embeddable":true,"href":"https:\/\/poudresdenarco.com\/pl\/wp-json\/wp\/v2\/product_tag?post=4459"}],"curies":[{"name":"wp","href":"https:\/\/api.w.org\/{rel}","templated":true}]}}