{"id":4483,"date":"2024-01-02T11:19:47","date_gmt":"2024-01-02T11:19:47","guid":{"rendered":"https:\/\/unkrautmarkt.com\/narco1\/?post_type=product&#038;p=4483"},"modified":"2025-06-10T06:38:28","modified_gmt":"2025-06-10T06:38:28","slug":"tangie-hash","status":"publish","type":"product","link":"https:\/\/poudresdenarco.com\/pl\/produkt\/tangie-hash\/","title":{"rendered":"Tangie Hash"},"content":{"rendered":"<h2><strong><span style=\"vertical-align: inherit;\"><span style=\"vertical-align: inherit;\">Kup Tangie Hash Online<\/span><\/span><\/strong><\/h2>\n<h3><strong><span style=\"vertical-align: inherit;\"><span style=\"vertical-align: inherit;\">Patrze\u0107<\/span><\/span><\/strong><\/h3>\n<p><span style=\"vertical-align: inherit;\"><span style=\"vertical-align: inherit;\">This sample had a brown hue and a dark gold color, which is usually an indication of some plant material remaining in the hash. This batch appears to have been sieved for drying purposes; it had the consistency of large sand pellets (as opposed to microplaned or freeze-dried sand). For optimal drying, we suggest smaller pellet sizes. The absence of trichome heads and\/or terpenes was indicated by the dryness of the resin and lack of fat when stored at room temperature. Using a jeweler&rsquo;s loupe to examine the sample reveals that it contains plant heads and debris as well as a significant amount of trichome stems. This indicates the existence of plant material. Most likely, this content is either from a second or third wash, or it was simply heavily stirred throughout the extraction process. The sample had a chalky, brown appearance once expelled, revealing visible plant material. <a href=\"https:\/\/poudresdenarco.com\/pl\/produkt\/tangie-hash\/\">buy tangie hash online<\/a><\/span><\/span><\/p>\n<h3><strong><span style=\"vertical-align: inherit;\"><span style=\"vertical-align: inherit;\">Zapach<\/span><\/span><\/strong><\/h3>\n<p><span style=\"vertical-align: inherit;\"><span style=\"vertical-align: inherit;\">Pocz\u0105tkowy zapach produktu nie by\u0142 szczeg\u00f3lnie silny. Pr\u00f3bka pachnia\u0142a g\u0142\u00f3wnie owocami cytrusowymi z subtelnym pomara\u0144czowym podtonem. Aromat przed t\u0142oczeniem mo\u017cna scharakteryzowa\u0107 jako pomara\u0144czowy, cytrynowy i s\u0142odki. Zapach mo\u017cna por\u00f3wna\u0107 do lekkiego pomara\u0144czowego olejku eterycznego. Obecne by\u0142y podstawowe mgliste zapachy z tradycyjnymi pi\u017cmowymi i s\u0142odkimi podtonami. Mo\u017cna zauwa\u017cy\u0107, \u017ce po t\u0142oczeniu zapach nie sta\u0142 si\u0119 zauwa\u017calnie silniejszy.<\/span><\/span><\/p>\n<h3><strong><span style=\"vertical-align: inherit;\"><span style=\"vertical-align: inherit;\">Smak<\/span><\/span><\/strong><\/h3>\n<p><span style=\"vertical-align: inherit;\"><span style=\"vertical-align: inherit;\">W smaku i zapachu wyczuwalne by\u0142y nuty cytrusowe, co sugeruje obecno\u015b\u0107 terpen\u00f3w limonenowych. Nie jest zaskakuj\u0105ce, \u017ce pr\u00f3bka mia\u0142a s\u0142aby smak, poniewa\u017c g\u0142\u00f3wki w\u0142osk\u00f3w przechowuj\u0105 terpeny, a pr\u00f3bka zawiera\u0142a mniej g\u0142\u00f3wek w\u0142osk\u00f3w ni\u017c \u0142odyg i innego materia\u0142u ro\u015blinnego. Pachnia\u0142o pomara\u0144cz\u0105 i mandarynk\u0105, ale smak by\u0142 do\u015b\u0107 orze\u017awiaj\u0105cy z cytrusowym odcieniem. Oczekiwano, \u017ce po na\u0142o\u017ceniu paznokcia czubek dabu b\u0119dzie smakowa\u0142 jak przypalony materia\u0142 ro\u015blinny ze wzgl\u0119du na wysokie st\u0119\u017cenie materia\u0142u ro\u015blinnego w pr\u00f3bce.<\/span><\/span><\/p>\n<p><span style=\"vertical-align: inherit;\"><span style=\"vertical-align: inherit;\">T\u0119 pr\u00f3bk\u0119 na\u0142o\u017cono na tytanowy gw\u00f3\u017ad\u017a po jego wyrzuceniu. G\u0142adki dym wskazywa\u0142, \u017ce haszyszowi dano wystarczaj\u0105co du\u017co czasu na wyschni\u0119cie przed sprzeda\u017c\u0105. Haszysz po prostu kilka razy zabulgota\u0142, a nast\u0119pnie spali\u0142 gw\u00f3\u017ad\u017a na czarno i br\u0105zowo, co wskazywa\u0142o, \u017ce nie by\u0142 szczeg\u00f3lnie roztopiony. Zamiast nak\u0142ada\u0107, sugerujemy u\u017cycie tej pr\u00f3bki jako materia\u0142u kalafoniowego lub do pokrycia misek lub wa\u0142k\u00f3w ze wzgl\u0119du na ilo\u015b\u0107 materia\u0142u ro\u015blinnego pozostawionego na gwo\u017adziu po na\u0142o\u017ceniu.<\/span><\/span><\/p>\n<h3><strong><span style=\"vertical-align: inherit;\"><span style=\"vertical-align: inherit;\">Wp\u0142yw<\/span><\/span><\/strong><\/h3>\n<p><span style=\"vertical-align: inherit;\"><span style=\"vertical-align: inherit;\">Je\u015bli chodzi o haszysz b\u0105belkowy, konsekwencje by\u0142y naprawd\u0119 minimalne. Pr\u00f3bka nie okre\u015bla\u0142a surowca, ale bior\u0105c pod uwag\u0119 jego \u0142agodniejszy smak i moc, prawdopodobnie zosta\u0142 wykonany z wysuszonych odpad\u00f3w. Typowy sativa haj za oczami jest odczuwalny natychmiast, gdy efekty zaczynaj\u0105 dzia\u0142a\u0107 w g\u0142owie. Odmiana Tangie by\u0142a hybryd\u0105 sativy, kt\u00f3ra dawa\u0142a u\u017cytkownikom lekkie mrowienie w ca\u0142ym ciele. przed sprzeda\u017c\u0105. Haszysz b\u0105blowa\u0142 tylko kilka razy, a nast\u0119pnie pali\u0142 paznokie\u0107 na czarno i br\u0105zowo, co wskazywa\u0142o, \u017ce nie by\u0142 szczeg\u00f3lnie roztopiony. Zalecamy na\u0142o\u017cenie tego dodatku na g\u0142ow\u0119 ze wzgl\u0119du na ilo\u015b\u0107 materia\u0142u ro\u015blinnego, kt\u00f3ry pozosta\u0142 na paznokciu po dabbingu. Pr\u00f3bka da\u0142a niezwykle przydatny efekt, \u015bwietny do kontynuowania produktywno\u015bci i w miar\u0119 jasnego umys\u0142u. Uwa\u017camy, \u017ce ten produkt by\u0142by fantastyczny dla tych, kt\u00f3rzy chc\u0105 inspirowa\u0107 si\u0119 przez ca\u0142y dzie\u0144, aby pozosta\u0107 produktywnymi i pozytywnymi, chocia\u017c nie jeste\u015bmy specjalistami medycznymi.<\/span><\/span><\/p>","protected":false},"excerpt":{"rendered":"<p>Buy Tangie Hash Online Look This sample had a brown hue and a dark gold color, which is usually an indication of some plant material remaining in the hash. This batch appears to have been sieved for drying purposes; it had the consistency of large sand pellets (as opposed to microplaned or freeze-dried sand). For&hellip;<\/p>","protected":false},"featured_media":4539,"comment_status":"open","ping_status":"closed","template":"","meta":{"_joinchat":[]},"product_cat":[474],"product_tag":[],"class_list":{"0":"post-4483","1":"product","2":"type-product","3":"status-publish","4":"has-post-thumbnail","6":"product_cat-haschisch","8":"first","9":"instock","10":"shipping-taxable","11":"purchasable","12":"product-type-variable","13":"col-xs-6 col-sm-4","14":"col-md-3 col-lg-3","15":"un-4-cols"},"yoast_head":"<!-- This site is optimized with the Yoast SEO plugin v23.8 - https:\/\/yoast.com\/wordpress\/plugins\/seo\/ -->\n<title>Tangie Hash \u00e0 vendre - Achetez Tangie Hash en ligne<\/title>\n<meta name=\"description\" content=\"D\u00e9couvrez notre boutique en ligne de haschisch Tangie \u00e0 vendre, proposant du haschisch Tangie de haute qualit\u00e9. Achetez du haschisch Tangie en ligne en toute s\u00e9curit\u00e9 et lancez-vous dans votre recherche en toute confiance.\" \/>\n<meta name=\"robots\" content=\"index, follow, max-snippet:-1, max-image-preview:large, max-video-preview:-1\" \/>\n<link rel=\"canonical\" href=\"https:\/\/poudresdenarco.com\/pl\/produkt\/tangie-hash\/\" \/>\n<meta property=\"og:locale\" content=\"pl_PL\" \/>\n<meta property=\"og:type\" content=\"article\" \/>\n<meta property=\"og:title\" content=\"Tangie Hash \u00e0 vendre - Achetez Tangie Hash en ligne\" \/>\n<meta property=\"og:description\" content=\"D\u00e9couvrez notre boutique en ligne de haschisch Tangie \u00e0 vendre, proposant du haschisch Tangie de haute qualit\u00e9. Achetez du haschisch Tangie en ligne en toute s\u00e9curit\u00e9 et lancez-vous dans votre recherche en toute confiance.\" \/>\n<meta property=\"og:url\" content=\"https:\/\/poudresdenarco.com\/pl\/produkt\/tangie-hash\/\" \/>\n<meta property=\"og:site_name\" content=\"Poudresde Narco\" \/>\n<meta property=\"article:modified_time\" content=\"2025-06-10T06:38:28+00:00\" \/>\n<meta property=\"og:image\" content=\"https:\/\/poudresdenarco.com\/wp-content\/uploads\/2024\/01\/TANGIE-HASH.jpg\" \/>\n\t<meta property=\"og:image:width\" content=\"600\" \/>\n\t<meta property=\"og:image:height\" content=\"600\" \/>\n\t<meta property=\"og:image:type\" content=\"image\/jpeg\" \/>\n<meta name=\"twitter:card\" content=\"summary_large_image\" \/>\n<meta name=\"twitter:label1\" content=\"Szacowany czas czytania\" \/>\n\t<meta name=\"twitter:data1\" content=\"3 minuty\" \/>\n<script type=\"application\/ld+json\" class=\"yoast-schema-graph\">{\"@context\":\"https:\/\/schema.org\",\"@graph\":[{\"@type\":\"WebPage\",\"@id\":\"https:\/\/poudresdenarco.com\/produit\/tangie-hash\/\",\"url\":\"https:\/\/poudresdenarco.com\/produit\/tangie-hash\/\",\"name\":\"Tangie Hash \u00e0 vendre - Achetez Tangie Hash en ligne\",\"isPartOf\":{\"@id\":\"https:\/\/poudresdenarco.com\/#website\"},\"primaryImageOfPage\":{\"@id\":\"https:\/\/poudresdenarco.com\/produit\/tangie-hash\/#primaryimage\"},\"image\":{\"@id\":\"https:\/\/poudresdenarco.com\/produit\/tangie-hash\/#primaryimage\"},\"thumbnailUrl\":\"https:\/\/poudresdenarco.com\/wp-content\/uploads\/2024\/01\/TANGIE-HASH.jpg\",\"datePublished\":\"2024-01-02T11:19:47+00:00\",\"dateModified\":\"2025-06-10T06:38:28+00:00\",\"description\":\"D\u00e9couvrez notre boutique en ligne de haschisch Tangie \u00e0 vendre, proposant du haschisch Tangie de haute qualit\u00e9. Achetez du haschisch Tangie en ligne en toute s\u00e9curit\u00e9 et lancez-vous dans votre recherche en toute confiance.\",\"breadcrumb\":{\"@id\":\"https:\/\/poudresdenarco.com\/produit\/tangie-hash\/#breadcrumb\"},\"inLanguage\":\"pl-PL\",\"potentialAction\":[{\"@type\":\"ReadAction\",\"target\":[\"https:\/\/poudresdenarco.com\/produit\/tangie-hash\/\"]}]},{\"@type\":\"ImageObject\",\"inLanguage\":\"pl-PL\",\"@id\":\"https:\/\/poudresdenarco.com\/produit\/tangie-hash\/#primaryimage\",\"url\":\"https:\/\/poudresdenarco.com\/wp-content\/uploads\/2024\/01\/TANGIE-HASH.jpg\",\"contentUrl\":\"https:\/\/poudresdenarco.com\/wp-content\/uploads\/2024\/01\/TANGIE-HASH.jpg\",\"width\":600,\"height\":600,\"caption\":\"Achetez TANGIE-HASH en ligne\"},{\"@type\":\"BreadcrumbList\",\"@id\":\"https:\/\/poudresdenarco.com\/produit\/tangie-hash\/#breadcrumb\",\"itemListElement\":[{\"@type\":\"ListItem\",\"position\":1,\"name\":\"Home\",\"item\":\"https:\/\/poudresdenarco.com\/\"},{\"@type\":\"ListItem\",\"position\":2,\"name\":\"Boutique\",\"item\":\"https:\/\/poudresdenarco.com\/boutique\/\"},{\"@type\":\"ListItem\",\"position\":3,\"name\":\"Tangie Hash\"}]},{\"@type\":\"WebSite\",\"@id\":\"https:\/\/poudresdenarco.com\/#website\",\"url\":\"https:\/\/poudresdenarco.com\/\",\"name\":\"Poudresde Narco\",\"description\":\"Acheter de la coca\u00efne et de l&#039;h\u00e9ro\u00efne en ligne\",\"potentialAction\":[{\"@type\":\"SearchAction\",\"target\":{\"@type\":\"EntryPoint\",\"urlTemplate\":\"https:\/\/poudresdenarco.com\/?s={search_term_string}\"},\"query-input\":{\"@type\":\"PropertyValueSpecification\",\"valueRequired\":true,\"valueName\":\"search_term_string\"}}],\"inLanguage\":\"pl-PL\"}]}<\/script>\n<!-- \/ Yoast SEO plugin. -->","yoast_head_json":{"title":"Tangie Hash \u00e0 vendre - Achetez Tangie Hash en ligne","description":"D\u00e9couvrez notre boutique en ligne de haschisch Tangie \u00e0 vendre, proposant du haschisch Tangie de haute qualit\u00e9. Achetez du haschisch Tangie en ligne en toute s\u00e9curit\u00e9 et lancez-vous dans votre recherche en toute confiance.","robots":{"index":"index","follow":"follow","max-snippet":"max-snippet:-1","max-image-preview":"max-image-preview:large","max-video-preview":"max-video-preview:-1"},"canonical":"https:\/\/poudresdenarco.com\/pl\/produkt\/tangie-hash\/","og_locale":"pl_PL","og_type":"article","og_title":"Tangie Hash \u00e0 vendre - Achetez Tangie Hash en ligne","og_description":"D\u00e9couvrez notre boutique en ligne de haschisch Tangie \u00e0 vendre, proposant du haschisch Tangie de haute qualit\u00e9. Achetez du haschisch Tangie en ligne en toute s\u00e9curit\u00e9 et lancez-vous dans votre recherche en toute confiance.","og_url":"https:\/\/poudresdenarco.com\/pl\/produkt\/tangie-hash\/","og_site_name":"Poudresde Narco","article_modified_time":"2025-06-10T06:38:28+00:00","og_image":[{"width":600,"height":600,"url":"https:\/\/poudresdenarco.com\/wp-content\/uploads\/2024\/01\/TANGIE-HASH.jpg","type":"image\/jpeg"}],"twitter_card":"summary_large_image","twitter_misc":{"Szacowany czas czytania":"3 minuty"},"schema":{"@context":"https:\/\/schema.org","@graph":[{"@type":"WebPage","@id":"https:\/\/poudresdenarco.com\/produit\/tangie-hash\/","url":"https:\/\/poudresdenarco.com\/produit\/tangie-hash\/","name":"Tangie Hash \u00e0 vendre - Achetez Tangie Hash en ligne","isPartOf":{"@id":"https:\/\/poudresdenarco.com\/#website"},"primaryImageOfPage":{"@id":"https:\/\/poudresdenarco.com\/produit\/tangie-hash\/#primaryimage"},"image":{"@id":"https:\/\/poudresdenarco.com\/produit\/tangie-hash\/#primaryimage"},"thumbnailUrl":"https:\/\/poudresdenarco.com\/wp-content\/uploads\/2024\/01\/TANGIE-HASH.jpg","datePublished":"2024-01-02T11:19:47+00:00","dateModified":"2025-06-10T06:38:28+00:00","description":"D\u00e9couvrez notre boutique en ligne de haschisch Tangie \u00e0 vendre, proposant du haschisch Tangie de haute qualit\u00e9. Achetez du haschisch Tangie en ligne en toute s\u00e9curit\u00e9 et lancez-vous dans votre recherche en toute confiance.","breadcrumb":{"@id":"https:\/\/poudresdenarco.com\/produit\/tangie-hash\/#breadcrumb"},"inLanguage":"pl-PL","potentialAction":[{"@type":"ReadAction","target":["https:\/\/poudresdenarco.com\/produit\/tangie-hash\/"]}]},{"@type":"ImageObject","inLanguage":"pl-PL","@id":"https:\/\/poudresdenarco.com\/produit\/tangie-hash\/#primaryimage","url":"https:\/\/poudresdenarco.com\/wp-content\/uploads\/2024\/01\/TANGIE-HASH.jpg","contentUrl":"https:\/\/poudresdenarco.com\/wp-content\/uploads\/2024\/01\/TANGIE-HASH.jpg","width":600,"height":600,"caption":"Achetez TANGIE-HASH en ligne"},{"@type":"BreadcrumbList","@id":"https:\/\/poudresdenarco.com\/produit\/tangie-hash\/#breadcrumb","itemListElement":[{"@type":"ListItem","position":1,"name":"Home","item":"https:\/\/poudresdenarco.com\/"},{"@type":"ListItem","position":2,"name":"Boutique","item":"https:\/\/poudresdenarco.com\/boutique\/"},{"@type":"ListItem","position":3,"name":"Tangie Hash"}]},{"@type":"WebSite","@id":"https:\/\/poudresdenarco.com\/#website","url":"https:\/\/poudresdenarco.com\/","name":"Poudresde Narco","description":"Acheter de la coca\u00efne et de l&#039;h\u00e9ro\u00efne en ligne","potentialAction":[{"@type":"SearchAction","target":{"@type":"EntryPoint","urlTemplate":"https:\/\/poudresdenarco.com\/?s={search_term_string}"},"query-input":{"@type":"PropertyValueSpecification","valueRequired":true,"valueName":"search_term_string"}}],"inLanguage":"pl-PL"}]}},"_links":{"self":[{"href":"https:\/\/poudresdenarco.com\/pl\/wp-json\/wp\/v2\/product\/4483","targetHints":{"allow":["GET"]}}],"collection":[{"href":"https:\/\/poudresdenarco.com\/pl\/wp-json\/wp\/v2\/product"}],"about":[{"href":"https:\/\/poudresdenarco.com\/pl\/wp-json\/wp\/v2\/types\/product"}],"replies":[{"embeddable":true,"href":"https:\/\/poudresdenarco.com\/pl\/wp-json\/wp\/v2\/comments?post=4483"}],"wp:featuredmedia":[{"embeddable":true,"href":"https:\/\/poudresdenarco.com\/pl\/wp-json\/wp\/v2\/media\/4539"}],"wp:attachment":[{"href":"https:\/\/poudresdenarco.com\/pl\/wp-json\/wp\/v2\/media?parent=4483"}],"wp:term":[{"taxonomy":"product_cat","embeddable":true,"href":"https:\/\/poudresdenarco.com\/pl\/wp-json\/wp\/v2\/product_cat?post=4483"},{"taxonomy":"product_tag","embeddable":true,"href":"https:\/\/poudresdenarco.com\/pl\/wp-json\/wp\/v2\/product_tag?post=4483"}],"curies":[{"name":"wp","href":"https:\/\/api.w.org\/{rel}","templated":true}]}}