{"id":4754,"date":"2024-10-16T11:01:47","date_gmt":"2024-10-16T11:01:47","guid":{"rendered":"https:\/\/poudresdenarco.com\/?post_type=product&#038;p=4754"},"modified":"2024-12-23T10:09:24","modified_gmt":"2024-12-23T10:09:24","slug":"2-fa","status":"publish","type":"product","link":"https:\/\/poudresdenarco.com\/pl\/produkt\/2-fa\/","title":{"rendered":"2-FA"},"content":{"rendered":"<h2>Kup chlorowodorek 2-FA online<\/h2>\n<p>Witamy w poudresdenarco, niezawodnym \u017ar\u00f3dle zakupu chlorowodorku dekstrozy. <a href=\"https:\/\/poudresdenarco.com\/pl\/produkt\/2-fa\/\">2-FA<\/a> online. Jako w\u0142a\u015bciciele poudresdenarco jeste\u015bmy dumni z oferowania naukowcom produkt\u00f3w najwy\u017cszej jako\u015bci i wyj\u0105tkowej obs\u0142ugi klienta. W tym artykule podzielimy si\u0119 wa\u017cnymi powodami, dla kt\u00f3rych warto wybra\u0107 poudresdenarco do zakupu chlorowodorku 2-FA, a tak\u017ce zapewnimy, \u017ce oferujemy wysy\u0142k\u0119 na ca\u0142y \u015bwiat, aby zaspokoi\u0107 potrzeby naukowc\u00f3w na ca\u0142ym \u015bwiecie.<\/p>\n<h3>Produkty najwy\u017cszej jako\u015bci:<\/h3>\n<p>Przy <a href=\"https:\/\/poudresdenarco.com\/pl\/\">poudresdenarco<\/a>Jako producent chemikali\u00f3w badawczych przyk\u0142adamy najwy\u017csz\u0105 wag\u0119 do jako\u015bci naszych produkt\u00f3w. Nasz chlorowodorek 2-FA jest poddawany rygorystycznym \u015brodkom kontroli jako\u015bci w celu zapewnienia czysto\u015bci, sp\u00f3jno\u015bci i dok\u0142adnego dozowania. Wsp\u00f3\u0142pracujemy z renomowanymi producentami i dostawcami, aby pozyskiwa\u0107 wy\u0142\u0105cznie najwy\u017cszej jako\u015bci substancje chemiczne, umo\u017cliwiaj\u0105c badaczom przeprowadzanie eksperyment\u00f3w z pe\u0142nym zaufaniem. Kupuj\u0105c chlorowodorek 2-FA od poudresdenarco, mo\u017cesz mie\u0107 pewno\u015b\u0107, \u017ce otrzymujesz produkt najwy\u017cszej jako\u015bci.<a href=\"https:\/\/poudresdenarco.com\/pl\/produkt\/1p-lsd\/\">.<\/a><\/p>\n<h3>Szeroki wyb\u00f3r chemikali\u00f3w badawczych:<\/h3>\n<p>poudresdenarco oferuje szeroki wyb\u00f3r chemikali\u00f3w badawczych, aby zaspokoi\u0107 r\u00f3\u017cnorodne potrzeby naukowc\u00f3w. Nasz sklep internetowy oferuje szerok\u0105 gam\u0119 wysokiej jako\u015bci substancji, w tym <a href=\"https:\/\/en.wikipedia.org\/wiki\/Multi-factor_authentication\">2-FA<\/a>. Niezale\u017cnie od tego, czy studiujesz farmaceutyk\u0119, chemi\u0119 czy inne dziedziny nauki, naszym celem jest zaspokojenie wszystkich Twoich potrzeb w zakresie chemii badawczej. Zapoznaj si\u0119 z nasz\u0105 kolekcj\u0105 i odkryj ekscytuj\u0105ce mo\u017cliwo\u015bci dla swoich bada\u0144.<\/p>\n<h4><strong>Kup 2-FA o wysokiej czysto\u015bci do bada\u0144 - Narco Powders<\/strong><\/h4>\n<p>Poudres de Narco jest zaufanym dostawc\u0105 dla <strong>Jako\u015b\u0107 bada\u0144 2-FA<\/strong>zaprojektowany wy\u0142\u0105cznie dla <strong>zastosowania laboratoryjne i naukowe<\/strong>. Nasz 2-FA jest produkowany zgodnie z rygorystycznymi standardami czysto\u015bci i jako\u015bci, zapewniaj\u0105c wiarygodne wyniki dla specjalist\u00f3w w dziedzinie chemii i farmakologii.<\/p>\n<h3>Dlaczego warto wybra\u0107 2-FA de Poudres de Narco?<\/h3>\n<p>Jako <strong>dostawca 2-FA do bada\u0144<\/strong>Poudres de Narco dok\u0142ada wszelkich stara\u0144, aby dostarcza\u0107 produkty spe\u0142niaj\u0105ce najwy\u017csze standardy jako\u015bci i bezpiecze\u0144stwa:<\/p>\n<ul>\n<li><strong>Certyfikowana czysto\u015b\u0107<\/strong> Ka\u017cda partia 2-FA jest rygorystycznie testowana, aby zagwarantowa\u0107 maksymaln\u0105 czysto\u015b\u0107, kt\u00f3ra jest niezb\u0119dna do eksperyment\u00f3w naukowych.<\/li>\n<li><strong>Sta\u0142a jako\u015b\u0107<\/strong> Nasz 2-FA jest produkowany w celu zapewnienia stabilnych, dok\u0142adnych wynik\u00f3w, kt\u00f3re spe\u0142niaj\u0105 wymagania laboratoryjne.<\/li>\n<li><strong>Bezpieczne zamawianie online<\/strong> U\u0142atwiamy<strong>Zakup 2-FA do zastosowa\u0144 naukowych<\/strong>z bezpieczn\u0105, zgodn\u0105 z przepisami platform\u0105 zam\u00f3wie\u0144.<\/li>\n<\/ul>\n<h3>Aplikacje i instrukcje bezpiecze\u0144stwa<\/h3>\n<p>Le <strong>2-FA<\/strong> de Poudres de Narco jest stosowany w r\u00f3\u017cnych kontekstach bada\u0144 laboratoryjnych. Aby zapewni\u0107 bezpieczne i zgodne z przepisami u\u017cytkowanie, zapewniamy protoko\u0142y obs\u0142ugi i przechowywania:<\/p>\n<ul>\n<li><strong>Bezpieczne przechowywanie<\/strong> Przechowywa\u0107 2-FA w ch\u0142odnym, suchym miejscu z dala od bezpo\u015bredniego \u015bwiat\u0142a.<\/li>\n<li><strong>Obs\u0142uga<\/strong> Nale\u017cy u\u017cywa\u0107 \u015brodk\u00f3w ochrony osobistej (PPE) i pracowa\u0107 w dobrze wentylowanym \u015brodowisku.<\/li>\n<li><strong>U\u017cycie zastrze\u017cone wy\u0142\u0105cznie do cel\u00f3w badawczych<\/strong> Ten produkt jest przeznaczony dla profesjonalist\u00f3w pracuj\u0105cych w kontrolowanych \u015brodowiskach.<\/li>\n<\/ul>\n<h3>Zam\u00f3w wysokiej jako\u015bci 2-FA do swoich bada\u0144 naukowych<\/h3>\n<p>Poudres de Narco to idealny wyb\u00f3r na <strong>dostawa wysokiej jako\u015bci 2-FA<\/strong> do bada\u0144. <strong>Skontaktuj si\u0119 z nami<\/strong> aby uzyska\u0107 wycen\u0119 lub wi\u0119cej informacji na temat naszych produkt\u00f3w i us\u0142ug do zastosowa\u0144 naukowych.<\/p>\n<p>&nbsp;<\/p>","protected":false},"excerpt":{"rendered":"<p>Acheter du chlorhydrate de 2-FA en ligne Bienvenue chez poudresdenarco, votre source fiable pour acheter du chlorhydrate de 2-FA en ligne. En tant que propri\u00e9taire de poudresdenarco, nous sommes fiers d&rsquo;offrir aux chercheurs des produits de la plus haute qualit\u00e9 et un service client exceptionnel. Dans cet article, nous partagerons les raisons convaincantes pour lesquelles&hellip;<\/p>","protected":false},"featured_media":6151,"comment_status":"open","ping_status":"closed","template":"","meta":{"_joinchat":[]},"product_cat":[558,751],"product_tag":[],"class_list":{"0":"post-4754","1":"product","2":"type-product","3":"status-publish","4":"has-post-thumbnail","6":"product_cat-chimiques-de-recherche","7":"product_cat-stimulants","9":"first","10":"instock","11":"shipping-taxable","12":"purchasable","13":"product-type-variable","14":"col-xs-6 col-sm-4","15":"col-md-3 col-lg-3","16":"un-4-cols"},"yoast_head":"<!-- This site is optimized with the Yoast SEO plugin v23.8 - https:\/\/yoast.com\/wordpress\/plugins\/seo\/ -->\n<title>Acheter 2-FA de Qualit\u00e9 pour la Recherche | Poudres de Narco<\/title>\n<meta name=\"description\" content=\"Fournisseur de 2-FA pour applications scientifiques. Puret\u00e9 garantie pour la recherche en laboratoire chez Poudres de Narco.\" \/>\n<meta name=\"robots\" content=\"index, follow, max-snippet:-1, max-image-preview:large, max-video-preview:-1\" \/>\n<link rel=\"canonical\" href=\"https:\/\/poudresdenarco.com\/pl\/produkt\/2-fa\/\" \/>\n<meta property=\"og:locale\" content=\"pl_PL\" \/>\n<meta property=\"og:type\" content=\"article\" \/>\n<meta property=\"og:title\" content=\"Acheter 2-FA de Qualit\u00e9 pour la Recherche | Poudres de Narco\" \/>\n<meta property=\"og:description\" content=\"Fournisseur de 2-FA pour applications scientifiques. Puret\u00e9 garantie pour la recherche en laboratoire chez Poudres de Narco.\" \/>\n<meta property=\"og:url\" content=\"https:\/\/poudresdenarco.com\/pl\/produkt\/2-fa\/\" \/>\n<meta property=\"og:site_name\" content=\"Poudresde Narco\" \/>\n<meta property=\"article:modified_time\" content=\"2024-12-23T10:09:24+00:00\" \/>\n<meta property=\"og:image\" content=\"https:\/\/poudresdenarco.com\/wp-content\/uploads\/2024\/10\/2-FA.gif\" \/>\n\t<meta property=\"og:image:width\" content=\"600\" \/>\n\t<meta property=\"og:image:height\" content=\"600\" \/>\n\t<meta property=\"og:image:type\" content=\"image\/gif\" \/>\n<meta name=\"twitter:card\" content=\"summary_large_image\" \/>\n<meta name=\"twitter:label1\" content=\"Szacowany czas czytania\" \/>\n\t<meta name=\"twitter:data1\" content=\"3 minuty\" \/>\n<script type=\"application\/ld+json\" class=\"yoast-schema-graph\">{\"@context\":\"https:\/\/schema.org\",\"@graph\":[{\"@type\":\"WebPage\",\"@id\":\"https:\/\/poudresdenarco.com\/produit\/2-fa\/\",\"url\":\"https:\/\/poudresdenarco.com\/produit\/2-fa\/\",\"name\":\"Acheter 2-FA de Qualit\u00e9 pour la Recherche | Poudres de Narco\",\"isPartOf\":{\"@id\":\"https:\/\/poudresdenarco.com\/#website\"},\"primaryImageOfPage\":{\"@id\":\"https:\/\/poudresdenarco.com\/produit\/2-fa\/#primaryimage\"},\"image\":{\"@id\":\"https:\/\/poudresdenarco.com\/produit\/2-fa\/#primaryimage\"},\"thumbnailUrl\":\"https:\/\/poudresdenarco.com\/wp-content\/uploads\/2024\/10\/2-FA.gif\",\"datePublished\":\"2024-10-16T11:01:47+00:00\",\"dateModified\":\"2024-12-23T10:09:24+00:00\",\"description\":\"Fournisseur de 2-FA pour applications scientifiques. Puret\u00e9 garantie pour la recherche en laboratoire chez Poudres de Narco.\",\"breadcrumb\":{\"@id\":\"https:\/\/poudresdenarco.com\/produit\/2-fa\/#breadcrumb\"},\"inLanguage\":\"pl-PL\",\"potentialAction\":[{\"@type\":\"ReadAction\",\"target\":[\"https:\/\/poudresdenarco.com\/produit\/2-fa\/\"]}]},{\"@type\":\"ImageObject\",\"inLanguage\":\"pl-PL\",\"@id\":\"https:\/\/poudresdenarco.com\/produit\/2-fa\/#primaryimage\",\"url\":\"https:\/\/poudresdenarco.com\/wp-content\/uploads\/2024\/10\/2-FA.gif\",\"contentUrl\":\"https:\/\/poudresdenarco.com\/wp-content\/uploads\/2024\/10\/2-FA.gif\",\"width\":600,\"height\":600,\"caption\":\"2-FA\"},{\"@type\":\"BreadcrumbList\",\"@id\":\"https:\/\/poudresdenarco.com\/produit\/2-fa\/#breadcrumb\",\"itemListElement\":[{\"@type\":\"ListItem\",\"position\":1,\"name\":\"Home\",\"item\":\"https:\/\/poudresdenarco.com\/\"},{\"@type\":\"ListItem\",\"position\":2,\"name\":\"Boutique\",\"item\":\"https:\/\/poudresdenarco.com\/boutique\/\"},{\"@type\":\"ListItem\",\"position\":3,\"name\":\"2-FA\"}]},{\"@type\":\"WebSite\",\"@id\":\"https:\/\/poudresdenarco.com\/#website\",\"url\":\"https:\/\/poudresdenarco.com\/\",\"name\":\"Poudresde Narco\",\"description\":\"Acheter de la coca\u00efne et de l&#039;h\u00e9ro\u00efne en ligne\",\"potentialAction\":[{\"@type\":\"SearchAction\",\"target\":{\"@type\":\"EntryPoint\",\"urlTemplate\":\"https:\/\/poudresdenarco.com\/?s={search_term_string}\"},\"query-input\":{\"@type\":\"PropertyValueSpecification\",\"valueRequired\":true,\"valueName\":\"search_term_string\"}}],\"inLanguage\":\"pl-PL\"}]}<\/script>\n<!-- \/ Yoast SEO plugin. -->","yoast_head_json":{"title":"Acheter 2-FA de Qualit\u00e9 pour la Recherche | Poudres de Narco","description":"Fournisseur de 2-FA pour applications scientifiques. Puret\u00e9 garantie pour la recherche en laboratoire chez Poudres de Narco.","robots":{"index":"index","follow":"follow","max-snippet":"max-snippet:-1","max-image-preview":"max-image-preview:large","max-video-preview":"max-video-preview:-1"},"canonical":"https:\/\/poudresdenarco.com\/pl\/produkt\/2-fa\/","og_locale":"pl_PL","og_type":"article","og_title":"Acheter 2-FA de Qualit\u00e9 pour la Recherche | Poudres de Narco","og_description":"Fournisseur de 2-FA pour applications scientifiques. Puret\u00e9 garantie pour la recherche en laboratoire chez Poudres de Narco.","og_url":"https:\/\/poudresdenarco.com\/pl\/produkt\/2-fa\/","og_site_name":"Poudresde Narco","article_modified_time":"2024-12-23T10:09:24+00:00","og_image":[{"width":600,"height":600,"url":"https:\/\/poudresdenarco.com\/wp-content\/uploads\/2024\/10\/2-FA.gif","type":"image\/gif"}],"twitter_card":"summary_large_image","twitter_misc":{"Szacowany czas czytania":"3 minuty"},"schema":{"@context":"https:\/\/schema.org","@graph":[{"@type":"WebPage","@id":"https:\/\/poudresdenarco.com\/produit\/2-fa\/","url":"https:\/\/poudresdenarco.com\/produit\/2-fa\/","name":"Acheter 2-FA de Qualit\u00e9 pour la Recherche | Poudres de Narco","isPartOf":{"@id":"https:\/\/poudresdenarco.com\/#website"},"primaryImageOfPage":{"@id":"https:\/\/poudresdenarco.com\/produit\/2-fa\/#primaryimage"},"image":{"@id":"https:\/\/poudresdenarco.com\/produit\/2-fa\/#primaryimage"},"thumbnailUrl":"https:\/\/poudresdenarco.com\/wp-content\/uploads\/2024\/10\/2-FA.gif","datePublished":"2024-10-16T11:01:47+00:00","dateModified":"2024-12-23T10:09:24+00:00","description":"Fournisseur de 2-FA pour applications scientifiques. Puret\u00e9 garantie pour la recherche en laboratoire chez Poudres de Narco.","breadcrumb":{"@id":"https:\/\/poudresdenarco.com\/produit\/2-fa\/#breadcrumb"},"inLanguage":"pl-PL","potentialAction":[{"@type":"ReadAction","target":["https:\/\/poudresdenarco.com\/produit\/2-fa\/"]}]},{"@type":"ImageObject","inLanguage":"pl-PL","@id":"https:\/\/poudresdenarco.com\/produit\/2-fa\/#primaryimage","url":"https:\/\/poudresdenarco.com\/wp-content\/uploads\/2024\/10\/2-FA.gif","contentUrl":"https:\/\/poudresdenarco.com\/wp-content\/uploads\/2024\/10\/2-FA.gif","width":600,"height":600,"caption":"2-FA"},{"@type":"BreadcrumbList","@id":"https:\/\/poudresdenarco.com\/produit\/2-fa\/#breadcrumb","itemListElement":[{"@type":"ListItem","position":1,"name":"Home","item":"https:\/\/poudresdenarco.com\/"},{"@type":"ListItem","position":2,"name":"Boutique","item":"https:\/\/poudresdenarco.com\/boutique\/"},{"@type":"ListItem","position":3,"name":"2-FA"}]},{"@type":"WebSite","@id":"https:\/\/poudresdenarco.com\/#website","url":"https:\/\/poudresdenarco.com\/","name":"Poudresde Narco","description":"Acheter de la coca\u00efne et de l&#039;h\u00e9ro\u00efne en ligne","potentialAction":[{"@type":"SearchAction","target":{"@type":"EntryPoint","urlTemplate":"https:\/\/poudresdenarco.com\/?s={search_term_string}"},"query-input":{"@type":"PropertyValueSpecification","valueRequired":true,"valueName":"search_term_string"}}],"inLanguage":"pl-PL"}]}},"_links":{"self":[{"href":"https:\/\/poudresdenarco.com\/pl\/wp-json\/wp\/v2\/product\/4754","targetHints":{"allow":["GET"]}}],"collection":[{"href":"https:\/\/poudresdenarco.com\/pl\/wp-json\/wp\/v2\/product"}],"about":[{"href":"https:\/\/poudresdenarco.com\/pl\/wp-json\/wp\/v2\/types\/product"}],"replies":[{"embeddable":true,"href":"https:\/\/poudresdenarco.com\/pl\/wp-json\/wp\/v2\/comments?post=4754"}],"wp:featuredmedia":[{"embeddable":true,"href":"https:\/\/poudresdenarco.com\/pl\/wp-json\/wp\/v2\/media\/6151"}],"wp:attachment":[{"href":"https:\/\/poudresdenarco.com\/pl\/wp-json\/wp\/v2\/media?parent=4754"}],"wp:term":[{"taxonomy":"product_cat","embeddable":true,"href":"https:\/\/poudresdenarco.com\/pl\/wp-json\/wp\/v2\/product_cat?post=4754"},{"taxonomy":"product_tag","embeddable":true,"href":"https:\/\/poudresdenarco.com\/pl\/wp-json\/wp\/v2\/product_tag?post=4754"}],"curies":[{"name":"wp","href":"https:\/\/api.w.org\/{rel}","templated":true}]}}