{"id":4755,"date":"2024-10-16T11:03:16","date_gmt":"2024-10-16T11:03:16","guid":{"rendered":"https:\/\/poudresdenarco.com\/?post_type=product&#038;p=4755"},"modified":"2024-12-23T10:05:08","modified_gmt":"2024-12-23T10:05:08","slug":"2-fma","status":"publish","type":"product","link":"https:\/\/poudresdenarco.com\/pl\/produkt\/2-fma\/","title":{"rendered":"2-FMA"},"content":{"rendered":"<h2>Kup chlorowodorek 2-FMA online<\/h2>\n<p>Pozdrowienia od poudresdenarco, niezawodnego sprzedawcy internetowego <a href=\"https:\/\/poudresdenarco.com\/pl\/produkt\/2-fma\/\">2-FMA<\/a>. Jako w\u0142a\u015bciciele poudresdenarco jeste\u015bmy dumni z zapewniania naukowcom najlepszych dostaw i wsparcia. W tym artykule om\u00f3wimy mocne argumenty, dlaczego warto kupi\u0107 2-FA Hydrochloride od poudresdenarco i gwarantujemy, \u017ce oferujemy mi\u0119dzynarodow\u0105 dostaw\u0119, aby zaspokoi\u0107 potrzeby naukowc\u00f3w na ca\u0142ym \u015bwiecie.<\/p>\n<h3>Produkty najwy\u017cszej jako\u015bci:<\/h3>\n<p>Jako\u015b\u0107 naszych chemikali\u00f3w badawczych jest dla nas najwy\u017cszym priorytetem. <a href=\"https:\/\/poudresdenarco.com\/pl\/\">poudresdenarco<\/a>. Chlorowodorek 2-FMA jest poddawany rygorystycznym procedurom kontroli jako\u015bci, aby zapewni\u0107 jego czysto\u015b\u0107, sp\u00f3jno\u015b\u0107 i w\u0142a\u015bciwe dawkowanie. Pozyskujemy wy\u0142\u0105cznie najwy\u017cszej jako\u015bci substancje chemiczne dzi\u0119ki naszym partnerstwom z wiarygodnymi producentami i dostawcami, daj\u0105c badaczom pewno\u015b\u0107 w przeprowadzaniu test\u00f3w. Kup chlorowodorek 2-FA od<\/p>\n<h3>Mo\u017cesz by\u0107 pewien, \u017ce poudresdenarco wy\u015ble Ci produkt wysokiej jako\u015bci.<\/h3>\n<h3>Pe\u0142ny wyb\u00f3r chemikali\u00f3w badawczych:<\/h3>\n<p>Aby zaspokoi\u0107 r\u00f3\u017cne potrzeby naukowc\u00f3w, poudresdenarco oferuje szerok\u0105 gam\u0119 chemikali\u00f3w badawczych. W naszym sklepie internetowym oferujemy szeroki wyb\u00f3r najwy\u017cszej klasy produkt\u00f3w, w tym <a href=\"https:\/\/en.wikipedia.org\/wiki\/2-Fluoromethamphetamine\">2-FMA<\/a>. Chcemy by\u0107 punktem kompleksowej obs\u0142ugi dla wszystkich Twoich potrzeb w zakresie chemii badawczej, niezale\u017cnie od tego, czy studiujesz chemi\u0119, farmaceutyk\u0119 czy inne przedmioty naukowe. Zapoznaj si\u0119 z nasz\u0105 kolekcj\u0105, aby znale\u017a\u0107 fascynuj\u0105ce mo\u017cliwo\u015bci studiowania.<\/p>\n<p><strong>Kup 2-FMA o wysokiej czysto\u015bci do bada\u0144 - Narco Powders<\/strong><\/p>\n<p>Poudres de Narco oferuje <strong>Wysokiej jako\u015bci 2-FMA<\/strong>zarezerwowane dla <strong>zastosowania w badaniach laboratoryjnych<\/strong>. Zaprojektowany, aby spe\u0142ni\u0107 wymagania badaczy w dziedzinie chemii i farmakologii, nasz 2-FMA oferuje sta\u0142\u0105 czysto\u015b\u0107 i jako\u015b\u0107, gwarantuj\u0105c wiarygodne wyniki w r\u00f3\u017cnych kontekstach bada\u0144 naukowych.<\/p>\n<h3>Dlaczego warto wybra\u0107 2-FMA od Poudres de Narco?<\/h3>\n<p>Jako <strong>dostawca 2-FMA do bada\u0144<\/strong>Poudres de Narco dok\u0142ada wszelkich stara\u0144, aby oferowa\u0107 produkt wysokiej jako\u015bci, kt\u00f3ry spe\u0142nia najwy\u017csze standardy bada\u0144 naukowych:<\/p>\n<ul>\n<li><strong>Certyfikowana czysto\u015b\u0107<\/strong> Ka\u017cda partia 2-FMA jest testowana w celu zapewnienia optymalnej czysto\u015bci, niezb\u0119dnej do uzyskania dok\u0142adnych wynik\u00f3w bada\u0144.<\/li>\n<li><strong>Niezawodna jako\u015b\u0107<\/strong> Nasz 2-FMA zosta\u0142 zaprojektowany tak, aby zapewni\u0107 sta\u0142\u0105 wydajno\u015b\u0107 w laboratorium.<\/li>\n<li><strong>Bezpieczne zamawianie<\/strong> U\u0142atwiamy<strong>Zakup 2-FMA do zastosowa\u0144 naukowych<\/strong> z bezpieczn\u0105 platform\u0105, kt\u00f3ra jest zgodna ze standardami poufno\u015bci.<\/li>\n<\/ul>\n<h3>Aplikacje i instrukcje bezpiecze\u0144stwa<\/h3>\n<p>Le <strong>2-FMA<\/strong> de Poudres de Narco jest wykorzystywany w r\u00f3\u017cnych badaniach naukowych i zastosowaniach laboratoryjnych. Aby zapewni\u0107 bezpieczne i w\u0142a\u015bciwe u\u017cytkowanie, zapewniamy \u015bcis\u0142e wytyczne dotycz\u0105ce obs\u0142ugi:<\/p>\n<ul>\n<li><strong>Bezpieczne przechowywanie<\/strong> Przechowywa\u0107 2-FMA w ch\u0142odnym, suchym miejscu z dala od \u015bwiat\u0142a.<\/li>\n<li><strong>Obs\u0142uga<\/strong> Stosowa\u0107 \u015brodki ochrony indywidualnej (PPE) i pracowa\u0107 w dobrze wentylowanych pomieszczeniach.<\/li>\n<li><strong>Tylko do u\u017cytku badawczego<\/strong> Ten produkt jest przeznaczony dla profesjonalist\u00f3w pracuj\u0105cych w kontrolowanym \u015brodowisku badawczym.<\/li>\n<\/ul>\n<h3>Zam\u00f3w wysokiej jako\u015bci 2-FMA do swoich bada\u0144 naukowych<\/h3>\n<p>Dzi\u0119ki Poudres de Narco mo\u017cesz liczy\u0107 na niezawodne dostawy <strong>2-FMA o wysokiej czysto\u015bci<\/strong> do bada\u0144. <strong>Skontaktuj si\u0119 z nami<\/strong> aby uzyska\u0107 wycen\u0119 lub wi\u0119cej informacji na temat naszych produkt\u00f3w do zastosowa\u0144 laboratoryjnych.<\/p>\n<p>&nbsp;<\/p>","protected":false},"excerpt":{"rendered":"<p>Achats en ligne de chlorhydrate de 2-FMA Salutations de poudresdenarco, votre d\u00e9taillant en ligne fiable de chlorhydrate de 2-FMA. En tant que propri\u00e9taires de poudresdenarco, nous sommes tr\u00e8s fiers de fournir aux chercheurs les meilleures fournitures et le meilleur soutien. Dans cet article, nous discuterons des arguments solides pour lesquels vous devriez acheter du chlorhydrate&hellip;<\/p>","protected":false},"featured_media":6152,"comment_status":"open","ping_status":"closed","template":"","meta":{"_joinchat":[]},"product_cat":[558,751],"product_tag":[],"class_list":{"0":"post-4755","1":"product","2":"type-product","3":"status-publish","4":"has-post-thumbnail","6":"product_cat-chimiques-de-recherche","7":"product_cat-stimulants","9":"first","10":"instock","11":"shipping-taxable","12":"purchasable","13":"product-type-variable","14":"col-xs-6 col-sm-4","15":"col-md-3 col-lg-3","16":"un-4-cols"},"yoast_head":"<!-- This site is optimized with the Yoast SEO plugin v23.8 - https:\/\/yoast.com\/wordpress\/plugins\/seo\/ -->\n<title>Acheter 2-FMA de Qualit\u00e9 pour la Recherche | Poudres de Narco<\/title>\n<meta name=\"description\" content=\"Fournisseur de 2-FMA pour la recherche scientifique. Puret\u00e9 garantie pour applications en laboratoire chez Poudres de Narco.\" \/>\n<meta name=\"robots\" content=\"index, follow, max-snippet:-1, max-image-preview:large, max-video-preview:-1\" \/>\n<link rel=\"canonical\" href=\"https:\/\/poudresdenarco.com\/pl\/produkt\/2-fma\/\" \/>\n<meta property=\"og:locale\" content=\"pl_PL\" \/>\n<meta property=\"og:type\" content=\"article\" \/>\n<meta property=\"og:title\" content=\"Acheter 2-FMA de Qualit\u00e9 pour la Recherche | Poudres de Narco\" \/>\n<meta property=\"og:description\" content=\"Fournisseur de 2-FMA pour la recherche scientifique. Puret\u00e9 garantie pour applications en laboratoire chez Poudres de Narco.\" \/>\n<meta property=\"og:url\" content=\"https:\/\/poudresdenarco.com\/pl\/produkt\/2-fma\/\" \/>\n<meta property=\"og:site_name\" content=\"Poudresde Narco\" \/>\n<meta property=\"article:modified_time\" content=\"2024-12-23T10:05:08+00:00\" \/>\n<meta property=\"og:image\" content=\"https:\/\/poudresdenarco.com\/wp-content\/uploads\/2024\/10\/2-FMA.gif\" \/>\n\t<meta property=\"og:image:width\" content=\"600\" \/>\n\t<meta property=\"og:image:height\" content=\"600\" \/>\n\t<meta property=\"og:image:type\" content=\"image\/gif\" \/>\n<meta name=\"twitter:card\" content=\"summary_large_image\" \/>\n<meta name=\"twitter:label1\" content=\"Szacowany czas czytania\" \/>\n\t<meta name=\"twitter:data1\" content=\"3 minuty\" \/>\n<script type=\"application\/ld+json\" class=\"yoast-schema-graph\">{\"@context\":\"https:\/\/schema.org\",\"@graph\":[{\"@type\":\"WebPage\",\"@id\":\"https:\/\/poudresdenarco.com\/produit\/2-fma\/\",\"url\":\"https:\/\/poudresdenarco.com\/produit\/2-fma\/\",\"name\":\"Acheter 2-FMA de Qualit\u00e9 pour la Recherche | Poudres de Narco\",\"isPartOf\":{\"@id\":\"https:\/\/poudresdenarco.com\/#website\"},\"primaryImageOfPage\":{\"@id\":\"https:\/\/poudresdenarco.com\/produit\/2-fma\/#primaryimage\"},\"image\":{\"@id\":\"https:\/\/poudresdenarco.com\/produit\/2-fma\/#primaryimage\"},\"thumbnailUrl\":\"https:\/\/poudresdenarco.com\/wp-content\/uploads\/2024\/10\/2-FMA.gif\",\"datePublished\":\"2024-10-16T11:03:16+00:00\",\"dateModified\":\"2024-12-23T10:05:08+00:00\",\"description\":\"Fournisseur de 2-FMA pour la recherche scientifique. Puret\u00e9 garantie pour applications en laboratoire chez Poudres de Narco.\",\"breadcrumb\":{\"@id\":\"https:\/\/poudresdenarco.com\/produit\/2-fma\/#breadcrumb\"},\"inLanguage\":\"pl-PL\",\"potentialAction\":[{\"@type\":\"ReadAction\",\"target\":[\"https:\/\/poudresdenarco.com\/produit\/2-fma\/\"]}]},{\"@type\":\"ImageObject\",\"inLanguage\":\"pl-PL\",\"@id\":\"https:\/\/poudresdenarco.com\/produit\/2-fma\/#primaryimage\",\"url\":\"https:\/\/poudresdenarco.com\/wp-content\/uploads\/2024\/10\/2-FMA.gif\",\"contentUrl\":\"https:\/\/poudresdenarco.com\/wp-content\/uploads\/2024\/10\/2-FMA.gif\",\"width\":600,\"height\":600,\"caption\":\"2-FMA\"},{\"@type\":\"BreadcrumbList\",\"@id\":\"https:\/\/poudresdenarco.com\/produit\/2-fma\/#breadcrumb\",\"itemListElement\":[{\"@type\":\"ListItem\",\"position\":1,\"name\":\"Home\",\"item\":\"https:\/\/poudresdenarco.com\/\"},{\"@type\":\"ListItem\",\"position\":2,\"name\":\"Boutique\",\"item\":\"https:\/\/poudresdenarco.com\/boutique\/\"},{\"@type\":\"ListItem\",\"position\":3,\"name\":\"2-FMA\"}]},{\"@type\":\"WebSite\",\"@id\":\"https:\/\/poudresdenarco.com\/#website\",\"url\":\"https:\/\/poudresdenarco.com\/\",\"name\":\"Poudresde Narco\",\"description\":\"Acheter de la coca\u00efne et de l&#039;h\u00e9ro\u00efne en ligne\",\"potentialAction\":[{\"@type\":\"SearchAction\",\"target\":{\"@type\":\"EntryPoint\",\"urlTemplate\":\"https:\/\/poudresdenarco.com\/?s={search_term_string}\"},\"query-input\":{\"@type\":\"PropertyValueSpecification\",\"valueRequired\":true,\"valueName\":\"search_term_string\"}}],\"inLanguage\":\"pl-PL\"}]}<\/script>\n<!-- \/ Yoast SEO plugin. -->","yoast_head_json":{"title":"Acheter 2-FMA de Qualit\u00e9 pour la Recherche | Poudres de Narco","description":"Fournisseur de 2-FMA pour la recherche scientifique. Puret\u00e9 garantie pour applications en laboratoire chez Poudres de Narco.","robots":{"index":"index","follow":"follow","max-snippet":"max-snippet:-1","max-image-preview":"max-image-preview:large","max-video-preview":"max-video-preview:-1"},"canonical":"https:\/\/poudresdenarco.com\/pl\/produkt\/2-fma\/","og_locale":"pl_PL","og_type":"article","og_title":"Acheter 2-FMA de Qualit\u00e9 pour la Recherche | Poudres de Narco","og_description":"Fournisseur de 2-FMA pour la recherche scientifique. Puret\u00e9 garantie pour applications en laboratoire chez Poudres de Narco.","og_url":"https:\/\/poudresdenarco.com\/pl\/produkt\/2-fma\/","og_site_name":"Poudresde Narco","article_modified_time":"2024-12-23T10:05:08+00:00","og_image":[{"width":600,"height":600,"url":"https:\/\/poudresdenarco.com\/wp-content\/uploads\/2024\/10\/2-FMA.gif","type":"image\/gif"}],"twitter_card":"summary_large_image","twitter_misc":{"Szacowany czas czytania":"3 minuty"},"schema":{"@context":"https:\/\/schema.org","@graph":[{"@type":"WebPage","@id":"https:\/\/poudresdenarco.com\/produit\/2-fma\/","url":"https:\/\/poudresdenarco.com\/produit\/2-fma\/","name":"Acheter 2-FMA de Qualit\u00e9 pour la Recherche | Poudres de Narco","isPartOf":{"@id":"https:\/\/poudresdenarco.com\/#website"},"primaryImageOfPage":{"@id":"https:\/\/poudresdenarco.com\/produit\/2-fma\/#primaryimage"},"image":{"@id":"https:\/\/poudresdenarco.com\/produit\/2-fma\/#primaryimage"},"thumbnailUrl":"https:\/\/poudresdenarco.com\/wp-content\/uploads\/2024\/10\/2-FMA.gif","datePublished":"2024-10-16T11:03:16+00:00","dateModified":"2024-12-23T10:05:08+00:00","description":"Fournisseur de 2-FMA pour la recherche scientifique. Puret\u00e9 garantie pour applications en laboratoire chez Poudres de Narco.","breadcrumb":{"@id":"https:\/\/poudresdenarco.com\/produit\/2-fma\/#breadcrumb"},"inLanguage":"pl-PL","potentialAction":[{"@type":"ReadAction","target":["https:\/\/poudresdenarco.com\/produit\/2-fma\/"]}]},{"@type":"ImageObject","inLanguage":"pl-PL","@id":"https:\/\/poudresdenarco.com\/produit\/2-fma\/#primaryimage","url":"https:\/\/poudresdenarco.com\/wp-content\/uploads\/2024\/10\/2-FMA.gif","contentUrl":"https:\/\/poudresdenarco.com\/wp-content\/uploads\/2024\/10\/2-FMA.gif","width":600,"height":600,"caption":"2-FMA"},{"@type":"BreadcrumbList","@id":"https:\/\/poudresdenarco.com\/produit\/2-fma\/#breadcrumb","itemListElement":[{"@type":"ListItem","position":1,"name":"Home","item":"https:\/\/poudresdenarco.com\/"},{"@type":"ListItem","position":2,"name":"Boutique","item":"https:\/\/poudresdenarco.com\/boutique\/"},{"@type":"ListItem","position":3,"name":"2-FMA"}]},{"@type":"WebSite","@id":"https:\/\/poudresdenarco.com\/#website","url":"https:\/\/poudresdenarco.com\/","name":"Poudresde Narco","description":"Acheter de la coca\u00efne et de l&#039;h\u00e9ro\u00efne en ligne","potentialAction":[{"@type":"SearchAction","target":{"@type":"EntryPoint","urlTemplate":"https:\/\/poudresdenarco.com\/?s={search_term_string}"},"query-input":{"@type":"PropertyValueSpecification","valueRequired":true,"valueName":"search_term_string"}}],"inLanguage":"pl-PL"}]}},"_links":{"self":[{"href":"https:\/\/poudresdenarco.com\/pl\/wp-json\/wp\/v2\/product\/4755","targetHints":{"allow":["GET"]}}],"collection":[{"href":"https:\/\/poudresdenarco.com\/pl\/wp-json\/wp\/v2\/product"}],"about":[{"href":"https:\/\/poudresdenarco.com\/pl\/wp-json\/wp\/v2\/types\/product"}],"replies":[{"embeddable":true,"href":"https:\/\/poudresdenarco.com\/pl\/wp-json\/wp\/v2\/comments?post=4755"}],"wp:featuredmedia":[{"embeddable":true,"href":"https:\/\/poudresdenarco.com\/pl\/wp-json\/wp\/v2\/media\/6152"}],"wp:attachment":[{"href":"https:\/\/poudresdenarco.com\/pl\/wp-json\/wp\/v2\/media?parent=4755"}],"wp:term":[{"taxonomy":"product_cat","embeddable":true,"href":"https:\/\/poudresdenarco.com\/pl\/wp-json\/wp\/v2\/product_cat?post=4755"},{"taxonomy":"product_tag","embeddable":true,"href":"https:\/\/poudresdenarco.com\/pl\/wp-json\/wp\/v2\/product_tag?post=4755"}],"curies":[{"name":"wp","href":"https:\/\/api.w.org\/{rel}","templated":true}]}}