{"id":5067,"date":"2024-10-16T11:24:28","date_gmt":"2024-10-16T11:24:28","guid":{"rendered":"https:\/\/poudresdenarco.com\/?post_type=product&#038;p=5067"},"modified":"2024-11-03T11:11:56","modified_gmt":"2024-11-03T11:11:56","slug":"alprazolam","status":"publish","type":"product","link":"https:\/\/poudresdenarco.com\/pl\/produkt\/alprazolam\/","title":{"rendered":"Alprazolam"},"content":{"rendered":"<h2><strong>Kup Alprazolam o wysokiej czysto\u015bci do bada\u0144 <a href=\"https:\/\/poudresdenarco.com\/pl\/produkt\/alpha-pvp\/\">&#8211;<\/a> Proszki narkotyczne<\/strong><\/h2>\n<p><strong>Proszki narkotyczne<\/strong> jest niezawodnym dostawc\u0105<strong>Alprazolam badania jako\u015bci<\/strong>zaprojektowany wy\u0142\u0105cznie dla <strong>zastosowania w laboratoriach naukowych i analitycznych<\/strong>. Nasz Alprazolam jest produkowany zgodnie z surowymi standardami czysto\u015bci i jako\u015bci, gwarantuj\u0105c sp\u00f3jne i wiarygodne wyniki dla naukowc\u00f3w zajmuj\u0105cych si\u0119 farmakologi\u0105 i chemi\u0105, Kup alprazolam<a href=\"https:\/\/cokebricks.com\/it\/\">.<\/a><\/p>\n<h3>Dlaczego warto kupi\u0107 Alprazolam od Poudres de Narco?<\/h3>\n<p>Jako <strong>dostawca Alprazolamu do bada\u0144<\/strong>, <strong>Proszki narkotyczne<\/strong> zapewnia bezpiecze\u0144stwo i jako\u015b\u0107 ka\u017cdej partii, co ma zasadnicze znaczenie dla <strong>certyfikowane aplikacje laboratoryjne<\/strong> :<\/p>\n<ul>\n<li><strong>Alprazolam o wysokiej czysto\u015bci dla laboratori\u00f3w<\/strong> Ka\u017cda partia jest rygorystycznie testowana, aby zagwarantowa\u0107 optymaln\u0105 czysto\u015b\u0107, kt\u00f3ra jest niezb\u0119dna dla <strong>zastosowania naukowe<\/strong> i precyzyjne badania.<\/li>\n<li><strong>Sta\u0142a jako\u015b\u0107 i niezawodno\u015b\u0107<\/strong> Nasz Alprazolam zosta\u0142 opracowany z my\u015bl\u0105 o stabilnym dzia\u0142aniu, dostosowanym do wymaga\u0144 <strong>zaawansowane badania farmakologiczne<\/strong>.<\/li>\n<li><strong>Bezpieczne zamawianie online<\/strong> : <strong>Proszki narkotyczne<\/strong> u\u0142atwia<strong>kupi\u0107 Alprazolam online<\/strong> z bezpiecznym procesem, kt\u00f3ry spe\u0142nia wymagania specjalist\u00f3w ds. bada\u0144.<\/li>\n<\/ul>\n<h3>Aplikacje i instrukcje bezpiecze\u0144stwa<\/h3>\n<p>L'<strong>Alprazolam badania jako\u015bci<\/strong> z <strong>Proszki narkotyczne<\/strong> jest przeznaczony dla <strong>zastosowania analityczne i badania naukowe<\/strong>. Zapewniamy instrukcje bezpiecze\u0144stwa dla optymalnego i w\u0142a\u015bciwego u\u017cytkowania:<\/p>\n<ul>\n<li><strong>Bezpieczne przechowywanie<\/strong> Przechowywa\u0107 Alprazolam w ch\u0142odnym, suchym miejscu z dala od \u015bwiat\u0142a, aby zagwarantowa\u0107 jego jako\u015b\u0107.<\/li>\n<li><strong>Obs\u0142uga z zachowaniem \u015brodk\u00f3w ostro\u017cno\u015bci<\/strong> Nale\u017cy u\u017cywa\u0107 \u015brodk\u00f3w ochrony osobistej (PPE) i pracowa\u0107 w dobrze wentylowanym \u015brodowisku, aby zapewni\u0107 bezpiecze\u0144stwo.<\/li>\n<li><strong>U\u017cycie zastrze\u017cone wy\u0142\u0105cznie do cel\u00f3w badawczych<\/strong> Ten produkt jest przeznaczony wy\u0142\u0105cznie dla certyfikowanych laboratori\u00f3w i badaczy wykwalifikowanych do wykonywania <strong>zaawansowane studia naukowe<\/strong>.<\/li>\n<\/ul>\n<h3>Zam\u00f3w Alprazolam o wysokiej czysto\u015bci do bada\u0144 naukowych<\/h3>\n<p>Z <strong>Proszki narkotyczne<\/strong>masz dost\u0119p do <strong>niezawodne dostawy Alprazolamu do zastosowa\u0144 laboratoryjnych<\/strong>. Nasze standardy jako\u015bci i bezpiecze\u0144stwa sprawiaj\u0105, \u017ce <strong>Proszki narkotyczne<\/strong> zaufany wyb\u00f3r dla profesjonalist\u00f3w w dziedzinie bada\u0144. <strong>Skontaktuj si\u0119 z nami<\/strong> aby uzyska\u0107 wycen\u0119 lub dowiedzie\u0107 si\u0119 wi\u0119cej o naszej ofercie produkt\u00f3w o wysokiej czysto\u015bci do zastosowa\u0144 naukowych.<\/p>","protected":false},"excerpt":{"rendered":"<p>Acheter de l&rsquo;Alprazolam de Haute Puret\u00e9 pour la Recherche &#8211; Poudres de Narco Poudres de Narco est votre fournisseur fiable pour l&rsquo;Alprazolam de qualit\u00e9 recherche, con\u00e7u exclusivement pour des applications scientifiques et analytiques en laboratoire. Notre Alprazolam est produit selon des normes strictes de puret\u00e9 et de qualit\u00e9, garantissant des r\u00e9sultats constants et fiables pour&hellip;<\/p>","protected":false},"featured_media":5073,"comment_status":"open","ping_status":"closed","template":"","meta":{"_joinchat":[]},"product_cat":[558],"product_tag":[],"class_list":{"0":"post-5067","1":"product","2":"type-product","3":"status-publish","4":"has-post-thumbnail","6":"product_cat-chimiques-de-recherche","8":"first","9":"instock","10":"shipping-taxable","11":"purchasable","12":"product-type-variable","13":"col-xs-6 col-sm-4","14":"col-md-3 col-lg-3","15":"un-4-cols"},"yoast_head":"<!-- This site is optimized with the Yoast SEO plugin v23.8 - https:\/\/yoast.com\/wordpress\/plugins\/seo\/ -->\n<title>Acheter de la poudre d&#039;alprazolam en ligne - Poudre d&#039;alprazolam<\/title>\n<meta name=\"description\" content=\"Poudres de Narco, fournisseur d&#039;Alprazolam pour applications scientifiques en laboratoire. Puret\u00e9 et s\u00e9curit\u00e9 garanties pour recherches avanc\u00e9es. Acheter de l&#039;alprazolam\" \/>\n<meta name=\"robots\" content=\"index, follow, max-snippet:-1, max-image-preview:large, max-video-preview:-1\" \/>\n<link rel=\"canonical\" href=\"https:\/\/poudresdenarco.com\/pl\/produkt\/alprazolam\/\" \/>\n<meta property=\"og:locale\" content=\"pl_PL\" \/>\n<meta property=\"og:type\" content=\"article\" \/>\n<meta property=\"og:title\" content=\"Acheter de la poudre d&#039;alprazolam en ligne - Poudre d&#039;alprazolam\" \/>\n<meta property=\"og:description\" content=\"Poudres de Narco, fournisseur d&#039;Alprazolam pour applications scientifiques en laboratoire. Puret\u00e9 et s\u00e9curit\u00e9 garanties pour recherches avanc\u00e9es. Acheter de l&#039;alprazolam\" \/>\n<meta property=\"og:url\" content=\"https:\/\/poudresdenarco.com\/pl\/produkt\/alprazolam\/\" \/>\n<meta property=\"og:site_name\" content=\"Poudresde Narco\" \/>\n<meta property=\"article:modified_time\" content=\"2024-11-03T11:11:56+00:00\" \/>\n<meta property=\"og:image\" content=\"https:\/\/poudresdenarco.com\/wp-content\/uploads\/2024\/10\/alprazolam.gif\" \/>\n\t<meta property=\"og:image:width\" content=\"600\" \/>\n\t<meta property=\"og:image:height\" content=\"600\" \/>\n\t<meta property=\"og:image:type\" content=\"image\/gif\" \/>\n<meta name=\"twitter:card\" content=\"summary_large_image\" \/>\n<meta name=\"twitter:label1\" content=\"Szacowany czas czytania\" \/>\n\t<meta name=\"twitter:data1\" content=\"2 minuty\" \/>\n<script type=\"application\/ld+json\" class=\"yoast-schema-graph\">{\"@context\":\"https:\/\/schema.org\",\"@graph\":[{\"@type\":\"WebPage\",\"@id\":\"https:\/\/poudresdenarco.com\/produit\/alprazolam\/\",\"url\":\"https:\/\/poudresdenarco.com\/produit\/alprazolam\/\",\"name\":\"Acheter de la poudre d'alprazolam en ligne - Poudre d'alprazolam\",\"isPartOf\":{\"@id\":\"https:\/\/poudresdenarco.com\/#website\"},\"primaryImageOfPage\":{\"@id\":\"https:\/\/poudresdenarco.com\/produit\/alprazolam\/#primaryimage\"},\"image\":{\"@id\":\"https:\/\/poudresdenarco.com\/produit\/alprazolam\/#primaryimage\"},\"thumbnailUrl\":\"https:\/\/poudresdenarco.com\/wp-content\/uploads\/2024\/10\/alprazolam.gif\",\"datePublished\":\"2024-10-16T11:24:28+00:00\",\"dateModified\":\"2024-11-03T11:11:56+00:00\",\"description\":\"Poudres de Narco, fournisseur d'Alprazolam pour applications scientifiques en laboratoire. Puret\u00e9 et s\u00e9curit\u00e9 garanties pour recherches avanc\u00e9es. Acheter de l'alprazolam\",\"breadcrumb\":{\"@id\":\"https:\/\/poudresdenarco.com\/produit\/alprazolam\/#breadcrumb\"},\"inLanguage\":\"pl-PL\",\"potentialAction\":[{\"@type\":\"ReadAction\",\"target\":[\"https:\/\/poudresdenarco.com\/produit\/alprazolam\/\"]}]},{\"@type\":\"ImageObject\",\"inLanguage\":\"pl-PL\",\"@id\":\"https:\/\/poudresdenarco.com\/produit\/alprazolam\/#primaryimage\",\"url\":\"https:\/\/poudresdenarco.com\/wp-content\/uploads\/2024\/10\/alprazolam.gif\",\"contentUrl\":\"https:\/\/poudresdenarco.com\/wp-content\/uploads\/2024\/10\/alprazolam.gif\",\"width\":600,\"height\":600},{\"@type\":\"BreadcrumbList\",\"@id\":\"https:\/\/poudresdenarco.com\/produit\/alprazolam\/#breadcrumb\",\"itemListElement\":[{\"@type\":\"ListItem\",\"position\":1,\"name\":\"Home\",\"item\":\"https:\/\/poudresdenarco.com\/\"},{\"@type\":\"ListItem\",\"position\":2,\"name\":\"Boutique\",\"item\":\"https:\/\/poudresdenarco.com\/boutique\/\"},{\"@type\":\"ListItem\",\"position\":3,\"name\":\"Alprazolam\"}]},{\"@type\":\"WebSite\",\"@id\":\"https:\/\/poudresdenarco.com\/#website\",\"url\":\"https:\/\/poudresdenarco.com\/\",\"name\":\"Poudresde Narco\",\"description\":\"Acheter de la coca\u00efne et de l&#039;h\u00e9ro\u00efne en ligne\",\"potentialAction\":[{\"@type\":\"SearchAction\",\"target\":{\"@type\":\"EntryPoint\",\"urlTemplate\":\"https:\/\/poudresdenarco.com\/?s={search_term_string}\"},\"query-input\":{\"@type\":\"PropertyValueSpecification\",\"valueRequired\":true,\"valueName\":\"search_term_string\"}}],\"inLanguage\":\"pl-PL\"}]}<\/script>\n<!-- \/ Yoast SEO plugin. -->","yoast_head_json":{"title":"Acheter de la poudre d'alprazolam en ligne - Poudre d'alprazolam","description":"Poudres de Narco, fournisseur d'Alprazolam pour applications scientifiques en laboratoire. Puret\u00e9 et s\u00e9curit\u00e9 garanties pour recherches avanc\u00e9es. Acheter de l'alprazolam","robots":{"index":"index","follow":"follow","max-snippet":"max-snippet:-1","max-image-preview":"max-image-preview:large","max-video-preview":"max-video-preview:-1"},"canonical":"https:\/\/poudresdenarco.com\/pl\/produkt\/alprazolam\/","og_locale":"pl_PL","og_type":"article","og_title":"Acheter de la poudre d'alprazolam en ligne - Poudre d'alprazolam","og_description":"Poudres de Narco, fournisseur d'Alprazolam pour applications scientifiques en laboratoire. Puret\u00e9 et s\u00e9curit\u00e9 garanties pour recherches avanc\u00e9es. Acheter de l'alprazolam","og_url":"https:\/\/poudresdenarco.com\/pl\/produkt\/alprazolam\/","og_site_name":"Poudresde Narco","article_modified_time":"2024-11-03T11:11:56+00:00","og_image":[{"width":600,"height":600,"url":"https:\/\/poudresdenarco.com\/wp-content\/uploads\/2024\/10\/alprazolam.gif","type":"image\/gif"}],"twitter_card":"summary_large_image","twitter_misc":{"Szacowany czas czytania":"2 minuty"},"schema":{"@context":"https:\/\/schema.org","@graph":[{"@type":"WebPage","@id":"https:\/\/poudresdenarco.com\/produit\/alprazolam\/","url":"https:\/\/poudresdenarco.com\/produit\/alprazolam\/","name":"Acheter de la poudre d'alprazolam en ligne - Poudre d'alprazolam","isPartOf":{"@id":"https:\/\/poudresdenarco.com\/#website"},"primaryImageOfPage":{"@id":"https:\/\/poudresdenarco.com\/produit\/alprazolam\/#primaryimage"},"image":{"@id":"https:\/\/poudresdenarco.com\/produit\/alprazolam\/#primaryimage"},"thumbnailUrl":"https:\/\/poudresdenarco.com\/wp-content\/uploads\/2024\/10\/alprazolam.gif","datePublished":"2024-10-16T11:24:28+00:00","dateModified":"2024-11-03T11:11:56+00:00","description":"Poudres de Narco, fournisseur d'Alprazolam pour applications scientifiques en laboratoire. Puret\u00e9 et s\u00e9curit\u00e9 garanties pour recherches avanc\u00e9es. Acheter de l'alprazolam","breadcrumb":{"@id":"https:\/\/poudresdenarco.com\/produit\/alprazolam\/#breadcrumb"},"inLanguage":"pl-PL","potentialAction":[{"@type":"ReadAction","target":["https:\/\/poudresdenarco.com\/produit\/alprazolam\/"]}]},{"@type":"ImageObject","inLanguage":"pl-PL","@id":"https:\/\/poudresdenarco.com\/produit\/alprazolam\/#primaryimage","url":"https:\/\/poudresdenarco.com\/wp-content\/uploads\/2024\/10\/alprazolam.gif","contentUrl":"https:\/\/poudresdenarco.com\/wp-content\/uploads\/2024\/10\/alprazolam.gif","width":600,"height":600},{"@type":"BreadcrumbList","@id":"https:\/\/poudresdenarco.com\/produit\/alprazolam\/#breadcrumb","itemListElement":[{"@type":"ListItem","position":1,"name":"Home","item":"https:\/\/poudresdenarco.com\/"},{"@type":"ListItem","position":2,"name":"Boutique","item":"https:\/\/poudresdenarco.com\/boutique\/"},{"@type":"ListItem","position":3,"name":"Alprazolam"}]},{"@type":"WebSite","@id":"https:\/\/poudresdenarco.com\/#website","url":"https:\/\/poudresdenarco.com\/","name":"Poudresde Narco","description":"Acheter de la coca\u00efne et de l&#039;h\u00e9ro\u00efne en ligne","potentialAction":[{"@type":"SearchAction","target":{"@type":"EntryPoint","urlTemplate":"https:\/\/poudresdenarco.com\/?s={search_term_string}"},"query-input":{"@type":"PropertyValueSpecification","valueRequired":true,"valueName":"search_term_string"}}],"inLanguage":"pl-PL"}]}},"_links":{"self":[{"href":"https:\/\/poudresdenarco.com\/pl\/wp-json\/wp\/v2\/product\/5067","targetHints":{"allow":["GET"]}}],"collection":[{"href":"https:\/\/poudresdenarco.com\/pl\/wp-json\/wp\/v2\/product"}],"about":[{"href":"https:\/\/poudresdenarco.com\/pl\/wp-json\/wp\/v2\/types\/product"}],"replies":[{"embeddable":true,"href":"https:\/\/poudresdenarco.com\/pl\/wp-json\/wp\/v2\/comments?post=5067"}],"wp:featuredmedia":[{"embeddable":true,"href":"https:\/\/poudresdenarco.com\/pl\/wp-json\/wp\/v2\/media\/5073"}],"wp:attachment":[{"href":"https:\/\/poudresdenarco.com\/pl\/wp-json\/wp\/v2\/media?parent=5067"}],"wp:term":[{"taxonomy":"product_cat","embeddable":true,"href":"https:\/\/poudresdenarco.com\/pl\/wp-json\/wp\/v2\/product_cat?post=5067"},{"taxonomy":"product_tag","embeddable":true,"href":"https:\/\/poudresdenarco.com\/pl\/wp-json\/wp\/v2\/product_tag?post=5067"}],"curies":[{"name":"wp","href":"https:\/\/api.w.org\/{rel}","templated":true}]}}