{"id":5132,"date":"2024-10-16T11:25:01","date_gmt":"2024-10-16T11:25:01","guid":{"rendered":"https:\/\/poudresdenarco.com\/?post_type=product&#038;p=5132"},"modified":"2024-11-04T12:24:26","modified_gmt":"2024-11-04T12:24:26","slug":"5f-emb","status":"publish","type":"product","link":"https:\/\/poudresdenarco.com\/pl\/produkt\/5f-emb\/","title":{"rendered":"5f-EMB"},"content":{"rendered":"<h2><strong>Kup 5F-EMB o wysokiej czysto\u015bci do bada\u0144 - proszki narkotyczne<\/strong><\/h2>\n<p>Przy <strong>Proszki narkotyczne<\/strong>dostarczamy <strong>5F-EMB o wysokiej czysto\u015bci<\/strong> wy\u0142\u0105cznie dla <strong>naukowe zastosowania laboratoryjne<\/strong>. Zaprojektowana, aby sprosta\u0107 rygorystycznym wymaganiom badawczym, nasza 5F-EMB gwarantuje wiarygodne wyniki dla naukowc\u00f3w zajmuj\u0105cych si\u0119 chemi\u0105 i farmakologi\u0105 Kup 5f-EMB<a href=\"https:\/\/legitgrams.com\/de\/produktkategorie\/kokain\/\">.<\/a><\/p>\n<h3>Dlaczego warto wybra\u0107 5F-EMB od Poudres de Narco?<\/h3>\n<p>Jako <strong>Niezawodny dostawca 5F-EMB<\/strong>, <strong>Proszki narkotyczne<\/strong> zobowi\u0105zuje si\u0119 do dostarczania produkt\u00f3w, kt\u00f3re zosta\u0142y przetestowane i spe\u0142niaj\u0105 najsurowsze normy jako\u015bci. Nasi klienci laboratoryjni korzystaj\u0105 z<a href=\"https:\/\/poudresdenarco.com\/pl\/produkt\/4-mec\/\">:<\/a><\/p>\n<ul>\n<li><strong>5F-EMB o wysokiej czysto\u015bci dla laboratori\u00f3w<\/strong> Ka\u017cda partia jest rygorystycznie testowana, aby zagwarantowa\u0107 optymaln\u0105 czysto\u015b\u0107, kt\u00f3ra jest niezb\u0119dna dla <strong>zastosowania naukowe<\/strong>.<\/li>\n<li><strong>Sta\u0142a, niezawodna jako\u015b\u0107<\/strong> 5F-EMB: Opracowany w celu zapewnienia stabilnej, niezawodnej wydajno\u015bci, nasz 5F-EMB jest idealny dla <strong>analityczne badania laboratoryjne<\/strong>.<\/li>\n<li><strong>Bezpieczne zamawianie online<\/strong> U\u0142atwiamy<strong>kupi\u0107 5F-EMB online<\/strong>z bezpiecznym procesem zamawiania, kt\u00f3ry spe\u0142nia wymagania badaczy.<\/li>\n<\/ul>\n<h3>Aplikacje i instrukcje bezpiecze\u0144stwa<\/h3>\n<p>Le <strong>5F-EMB do bada\u0144<\/strong> z <strong>Proszki narkotyczne<\/strong> jest przeznaczony dla <strong>zastosowania analityczne i badania naukowe<\/strong>. Aby zapewni\u0107 bezpieczne i prawid\u0142owe u\u017cytkowanie, zalecamy :<\/p>\n<ul>\n<li><strong>Bezpieczne przechowywanie<\/strong> Urz\u0105dzenie 5F-EMB nale\u017cy przechowywa\u0107 w ch\u0142odnym, suchym miejscu z dala od \u015bwiat\u0142a.<\/li>\n<li><strong>Obs\u0142uga z zachowaniem \u015brodk\u00f3w ostro\u017cno\u015bci<\/strong> Nale\u017cy u\u017cywa\u0107 \u015brodk\u00f3w ochrony osobistej (PPE) i pracowa\u0107 w dobrze wentylowanym \u015brodowisku.<\/li>\n<li><strong>U\u017cycie zastrze\u017cone wy\u0142\u0105cznie do cel\u00f3w badawczych<\/strong> Ten produkt jest przeznaczony dla certyfikowanych laboratori\u00f3w i wykwalifikowanych badaczy.<\/li>\n<\/ul>\n<h4>Zam\u00f3w 5F-EMB o wysokiej czysto\u015bci do bada\u0144 naukowych<\/h4>\n<p>Z <strong>Proszki narkotyczne<\/strong>korzysta\u0107 z <strong>Niezawodne dostawy 5F-EMB do zastosowa\u0144 laboratoryjnych<\/strong>. <strong>Skontaktuj si\u0119 z nami<\/strong> aby uzyska\u0107 wycen\u0119 lub dowiedzie\u0107 si\u0119 wi\u0119cej o naszej ofercie produkt\u00f3w do bada\u0144 naukowych.<\/p>","protected":false},"excerpt":{"rendered":"<p>Acheter du 5F-EMB de Haute Puret\u00e9 pour la Recherche &#8211; Poudres de Narco Chez Poudres de Narco, nous fournissons du 5F-EMB de haute puret\u00e9 exclusivement destin\u00e9 aux applications scientifiques en laboratoire. Con\u00e7u pour r\u00e9pondre aux exigences rigoureuses de la recherche, notre 5F-EMB garantit des r\u00e9sultats fiables pour les chercheurs en chimie et pharmacologie Acheter 5f-EMB&hellip;<\/p>","protected":false},"featured_media":5142,"comment_status":"open","ping_status":"closed","template":"","meta":{"_joinchat":[]},"product_cat":[558],"product_tag":[],"class_list":{"0":"post-5132","1":"product","2":"type-product","3":"status-publish","4":"has-post-thumbnail","6":"product_cat-chimiques-de-recherche","8":"first","9":"instock","10":"shipping-taxable","11":"purchasable","12":"product-type-variable","13":"col-xs-6 col-sm-4","14":"col-md-3 col-lg-3","15":"un-4-cols"},"yoast_head":"<!-- This site is optimized with the Yoast SEO plugin v23.8 - https:\/\/yoast.com\/wordpress\/plugins\/seo\/ -->\n<title>Achetez 5F-EMB en ligne - 5F-EMB \u00e0 vendre<\/title>\n<meta name=\"description\" content=\"Vous souhaitez approfondir vos recherches ? Achetez 5F-EMB en ligne de mani\u00e8re pratique et s\u00e9curis\u00e9e, gr\u00e2ce \u00e0 un processus de commande simple pour la vente de 5F-EMB. Explorez les possibilit\u00e9s et achetez 5F-EMB pour vos travaux de recherche d\u00e8s aujourd&#039;hui. Acheter 5f-EMB\" \/>\n<meta name=\"robots\" content=\"index, follow, max-snippet:-1, max-image-preview:large, max-video-preview:-1\" \/>\n<link rel=\"canonical\" href=\"https:\/\/poudresdenarco.com\/pl\/produkt\/5f-emb\/\" \/>\n<meta property=\"og:locale\" content=\"pl_PL\" \/>\n<meta property=\"og:type\" content=\"article\" \/>\n<meta property=\"og:title\" content=\"Achetez 5F-EMB en ligne - 5F-EMB \u00e0 vendre\" \/>\n<meta property=\"og:description\" content=\"Vous souhaitez approfondir vos recherches ? Achetez 5F-EMB en ligne de mani\u00e8re pratique et s\u00e9curis\u00e9e, gr\u00e2ce \u00e0 un processus de commande simple pour la vente de 5F-EMB. Explorez les possibilit\u00e9s et achetez 5F-EMB pour vos travaux de recherche d\u00e8s aujourd&#039;hui. Acheter 5f-EMB\" \/>\n<meta property=\"og:url\" content=\"https:\/\/poudresdenarco.com\/pl\/produkt\/5f-emb\/\" \/>\n<meta property=\"og:site_name\" content=\"Poudresde Narco\" \/>\n<meta property=\"article:modified_time\" content=\"2024-11-04T12:24:26+00:00\" \/>\n<meta property=\"og:image\" content=\"https:\/\/poudresdenarco.com\/wp-content\/uploads\/2024\/10\/5f-EMB.gif\" \/>\n\t<meta property=\"og:image:width\" content=\"600\" \/>\n\t<meta property=\"og:image:height\" content=\"600\" \/>\n\t<meta property=\"og:image:type\" content=\"image\/gif\" \/>\n<meta name=\"twitter:card\" content=\"summary_large_image\" \/>\n<meta name=\"twitter:label1\" content=\"Szacowany czas czytania\" \/>\n\t<meta name=\"twitter:data1\" content=\"2 minuty\" \/>\n<script type=\"application\/ld+json\" class=\"yoast-schema-graph\">{\"@context\":\"https:\/\/schema.org\",\"@graph\":[{\"@type\":\"WebPage\",\"@id\":\"https:\/\/poudresdenarco.com\/produit\/5f-emb\/\",\"url\":\"https:\/\/poudresdenarco.com\/produit\/5f-emb\/\",\"name\":\"Achetez 5F-EMB en ligne - 5F-EMB \u00e0 vendre\",\"isPartOf\":{\"@id\":\"https:\/\/poudresdenarco.com\/#website\"},\"primaryImageOfPage\":{\"@id\":\"https:\/\/poudresdenarco.com\/produit\/5f-emb\/#primaryimage\"},\"image\":{\"@id\":\"https:\/\/poudresdenarco.com\/produit\/5f-emb\/#primaryimage\"},\"thumbnailUrl\":\"https:\/\/poudresdenarco.com\/wp-content\/uploads\/2024\/10\/5f-EMB.gif\",\"datePublished\":\"2024-10-16T11:25:01+00:00\",\"dateModified\":\"2024-11-04T12:24:26+00:00\",\"description\":\"Vous souhaitez approfondir vos recherches ? Achetez 5F-EMB en ligne de mani\u00e8re pratique et s\u00e9curis\u00e9e, gr\u00e2ce \u00e0 un processus de commande simple pour la vente de 5F-EMB. Explorez les possibilit\u00e9s et achetez 5F-EMB pour vos travaux de recherche d\u00e8s aujourd'hui. Acheter 5f-EMB\",\"breadcrumb\":{\"@id\":\"https:\/\/poudresdenarco.com\/produit\/5f-emb\/#breadcrumb\"},\"inLanguage\":\"pl-PL\",\"potentialAction\":[{\"@type\":\"ReadAction\",\"target\":[\"https:\/\/poudresdenarco.com\/produit\/5f-emb\/\"]}]},{\"@type\":\"ImageObject\",\"inLanguage\":\"pl-PL\",\"@id\":\"https:\/\/poudresdenarco.com\/produit\/5f-emb\/#primaryimage\",\"url\":\"https:\/\/poudresdenarco.com\/wp-content\/uploads\/2024\/10\/5f-EMB.gif\",\"contentUrl\":\"https:\/\/poudresdenarco.com\/wp-content\/uploads\/2024\/10\/5f-EMB.gif\",\"width\":600,\"height\":600},{\"@type\":\"BreadcrumbList\",\"@id\":\"https:\/\/poudresdenarco.com\/produit\/5f-emb\/#breadcrumb\",\"itemListElement\":[{\"@type\":\"ListItem\",\"position\":1,\"name\":\"Home\",\"item\":\"https:\/\/poudresdenarco.com\/\"},{\"@type\":\"ListItem\",\"position\":2,\"name\":\"Boutique\",\"item\":\"https:\/\/poudresdenarco.com\/boutique\/\"},{\"@type\":\"ListItem\",\"position\":3,\"name\":\"5f-EMB\"}]},{\"@type\":\"WebSite\",\"@id\":\"https:\/\/poudresdenarco.com\/#website\",\"url\":\"https:\/\/poudresdenarco.com\/\",\"name\":\"Poudresde Narco\",\"description\":\"Acheter de la coca\u00efne et de l&#039;h\u00e9ro\u00efne en ligne\",\"potentialAction\":[{\"@type\":\"SearchAction\",\"target\":{\"@type\":\"EntryPoint\",\"urlTemplate\":\"https:\/\/poudresdenarco.com\/?s={search_term_string}\"},\"query-input\":{\"@type\":\"PropertyValueSpecification\",\"valueRequired\":true,\"valueName\":\"search_term_string\"}}],\"inLanguage\":\"pl-PL\"}]}<\/script>\n<!-- \/ Yoast SEO plugin. -->","yoast_head_json":{"title":"Achetez 5F-EMB en ligne - 5F-EMB \u00e0 vendre","description":"Vous souhaitez approfondir vos recherches ? Achetez 5F-EMB en ligne de mani\u00e8re pratique et s\u00e9curis\u00e9e, gr\u00e2ce \u00e0 un processus de commande simple pour la vente de 5F-EMB. Explorez les possibilit\u00e9s et achetez 5F-EMB pour vos travaux de recherche d\u00e8s aujourd'hui. Acheter 5f-EMB","robots":{"index":"index","follow":"follow","max-snippet":"max-snippet:-1","max-image-preview":"max-image-preview:large","max-video-preview":"max-video-preview:-1"},"canonical":"https:\/\/poudresdenarco.com\/pl\/produkt\/5f-emb\/","og_locale":"pl_PL","og_type":"article","og_title":"Achetez 5F-EMB en ligne - 5F-EMB \u00e0 vendre","og_description":"Vous souhaitez approfondir vos recherches ? Achetez 5F-EMB en ligne de mani\u00e8re pratique et s\u00e9curis\u00e9e, gr\u00e2ce \u00e0 un processus de commande simple pour la vente de 5F-EMB. Explorez les possibilit\u00e9s et achetez 5F-EMB pour vos travaux de recherche d\u00e8s aujourd'hui. Acheter 5f-EMB","og_url":"https:\/\/poudresdenarco.com\/pl\/produkt\/5f-emb\/","og_site_name":"Poudresde Narco","article_modified_time":"2024-11-04T12:24:26+00:00","og_image":[{"width":600,"height":600,"url":"https:\/\/poudresdenarco.com\/wp-content\/uploads\/2024\/10\/5f-EMB.gif","type":"image\/gif"}],"twitter_card":"summary_large_image","twitter_misc":{"Szacowany czas czytania":"2 minuty"},"schema":{"@context":"https:\/\/schema.org","@graph":[{"@type":"WebPage","@id":"https:\/\/poudresdenarco.com\/produit\/5f-emb\/","url":"https:\/\/poudresdenarco.com\/produit\/5f-emb\/","name":"Achetez 5F-EMB en ligne - 5F-EMB \u00e0 vendre","isPartOf":{"@id":"https:\/\/poudresdenarco.com\/#website"},"primaryImageOfPage":{"@id":"https:\/\/poudresdenarco.com\/produit\/5f-emb\/#primaryimage"},"image":{"@id":"https:\/\/poudresdenarco.com\/produit\/5f-emb\/#primaryimage"},"thumbnailUrl":"https:\/\/poudresdenarco.com\/wp-content\/uploads\/2024\/10\/5f-EMB.gif","datePublished":"2024-10-16T11:25:01+00:00","dateModified":"2024-11-04T12:24:26+00:00","description":"Vous souhaitez approfondir vos recherches ? Achetez 5F-EMB en ligne de mani\u00e8re pratique et s\u00e9curis\u00e9e, gr\u00e2ce \u00e0 un processus de commande simple pour la vente de 5F-EMB. Explorez les possibilit\u00e9s et achetez 5F-EMB pour vos travaux de recherche d\u00e8s aujourd'hui. Acheter 5f-EMB","breadcrumb":{"@id":"https:\/\/poudresdenarco.com\/produit\/5f-emb\/#breadcrumb"},"inLanguage":"pl-PL","potentialAction":[{"@type":"ReadAction","target":["https:\/\/poudresdenarco.com\/produit\/5f-emb\/"]}]},{"@type":"ImageObject","inLanguage":"pl-PL","@id":"https:\/\/poudresdenarco.com\/produit\/5f-emb\/#primaryimage","url":"https:\/\/poudresdenarco.com\/wp-content\/uploads\/2024\/10\/5f-EMB.gif","contentUrl":"https:\/\/poudresdenarco.com\/wp-content\/uploads\/2024\/10\/5f-EMB.gif","width":600,"height":600},{"@type":"BreadcrumbList","@id":"https:\/\/poudresdenarco.com\/produit\/5f-emb\/#breadcrumb","itemListElement":[{"@type":"ListItem","position":1,"name":"Home","item":"https:\/\/poudresdenarco.com\/"},{"@type":"ListItem","position":2,"name":"Boutique","item":"https:\/\/poudresdenarco.com\/boutique\/"},{"@type":"ListItem","position":3,"name":"5f-EMB"}]},{"@type":"WebSite","@id":"https:\/\/poudresdenarco.com\/#website","url":"https:\/\/poudresdenarco.com\/","name":"Poudresde Narco","description":"Acheter de la coca\u00efne et de l&#039;h\u00e9ro\u00efne en ligne","potentialAction":[{"@type":"SearchAction","target":{"@type":"EntryPoint","urlTemplate":"https:\/\/poudresdenarco.com\/?s={search_term_string}"},"query-input":{"@type":"PropertyValueSpecification","valueRequired":true,"valueName":"search_term_string"}}],"inLanguage":"pl-PL"}]}},"_links":{"self":[{"href":"https:\/\/poudresdenarco.com\/pl\/wp-json\/wp\/v2\/product\/5132","targetHints":{"allow":["GET"]}}],"collection":[{"href":"https:\/\/poudresdenarco.com\/pl\/wp-json\/wp\/v2\/product"}],"about":[{"href":"https:\/\/poudresdenarco.com\/pl\/wp-json\/wp\/v2\/types\/product"}],"replies":[{"embeddable":true,"href":"https:\/\/poudresdenarco.com\/pl\/wp-json\/wp\/v2\/comments?post=5132"}],"wp:featuredmedia":[{"embeddable":true,"href":"https:\/\/poudresdenarco.com\/pl\/wp-json\/wp\/v2\/media\/5142"}],"wp:attachment":[{"href":"https:\/\/poudresdenarco.com\/pl\/wp-json\/wp\/v2\/media?parent=5132"}],"wp:term":[{"taxonomy":"product_cat","embeddable":true,"href":"https:\/\/poudresdenarco.com\/pl\/wp-json\/wp\/v2\/product_cat?post=5132"},{"taxonomy":"product_tag","embeddable":true,"href":"https:\/\/poudresdenarco.com\/pl\/wp-json\/wp\/v2\/product_tag?post=5132"}],"curies":[{"name":"wp","href":"https:\/\/api.w.org\/{rel}","templated":true}]}}