{"id":5371,"date":"2024-10-16T11:26:59","date_gmt":"2024-10-16T11:26:59","guid":{"rendered":"https:\/\/poudresdenarco.com\/?post_type=product&#038;p=5371"},"modified":"2025-04-04T12:46:20","modified_gmt":"2025-04-04T12:46:20","slug":"alpha-pvp","status":"publish","type":"product","link":"https:\/\/poudresdenarco.com\/pl\/produkt\/alpha-pvp\/","title":{"rendered":"Alpha PVP"},"content":{"rendered":"<h2><strong>Kup wysokiej czysto\u015bci Alpha-PVP do bada\u0144 naukowych <a href=\"https:\/\/poudresdenarco.com\/pl\/produkt\/4fluorokaina\/\">&#8211;<\/a> Proszki narkotyczne<\/strong><\/h2>\n<p><strong>Proszki narkotyczne<\/strong> jest niezawodnym dostawc\u0105 <strong>Alpha-PVP o wysokiej czysto\u015bci<\/strong>zaprojektowany wy\u0142\u0105cznie dla <strong>zastosowania w laboratoriach naukowych i analitycznych<\/strong>. Zaprojektowany, aby zaspokoi\u0107 potrzeby naukowc\u00f3w w dziedzinie chemii i farmakologii, nasz Alpha-PVP jest produkowany zgodnie z surowymi normami jako\u015bci, gwarantuj\u0105c sp\u00f3jne i wiarygodne wyniki Kup Alpha-PVP<a href=\"https:\/\/cokebricks.com\/it\/\">.<\/a><\/p>\n<h3>Dlaczego warto wybra\u0107 Alpha-PVP de Poudres de Narco?<\/h3>\n<p>Jako <strong>Dostawca Alpha-PVP do bada\u0144<\/strong>, <strong>Proszki narkotyczne<\/strong> gwarantuje bezpiecze\u0144stwo i czysto\u015b\u0107 ka\u017cdej partii, co ma zasadnicze znaczenie dla <strong>certyfikowane aplikacje laboratoryjne<\/strong> :<\/p>\n<ul>\n<li><strong>Alpha-PVP o wysokiej czysto\u015bci dla laboratori\u00f3w<\/strong> Ka\u017cda partia Alpha-PVP jest rygorystycznie testowana w celu zapewnienia optymalnej czysto\u015bci, kt\u00f3ra jest niezb\u0119dna dla <strong>aplikacje analityczne<\/strong> i precyzyjne badania.<\/li>\n<li><strong>Sta\u0142a jako\u015b\u0107 i niezawodno\u015b\u0107<\/strong> Nasz Alpha-PVP zosta\u0142 opracowany w celu zapewnienia sta\u0142ej wydajno\u015bci, dostosowanej do wymaga\u0144 <strong>zaawansowane badania laboratoryjne<\/strong>.<\/li>\n<li><strong>Bezpieczne zamawianie online<\/strong> : <strong>Proszki narkotyczne<\/strong> u\u0142atwia<strong>Kupowanie Alpha-PVP online<\/strong> z bezpiecznym, zgodnym z przepisami procesem dostosowanym do potrzeb specjalist\u00f3w ds. bada\u0144.<\/li>\n<\/ul>\n<h3>Aplikacje i instrukcje bezpiecze\u0144stwa<\/h3>\n<p>Le <strong>Alpha-PVP o jako\u015bci laboratoryjnej<\/strong> z <strong>Proszki narkotyczne<\/strong> jest specjalnie zaprojektowany dla <strong>zastosowania naukowe<\/strong>. Aby zapewni\u0107 prawid\u0142owe i bezpieczne u\u017cytkowanie, zapewniamy dok\u0142adne instrukcje:<\/p>\n<ul>\n<li><strong>Bezpieczne przechowywanie<\/strong> Przechowywa\u0107 Alpha-PVP w ch\u0142odnym, suchym miejscu z dala od \u015bwiat\u0142a, aby zachowa\u0107 jego jako\u015b\u0107.<\/li>\n<li><strong>Nale\u017cy obchodzi\u0107 si\u0119 ostro\u017cnie<\/strong> Nale\u017cy u\u017cywa\u0107 \u015brodk\u00f3w ochrony osobistej (PPE) i pracowa\u0107 w dobrze wentylowanym \u015brodowisku, aby zapewni\u0107 bezpiecze\u0144stwo.<\/li>\n<li><strong>U\u017cycie zastrze\u017cone wy\u0142\u0105cznie do cel\u00f3w badawczych<\/strong> Ten produkt jest przeznaczony wy\u0142\u0105cznie dla wykwalifikowanych badaczy i laboratori\u00f3w certyfikowanych w zakresie <strong>zaawansowane studia naukowe<\/strong>.<\/li>\n<\/ul>\n<h3>Zam\u00f3w Alpha-PVP o wysokiej czysto\u015bci do bada\u0144 naukowych<\/h3>\n<p>Z <strong>Proszki narkotyczne<\/strong>korzysta\u0107 z <strong>Niezawodne dostawy Alpha-PVP do zastosowa\u0144 laboratoryjnych<\/strong>. Nasze zaanga\u017cowanie w jako\u015b\u0107 i bezpiecze\u0144stwo sprawia, \u017ce <strong>Proszki narkotyczne<\/strong> zaufany wyb\u00f3r dla badaczy. <strong>Skontaktuj si\u0119 z nami<\/strong> aby uzyska\u0107 wycen\u0119 lub dowiedzie\u0107 si\u0119 wi\u0119cej o naszej ofercie produkt\u00f3w o wysokiej czysto\u015bci do bada\u0144 naukowych.<\/p>","protected":false},"excerpt":{"rendered":"<p>Acheter du Alpha-PVP de Haute Puret\u00e9 pour la Recherche &#8211; Poudres de Narco Poudres de Narco est votre fournisseur fiable pour le Alpha-PVP de haute puret\u00e9, destin\u00e9 exclusivement aux applications scientifiques et analytiques en laboratoire. Con\u00e7u pour r\u00e9pondre aux besoins des chercheurs en chimie et en pharmacologie, notre Alpha-PVP est produit selon des normes de&hellip;<\/p>","protected":false},"featured_media":5381,"comment_status":"open","ping_status":"closed","template":"","meta":{"_joinchat":[]},"product_cat":[558],"product_tag":[],"class_list":{"0":"post-5371","1":"product","2":"type-product","3":"status-publish","4":"has-post-thumbnail","6":"product_cat-chimiques-de-recherche","8":"first","9":"instock","10":"shipping-taxable","11":"purchasable","12":"product-type-variable","13":"col-xs-6 col-sm-4","14":"col-md-3 col-lg-3","15":"un-4-cols"},"yoast_head":"<!-- This site is optimized with the Yoast SEO plugin v23.8 - https:\/\/yoast.com\/wordpress\/plugins\/seo\/ -->\n<title>Acheter Alpha-PVP Recherche en Laboratoire | Poudres de Narco<\/title>\n<meta name=\"description\" content=\"Fournisseur de confiance pour Alpha-PVP de qualit\u00e9 laboratoire. Puret\u00e9 et s\u00e9curit\u00e9 garanties pour applications scientifiques chez Poudres de Narco\" \/>\n<meta name=\"robots\" content=\"index, follow, max-snippet:-1, max-image-preview:large, max-video-preview:-1\" \/>\n<link rel=\"canonical\" href=\"https:\/\/poudresdenarco.com\/pl\/produkt\/alpha-pvp\/\" \/>\n<meta property=\"og:locale\" content=\"pl_PL\" \/>\n<meta property=\"og:type\" content=\"article\" \/>\n<meta property=\"og:title\" content=\"Acheter Alpha-PVP Recherche en Laboratoire | Poudres de Narco\" \/>\n<meta property=\"og:description\" content=\"Fournisseur de confiance pour Alpha-PVP de qualit\u00e9 laboratoire. Puret\u00e9 et s\u00e9curit\u00e9 garanties pour applications scientifiques chez Poudres de Narco\" \/>\n<meta property=\"og:url\" content=\"https:\/\/poudresdenarco.com\/pl\/produkt\/alpha-pvp\/\" \/>\n<meta property=\"og:site_name\" content=\"Poudresde Narco\" \/>\n<meta property=\"article:modified_time\" content=\"2025-04-04T12:46:20+00:00\" \/>\n<meta property=\"og:image\" content=\"https:\/\/poudresdenarco.com\/wp-content\/uploads\/2024\/10\/Alpha-pvp-1.gif\" \/>\n\t<meta property=\"og:image:width\" content=\"600\" \/>\n\t<meta property=\"og:image:height\" content=\"600\" \/>\n\t<meta property=\"og:image:type\" content=\"image\/gif\" \/>\n<meta name=\"twitter:card\" content=\"summary_large_image\" \/>\n<meta name=\"twitter:label1\" content=\"Szacowany czas czytania\" \/>\n\t<meta name=\"twitter:data1\" content=\"2 minuty\" \/>\n<script type=\"application\/ld+json\" class=\"yoast-schema-graph\">{\"@context\":\"https:\/\/schema.org\",\"@graph\":[{\"@type\":\"WebPage\",\"@id\":\"https:\/\/poudresdenarco.com\/produit\/alpha-pvp\/\",\"url\":\"https:\/\/poudresdenarco.com\/produit\/alpha-pvp\/\",\"name\":\"Acheter Alpha-PVP Recherche en Laboratoire | Poudres de Narco\",\"isPartOf\":{\"@id\":\"https:\/\/poudresdenarco.com\/#website\"},\"primaryImageOfPage\":{\"@id\":\"https:\/\/poudresdenarco.com\/produit\/alpha-pvp\/#primaryimage\"},\"image\":{\"@id\":\"https:\/\/poudresdenarco.com\/produit\/alpha-pvp\/#primaryimage\"},\"thumbnailUrl\":\"https:\/\/poudresdenarco.com\/wp-content\/uploads\/2024\/10\/Alpha-pvp-1.gif\",\"datePublished\":\"2024-10-16T11:26:59+00:00\",\"dateModified\":\"2025-04-04T12:46:20+00:00\",\"description\":\"Fournisseur de confiance pour Alpha-PVP de qualit\u00e9 laboratoire. Puret\u00e9 et s\u00e9curit\u00e9 garanties pour applications scientifiques chez Poudres de Narco\",\"breadcrumb\":{\"@id\":\"https:\/\/poudresdenarco.com\/produit\/alpha-pvp\/#breadcrumb\"},\"inLanguage\":\"pl-PL\",\"potentialAction\":[{\"@type\":\"ReadAction\",\"target\":[\"https:\/\/poudresdenarco.com\/produit\/alpha-pvp\/\"]}]},{\"@type\":\"ImageObject\",\"inLanguage\":\"pl-PL\",\"@id\":\"https:\/\/poudresdenarco.com\/produit\/alpha-pvp\/#primaryimage\",\"url\":\"https:\/\/poudresdenarco.com\/wp-content\/uploads\/2024\/10\/Alpha-pvp-1.gif\",\"contentUrl\":\"https:\/\/poudresdenarco.com\/wp-content\/uploads\/2024\/10\/Alpha-pvp-1.gif\",\"width\":600,\"height\":600},{\"@type\":\"BreadcrumbList\",\"@id\":\"https:\/\/poudresdenarco.com\/produit\/alpha-pvp\/#breadcrumb\",\"itemListElement\":[{\"@type\":\"ListItem\",\"position\":1,\"name\":\"Home\",\"item\":\"https:\/\/poudresdenarco.com\/\"},{\"@type\":\"ListItem\",\"position\":2,\"name\":\"Boutique\",\"item\":\"https:\/\/poudresdenarco.com\/boutique\/\"},{\"@type\":\"ListItem\",\"position\":3,\"name\":\"Alpha PVP\"}]},{\"@type\":\"WebSite\",\"@id\":\"https:\/\/poudresdenarco.com\/#website\",\"url\":\"https:\/\/poudresdenarco.com\/\",\"name\":\"Poudresde Narco\",\"description\":\"Acheter de la coca\u00efne et de l&#039;h\u00e9ro\u00efne en ligne\",\"potentialAction\":[{\"@type\":\"SearchAction\",\"target\":{\"@type\":\"EntryPoint\",\"urlTemplate\":\"https:\/\/poudresdenarco.com\/?s={search_term_string}\"},\"query-input\":{\"@type\":\"PropertyValueSpecification\",\"valueRequired\":true,\"valueName\":\"search_term_string\"}}],\"inLanguage\":\"pl-PL\"}]}<\/script>\n<!-- \/ Yoast SEO plugin. -->","yoast_head_json":{"title":"Acheter Alpha-PVP Recherche en Laboratoire | Poudres de Narco","description":"Fournisseur de confiance pour Alpha-PVP de qualit\u00e9 laboratoire. Puret\u00e9 et s\u00e9curit\u00e9 garanties pour applications scientifiques chez Poudres de Narco","robots":{"index":"index","follow":"follow","max-snippet":"max-snippet:-1","max-image-preview":"max-image-preview:large","max-video-preview":"max-video-preview:-1"},"canonical":"https:\/\/poudresdenarco.com\/pl\/produkt\/alpha-pvp\/","og_locale":"pl_PL","og_type":"article","og_title":"Acheter Alpha-PVP Recherche en Laboratoire | Poudres de Narco","og_description":"Fournisseur de confiance pour Alpha-PVP de qualit\u00e9 laboratoire. Puret\u00e9 et s\u00e9curit\u00e9 garanties pour applications scientifiques chez Poudres de Narco","og_url":"https:\/\/poudresdenarco.com\/pl\/produkt\/alpha-pvp\/","og_site_name":"Poudresde Narco","article_modified_time":"2025-04-04T12:46:20+00:00","og_image":[{"width":600,"height":600,"url":"https:\/\/poudresdenarco.com\/wp-content\/uploads\/2024\/10\/Alpha-pvp-1.gif","type":"image\/gif"}],"twitter_card":"summary_large_image","twitter_misc":{"Szacowany czas czytania":"2 minuty"},"schema":{"@context":"https:\/\/schema.org","@graph":[{"@type":"WebPage","@id":"https:\/\/poudresdenarco.com\/produit\/alpha-pvp\/","url":"https:\/\/poudresdenarco.com\/produit\/alpha-pvp\/","name":"Acheter Alpha-PVP Recherche en Laboratoire | Poudres de Narco","isPartOf":{"@id":"https:\/\/poudresdenarco.com\/#website"},"primaryImageOfPage":{"@id":"https:\/\/poudresdenarco.com\/produit\/alpha-pvp\/#primaryimage"},"image":{"@id":"https:\/\/poudresdenarco.com\/produit\/alpha-pvp\/#primaryimage"},"thumbnailUrl":"https:\/\/poudresdenarco.com\/wp-content\/uploads\/2024\/10\/Alpha-pvp-1.gif","datePublished":"2024-10-16T11:26:59+00:00","dateModified":"2025-04-04T12:46:20+00:00","description":"Fournisseur de confiance pour Alpha-PVP de qualit\u00e9 laboratoire. Puret\u00e9 et s\u00e9curit\u00e9 garanties pour applications scientifiques chez Poudres de Narco","breadcrumb":{"@id":"https:\/\/poudresdenarco.com\/produit\/alpha-pvp\/#breadcrumb"},"inLanguage":"pl-PL","potentialAction":[{"@type":"ReadAction","target":["https:\/\/poudresdenarco.com\/produit\/alpha-pvp\/"]}]},{"@type":"ImageObject","inLanguage":"pl-PL","@id":"https:\/\/poudresdenarco.com\/produit\/alpha-pvp\/#primaryimage","url":"https:\/\/poudresdenarco.com\/wp-content\/uploads\/2024\/10\/Alpha-pvp-1.gif","contentUrl":"https:\/\/poudresdenarco.com\/wp-content\/uploads\/2024\/10\/Alpha-pvp-1.gif","width":600,"height":600},{"@type":"BreadcrumbList","@id":"https:\/\/poudresdenarco.com\/produit\/alpha-pvp\/#breadcrumb","itemListElement":[{"@type":"ListItem","position":1,"name":"Home","item":"https:\/\/poudresdenarco.com\/"},{"@type":"ListItem","position":2,"name":"Boutique","item":"https:\/\/poudresdenarco.com\/boutique\/"},{"@type":"ListItem","position":3,"name":"Alpha PVP"}]},{"@type":"WebSite","@id":"https:\/\/poudresdenarco.com\/#website","url":"https:\/\/poudresdenarco.com\/","name":"Poudresde Narco","description":"Acheter de la coca\u00efne et de l&#039;h\u00e9ro\u00efne en ligne","potentialAction":[{"@type":"SearchAction","target":{"@type":"EntryPoint","urlTemplate":"https:\/\/poudresdenarco.com\/?s={search_term_string}"},"query-input":{"@type":"PropertyValueSpecification","valueRequired":true,"valueName":"search_term_string"}}],"inLanguage":"pl-PL"}]}},"_links":{"self":[{"href":"https:\/\/poudresdenarco.com\/pl\/wp-json\/wp\/v2\/product\/5371","targetHints":{"allow":["GET"]}}],"collection":[{"href":"https:\/\/poudresdenarco.com\/pl\/wp-json\/wp\/v2\/product"}],"about":[{"href":"https:\/\/poudresdenarco.com\/pl\/wp-json\/wp\/v2\/types\/product"}],"replies":[{"embeddable":true,"href":"https:\/\/poudresdenarco.com\/pl\/wp-json\/wp\/v2\/comments?post=5371"}],"wp:featuredmedia":[{"embeddable":true,"href":"https:\/\/poudresdenarco.com\/pl\/wp-json\/wp\/v2\/media\/5381"}],"wp:attachment":[{"href":"https:\/\/poudresdenarco.com\/pl\/wp-json\/wp\/v2\/media?parent=5371"}],"wp:term":[{"taxonomy":"product_cat","embeddable":true,"href":"https:\/\/poudresdenarco.com\/pl\/wp-json\/wp\/v2\/product_cat?post=5371"},{"taxonomy":"product_tag","embeddable":true,"href":"https:\/\/poudresdenarco.com\/pl\/wp-json\/wp\/v2\/product_tag?post=5371"}],"curies":[{"name":"wp","href":"https:\/\/api.w.org\/{rel}","templated":true}]}}