{"id":5424,"date":"2024-10-16T11:27:22","date_gmt":"2024-10-16T11:27:22","guid":{"rendered":"https:\/\/poudresdenarco.com\/?post_type=product&#038;p=5424"},"modified":"2025-06-09T12:31:25","modified_gmt":"2025-06-09T12:31:25","slug":"lethylphenidate","status":"publish","type":"product","link":"https:\/\/poudresdenarco.com\/pl\/produkt\/lethylphenidate\/","title":{"rendered":"etylofenidat"},"content":{"rendered":"<h2><strong>Kup etylfenidat o wysokiej czysto\u015bci do bada\u0144 - Narco Powders<\/strong><!--more--><\/h2>\n<p><strong>Proszki narkotyczne<\/strong> jest zaufanym \u017ar\u00f3d\u0142em<strong>Etylofenidat o jako\u015bci badawczej<\/strong>zaprojektowany wy\u0142\u0105cznie dla <strong>naukowe zastosowania laboratoryjne<\/strong>. Nasz Etylofenidat jest produkowany zgodnie z rygorystycznymi standardami czysto\u015bci i jako\u015bci, oferuj\u0105c wiarygodne wyniki dla naukowc\u00f3w zajmuj\u0105cych si\u0119 chemi\u0105 i farmakologi\u0105 Kup Etylofenidat<a href=\"https:\/\/cokebricks.com\/de\/produkt\/5f-mdemb-2201\/\">.<\/a><\/p>\n<h3>Dlaczego warto wybra\u0107 Ethylphenidate od Narco Powders?<\/h3>\n<p>Jako <strong>Dostawca etylofenidatu do bada\u0144 naukowych<\/strong>, <strong>Proszki narkotyczne<\/strong> gwarantuje wysok\u0105 jako\u015b\u0107 produkt\u00f3w, kt\u00f3re spe\u0142niaj\u0105 wymagania <strong>certyfikowane laboratoria<\/strong> <a href=\"https:\/\/poudresdenarco.com\/pl\/produkt\/3-kl\/\">:<\/a><\/p>\n<ul>\n<li><strong>Etylofenidat o wysokiej czysto\u015bci dla laboratori\u00f3w<\/strong> Ka\u017cda partia jest rygorystycznie testowana, aby zapewni\u0107 optymaln\u0105 czysto\u015b\u0107, kt\u00f3ra jest niezb\u0119dna dla <strong>precyzyjne aplikacje naukowe<\/strong>.<\/li>\n<li><strong>Sta\u0142a, niezawodna jako\u015b\u0107<\/strong> Nasz etylofenidat zosta\u0142 opracowany z my\u015bl\u0105 o stabilnym, niezawodnym dzia\u0142aniu, dostosowanym do potrzeb <strong>analityczne badania laboratoryjne<\/strong>.<\/li>\n<li><strong>Bezpieczne zamawianie online<\/strong> : <strong>Proszki narkotyczne<\/strong> oferuje uproszczony proces dla<strong>kupi\u0107 etylofenidat online<\/strong>zapewnienie bezpiecze\u0144stwa i zgodno\u015bci dla specjalist\u00f3w ds. bada\u0144.<\/li>\n<\/ul>\n<h3>Aplikacje i instrukcje bezpiecze\u0144stwa<\/h3>\n<p>L'<strong>Etylofenidat w badaniach naukowych<\/strong> z <strong>Proszki narkotyczne<\/strong> jest przeznaczony dla <strong>zastosowania analityczne i badania naukowe<\/strong>. Zapewniamy protoko\u0142y bezpiecze\u0144stwa, aby zapewni\u0107 prawid\u0142owe i bezpieczne u\u017cytkowanie:<\/p>\n<ul>\n<li><strong>Bezpieczne przechowywanie<\/strong> Etylofenidat: Przechowywa\u0107 etylofenidat w ch\u0142odnym, suchym miejscu z dala od \u015bwiat\u0142a, aby zachowa\u0107 jego jako\u015b\u0107.<\/li>\n<li><strong>Obs\u0142uga z zachowaniem \u015brodk\u00f3w ostro\u017cno\u015bci<\/strong> Nale\u017cy u\u017cywa\u0107 \u015brodk\u00f3w ochrony osobistej (PPE) i pracowa\u0107 w dobrze wentylowanym \u015brodowisku.<\/li>\n<li><strong>U\u017cycie zastrze\u017cone wy\u0142\u0105cznie do cel\u00f3w badawczych<\/strong> Ten produkt jest przeznaczony wy\u0142\u0105cznie dla wykwalifikowanych badaczy i certyfikowanych laboratori\u00f3w.<\/li>\n<\/ul>\n<h3>Zam\u00f3w Ethylphenidate o wysokiej czysto\u015bci do swoich bada\u0144 naukowych<\/h3>\n<p>Z <strong>Proszki narkotyczne<\/strong>korzysta\u0107 z <strong>Niezawodne dostawy etylofenidatu do zastosowa\u0144 laboratoryjnych<\/strong>. Nasze standardy jako\u015bci i bezpiecze\u0144stwa sprawiaj\u0105, \u017ce <strong>Proszki narkotyczne<\/strong> zaufany wyb\u00f3r dla profesjonalist\u00f3w w dziedzinie bada\u0144. <strong>Skontaktuj si\u0119 z nami<\/strong> aby uzyska\u0107 wycen\u0119 lub dowiedzie\u0107 si\u0119 wi\u0119cej o naszej ofercie produkt\u00f3w o wysokiej czysto\u015bci do bada\u0144 naukowych Kup etylfenidat.<\/p>","protected":false},"excerpt":{"rendered":"<p>Kup etylfenidat o wysokiej czysto\u015bci do bada\u0144 - Narco Powders<\/p>","protected":false},"featured_media":5446,"comment_status":"open","ping_status":"closed","template":"","meta":{"_joinchat":[]},"product_cat":[558],"product_tag":[],"class_list":{"0":"post-5424","1":"product","2":"type-product","3":"status-publish","4":"has-post-thumbnail","6":"product_cat-chimiques-de-recherche","8":"first","9":"instock","10":"shipping-taxable","11":"purchasable","12":"product-type-variable","13":"col-xs-6 col-sm-4","14":"col-md-3 col-lg-3","15":"un-4-cols"},"yoast_head":"<!-- This site is optimized with the Yoast SEO plugin v23.8 - https:\/\/yoast.com\/wordpress\/plugins\/seo\/ -->\n<title>Acheter de l&#039;\u00e9thylph\u00e9nidate en ligne - \u00c9thylph\u00e9nidate \u00e0 vendre<\/title>\n<meta name=\"description\" content=\"Dans notre boutique en ligne Nembutal Boutique, nous proposons de l&#039;\u00e9thylph\u00e9nidate \u00e0 la vente. Vous pouvez facilement acheter de l&#039;\u00e9thylph\u00e9nidate en ligne de qualit\u00e9 sup\u00e9rieure chez nous, disponible aux meilleurs prix. Commandez maintenant !\" \/>\n<meta name=\"robots\" content=\"index, follow, max-snippet:-1, max-image-preview:large, max-video-preview:-1\" \/>\n<link rel=\"canonical\" href=\"https:\/\/poudresdenarco.com\/pl\/produkt\/lethylphenidate\/\" \/>\n<meta property=\"og:locale\" content=\"pl_PL\" \/>\n<meta property=\"og:type\" content=\"article\" \/>\n<meta property=\"og:title\" content=\"Acheter de l&#039;\u00e9thylph\u00e9nidate en ligne - \u00c9thylph\u00e9nidate \u00e0 vendre\" \/>\n<meta property=\"og:description\" content=\"Dans notre boutique en ligne Nembutal Boutique, nous proposons de l&#039;\u00e9thylph\u00e9nidate \u00e0 la vente. Vous pouvez facilement acheter de l&#039;\u00e9thylph\u00e9nidate en ligne de qualit\u00e9 sup\u00e9rieure chez nous, disponible aux meilleurs prix. Commandez maintenant !\" \/>\n<meta property=\"og:url\" content=\"https:\/\/poudresdenarco.com\/pl\/produkt\/lethylphenidate\/\" \/>\n<meta property=\"og:site_name\" content=\"Poudresde Narco\" \/>\n<meta property=\"article:modified_time\" content=\"2025-06-09T12:31:25+00:00\" \/>\n<meta property=\"og:image\" content=\"https:\/\/poudresdenarco.com\/wp-content\/uploads\/2024\/10\/Ethylphenidate.gif\" \/>\n\t<meta property=\"og:image:width\" content=\"600\" \/>\n\t<meta property=\"og:image:height\" content=\"600\" \/>\n\t<meta property=\"og:image:type\" content=\"image\/gif\" \/>\n<meta name=\"twitter:card\" content=\"summary_large_image\" \/>\n<meta name=\"twitter:label1\" content=\"Szacowany czas czytania\" \/>\n\t<meta name=\"twitter:data1\" content=\"2 minuty\" \/>\n<script type=\"application\/ld+json\" class=\"yoast-schema-graph\">{\"@context\":\"https:\/\/schema.org\",\"@graph\":[{\"@type\":\"WebPage\",\"@id\":\"https:\/\/poudresdenarco.com\/produit\/lethylphenidate\/\",\"url\":\"https:\/\/poudresdenarco.com\/produit\/lethylphenidate\/\",\"name\":\"Acheter de l'\u00e9thylph\u00e9nidate en ligne - \u00c9thylph\u00e9nidate \u00e0 vendre\",\"isPartOf\":{\"@id\":\"https:\/\/poudresdenarco.com\/#website\"},\"primaryImageOfPage\":{\"@id\":\"https:\/\/poudresdenarco.com\/produit\/lethylphenidate\/#primaryimage\"},\"image\":{\"@id\":\"https:\/\/poudresdenarco.com\/produit\/lethylphenidate\/#primaryimage\"},\"thumbnailUrl\":\"https:\/\/poudresdenarco.com\/wp-content\/uploads\/2024\/10\/Ethylphenidate.gif\",\"datePublished\":\"2024-10-16T11:27:22+00:00\",\"dateModified\":\"2025-06-09T12:31:25+00:00\",\"description\":\"Dans notre boutique en ligne Nembutal Boutique, nous proposons de l'\u00e9thylph\u00e9nidate \u00e0 la vente. Vous pouvez facilement acheter de l'\u00e9thylph\u00e9nidate en ligne de qualit\u00e9 sup\u00e9rieure chez nous, disponible aux meilleurs prix. Commandez maintenant !\",\"breadcrumb\":{\"@id\":\"https:\/\/poudresdenarco.com\/produit\/lethylphenidate\/#breadcrumb\"},\"inLanguage\":\"pl-PL\",\"potentialAction\":[{\"@type\":\"ReadAction\",\"target\":[\"https:\/\/poudresdenarco.com\/produit\/lethylphenidate\/\"]}]},{\"@type\":\"ImageObject\",\"inLanguage\":\"pl-PL\",\"@id\":\"https:\/\/poudresdenarco.com\/produit\/lethylphenidate\/#primaryimage\",\"url\":\"https:\/\/poudresdenarco.com\/wp-content\/uploads\/2024\/10\/Ethylphenidate.gif\",\"contentUrl\":\"https:\/\/poudresdenarco.com\/wp-content\/uploads\/2024\/10\/Ethylphenidate.gif\",\"width\":600,\"height\":600},{\"@type\":\"BreadcrumbList\",\"@id\":\"https:\/\/poudresdenarco.com\/produit\/lethylphenidate\/#breadcrumb\",\"itemListElement\":[{\"@type\":\"ListItem\",\"position\":1,\"name\":\"Home\",\"item\":\"https:\/\/poudresdenarco.com\/\"},{\"@type\":\"ListItem\",\"position\":2,\"name\":\"Boutique\",\"item\":\"https:\/\/poudresdenarco.com\/boutique\/\"},{\"@type\":\"ListItem\",\"position\":3,\"name\":\"l&#8217;\u00e9thylph\u00e9nidate\"}]},{\"@type\":\"WebSite\",\"@id\":\"https:\/\/poudresdenarco.com\/#website\",\"url\":\"https:\/\/poudresdenarco.com\/\",\"name\":\"Poudresde Narco\",\"description\":\"Acheter de la coca\u00efne et de l&#039;h\u00e9ro\u00efne en ligne\",\"potentialAction\":[{\"@type\":\"SearchAction\",\"target\":{\"@type\":\"EntryPoint\",\"urlTemplate\":\"https:\/\/poudresdenarco.com\/?s={search_term_string}\"},\"query-input\":{\"@type\":\"PropertyValueSpecification\",\"valueRequired\":true,\"valueName\":\"search_term_string\"}}],\"inLanguage\":\"pl-PL\"}]}<\/script>\n<!-- \/ Yoast SEO plugin. -->","yoast_head_json":{"title":"Acheter de l'\u00e9thylph\u00e9nidate en ligne - \u00c9thylph\u00e9nidate \u00e0 vendre","description":"Dans notre boutique en ligne Nembutal Boutique, nous proposons de l'\u00e9thylph\u00e9nidate \u00e0 la vente. Vous pouvez facilement acheter de l'\u00e9thylph\u00e9nidate en ligne de qualit\u00e9 sup\u00e9rieure chez nous, disponible aux meilleurs prix. Commandez maintenant !","robots":{"index":"index","follow":"follow","max-snippet":"max-snippet:-1","max-image-preview":"max-image-preview:large","max-video-preview":"max-video-preview:-1"},"canonical":"https:\/\/poudresdenarco.com\/pl\/produkt\/lethylphenidate\/","og_locale":"pl_PL","og_type":"article","og_title":"Acheter de l'\u00e9thylph\u00e9nidate en ligne - \u00c9thylph\u00e9nidate \u00e0 vendre","og_description":"Dans notre boutique en ligne Nembutal Boutique, nous proposons de l'\u00e9thylph\u00e9nidate \u00e0 la vente. Vous pouvez facilement acheter de l'\u00e9thylph\u00e9nidate en ligne de qualit\u00e9 sup\u00e9rieure chez nous, disponible aux meilleurs prix. Commandez maintenant !","og_url":"https:\/\/poudresdenarco.com\/pl\/produkt\/lethylphenidate\/","og_site_name":"Poudresde Narco","article_modified_time":"2025-06-09T12:31:25+00:00","og_image":[{"width":600,"height":600,"url":"https:\/\/poudresdenarco.com\/wp-content\/uploads\/2024\/10\/Ethylphenidate.gif","type":"image\/gif"}],"twitter_card":"summary_large_image","twitter_misc":{"Szacowany czas czytania":"2 minuty"},"schema":{"@context":"https:\/\/schema.org","@graph":[{"@type":"WebPage","@id":"https:\/\/poudresdenarco.com\/produit\/lethylphenidate\/","url":"https:\/\/poudresdenarco.com\/produit\/lethylphenidate\/","name":"Acheter de l'\u00e9thylph\u00e9nidate en ligne - \u00c9thylph\u00e9nidate \u00e0 vendre","isPartOf":{"@id":"https:\/\/poudresdenarco.com\/#website"},"primaryImageOfPage":{"@id":"https:\/\/poudresdenarco.com\/produit\/lethylphenidate\/#primaryimage"},"image":{"@id":"https:\/\/poudresdenarco.com\/produit\/lethylphenidate\/#primaryimage"},"thumbnailUrl":"https:\/\/poudresdenarco.com\/wp-content\/uploads\/2024\/10\/Ethylphenidate.gif","datePublished":"2024-10-16T11:27:22+00:00","dateModified":"2025-06-09T12:31:25+00:00","description":"Dans notre boutique en ligne Nembutal Boutique, nous proposons de l'\u00e9thylph\u00e9nidate \u00e0 la vente. Vous pouvez facilement acheter de l'\u00e9thylph\u00e9nidate en ligne de qualit\u00e9 sup\u00e9rieure chez nous, disponible aux meilleurs prix. Commandez maintenant !","breadcrumb":{"@id":"https:\/\/poudresdenarco.com\/produit\/lethylphenidate\/#breadcrumb"},"inLanguage":"pl-PL","potentialAction":[{"@type":"ReadAction","target":["https:\/\/poudresdenarco.com\/produit\/lethylphenidate\/"]}]},{"@type":"ImageObject","inLanguage":"pl-PL","@id":"https:\/\/poudresdenarco.com\/produit\/lethylphenidate\/#primaryimage","url":"https:\/\/poudresdenarco.com\/wp-content\/uploads\/2024\/10\/Ethylphenidate.gif","contentUrl":"https:\/\/poudresdenarco.com\/wp-content\/uploads\/2024\/10\/Ethylphenidate.gif","width":600,"height":600},{"@type":"BreadcrumbList","@id":"https:\/\/poudresdenarco.com\/produit\/lethylphenidate\/#breadcrumb","itemListElement":[{"@type":"ListItem","position":1,"name":"Home","item":"https:\/\/poudresdenarco.com\/"},{"@type":"ListItem","position":2,"name":"Boutique","item":"https:\/\/poudresdenarco.com\/boutique\/"},{"@type":"ListItem","position":3,"name":"l&#8217;\u00e9thylph\u00e9nidate"}]},{"@type":"WebSite","@id":"https:\/\/poudresdenarco.com\/#website","url":"https:\/\/poudresdenarco.com\/","name":"Poudresde Narco","description":"Acheter de la coca\u00efne et de l&#039;h\u00e9ro\u00efne en ligne","potentialAction":[{"@type":"SearchAction","target":{"@type":"EntryPoint","urlTemplate":"https:\/\/poudresdenarco.com\/?s={search_term_string}"},"query-input":{"@type":"PropertyValueSpecification","valueRequired":true,"valueName":"search_term_string"}}],"inLanguage":"pl-PL"}]}},"_links":{"self":[{"href":"https:\/\/poudresdenarco.com\/pl\/wp-json\/wp\/v2\/product\/5424","targetHints":{"allow":["GET"]}}],"collection":[{"href":"https:\/\/poudresdenarco.com\/pl\/wp-json\/wp\/v2\/product"}],"about":[{"href":"https:\/\/poudresdenarco.com\/pl\/wp-json\/wp\/v2\/types\/product"}],"replies":[{"embeddable":true,"href":"https:\/\/poudresdenarco.com\/pl\/wp-json\/wp\/v2\/comments?post=5424"}],"wp:featuredmedia":[{"embeddable":true,"href":"https:\/\/poudresdenarco.com\/pl\/wp-json\/wp\/v2\/media\/5446"}],"wp:attachment":[{"href":"https:\/\/poudresdenarco.com\/pl\/wp-json\/wp\/v2\/media?parent=5424"}],"wp:term":[{"taxonomy":"product_cat","embeddable":true,"href":"https:\/\/poudresdenarco.com\/pl\/wp-json\/wp\/v2\/product_cat?post=5424"},{"taxonomy":"product_tag","embeddable":true,"href":"https:\/\/poudresdenarco.com\/pl\/wp-json\/wp\/v2\/product_tag?post=5424"}],"curies":[{"name":"wp","href":"https:\/\/api.w.org\/{rel}","templated":true}]}}