{"id":59,"date":"2023-12-25T08:20:08","date_gmt":"2023-12-25T08:20:08","guid":{"rendered":"https:\/\/unkrautmarkt.com\/narco1\/?post_type=product&#038;p=59"},"modified":"2024-08-23T09:48:06","modified_gmt":"2024-08-23T09:48:06","slug":"cocaine-mexicaine","status":"publish","type":"product","link":"https:\/\/poudresdenarco.com\/pl\/produkt\/meksykanska-kokaina\/","title":{"rendered":"Meksyka\u0144ska kokaina"},"content":{"rendered":"<h2><span style=\"vertical-align: inherit;\"><span style=\"vertical-align: inherit;\">Kup meksyka\u0144sk\u0105 kokain\u0119 online<\/span><\/span><\/h2>\n<h3><span style=\"vertical-align: inherit;\"><span style=\"vertical-align: inherit;\">Kup meksyka\u0144sk\u0105 kokain\u0119 online<\/span><\/span><\/h3>\n<p><span style=\"vertical-align: inherit;\"><span style=\"vertical-align: inherit;\">Zakup meksyka\u0144skiej kokainy online mo\u017ce by\u0107 szybkim i bezpiecznym sposobem na zdobycie narkotyku bez k\u0142opot\u00f3w z dilerami lub czarnym rynkiem w okolicy. Je\u015bli chcesz kupi\u0107 meksyka\u0144sk\u0105 kokain\u0119, ale nie wiesz, od czego zacz\u0105\u0107, po prostu z\u0142\u00f3\u017c zam\u00f3wienie na Narco Powders i otrzymaj j\u0105 prosto pod swoje drzwi.<\/span><\/span><\/p>\n<h3><span style=\"vertical-align: inherit;\"><span style=\"vertical-align: inherit;\">Jak produkuje si\u0119 kokain\u0119 w Meksyku?<\/span><\/span><\/h3>\n<p><span style=\"vertical-align: inherit;\"><span style=\"vertical-align: inherit;\">Istniej\u0105 dwie g\u0142\u00f3wne odmiany kokainy: meksyka\u0144ska i kolumbijska. Kolumbijska kokaina pochodzi z li\u015bci afryka\u0144skiego krzewu koki, podczas gdy meksyka\u0144ska kokaina jest wytwarzana z li\u015bci koki lub maku.<\/span><\/span><\/p>\n<p><span style=\"vertical-align: inherit;\"><span style=\"vertical-align: inherit;\">W por\u00f3wnaniu do kokainy kolumbijskiej, procedura produkcji kokainy meksyka\u0144skiej jest nieco bardziej z\u0142o\u017cona. Li\u015bcie koki s\u0105 najpierw suszone, a nast\u0119pnie mielone na proszek. Aby uzyska\u0107 zawiesin\u0119, proszek ten \u0142\u0105czy si\u0119 z wod\u0105 i dodatkowymi substancjami, takimi jak cukier i s\u00f3l. Nast\u0119pnie mieszanina jest gotowana, a\u017c zg\u0119stnieje do postaci pasty, kt\u00f3r\u0105 mo\u017cna przekszta\u0142ci\u0107 w bloki lub tabletki.<\/span><\/span><\/p>\n<p><a href=\"https:\/\/en.wikipedia.org\/wiki\/Mexican_Coke\"><span style=\"vertical-align: inherit;\"><span style=\"vertical-align: inherit;\">Meksyka\u0144ska kokaina<\/span><\/span><\/a><span style=\"vertical-align: inherit;\"><span style=\"vertical-align: inherit;\"> jest <\/span><span style=\"vertical-align: inherit;\">cz\u0119sto przygotowywana na r\u00f3\u017cne sposoby. Przed wstrzykni\u0119ciem lub paleniem meksyka\u0144ska kokaina mo\u017ce by\u0107 rozpuszczana w rozpuszczalnikach.<\/span><\/span><\/p>\n<p><span style=\"vertical-align: inherit;\"><span style=\"vertical-align: inherit;\">Kiedy chcesz kupi\u0107 <\/span><\/span><a href=\"https:\/\/poudresdenarco.com\/pl\/produkt\/meksykanska-kokaina\/\"><span style=\"vertical-align: inherit;\"><span style=\"vertical-align: inherit;\">Meksyka\u0144ska kokaina online<\/span><\/span><\/a><span style=\"vertical-align: inherit;\"><span style=\"vertical-align: inherit;\"> Narco Powders, nale\u017cy przestrzega\u0107 \u015brodk\u00f3w bezpiecze\u0144stwa zalecanych na stronie internetowej. Na przyk\u0142ad nale\u017cy unika\u0107 wstrzykiwania leku w otwarte rany i zawsze u\u017cywa\u0107 czystych igie\u0142, poniewa\u017c mo\u017ce to prowadzi\u0107 do infekcji.<\/span><\/span><\/p>\n<h3><span style=\"vertical-align: inherit;\"><span style=\"vertical-align: inherit;\">Korzy\u015bci z meksyka\u0144skiej kokainy<\/span><\/span><\/h3>\n<p><span style=\"vertical-align: inherit;\"><span style=\"vertical-align: inherit;\">Jednym z najcz\u0119\u015bciej u\u017cywanych rodzaj\u00f3w kokainy na rynku jest kokaina meksyka\u0144ska. Jest to najwy\u017csza dost\u0119pna jako\u015b\u0107, z idealnym ci\u0119ciem oraz silnym i d\u0142ugotrwa\u0142ym efektem. Ponadto, w por\u00f3wnaniu do innych form kokainy, kokaina meksyka\u0144ska rzadziej zawiera domieszki lub zanieczyszczenia. Oznacza to, \u017ce jest szybsza w produkcji i \u0142atwiejsza w u\u017cyciu. Wreszcie, meksyka\u0144ska kokaina jest \u015bwietn\u0105 opcj\u0105 dla os\u00f3b, kt\u00f3re potrzebuj\u0105 narkotyku w podr\u00f3\u017cy, poniewa\u017c mo\u017cna j\u0105 przechowywa\u0107 przez d\u0142ugi czas bez pogarszania jej jako\u015bci i bezu\u017cyteczno\u015bci.<\/span><\/span><\/p>\n<h3><span style=\"vertical-align: inherit;\"><span style=\"vertical-align: inherit;\">Gdzie mog\u0119 kupi\u0107 meksyka\u0144sk\u0105 kokain\u0119 online?<\/span><\/span><\/h3>\n<p><span style=\"vertical-align: inherit;\"><span style=\"vertical-align: inherit;\">Narco Powders to najlepsze miejsce, je\u015bli szukasz najwy\u017cszej jako\u015bci meksyka\u0144skiej kokainy na sprzeda\u017c. Mo\u017cna tu znale\u017a\u0107 ka\u017cdy rodzaj meksyka\u0144skiej kokainy, w tym crack i bia\u0142y proszek. Dzi\u0119ki naszemu szerokiemu wyborowi produkt\u00f3w mo\u017cesz mie\u0107 pewno\u015b\u0107, \u017ce uzyskasz idealn\u0105 jako\u015b\u0107 i r\u00f3\u017cnorodno\u015b\u0107 kokainy. Ponadto oferujemy r\u00f3\u017cne metody p\u0142atno\u015bci, takie jak bitcoiny i przelewy bankowe, dzi\u0119ki czemu mo\u017cesz kupowa\u0107 narkotyki z najwy\u017cszym poziomem bezpiecze\u0144stwa i pewno\u015bci.<\/span><\/span><\/p>","protected":false},"excerpt":{"rendered":"<p>Buy Mexican Cocaine Online Buy Mexican Cocaine Online Buying Mexican cocaine online can be a quick and safe way to get the drug without the hassle of dealers or the neighborhood black market. So, simply place an order on Narco Powders and have Mexican cocaine delivered right to your door if you want to buy&hellip;<\/p>","protected":false},"featured_media":273,"comment_status":"open","ping_status":"closed","template":"","meta":{"_joinchat":[]},"product_cat":[66],"product_tag":[424,426,425,423,421,431,427,433,430,429,428,422,436,435,432,434],"class_list":{"0":"post-59","1":"product","2":"type-product","3":"status-publish","4":"has-post-thumbnail","6":"product_cat-de-la-cocaine","7":"product_tag-acheter-de-la-cocaine-mexicaine-en-ligne","8":"product_tag-acheter-de-la-cocaine-mexicaine-en-ligne-aux-etats-unis","9":"product_tag-acheter-de-la-cocaine-mexicaine-en-ligne-pres-de-chez-moi","10":"product_tag-acheter-de-la-cocaine-mexicaine-legalement","11":"product_tag-avantages-de-la-cocaine-mexicaine","12":"product_tag-cocaine-mexicaine-a-vendre","13":"product_tag-cocaine-mexicaine-bon-marche","14":"product_tag-cocaine-mexicaine-en-gros","15":"product_tag-cocaine-mexicaine-legitime-en-ligne","16":"product_tag-comment-commander-de-la-cocaine-mexicaine","17":"product_tag-comment-puis-je-obtenir-la-meilleure-cocaine-mexicaine","18":"product_tag-meilleur-endroit-pour-commander-de-la-cocaine-mexicaine","19":"product_tag-ou-acheter-de-la-cocaine-mexicaine","20":"product_tag-ou-puis-je-acheter-de-la-cocaine-mexicaine","21":"product_tag-prix-de-la-cocaine-mexicaine","22":"product_tag-quest-ce-que-la-cocaine-mexicaine","24":"first","25":"instock","26":"shipping-taxable","27":"purchasable","28":"product-type-variable","29":"col-xs-6 col-sm-4","30":"col-md-3 col-lg-3","31":"un-4-cols"},"yoast_head":"<!-- This site is optimized with the Yoast SEO plugin v23.8 - https:\/\/yoast.com\/wordpress\/plugins\/seo\/ -->\n<title>Acheter de la coca\u00efne mexicaine en ligne - Coca\u00efne mexicaine \u00e0 vendre<\/title>\n<meta name=\"description\" content=\"Vous cherchez de la coca\u00efne mexicaine de haute qualit\u00e9 \u00e0 vendre en ligne ? PoudresDenarco est un magasin leader o\u00f9 vous pouvez acheter de la coca\u00efne mexicaine en ligne au meilleur prix. Commandez maintenant avec une exp\u00e9dition discr\u00e8te !\" \/>\n<meta name=\"robots\" content=\"index, follow, max-snippet:-1, max-image-preview:large, max-video-preview:-1\" \/>\n<link rel=\"canonical\" href=\"https:\/\/poudresdenarco.com\/pl\/produkt\/meksykanska-kokaina\/\" \/>\n<meta property=\"og:locale\" content=\"pl_PL\" \/>\n<meta property=\"og:type\" content=\"article\" \/>\n<meta property=\"og:title\" content=\"Acheter de la coca\u00efne mexicaine en ligne - Coca\u00efne mexicaine \u00e0 vendre\" \/>\n<meta property=\"og:description\" content=\"Vous cherchez de la coca\u00efne mexicaine de haute qualit\u00e9 \u00e0 vendre en ligne ? PoudresDenarco est un magasin leader o\u00f9 vous pouvez acheter de la coca\u00efne mexicaine en ligne au meilleur prix. Commandez maintenant avec une exp\u00e9dition discr\u00e8te !\" \/>\n<meta property=\"og:url\" content=\"https:\/\/poudresdenarco.com\/pl\/produkt\/meksykanska-kokaina\/\" \/>\n<meta property=\"og:site_name\" content=\"Poudresde Narco\" \/>\n<meta property=\"article:modified_time\" content=\"2024-08-23T09:48:06+00:00\" \/>\n<meta property=\"og:image\" content=\"https:\/\/poudresdenarco.com\/wp-content\/uploads\/2023\/12\/Mexican-Cocaine.jpg\" \/>\n\t<meta property=\"og:image:width\" content=\"600\" \/>\n\t<meta property=\"og:image:height\" content=\"600\" \/>\n\t<meta property=\"og:image:type\" content=\"image\/jpeg\" \/>\n<meta name=\"twitter:card\" content=\"summary_large_image\" \/>\n<meta name=\"twitter:label1\" content=\"Szacowany czas czytania\" \/>\n\t<meta name=\"twitter:data1\" content=\"3 minuty\" \/>\n<script type=\"application\/ld+json\" class=\"yoast-schema-graph\">{\"@context\":\"https:\/\/schema.org\",\"@graph\":[{\"@type\":\"WebPage\",\"@id\":\"https:\/\/poudresdenarco.com\/produit\/cocaine-mexicaine\/\",\"url\":\"https:\/\/poudresdenarco.com\/produit\/cocaine-mexicaine\/\",\"name\":\"Acheter de la coca\u00efne mexicaine en ligne - Coca\u00efne mexicaine \u00e0 vendre\",\"isPartOf\":{\"@id\":\"https:\/\/poudresdenarco.com\/#website\"},\"primaryImageOfPage\":{\"@id\":\"https:\/\/poudresdenarco.com\/produit\/cocaine-mexicaine\/#primaryimage\"},\"image\":{\"@id\":\"https:\/\/poudresdenarco.com\/produit\/cocaine-mexicaine\/#primaryimage\"},\"thumbnailUrl\":\"https:\/\/poudresdenarco.com\/wp-content\/uploads\/2023\/12\/Mexican-Cocaine.jpg\",\"datePublished\":\"2023-12-25T08:20:08+00:00\",\"dateModified\":\"2024-08-23T09:48:06+00:00\",\"description\":\"Vous cherchez de la coca\u00efne mexicaine de haute qualit\u00e9 \u00e0 vendre en ligne ? PoudresDenarco est un magasin leader o\u00f9 vous pouvez acheter de la coca\u00efne mexicaine en ligne au meilleur prix. Commandez maintenant avec une exp\u00e9dition discr\u00e8te !\",\"breadcrumb\":{\"@id\":\"https:\/\/poudresdenarco.com\/produit\/cocaine-mexicaine\/#breadcrumb\"},\"inLanguage\":\"pl-PL\",\"potentialAction\":[{\"@type\":\"ReadAction\",\"target\":[\"https:\/\/poudresdenarco.com\/produit\/cocaine-mexicaine\/\"]}]},{\"@type\":\"ImageObject\",\"inLanguage\":\"pl-PL\",\"@id\":\"https:\/\/poudresdenarco.com\/produit\/cocaine-mexicaine\/#primaryimage\",\"url\":\"https:\/\/poudresdenarco.com\/wp-content\/uploads\/2023\/12\/Mexican-Cocaine.jpg\",\"contentUrl\":\"https:\/\/poudresdenarco.com\/wp-content\/uploads\/2023\/12\/Mexican-Cocaine.jpg\",\"width\":600,\"height\":600,\"caption\":\"Acheter Mexican-Cocaine en ligne\"},{\"@type\":\"BreadcrumbList\",\"@id\":\"https:\/\/poudresdenarco.com\/produit\/cocaine-mexicaine\/#breadcrumb\",\"itemListElement\":[{\"@type\":\"ListItem\",\"position\":1,\"name\":\"Home\",\"item\":\"https:\/\/poudresdenarco.com\/\"},{\"@type\":\"ListItem\",\"position\":2,\"name\":\"Boutique\",\"item\":\"https:\/\/poudresdenarco.com\/boutique\/\"},{\"@type\":\"ListItem\",\"position\":3,\"name\":\"Coca\u00efne mexicaine\"}]},{\"@type\":\"WebSite\",\"@id\":\"https:\/\/poudresdenarco.com\/#website\",\"url\":\"https:\/\/poudresdenarco.com\/\",\"name\":\"Poudresde Narco\",\"description\":\"Acheter de la coca\u00efne et de l&#039;h\u00e9ro\u00efne en ligne\",\"potentialAction\":[{\"@type\":\"SearchAction\",\"target\":{\"@type\":\"EntryPoint\",\"urlTemplate\":\"https:\/\/poudresdenarco.com\/?s={search_term_string}\"},\"query-input\":{\"@type\":\"PropertyValueSpecification\",\"valueRequired\":true,\"valueName\":\"search_term_string\"}}],\"inLanguage\":\"pl-PL\"}]}<\/script>\n<!-- \/ Yoast SEO plugin. -->","yoast_head_json":{"title":"Acheter de la coca\u00efne mexicaine en ligne - Coca\u00efne mexicaine \u00e0 vendre","description":"Vous cherchez de la coca\u00efne mexicaine de haute qualit\u00e9 \u00e0 vendre en ligne ? PoudresDenarco est un magasin leader o\u00f9 vous pouvez acheter de la coca\u00efne mexicaine en ligne au meilleur prix. Commandez maintenant avec une exp\u00e9dition discr\u00e8te !","robots":{"index":"index","follow":"follow","max-snippet":"max-snippet:-1","max-image-preview":"max-image-preview:large","max-video-preview":"max-video-preview:-1"},"canonical":"https:\/\/poudresdenarco.com\/pl\/produkt\/meksykanska-kokaina\/","og_locale":"pl_PL","og_type":"article","og_title":"Acheter de la coca\u00efne mexicaine en ligne - Coca\u00efne mexicaine \u00e0 vendre","og_description":"Vous cherchez de la coca\u00efne mexicaine de haute qualit\u00e9 \u00e0 vendre en ligne ? PoudresDenarco est un magasin leader o\u00f9 vous pouvez acheter de la coca\u00efne mexicaine en ligne au meilleur prix. Commandez maintenant avec une exp\u00e9dition discr\u00e8te !","og_url":"https:\/\/poudresdenarco.com\/pl\/produkt\/meksykanska-kokaina\/","og_site_name":"Poudresde Narco","article_modified_time":"2024-08-23T09:48:06+00:00","og_image":[{"width":600,"height":600,"url":"https:\/\/poudresdenarco.com\/wp-content\/uploads\/2023\/12\/Mexican-Cocaine.jpg","type":"image\/jpeg"}],"twitter_card":"summary_large_image","twitter_misc":{"Szacowany czas czytania":"3 minuty"},"schema":{"@context":"https:\/\/schema.org","@graph":[{"@type":"WebPage","@id":"https:\/\/poudresdenarco.com\/produit\/cocaine-mexicaine\/","url":"https:\/\/poudresdenarco.com\/produit\/cocaine-mexicaine\/","name":"Acheter de la coca\u00efne mexicaine en ligne - Coca\u00efne mexicaine \u00e0 vendre","isPartOf":{"@id":"https:\/\/poudresdenarco.com\/#website"},"primaryImageOfPage":{"@id":"https:\/\/poudresdenarco.com\/produit\/cocaine-mexicaine\/#primaryimage"},"image":{"@id":"https:\/\/poudresdenarco.com\/produit\/cocaine-mexicaine\/#primaryimage"},"thumbnailUrl":"https:\/\/poudresdenarco.com\/wp-content\/uploads\/2023\/12\/Mexican-Cocaine.jpg","datePublished":"2023-12-25T08:20:08+00:00","dateModified":"2024-08-23T09:48:06+00:00","description":"Vous cherchez de la coca\u00efne mexicaine de haute qualit\u00e9 \u00e0 vendre en ligne ? PoudresDenarco est un magasin leader o\u00f9 vous pouvez acheter de la coca\u00efne mexicaine en ligne au meilleur prix. Commandez maintenant avec une exp\u00e9dition discr\u00e8te !","breadcrumb":{"@id":"https:\/\/poudresdenarco.com\/produit\/cocaine-mexicaine\/#breadcrumb"},"inLanguage":"pl-PL","potentialAction":[{"@type":"ReadAction","target":["https:\/\/poudresdenarco.com\/produit\/cocaine-mexicaine\/"]}]},{"@type":"ImageObject","inLanguage":"pl-PL","@id":"https:\/\/poudresdenarco.com\/produit\/cocaine-mexicaine\/#primaryimage","url":"https:\/\/poudresdenarco.com\/wp-content\/uploads\/2023\/12\/Mexican-Cocaine.jpg","contentUrl":"https:\/\/poudresdenarco.com\/wp-content\/uploads\/2023\/12\/Mexican-Cocaine.jpg","width":600,"height":600,"caption":"Acheter Mexican-Cocaine en ligne"},{"@type":"BreadcrumbList","@id":"https:\/\/poudresdenarco.com\/produit\/cocaine-mexicaine\/#breadcrumb","itemListElement":[{"@type":"ListItem","position":1,"name":"Home","item":"https:\/\/poudresdenarco.com\/"},{"@type":"ListItem","position":2,"name":"Boutique","item":"https:\/\/poudresdenarco.com\/boutique\/"},{"@type":"ListItem","position":3,"name":"Coca\u00efne mexicaine"}]},{"@type":"WebSite","@id":"https:\/\/poudresdenarco.com\/#website","url":"https:\/\/poudresdenarco.com\/","name":"Poudresde Narco","description":"Acheter de la coca\u00efne et de l&#039;h\u00e9ro\u00efne en ligne","potentialAction":[{"@type":"SearchAction","target":{"@type":"EntryPoint","urlTemplate":"https:\/\/poudresdenarco.com\/?s={search_term_string}"},"query-input":{"@type":"PropertyValueSpecification","valueRequired":true,"valueName":"search_term_string"}}],"inLanguage":"pl-PL"}]}},"_links":{"self":[{"href":"https:\/\/poudresdenarco.com\/pl\/wp-json\/wp\/v2\/product\/59","targetHints":{"allow":["GET"]}}],"collection":[{"href":"https:\/\/poudresdenarco.com\/pl\/wp-json\/wp\/v2\/product"}],"about":[{"href":"https:\/\/poudresdenarco.com\/pl\/wp-json\/wp\/v2\/types\/product"}],"replies":[{"embeddable":true,"href":"https:\/\/poudresdenarco.com\/pl\/wp-json\/wp\/v2\/comments?post=59"}],"wp:featuredmedia":[{"embeddable":true,"href":"https:\/\/poudresdenarco.com\/pl\/wp-json\/wp\/v2\/media\/273"}],"wp:attachment":[{"href":"https:\/\/poudresdenarco.com\/pl\/wp-json\/wp\/v2\/media?parent=59"}],"wp:term":[{"taxonomy":"product_cat","embeddable":true,"href":"https:\/\/poudresdenarco.com\/pl\/wp-json\/wp\/v2\/product_cat?post=59"},{"taxonomy":"product_tag","embeddable":true,"href":"https:\/\/poudresdenarco.com\/pl\/wp-json\/wp\/v2\/product_tag?post=59"}],"curies":[{"name":"wp","href":"https:\/\/api.w.org\/{rel}","templated":true}]}}