{"id":5966,"date":"2024-10-16T11:32:10","date_gmt":"2024-10-16T11:32:10","guid":{"rendered":"https:\/\/poudresdenarco.com\/?post_type=product&#038;p=5966"},"modified":"2024-12-23T09:30:09","modified_gmt":"2024-12-23T09:30:09","slug":"mdpv","status":"publish","type":"product","link":"https:\/\/poudresdenarco.com\/pl\/produkt\/mdpv\/","title":{"rendered":"MDPV"},"content":{"rendered":"<h2><strong>Kup MDPV o wysokiej czysto\u015bci do bada\u0144 - Narco Powders<\/strong><\/h2>\n<p><strong>Proszki narkotyczne<\/strong> jest zaufanym \u017ar\u00f3d\u0142em <strong>MDPV o jako\u015bci badawczej<\/strong>zaprojektowany wy\u0142\u0105cznie dla <strong>naukowe zastosowania laboratoryjne<\/strong>. Nasz MDPV jest produkowany zgodnie z rygorystycznymi standardami czysto\u015bci i jako\u015bci, oferuj\u0105c wiarygodne wyniki dla naukowc\u00f3w zajmuj\u0105cych si\u0119 chemi\u0105 i farmakologi\u0105.<\/p>\n<h3>Dlaczego warto wybra\u0107 MDPV de Poudres de Narco?<\/h3>\n<p>Jako <strong>Dostawca MDPV do bada\u0144<\/strong>, <strong>Proszki narkotyczne<\/strong> gwarantuje produkty zgodne z <strong>certyfikowane laboratoria<\/strong> :<\/p>\n<ul>\n<li><strong>MDPV o wysokiej czysto\u015bci dla laboratori\u00f3w<\/strong> Ka\u017cda partia jest rygorystycznie testowana, aby zagwarantowa\u0107 maksymaln\u0105 czysto\u015b\u0107, kt\u00f3ra jest niezb\u0119dna dla <strong>precyzyjne aplikacje naukowe<\/strong>.<\/li>\n<li><strong>Sta\u0142a, niezawodna jako\u015b\u0107<\/strong> Nasz MDPV zosta\u0142 opracowany z my\u015bl\u0105 o stabilnym, niezawodnym dzia\u0142aniu, dostosowanym do potrzeb <strong>analityczne badania laboratoryjne<\/strong>.<\/li>\n<li><strong>Bezpieczne zamawianie online<\/strong> : <strong>Proszki narkotyczne<\/strong> upraszcza<strong>kupowanie MDPV online<\/strong>Proces jest bezpieczny i zgodny ze standardami badawczymi.<\/li>\n<\/ul>\n<h3>Aplikacje i instrukcje bezpiecze\u0144stwa<\/h3>\n<p>Le <strong>MDPV do cel\u00f3w badawczych<\/strong> z <strong>Proszki narkotyczne<\/strong> jest przeznaczony dla <strong>zastosowania analityczne i badania naukowe<\/strong>. Aby zapewni\u0107 bezpieczne i prawid\u0142owe u\u017cytkowanie, zapewniamy szczeg\u00f3\u0142owe instrukcje bezpiecze\u0144stwa:<\/p>\n<ul>\n<li><strong>Bezpieczne przechowywanie<\/strong> Przechowuj MDPV w ch\u0142odnym, suchym miejscu z dala od \u015bwiat\u0142a, aby zachowa\u0107 jego jako\u015b\u0107.<\/li>\n<li><strong>Obs\u0142uga z zachowaniem \u015brodk\u00f3w ostro\u017cno\u015bci<\/strong> Nale\u017cy u\u017cywa\u0107 \u015brodk\u00f3w ochrony osobistej (PPE) i pracowa\u0107 w dobrze wentylowanym \u015brodowisku, aby zapewni\u0107 bezpiecze\u0144stwo.<\/li>\n<li><strong>U\u017cycie zastrze\u017cone wy\u0142\u0105cznie do cel\u00f3w badawczych<\/strong> Ten produkt jest przeznaczony wy\u0142\u0105cznie dla wykwalifikowanych badaczy i certyfikowanych laboratori\u00f3w.<\/li>\n<\/ul>\n<h2>Kup MDPV online<\/h2>\n<p>Le <a href=\"https:\/\/poudresdenarco.com\/pl\/produkt\/mdpv\/\">MDPV<\/a> jest r\u00f3wnie\u017c znany jako metylenodioksypyrowaleron.<\/p>\n<p>Jest to syntetyczny narkotyk opracowany w 1969 roku.<\/p>\n<p>Jest to rodzaj inhibitora wychwytu zwrotnego receptor\u00f3w dopaminy i noradrenaliny.<\/p>\n<p>Wiadomo, \u017ce dzia\u0142a jako substancja psychoaktywna i ma w\u0142a\u015bciwo\u015bci pobudzaj\u0105ce. Niekt\u00f3re z efekt\u00f3w dzia\u0142ania narkotyku to: zwi\u0119kszona \u015bwiadomo\u015b\u0107, euforia, zwi\u0119kszona czujno\u015b\u0107 i zwi\u0119kszona energia.<\/p>\n<p>Do\u015bwiadczeni badacze zalecaj\u0105 stosowanie <a href=\"https:\/\/en.wikipedia.org\/wiki\/Methylenedioxypyrovalerone\">MDPV<\/a> w por\u00f3wnaniu z Ritalinem, poniewa\u017c wiadomo, \u017ce ten pierwszy jest 4 razy silniejszy.<\/p>\n<p>Lek jest zazwyczaj sprzedawany na stronach internetowych lub w aptekach w postaci drobnego krystalicznego proszku.<\/p>\n<p>Nale\u017cy pami\u0119ta\u0107, \u017ce MDPV istnieje ju\u017c od jakiego\u015b czasu i w rezultacie jest okre\u015blany r\u00f3\u017cnymi nazwami, takimi jak MDPK, Maddie, Super Coke, Ivory Wave, Peevee, Magic, MTV, Ocean, White Lightening, ScarfaceCharge Plus itp. <a href=\"https:\/\/poudresdenarco.com\/pl\/\">poudresdenarco<\/a><\/p>\n<p>Chocia\u017c z narkotykiem zwi\u0105zane s\u0105 w\u0142a\u015bciwo\u015bci psychotropowe, wiele os\u00f3b u\u017cywa go r\u00f3wnie\u017c w celach rekreacyjnych.<\/p>\n<h3>Niekt\u00f3re z tradycyjnych zastosowa\u0144 MDPV s\u0105 nast\u0119puj\u0105ce:<\/h3>\n<p>By\u0142 on stosowany w celu pomocy pacjentom w utracie wagi, poniewa\u017c lek ma tendencj\u0119 do szybkiego spalania t\u0142uszczu.<br \/>\nJak wspomniano powy\u017cej, lek ten poprawia aktywno\u015b\u0107 seksualn\u0105, zwi\u0119ksza rezerwy energii i pomaga pacjentom osi\u0105gn\u0105\u0107 wysoki poziom podniecenia.<br \/>\nNale\u017cy pami\u0119ta\u0107, \u017ce podobnie jak w przypadku ka\u017cdego innego leku, r\u00f3wnie\u017c dla MDPV istniej\u0105 zalecane dawki. Oznacza to, \u017ce przedawkowanie mo\u017ce prowadzi\u0107 do problem\u00f3w, podobnie jak w przypadku innych lek\u00f3w.<\/p>\n<p>Nigdy nie nale\u017cy przekracza\u0107 zalecanej dawki. Zalet\u0105 MDPV jest to, \u017ce jest on legalny w wi\u0119kszo\u015bci kraj\u00f3w \u015bwiata, w przeciwie\u0144stwie do wi\u0119kszo\u015bci jego odpowiednik\u00f3w. Dzi\u0119ki wielu w\u0142a\u015bciwo\u015bciom farmaceutycznym, wielu naukowc\u00f3w wykorzystuje j\u0105 r\u00f3wnie\u017c jako zwi\u0105zek do bada\u0144 chemicznych.<\/p>\n<p>Chocia\u017c jest on og\u00f3lnie dost\u0119pny jako hydrofilowy proszek o lekkim zapachu, mo\u017ce mie\u0107 dowolny kolor od bia\u0142ego do jasnobr\u0105zowego. Niekt\u00f3re z efekt\u00f3w ubocznych stosowania MDVP to: niepok\u00f3j, os\u0142abienie, podniecenie, brak apetytu, podwy\u017cszone ci\u015bnienie krwi i ko\u0142atanie serca.<\/p>\n<p>Przedawkowanie mo\u017ce powodowa\u0107 halucynacje, a nawet ataki paniki. Efekt dzia\u0142ania utrzymuje si\u0119 zazwyczaj przez oko\u0142o 4 godziny. Nale\u017cy uwa\u017ca\u0107, aby nie przechowywa\u0107 go na wolnym powietrzu, poniewa\u017c kontakt z powietrzem mo\u017ce zmieni\u0107 jego w\u0142a\u015bciwo\u015bci.<\/p>\n<h3>Zam\u00f3w MDPV o wysokiej czysto\u015bci do swoich bada\u0144 naukowych<\/h3>\n<p>Z <strong>Proszki narkotyczne<\/strong>korzysta\u0107 z <strong>niezawodne dostawy MDPV do zastosowa\u0144 laboratoryjnych<\/strong>. Nasze wysokie standardy jako\u015bci i bezpiecze\u0144stwa oznaczaj\u0105, \u017ce <strong>Proszki narkotyczne<\/strong> idealny wyb\u00f3r dla profesjonalist\u00f3w w dziedzinie bada\u0144. <strong>Skontaktuj si\u0119 z nami<\/strong> Aby uzyska\u0107 wycen\u0119 lub dowiedzie\u0107 si\u0119 wi\u0119cej o naszej ofercie produkt\u00f3w o wysokiej czysto\u015bci do bada\u0144 naukowych, kup MDPV.<\/p>","protected":false},"excerpt":{"rendered":"<p>Acheter du MDPV de Haute Puret\u00e9 pour la Recherche &#8211; Poudres de Narco Poudres de Narco est votre source de confiance pour le MDPV de qualit\u00e9 recherche, con\u00e7u exclusivement pour des applications scientifiques en laboratoire. Notre MDPV est produit selon des normes rigoureuses de puret\u00e9 et de qualit\u00e9, offrant des r\u00e9sultats fiables pour les chercheurs&hellip;<\/p>","protected":false},"featured_media":6173,"comment_status":"open","ping_status":"closed","template":"","meta":{"_joinchat":[]},"product_cat":[558,751],"product_tag":[],"class_list":{"0":"post-5966","1":"product","2":"type-product","3":"status-publish","4":"has-post-thumbnail","6":"product_cat-chimiques-de-recherche","7":"product_cat-stimulants","9":"first","10":"instock","11":"shipping-taxable","12":"purchasable","13":"product-type-variable","14":"col-xs-6 col-sm-4","15":"col-md-3 col-lg-3","16":"un-4-cols"},"yoast_head":"<!-- This site is optimized with the Yoast SEO plugin v23.8 - https:\/\/yoast.com\/wordpress\/plugins\/seo\/ -->\n<title>&quot;Acheter MDPV Puret\u00e9 pour la Recherche | Poudres de Narco&quot;<\/title>\n<meta name=\"description\" content=\"Fournisseur de MDPV pour applications scientifiques en laboratoire. Puret\u00e9 et s\u00e9curit\u00e9 garanties pour recherches avanc\u00e9es chez Poudres de Narco.\" \/>\n<meta name=\"robots\" content=\"index, follow, max-snippet:-1, max-image-preview:large, max-video-preview:-1\" \/>\n<link rel=\"canonical\" href=\"https:\/\/poudresdenarco.com\/pl\/produkt\/mdpv\/\" \/>\n<meta property=\"og:locale\" content=\"pl_PL\" \/>\n<meta property=\"og:type\" content=\"article\" \/>\n<meta property=\"og:title\" content=\"&quot;Acheter MDPV Puret\u00e9 pour la Recherche | Poudres de Narco&quot;\" \/>\n<meta property=\"og:description\" content=\"Fournisseur de MDPV pour applications scientifiques en laboratoire. Puret\u00e9 et s\u00e9curit\u00e9 garanties pour recherches avanc\u00e9es chez Poudres de Narco.\" \/>\n<meta property=\"og:url\" content=\"https:\/\/poudresdenarco.com\/pl\/produkt\/mdpv\/\" \/>\n<meta property=\"og:site_name\" content=\"Poudresde Narco\" \/>\n<meta property=\"article:modified_time\" content=\"2024-12-23T09:30:09+00:00\" \/>\n<meta property=\"og:image\" content=\"https:\/\/poudresdenarco.com\/wp-content\/uploads\/2024\/10\/MDPV-1.gif\" \/>\n\t<meta property=\"og:image:width\" content=\"600\" \/>\n\t<meta property=\"og:image:height\" content=\"600\" \/>\n\t<meta property=\"og:image:type\" content=\"image\/gif\" \/>\n<meta name=\"twitter:card\" content=\"summary_large_image\" \/>\n<meta name=\"twitter:label1\" content=\"Szacowany czas czytania\" \/>\n\t<meta name=\"twitter:data1\" content=\"4 minuty\" \/>\n<script type=\"application\/ld+json\" class=\"yoast-schema-graph\">{\"@context\":\"https:\/\/schema.org\",\"@graph\":[{\"@type\":\"WebPage\",\"@id\":\"https:\/\/poudresdenarco.com\/produit\/mdpv\/\",\"url\":\"https:\/\/poudresdenarco.com\/produit\/mdpv\/\",\"name\":\"\\\"Acheter MDPV Puret\u00e9 pour la Recherche | Poudres de Narco\\\"\",\"isPartOf\":{\"@id\":\"https:\/\/poudresdenarco.com\/#website\"},\"primaryImageOfPage\":{\"@id\":\"https:\/\/poudresdenarco.com\/produit\/mdpv\/#primaryimage\"},\"image\":{\"@id\":\"https:\/\/poudresdenarco.com\/produit\/mdpv\/#primaryimage\"},\"thumbnailUrl\":\"https:\/\/poudresdenarco.com\/wp-content\/uploads\/2024\/10\/MDPV-1.gif\",\"datePublished\":\"2024-10-16T11:32:10+00:00\",\"dateModified\":\"2024-12-23T09:30:09+00:00\",\"description\":\"Fournisseur de MDPV pour applications scientifiques en laboratoire. Puret\u00e9 et s\u00e9curit\u00e9 garanties pour recherches avanc\u00e9es chez Poudres de Narco.\",\"breadcrumb\":{\"@id\":\"https:\/\/poudresdenarco.com\/produit\/mdpv\/#breadcrumb\"},\"inLanguage\":\"pl-PL\",\"potentialAction\":[{\"@type\":\"ReadAction\",\"target\":[\"https:\/\/poudresdenarco.com\/produit\/mdpv\/\"]}]},{\"@type\":\"ImageObject\",\"inLanguage\":\"pl-PL\",\"@id\":\"https:\/\/poudresdenarco.com\/produit\/mdpv\/#primaryimage\",\"url\":\"https:\/\/poudresdenarco.com\/wp-content\/uploads\/2024\/10\/MDPV-1.gif\",\"contentUrl\":\"https:\/\/poudresdenarco.com\/wp-content\/uploads\/2024\/10\/MDPV-1.gif\",\"width\":600,\"height\":600,\"caption\":\"MDPV\"},{\"@type\":\"BreadcrumbList\",\"@id\":\"https:\/\/poudresdenarco.com\/produit\/mdpv\/#breadcrumb\",\"itemListElement\":[{\"@type\":\"ListItem\",\"position\":1,\"name\":\"Home\",\"item\":\"https:\/\/poudresdenarco.com\/\"},{\"@type\":\"ListItem\",\"position\":2,\"name\":\"Boutique\",\"item\":\"https:\/\/poudresdenarco.com\/boutique\/\"},{\"@type\":\"ListItem\",\"position\":3,\"name\":\"MDPV\"}]},{\"@type\":\"WebSite\",\"@id\":\"https:\/\/poudresdenarco.com\/#website\",\"url\":\"https:\/\/poudresdenarco.com\/\",\"name\":\"Poudresde Narco\",\"description\":\"Acheter de la coca\u00efne et de l&#039;h\u00e9ro\u00efne en ligne\",\"potentialAction\":[{\"@type\":\"SearchAction\",\"target\":{\"@type\":\"EntryPoint\",\"urlTemplate\":\"https:\/\/poudresdenarco.com\/?s={search_term_string}\"},\"query-input\":{\"@type\":\"PropertyValueSpecification\",\"valueRequired\":true,\"valueName\":\"search_term_string\"}}],\"inLanguage\":\"pl-PL\"}]}<\/script>\n<!-- \/ Yoast SEO plugin. -->","yoast_head_json":{"title":"\"Acheter MDPV Puret\u00e9 pour la Recherche | Poudres de Narco\"","description":"Fournisseur de MDPV pour applications scientifiques en laboratoire. Puret\u00e9 et s\u00e9curit\u00e9 garanties pour recherches avanc\u00e9es chez Poudres de Narco.","robots":{"index":"index","follow":"follow","max-snippet":"max-snippet:-1","max-image-preview":"max-image-preview:large","max-video-preview":"max-video-preview:-1"},"canonical":"https:\/\/poudresdenarco.com\/pl\/produkt\/mdpv\/","og_locale":"pl_PL","og_type":"article","og_title":"\"Acheter MDPV Puret\u00e9 pour la Recherche | Poudres de Narco\"","og_description":"Fournisseur de MDPV pour applications scientifiques en laboratoire. Puret\u00e9 et s\u00e9curit\u00e9 garanties pour recherches avanc\u00e9es chez Poudres de Narco.","og_url":"https:\/\/poudresdenarco.com\/pl\/produkt\/mdpv\/","og_site_name":"Poudresde Narco","article_modified_time":"2024-12-23T09:30:09+00:00","og_image":[{"width":600,"height":600,"url":"https:\/\/poudresdenarco.com\/wp-content\/uploads\/2024\/10\/MDPV-1.gif","type":"image\/gif"}],"twitter_card":"summary_large_image","twitter_misc":{"Szacowany czas czytania":"4 minuty"},"schema":{"@context":"https:\/\/schema.org","@graph":[{"@type":"WebPage","@id":"https:\/\/poudresdenarco.com\/produit\/mdpv\/","url":"https:\/\/poudresdenarco.com\/produit\/mdpv\/","name":"\"Acheter MDPV Puret\u00e9 pour la Recherche | Poudres de Narco\"","isPartOf":{"@id":"https:\/\/poudresdenarco.com\/#website"},"primaryImageOfPage":{"@id":"https:\/\/poudresdenarco.com\/produit\/mdpv\/#primaryimage"},"image":{"@id":"https:\/\/poudresdenarco.com\/produit\/mdpv\/#primaryimage"},"thumbnailUrl":"https:\/\/poudresdenarco.com\/wp-content\/uploads\/2024\/10\/MDPV-1.gif","datePublished":"2024-10-16T11:32:10+00:00","dateModified":"2024-12-23T09:30:09+00:00","description":"Fournisseur de MDPV pour applications scientifiques en laboratoire. Puret\u00e9 et s\u00e9curit\u00e9 garanties pour recherches avanc\u00e9es chez Poudres de Narco.","breadcrumb":{"@id":"https:\/\/poudresdenarco.com\/produit\/mdpv\/#breadcrumb"},"inLanguage":"pl-PL","potentialAction":[{"@type":"ReadAction","target":["https:\/\/poudresdenarco.com\/produit\/mdpv\/"]}]},{"@type":"ImageObject","inLanguage":"pl-PL","@id":"https:\/\/poudresdenarco.com\/produit\/mdpv\/#primaryimage","url":"https:\/\/poudresdenarco.com\/wp-content\/uploads\/2024\/10\/MDPV-1.gif","contentUrl":"https:\/\/poudresdenarco.com\/wp-content\/uploads\/2024\/10\/MDPV-1.gif","width":600,"height":600,"caption":"MDPV"},{"@type":"BreadcrumbList","@id":"https:\/\/poudresdenarco.com\/produit\/mdpv\/#breadcrumb","itemListElement":[{"@type":"ListItem","position":1,"name":"Home","item":"https:\/\/poudresdenarco.com\/"},{"@type":"ListItem","position":2,"name":"Boutique","item":"https:\/\/poudresdenarco.com\/boutique\/"},{"@type":"ListItem","position":3,"name":"MDPV"}]},{"@type":"WebSite","@id":"https:\/\/poudresdenarco.com\/#website","url":"https:\/\/poudresdenarco.com\/","name":"Poudresde Narco","description":"Acheter de la coca\u00efne et de l&#039;h\u00e9ro\u00efne en ligne","potentialAction":[{"@type":"SearchAction","target":{"@type":"EntryPoint","urlTemplate":"https:\/\/poudresdenarco.com\/?s={search_term_string}"},"query-input":{"@type":"PropertyValueSpecification","valueRequired":true,"valueName":"search_term_string"}}],"inLanguage":"pl-PL"}]}},"_links":{"self":[{"href":"https:\/\/poudresdenarco.com\/pl\/wp-json\/wp\/v2\/product\/5966","targetHints":{"allow":["GET"]}}],"collection":[{"href":"https:\/\/poudresdenarco.com\/pl\/wp-json\/wp\/v2\/product"}],"about":[{"href":"https:\/\/poudresdenarco.com\/pl\/wp-json\/wp\/v2\/types\/product"}],"replies":[{"embeddable":true,"href":"https:\/\/poudresdenarco.com\/pl\/wp-json\/wp\/v2\/comments?post=5966"}],"wp:featuredmedia":[{"embeddable":true,"href":"https:\/\/poudresdenarco.com\/pl\/wp-json\/wp\/v2\/media\/6173"}],"wp:attachment":[{"href":"https:\/\/poudresdenarco.com\/pl\/wp-json\/wp\/v2\/media?parent=5966"}],"wp:term":[{"taxonomy":"product_cat","embeddable":true,"href":"https:\/\/poudresdenarco.com\/pl\/wp-json\/wp\/v2\/product_cat?post=5966"},{"taxonomy":"product_tag","embeddable":true,"href":"https:\/\/poudresdenarco.com\/pl\/wp-json\/wp\/v2\/product_tag?post=5966"}],"curies":[{"name":"wp","href":"https:\/\/api.w.org\/{rel}","templated":true}]}}