{"id":6002,"date":"2024-10-16T11:32:20","date_gmt":"2024-10-16T11:32:20","guid":{"rendered":"https:\/\/poudresdenarco.com\/?post_type=product&#038;p=6002"},"modified":"2025-05-28T14:02:30","modified_gmt":"2025-05-28T14:02:30","slug":"benzolam","status":"publish","type":"product","link":"https:\/\/poudresdenarco.com\/pl\/produkt\/benzolam\/","title":{"rendered":"Benzolam"},"content":{"rendered":"<h2>Kup benzolam online<\/h2>\n<p>Le <a href=\"https:\/\/poudresdenarco.com\/pl\/produkt\/benzolam\/\">benzolam<\/a>Alpha-PVP jest silnym stymulantem powszechnie stosowanym do wywo\u0142ywania euforii. W niekt\u00f3rych badaniach jest r\u00f3wnie\u017c opisywany jako lek psychoaktywny. Zosta\u0142 odkryty na pocz\u0105tku lat sze\u015b\u0107dziesi\u0105tych i ma poziom mocy 1\/4 MDPV, Kup Benzolam .<\/p>\n<p>Co wi\u0119cej, efekty s\u0105 mniej wi\u0119cej takie same. Og\u00f3lnie rzecz bior\u0105c, KRYSZTA\u0141Y A-PVP wyst\u0119puj\u0105 w postaci bia\u0142ych kryszta\u0142\u00f3w skalnych. R\u00f3\u017cne zastosowania i efekty A-PVP Przed za\u017cyciem Alpha-PVP nale\u017cy wymiesza\u0107 go z innymi lekami.<\/p>\n<p>Co wi\u0119cej, mo\u017cna go po\u0142yka\u0107 lub wdycha\u0107. Tylko lekarz mo\u017ce okre\u015bli\u0107 dawk\u0119 i nie nale\u017cy przyjmowa\u0107 wi\u0119cej ni\u017c jednej tabletki na godzin\u0119.<\/p>\n<p>Le <a href=\"https:\/\/en.wikipedia.org\/wiki\/Benzodiazepine\">benzolam<\/a> jest por\u00f3wnywalna do kokainy, cho\u0107 mniej silna. <a href=\"https:\/\/poudresdenarco.com\/pl\/\">Poudresnarco<\/a><\/p>\n<p>Umie\u015b\u0107 go pod j\u0119zykiem, a przekonasz si\u0119, \u017ce szybko si\u0119 rozpu\u015bci. Jednocze\u015bnie mo\u017ce pojawi\u0107 si\u0119 uczucie dr\u0119twienia.<\/p>\n<p>Chocia\u017c pojawienie si\u0119 euforii zajmuje troch\u0119 czasu, powinna ona pojawi\u0107 si\u0119 30 minut po spo\u017cyciu. Zauwa\u017cysz niewielki wzrost ci\u015bnienia krwi w wyniku odr\u0119twienia.<\/p>\n<h3>Co wi\u0119cej, nie b\u0119dziesz chcia\u0142 pi\u0107 wi\u0119cej wody.<\/h3>\n<p>Po spo\u017cyciu czego\u015b, poczujesz si\u0119 lekko pobudzony, a mo\u017ce nawet senny 45 minut lub d\u0142u\u017cej p\u00f3\u017aniej.<\/p>\n<p>Og\u00f3lnie rzecz bior\u0105c, efekty nie powinny trwa\u0107 d\u0142u\u017cej ni\u017c trzy godziny, a u\u017cytkownik mo\u017ce nie odczuwa\u0107 potrzeby natychmiastowego przyj\u0119cia kolejnej dawki.<\/p>\n<p>Prawdopodobnie b\u0119dziesz odczuwa\u0107 eufori\u0119 d\u0142u\u017cej, je\u015bli u\u017cyjesz metody wdmuchiwania. Jednak oszacowanie si\u0142y mo\u017ce by\u0107 trudne, poniewa\u017c niekt\u00f3rzy ludzie odczuwaj\u0105 bardzo stopniowy efekt, podczas gdy inni odczuwaj\u0105 go do\u015b\u0107 szybko.<\/p>\n<h4><strong>Kup benzolam o wysokiej czysto\u015bci do bada\u0144 - Narco Powders<\/strong><\/h4>\n<p><strong>Proszki narkotyczne<\/strong> jest zaufanym dostawc\u0105 <strong>Jako\u015b\u0107 bada\u0144 nad benzolamem<\/strong>zaprojektowany wy\u0142\u0105cznie dla <strong>naukowe zastosowania laboratoryjne<\/strong>. Nasz benzolam jest produkowany zgodnie z rygorystycznymi standardami czysto\u015bci i jako\u015bci, oferuj\u0105c sp\u00f3jne wyniki badaczom farmakologicznym i chemicznym.<\/p>\n<h3>Dlaczego warto kupi\u0107 Benzolam de Poudres de Narco?<\/h3>\n<p>Jako <strong>Niezawodny dostawca benzolamu<\/strong>, <strong>Proszki narkotyczne<\/strong> gwarantuje produkty spe\u0142niaj\u0105ce wymagania <strong>certyfikowane laboratoria<\/strong> :<\/p>\n<ul>\n<li><strong>Benzolam o wysokiej czysto\u015bci dla laboratori\u00f3w<\/strong> Ka\u017cda partia Benzolamu jest rygorystycznie testowana, aby zapewni\u0107 maksymaln\u0105 czysto\u015b\u0107, kt\u00f3ra jest niezb\u0119dna dla <strong>Precyzyjne aplikacje naukowe<\/strong>.<\/li>\n<li><strong>Sta\u0142a, niezawodna jako\u015b\u0107<\/strong> Nasz Benzolam zosta\u0142 opracowany z my\u015bl\u0105 o stabilnym, niezawodnym dzia\u0142aniu, idealnym dla <strong>badania analityczne i badawcze<\/strong>.<\/li>\n<li><strong>Bezpieczne zamawianie online<\/strong> : <strong>Proszki narkotyczne<\/strong> u\u0142atwia<strong>kupi\u0107 Benzolam online<\/strong> z bezpiecznym procesem zaprojektowanym dla specjalist\u00f3w ds. bada\u0144.<\/li>\n<\/ul>\n<h3>Aplikacje i instrukcje bezpiecze\u0144stwa<\/h3>\n<p>Le <strong>Benzolam do bada\u0144<\/strong> z <strong>Proszki narkotyczne<\/strong> jest specjalnie zaprojektowany dla <strong>zastosowania analityczne i badania naukowe<\/strong>. Aby zapewni\u0107 prawid\u0142owe u\u017cytkowanie, zapewniamy szczeg\u00f3\u0142owe instrukcje bezpiecze\u0144stwa:<\/p>\n<ul>\n<li><strong>Bezpieczne przechowywanie<\/strong> Przechowywa\u0107 Benzolam w ch\u0142odnym, suchym miejscu z dala od \u015bwiat\u0142a, aby zachowa\u0107 jego jako\u015b\u0107.<\/li>\n<li><strong>Obs\u0142uga z zachowaniem \u015brodk\u00f3w ostro\u017cno\u015bci<\/strong> Nale\u017cy u\u017cywa\u0107 \u015brodk\u00f3w ochrony osobistej (PPE) i pracowa\u0107 w dobrze wentylowanym \u015brodowisku.<\/li>\n<li><strong>U\u017cycie zastrze\u017cone wy\u0142\u0105cznie do cel\u00f3w badawczych<\/strong> Ten produkt jest przeznaczony wy\u0142\u0105cznie dla wykwalifikowanych badaczy i laboratori\u00f3w certyfikowanych w zakresie <strong>zaawansowane studia naukowe<\/strong>.<\/li>\n<\/ul>\n<h3>Zam\u00f3w benzolam o wysokiej czysto\u015bci do bada\u0144 naukowych<\/h3>\n<p>Z <strong>Proszki narkotyczne<\/strong>korzysta\u0107 z <strong>Niezawodne dostawy benzolamu do zastosowa\u0144 laboratoryjnych<\/strong>. Nasze wysokie standardy jako\u015bci i bezpiecze\u0144stwa oznaczaj\u0105, \u017ce <strong>Proszki narkotyczne<\/strong> idealny wyb\u00f3r dla profesjonalist\u00f3w w dziedzinie bada\u0144. <strong>Skontaktuj si\u0119 z nami<\/strong> aby uzyska\u0107 wycen\u0119 lub dowiedzie\u0107 si\u0119 wi\u0119cej o naszej ofercie produkt\u00f3w o wysokiej czysto\u015bci do bada\u0144 naukowych.<\/p>","protected":false},"excerpt":{"rendered":"<p>Acheter du benzolam en ligne Le benzolam, commun\u00e9ment appel\u00e9 Alpha-PVP, est un stimulant puissant qui est g\u00e9n\u00e9ralement utilis\u00e9 pour produire de l&rsquo;euphorie. Il est \u00e9galement qualifi\u00e9 de drogue psychoactive par certaines \u00e9tudes. Il a \u00e9t\u00e9 d\u00e9couvert au d\u00e9but des ann\u00e9es 1960 et a un niveau de puissance 1\/4 par rapport au MDPV, Acheter Benzolam .&hellip;<\/p>","protected":false},"featured_media":6181,"comment_status":"open","ping_status":"closed","template":"","meta":{"_joinchat":[]},"product_cat":[558],"product_tag":[],"class_list":{"0":"post-6002","1":"product","2":"type-product","3":"status-publish","4":"has-post-thumbnail","6":"product_cat-chimiques-de-recherche","8":"first","9":"instock","10":"shipping-taxable","11":"purchasable","12":"product-type-variable","13":"col-xs-6 col-sm-4","14":"col-md-3 col-lg-3","15":"un-4-cols"},"yoast_head":"<!-- This site is optimized with the Yoast SEO plugin v23.8 - https:\/\/yoast.com\/wordpress\/plugins\/seo\/ -->\n<title>Acheter Benzolam pour la Recherche | Poudres de Narco&quot;<\/title>\n<meta name=\"description\" content=\"Fournisseur de Benzolam pour applications scientifiques en laboratoire. Puret\u00e9 et s\u00e9curit\u00e9 garanties pour recherches avanc\u00e9es chez Poudres de Narco.\" \/>\n<meta name=\"robots\" content=\"index, follow, max-snippet:-1, max-image-preview:large, max-video-preview:-1\" \/>\n<link rel=\"canonical\" href=\"https:\/\/poudresdenarco.com\/pl\/produkt\/benzolam\/\" \/>\n<meta property=\"og:locale\" content=\"pl_PL\" \/>\n<meta property=\"og:type\" content=\"article\" \/>\n<meta property=\"og:title\" content=\"Acheter Benzolam pour la Recherche | Poudres de Narco&quot;\" \/>\n<meta property=\"og:description\" content=\"Fournisseur de Benzolam pour applications scientifiques en laboratoire. Puret\u00e9 et s\u00e9curit\u00e9 garanties pour recherches avanc\u00e9es chez Poudres de Narco.\" \/>\n<meta property=\"og:url\" content=\"https:\/\/poudresdenarco.com\/pl\/produkt\/benzolam\/\" \/>\n<meta property=\"og:site_name\" content=\"Poudresde Narco\" \/>\n<meta property=\"article:modified_time\" content=\"2025-05-28T14:02:30+00:00\" \/>\n<meta property=\"og:image\" content=\"https:\/\/poudresdenarco.com\/wp-content\/uploads\/2024\/10\/Benzolam.gif\" \/>\n\t<meta property=\"og:image:width\" content=\"600\" \/>\n\t<meta property=\"og:image:height\" content=\"600\" \/>\n\t<meta property=\"og:image:type\" content=\"image\/gif\" \/>\n<meta name=\"twitter:card\" content=\"summary_large_image\" \/>\n<meta name=\"twitter:label1\" content=\"Szacowany czas czytania\" \/>\n\t<meta name=\"twitter:data1\" content=\"3 minuty\" \/>\n<script type=\"application\/ld+json\" class=\"yoast-schema-graph\">{\"@context\":\"https:\/\/schema.org\",\"@graph\":[{\"@type\":\"WebPage\",\"@id\":\"https:\/\/poudresdenarco.com\/produit\/benzolam\/\",\"url\":\"https:\/\/poudresdenarco.com\/produit\/benzolam\/\",\"name\":\"Acheter Benzolam pour la Recherche | Poudres de Narco\\\"\",\"isPartOf\":{\"@id\":\"https:\/\/poudresdenarco.com\/#website\"},\"primaryImageOfPage\":{\"@id\":\"https:\/\/poudresdenarco.com\/produit\/benzolam\/#primaryimage\"},\"image\":{\"@id\":\"https:\/\/poudresdenarco.com\/produit\/benzolam\/#primaryimage\"},\"thumbnailUrl\":\"https:\/\/poudresdenarco.com\/wp-content\/uploads\/2024\/10\/Benzolam.gif\",\"datePublished\":\"2024-10-16T11:32:20+00:00\",\"dateModified\":\"2025-05-28T14:02:30+00:00\",\"description\":\"Fournisseur de Benzolam pour applications scientifiques en laboratoire. Puret\u00e9 et s\u00e9curit\u00e9 garanties pour recherches avanc\u00e9es chez Poudres de Narco.\",\"breadcrumb\":{\"@id\":\"https:\/\/poudresdenarco.com\/produit\/benzolam\/#breadcrumb\"},\"inLanguage\":\"pl-PL\",\"potentialAction\":[{\"@type\":\"ReadAction\",\"target\":[\"https:\/\/poudresdenarco.com\/produit\/benzolam\/\"]}]},{\"@type\":\"ImageObject\",\"inLanguage\":\"pl-PL\",\"@id\":\"https:\/\/poudresdenarco.com\/produit\/benzolam\/#primaryimage\",\"url\":\"https:\/\/poudresdenarco.com\/wp-content\/uploads\/2024\/10\/Benzolam.gif\",\"contentUrl\":\"https:\/\/poudresdenarco.com\/wp-content\/uploads\/2024\/10\/Benzolam.gif\",\"width\":600,\"height\":600,\"caption\":\"Benzolam\"},{\"@type\":\"BreadcrumbList\",\"@id\":\"https:\/\/poudresdenarco.com\/produit\/benzolam\/#breadcrumb\",\"itemListElement\":[{\"@type\":\"ListItem\",\"position\":1,\"name\":\"Home\",\"item\":\"https:\/\/poudresdenarco.com\/\"},{\"@type\":\"ListItem\",\"position\":2,\"name\":\"Boutique\",\"item\":\"https:\/\/poudresdenarco.com\/boutique\/\"},{\"@type\":\"ListItem\",\"position\":3,\"name\":\"Benzolam\"}]},{\"@type\":\"WebSite\",\"@id\":\"https:\/\/poudresdenarco.com\/#website\",\"url\":\"https:\/\/poudresdenarco.com\/\",\"name\":\"Poudresde Narco\",\"description\":\"Acheter de la coca\u00efne et de l&#039;h\u00e9ro\u00efne en ligne\",\"potentialAction\":[{\"@type\":\"SearchAction\",\"target\":{\"@type\":\"EntryPoint\",\"urlTemplate\":\"https:\/\/poudresdenarco.com\/?s={search_term_string}\"},\"query-input\":{\"@type\":\"PropertyValueSpecification\",\"valueRequired\":true,\"valueName\":\"search_term_string\"}}],\"inLanguage\":\"pl-PL\"}]}<\/script>\n<!-- \/ Yoast SEO plugin. -->","yoast_head_json":{"title":"Acheter Benzolam pour la Recherche | Poudres de Narco\"","description":"Fournisseur de Benzolam pour applications scientifiques en laboratoire. Puret\u00e9 et s\u00e9curit\u00e9 garanties pour recherches avanc\u00e9es chez Poudres de Narco.","robots":{"index":"index","follow":"follow","max-snippet":"max-snippet:-1","max-image-preview":"max-image-preview:large","max-video-preview":"max-video-preview:-1"},"canonical":"https:\/\/poudresdenarco.com\/pl\/produkt\/benzolam\/","og_locale":"pl_PL","og_type":"article","og_title":"Acheter Benzolam pour la Recherche | Poudres de Narco\"","og_description":"Fournisseur de Benzolam pour applications scientifiques en laboratoire. Puret\u00e9 et s\u00e9curit\u00e9 garanties pour recherches avanc\u00e9es chez Poudres de Narco.","og_url":"https:\/\/poudresdenarco.com\/pl\/produkt\/benzolam\/","og_site_name":"Poudresde Narco","article_modified_time":"2025-05-28T14:02:30+00:00","og_image":[{"width":600,"height":600,"url":"https:\/\/poudresdenarco.com\/wp-content\/uploads\/2024\/10\/Benzolam.gif","type":"image\/gif"}],"twitter_card":"summary_large_image","twitter_misc":{"Szacowany czas czytania":"3 minuty"},"schema":{"@context":"https:\/\/schema.org","@graph":[{"@type":"WebPage","@id":"https:\/\/poudresdenarco.com\/produit\/benzolam\/","url":"https:\/\/poudresdenarco.com\/produit\/benzolam\/","name":"Acheter Benzolam pour la Recherche | Poudres de Narco\"","isPartOf":{"@id":"https:\/\/poudresdenarco.com\/#website"},"primaryImageOfPage":{"@id":"https:\/\/poudresdenarco.com\/produit\/benzolam\/#primaryimage"},"image":{"@id":"https:\/\/poudresdenarco.com\/produit\/benzolam\/#primaryimage"},"thumbnailUrl":"https:\/\/poudresdenarco.com\/wp-content\/uploads\/2024\/10\/Benzolam.gif","datePublished":"2024-10-16T11:32:20+00:00","dateModified":"2025-05-28T14:02:30+00:00","description":"Fournisseur de Benzolam pour applications scientifiques en laboratoire. Puret\u00e9 et s\u00e9curit\u00e9 garanties pour recherches avanc\u00e9es chez Poudres de Narco.","breadcrumb":{"@id":"https:\/\/poudresdenarco.com\/produit\/benzolam\/#breadcrumb"},"inLanguage":"pl-PL","potentialAction":[{"@type":"ReadAction","target":["https:\/\/poudresdenarco.com\/produit\/benzolam\/"]}]},{"@type":"ImageObject","inLanguage":"pl-PL","@id":"https:\/\/poudresdenarco.com\/produit\/benzolam\/#primaryimage","url":"https:\/\/poudresdenarco.com\/wp-content\/uploads\/2024\/10\/Benzolam.gif","contentUrl":"https:\/\/poudresdenarco.com\/wp-content\/uploads\/2024\/10\/Benzolam.gif","width":600,"height":600,"caption":"Benzolam"},{"@type":"BreadcrumbList","@id":"https:\/\/poudresdenarco.com\/produit\/benzolam\/#breadcrumb","itemListElement":[{"@type":"ListItem","position":1,"name":"Home","item":"https:\/\/poudresdenarco.com\/"},{"@type":"ListItem","position":2,"name":"Boutique","item":"https:\/\/poudresdenarco.com\/boutique\/"},{"@type":"ListItem","position":3,"name":"Benzolam"}]},{"@type":"WebSite","@id":"https:\/\/poudresdenarco.com\/#website","url":"https:\/\/poudresdenarco.com\/","name":"Poudresde Narco","description":"Acheter de la coca\u00efne et de l&#039;h\u00e9ro\u00efne en ligne","potentialAction":[{"@type":"SearchAction","target":{"@type":"EntryPoint","urlTemplate":"https:\/\/poudresdenarco.com\/?s={search_term_string}"},"query-input":{"@type":"PropertyValueSpecification","valueRequired":true,"valueName":"search_term_string"}}],"inLanguage":"pl-PL"}]}},"_links":{"self":[{"href":"https:\/\/poudresdenarco.com\/pl\/wp-json\/wp\/v2\/product\/6002","targetHints":{"allow":["GET"]}}],"collection":[{"href":"https:\/\/poudresdenarco.com\/pl\/wp-json\/wp\/v2\/product"}],"about":[{"href":"https:\/\/poudresdenarco.com\/pl\/wp-json\/wp\/v2\/types\/product"}],"replies":[{"embeddable":true,"href":"https:\/\/poudresdenarco.com\/pl\/wp-json\/wp\/v2\/comments?post=6002"}],"wp:featuredmedia":[{"embeddable":true,"href":"https:\/\/poudresdenarco.com\/pl\/wp-json\/wp\/v2\/media\/6181"}],"wp:attachment":[{"href":"https:\/\/poudresdenarco.com\/pl\/wp-json\/wp\/v2\/media?parent=6002"}],"wp:term":[{"taxonomy":"product_cat","embeddable":true,"href":"https:\/\/poudresdenarco.com\/pl\/wp-json\/wp\/v2\/product_cat?post=6002"},{"taxonomy":"product_tag","embeddable":true,"href":"https:\/\/poudresdenarco.com\/pl\/wp-json\/wp\/v2\/product_tag?post=6002"}],"curies":[{"name":"wp","href":"https:\/\/api.w.org\/{rel}","templated":true}]}}