{"id":6030,"date":"2024-10-16T11:32:29","date_gmt":"2024-10-16T11:32:29","guid":{"rendered":"https:\/\/poudresdenarco.com\/?post_type=product&#038;p=6030"},"modified":"2024-12-23T09:29:29","modified_gmt":"2024-12-23T09:29:29","slug":"alpha-pihp","status":"publish","type":"product","link":"https:\/\/poudresdenarco.com\/pl\/produkt\/alpha-pihp\/","title":{"rendered":"Alpha-Pihp"},"content":{"rendered":"<h2>Co to jest \u03b1-PHiP?<\/h2>\n<p>Kup<a href=\"https:\/\/poudresdenarco.com\/pl\/produkt\/alpha-pihp\/\">\u03b1-PHiP<\/a>czasami nazywany alfa-PHiP, jest strukturalnym izomerem swojej macierzystej cz\u0105steczki pirovaleronu i cz\u0142onkiem klasy katynon\u00f3w.<br \/>\nPonadto ma wiele podobie\u0144stw z innymi bardziej znanymi substancjami chemicznymi MDPV i A-PHP<a href=\"https:\/\/cokebricks.com\/es\/\">.<\/a><\/p>\n<p>Pomimo podobie\u0144stw strukturalnych do substancji, kt\u00f3re zosta\u0142y przetestowane i otrzyma\u0142y zielone \u015bwiat\u0142o dla spo\u017cycia przez ludzi, \u03b1-PHiP jest przeznaczony wy\u0142\u0105cznie do cel\u00f3w badawczych i nie powinien by\u0107 spo\u017cywany.<\/p>\n<p>W\u0142a\u015bciwo\u015bci chemiczne \u03b1-PHiP<\/p>\n<p>Wz\u00f3r chemiczny: C23H27N3O2<\/p>\n<p>Pe\u0142na nazwa: 4-fenylo-2-(pirolidyn-1-ylo)pentan-1-on<\/p>\n<p>Masa cz\u0105steczkowa: g\/mol<\/p>\n<p>Czysto\u015b\u0107 &gt; 98 %<\/p>\n<h3>Gdzie sprzedawany jest \u03b1-PHiP?<\/h3>\n<p><a href=\"https:\/\/poudresdenarco.com\/pl\/\">PowderDenarco<\/a>zaufany dostawca N1, oferuje laboratoryjnej jako\u015bci \u03b1-PHiP w postaci wysokiej jako\u015bci sproszkowanej soli. PoudresDenarco to najlepsze \u017ar\u00f3d\u0142o zakupu chemikali\u00f3w badawczych. Nale\u017cy pami\u0119ta\u0107, \u017ce aby zakupi\u0107 \u03b1-PHiP od PoudresDenarco, nale\u017cy mie\u0107 uko\u0144czone 18 lat. Wszystkie komercyjne chemikalia badawcze nie s\u0105 przeznaczone do spo\u017cycia przez ludzi i powinny by\u0107 u\u017cywane wy\u0142\u0105cznie do bada\u0144 i eksperyment\u00f3w laboratoryjnych.<\/p>\n<h4><strong>Kup wysokiej czysto\u015bci Alpha-PiHP do bada\u0144 - proszki narkotyczne<\/strong><\/h4>\n<p><strong>Proszki narkotyczne<\/strong> jest zaufanym \u017ar\u00f3d\u0142em <strong>Jako\u015b\u0107 bada\u0144 Alpha-PiHP<\/strong>zaprojektowany specjalnie dla <strong>naukowe zastosowania laboratoryjne<\/strong>. Nasz Alpha-PiHP jest produkowany zgodnie z rygorystycznymi standardami czysto\u015bci i jako\u015bci, oferuj\u0105c sp\u00f3jne wyniki dla naukowc\u00f3w zajmuj\u0105cych si\u0119 chemi\u0105 i farmakologi\u0105.<\/p>\n<h3>Dlaczego warto wybra\u0107 Alpha-PiHP od Poudres de Narco?<\/h3>\n<p>Jako <strong>dostawca Alpha-PiHP do cel\u00f3w badawczych<\/strong>, <strong>Proszki narkotyczne<\/strong> gwarantuje produkty spe\u0142niaj\u0105ce wymagania <strong>certyfikowane laboratoria<\/strong> :<\/p>\n<ul>\n<li><strong>Alpha-PiHP o wysokiej czysto\u015bci dla laboratori\u00f3w<\/strong> Ka\u017cda partia jest rygorystycznie testowana, aby zapewni\u0107 optymaln\u0105 czysto\u015b\u0107, kt\u00f3ra jest niezb\u0119dna dla <strong>Precyzyjne aplikacje naukowe<\/strong>.<\/li>\n<li><strong>Sta\u0142a, niezawodna jako\u015b\u0107<\/strong> Nasz Alpha-PiHP zosta\u0142 opracowany z my\u015bl\u0105 o stabilnym, niezawodnym dzia\u0142aniu, dostosowanym do potrzeb <strong>analityczne badania laboratoryjne<\/strong>.<\/li>\n<li><strong>Bezpieczne zamawianie online<\/strong> : <strong>Proszki narkotyczne<\/strong> oferuje uproszczony proces dla<strong>kupi\u0107 Alpha-PiHP online<\/strong>zapewnienie bezpiecze\u0144stwa i zgodno\u015bci dla specjalist\u00f3w ds. bada\u0144.<\/li>\n<\/ul>\n<h3>Aplikacje i instrukcje bezpiecze\u0144stwa<\/h3>\n<p>Le <strong>Alpha-PiHP do cel\u00f3w badawczych<\/strong> z <strong>Proszki narkotyczne<\/strong> jest przeznaczony dla <strong>zastosowania analityczne i badania naukowe<\/strong>. Zapewniamy zalecenia dotycz\u0105ce bezpiecze\u0144stwa dla optymalnego u\u017cytkowania:<\/p>\n<ul>\n<li><strong>Bezpieczne przechowywanie<\/strong> Przechowywa\u0107 Alpha-PiHP w ch\u0142odnym, suchym miejscu z dala od \u015bwiat\u0142a, aby zachowa\u0107 jego jako\u015b\u0107.<\/li>\n<li><strong>Obs\u0142uga z zachowaniem \u015brodk\u00f3w ostro\u017cno\u015bci<\/strong> W celu zapewnienia bezpiecze\u0144stwa nale\u017cy u\u017cywa\u0107 \u015brodk\u00f3w ochrony osobistej (PPE) i pracowa\u0107 w dobrze wentylowanym miejscu.<\/li>\n<li><strong>U\u017cycie zastrze\u017cone wy\u0142\u0105cznie do cel\u00f3w badawczych<\/strong> Ten produkt jest przeznaczony wy\u0142\u0105cznie dla certyfikowanych laboratori\u00f3w i wykwalifikowanych badaczy w kontrolowanych \u015brodowiskach.<\/li>\n<\/ul>\n<h3>Zam\u00f3w wysokiej czysto\u015bci Alpha-PiHP do bada\u0144 naukowych<\/h3>\n<p>Z <strong>Proszki narkotyczne<\/strong>korzystasz z <strong>niezawodne dostawy Alpha-PiHP do zastosowa\u0144 laboratoryjnych<\/strong>. Nasze standardy jako\u015bci i bezpiecze\u0144stwa sprawiaj\u0105, \u017ce <strong>Proszki narkotyczne<\/strong> zaufany wyb\u00f3r dla profesjonalist\u00f3w w dziedzinie bada\u0144. <strong>Skontaktuj si\u0119 z nami<\/strong> aby uzyska\u0107 wycen\u0119 lub dowiedzie\u0107 si\u0119 wi\u0119cej o naszej ofercie produkt\u00f3w o wysokiej czysto\u015bci do bada\u0144 naukowych.<\/p>","protected":false},"excerpt":{"rendered":"<p>Qu&rsquo;est-ce que l&rsquo;\u03b1-PHiP\u00a0? Acheter l&rsquo;\u03b1-PHiP, parfois appel\u00e9 alpha-PHiP, est un isom\u00e8re structurel de sa mol\u00e9cule m\u00e8re Pyrovalerone et un membre de la classe des cathinones. De plus, il partage de nombreuses similitudes avec les autres produits chimiques plus connus MDPV et A-PHP. Malgr\u00e9 des similitudes structurelles avec des substances qui ont subi des tests et&hellip;<\/p>","protected":false},"featured_media":6192,"comment_status":"open","ping_status":"closed","template":"","meta":{"_joinchat":[]},"product_cat":[558,751],"product_tag":[],"class_list":{"0":"post-6030","1":"product","2":"type-product","3":"status-publish","4":"has-post-thumbnail","6":"product_cat-chimiques-de-recherche","7":"product_cat-stimulants","9":"first","10":"instock","11":"shipping-taxable","12":"purchasable","13":"product-type-variable","14":"col-xs-6 col-sm-4","15":"col-md-3 col-lg-3","16":"un-4-cols"},"yoast_head":"<!-- This site is optimized with the Yoast SEO plugin v23.8 - https:\/\/yoast.com\/wordpress\/plugins\/seo\/ -->\n<title>Acheter Alpha-PiHP pour la Recherche | Poudres de Narco<\/title>\n<meta name=\"description\" content=\"Fournisseur de Alpha-PiHP pour applications scientifiques en laboratoire. Puret\u00e9 et s\u00e9curit\u00e9 garanties pour recherches avanc\u00e9es chez Poudres de Narco.\" \/>\n<meta name=\"robots\" content=\"index, follow, max-snippet:-1, max-image-preview:large, max-video-preview:-1\" \/>\n<link rel=\"canonical\" href=\"https:\/\/poudresdenarco.com\/pl\/produkt\/alpha-pihp\/\" \/>\n<meta property=\"og:locale\" content=\"pl_PL\" \/>\n<meta property=\"og:type\" content=\"article\" \/>\n<meta property=\"og:title\" content=\"Acheter Alpha-PiHP pour la Recherche | Poudres de Narco\" \/>\n<meta property=\"og:description\" content=\"Fournisseur de Alpha-PiHP pour applications scientifiques en laboratoire. Puret\u00e9 et s\u00e9curit\u00e9 garanties pour recherches avanc\u00e9es chez Poudres de Narco.\" \/>\n<meta property=\"og:url\" content=\"https:\/\/poudresdenarco.com\/pl\/produkt\/alpha-pihp\/\" \/>\n<meta property=\"og:site_name\" content=\"Poudresde Narco\" \/>\n<meta property=\"article:modified_time\" content=\"2024-12-23T09:29:29+00:00\" \/>\n<meta property=\"og:image\" content=\"https:\/\/poudresdenarco.com\/wp-content\/uploads\/2024\/10\/Alpha-Pihp.gif\" \/>\n\t<meta property=\"og:image:width\" content=\"600\" \/>\n\t<meta property=\"og:image:height\" content=\"600\" \/>\n\t<meta property=\"og:image:type\" content=\"image\/gif\" \/>\n<meta name=\"twitter:card\" content=\"summary_large_image\" \/>\n<meta name=\"twitter:label1\" content=\"Szacowany czas czytania\" \/>\n\t<meta name=\"twitter:data1\" content=\"3 minuty\" \/>\n<script type=\"application\/ld+json\" class=\"yoast-schema-graph\">{\"@context\":\"https:\/\/schema.org\",\"@graph\":[{\"@type\":\"WebPage\",\"@id\":\"https:\/\/poudresdenarco.com\/produit\/alpha-pihp\/\",\"url\":\"https:\/\/poudresdenarco.com\/produit\/alpha-pihp\/\",\"name\":\"Acheter Alpha-PiHP pour la Recherche | Poudres de Narco\",\"isPartOf\":{\"@id\":\"https:\/\/poudresdenarco.com\/#website\"},\"primaryImageOfPage\":{\"@id\":\"https:\/\/poudresdenarco.com\/produit\/alpha-pihp\/#primaryimage\"},\"image\":{\"@id\":\"https:\/\/poudresdenarco.com\/produit\/alpha-pihp\/#primaryimage\"},\"thumbnailUrl\":\"https:\/\/poudresdenarco.com\/wp-content\/uploads\/2024\/10\/Alpha-Pihp.gif\",\"datePublished\":\"2024-10-16T11:32:29+00:00\",\"dateModified\":\"2024-12-23T09:29:29+00:00\",\"description\":\"Fournisseur de Alpha-PiHP pour applications scientifiques en laboratoire. Puret\u00e9 et s\u00e9curit\u00e9 garanties pour recherches avanc\u00e9es chez Poudres de Narco.\",\"breadcrumb\":{\"@id\":\"https:\/\/poudresdenarco.com\/produit\/alpha-pihp\/#breadcrumb\"},\"inLanguage\":\"pl-PL\",\"potentialAction\":[{\"@type\":\"ReadAction\",\"target\":[\"https:\/\/poudresdenarco.com\/produit\/alpha-pihp\/\"]}]},{\"@type\":\"ImageObject\",\"inLanguage\":\"pl-PL\",\"@id\":\"https:\/\/poudresdenarco.com\/produit\/alpha-pihp\/#primaryimage\",\"url\":\"https:\/\/poudresdenarco.com\/wp-content\/uploads\/2024\/10\/Alpha-Pihp.gif\",\"contentUrl\":\"https:\/\/poudresdenarco.com\/wp-content\/uploads\/2024\/10\/Alpha-Pihp.gif\",\"width\":600,\"height\":600,\"caption\":\"Alpha-Pihp\"},{\"@type\":\"BreadcrumbList\",\"@id\":\"https:\/\/poudresdenarco.com\/produit\/alpha-pihp\/#breadcrumb\",\"itemListElement\":[{\"@type\":\"ListItem\",\"position\":1,\"name\":\"Home\",\"item\":\"https:\/\/poudresdenarco.com\/\"},{\"@type\":\"ListItem\",\"position\":2,\"name\":\"Boutique\",\"item\":\"https:\/\/poudresdenarco.com\/boutique\/\"},{\"@type\":\"ListItem\",\"position\":3,\"name\":\"Alpha-Pihp\"}]},{\"@type\":\"WebSite\",\"@id\":\"https:\/\/poudresdenarco.com\/#website\",\"url\":\"https:\/\/poudresdenarco.com\/\",\"name\":\"Poudresde Narco\",\"description\":\"Acheter de la coca\u00efne et de l&#039;h\u00e9ro\u00efne en ligne\",\"potentialAction\":[{\"@type\":\"SearchAction\",\"target\":{\"@type\":\"EntryPoint\",\"urlTemplate\":\"https:\/\/poudresdenarco.com\/?s={search_term_string}\"},\"query-input\":{\"@type\":\"PropertyValueSpecification\",\"valueRequired\":true,\"valueName\":\"search_term_string\"}}],\"inLanguage\":\"pl-PL\"}]}<\/script>\n<!-- \/ Yoast SEO plugin. -->","yoast_head_json":{"title":"Acheter Alpha-PiHP pour la Recherche | Poudres de Narco","description":"Fournisseur de Alpha-PiHP pour applications scientifiques en laboratoire. Puret\u00e9 et s\u00e9curit\u00e9 garanties pour recherches avanc\u00e9es chez Poudres de Narco.","robots":{"index":"index","follow":"follow","max-snippet":"max-snippet:-1","max-image-preview":"max-image-preview:large","max-video-preview":"max-video-preview:-1"},"canonical":"https:\/\/poudresdenarco.com\/pl\/produkt\/alpha-pihp\/","og_locale":"pl_PL","og_type":"article","og_title":"Acheter Alpha-PiHP pour la Recherche | Poudres de Narco","og_description":"Fournisseur de Alpha-PiHP pour applications scientifiques en laboratoire. Puret\u00e9 et s\u00e9curit\u00e9 garanties pour recherches avanc\u00e9es chez Poudres de Narco.","og_url":"https:\/\/poudresdenarco.com\/pl\/produkt\/alpha-pihp\/","og_site_name":"Poudresde Narco","article_modified_time":"2024-12-23T09:29:29+00:00","og_image":[{"width":600,"height":600,"url":"https:\/\/poudresdenarco.com\/wp-content\/uploads\/2024\/10\/Alpha-Pihp.gif","type":"image\/gif"}],"twitter_card":"summary_large_image","twitter_misc":{"Szacowany czas czytania":"3 minuty"},"schema":{"@context":"https:\/\/schema.org","@graph":[{"@type":"WebPage","@id":"https:\/\/poudresdenarco.com\/produit\/alpha-pihp\/","url":"https:\/\/poudresdenarco.com\/produit\/alpha-pihp\/","name":"Acheter Alpha-PiHP pour la Recherche | Poudres de Narco","isPartOf":{"@id":"https:\/\/poudresdenarco.com\/#website"},"primaryImageOfPage":{"@id":"https:\/\/poudresdenarco.com\/produit\/alpha-pihp\/#primaryimage"},"image":{"@id":"https:\/\/poudresdenarco.com\/produit\/alpha-pihp\/#primaryimage"},"thumbnailUrl":"https:\/\/poudresdenarco.com\/wp-content\/uploads\/2024\/10\/Alpha-Pihp.gif","datePublished":"2024-10-16T11:32:29+00:00","dateModified":"2024-12-23T09:29:29+00:00","description":"Fournisseur de Alpha-PiHP pour applications scientifiques en laboratoire. Puret\u00e9 et s\u00e9curit\u00e9 garanties pour recherches avanc\u00e9es chez Poudres de Narco.","breadcrumb":{"@id":"https:\/\/poudresdenarco.com\/produit\/alpha-pihp\/#breadcrumb"},"inLanguage":"pl-PL","potentialAction":[{"@type":"ReadAction","target":["https:\/\/poudresdenarco.com\/produit\/alpha-pihp\/"]}]},{"@type":"ImageObject","inLanguage":"pl-PL","@id":"https:\/\/poudresdenarco.com\/produit\/alpha-pihp\/#primaryimage","url":"https:\/\/poudresdenarco.com\/wp-content\/uploads\/2024\/10\/Alpha-Pihp.gif","contentUrl":"https:\/\/poudresdenarco.com\/wp-content\/uploads\/2024\/10\/Alpha-Pihp.gif","width":600,"height":600,"caption":"Alpha-Pihp"},{"@type":"BreadcrumbList","@id":"https:\/\/poudresdenarco.com\/produit\/alpha-pihp\/#breadcrumb","itemListElement":[{"@type":"ListItem","position":1,"name":"Home","item":"https:\/\/poudresdenarco.com\/"},{"@type":"ListItem","position":2,"name":"Boutique","item":"https:\/\/poudresdenarco.com\/boutique\/"},{"@type":"ListItem","position":3,"name":"Alpha-Pihp"}]},{"@type":"WebSite","@id":"https:\/\/poudresdenarco.com\/#website","url":"https:\/\/poudresdenarco.com\/","name":"Poudresde Narco","description":"Acheter de la coca\u00efne et de l&#039;h\u00e9ro\u00efne en ligne","potentialAction":[{"@type":"SearchAction","target":{"@type":"EntryPoint","urlTemplate":"https:\/\/poudresdenarco.com\/?s={search_term_string}"},"query-input":{"@type":"PropertyValueSpecification","valueRequired":true,"valueName":"search_term_string"}}],"inLanguage":"pl-PL"}]}},"_links":{"self":[{"href":"https:\/\/poudresdenarco.com\/pl\/wp-json\/wp\/v2\/product\/6030","targetHints":{"allow":["GET"]}}],"collection":[{"href":"https:\/\/poudresdenarco.com\/pl\/wp-json\/wp\/v2\/product"}],"about":[{"href":"https:\/\/poudresdenarco.com\/pl\/wp-json\/wp\/v2\/types\/product"}],"replies":[{"embeddable":true,"href":"https:\/\/poudresdenarco.com\/pl\/wp-json\/wp\/v2\/comments?post=6030"}],"wp:featuredmedia":[{"embeddable":true,"href":"https:\/\/poudresdenarco.com\/pl\/wp-json\/wp\/v2\/media\/6192"}],"wp:attachment":[{"href":"https:\/\/poudresdenarco.com\/pl\/wp-json\/wp\/v2\/media?parent=6030"}],"wp:term":[{"taxonomy":"product_cat","embeddable":true,"href":"https:\/\/poudresdenarco.com\/pl\/wp-json\/wp\/v2\/product_cat?post=6030"},{"taxonomy":"product_tag","embeddable":true,"href":"https:\/\/poudresdenarco.com\/pl\/wp-json\/wp\/v2\/product_tag?post=6030"}],"curies":[{"name":"wp","href":"https:\/\/api.w.org\/{rel}","templated":true}]}}