{"id":6039,"date":"2024-10-16T11:32:30","date_gmt":"2024-10-16T11:32:30","guid":{"rendered":"https:\/\/poudresdenarco.com\/?post_type=product&#038;p=6039"},"modified":"2024-11-04T08:24:32","modified_gmt":"2024-11-04T08:24:32","slug":"o-dsmt-destramadol","status":"publish","type":"product","link":"https:\/\/poudresdenarco.com\/pl\/produkt\/o-dsmt-destramadol\/","title":{"rendered":"O-DSMT [Destramadol]"},"content":{"rendered":"<h2>Kup O-DSMT [Destramadol] online<\/h2>\n<p>L'<a href=\"https:\/\/poudresdenarco.com\/pl\/produkt\/o-dsmt-destramadol\/\">O-Desmetylotramadol (O-DSMT)<\/a> jest opioidem, kt\u00f3ry by\u0142 stosowany g\u0142\u00f3wnie po\u015brednio, poniewa\u017c jest g\u0142\u00f3wnym metabolitem przeciwb\u00f3lowego tramadolu. Od 2010 roku jest czasami u\u017cywany samodzielnie, poniewa\u017c jest sprzedawany na szarym rynku \/ rynku chemicznym do bada\u0144 Kup O-DSMT (Destramadol) .<\/p>\n<p>Ma d\u0142u\u017cszy czas dzia\u0142ania ni\u017c tramadol i bardziej typowe dzia\u0142anie opioidowe, chocia\u017c nadal ma wp\u0142yw na uk\u0142ady monoaminergiczne w stopniu, kt\u00f3ry mo\u017ce nieco wp\u0142ywa\u0107 na profil dzia\u0142ania. <a href=\"https:\/\/poudresdenarco.com\/pl\/\">PowderDenarco<\/a><\/p>\n<p>O-Desmetylotramadol = O-DSMT ; Desmetramadol ; <a href=\"https:\/\/en.wikipedia.org\/?title=O-Desmethyltramadol&amp;redirect=no\">O-demetylotramadol<\/a><\/p>\n<p>PubChem : 9838803<\/p>\n<p>Masa cz\u0105steczkowa: 249,354 g\/mol<\/p>\n<p>IUPAC: 3-[2-[(dimetyloamino)metylo]-1-hydroksycykloheksylo]fenol<\/p>\n<h3><strong>Kup wysokiej czysto\u015bci O-DSMT (Destramadol) do bada\u0144 - Proszki narkotyczne<\/strong><\/h3>\n<p><strong>Proszki narkotyczne<\/strong> jest zaufanym \u017ar\u00f3d\u0142em<strong>O-DSMT (Destramadol) o jako\u015bci badawczej<\/strong>zaprojektowany wy\u0142\u0105cznie dla <strong>naukowe zastosowania laboratoryjne<\/strong>. Nasz O-DSMT jest produkowany zgodnie z rygorystycznymi standardami czysto\u015bci i jako\u015bci, zapewniaj\u0105c wiarygodne wyniki dla badaczy farmakologicznych i chemicznych.<\/p>\n<h3>Dlaczego warto wybra\u0107 O-DSMT (Destramadol) od Narco Powders?<\/h3>\n<p>Jako <strong>Dostawca O-DSMT na potrzeby bada\u0144<\/strong>, <strong>Proszki narkotyczne<\/strong> gwarantuje produkty zgodne z <strong>certyfikowane laboratoria<\/strong> :<\/p>\n<ul>\n<li><strong>O-DSMT o wysokiej czysto\u015bci dla laboratori\u00f3w<\/strong> Ka\u017cda partia jest rygorystycznie testowana, aby zapewni\u0107 maksymaln\u0105 czysto\u015b\u0107, kt\u00f3ra jest niezb\u0119dna dla <strong>precyzyjne aplikacje naukowe<\/strong>.<\/li>\n<li><strong>Sta\u0142a, niezawodna jako\u015b\u0107<\/strong> Nasz O-DSMT zosta\u0142 opracowany z my\u015bl\u0105 o stabilnej wydajno\u015bci, dostosowanej do <strong>analityczne badania laboratoryjne<\/strong>.<\/li>\n<li><strong>Bezpieczne zamawianie online<\/strong> : <strong>Proszki narkotyczne<\/strong> upraszcza<strong>kupi\u0107 O-DSMT online<\/strong> oferuj\u0105c bezpieczny proces, kt\u00f3ry spe\u0142nia wymagania specjalist\u00f3w ds. bada\u0144.<\/li>\n<\/ul>\n<h3>Aplikacje i instrukcje bezpiecze\u0144stwa<\/h3>\n<p>L'<strong>O-DSMT dla bada\u0144<\/strong> z <strong>Proszki narkotyczne<\/strong> jest przeznaczony dla <strong>zastosowania analityczne i badania naukowe<\/strong>. Zapewniamy zalecenia dotycz\u0105ce bezpiecze\u0144stwa, aby zapewni\u0107 prawid\u0142owe i bezpieczne u\u017cytkowanie:<\/p>\n<ul>\n<li><strong>Bezpieczne przechowywanie<\/strong> Przechowywa\u0107 O-DSMT w ch\u0142odnym, suchym miejscu z dala od \u015bwiat\u0142a.<\/li>\n<li><strong>Obs\u0142uga z zachowaniem \u015brodk\u00f3w ostro\u017cno\u015bci<\/strong> Stosowa\u0107 \u015brodki ochrony indywidualnej (PPE) i pracowa\u0107 w dobrze wentylowanym miejscu.<\/li>\n<li><strong>U\u017cycie zastrze\u017cone wy\u0142\u0105cznie do cel\u00f3w badawczych<\/strong> Ten produkt jest przeznaczony wy\u0142\u0105cznie dla wykwalifikowanych badaczy i certyfikowanych laboratori\u00f3w.<\/li>\n<\/ul>\n<h3>Zam\u00f3w O-DSMT (Destramadol) o wysokiej czysto\u015bci do swoich bada\u0144 naukowych<\/h3>\n<p>Z <strong>Proszki narkotyczne<\/strong>korzystasz z <strong>Niezawodne dostawy O-DSMT do zastosowa\u0144 laboratoryjnych<\/strong>. Nasze wysokie standardy jako\u015bci i bezpiecze\u0144stwa oznaczaj\u0105, \u017ce <strong>Proszki narkotyczne<\/strong> idealny wyb\u00f3r dla profesjonalist\u00f3w zajmuj\u0105cych si\u0119 badaniami naukowymi. <strong>Skontaktuj si\u0119 z nami<\/strong> aby uzyska\u0107 wycen\u0119 lub dowiedzie\u0107 si\u0119 wi\u0119cej o naszej ofercie produkt\u00f3w o wysokiej czysto\u015bci Kup O-DSMT (Destramadol) .<\/p>","protected":false},"excerpt":{"rendered":"<p>Acheter O-DSMT [Destramadol] en ligne L&rsquo;O-Desmethyltramadol (O-DSMT) est un opio\u00efde qui a \u00e9t\u00e9 principalement utilis\u00e9 indirectement car il est un m\u00e9tabolite principal de l&rsquo;analg\u00e9sique tramadol. Depuis les ann\u00e9es 2010, il est parfois utilis\u00e9 seul car il est vendu sur le march\u00e9 gris\/march\u00e9 des produits chimiques de recherche Acheter O-DSMT (Destramadol) . Il a une dur\u00e9e&hellip;<\/p>","protected":false},"featured_media":6193,"comment_status":"open","ping_status":"closed","template":"","meta":{"_joinchat":[]},"product_cat":[558],"product_tag":[],"class_list":{"0":"post-6039","1":"product","2":"type-product","3":"status-publish","4":"has-post-thumbnail","6":"product_cat-chimiques-de-recherche","8":"first","9":"instock","10":"shipping-taxable","11":"purchasable","12":"product-type-variable","13":"col-xs-6 col-sm-4","14":"col-md-3 col-lg-3","15":"un-4-cols"},"yoast_head":"<!-- This site is optimized with the Yoast SEO plugin v23.8 - https:\/\/yoast.com\/wordpress\/plugins\/seo\/ -->\n<title>Acheter O-DSMT (Destramadol) Poudres de Narco<\/title>\n<meta name=\"description\" content=\"Fournisseur d&#039;O-DSMT (Destramadol) pour applications scientifiques en laboratoire. Puret\u00e9 et s\u00e9curit\u00e9 garanties pour recherches avanc\u00e9es chez Poudres de Narco. Acheter O-DSMT (Destramadol)\" \/>\n<meta name=\"robots\" content=\"index, follow, max-snippet:-1, max-image-preview:large, max-video-preview:-1\" \/>\n<link rel=\"canonical\" href=\"https:\/\/poudresdenarco.com\/pl\/produkt\/o-dsmt-destramadol\/\" \/>\n<meta property=\"og:locale\" content=\"pl_PL\" \/>\n<meta property=\"og:type\" content=\"article\" \/>\n<meta property=\"og:title\" content=\"Acheter O-DSMT (Destramadol) Poudres de Narco\" \/>\n<meta property=\"og:description\" content=\"Fournisseur d&#039;O-DSMT (Destramadol) pour applications scientifiques en laboratoire. Puret\u00e9 et s\u00e9curit\u00e9 garanties pour recherches avanc\u00e9es chez Poudres de Narco. Acheter O-DSMT (Destramadol)\" \/>\n<meta property=\"og:url\" content=\"https:\/\/poudresdenarco.com\/pl\/produkt\/o-dsmt-destramadol\/\" \/>\n<meta property=\"og:site_name\" content=\"Poudresde Narco\" \/>\n<meta property=\"article:modified_time\" content=\"2024-11-04T08:24:32+00:00\" \/>\n<meta property=\"og:image\" content=\"https:\/\/poudresdenarco.com\/wp-content\/uploads\/2024\/10\/O-DSMTDestramadol.gif\" \/>\n\t<meta property=\"og:image:width\" content=\"600\" \/>\n\t<meta property=\"og:image:height\" content=\"600\" \/>\n\t<meta property=\"og:image:type\" content=\"image\/gif\" \/>\n<meta name=\"twitter:card\" content=\"summary_large_image\" \/>\n<meta name=\"twitter:label1\" content=\"Szacowany czas czytania\" \/>\n\t<meta name=\"twitter:data1\" content=\"3 minuty\" \/>\n<script type=\"application\/ld+json\" class=\"yoast-schema-graph\">{\"@context\":\"https:\/\/schema.org\",\"@graph\":[{\"@type\":\"WebPage\",\"@id\":\"https:\/\/poudresdenarco.com\/produit\/o-dsmt-destramadol\/\",\"url\":\"https:\/\/poudresdenarco.com\/produit\/o-dsmt-destramadol\/\",\"name\":\"Acheter O-DSMT (Destramadol) Poudres de Narco\",\"isPartOf\":{\"@id\":\"https:\/\/poudresdenarco.com\/#website\"},\"primaryImageOfPage\":{\"@id\":\"https:\/\/poudresdenarco.com\/produit\/o-dsmt-destramadol\/#primaryimage\"},\"image\":{\"@id\":\"https:\/\/poudresdenarco.com\/produit\/o-dsmt-destramadol\/#primaryimage\"},\"thumbnailUrl\":\"https:\/\/poudresdenarco.com\/wp-content\/uploads\/2024\/10\/O-DSMTDestramadol.gif\",\"datePublished\":\"2024-10-16T11:32:30+00:00\",\"dateModified\":\"2024-11-04T08:24:32+00:00\",\"description\":\"Fournisseur d'O-DSMT (Destramadol) pour applications scientifiques en laboratoire. Puret\u00e9 et s\u00e9curit\u00e9 garanties pour recherches avanc\u00e9es chez Poudres de Narco. Acheter O-DSMT (Destramadol)\",\"breadcrumb\":{\"@id\":\"https:\/\/poudresdenarco.com\/produit\/o-dsmt-destramadol\/#breadcrumb\"},\"inLanguage\":\"pl-PL\",\"potentialAction\":[{\"@type\":\"ReadAction\",\"target\":[\"https:\/\/poudresdenarco.com\/produit\/o-dsmt-destramadol\/\"]}]},{\"@type\":\"ImageObject\",\"inLanguage\":\"pl-PL\",\"@id\":\"https:\/\/poudresdenarco.com\/produit\/o-dsmt-destramadol\/#primaryimage\",\"url\":\"https:\/\/poudresdenarco.com\/wp-content\/uploads\/2024\/10\/O-DSMTDestramadol.gif\",\"contentUrl\":\"https:\/\/poudresdenarco.com\/wp-content\/uploads\/2024\/10\/O-DSMTDestramadol.gif\",\"width\":600,\"height\":600,\"caption\":\"O-DSMT[Destramadol]\"},{\"@type\":\"BreadcrumbList\",\"@id\":\"https:\/\/poudresdenarco.com\/produit\/o-dsmt-destramadol\/#breadcrumb\",\"itemListElement\":[{\"@type\":\"ListItem\",\"position\":1,\"name\":\"Home\",\"item\":\"https:\/\/poudresdenarco.com\/\"},{\"@type\":\"ListItem\",\"position\":2,\"name\":\"Boutique\",\"item\":\"https:\/\/poudresdenarco.com\/boutique\/\"},{\"@type\":\"ListItem\",\"position\":3,\"name\":\"O-DSMT [Destramadol]\"}]},{\"@type\":\"WebSite\",\"@id\":\"https:\/\/poudresdenarco.com\/#website\",\"url\":\"https:\/\/poudresdenarco.com\/\",\"name\":\"Poudresde Narco\",\"description\":\"Acheter de la coca\u00efne et de l&#039;h\u00e9ro\u00efne en ligne\",\"potentialAction\":[{\"@type\":\"SearchAction\",\"target\":{\"@type\":\"EntryPoint\",\"urlTemplate\":\"https:\/\/poudresdenarco.com\/?s={search_term_string}\"},\"query-input\":{\"@type\":\"PropertyValueSpecification\",\"valueRequired\":true,\"valueName\":\"search_term_string\"}}],\"inLanguage\":\"pl-PL\"}]}<\/script>\n<!-- \/ Yoast SEO plugin. -->","yoast_head_json":{"title":"Acheter O-DSMT (Destramadol) Poudres de Narco","description":"Fournisseur d'O-DSMT (Destramadol) pour applications scientifiques en laboratoire. Puret\u00e9 et s\u00e9curit\u00e9 garanties pour recherches avanc\u00e9es chez Poudres de Narco. Acheter O-DSMT (Destramadol)","robots":{"index":"index","follow":"follow","max-snippet":"max-snippet:-1","max-image-preview":"max-image-preview:large","max-video-preview":"max-video-preview:-1"},"canonical":"https:\/\/poudresdenarco.com\/pl\/produkt\/o-dsmt-destramadol\/","og_locale":"pl_PL","og_type":"article","og_title":"Acheter O-DSMT (Destramadol) Poudres de Narco","og_description":"Fournisseur d'O-DSMT (Destramadol) pour applications scientifiques en laboratoire. Puret\u00e9 et s\u00e9curit\u00e9 garanties pour recherches avanc\u00e9es chez Poudres de Narco. Acheter O-DSMT (Destramadol)","og_url":"https:\/\/poudresdenarco.com\/pl\/produkt\/o-dsmt-destramadol\/","og_site_name":"Poudresde Narco","article_modified_time":"2024-11-04T08:24:32+00:00","og_image":[{"width":600,"height":600,"url":"https:\/\/poudresdenarco.com\/wp-content\/uploads\/2024\/10\/O-DSMTDestramadol.gif","type":"image\/gif"}],"twitter_card":"summary_large_image","twitter_misc":{"Szacowany czas czytania":"3 minuty"},"schema":{"@context":"https:\/\/schema.org","@graph":[{"@type":"WebPage","@id":"https:\/\/poudresdenarco.com\/produit\/o-dsmt-destramadol\/","url":"https:\/\/poudresdenarco.com\/produit\/o-dsmt-destramadol\/","name":"Acheter O-DSMT (Destramadol) Poudres de Narco","isPartOf":{"@id":"https:\/\/poudresdenarco.com\/#website"},"primaryImageOfPage":{"@id":"https:\/\/poudresdenarco.com\/produit\/o-dsmt-destramadol\/#primaryimage"},"image":{"@id":"https:\/\/poudresdenarco.com\/produit\/o-dsmt-destramadol\/#primaryimage"},"thumbnailUrl":"https:\/\/poudresdenarco.com\/wp-content\/uploads\/2024\/10\/O-DSMTDestramadol.gif","datePublished":"2024-10-16T11:32:30+00:00","dateModified":"2024-11-04T08:24:32+00:00","description":"Fournisseur d'O-DSMT (Destramadol) pour applications scientifiques en laboratoire. Puret\u00e9 et s\u00e9curit\u00e9 garanties pour recherches avanc\u00e9es chez Poudres de Narco. Acheter O-DSMT (Destramadol)","breadcrumb":{"@id":"https:\/\/poudresdenarco.com\/produit\/o-dsmt-destramadol\/#breadcrumb"},"inLanguage":"pl-PL","potentialAction":[{"@type":"ReadAction","target":["https:\/\/poudresdenarco.com\/produit\/o-dsmt-destramadol\/"]}]},{"@type":"ImageObject","inLanguage":"pl-PL","@id":"https:\/\/poudresdenarco.com\/produit\/o-dsmt-destramadol\/#primaryimage","url":"https:\/\/poudresdenarco.com\/wp-content\/uploads\/2024\/10\/O-DSMTDestramadol.gif","contentUrl":"https:\/\/poudresdenarco.com\/wp-content\/uploads\/2024\/10\/O-DSMTDestramadol.gif","width":600,"height":600,"caption":"O-DSMT[Destramadol]"},{"@type":"BreadcrumbList","@id":"https:\/\/poudresdenarco.com\/produit\/o-dsmt-destramadol\/#breadcrumb","itemListElement":[{"@type":"ListItem","position":1,"name":"Home","item":"https:\/\/poudresdenarco.com\/"},{"@type":"ListItem","position":2,"name":"Boutique","item":"https:\/\/poudresdenarco.com\/boutique\/"},{"@type":"ListItem","position":3,"name":"O-DSMT [Destramadol]"}]},{"@type":"WebSite","@id":"https:\/\/poudresdenarco.com\/#website","url":"https:\/\/poudresdenarco.com\/","name":"Poudresde Narco","description":"Acheter de la coca\u00efne et de l&#039;h\u00e9ro\u00efne en ligne","potentialAction":[{"@type":"SearchAction","target":{"@type":"EntryPoint","urlTemplate":"https:\/\/poudresdenarco.com\/?s={search_term_string}"},"query-input":{"@type":"PropertyValueSpecification","valueRequired":true,"valueName":"search_term_string"}}],"inLanguage":"pl-PL"}]}},"_links":{"self":[{"href":"https:\/\/poudresdenarco.com\/pl\/wp-json\/wp\/v2\/product\/6039","targetHints":{"allow":["GET"]}}],"collection":[{"href":"https:\/\/poudresdenarco.com\/pl\/wp-json\/wp\/v2\/product"}],"about":[{"href":"https:\/\/poudresdenarco.com\/pl\/wp-json\/wp\/v2\/types\/product"}],"replies":[{"embeddable":true,"href":"https:\/\/poudresdenarco.com\/pl\/wp-json\/wp\/v2\/comments?post=6039"}],"wp:featuredmedia":[{"embeddable":true,"href":"https:\/\/poudresdenarco.com\/pl\/wp-json\/wp\/v2\/media\/6193"}],"wp:attachment":[{"href":"https:\/\/poudresdenarco.com\/pl\/wp-json\/wp\/v2\/media?parent=6039"}],"wp:term":[{"taxonomy":"product_cat","embeddable":true,"href":"https:\/\/poudresdenarco.com\/pl\/wp-json\/wp\/v2\/product_cat?post=6039"},{"taxonomy":"product_tag","embeddable":true,"href":"https:\/\/poudresdenarco.com\/pl\/wp-json\/wp\/v2\/product_tag?post=6039"}],"curies":[{"name":"wp","href":"https:\/\/api.w.org\/{rel}","templated":true}]}}