{"id":6044,"date":"2024-10-16T11:32:31","date_gmt":"2024-10-16T11:32:31","guid":{"rendered":"https:\/\/poudresdenarco.com\/?post_type=product&#038;p=6044"},"modified":"2026-01-23T08:05:46","modified_gmt":"2026-01-23T08:05:46","slug":"mdphp-free-base","status":"publish","type":"product","link":"https:\/\/poudresdenarco.com\/pl\/produkt\/mdphp-free-base\/","title":{"rendered":"Mdphp free-base"},"content":{"rendered":"<h2>Kup MDPHP Free-Base online<\/h2>\n<p>Kup <a href=\"https:\/\/poudresdenarco.com\/pl\/produkt\/mdphp-free-base\/\">MDPHP<\/a> jest bliskim krewnym bardziej znanego stymulanta, MDPV, kt\u00f3ry zosta\u0142 pierwotnie opracowany przez niemieck\u0105 firm\u0119 farmaceutyczn\u0105 w latach 60.<a href=\"https:\/\/cokebricks.com\/de\/produkt\/etizolam\/\">.<\/a><\/p>\n<p>Znany r\u00f3wnie\u017c jako (3\u2032,4\u2032-metylenodioksy-\u03b1-pirolidynoheksiofenon) lub \"Monkey Dust\", MDPHP dzia\u0142a jako inhibitor wychwytu zwrotnego noradrenaliny i dopaminy (NDRI), a w stanie chlorowodorku (HCL) przypomina bardzo drobny krystaliczny proszek. Znaczna ilo\u015b\u0107 informacji na temat MDPHP i jego efekt\u00f3w jest zg\u0142aszana w badaniach znalezionych na r\u00f3\u017cnych forach internetowych i badaniach naukowych, jednak jej przysz\u0142a legalno\u015b\u0107 i ewentualne w\u0142\u0105czenie do prawa opiumowego pozostaje niejasne. Na razie pozostaje on legalny w du\u017cej cz\u0119\u015bci Europy, wi\u0119c w Chemical Planet z przyjemno\u015bci\u0105 oferujemy proszek MDPHP klasy laboratoryjnej do cel\u00f3w badawczych. Wi\u0119cej informacji technicznych znajduje si\u0119 poni\u017cej!<\/p>\n<p>Nazwa IUPAC: 3\u2032,4\u2032-metylenodioksy-\u03b1-pirolidynoheksiofenon<\/p>\n<p>Numer CAS: 776994-64-0<\/p>\n<p>Kszta\u0142t: wolna podstawa<\/p>\n<p>Analiza NMR: C17H23NO3<\/p>\n<p>\u015arodki bezpiecze\u0144stwa<\/p>\n<p>Podczas pracy z proszkiem MDPHP w laboratorium zaleca si\u0119 stosowanie r\u0119kawic, okular\u00f3w ochronnych i masek oddechowych; jest to drobny proszek, kt\u00f3ry mo\u017ce \u0142atwo unie\u015b\u0107 si\u0119 w powietrzu i zosta\u0107 przypadkowo wdychany.<\/p>\n<p>W razie przypadkowego nara\u017cenia zaleca si\u0119 pokazanie etykiety produktu (zawieraj\u0105cej informacje IUPAC i CAS) pracownikom s\u0142u\u017cby zdrowia.<\/p>\n<p>Przypadkowy kontakt z oczami powinien by\u0107 natychmiast leczony poprzez przep\u0142ukanie du\u017c\u0105 ilo\u015bci\u0105 wody po wyj\u0119ciu soczewek kontaktowych.<\/p>\n<h3><strong>Kup MDPHP o wysokiej czysto\u015bci na wolnej bazie do bada\u0144 - proszki Narco<\/strong><\/h3>\n<p><strong>Proszki narkotyczne<\/strong> jest zaufanym dostawc\u0105 <strong>Badania jako\u015bci MDPHP Free-Base<\/strong>specjalnie zaprojektowany dla <strong>naukowe zastosowania laboratoryjne<\/strong>. Nasza wolna baza MDPHP jest produkowana zgodnie z surowymi normami czysto\u015bci i jako\u015bci, gwarantuj\u0105c wiarygodne wyniki dla naukowc\u00f3w zajmuj\u0105cych si\u0119 chemi\u0105 i farmakologi\u0105, Kup woln\u0105 baz\u0119 MDPHP.<\/p>\n<h3>Dlaczego warto wybra\u0107 MDPHP Free-Base de Poudres de Narco?<\/h3>\n<p>Jako <strong>dostawca bezp\u0142atnej bazy MDPHP do cel\u00f3w badawczych<\/strong>, <strong>Proszki narkotyczne<\/strong> gwarantuje rygorystycznie przetestowane produkty, kt\u00f3re spe\u0142niaj\u0105 wymagania <strong>certyfikowane laboratoria<\/strong> :<\/p>\n<ul>\n<li><strong>Wolna zasada MDPHP o wysokiej czysto\u015bci dla laboratori\u00f3w<\/strong> Ka\u017cda partia jest rygorystycznie testowana, aby zagwarantowa\u0107 optymaln\u0105 czysto\u015b\u0107, kt\u00f3ra jest niezb\u0119dna dla <strong>precyzyjne aplikacje naukowe<\/strong>.<\/li>\n<li><strong>Sta\u0142a, niezawodna jako\u015b\u0107<\/strong> Nasza wolna baza MDPHP zosta\u0142a opracowana w celu zapewnienia stabilnej, niezawodnej wydajno\u015bci dla <strong>analityczne badania laboratoryjne<\/strong>.<\/li>\n<li><strong>Bezpieczne zamawianie online<\/strong> : <strong>Proszki narkotyczne<\/strong> oferuje bezpieczny i uproszczony proces dla<strong>kupi\u0107 MDPHP Free-Base online<\/strong>zapewnienie bezpiecze\u0144stwa i zgodno\u015bci dla specjalist\u00f3w ds. bada\u0144.<\/li>\n<\/ul>\n<h3>Aplikacje i instrukcje bezpiecze\u0144stwa<\/h3>\n<p>Le <strong>Bezp\u0142atna baza MDPHP do wyszukiwania<\/strong> z <strong>Proszki narkotyczne<\/strong> jest przeznaczony dla <strong>zastosowania analityczne i badania naukowe<\/strong>. Aby zapewni\u0107 bezpieczne i prawid\u0142owe u\u017cytkowanie, zapewniamy szczeg\u00f3\u0142owe instrukcje bezpiecze\u0144stwa:<\/p>\n<ul>\n<li><strong>Bezpieczne przechowywanie<\/strong> Przechowywa\u0107 MDPHP Free-Base w ch\u0142odnym, suchym miejscu z dala od \u015bwiat\u0142a, aby zachowa\u0107 jego jako\u015b\u0107.<\/li>\n<li><strong>Obs\u0142uga z zachowaniem \u015brodk\u00f3w ostro\u017cno\u015bci<\/strong> Nale\u017cy u\u017cywa\u0107 \u015brodk\u00f3w ochrony osobistej (PPE) i pracowa\u0107 w dobrze wentylowanym \u015brodowisku, aby zapewni\u0107 bezpiecze\u0144stwo.<\/li>\n<li><strong>U\u017cycie zastrze\u017cone wy\u0142\u0105cznie do cel\u00f3w badawczych<\/strong> Ten produkt jest przeznaczony wy\u0142\u0105cznie dla wykwalifikowanych badaczy i certyfikowanych laboratori\u00f3w.<\/li>\n<\/ul>\n<h3>Zam\u00f3w woln\u0105 baz\u0119 MDPHP o wysokiej czysto\u015bci do bada\u0144 naukowych<\/h3>\n<p>Z <strong>Proszki narkotyczne<\/strong>korzysta\u0107 z <strong>niezawodne dostawy MDPHP o wolnej bazie do zastosowa\u0144 laboratoryjnych<\/strong>. Nasze wysokie standardy jako\u015bci i bezpiecze\u0144stwa oznaczaj\u0105, \u017ce <strong>Proszki narkotyczne<\/strong> zaufany wyb\u00f3r dla profesjonalist\u00f3w w dziedzinie bada\u0144. <strong>Skontaktuj si\u0119 z nami<\/strong> aby uzyska\u0107 wycen\u0119 lub dowiedzie\u0107 si\u0119 wi\u0119cej o naszej ofercie produkt\u00f3w o wysokiej czysto\u015bci do bada\u0144 naukowych.<\/p>\n<hr \/>\n<h3>Gdzie mog\u0119 kupi\u0107 MDPHP?<\/h3>\n<p>Przy <a href=\"https:\/\/poudresdenarco.com\/pl\/\">PowderDenarco<\/a>Z dum\u0105 oferujemy najwy\u017cszej jako\u015bci MDPHP klasy laboratoryjnej. PoudresDenarco jest pierwsz\u0105 opcj\u0105 dla tych, kt\u00f3rzy chc\u0105 kupi\u0107 chemikalia badawcze. Rygorystycznie testujemy wszystkie nasze zapasy za pomoc\u0105 GC MS przed dopuszczeniem ich do sprzeda\u017cy.<\/p>\n<p>Pami\u0119taj, \u017ce aby dokona\u0107 zakupu, musisz mie\u0107 uko\u0144czone 18 lat. <a href=\"https:\/\/en.wikipedia.org\/wiki\/MDPHP\">MDPHP<\/a> od PoudresDenarco. Wszystkie sprzedawane chemikalia badawcze s\u0105 przeznaczone wy\u0142\u0105cznie do u\u017cytku w badaniach laboratoryjnych i nie s\u0105 przeznaczone do spo\u017cycia przez ludzi.<\/p>\n<h3>Czy MDPHP jest zgodne z prawem?<\/h3>\n<p>W odniesieniu do legalno\u015bci MDPHP zdecydowanie zalecamy zapoznanie si\u0119 z odpowiednimi przepisami obowi\u0105zuj\u0105cymi w kraju zamieszkania\/adresie dostawy.<\/p>\n<p>Robimy wszystko, co w naszej mocy, aby zminimalizowa\u0107 ryzyko dla naszych klient\u00f3w poprzez aktywne ograniczenia wysy\u0142ki.<\/p>\n<p>Niemniej jednak, przepisy na ca\u0142ym \u015bwiecie stale si\u0119 zmieniaj\u0105, a PoudresDenarco nie mo\u017ce przyj\u0105\u0107 odpowiedzialno\u015bci za jakiekolwiek komplikacje. Ostatecznie to nabywca jest odpowiedzialny za upewnienie si\u0119, \u017ce produkt nie narusza \u017cadnego prawa lub przepis\u00f3w obowi\u0105zuj\u0105cych w miejscu przeznaczenia przesy\u0142ki.<\/p>","protected":false},"excerpt":{"rendered":"<p>Acheter MDPHP Free-Base en ligne Acheter MDPHP est un proche parent d&rsquo;un stimulant plus connu, le MDPV, qui a \u00e9t\u00e9 d\u00e9velopp\u00e9 \u00e0 l&rsquo;origine par une soci\u00e9t\u00e9 pharmaceutique allemande dans les ann\u00e9es 1960 Acheter MDPHP Free-Bas. \u00c9galement connu sous le nom de (3&prime;,4&prime;-m\u00e9thyl\u00e8nedioxy-\u03b1-pyrrolidinohexioph\u00e9none) ou \u00ab Monkey Dust \u00bb, le MDPHP agit comme un inhibiteur de la&hellip;<\/p>","protected":false},"featured_media":6195,"comment_status":"open","ping_status":"closed","template":"","meta":{"_joinchat":[]},"product_cat":[558],"product_tag":[],"class_list":{"0":"post-6044","1":"product","2":"type-product","3":"status-publish","4":"has-post-thumbnail","6":"product_cat-chimiques-de-recherche","8":"first","9":"instock","10":"shipping-taxable","11":"purchasable","12":"product-type-variable","13":"col-xs-6 col-sm-4","14":"col-md-3 col-lg-3","15":"un-4-cols"},"yoast_head":"<!-- This site is optimized with the Yoast SEO plugin v23.8 - https:\/\/yoast.com\/wordpress\/plugins\/seo\/ -->\n<title>Acheter MDPHP Free-Base | Poudres de Narco<\/title>\n<meta name=\"description\" content=\"Fournisseur de MDPHP Free-Base pour applications scientifiques en laboratoire. Puret\u00e9 et s\u00e9curit\u00e9 garanties pour recherches avanc\u00e9es chez Poudres de Narco. Acheter MDPHP Free-Bas\" \/>\n<meta name=\"robots\" content=\"index, follow, max-snippet:-1, max-image-preview:large, max-video-preview:-1\" \/>\n<link rel=\"canonical\" href=\"https:\/\/poudresdenarco.com\/pl\/produkt\/mdphp-free-base\/\" \/>\n<meta property=\"og:locale\" content=\"pl_PL\" \/>\n<meta property=\"og:type\" content=\"article\" \/>\n<meta property=\"og:title\" content=\"Acheter MDPHP Free-Base | Poudres de Narco\" \/>\n<meta property=\"og:description\" content=\"Fournisseur de MDPHP Free-Base pour applications scientifiques en laboratoire. Puret\u00e9 et s\u00e9curit\u00e9 garanties pour recherches avanc\u00e9es chez Poudres de Narco. Acheter MDPHP Free-Bas\" \/>\n<meta property=\"og:url\" content=\"https:\/\/poudresdenarco.com\/pl\/produkt\/mdphp-free-base\/\" \/>\n<meta property=\"og:site_name\" content=\"Poudresde Narco\" \/>\n<meta property=\"article:modified_time\" content=\"2026-01-23T08:05:46+00:00\" \/>\n<meta property=\"og:image\" content=\"https:\/\/poudresdenarco.com\/wp-content\/uploads\/2024\/10\/Mdphp-free-base.gif\" \/>\n\t<meta property=\"og:image:width\" content=\"600\" \/>\n\t<meta property=\"og:image:height\" content=\"600\" \/>\n\t<meta property=\"og:image:type\" content=\"image\/gif\" \/>\n<meta name=\"twitter:card\" content=\"summary_large_image\" \/>\n<meta name=\"twitter:label1\" content=\"Szacowany czas czytania\" \/>\n\t<meta name=\"twitter:data1\" content=\"4 minuty\" \/>\n<script type=\"application\/ld+json\" class=\"yoast-schema-graph\">{\"@context\":\"https:\/\/schema.org\",\"@graph\":[{\"@type\":\"WebPage\",\"@id\":\"https:\/\/poudresdenarco.com\/produit\/mdphp-free-base\/\",\"url\":\"https:\/\/poudresdenarco.com\/produit\/mdphp-free-base\/\",\"name\":\"Acheter MDPHP Free-Base | Poudres de Narco\",\"isPartOf\":{\"@id\":\"https:\/\/poudresdenarco.com\/#website\"},\"primaryImageOfPage\":{\"@id\":\"https:\/\/poudresdenarco.com\/produit\/mdphp-free-base\/#primaryimage\"},\"image\":{\"@id\":\"https:\/\/poudresdenarco.com\/produit\/mdphp-free-base\/#primaryimage\"},\"thumbnailUrl\":\"https:\/\/poudresdenarco.com\/wp-content\/uploads\/2024\/10\/Mdphp-free-base.gif\",\"datePublished\":\"2024-10-16T11:32:31+00:00\",\"dateModified\":\"2026-01-23T08:05:46+00:00\",\"description\":\"Fournisseur de MDPHP Free-Base pour applications scientifiques en laboratoire. Puret\u00e9 et s\u00e9curit\u00e9 garanties pour recherches avanc\u00e9es chez Poudres de Narco. Acheter MDPHP Free-Bas\",\"breadcrumb\":{\"@id\":\"https:\/\/poudresdenarco.com\/produit\/mdphp-free-base\/#breadcrumb\"},\"inLanguage\":\"pl-PL\",\"potentialAction\":[{\"@type\":\"ReadAction\",\"target\":[\"https:\/\/poudresdenarco.com\/produit\/mdphp-free-base\/\"]}]},{\"@type\":\"ImageObject\",\"inLanguage\":\"pl-PL\",\"@id\":\"https:\/\/poudresdenarco.com\/produit\/mdphp-free-base\/#primaryimage\",\"url\":\"https:\/\/poudresdenarco.com\/wp-content\/uploads\/2024\/10\/Mdphp-free-base.gif\",\"contentUrl\":\"https:\/\/poudresdenarco.com\/wp-content\/uploads\/2024\/10\/Mdphp-free-base.gif\",\"width\":600,\"height\":600,\"caption\":\"Mdphp-free-base\"},{\"@type\":\"BreadcrumbList\",\"@id\":\"https:\/\/poudresdenarco.com\/produit\/mdphp-free-base\/#breadcrumb\",\"itemListElement\":[{\"@type\":\"ListItem\",\"position\":1,\"name\":\"Home\",\"item\":\"https:\/\/poudresdenarco.com\/\"},{\"@type\":\"ListItem\",\"position\":2,\"name\":\"Boutique\",\"item\":\"https:\/\/poudresdenarco.com\/boutique\/\"},{\"@type\":\"ListItem\",\"position\":3,\"name\":\"Mdphp free-base\"}]},{\"@type\":\"WebSite\",\"@id\":\"https:\/\/poudresdenarco.com\/#website\",\"url\":\"https:\/\/poudresdenarco.com\/\",\"name\":\"Poudresde Narco\",\"description\":\"Acheter de la coca\u00efne et de l&#039;h\u00e9ro\u00efne en ligne\",\"potentialAction\":[{\"@type\":\"SearchAction\",\"target\":{\"@type\":\"EntryPoint\",\"urlTemplate\":\"https:\/\/poudresdenarco.com\/?s={search_term_string}\"},\"query-input\":{\"@type\":\"PropertyValueSpecification\",\"valueRequired\":true,\"valueName\":\"search_term_string\"}}],\"inLanguage\":\"pl-PL\"}]}<\/script>\n<!-- \/ Yoast SEO plugin. -->","yoast_head_json":{"title":"Acheter MDPHP Free-Base | Poudres de Narco","description":"Fournisseur de MDPHP Free-Base pour applications scientifiques en laboratoire. Puret\u00e9 et s\u00e9curit\u00e9 garanties pour recherches avanc\u00e9es chez Poudres de Narco. Acheter MDPHP Free-Bas","robots":{"index":"index","follow":"follow","max-snippet":"max-snippet:-1","max-image-preview":"max-image-preview:large","max-video-preview":"max-video-preview:-1"},"canonical":"https:\/\/poudresdenarco.com\/pl\/produkt\/mdphp-free-base\/","og_locale":"pl_PL","og_type":"article","og_title":"Acheter MDPHP Free-Base | Poudres de Narco","og_description":"Fournisseur de MDPHP Free-Base pour applications scientifiques en laboratoire. Puret\u00e9 et s\u00e9curit\u00e9 garanties pour recherches avanc\u00e9es chez Poudres de Narco. Acheter MDPHP Free-Bas","og_url":"https:\/\/poudresdenarco.com\/pl\/produkt\/mdphp-free-base\/","og_site_name":"Poudresde Narco","article_modified_time":"2026-01-23T08:05:46+00:00","og_image":[{"width":600,"height":600,"url":"https:\/\/poudresdenarco.com\/wp-content\/uploads\/2024\/10\/Mdphp-free-base.gif","type":"image\/gif"}],"twitter_card":"summary_large_image","twitter_misc":{"Szacowany czas czytania":"4 minuty"},"schema":{"@context":"https:\/\/schema.org","@graph":[{"@type":"WebPage","@id":"https:\/\/poudresdenarco.com\/produit\/mdphp-free-base\/","url":"https:\/\/poudresdenarco.com\/produit\/mdphp-free-base\/","name":"Acheter MDPHP Free-Base | Poudres de Narco","isPartOf":{"@id":"https:\/\/poudresdenarco.com\/#website"},"primaryImageOfPage":{"@id":"https:\/\/poudresdenarco.com\/produit\/mdphp-free-base\/#primaryimage"},"image":{"@id":"https:\/\/poudresdenarco.com\/produit\/mdphp-free-base\/#primaryimage"},"thumbnailUrl":"https:\/\/poudresdenarco.com\/wp-content\/uploads\/2024\/10\/Mdphp-free-base.gif","datePublished":"2024-10-16T11:32:31+00:00","dateModified":"2026-01-23T08:05:46+00:00","description":"Fournisseur de MDPHP Free-Base pour applications scientifiques en laboratoire. Puret\u00e9 et s\u00e9curit\u00e9 garanties pour recherches avanc\u00e9es chez Poudres de Narco. Acheter MDPHP Free-Bas","breadcrumb":{"@id":"https:\/\/poudresdenarco.com\/produit\/mdphp-free-base\/#breadcrumb"},"inLanguage":"pl-PL","potentialAction":[{"@type":"ReadAction","target":["https:\/\/poudresdenarco.com\/produit\/mdphp-free-base\/"]}]},{"@type":"ImageObject","inLanguage":"pl-PL","@id":"https:\/\/poudresdenarco.com\/produit\/mdphp-free-base\/#primaryimage","url":"https:\/\/poudresdenarco.com\/wp-content\/uploads\/2024\/10\/Mdphp-free-base.gif","contentUrl":"https:\/\/poudresdenarco.com\/wp-content\/uploads\/2024\/10\/Mdphp-free-base.gif","width":600,"height":600,"caption":"Mdphp-free-base"},{"@type":"BreadcrumbList","@id":"https:\/\/poudresdenarco.com\/produit\/mdphp-free-base\/#breadcrumb","itemListElement":[{"@type":"ListItem","position":1,"name":"Home","item":"https:\/\/poudresdenarco.com\/"},{"@type":"ListItem","position":2,"name":"Boutique","item":"https:\/\/poudresdenarco.com\/boutique\/"},{"@type":"ListItem","position":3,"name":"Mdphp free-base"}]},{"@type":"WebSite","@id":"https:\/\/poudresdenarco.com\/#website","url":"https:\/\/poudresdenarco.com\/","name":"Poudresde Narco","description":"Acheter de la coca\u00efne et de l&#039;h\u00e9ro\u00efne en ligne","potentialAction":[{"@type":"SearchAction","target":{"@type":"EntryPoint","urlTemplate":"https:\/\/poudresdenarco.com\/?s={search_term_string}"},"query-input":{"@type":"PropertyValueSpecification","valueRequired":true,"valueName":"search_term_string"}}],"inLanguage":"pl-PL"}]}},"_links":{"self":[{"href":"https:\/\/poudresdenarco.com\/pl\/wp-json\/wp\/v2\/product\/6044","targetHints":{"allow":["GET"]}}],"collection":[{"href":"https:\/\/poudresdenarco.com\/pl\/wp-json\/wp\/v2\/product"}],"about":[{"href":"https:\/\/poudresdenarco.com\/pl\/wp-json\/wp\/v2\/types\/product"}],"replies":[{"embeddable":true,"href":"https:\/\/poudresdenarco.com\/pl\/wp-json\/wp\/v2\/comments?post=6044"}],"wp:featuredmedia":[{"embeddable":true,"href":"https:\/\/poudresdenarco.com\/pl\/wp-json\/wp\/v2\/media\/6195"}],"wp:attachment":[{"href":"https:\/\/poudresdenarco.com\/pl\/wp-json\/wp\/v2\/media?parent=6044"}],"wp:term":[{"taxonomy":"product_cat","embeddable":true,"href":"https:\/\/poudresdenarco.com\/pl\/wp-json\/wp\/v2\/product_cat?post=6044"},{"taxonomy":"product_tag","embeddable":true,"href":"https:\/\/poudresdenarco.com\/pl\/wp-json\/wp\/v2\/product_tag?post=6044"}],"curies":[{"name":"wp","href":"https:\/\/api.w.org\/{rel}","templated":true}]}}