{"id":6088,"date":"2024-10-16T11:32:47","date_gmt":"2024-10-16T11:32:47","guid":{"rendered":"https:\/\/poudresdenarco.com\/?post_type=product&#038;p=6088"},"modified":"2025-06-10T07:21:27","modified_gmt":"2025-06-10T07:21:27","slug":"7-abf","status":"publish","type":"product","link":"https:\/\/poudresdenarco.com\/pl\/produkt\/7-abf\/","title":{"rendered":"7-ABF"},"content":{"rendered":"<h2>Kup 7-ABF online<\/h2>\n<p>Z przyjemno\u015bci\u0105 przedstawiamy nasz\u0105 wiod\u0105c\u0105 substancj\u0119 chemiczn\u0105 do bada\u0144, 7-ABF.<\/p>\n<p>Le <a href=\"https:\/\/poudresdenarco.com\/pl\/produkt\/7-abf\/\">7-ABF<\/a> jest unikalnym zwi\u0105zkiem, kt\u00f3ry przyci\u0105gn\u0105\u0142 uwag\u0119 badaczy ze wzgl\u0119du na jego potencjalne zastosowania w badaniach naukowych. Nale\u017cy do wyspecjalizowanej klasy chemikali\u00f3w badawczych i oferuje intryguj\u0105ce mo\u017cliwo\u015bci dla r\u00f3\u017cnych cel\u00f3w badawczych.<\/p>\n<p>Nasz 7-ABF jest skrupulatnie syntetyzowany, aby zapewni\u0107 wyj\u0105tkow\u0105 czysto\u015b\u0107 i jako\u015b\u0107. Ta substancja chemiczna zapewnia naukowcom niezawodne i sp\u00f3jne \u017ar\u00f3d\u0142o dla ich eksperyment\u00f3w i bada\u0144.<\/p>\n<p>Naukowcy donosz\u0105, \u017ce 7-ABF mo\u017ce mie\u0107 interesuj\u0105ce w\u0142a\u015bciwo\u015bci, potencjalnie wp\u0142ywaj\u0105c na pewne procesy i szlaki biologiczne. Nale\u017cy jednak pami\u0119ta\u0107, \u017ce produkt ten jest \u015bci\u015ble przeznaczony do cel\u00f3w badawczych i nie mo\u017ce by\u0107 stosowany do spo\u017cycia przez ludzi.<\/p>\n<p>W PoudresDenarco zadowolenie klienta i bezpiecze\u0144stwo s\u0105 naszymi priorytetami. Oferujemy dyskretn\u0105 dostaw\u0119 na ca\u0142ym \u015bwiecie, aby chroni\u0107 Twoj\u0105 prywatno\u015b\u0107 i komfort. Nasze produkty przechodz\u0105 rygorystyczne testy, aby zapewni\u0107, \u017ce spe\u0142niaj\u0105 najwy\u017csze standardy jako\u015bci i autentyczno\u015bci.<\/p>\n<p>Pami\u0119taj, aby obchodzi\u0107 si\u0119 ze wszystkimi chemikaliami badawczymi w spos\u00f3b odpowiedzialny i zgodny z lokalnymi przepisami i wytycznymi. Odpowiednie zaplecze laboratoryjne i wiedza specjalistyczna s\u0105 niezb\u0119dne podczas pracy z <a href=\"https:\/\/en.wikipedia.org\/wiki\/ABF_Freight_System\">7-ABF<\/a>.<\/p>\n<p>Uwolnij potencja\u0142 swoich bada\u0144 dzi\u0119ki 7-ABF od <a href=\"https:\/\/poudresdenarco.com\/pl\/\">PowderDenarco<\/a>. Zam\u00f3w teraz i wyrusz w swoj\u0105 naukow\u0105 podr\u00f3\u017c z pe\u0142nym zaufaniem!<\/p>\n<h3><strong>Kup wysokiej czysto\u015bci 7-ABF do bada\u0144 - Narco Powders<\/strong><\/h3>\n<p><strong>Proszki narkotyczne<\/strong> jest zaufanym \u017ar\u00f3d\u0142em <strong>Jako\u015b\u0107 bada\u0144 7-ABF<\/strong>zaprojektowany wy\u0142\u0105cznie dla <strong>naukowe zastosowania laboratoryjne<\/strong>. Nasz 7-ABF jest produkowany zgodnie ze \u015bcis\u0142ymi standardami czysto\u015bci i jako\u015bci, zapewniaj\u0105c wiarygodne wyniki dla naukowc\u00f3w zajmuj\u0105cych si\u0119 chemi\u0105 i farmakologi\u0105.<\/p>\n<h3>Dlaczego warto kupi\u0107 7-ABF od Poudres de Narco?<\/h3>\n<p>Jako <strong>niezawodny dostawca 7-ABF<\/strong>, <strong>Proszki narkotyczne<\/strong> jest zaanga\u017cowana w oferowanie wysokiej jako\u015bci produkt\u00f3w dostosowanych do potrzeb <strong>certyfikowane laboratoria<\/strong> :<\/p>\n<ul>\n<li><strong>7-ABF o wysokiej czysto\u015bci dla laboratori\u00f3w<\/strong> Ka\u017cda partia jest rygorystycznie testowana, aby zagwarantowa\u0107 optymaln\u0105 czysto\u015b\u0107, kt\u00f3ra jest niezb\u0119dna do okre\u015blonych zastosowa\u0144 naukowych.<\/li>\n<li><strong>Sta\u0142a, niezawodna jako\u015b\u0107<\/strong> Nasz 7-ABF zosta\u0142 opracowany z my\u015bl\u0105 o stabilnym dzia\u0142aniu, dostosowanym do <strong>analityczne badania laboratoryjne<\/strong>.<\/li>\n<li><strong>Bezpieczne zamawianie online<\/strong> : <strong>Proszki narkotyczne<\/strong> u\u0142atwia<strong>kupi\u0107 7-ABF online<\/strong> z bezpiecznym procesem zamawiania, kt\u00f3ry spe\u0142nia wymagania profesjonalnych bada\u0144.<\/li>\n<\/ul>\n<h3>Aplikacje i instrukcje bezpiecze\u0144stwa<\/h3>\n<p>Le <strong>7-ABF dla bada\u0144<\/strong> z <strong>Proszki narkotyczne<\/strong> jest przeznaczony dla <strong>zastosowania analityczne i badania naukowe<\/strong>. Zapewniamy protoko\u0142y bezpiecze\u0144stwa, aby zapewni\u0107 prawid\u0142owe u\u017cytkowanie:<\/p>\n<ul>\n<li><strong>Bezpieczne przechowywanie<\/strong> Przechowywa\u0107 7-ABF w ch\u0142odnym, suchym miejscu z dala od \u015bwiat\u0142a.<\/li>\n<li><strong>Obs\u0142uga z zachowaniem \u015brodk\u00f3w ostro\u017cno\u015bci<\/strong> Nale\u017cy u\u017cywa\u0107 \u015brodk\u00f3w ochrony osobistej (PPE) i pracowa\u0107 w dobrze wentylowanym \u015brodowisku.<\/li>\n<li><strong>U\u017cycie zastrze\u017cone wy\u0142\u0105cznie do cel\u00f3w badawczych<\/strong> Ten produkt jest przeznaczony wy\u0142\u0105cznie dla wykwalifikowanych badaczy i certyfikowanych laboratori\u00f3w.<\/li>\n<\/ul>\n<h3>Zam\u00f3w 7-ABF o wysokiej czysto\u015bci do swoich bada\u0144 naukowych<\/h3>\n<p>Z <strong>Proszki narkotyczne<\/strong>korzystasz z <strong>niezawodne dostawy 7-ABF do zastosowa\u0144 laboratoryjnych<\/strong>. <strong>Skontaktuj si\u0119 z nami<\/strong> aby uzyska\u0107 wycen\u0119 lub dowiedzie\u0107 si\u0119 wi\u0119cej o naszej ofercie produkt\u00f3w do bada\u0144 naukowych.<\/p>","protected":false},"excerpt":{"rendered":"<p>Acheter 7-ABF en ligne Nous sommes ravis de vous pr\u00e9senter notre produit chimique de recherche de pointe, le 7-ABF. Le 7-ABF est un compos\u00e9 unique qui a attir\u00e9 l&rsquo;attention des chercheurs pour ses applications potentielles dans les \u00e9tudes scientifiques. Il appartient \u00e0 une classe sp\u00e9cialis\u00e9e de produits chimiques de recherche et offre des possibilit\u00e9s intrigantes&hellip;<\/p>","protected":false},"featured_media":6210,"comment_status":"open","ping_status":"closed","template":"","meta":{"_joinchat":[]},"product_cat":[558],"product_tag":[],"class_list":{"0":"post-6088","1":"product","2":"type-product","3":"status-publish","4":"has-post-thumbnail","6":"product_cat-chimiques-de-recherche","8":"first","9":"instock","10":"shipping-taxable","11":"purchasable","12":"product-type-variable","13":"col-xs-6 col-sm-4","14":"col-md-3 col-lg-3","15":"un-4-cols"},"yoast_head":"<!-- This site is optimized with the Yoast SEO plugin v23.8 - https:\/\/yoast.com\/wordpress\/plugins\/seo\/ -->\n<title>&quot;Acheter 7-ABF pour de Recherche | Poudres de Narco&quot;<\/title>\n<meta name=\"description\" content=\"Fournisseur de 7-ABF pour applications scientifiques en laboratoire. Puret\u00e9 et s\u00e9curit\u00e9 garanties pour recherches chez Poudres de Narco.\" \/>\n<meta name=\"robots\" content=\"index, follow, max-snippet:-1, max-image-preview:large, max-video-preview:-1\" \/>\n<link rel=\"canonical\" href=\"https:\/\/poudresdenarco.com\/pl\/produkt\/7-abf\/\" \/>\n<meta property=\"og:locale\" content=\"pl_PL\" \/>\n<meta property=\"og:type\" content=\"article\" \/>\n<meta property=\"og:title\" content=\"&quot;Acheter 7-ABF pour de Recherche | Poudres de Narco&quot;\" \/>\n<meta property=\"og:description\" content=\"Fournisseur de 7-ABF pour applications scientifiques en laboratoire. Puret\u00e9 et s\u00e9curit\u00e9 garanties pour recherches chez Poudres de Narco.\" \/>\n<meta property=\"og:url\" content=\"https:\/\/poudresdenarco.com\/pl\/produkt\/7-abf\/\" \/>\n<meta property=\"og:site_name\" content=\"Poudresde Narco\" \/>\n<meta property=\"article:modified_time\" content=\"2025-06-10T07:21:27+00:00\" \/>\n<meta property=\"og:image\" content=\"https:\/\/poudresdenarco.com\/wp-content\/uploads\/2024\/10\/7-ABF.gif\" \/>\n\t<meta property=\"og:image:width\" content=\"600\" \/>\n\t<meta property=\"og:image:height\" content=\"600\" \/>\n\t<meta property=\"og:image:type\" content=\"image\/gif\" \/>\n<meta name=\"twitter:card\" content=\"summary_large_image\" \/>\n<meta name=\"twitter:label1\" content=\"Szacowany czas czytania\" \/>\n\t<meta name=\"twitter:data1\" content=\"3 minuty\" \/>\n<script type=\"application\/ld+json\" class=\"yoast-schema-graph\">{\"@context\":\"https:\/\/schema.org\",\"@graph\":[{\"@type\":\"WebPage\",\"@id\":\"https:\/\/poudresdenarco.com\/produit\/7-abf\/\",\"url\":\"https:\/\/poudresdenarco.com\/produit\/7-abf\/\",\"name\":\"\\\"Acheter 7-ABF pour de Recherche | Poudres de Narco\\\"\",\"isPartOf\":{\"@id\":\"https:\/\/poudresdenarco.com\/#website\"},\"primaryImageOfPage\":{\"@id\":\"https:\/\/poudresdenarco.com\/produit\/7-abf\/#primaryimage\"},\"image\":{\"@id\":\"https:\/\/poudresdenarco.com\/produit\/7-abf\/#primaryimage\"},\"thumbnailUrl\":\"https:\/\/poudresdenarco.com\/wp-content\/uploads\/2024\/10\/7-ABF.gif\",\"datePublished\":\"2024-10-16T11:32:47+00:00\",\"dateModified\":\"2025-06-10T07:21:27+00:00\",\"description\":\"Fournisseur de 7-ABF pour applications scientifiques en laboratoire. Puret\u00e9 et s\u00e9curit\u00e9 garanties pour recherches chez Poudres de Narco.\",\"breadcrumb\":{\"@id\":\"https:\/\/poudresdenarco.com\/produit\/7-abf\/#breadcrumb\"},\"inLanguage\":\"pl-PL\",\"potentialAction\":[{\"@type\":\"ReadAction\",\"target\":[\"https:\/\/poudresdenarco.com\/produit\/7-abf\/\"]}]},{\"@type\":\"ImageObject\",\"inLanguage\":\"pl-PL\",\"@id\":\"https:\/\/poudresdenarco.com\/produit\/7-abf\/#primaryimage\",\"url\":\"https:\/\/poudresdenarco.com\/wp-content\/uploads\/2024\/10\/7-ABF.gif\",\"contentUrl\":\"https:\/\/poudresdenarco.com\/wp-content\/uploads\/2024\/10\/7-ABF.gif\",\"width\":600,\"height\":600,\"caption\":\"7-ABF\"},{\"@type\":\"BreadcrumbList\",\"@id\":\"https:\/\/poudresdenarco.com\/produit\/7-abf\/#breadcrumb\",\"itemListElement\":[{\"@type\":\"ListItem\",\"position\":1,\"name\":\"Home\",\"item\":\"https:\/\/poudresdenarco.com\/\"},{\"@type\":\"ListItem\",\"position\":2,\"name\":\"Boutique\",\"item\":\"https:\/\/poudresdenarco.com\/boutique\/\"},{\"@type\":\"ListItem\",\"position\":3,\"name\":\"7-ABF\"}]},{\"@type\":\"WebSite\",\"@id\":\"https:\/\/poudresdenarco.com\/#website\",\"url\":\"https:\/\/poudresdenarco.com\/\",\"name\":\"Poudresde Narco\",\"description\":\"Acheter de la coca\u00efne et de l&#039;h\u00e9ro\u00efne en ligne\",\"potentialAction\":[{\"@type\":\"SearchAction\",\"target\":{\"@type\":\"EntryPoint\",\"urlTemplate\":\"https:\/\/poudresdenarco.com\/?s={search_term_string}\"},\"query-input\":{\"@type\":\"PropertyValueSpecification\",\"valueRequired\":true,\"valueName\":\"search_term_string\"}}],\"inLanguage\":\"pl-PL\"}]}<\/script>\n<!-- \/ Yoast SEO plugin. -->","yoast_head_json":{"title":"\"Acheter 7-ABF pour de Recherche | Poudres de Narco\"","description":"Fournisseur de 7-ABF pour applications scientifiques en laboratoire. Puret\u00e9 et s\u00e9curit\u00e9 garanties pour recherches chez Poudres de Narco.","robots":{"index":"index","follow":"follow","max-snippet":"max-snippet:-1","max-image-preview":"max-image-preview:large","max-video-preview":"max-video-preview:-1"},"canonical":"https:\/\/poudresdenarco.com\/pl\/produkt\/7-abf\/","og_locale":"pl_PL","og_type":"article","og_title":"\"Acheter 7-ABF pour de Recherche | Poudres de Narco\"","og_description":"Fournisseur de 7-ABF pour applications scientifiques en laboratoire. Puret\u00e9 et s\u00e9curit\u00e9 garanties pour recherches chez Poudres de Narco.","og_url":"https:\/\/poudresdenarco.com\/pl\/produkt\/7-abf\/","og_site_name":"Poudresde Narco","article_modified_time":"2025-06-10T07:21:27+00:00","og_image":[{"width":600,"height":600,"url":"https:\/\/poudresdenarco.com\/wp-content\/uploads\/2024\/10\/7-ABF.gif","type":"image\/gif"}],"twitter_card":"summary_large_image","twitter_misc":{"Szacowany czas czytania":"3 minuty"},"schema":{"@context":"https:\/\/schema.org","@graph":[{"@type":"WebPage","@id":"https:\/\/poudresdenarco.com\/produit\/7-abf\/","url":"https:\/\/poudresdenarco.com\/produit\/7-abf\/","name":"\"Acheter 7-ABF pour de Recherche | Poudres de Narco\"","isPartOf":{"@id":"https:\/\/poudresdenarco.com\/#website"},"primaryImageOfPage":{"@id":"https:\/\/poudresdenarco.com\/produit\/7-abf\/#primaryimage"},"image":{"@id":"https:\/\/poudresdenarco.com\/produit\/7-abf\/#primaryimage"},"thumbnailUrl":"https:\/\/poudresdenarco.com\/wp-content\/uploads\/2024\/10\/7-ABF.gif","datePublished":"2024-10-16T11:32:47+00:00","dateModified":"2025-06-10T07:21:27+00:00","description":"Fournisseur de 7-ABF pour applications scientifiques en laboratoire. Puret\u00e9 et s\u00e9curit\u00e9 garanties pour recherches chez Poudres de Narco.","breadcrumb":{"@id":"https:\/\/poudresdenarco.com\/produit\/7-abf\/#breadcrumb"},"inLanguage":"pl-PL","potentialAction":[{"@type":"ReadAction","target":["https:\/\/poudresdenarco.com\/produit\/7-abf\/"]}]},{"@type":"ImageObject","inLanguage":"pl-PL","@id":"https:\/\/poudresdenarco.com\/produit\/7-abf\/#primaryimage","url":"https:\/\/poudresdenarco.com\/wp-content\/uploads\/2024\/10\/7-ABF.gif","contentUrl":"https:\/\/poudresdenarco.com\/wp-content\/uploads\/2024\/10\/7-ABF.gif","width":600,"height":600,"caption":"7-ABF"},{"@type":"BreadcrumbList","@id":"https:\/\/poudresdenarco.com\/produit\/7-abf\/#breadcrumb","itemListElement":[{"@type":"ListItem","position":1,"name":"Home","item":"https:\/\/poudresdenarco.com\/"},{"@type":"ListItem","position":2,"name":"Boutique","item":"https:\/\/poudresdenarco.com\/boutique\/"},{"@type":"ListItem","position":3,"name":"7-ABF"}]},{"@type":"WebSite","@id":"https:\/\/poudresdenarco.com\/#website","url":"https:\/\/poudresdenarco.com\/","name":"Poudresde Narco","description":"Acheter de la coca\u00efne et de l&#039;h\u00e9ro\u00efne en ligne","potentialAction":[{"@type":"SearchAction","target":{"@type":"EntryPoint","urlTemplate":"https:\/\/poudresdenarco.com\/?s={search_term_string}"},"query-input":{"@type":"PropertyValueSpecification","valueRequired":true,"valueName":"search_term_string"}}],"inLanguage":"pl-PL"}]}},"_links":{"self":[{"href":"https:\/\/poudresdenarco.com\/pl\/wp-json\/wp\/v2\/product\/6088","targetHints":{"allow":["GET"]}}],"collection":[{"href":"https:\/\/poudresdenarco.com\/pl\/wp-json\/wp\/v2\/product"}],"about":[{"href":"https:\/\/poudresdenarco.com\/pl\/wp-json\/wp\/v2\/types\/product"}],"replies":[{"embeddable":true,"href":"https:\/\/poudresdenarco.com\/pl\/wp-json\/wp\/v2\/comments?post=6088"}],"wp:featuredmedia":[{"embeddable":true,"href":"https:\/\/poudresdenarco.com\/pl\/wp-json\/wp\/v2\/media\/6210"}],"wp:attachment":[{"href":"https:\/\/poudresdenarco.com\/pl\/wp-json\/wp\/v2\/media?parent=6088"}],"wp:term":[{"taxonomy":"product_cat","embeddable":true,"href":"https:\/\/poudresdenarco.com\/pl\/wp-json\/wp\/v2\/product_cat?post=6088"},{"taxonomy":"product_tag","embeddable":true,"href":"https:\/\/poudresdenarco.com\/pl\/wp-json\/wp\/v2\/product_tag?post=6088"}],"curies":[{"name":"wp","href":"https:\/\/api.w.org\/{rel}","templated":true}]}}