{"id":61,"date":"2023-12-25T08:20:08","date_gmt":"2023-12-25T08:20:08","guid":{"rendered":"https:\/\/unkrautmarkt.com\/narco1\/?post_type=product&#038;p=61"},"modified":"2025-06-09T23:41:17","modified_gmt":"2025-06-09T23:41:17","slug":"cocaine-colombienne","status":"publish","type":"product","link":"https:\/\/poudresdenarco.com\/pl\/produkt\/kolumbijska-kokaina\/","title":{"rendered":"Kolumbijska kokaina"},"content":{"rendered":"<h2><span style=\"vertical-align: inherit;\"><span style=\"vertical-align: inherit;\">Buy Colombian Cocaine Online<\/span><\/span><\/h2>\n<h3><span style=\"vertical-align: inherit;\"><span style=\"vertical-align: inherit;\">Buy cocaine from Colombia online<\/span><\/span><\/h3>\n<p><a href=\"https:\/\/poudresdenarco.com\/pl\/produkt\/kolumbijska-kokaina\/\"><span style=\"vertical-align: inherit;\"><span style=\"vertical-align: inherit;\">Buy Cocaine Online<\/span><\/span><\/a><span style=\"vertical-align: inherit;\"><span style=\"vertical-align: inherit;\"> in Colombia The Colombian drug lord gave the narcotic the name \u201cColombian Cocaine\u201d in honor of his homeland. Moreover, this cocaine is among the best in modern history due to its purity. The ingredient of this product is derived from coca leaves. Order pure cocaine from Colombia online.<\/span><\/span><\/p>\n<p><span style=\"vertical-align: inherit;\"><span style=\"vertical-align: inherit;\">Additionally, Colombian cocaine is a highly addictive drug that gives you more energy and alertness. Because it is derived from the coca plant, which is native to South America, it may be called a stimulant. It is also known as Coke, Snow, Rock, Blow, and Crack.<\/span><\/span><\/p>\n<p><a href=\"https:\/\/en.wikipedia.org\/wiki\/Coca_production_in_Colombia\"><span style=\"vertical-align: inherit;\"><span style=\"vertical-align: inherit;\">Cheap Colombian Cocaine<\/span><\/span><\/a><span style=\"vertical-align: inherit;\"><span style=\"vertical-align: inherit;\"> For Sale &#8211; Get Legal &amp; Affordable Colombian Cocaine Online<\/span><\/span><\/p>\n<p><span style=\"vertical-align: inherit;\"><span style=\"vertical-align: inherit;\">In addition, the drug delivers high concentrations of dopamine, the body&rsquo;s natural chemical messenger, to areas of the brain responsible for pleasure. The extreme energy and alertness that results from this buildup is called \u00ab\u00a0euphoria.\u00a0\u00bb<\/span><\/span><\/p>\n<p><span style=\"vertical-align: inherit;\"><span style=\"vertical-align: inherit;\">Buy cocaine online. and receive discreet shipping to any country in the world. buy cocaine. Buy cocaine legally. Pure white powder cut and uncut is available. Shipping and packaging is extremely secret. and avoid paying taxes. Cocaine from Colombia for sale<\/span><\/span><\/p>\n<p><span style=\"vertical-align: inherit;\"><span style=\"vertical-align: inherit;\">Additionally, substances like cocaine, even in powder form, can now be purchased online. We currently regularly sell snow, flakes, puff, cracked, and pure coke. However, some of us may still have trouble getting cocaine for sale. Additionally, you cannot use our services for.<\/span><\/span><\/p>\n<h3><span style=\"vertical-align: inherit;\"><span style=\"vertical-align: inherit;\">Why should you buy cocaine from Colombia from us?<\/span><\/span><\/h3>\n<p><span style=\"vertical-align: inherit;\"><span style=\"vertical-align: inherit;\">We offer our customers the best deals and discreet shipping worldwide as we are the best dealers. Buy cocaine in Colombia<\/span><\/span><\/p>\n<p><span style=\"vertical-align: inherit;\"><span style=\"vertical-align: inherit;\">Also, buy cocaine from Colombia, buy cocaine for sale, where to buy cocaine from Colombia, how to buy cocaine, buy real cocaine, best place to buy cocaine, how to buy cocaine from Colombia, buy cocaine in Germany, buy cocaine in UK, buy cocaine in Australia, UK, Australia, Europe, Canada.<\/span><\/span><\/p>","protected":false},"excerpt":{"rendered":"<p>Buy Colombian Cocaine Online Buy cocaine from Colombia online Buy Cocaine Online in Colombia The Colombian drug lord gave the narcotic the name \u201cColombian Cocaine\u201d in honor of his homeland. Moreover, this cocaine is among the best in modern history due to its purity. The ingredient of this product is derived from coca leaves. Order&hellip;<\/p>","protected":false},"featured_media":271,"comment_status":"open","ping_status":"closed","template":"","meta":{"_joinchat":[]},"product_cat":[66],"product_tag":[378,377,375,380,379,382,385,384,383,376,388,387,381,386],"class_list":{"0":"post-61","1":"product","2":"type-product","3":"status-publish","4":"has-post-thumbnail","6":"product_cat-de-la-cocaine","7":"product_tag-acheter-de-la-cocaine-colombienne-en-ligne-pres-de-chez-moi","8":"product_tag-acheter-de-la-cocaine-colombienne-legalement","9":"product_tag-avantages-de-la-cocaine-colombienne","10":"product_tag-cocaine-colombienne-a-vendre","11":"product_tag-cocaine-colombienne-bon-marche","12":"product_tag-cocaine-colombienne-en-gros","13":"product_tag-cocaine-colombienne-legitime-en-ligne","14":"product_tag-comment-commander-de-la-cocaine-colombienne","15":"product_tag-comment-puis-je-obtenir-la-meilleure-cocaine-colombienne","16":"product_tag-meilleur-endroit-pour-commander-de-la-cocaine-colombienne","17":"product_tag-ou-acheter-de-la-cocaine-colombienne","18":"product_tag-ou-puis-je-acheter-de-la-cocaine-colombienne","19":"product_tag-prix-de-la-cocaine-colombienne","20":"product_tag-quest-ce-que-la-cocaine-colombienne","22":"first","23":"instock","24":"shipping-taxable","25":"purchasable","26":"product-type-variable","27":"col-xs-6 col-sm-4","28":"col-md-3 col-lg-3","29":"un-4-cols"},"yoast_head":"<!-- This site is optimized with the Yoast SEO plugin v23.8 - https:\/\/yoast.com\/wordpress\/plugins\/seo\/ -->\n<title>Acheter de la coca\u00efne colombienne en ligne - Coca\u00efne colombienne \u00e0 vendre<\/title>\n<meta name=\"description\" content=\"Notre magasin propose \u00e0 la vente de la coca\u00efne colombienne de qualit\u00e9 sup\u00e9rieure. Vous ne pourrez jamais vous passer de la qualit\u00e9 de nos produits. Si vous en avez besoin, vous pouvez acheter de la coca\u00efne colombienne en ligne imm\u00e9diatement. Commandez maintenant !\" \/>\n<meta name=\"robots\" content=\"index, follow, max-snippet:-1, max-image-preview:large, max-video-preview:-1\" \/>\n<link rel=\"canonical\" href=\"https:\/\/poudresdenarco.com\/pl\/produkt\/kolumbijska-kokaina\/\" \/>\n<meta property=\"og:locale\" content=\"pl_PL\" \/>\n<meta property=\"og:type\" content=\"article\" \/>\n<meta property=\"og:title\" content=\"Acheter de la coca\u00efne colombienne en ligne - Coca\u00efne colombienne \u00e0 vendre\" \/>\n<meta property=\"og:description\" content=\"Notre magasin propose \u00e0 la vente de la coca\u00efne colombienne de qualit\u00e9 sup\u00e9rieure. Vous ne pourrez jamais vous passer de la qualit\u00e9 de nos produits. Si vous en avez besoin, vous pouvez acheter de la coca\u00efne colombienne en ligne imm\u00e9diatement. Commandez maintenant !\" \/>\n<meta property=\"og:url\" content=\"https:\/\/poudresdenarco.com\/pl\/produkt\/kolumbijska-kokaina\/\" \/>\n<meta property=\"og:site_name\" content=\"Poudresde Narco\" \/>\n<meta property=\"article:modified_time\" content=\"2025-06-09T23:41:17+00:00\" \/>\n<meta property=\"og:image\" content=\"https:\/\/poudresdenarco.com\/wp-content\/uploads\/2023\/12\/Colombian-Cocaine.jpg\" \/>\n\t<meta property=\"og:image:width\" content=\"600\" \/>\n\t<meta property=\"og:image:height\" content=\"600\" \/>\n\t<meta property=\"og:image:type\" content=\"image\/jpeg\" \/>\n<meta name=\"twitter:card\" content=\"summary_large_image\" \/>\n<meta name=\"twitter:label1\" content=\"Szacowany czas czytania\" \/>\n\t<meta name=\"twitter:data1\" content=\"2 minuty\" \/>\n<script type=\"application\/ld+json\" class=\"yoast-schema-graph\">{\"@context\":\"https:\/\/schema.org\",\"@graph\":[{\"@type\":\"WebPage\",\"@id\":\"https:\/\/poudresdenarco.com\/produit\/cocaine-colombienne\/\",\"url\":\"https:\/\/poudresdenarco.com\/produit\/cocaine-colombienne\/\",\"name\":\"Acheter de la coca\u00efne colombienne en ligne - Coca\u00efne colombienne \u00e0 vendre\",\"isPartOf\":{\"@id\":\"https:\/\/poudresdenarco.com\/#website\"},\"primaryImageOfPage\":{\"@id\":\"https:\/\/poudresdenarco.com\/produit\/cocaine-colombienne\/#primaryimage\"},\"image\":{\"@id\":\"https:\/\/poudresdenarco.com\/produit\/cocaine-colombienne\/#primaryimage\"},\"thumbnailUrl\":\"https:\/\/poudresdenarco.com\/wp-content\/uploads\/2023\/12\/Colombian-Cocaine.jpg\",\"datePublished\":\"2023-12-25T08:20:08+00:00\",\"dateModified\":\"2025-06-09T23:41:17+00:00\",\"description\":\"Notre magasin propose \u00e0 la vente de la coca\u00efne colombienne de qualit\u00e9 sup\u00e9rieure. Vous ne pourrez jamais vous passer de la qualit\u00e9 de nos produits. Si vous en avez besoin, vous pouvez acheter de la coca\u00efne colombienne en ligne imm\u00e9diatement. Commandez maintenant !\",\"breadcrumb\":{\"@id\":\"https:\/\/poudresdenarco.com\/produit\/cocaine-colombienne\/#breadcrumb\"},\"inLanguage\":\"pl-PL\",\"potentialAction\":[{\"@type\":\"ReadAction\",\"target\":[\"https:\/\/poudresdenarco.com\/produit\/cocaine-colombienne\/\"]}]},{\"@type\":\"ImageObject\",\"inLanguage\":\"pl-PL\",\"@id\":\"https:\/\/poudresdenarco.com\/produit\/cocaine-colombienne\/#primaryimage\",\"url\":\"https:\/\/poudresdenarco.com\/wp-content\/uploads\/2023\/12\/Colombian-Cocaine.jpg\",\"contentUrl\":\"https:\/\/poudresdenarco.com\/wp-content\/uploads\/2023\/12\/Colombian-Cocaine.jpg\",\"width\":600,\"height\":600,\"caption\":\"Acheter Colombian-Cocaine en ligne\"},{\"@type\":\"BreadcrumbList\",\"@id\":\"https:\/\/poudresdenarco.com\/produit\/cocaine-colombienne\/#breadcrumb\",\"itemListElement\":[{\"@type\":\"ListItem\",\"position\":1,\"name\":\"Home\",\"item\":\"https:\/\/poudresdenarco.com\/\"},{\"@type\":\"ListItem\",\"position\":2,\"name\":\"Boutique\",\"item\":\"https:\/\/poudresdenarco.com\/boutique\/\"},{\"@type\":\"ListItem\",\"position\":3,\"name\":\"Coca\u00efne colombienne\"}]},{\"@type\":\"WebSite\",\"@id\":\"https:\/\/poudresdenarco.com\/#website\",\"url\":\"https:\/\/poudresdenarco.com\/\",\"name\":\"Poudresde Narco\",\"description\":\"Acheter de la coca\u00efne et de l&#039;h\u00e9ro\u00efne en ligne\",\"potentialAction\":[{\"@type\":\"SearchAction\",\"target\":{\"@type\":\"EntryPoint\",\"urlTemplate\":\"https:\/\/poudresdenarco.com\/?s={search_term_string}\"},\"query-input\":{\"@type\":\"PropertyValueSpecification\",\"valueRequired\":true,\"valueName\":\"search_term_string\"}}],\"inLanguage\":\"pl-PL\"}]}<\/script>\n<!-- \/ Yoast SEO plugin. -->","yoast_head_json":{"title":"Acheter de la coca\u00efne colombienne en ligne - Coca\u00efne colombienne \u00e0 vendre","description":"Notre magasin propose \u00e0 la vente de la coca\u00efne colombienne de qualit\u00e9 sup\u00e9rieure. Vous ne pourrez jamais vous passer de la qualit\u00e9 de nos produits. Si vous en avez besoin, vous pouvez acheter de la coca\u00efne colombienne en ligne imm\u00e9diatement. Commandez maintenant !","robots":{"index":"index","follow":"follow","max-snippet":"max-snippet:-1","max-image-preview":"max-image-preview:large","max-video-preview":"max-video-preview:-1"},"canonical":"https:\/\/poudresdenarco.com\/pl\/produkt\/kolumbijska-kokaina\/","og_locale":"pl_PL","og_type":"article","og_title":"Acheter de la coca\u00efne colombienne en ligne - Coca\u00efne colombienne \u00e0 vendre","og_description":"Notre magasin propose \u00e0 la vente de la coca\u00efne colombienne de qualit\u00e9 sup\u00e9rieure. Vous ne pourrez jamais vous passer de la qualit\u00e9 de nos produits. Si vous en avez besoin, vous pouvez acheter de la coca\u00efne colombienne en ligne imm\u00e9diatement. Commandez maintenant !","og_url":"https:\/\/poudresdenarco.com\/pl\/produkt\/kolumbijska-kokaina\/","og_site_name":"Poudresde Narco","article_modified_time":"2025-06-09T23:41:17+00:00","og_image":[{"width":600,"height":600,"url":"https:\/\/poudresdenarco.com\/wp-content\/uploads\/2023\/12\/Colombian-Cocaine.jpg","type":"image\/jpeg"}],"twitter_card":"summary_large_image","twitter_misc":{"Szacowany czas czytania":"2 minuty"},"schema":{"@context":"https:\/\/schema.org","@graph":[{"@type":"WebPage","@id":"https:\/\/poudresdenarco.com\/produit\/cocaine-colombienne\/","url":"https:\/\/poudresdenarco.com\/produit\/cocaine-colombienne\/","name":"Acheter de la coca\u00efne colombienne en ligne - Coca\u00efne colombienne \u00e0 vendre","isPartOf":{"@id":"https:\/\/poudresdenarco.com\/#website"},"primaryImageOfPage":{"@id":"https:\/\/poudresdenarco.com\/produit\/cocaine-colombienne\/#primaryimage"},"image":{"@id":"https:\/\/poudresdenarco.com\/produit\/cocaine-colombienne\/#primaryimage"},"thumbnailUrl":"https:\/\/poudresdenarco.com\/wp-content\/uploads\/2023\/12\/Colombian-Cocaine.jpg","datePublished":"2023-12-25T08:20:08+00:00","dateModified":"2025-06-09T23:41:17+00:00","description":"Notre magasin propose \u00e0 la vente de la coca\u00efne colombienne de qualit\u00e9 sup\u00e9rieure. Vous ne pourrez jamais vous passer de la qualit\u00e9 de nos produits. Si vous en avez besoin, vous pouvez acheter de la coca\u00efne colombienne en ligne imm\u00e9diatement. Commandez maintenant !","breadcrumb":{"@id":"https:\/\/poudresdenarco.com\/produit\/cocaine-colombienne\/#breadcrumb"},"inLanguage":"pl-PL","potentialAction":[{"@type":"ReadAction","target":["https:\/\/poudresdenarco.com\/produit\/cocaine-colombienne\/"]}]},{"@type":"ImageObject","inLanguage":"pl-PL","@id":"https:\/\/poudresdenarco.com\/produit\/cocaine-colombienne\/#primaryimage","url":"https:\/\/poudresdenarco.com\/wp-content\/uploads\/2023\/12\/Colombian-Cocaine.jpg","contentUrl":"https:\/\/poudresdenarco.com\/wp-content\/uploads\/2023\/12\/Colombian-Cocaine.jpg","width":600,"height":600,"caption":"Acheter Colombian-Cocaine en ligne"},{"@type":"BreadcrumbList","@id":"https:\/\/poudresdenarco.com\/produit\/cocaine-colombienne\/#breadcrumb","itemListElement":[{"@type":"ListItem","position":1,"name":"Home","item":"https:\/\/poudresdenarco.com\/"},{"@type":"ListItem","position":2,"name":"Boutique","item":"https:\/\/poudresdenarco.com\/boutique\/"},{"@type":"ListItem","position":3,"name":"Coca\u00efne colombienne"}]},{"@type":"WebSite","@id":"https:\/\/poudresdenarco.com\/#website","url":"https:\/\/poudresdenarco.com\/","name":"Poudresde Narco","description":"Acheter de la coca\u00efne et de l&#039;h\u00e9ro\u00efne en ligne","potentialAction":[{"@type":"SearchAction","target":{"@type":"EntryPoint","urlTemplate":"https:\/\/poudresdenarco.com\/?s={search_term_string}"},"query-input":{"@type":"PropertyValueSpecification","valueRequired":true,"valueName":"search_term_string"}}],"inLanguage":"pl-PL"}]}},"_links":{"self":[{"href":"https:\/\/poudresdenarco.com\/pl\/wp-json\/wp\/v2\/product\/61","targetHints":{"allow":["GET"]}}],"collection":[{"href":"https:\/\/poudresdenarco.com\/pl\/wp-json\/wp\/v2\/product"}],"about":[{"href":"https:\/\/poudresdenarco.com\/pl\/wp-json\/wp\/v2\/types\/product"}],"replies":[{"embeddable":true,"href":"https:\/\/poudresdenarco.com\/pl\/wp-json\/wp\/v2\/comments?post=61"}],"wp:featuredmedia":[{"embeddable":true,"href":"https:\/\/poudresdenarco.com\/pl\/wp-json\/wp\/v2\/media\/271"}],"wp:attachment":[{"href":"https:\/\/poudresdenarco.com\/pl\/wp-json\/wp\/v2\/media?parent=61"}],"wp:term":[{"taxonomy":"product_cat","embeddable":true,"href":"https:\/\/poudresdenarco.com\/pl\/wp-json\/wp\/v2\/product_cat?post=61"},{"taxonomy":"product_tag","embeddable":true,"href":"https:\/\/poudresdenarco.com\/pl\/wp-json\/wp\/v2\/product_tag?post=61"}],"curies":[{"name":"wp","href":"https:\/\/api.w.org\/{rel}","templated":true}]}}