{"id":6220,"date":"2024-10-18T05:38:32","date_gmt":"2024-10-18T05:38:32","guid":{"rendered":"https:\/\/poudresdenarco.com\/?post_type=product&#038;p=6220"},"modified":"2026-05-02T23:09:14","modified_gmt":"2026-05-02T23:09:14","slug":"dmxe","status":"publish","type":"product","link":"https:\/\/poudresdenarco.com\/pl\/produkt\/dmxe\/","title":{"rendered":"Dmxe"},"content":{"rendered":"<h2><strong>DMXE o wysokiej czysto\u015bci do bada\u0144 <a href=\"https:\/\/poudresdenarco.com\/pl\/produkt\/3-kl\/\">&#8211;<\/a> Proszki narkotyczne<\/strong><\/h2>\n<p>W Poudres de Narco dostarczamy <strong>Wysokiej jako\u015bci DMXE<\/strong> wy\u0142\u0105cznie do zastosowa\u0144 badawczych. Znany ze swojego unikalnego profilu w badaniach dysocjacyjnych, nasz DMXE jest produkowany zgodnie ze \u015bcis\u0142ymi normami czysto\u015bci i jako\u015bci, co czyni go zaufanym wyborem dla profesjonalist\u00f3w z dziedziny chemii i farmakologii Kup Research DMXE<a href=\"https:\/\/k2spices.com\/product-category\/k2-powder-incense\/\">.<\/a><\/p>\n<h3>Dlaczego warto wybra\u0107 DMXE od Poudres de Narco?<\/h3>\n<p>Dla badaczy jako\u015b\u0107 i sp\u00f3jno\u015b\u0107 produktu maj\u0105 kluczowe znaczenie. Wybieraj\u0105c <strong>DMXE dla bada\u0144<\/strong> Poudres de Narco, mo\u017cna korzysta\u0107 z :<\/p>\n<ul>\n<li><strong>Niezawodna czysto\u015b\u0107<\/strong> Ka\u017cda partia DMXE jest rygorystycznie testowana, aby zagwarantowa\u0107 wysoki poziom czysto\u015bci.<\/li>\n<li><strong>Sta\u0142a jako\u015b\u0107<\/strong> Nasz produkt jest poddawany obr\u00f3bce w celu spe\u0142nienia wymaga\u0144 laboratori\u00f3w i bada\u0144 analitycznych.<\/li>\n<li><strong>Wsparcie ekspert\u00f3w<\/strong> Nasz zesp\u00f3\u0142 s\u0142u\u017cy rad\u0105 w zakresie obs\u0142ugi, przechowywania i protoko\u0142\u00f3w bezpiecze\u0144stwa.<\/li>\n<\/ul>\n<h3>Aplikacje i wytyczne dotycz\u0105ce bezpiecze\u0144stwa<\/h3>\n<p>Le <strong>DMXE<\/strong> jest u\u017cywany w r\u00f3\u017cnych kontekstach bada\u0144 laboratoryjnych. Poudres de Narco koncentruje si\u0119 na protoko\u0142ach bezpiecze\u0144stwa dostosowanych do <strong>obs\u0142uga i przechowywanie<\/strong> tego produktu, zapewniaj\u0105c zgodno\u015b\u0107 i bezpiecze\u0144stwo badaczy:<\/p>\n<ul>\n<li><strong>Przechowywanie<\/strong> Przechowuj DMXE w ch\u0142odnym, suchym miejscu z dala od bezpo\u015bredniego \u015bwiat\u0142a.<\/li>\n<li><strong>Obs\u0142uga<\/strong> Nale\u017cy u\u017cywa\u0107 \u015brodk\u00f3w ochrony osobistej (PPE) i pracowa\u0107 w dobrze wentylowanych laboratoriach.<\/li>\n<li><strong>U\u017cycie zastrze\u017cone wy\u0142\u0105cznie do cel\u00f3w badawczych<\/strong> Ten produkt jest przeznaczony wy\u0142\u0105cznie do kontrolowanych \u015brodowisk badawczych.<\/li>\n<\/ul>\n<h3>Bezpieczne zamawianie dla profesjonalist\u00f3w<\/h3>\n<p>Nasza platforma online u\u0142atwia zakup <strong>DMXE do bada\u0144, Kup DMXE do bada\u0144<\/strong> do autoryzowanych plac\u00f3wek. Poudres de Narco koncentruje si\u0119 na bezpiecze\u0144stwie, jako\u015bci i poufno\u015bci, zapewniaj\u0105c, \u017ce wszystkie zam\u00f3wienia spe\u0142niaj\u0105 standardy zgodno\u015bci. <strong>Skontaktuj si\u0119 z nami<\/strong> aby uzyska\u0107 wi\u0119cej informacji lub poprosi\u0107 o wycen\u0119.<\/p>","protected":false},"excerpt":{"rendered":"<p>DMXE de Haute Puret\u00e9 pour la Recherche &#8211; Poudres de Narco Chez Poudres de Narco, nous fournissons du DMXE de qualit\u00e9 sup\u00e9rieure destin\u00e9 uniquement aux applications de recherche. Connu pour son profil unique dans les \u00e9tudes dissociatives, notre DMXE est fabriqu\u00e9 selon des normes strictes de puret\u00e9 et de qualit\u00e9, ce qui en fait un&hellip;<\/p>","protected":false},"featured_media":6295,"comment_status":"open","ping_status":"closed","template":"","meta":{"_joinchat":[]},"product_cat":[558],"product_tag":[],"class_list":{"0":"post-6220","1":"product","2":"type-product","3":"status-publish","4":"has-post-thumbnail","6":"product_cat-chimiques-de-recherche","8":"first","9":"instock","10":"shipping-taxable","11":"purchasable","12":"product-type-variable","13":"col-xs-6 col-sm-4","14":"col-md-3 col-lg-3","15":"un-4-cols"},"yoast_head":"<!-- This site is optimized with the Yoast SEO plugin v23.8 - https:\/\/yoast.com\/wordpress\/plugins\/seo\/ -->\n<title>Acheter DMXE de Recherche | Poudres de Narco<\/title>\n<meta name=\"description\" content=\"DMXE de haute puret\u00e9 pour la recherche chez Poudres de Narco. Qualit\u00e9 fiable et s\u00e9curit\u00e9 assur\u00e9e pour les applications en laboratoire, Acheter DMXE .\" \/>\n<meta name=\"robots\" content=\"index, follow, max-snippet:-1, max-image-preview:large, max-video-preview:-1\" \/>\n<link rel=\"canonical\" href=\"https:\/\/poudresdenarco.com\/pl\/produkt\/dmxe\/\" \/>\n<meta property=\"og:locale\" content=\"pl_PL\" \/>\n<meta property=\"og:type\" content=\"article\" \/>\n<meta property=\"og:title\" content=\"Acheter DMXE de Recherche | Poudres de Narco\" \/>\n<meta property=\"og:description\" content=\"DMXE de haute puret\u00e9 pour la recherche chez Poudres de Narco. Qualit\u00e9 fiable et s\u00e9curit\u00e9 assur\u00e9e pour les applications en laboratoire, Acheter DMXE .\" \/>\n<meta property=\"og:url\" content=\"https:\/\/poudresdenarco.com\/pl\/produkt\/dmxe\/\" \/>\n<meta property=\"og:site_name\" content=\"Poudresde Narco\" \/>\n<meta property=\"article:modified_time\" content=\"2026-05-02T23:09:14+00:00\" \/>\n<meta property=\"og:image\" content=\"https:\/\/poudresdenarco.com\/wp-content\/uploads\/2024\/10\/Dmxe-1.gif\" \/>\n\t<meta property=\"og:image:width\" content=\"600\" \/>\n\t<meta property=\"og:image:height\" content=\"600\" \/>\n\t<meta property=\"og:image:type\" content=\"image\/gif\" \/>\n<meta name=\"twitter:card\" content=\"summary_large_image\" \/>\n<meta name=\"twitter:label1\" content=\"Szacowany czas czytania\" \/>\n\t<meta name=\"twitter:data1\" content=\"2 minuty\" \/>\n<script type=\"application\/ld+json\" class=\"yoast-schema-graph\">{\"@context\":\"https:\/\/schema.org\",\"@graph\":[{\"@type\":\"WebPage\",\"@id\":\"https:\/\/poudresdenarco.com\/produit\/dmxe\/\",\"url\":\"https:\/\/poudresdenarco.com\/produit\/dmxe\/\",\"name\":\"Acheter DMXE de Recherche | Poudres de Narco\",\"isPartOf\":{\"@id\":\"https:\/\/poudresdenarco.com\/#website\"},\"primaryImageOfPage\":{\"@id\":\"https:\/\/poudresdenarco.com\/produit\/dmxe\/#primaryimage\"},\"image\":{\"@id\":\"https:\/\/poudresdenarco.com\/produit\/dmxe\/#primaryimage\"},\"thumbnailUrl\":\"https:\/\/poudresdenarco.com\/wp-content\/uploads\/2024\/10\/Dmxe-1.gif\",\"datePublished\":\"2024-10-18T05:38:32+00:00\",\"dateModified\":\"2026-05-02T23:09:14+00:00\",\"description\":\"DMXE de haute puret\u00e9 pour la recherche chez Poudres de Narco. Qualit\u00e9 fiable et s\u00e9curit\u00e9 assur\u00e9e pour les applications en laboratoire, Acheter DMXE .\",\"breadcrumb\":{\"@id\":\"https:\/\/poudresdenarco.com\/produit\/dmxe\/#breadcrumb\"},\"inLanguage\":\"pl-PL\",\"potentialAction\":[{\"@type\":\"ReadAction\",\"target\":[\"https:\/\/poudresdenarco.com\/produit\/dmxe\/\"]}]},{\"@type\":\"ImageObject\",\"inLanguage\":\"pl-PL\",\"@id\":\"https:\/\/poudresdenarco.com\/produit\/dmxe\/#primaryimage\",\"url\":\"https:\/\/poudresdenarco.com\/wp-content\/uploads\/2024\/10\/Dmxe-1.gif\",\"contentUrl\":\"https:\/\/poudresdenarco.com\/wp-content\/uploads\/2024\/10\/Dmxe-1.gif\",\"width\":600,\"height\":600,\"caption\":\"Acheter DMXE de recherche\"},{\"@type\":\"BreadcrumbList\",\"@id\":\"https:\/\/poudresdenarco.com\/produit\/dmxe\/#breadcrumb\",\"itemListElement\":[{\"@type\":\"ListItem\",\"position\":1,\"name\":\"Home\",\"item\":\"https:\/\/poudresdenarco.com\/\"},{\"@type\":\"ListItem\",\"position\":2,\"name\":\"Boutique\",\"item\":\"https:\/\/poudresdenarco.com\/boutique\/\"},{\"@type\":\"ListItem\",\"position\":3,\"name\":\"Dmxe\"}]},{\"@type\":\"WebSite\",\"@id\":\"https:\/\/poudresdenarco.com\/#website\",\"url\":\"https:\/\/poudresdenarco.com\/\",\"name\":\"Poudresde Narco\",\"description\":\"Acheter de la coca\u00efne et de l&#039;h\u00e9ro\u00efne en ligne\",\"potentialAction\":[{\"@type\":\"SearchAction\",\"target\":{\"@type\":\"EntryPoint\",\"urlTemplate\":\"https:\/\/poudresdenarco.com\/?s={search_term_string}\"},\"query-input\":{\"@type\":\"PropertyValueSpecification\",\"valueRequired\":true,\"valueName\":\"search_term_string\"}}],\"inLanguage\":\"pl-PL\"}]}<\/script>\n<!-- \/ Yoast SEO plugin. -->","yoast_head_json":{"title":"Acheter DMXE de Recherche | Poudres de Narco","description":"DMXE de haute puret\u00e9 pour la recherche chez Poudres de Narco. Qualit\u00e9 fiable et s\u00e9curit\u00e9 assur\u00e9e pour les applications en laboratoire, Acheter DMXE .","robots":{"index":"index","follow":"follow","max-snippet":"max-snippet:-1","max-image-preview":"max-image-preview:large","max-video-preview":"max-video-preview:-1"},"canonical":"https:\/\/poudresdenarco.com\/pl\/produkt\/dmxe\/","og_locale":"pl_PL","og_type":"article","og_title":"Acheter DMXE de Recherche | Poudres de Narco","og_description":"DMXE de haute puret\u00e9 pour la recherche chez Poudres de Narco. Qualit\u00e9 fiable et s\u00e9curit\u00e9 assur\u00e9e pour les applications en laboratoire, Acheter DMXE .","og_url":"https:\/\/poudresdenarco.com\/pl\/produkt\/dmxe\/","og_site_name":"Poudresde Narco","article_modified_time":"2026-05-02T23:09:14+00:00","og_image":[{"width":600,"height":600,"url":"https:\/\/poudresdenarco.com\/wp-content\/uploads\/2024\/10\/Dmxe-1.gif","type":"image\/gif"}],"twitter_card":"summary_large_image","twitter_misc":{"Szacowany czas czytania":"2 minuty"},"schema":{"@context":"https:\/\/schema.org","@graph":[{"@type":"WebPage","@id":"https:\/\/poudresdenarco.com\/produit\/dmxe\/","url":"https:\/\/poudresdenarco.com\/produit\/dmxe\/","name":"Acheter DMXE de Recherche | Poudres de Narco","isPartOf":{"@id":"https:\/\/poudresdenarco.com\/#website"},"primaryImageOfPage":{"@id":"https:\/\/poudresdenarco.com\/produit\/dmxe\/#primaryimage"},"image":{"@id":"https:\/\/poudresdenarco.com\/produit\/dmxe\/#primaryimage"},"thumbnailUrl":"https:\/\/poudresdenarco.com\/wp-content\/uploads\/2024\/10\/Dmxe-1.gif","datePublished":"2024-10-18T05:38:32+00:00","dateModified":"2026-05-02T23:09:14+00:00","description":"DMXE de haute puret\u00e9 pour la recherche chez Poudres de Narco. Qualit\u00e9 fiable et s\u00e9curit\u00e9 assur\u00e9e pour les applications en laboratoire, Acheter DMXE .","breadcrumb":{"@id":"https:\/\/poudresdenarco.com\/produit\/dmxe\/#breadcrumb"},"inLanguage":"pl-PL","potentialAction":[{"@type":"ReadAction","target":["https:\/\/poudresdenarco.com\/produit\/dmxe\/"]}]},{"@type":"ImageObject","inLanguage":"pl-PL","@id":"https:\/\/poudresdenarco.com\/produit\/dmxe\/#primaryimage","url":"https:\/\/poudresdenarco.com\/wp-content\/uploads\/2024\/10\/Dmxe-1.gif","contentUrl":"https:\/\/poudresdenarco.com\/wp-content\/uploads\/2024\/10\/Dmxe-1.gif","width":600,"height":600,"caption":"Acheter DMXE de recherche"},{"@type":"BreadcrumbList","@id":"https:\/\/poudresdenarco.com\/produit\/dmxe\/#breadcrumb","itemListElement":[{"@type":"ListItem","position":1,"name":"Home","item":"https:\/\/poudresdenarco.com\/"},{"@type":"ListItem","position":2,"name":"Boutique","item":"https:\/\/poudresdenarco.com\/boutique\/"},{"@type":"ListItem","position":3,"name":"Dmxe"}]},{"@type":"WebSite","@id":"https:\/\/poudresdenarco.com\/#website","url":"https:\/\/poudresdenarco.com\/","name":"Poudresde Narco","description":"Acheter de la coca\u00efne et de l&#039;h\u00e9ro\u00efne en ligne","potentialAction":[{"@type":"SearchAction","target":{"@type":"EntryPoint","urlTemplate":"https:\/\/poudresdenarco.com\/?s={search_term_string}"},"query-input":{"@type":"PropertyValueSpecification","valueRequired":true,"valueName":"search_term_string"}}],"inLanguage":"pl-PL"}]}},"_links":{"self":[{"href":"https:\/\/poudresdenarco.com\/pl\/wp-json\/wp\/v2\/product\/6220","targetHints":{"allow":["GET"]}}],"collection":[{"href":"https:\/\/poudresdenarco.com\/pl\/wp-json\/wp\/v2\/product"}],"about":[{"href":"https:\/\/poudresdenarco.com\/pl\/wp-json\/wp\/v2\/types\/product"}],"replies":[{"embeddable":true,"href":"https:\/\/poudresdenarco.com\/pl\/wp-json\/wp\/v2\/comments?post=6220"}],"wp:featuredmedia":[{"embeddable":true,"href":"https:\/\/poudresdenarco.com\/pl\/wp-json\/wp\/v2\/media\/6295"}],"wp:attachment":[{"href":"https:\/\/poudresdenarco.com\/pl\/wp-json\/wp\/v2\/media?parent=6220"}],"wp:term":[{"taxonomy":"product_cat","embeddable":true,"href":"https:\/\/poudresdenarco.com\/pl\/wp-json\/wp\/v2\/product_cat?post=6220"},{"taxonomy":"product_tag","embeddable":true,"href":"https:\/\/poudresdenarco.com\/pl\/wp-json\/wp\/v2\/product_tag?post=6220"}],"curies":[{"name":"wp","href":"https:\/\/api.w.org\/{rel}","templated":true}]}}