{"id":6226,"date":"2024-10-18T05:40:28","date_gmt":"2024-10-18T05:40:28","guid":{"rendered":"https:\/\/poudresdenarco.com\/?post_type=product&#038;p=6226"},"modified":"2026-01-17T03:00:31","modified_gmt":"2026-01-17T03:00:31","slug":"fentanyl","status":"publish","type":"product","link":"https:\/\/poudresdenarco.com\/pl\/produkt\/fentanyl\/","title":{"rendered":"Fentanyl"},"content":{"rendered":"<div class=\"flex max-w-full flex-col flex-grow\">\n<div class=\"min-h-8 text-message flex w-full flex-col items-end gap-2 whitespace-normal break-words [.text-message+&amp;]:mt-5\" dir=\"auto\" data-message-author-role=\"assistant\" data-message-id=\"cd93b966-aa26-4387-b278-805577f36b37\" data-message-model-slug=\"gpt-4o\">\n<div class=\"flex w-full flex-col gap-1 empty:hidden first:pt-[3px]\">\n<div class=\"markdown prose w-full break-words dark:prose-invert light\">\n<h2><strong>Kup Fentanyl klasy farmaceutycznej <a href=\"https:\/\/poudresdenarco.com\/pl\/kategoria-produktu\/kupic-kokaine-online\/\">-<\/a> Zatwierdzony dostawca Narco Powders<\/strong><\/h2>\n<p>Kupi\u0107 Fentanyl, Narco Powders jest tw\u00f3j <strong>zatwierdzony dostawca fentanylu<\/strong>oferta <strong>fentanyl o jako\u015bci farmaceutycznej<\/strong> do zastosowa\u0144 medycznych i badawczych. Nasz <strong>fentanyl medyczny<\/strong> spe\u0142nia najbardziej rygorystyczne normy czysto\u015bci i bezpiecze\u0144stwa, niezb\u0119dne dla <strong>kliniczne leczenie b\u00f3lu<\/strong> oraz inne zastosowania przemys\u0142owe i farmaceutyczne<a href=\"https:\/\/legitgrams.com\/de\/shop\/\">.<\/a><\/p>\n<h3>Dlaczego warto kupi\u0107 Fentanyl od Poudres de Narco?<\/h3>\n<p>Wybierz <strong>autoryzowany dystrybutor fentanylu<\/strong> ma zasadnicze znaczenie dla zapewnienia bezpiecze\u0144stwa i zgodno\u015bci ka\u017cdego zam\u00f3wienia. Kupuj\u0105c w Poudres de Narco, korzystasz z :<\/p>\n<ul>\n<li><strong>Najwy\u017csza jako\u015b\u0107<\/strong> Czysty, niezawodny fentanyl, niezb\u0119dny do uzyskania sp\u00f3jnych wynik\u00f3w w <strong>zastosowanie farmaceutyczne<\/strong>.<\/li>\n<li><strong>Maksymalne bezpiecze\u0144stwo<\/strong> Dostarczamy <strong>protoko\u0142y bezpiecze\u0144stwa dotycz\u0105ce obchodzenia si\u0119 i przechowywania fentanylu<\/strong>aby zapewni\u0107 bezpieczne u\u017cytkowanie.<\/li>\n<li><strong>Rozwi\u0105zania hurtowe<\/strong> Nasz <strong>hurtownia fentanylu dla szpitali<\/strong> oraz <strong>apteki<\/strong> gwarantuj\u0105 niezawodne dostawy w konkurencyjnej cenie.<\/li>\n<\/ul>\n<h3>Aplikacje i bezpiecze\u0144stwo<\/h3>\n<p>Le <strong>fentanyl do u\u017cytku farmaceutycznego<\/strong> kt\u00f3re dystrybuujemy, s\u0105 wykorzystywane w r\u00f3\u017cnych kontekstach:<\/p>\n<ul>\n<li><strong>Klinika<\/strong> Kontrolowane, szybkie u\u015bmierzanie b\u00f3lu w plac\u00f3wkach opieki zdrowotnej.<\/li>\n<li><strong>Farmaceutyki<\/strong> Produkcja lek\u00f3w o wysokiej precyzji.<\/li>\n<li><strong>Badania i przemys\u0142<\/strong> Badania laboratoryjne i pr\u00f3by farmakologiczne wymagaj\u0105ce czystego produktu.<\/li>\n<\/ul>\n<p>Zapewniamy zgodno\u015b\u0107 poprzez nasze <strong>Numer CAS dla fentanylu (7664-39-3)<\/strong>gwarantuj\u0105c autentyczny produkt wysokiej jako\u015bci.<\/p>\n<h3>Gotowy do z\u0142o\u017cenia zam\u00f3wienia?<\/h3>\n<p>Aby bezpiecznie kupi\u0107 fentanyl, skontaktuj si\u0119 z Narco Powders ju\u017c dzi\u015b. Jeste\u015bmy <strong>dostawca fentanylu o wysokiej czysto\u015bci<\/strong>dostarczaj\u0105c niezawodne i bezpieczne rozwi\u0105zania dla wszystkich potrzeb biznesowych.<\/p>\n<\/div>\n<\/div>\n<\/div>\n<\/div>\n<div class=\"mb-2 flex gap-3 empty:hidden -ml-2\">\n<div class=\"items-center justify-start rounded-xl p-1 flex\">\n<div class=\"flex items-center\"><\/div>\n<\/div>\n<\/div>","protected":false},"excerpt":{"rendered":"<p>Fentanyl jest syntetycznym opioidem. Stosuje si\u0119 go w celu \u0142agodzenia silnego ostrego i przewlek\u0142ego b\u00f3lu w anestezjologii, intensywnej terapii, medycynie ratunkowej i leczeniu b\u00f3lu ambulatoryjnego. Stosowany jest w postaci zastrzyk\u00f3w, plastr\u00f3w, aerozoli do nosa oraz poprzez wch\u0142anianie przez b\u0142on\u0119 \u015bluzow\u0105 policzka.<\/p>","protected":false},"featured_media":6301,"comment_status":"open","ping_status":"closed","template":"","meta":{"_joinchat":[]},"product_cat":[558],"product_tag":[],"class_list":{"0":"post-6226","1":"product","2":"type-product","3":"status-publish","4":"has-post-thumbnail","6":"product_cat-chimiques-de-recherche","8":"first","9":"instock","10":"shipping-taxable","11":"purchasable","12":"product-type-variable","13":"col-xs-6 col-sm-4","14":"col-md-3 col-lg-3","15":"un-4-cols"},"yoast_head":"<!-- This site is optimized with the Yoast SEO plugin v23.8 - https:\/\/yoast.com\/wordpress\/plugins\/seo\/ -->\n<title>Acheter Fentanyl Pharmaceutique | Poudres de Narco<\/title>\n<meta name=\"description\" content=\"&quot;Poudres de Narco propose du fentanyl de qualit\u00e9 pharmaceutique pour des applications m\u00e9dicales et industrielles. Achat s\u00e9curis\u00e9 avec protocoles de s\u00e9curit\u00e9.\" \/>\n<meta name=\"robots\" content=\"index, follow, max-snippet:-1, max-image-preview:large, max-video-preview:-1\" \/>\n<link rel=\"canonical\" href=\"https:\/\/poudresdenarco.com\/pl\/produkt\/fentanyl\/\" \/>\n<meta property=\"og:locale\" content=\"pl_PL\" \/>\n<meta property=\"og:type\" content=\"article\" \/>\n<meta property=\"og:title\" content=\"Acheter Fentanyl Pharmaceutique | Poudres de Narco\" \/>\n<meta property=\"og:description\" content=\"&quot;Poudres de Narco propose du fentanyl de qualit\u00e9 pharmaceutique pour des applications m\u00e9dicales et industrielles. Achat s\u00e9curis\u00e9 avec protocoles de s\u00e9curit\u00e9.\" \/>\n<meta property=\"og:url\" content=\"https:\/\/poudresdenarco.com\/pl\/produkt\/fentanyl\/\" \/>\n<meta property=\"og:site_name\" content=\"Poudresde Narco\" \/>\n<meta property=\"article:modified_time\" content=\"2026-01-17T03:00:31+00:00\" \/>\n<meta property=\"og:image\" content=\"https:\/\/poudresdenarco.com\/wp-content\/uploads\/2024\/10\/Fentanyl.gif\" \/>\n\t<meta property=\"og:image:width\" content=\"600\" \/>\n\t<meta property=\"og:image:height\" content=\"600\" \/>\n\t<meta property=\"og:image:type\" content=\"image\/gif\" \/>\n<meta name=\"twitter:card\" content=\"summary_large_image\" \/>\n<meta name=\"twitter:label1\" content=\"Szacowany czas czytania\" \/>\n\t<meta name=\"twitter:data1\" content=\"2 minuty\" \/>\n<script type=\"application\/ld+json\" class=\"yoast-schema-graph\">{\"@context\":\"https:\/\/schema.org\",\"@graph\":[{\"@type\":\"WebPage\",\"@id\":\"https:\/\/poudresdenarco.com\/produit\/fentanyl\/\",\"url\":\"https:\/\/poudresdenarco.com\/produit\/fentanyl\/\",\"name\":\"Acheter Fentanyl Pharmaceutique | Poudres de Narco\",\"isPartOf\":{\"@id\":\"https:\/\/poudresdenarco.com\/#website\"},\"primaryImageOfPage\":{\"@id\":\"https:\/\/poudresdenarco.com\/produit\/fentanyl\/#primaryimage\"},\"image\":{\"@id\":\"https:\/\/poudresdenarco.com\/produit\/fentanyl\/#primaryimage\"},\"thumbnailUrl\":\"https:\/\/poudresdenarco.com\/wp-content\/uploads\/2024\/10\/Fentanyl.gif\",\"datePublished\":\"2024-10-18T05:40:28+00:00\",\"dateModified\":\"2026-01-17T03:00:31+00:00\",\"description\":\"\\\"Poudres de Narco propose du fentanyl de qualit\u00e9 pharmaceutique pour des applications m\u00e9dicales et industrielles. Achat s\u00e9curis\u00e9 avec protocoles de s\u00e9curit\u00e9.\",\"breadcrumb\":{\"@id\":\"https:\/\/poudresdenarco.com\/produit\/fentanyl\/#breadcrumb\"},\"inLanguage\":\"pl-PL\",\"potentialAction\":[{\"@type\":\"ReadAction\",\"target\":[\"https:\/\/poudresdenarco.com\/produit\/fentanyl\/\"]}]},{\"@type\":\"ImageObject\",\"inLanguage\":\"pl-PL\",\"@id\":\"https:\/\/poudresdenarco.com\/produit\/fentanyl\/#primaryimage\",\"url\":\"https:\/\/poudresdenarco.com\/wp-content\/uploads\/2024\/10\/Fentanyl.gif\",\"contentUrl\":\"https:\/\/poudresdenarco.com\/wp-content\/uploads\/2024\/10\/Fentanyl.gif\",\"width\":600,\"height\":600,\"caption\":\"Fentanyl\"},{\"@type\":\"BreadcrumbList\",\"@id\":\"https:\/\/poudresdenarco.com\/produit\/fentanyl\/#breadcrumb\",\"itemListElement\":[{\"@type\":\"ListItem\",\"position\":1,\"name\":\"Home\",\"item\":\"https:\/\/poudresdenarco.com\/\"},{\"@type\":\"ListItem\",\"position\":2,\"name\":\"Boutique\",\"item\":\"https:\/\/poudresdenarco.com\/boutique\/\"},{\"@type\":\"ListItem\",\"position\":3,\"name\":\"Fentanyl\"}]},{\"@type\":\"WebSite\",\"@id\":\"https:\/\/poudresdenarco.com\/#website\",\"url\":\"https:\/\/poudresdenarco.com\/\",\"name\":\"Poudresde Narco\",\"description\":\"Acheter de la coca\u00efne et de l&#039;h\u00e9ro\u00efne en ligne\",\"potentialAction\":[{\"@type\":\"SearchAction\",\"target\":{\"@type\":\"EntryPoint\",\"urlTemplate\":\"https:\/\/poudresdenarco.com\/?s={search_term_string}\"},\"query-input\":{\"@type\":\"PropertyValueSpecification\",\"valueRequired\":true,\"valueName\":\"search_term_string\"}}],\"inLanguage\":\"pl-PL\"}]}<\/script>\n<!-- \/ Yoast SEO plugin. -->","yoast_head_json":{"title":"Acheter Fentanyl Pharmaceutique | Poudres de Narco","description":"\"Poudres de Narco propose du fentanyl de qualit\u00e9 pharmaceutique pour des applications m\u00e9dicales et industrielles. Achat s\u00e9curis\u00e9 avec protocoles de s\u00e9curit\u00e9.","robots":{"index":"index","follow":"follow","max-snippet":"max-snippet:-1","max-image-preview":"max-image-preview:large","max-video-preview":"max-video-preview:-1"},"canonical":"https:\/\/poudresdenarco.com\/pl\/produkt\/fentanyl\/","og_locale":"pl_PL","og_type":"article","og_title":"Acheter Fentanyl Pharmaceutique | Poudres de Narco","og_description":"\"Poudres de Narco propose du fentanyl de qualit\u00e9 pharmaceutique pour des applications m\u00e9dicales et industrielles. Achat s\u00e9curis\u00e9 avec protocoles de s\u00e9curit\u00e9.","og_url":"https:\/\/poudresdenarco.com\/pl\/produkt\/fentanyl\/","og_site_name":"Poudresde Narco","article_modified_time":"2026-01-17T03:00:31+00:00","og_image":[{"width":600,"height":600,"url":"https:\/\/poudresdenarco.com\/wp-content\/uploads\/2024\/10\/Fentanyl.gif","type":"image\/gif"}],"twitter_card":"summary_large_image","twitter_misc":{"Szacowany czas czytania":"2 minuty"},"schema":{"@context":"https:\/\/schema.org","@graph":[{"@type":"WebPage","@id":"https:\/\/poudresdenarco.com\/produit\/fentanyl\/","url":"https:\/\/poudresdenarco.com\/produit\/fentanyl\/","name":"Acheter Fentanyl Pharmaceutique | Poudres de Narco","isPartOf":{"@id":"https:\/\/poudresdenarco.com\/#website"},"primaryImageOfPage":{"@id":"https:\/\/poudresdenarco.com\/produit\/fentanyl\/#primaryimage"},"image":{"@id":"https:\/\/poudresdenarco.com\/produit\/fentanyl\/#primaryimage"},"thumbnailUrl":"https:\/\/poudresdenarco.com\/wp-content\/uploads\/2024\/10\/Fentanyl.gif","datePublished":"2024-10-18T05:40:28+00:00","dateModified":"2026-01-17T03:00:31+00:00","description":"\"Poudres de Narco propose du fentanyl de qualit\u00e9 pharmaceutique pour des applications m\u00e9dicales et industrielles. Achat s\u00e9curis\u00e9 avec protocoles de s\u00e9curit\u00e9.","breadcrumb":{"@id":"https:\/\/poudresdenarco.com\/produit\/fentanyl\/#breadcrumb"},"inLanguage":"pl-PL","potentialAction":[{"@type":"ReadAction","target":["https:\/\/poudresdenarco.com\/produit\/fentanyl\/"]}]},{"@type":"ImageObject","inLanguage":"pl-PL","@id":"https:\/\/poudresdenarco.com\/produit\/fentanyl\/#primaryimage","url":"https:\/\/poudresdenarco.com\/wp-content\/uploads\/2024\/10\/Fentanyl.gif","contentUrl":"https:\/\/poudresdenarco.com\/wp-content\/uploads\/2024\/10\/Fentanyl.gif","width":600,"height":600,"caption":"Fentanyl"},{"@type":"BreadcrumbList","@id":"https:\/\/poudresdenarco.com\/produit\/fentanyl\/#breadcrumb","itemListElement":[{"@type":"ListItem","position":1,"name":"Home","item":"https:\/\/poudresdenarco.com\/"},{"@type":"ListItem","position":2,"name":"Boutique","item":"https:\/\/poudresdenarco.com\/boutique\/"},{"@type":"ListItem","position":3,"name":"Fentanyl"}]},{"@type":"WebSite","@id":"https:\/\/poudresdenarco.com\/#website","url":"https:\/\/poudresdenarco.com\/","name":"Poudresde Narco","description":"Acheter de la coca\u00efne et de l&#039;h\u00e9ro\u00efne en ligne","potentialAction":[{"@type":"SearchAction","target":{"@type":"EntryPoint","urlTemplate":"https:\/\/poudresdenarco.com\/?s={search_term_string}"},"query-input":{"@type":"PropertyValueSpecification","valueRequired":true,"valueName":"search_term_string"}}],"inLanguage":"pl-PL"}]}},"_links":{"self":[{"href":"https:\/\/poudresdenarco.com\/pl\/wp-json\/wp\/v2\/product\/6226","targetHints":{"allow":["GET"]}}],"collection":[{"href":"https:\/\/poudresdenarco.com\/pl\/wp-json\/wp\/v2\/product"}],"about":[{"href":"https:\/\/poudresdenarco.com\/pl\/wp-json\/wp\/v2\/types\/product"}],"replies":[{"embeddable":true,"href":"https:\/\/poudresdenarco.com\/pl\/wp-json\/wp\/v2\/comments?post=6226"}],"wp:featuredmedia":[{"embeddable":true,"href":"https:\/\/poudresdenarco.com\/pl\/wp-json\/wp\/v2\/media\/6301"}],"wp:attachment":[{"href":"https:\/\/poudresdenarco.com\/pl\/wp-json\/wp\/v2\/media?parent=6226"}],"wp:term":[{"taxonomy":"product_cat","embeddable":true,"href":"https:\/\/poudresdenarco.com\/pl\/wp-json\/wp\/v2\/product_cat?post=6226"},{"taxonomy":"product_tag","embeddable":true,"href":"https:\/\/poudresdenarco.com\/pl\/wp-json\/wp\/v2\/product_tag?post=6226"}],"curies":[{"name":"wp","href":"https:\/\/api.w.org\/{rel}","templated":true}]}}