{"id":153,"date":"2023-12-25T08:20:26","date_gmt":"2023-12-25T08:20:26","guid":{"rendered":"https:\/\/unkrautmarkt.com\/narco1\/?post_type=product&#038;p=153"},"modified":"2025-06-08T22:07:14","modified_gmt":"2025-06-08T22:07:14","slug":"acheter-de-la-poudre-de-ketamine-anasket","status":"publish","type":"product","link":"https:\/\/poudresdenarco.com\/pt\/produto\/buy-ketamine-anasket-powder\/","title":{"rendered":"Comprar cetamina em p\u00f3 Anasket"},"content":{"rendered":"<h2>Comprar Anasket cetamina em p\u00f3 online<\/h2>\n<h3>Comprar cetamina em p\u00f3 Anasket<\/h3>\n<p>Comprar Anesket Premium online, 1000 mg\/10 ml. Para venda \u00e9 Anesket 1000 mg\/10 ml.<\/p>\n<p>Acqu\u00e9rir de l&rsquo;anesth\u00e9sique <a href=\"https:\/\/en.wikipedia.org\/wiki\/Ketamine\">cetamina<\/a> en poudre La vente d&rsquo;anesth\u00e9siques est l&rsquo;une de nos principales activit\u00e9s ici. Par cons\u00e9quent, nous fournissons ou vendons de l\u2019anesket avec ou sans ordonnance. Anesket peut \u00eatre achet\u00e9 en ligne par des clients du monde entier avec ou sans ordonnance. Cependant, ce m\u00e9dicament agit comme la k\u00e9tamine. Il est utilis\u00e9 pour endormir un patient lors d\u2019interventions difficiles. Elle rel\u00e8ve donc de la m\u00eame sp\u00e9cialit\u00e9 m\u00e9dicale que l\u2019anesth\u00e9sie.<\/p>\n<p>A droga \u00e9 altamente potente devido \u00e0s suas propriedades sedativas e alucinog\u00e9nias, e apresenta-se num frasco incolor. A anesket \u00e9 amplamente utilizada como relaxante muscular na maioria dos pa\u00edses do mundo. O medicamento \u00e9 utilizado como sedativo ou anest\u00e9sico, mas tamb\u00e9m pode ser muito \u00fatil no tratamento da dor, da depress\u00e3o e de v\u00e1rios outros problemas. Inje\u00e7\u00e3o anest\u00e9sica sem receita m\u00e9dica<\/p>\n<p>Anesket Injection, sem receita | Anesket 1000mg-10ml Solution | Buy ketamine online concealed nearby<\/p>\n<h3>O que fazemos \u00e9 fornecer a mais alta qualidade ANESKET 1000MG-10ML SOLUTION.<\/h3>\n<p>O nosso <a href=\"https:\/\/poudresdenarco.com\/pt\/produto\/buy-ketamine-anasket-powder\/\">SOLU\u00c7\u00c3O DE ANESKET 1000MG-10ML<\/a> de qualit\u00e9 exceptionnelle nous a permis de nous tailler une niche unique dans cette industrie.<\/p>\n<p>A anestesia injet\u00e1vel pode ser utilizada isoladamente ou em combina\u00e7\u00e3o com outros medicamentos para induzir a inconsci\u00eancia antes, durante e ap\u00f3s uma cirurgia ou outras opera\u00e7\u00f5es m\u00e9dicas. Pertence ao grupo de medicamentos conhecidos como anest\u00e9sicos gerais. Anestesia legal, 1000 mg\/10 ml. Inje\u00e7\u00e3o de cetamina para venda. Comprar p\u00f3 anest\u00e9sico de cetamina.<\/p>\n<p>Os anest\u00e9sicos s\u00f3 podem ser administrados por pessoal m\u00e9dico qualificado e apenas sob a sua supervis\u00e3o atenta. Se necessitar de Anesket durante uma cirurgia, o seu m\u00e9dico ou anestesista prescrever-lhe-\u00e1 a medica\u00e7\u00e3o e acompanhar\u00e1 de perto a sua recupera\u00e7\u00e3o. Anest\u00e9sico legal, 1000 mg\/10 ml. Adquirir o p\u00f3 anest\u00e9sico cetamina.<\/p>\n<p>&nbsp;<\/p>","protected":false},"excerpt":{"rendered":"<p>Acheter de la poudre de k\u00e9tamine Anasket en ligne Acheter de la poudre de k\u00e9tamine Anasket Achetez Premium Anesket en ligne, 1000 mg\/10 ml. \u00c0 vendre est Anesket 1000 mg\/10 ml. Acqu\u00e9rir de l&rsquo;anesth\u00e9sique k\u00e9tamine en poudre La vente d&rsquo;anesth\u00e9siques est l&rsquo;une de nos principales activit\u00e9s ici. Par cons\u00e9quent, nous fournissons ou vendons de l\u2019anesket&hellip;<\/p>","protected":false},"featured_media":262,"comment_status":"open","ping_status":"closed","template":"","meta":{"_joinchat":[]},"product_cat":[174],"product_tag":[],"class_list":{"0":"post-153","1":"product","2":"type-product","3":"status-publish","4":"has-post-thumbnail","6":"product_cat-la-ketamine","8":"first","9":"instock","10":"shipping-taxable","11":"purchasable","12":"product-type-variable","13":"col-xs-6 col-sm-4","14":"col-md-3 col-lg-3","15":"un-4-cols"},"yoast_head":"<!-- This site is optimized with the Yoast SEO plugin v23.8 - https:\/\/yoast.com\/wordpress\/plugins\/seo\/ -->\n<title>Acheter de la poudre de k\u00e9tamine Anasket en ligne - Poudre de k\u00e9tamine Anasket \u00e0 vendre<\/title>\n<meta name=\"description\" content=\"Votre commande de poudre de k\u00e9tamine Anasket \u00e0 vendre est notre responsabilit\u00e9. Nous prendrons en compte votre demande d&#039;achat de poudre de k\u00e9tamine Anasket en ligne et vous r\u00e9pondrons dans les plus brefs d\u00e9lais. Passez des commandes group\u00e9es d\u00e8s maintenant !\" \/>\n<meta name=\"robots\" content=\"index, follow, max-snippet:-1, max-image-preview:large, max-video-preview:-1\" \/>\n<link rel=\"canonical\" href=\"https:\/\/poudresdenarco.com\/pt\/produto\/buy-ketamine-anasket-powder\/\" \/>\n<meta property=\"og:locale\" content=\"pt_PT\" \/>\n<meta property=\"og:type\" content=\"article\" \/>\n<meta property=\"og:title\" content=\"Acheter de la poudre de k\u00e9tamine Anasket en ligne - Poudre de k\u00e9tamine Anasket \u00e0 vendre\" \/>\n<meta property=\"og:description\" content=\"Votre commande de poudre de k\u00e9tamine Anasket \u00e0 vendre est notre responsabilit\u00e9. Nous prendrons en compte votre demande d&#039;achat de poudre de k\u00e9tamine Anasket en ligne et vous r\u00e9pondrons dans les plus brefs d\u00e9lais. Passez des commandes group\u00e9es d\u00e8s maintenant !\" \/>\n<meta property=\"og:url\" content=\"https:\/\/poudresdenarco.com\/pt\/produto\/buy-ketamine-anasket-powder\/\" \/>\n<meta property=\"og:site_name\" content=\"Poudresde Narco\" \/>\n<meta property=\"article:modified_time\" content=\"2025-06-08T22:07:14+00:00\" \/>\n<meta property=\"og:image\" content=\"https:\/\/poudresdenarco.com\/wp-content\/uploads\/2023\/12\/Buy-Ketamine-Anasket-Powder.jpg\" \/>\n\t<meta property=\"og:image:width\" content=\"600\" \/>\n\t<meta property=\"og:image:height\" content=\"600\" \/>\n\t<meta property=\"og:image:type\" content=\"image\/jpeg\" \/>\n<meta name=\"twitter:card\" content=\"summary_large_image\" \/>\n<meta name=\"twitter:label1\" content=\"Tempo estimado de leitura\" \/>\n\t<meta name=\"twitter:data1\" content=\"2 minutos\" \/>\n<script type=\"application\/ld+json\" class=\"yoast-schema-graph\">{\"@context\":\"https:\/\/schema.org\",\"@graph\":[{\"@type\":\"WebPage\",\"@id\":\"https:\/\/poudresdenarco.com\/produit\/acheter-de-la-poudre-de-ketamine-anasket\/\",\"url\":\"https:\/\/poudresdenarco.com\/produit\/acheter-de-la-poudre-de-ketamine-anasket\/\",\"name\":\"Acheter de la poudre de k\u00e9tamine Anasket en ligne - Poudre de k\u00e9tamine Anasket \u00e0 vendre\",\"isPartOf\":{\"@id\":\"https:\/\/poudresdenarco.com\/#website\"},\"primaryImageOfPage\":{\"@id\":\"https:\/\/poudresdenarco.com\/produit\/acheter-de-la-poudre-de-ketamine-anasket\/#primaryimage\"},\"image\":{\"@id\":\"https:\/\/poudresdenarco.com\/produit\/acheter-de-la-poudre-de-ketamine-anasket\/#primaryimage\"},\"thumbnailUrl\":\"https:\/\/poudresdenarco.com\/wp-content\/uploads\/2023\/12\/Buy-Ketamine-Anasket-Powder.jpg\",\"datePublished\":\"2023-12-25T08:20:26+00:00\",\"dateModified\":\"2025-06-08T22:07:14+00:00\",\"description\":\"Votre commande de poudre de k\u00e9tamine Anasket \u00e0 vendre est notre responsabilit\u00e9. Nous prendrons en compte votre demande d'achat de poudre de k\u00e9tamine Anasket en ligne et vous r\u00e9pondrons dans les plus brefs d\u00e9lais. Passez des commandes group\u00e9es d\u00e8s maintenant !\",\"breadcrumb\":{\"@id\":\"https:\/\/poudresdenarco.com\/produit\/acheter-de-la-poudre-de-ketamine-anasket\/#breadcrumb\"},\"inLanguage\":\"pt-PT\",\"potentialAction\":[{\"@type\":\"ReadAction\",\"target\":[\"https:\/\/poudresdenarco.com\/produit\/acheter-de-la-poudre-de-ketamine-anasket\/\"]}]},{\"@type\":\"ImageObject\",\"inLanguage\":\"pt-PT\",\"@id\":\"https:\/\/poudresdenarco.com\/produit\/acheter-de-la-poudre-de-ketamine-anasket\/#primaryimage\",\"url\":\"https:\/\/poudresdenarco.com\/wp-content\/uploads\/2023\/12\/Buy-Ketamine-Anasket-Powder.jpg\",\"contentUrl\":\"https:\/\/poudresdenarco.com\/wp-content\/uploads\/2023\/12\/Buy-Ketamine-Anasket-Powder.jpg\",\"width\":600,\"height\":600},{\"@type\":\"BreadcrumbList\",\"@id\":\"https:\/\/poudresdenarco.com\/produit\/acheter-de-la-poudre-de-ketamine-anasket\/#breadcrumb\",\"itemListElement\":[{\"@type\":\"ListItem\",\"position\":1,\"name\":\"Home\",\"item\":\"https:\/\/poudresdenarco.com\/\"},{\"@type\":\"ListItem\",\"position\":2,\"name\":\"Boutique\",\"item\":\"https:\/\/poudresdenarco.com\/boutique\/\"},{\"@type\":\"ListItem\",\"position\":3,\"name\":\"Acheter de la poudre de k\u00e9tamine Anasket\"}]},{\"@type\":\"WebSite\",\"@id\":\"https:\/\/poudresdenarco.com\/#website\",\"url\":\"https:\/\/poudresdenarco.com\/\",\"name\":\"Poudresde Narco\",\"description\":\"Acheter de la coca\u00efne et de l&#039;h\u00e9ro\u00efne en ligne\",\"potentialAction\":[{\"@type\":\"SearchAction\",\"target\":{\"@type\":\"EntryPoint\",\"urlTemplate\":\"https:\/\/poudresdenarco.com\/?s={search_term_string}\"},\"query-input\":{\"@type\":\"PropertyValueSpecification\",\"valueRequired\":true,\"valueName\":\"search_term_string\"}}],\"inLanguage\":\"pt-PT\"}]}<\/script>\n<!-- \/ Yoast SEO plugin. -->","yoast_head_json":{"title":"Acheter de la poudre de k\u00e9tamine Anasket en ligne - Poudre de k\u00e9tamine Anasket \u00e0 vendre","description":"Votre commande de poudre de k\u00e9tamine Anasket \u00e0 vendre est notre responsabilit\u00e9. Nous prendrons en compte votre demande d'achat de poudre de k\u00e9tamine Anasket en ligne et vous r\u00e9pondrons dans les plus brefs d\u00e9lais. Passez des commandes group\u00e9es d\u00e8s maintenant !","robots":{"index":"index","follow":"follow","max-snippet":"max-snippet:-1","max-image-preview":"max-image-preview:large","max-video-preview":"max-video-preview:-1"},"canonical":"https:\/\/poudresdenarco.com\/pt\/produto\/buy-ketamine-anasket-powder\/","og_locale":"pt_PT","og_type":"article","og_title":"Acheter de la poudre de k\u00e9tamine Anasket en ligne - Poudre de k\u00e9tamine Anasket \u00e0 vendre","og_description":"Votre commande de poudre de k\u00e9tamine Anasket \u00e0 vendre est notre responsabilit\u00e9. Nous prendrons en compte votre demande d'achat de poudre de k\u00e9tamine Anasket en ligne et vous r\u00e9pondrons dans les plus brefs d\u00e9lais. Passez des commandes group\u00e9es d\u00e8s maintenant !","og_url":"https:\/\/poudresdenarco.com\/pt\/produto\/buy-ketamine-anasket-powder\/","og_site_name":"Poudresde Narco","article_modified_time":"2025-06-08T22:07:14+00:00","og_image":[{"width":600,"height":600,"url":"https:\/\/poudresdenarco.com\/wp-content\/uploads\/2023\/12\/Buy-Ketamine-Anasket-Powder.jpg","type":"image\/jpeg"}],"twitter_card":"summary_large_image","twitter_misc":{"Tempo estimado de leitura":"2 minutos"},"schema":{"@context":"https:\/\/schema.org","@graph":[{"@type":"WebPage","@id":"https:\/\/poudresdenarco.com\/produit\/acheter-de-la-poudre-de-ketamine-anasket\/","url":"https:\/\/poudresdenarco.com\/produit\/acheter-de-la-poudre-de-ketamine-anasket\/","name":"Acheter de la poudre de k\u00e9tamine Anasket en ligne - Poudre de k\u00e9tamine Anasket \u00e0 vendre","isPartOf":{"@id":"https:\/\/poudresdenarco.com\/#website"},"primaryImageOfPage":{"@id":"https:\/\/poudresdenarco.com\/produit\/acheter-de-la-poudre-de-ketamine-anasket\/#primaryimage"},"image":{"@id":"https:\/\/poudresdenarco.com\/produit\/acheter-de-la-poudre-de-ketamine-anasket\/#primaryimage"},"thumbnailUrl":"https:\/\/poudresdenarco.com\/wp-content\/uploads\/2023\/12\/Buy-Ketamine-Anasket-Powder.jpg","datePublished":"2023-12-25T08:20:26+00:00","dateModified":"2025-06-08T22:07:14+00:00","description":"Votre commande de poudre de k\u00e9tamine Anasket \u00e0 vendre est notre responsabilit\u00e9. Nous prendrons en compte votre demande d'achat de poudre de k\u00e9tamine Anasket en ligne et vous r\u00e9pondrons dans les plus brefs d\u00e9lais. Passez des commandes group\u00e9es d\u00e8s maintenant !","breadcrumb":{"@id":"https:\/\/poudresdenarco.com\/produit\/acheter-de-la-poudre-de-ketamine-anasket\/#breadcrumb"},"inLanguage":"pt-PT","potentialAction":[{"@type":"ReadAction","target":["https:\/\/poudresdenarco.com\/produit\/acheter-de-la-poudre-de-ketamine-anasket\/"]}]},{"@type":"ImageObject","inLanguage":"pt-PT","@id":"https:\/\/poudresdenarco.com\/produit\/acheter-de-la-poudre-de-ketamine-anasket\/#primaryimage","url":"https:\/\/poudresdenarco.com\/wp-content\/uploads\/2023\/12\/Buy-Ketamine-Anasket-Powder.jpg","contentUrl":"https:\/\/poudresdenarco.com\/wp-content\/uploads\/2023\/12\/Buy-Ketamine-Anasket-Powder.jpg","width":600,"height":600},{"@type":"BreadcrumbList","@id":"https:\/\/poudresdenarco.com\/produit\/acheter-de-la-poudre-de-ketamine-anasket\/#breadcrumb","itemListElement":[{"@type":"ListItem","position":1,"name":"Home","item":"https:\/\/poudresdenarco.com\/"},{"@type":"ListItem","position":2,"name":"Boutique","item":"https:\/\/poudresdenarco.com\/boutique\/"},{"@type":"ListItem","position":3,"name":"Acheter de la poudre de k\u00e9tamine Anasket"}]},{"@type":"WebSite","@id":"https:\/\/poudresdenarco.com\/#website","url":"https:\/\/poudresdenarco.com\/","name":"Poudresde Narco","description":"Acheter de la coca\u00efne et de l&#039;h\u00e9ro\u00efne en ligne","potentialAction":[{"@type":"SearchAction","target":{"@type":"EntryPoint","urlTemplate":"https:\/\/poudresdenarco.com\/?s={search_term_string}"},"query-input":{"@type":"PropertyValueSpecification","valueRequired":true,"valueName":"search_term_string"}}],"inLanguage":"pt-PT"}]}},"_links":{"self":[{"href":"https:\/\/poudresdenarco.com\/pt\/wp-json\/wp\/v2\/product\/153","targetHints":{"allow":["GET"]}}],"collection":[{"href":"https:\/\/poudresdenarco.com\/pt\/wp-json\/wp\/v2\/product"}],"about":[{"href":"https:\/\/poudresdenarco.com\/pt\/wp-json\/wp\/v2\/types\/product"}],"replies":[{"embeddable":true,"href":"https:\/\/poudresdenarco.com\/pt\/wp-json\/wp\/v2\/comments?post=153"}],"wp:featuredmedia":[{"embeddable":true,"href":"https:\/\/poudresdenarco.com\/pt\/wp-json\/wp\/v2\/media\/262"}],"wp:attachment":[{"href":"https:\/\/poudresdenarco.com\/pt\/wp-json\/wp\/v2\/media?parent=153"}],"wp:term":[{"taxonomy":"product_cat","embeddable":true,"href":"https:\/\/poudresdenarco.com\/pt\/wp-json\/wp\/v2\/product_cat?post=153"},{"taxonomy":"product_tag","embeddable":true,"href":"https:\/\/poudresdenarco.com\/pt\/wp-json\/wp\/v2\/product_tag?post=153"}],"curies":[{"name":"wp","href":"https:\/\/api.w.org\/{rel}","templated":true}]}}