{"id":204,"date":"2023-12-25T08:20:39","date_gmt":"2023-12-25T08:20:39","guid":{"rendered":"https:\/\/unkrautmarkt.com\/narco1\/?post_type=product&#038;p=204"},"modified":"2025-04-05T20:00:31","modified_gmt":"2025-04-05T20:00:31","slug":"acheter-des-pierres-a-la-ketamine","status":"publish","type":"product","link":"https:\/\/poudresdenarco.com\/pt\/produto\/comprar-ketamine-rocks\/","title":{"rendered":"Comprar pedras de cetamina"},"content":{"rendered":"<h2><span style=\"vertical-align: inherit;\"><span style=\"vertical-align: inherit;\">Compre fragmentos de cetamina online<\/span><\/span><\/h2>\n<h3><span style=\"vertical-align: inherit;\"><span style=\"vertical-align: inherit;\">Compre fragmentos de cetamina online<\/span><\/span><\/h3>\n<p><span style=\"vertical-align: inherit;\"><span style=\"vertical-align: inherit;\"><a href=\"https:\/\/en.wikipedia.org\/wiki\/Ketamine\">Ketamine HCL Rocks<\/a> \u00e9 um medicamento utilizado principalmente em anestesia. Usos adicionais incluem seda\u00e7\u00e3o em cuidados intensivos e dor persistente.<\/span><\/span><\/p>\n<p><span style=\"vertical-align: inherit;\"><span style=\"vertical-align: inherit;\">O p\u00f3 de cetamina HCL produz um efeito repentino que dura cerca de uma hora. Inicia-se cerca de 2 a 5 minutos ap\u00f3s a dose ser fumada ou engolida. Com a inje\u00e7\u00e3o, isto ocorre cerca de 30 segundos ap\u00f3s a inje\u00e7\u00e3o.<\/span><\/span><\/p>\n<p><span style=\"vertical-align: inherit;\"><span style=\"vertical-align: inherit;\">A sensa\u00e7\u00e3o avassaladora de relaxamento que o utilizador experimenta inicialmente durante o efeito \u00e9 frequentemente designada por \u00abzumbido de corpo inteiro.\u00bbAlguns utilizadores at\u00e9 descrevem como se estivessem a flutuar para fora do corpo. Muitas pessoas t\u00eam alucina\u00e7\u00f5es que duram mais tempo do que os efeitos da anestesia.<\/span><\/span><\/p>\n<p><span style=\"vertical-align: inherit;\"><span style=\"vertical-align: inherit;\">Doses mais elevadas podem levar a efeitos mais poderosos; indiv\u00edduos descreveram a dissocia\u00e7\u00e3o completa e total dos seus corpos. As pessoas que tiveram experi\u00eancias de quase-morte descreveram sentimentos semelhantes, semelhantes aos de um \u00ab\u00a0K-hole.\u00bb<\/span><\/span><\/p>\n<p><span style=\"vertical-align: inherit;\"><span style=\"vertical-align: inherit;\">Pode <a href=\"https:\/\/poudresdenarco.com\/pt\/produto\/comprar-ketamine-rocks\/\">buy Ketamine Rocks online<\/a> a baixo pre\u00e7o.<\/span><\/span><\/p>","protected":false},"excerpt":{"rendered":"<p>Buy Ketamine Stones Online Buy Ketamine Stones Online Ketamine HCL Rocks is a medication used primarily in anesthesia. Other applications include chronic pain and intensive care sedation. Ketamine Rocks produces a sudden high that lasts about an hour. It begins about 2 to 5 minutes after the dose is smoked or swallowed. With injection, this&hellip;<\/p>","protected":false},"featured_media":253,"comment_status":"open","ping_status":"closed","template":"","meta":{"_joinchat":[]},"product_cat":[174],"product_tag":[],"class_list":{"0":"post-204","1":"product","2":"type-product","3":"status-publish","4":"has-post-thumbnail","6":"product_cat-la-ketamine","8":"first","9":"instock","10":"shipping-taxable","11":"purchasable","12":"product-type-variable","13":"col-xs-6 col-sm-4","14":"col-md-3 col-lg-3","15":"un-4-cols"},"yoast_head":"<!-- This site is optimized with the Yoast SEO plugin v23.8 - https:\/\/yoast.com\/wordpress\/plugins\/seo\/ -->\n<title>Acheter des pierres de k\u00e9tamine en ligne - Vente de pierres de k\u00e9tamine<\/title>\n<meta name=\"description\" content=\"Votre commande de pierres de k\u00e9tamine \u00e0 vendre est notre responsabilit\u00e9. Nous prendrons en compte votre commande pour acheter des pierres de k\u00e9tamine et vous parviendrons dans un court laps de temps. Passez des commandes group\u00e9es maintenant !\" \/>\n<meta name=\"robots\" content=\"index, follow, max-snippet:-1, max-image-preview:large, max-video-preview:-1\" \/>\n<link rel=\"canonical\" href=\"https:\/\/poudresdenarco.com\/pt\/produto\/comprar-ketamine-rocks\/\" \/>\n<meta property=\"og:locale\" content=\"pt_PT\" \/>\n<meta property=\"og:type\" content=\"article\" \/>\n<meta property=\"og:title\" content=\"Acheter des pierres de k\u00e9tamine en ligne - Vente de pierres de k\u00e9tamine\" \/>\n<meta property=\"og:description\" content=\"Votre commande de pierres de k\u00e9tamine \u00e0 vendre est notre responsabilit\u00e9. Nous prendrons en compte votre commande pour acheter des pierres de k\u00e9tamine et vous parviendrons dans un court laps de temps. Passez des commandes group\u00e9es maintenant !\" \/>\n<meta property=\"og:url\" content=\"https:\/\/poudresdenarco.com\/pt\/produto\/comprar-ketamine-rocks\/\" \/>\n<meta property=\"og:site_name\" content=\"Poudresde Narco\" \/>\n<meta property=\"article:modified_time\" content=\"2025-04-05T20:00:31+00:00\" \/>\n<meta property=\"og:image\" content=\"https:\/\/poudresdenarco.com\/wp-content\/uploads\/2023\/12\/Buy-Ketamine-Rocks.jpg\" \/>\n\t<meta property=\"og:image:width\" content=\"600\" \/>\n\t<meta property=\"og:image:height\" content=\"600\" \/>\n\t<meta property=\"og:image:type\" content=\"image\/jpeg\" \/>\n<meta name=\"twitter:card\" content=\"summary_large_image\" \/>\n<meta name=\"twitter:label1\" content=\"Tempo estimado de leitura\" \/>\n\t<meta name=\"twitter:data1\" content=\"1 minuto\" \/>\n<script type=\"application\/ld+json\" class=\"yoast-schema-graph\">{\"@context\":\"https:\/\/schema.org\",\"@graph\":[{\"@type\":\"WebPage\",\"@id\":\"https:\/\/poudresdenarco.com\/produit\/acheter-des-pierres-a-la-ketamine\/\",\"url\":\"https:\/\/poudresdenarco.com\/produit\/acheter-des-pierres-a-la-ketamine\/\",\"name\":\"Acheter des pierres de k\u00e9tamine en ligne - Vente de pierres de k\u00e9tamine\",\"isPartOf\":{\"@id\":\"https:\/\/poudresdenarco.com\/#website\"},\"primaryImageOfPage\":{\"@id\":\"https:\/\/poudresdenarco.com\/produit\/acheter-des-pierres-a-la-ketamine\/#primaryimage\"},\"image\":{\"@id\":\"https:\/\/poudresdenarco.com\/produit\/acheter-des-pierres-a-la-ketamine\/#primaryimage\"},\"thumbnailUrl\":\"https:\/\/poudresdenarco.com\/wp-content\/uploads\/2023\/12\/Buy-Ketamine-Rocks.jpg\",\"datePublished\":\"2023-12-25T08:20:39+00:00\",\"dateModified\":\"2025-04-05T20:00:31+00:00\",\"description\":\"Votre commande de pierres de k\u00e9tamine \u00e0 vendre est notre responsabilit\u00e9. Nous prendrons en compte votre commande pour acheter des pierres de k\u00e9tamine et vous parviendrons dans un court laps de temps. Passez des commandes group\u00e9es maintenant !\",\"breadcrumb\":{\"@id\":\"https:\/\/poudresdenarco.com\/produit\/acheter-des-pierres-a-la-ketamine\/#breadcrumb\"},\"inLanguage\":\"pt-PT\",\"potentialAction\":[{\"@type\":\"ReadAction\",\"target\":[\"https:\/\/poudresdenarco.com\/produit\/acheter-des-pierres-a-la-ketamine\/\"]}]},{\"@type\":\"ImageObject\",\"inLanguage\":\"pt-PT\",\"@id\":\"https:\/\/poudresdenarco.com\/produit\/acheter-des-pierres-a-la-ketamine\/#primaryimage\",\"url\":\"https:\/\/poudresdenarco.com\/wp-content\/uploads\/2023\/12\/Buy-Ketamine-Rocks.jpg\",\"contentUrl\":\"https:\/\/poudresdenarco.com\/wp-content\/uploads\/2023\/12\/Buy-Ketamine-Rocks.jpg\",\"width\":600,\"height\":600,\"caption\":\"Acheter-Ketamine-Rocks- en ligne\"},{\"@type\":\"BreadcrumbList\",\"@id\":\"https:\/\/poudresdenarco.com\/produit\/acheter-des-pierres-a-la-ketamine\/#breadcrumb\",\"itemListElement\":[{\"@type\":\"ListItem\",\"position\":1,\"name\":\"Home\",\"item\":\"https:\/\/poudresdenarco.com\/\"},{\"@type\":\"ListItem\",\"position\":2,\"name\":\"Boutique\",\"item\":\"https:\/\/poudresdenarco.com\/boutique\/\"},{\"@type\":\"ListItem\",\"position\":3,\"name\":\"Acheter des pierres \u00e0 la k\u00e9tamine\"}]},{\"@type\":\"WebSite\",\"@id\":\"https:\/\/poudresdenarco.com\/#website\",\"url\":\"https:\/\/poudresdenarco.com\/\",\"name\":\"Poudresde Narco\",\"description\":\"Acheter de la coca\u00efne et de l&#039;h\u00e9ro\u00efne en ligne\",\"potentialAction\":[{\"@type\":\"SearchAction\",\"target\":{\"@type\":\"EntryPoint\",\"urlTemplate\":\"https:\/\/poudresdenarco.com\/?s={search_term_string}\"},\"query-input\":{\"@type\":\"PropertyValueSpecification\",\"valueRequired\":true,\"valueName\":\"search_term_string\"}}],\"inLanguage\":\"pt-PT\"}]}<\/script>\n<!-- \/ Yoast SEO plugin. -->","yoast_head_json":{"title":"Acheter des pierres de k\u00e9tamine en ligne - Vente de pierres de k\u00e9tamine","description":"Votre commande de pierres de k\u00e9tamine \u00e0 vendre est notre responsabilit\u00e9. Nous prendrons en compte votre commande pour acheter des pierres de k\u00e9tamine et vous parviendrons dans un court laps de temps. Passez des commandes group\u00e9es maintenant !","robots":{"index":"index","follow":"follow","max-snippet":"max-snippet:-1","max-image-preview":"max-image-preview:large","max-video-preview":"max-video-preview:-1"},"canonical":"https:\/\/poudresdenarco.com\/pt\/produto\/comprar-ketamine-rocks\/","og_locale":"pt_PT","og_type":"article","og_title":"Acheter des pierres de k\u00e9tamine en ligne - Vente de pierres de k\u00e9tamine","og_description":"Votre commande de pierres de k\u00e9tamine \u00e0 vendre est notre responsabilit\u00e9. Nous prendrons en compte votre commande pour acheter des pierres de k\u00e9tamine et vous parviendrons dans un court laps de temps. Passez des commandes group\u00e9es maintenant !","og_url":"https:\/\/poudresdenarco.com\/pt\/produto\/comprar-ketamine-rocks\/","og_site_name":"Poudresde Narco","article_modified_time":"2025-04-05T20:00:31+00:00","og_image":[{"width":600,"height":600,"url":"https:\/\/poudresdenarco.com\/wp-content\/uploads\/2023\/12\/Buy-Ketamine-Rocks.jpg","type":"image\/jpeg"}],"twitter_card":"summary_large_image","twitter_misc":{"Tempo estimado de leitura":"1 minuto"},"schema":{"@context":"https:\/\/schema.org","@graph":[{"@type":"WebPage","@id":"https:\/\/poudresdenarco.com\/produit\/acheter-des-pierres-a-la-ketamine\/","url":"https:\/\/poudresdenarco.com\/produit\/acheter-des-pierres-a-la-ketamine\/","name":"Acheter des pierres de k\u00e9tamine en ligne - Vente de pierres de k\u00e9tamine","isPartOf":{"@id":"https:\/\/poudresdenarco.com\/#website"},"primaryImageOfPage":{"@id":"https:\/\/poudresdenarco.com\/produit\/acheter-des-pierres-a-la-ketamine\/#primaryimage"},"image":{"@id":"https:\/\/poudresdenarco.com\/produit\/acheter-des-pierres-a-la-ketamine\/#primaryimage"},"thumbnailUrl":"https:\/\/poudresdenarco.com\/wp-content\/uploads\/2023\/12\/Buy-Ketamine-Rocks.jpg","datePublished":"2023-12-25T08:20:39+00:00","dateModified":"2025-04-05T20:00:31+00:00","description":"Votre commande de pierres de k\u00e9tamine \u00e0 vendre est notre responsabilit\u00e9. Nous prendrons en compte votre commande pour acheter des pierres de k\u00e9tamine et vous parviendrons dans un court laps de temps. Passez des commandes group\u00e9es maintenant !","breadcrumb":{"@id":"https:\/\/poudresdenarco.com\/produit\/acheter-des-pierres-a-la-ketamine\/#breadcrumb"},"inLanguage":"pt-PT","potentialAction":[{"@type":"ReadAction","target":["https:\/\/poudresdenarco.com\/produit\/acheter-des-pierres-a-la-ketamine\/"]}]},{"@type":"ImageObject","inLanguage":"pt-PT","@id":"https:\/\/poudresdenarco.com\/produit\/acheter-des-pierres-a-la-ketamine\/#primaryimage","url":"https:\/\/poudresdenarco.com\/wp-content\/uploads\/2023\/12\/Buy-Ketamine-Rocks.jpg","contentUrl":"https:\/\/poudresdenarco.com\/wp-content\/uploads\/2023\/12\/Buy-Ketamine-Rocks.jpg","width":600,"height":600,"caption":"Acheter-Ketamine-Rocks- en ligne"},{"@type":"BreadcrumbList","@id":"https:\/\/poudresdenarco.com\/produit\/acheter-des-pierres-a-la-ketamine\/#breadcrumb","itemListElement":[{"@type":"ListItem","position":1,"name":"Home","item":"https:\/\/poudresdenarco.com\/"},{"@type":"ListItem","position":2,"name":"Boutique","item":"https:\/\/poudresdenarco.com\/boutique\/"},{"@type":"ListItem","position":3,"name":"Acheter des pierres \u00e0 la k\u00e9tamine"}]},{"@type":"WebSite","@id":"https:\/\/poudresdenarco.com\/#website","url":"https:\/\/poudresdenarco.com\/","name":"Poudresde Narco","description":"Acheter de la coca\u00efne et de l&#039;h\u00e9ro\u00efne en ligne","potentialAction":[{"@type":"SearchAction","target":{"@type":"EntryPoint","urlTemplate":"https:\/\/poudresdenarco.com\/?s={search_term_string}"},"query-input":{"@type":"PropertyValueSpecification","valueRequired":true,"valueName":"search_term_string"}}],"inLanguage":"pt-PT"}]}},"_links":{"self":[{"href":"https:\/\/poudresdenarco.com\/pt\/wp-json\/wp\/v2\/product\/204","targetHints":{"allow":["GET"]}}],"collection":[{"href":"https:\/\/poudresdenarco.com\/pt\/wp-json\/wp\/v2\/product"}],"about":[{"href":"https:\/\/poudresdenarco.com\/pt\/wp-json\/wp\/v2\/types\/product"}],"replies":[{"embeddable":true,"href":"https:\/\/poudresdenarco.com\/pt\/wp-json\/wp\/v2\/comments?post=204"}],"wp:featuredmedia":[{"embeddable":true,"href":"https:\/\/poudresdenarco.com\/pt\/wp-json\/wp\/v2\/media\/253"}],"wp:attachment":[{"href":"https:\/\/poudresdenarco.com\/pt\/wp-json\/wp\/v2\/media?parent=204"}],"wp:term":[{"taxonomy":"product_cat","embeddable":true,"href":"https:\/\/poudresdenarco.com\/pt\/wp-json\/wp\/v2\/product_cat?post=204"},{"taxonomy":"product_tag","embeddable":true,"href":"https:\/\/poudresdenarco.com\/pt\/wp-json\/wp\/v2\/product_tag?post=204"}],"curies":[{"name":"wp","href":"https:\/\/api.w.org\/{rel}","templated":true}]}}