{"id":4392,"date":"2024-01-02T09:01:23","date_gmt":"2024-01-02T09:01:23","guid":{"rendered":"https:\/\/unkrautmarkt.com\/narco1\/?post_type=product&#038;p=4392"},"modified":"2025-06-09T02:28:16","modified_gmt":"2025-06-09T02:28:16","slug":"grand-papa-violet","status":"publish","type":"product","link":"https:\/\/poudresdenarco.com\/pt\/produto\/grande-papa-roxo\/","title":{"rendered":"Av\u00f4 Violeta"},"content":{"rendered":"<h2><strong>Comprar Grand Daddy Purple online<\/strong><\/h2>\n<h3><strong>Sobre esta variedade h\u00edbrida<\/strong><\/h3>\n<p>A Granddaddy Purple, frequentemente conhecida como Grand Daddy Purps, \u00e9 uma variedade de can\u00e1bis \u00edndica com um agrad\u00e1vel aroma a bagas e um travo a uva para os utilizadores. Esta variedade \u00e9 muito impressionante, com muitos tricomas brancos e p\u00ealos cor de laranja brilhantes \u00e0 volta dos bot\u00f5es roxos escuros.<\/p>\n<p>A Big Bud e a Purple Urkle s\u00e3o as duas variedades \u00edndica que s\u00e3o os seus pais. Segundo a mitologia, esta variedade e a Grape Ape poderiam ser id\u00eanticas. S\u00e3o muito semelhantes. Mas Ken Estes desenvolveu-a originalmente em 2003, na Calif\u00f3rnia, depois de ter decidido combinar duas variedades j\u00e1 conhecidas pelos seus efeitos para criar uma nova e excecional \u00edndica.<\/p>\n<p>Geralmente, o seu teor de THC \u00e9 de 17 %, enquanto algumas variedades t\u00eam at\u00e9 23 %. A Grand Daddy Purple produz um zumbido corporal hipn\u00f3tico e incrivelmente calmante que eleva o esp\u00edrito. \u00c9 ideal para usar esta variedade \u00e0 noite, pois \u00e9 uma excelente forma de aliviar a tens\u00e3o e promover o sono.<\/p>\n<p>Esta variedade aumenta o apetite e alivia os sintomas da s\u00edndrome das pernas inquietas, permitindo-lhe ter uma boa noite de sono.<\/p>\n<p>A Grand Daddy Purple floresce em cerca de 10-11 semanas e \u00e9 melhor plantada no interior. As plantas necessitar\u00e3o de apoio extra devido aos seus bot\u00f5es grandes, o que colocar\u00e1 uma press\u00e3o sobre a estrutura da planta. Dependendo da colheita e da qualidade, os rendimentos por planta podem variar entre quatro on\u00e7as e tr\u00eas libras.<\/p>\n<h3><strong>Hist\u00f3ria e gen\u00e9tica do Granddaddy Purple<\/strong><\/h3>\n<p>Geralmente, o seu teor de THC \u00e9 de 17 %, enquanto algumas variedades t\u00eam at\u00e9 23 %. A Grand Daddy Purple produz um zumbido corporal hipn\u00f3tico e incrivelmente calmante que eleva o esp\u00edrito. \u00c9 ideal para usar esta variedade \u00e0 noite, pois \u00e9 uma excelente forma de aliviar a tens\u00e3o e promover o sono.<\/p>\n<p>Esta variedade aumenta o apetite e alivia os sintomas da s\u00edndrome das pernas inquietas, permitindo-lhe ter uma boa noite de sono.<\/p>\n<p>A Grand Daddy Purple floresce em cerca de 10-11 semanas e \u00e9 melhor plantada no interior. As plantas necessitar\u00e3o de apoio extra devido aos seus bot\u00f5es grandes, o que colocar\u00e1 uma press\u00e3o sobre a estrutura da planta. Dependendo da colheita e da qualidade, os rendimentos por planta podem variar entre quatro on\u00e7as e tr\u00eas libras.<\/p>","protected":false},"excerpt":{"rendered":"<p>Acheter Grand Daddy Purple en ligne \u00c0 propos de cette vari\u00e9t\u00e9 hybride Granddaddy Purple, souvent connue sous le nom de Grand Daddy Purps, est une vari\u00e9t\u00e9 de cannabis indica avec un agr\u00e9able ar\u00f4me de baies et un arri\u00e8re-go\u00fbt de raisin pour les utilisateurs. Cette vari\u00e9t\u00e9 est tr\u00e8s saisissante, avec beaucoup de trichomes blancs et de&hellip;<\/p>","protected":false},"featured_media":4511,"comment_status":"open","ping_status":"closed","template":"","meta":{"_joinchat":[]},"product_cat":[473],"product_tag":[],"class_list":{"0":"post-4392","1":"product","2":"type-product","3":"status-publish","4":"has-post-thumbnail","6":"product_cat-herbe","8":"first","9":"instock","10":"shipping-taxable","11":"purchasable","12":"product-type-variable","13":"col-xs-6 col-sm-4","14":"col-md-3 col-lg-3","15":"un-4-cols"},"yoast_head":"<!-- This site is optimized with the Yoast SEO plugin v23.8 - https:\/\/yoast.com\/wordpress\/plugins\/seo\/ -->\n<title>Achetez Grandpa Violet en ligne - Grandpa Violet \u00e0 vendre<\/title>\n<meta name=\"description\" content=\"Ne manquez aucune opportunit\u00e9 d&#039;acheter Grandpa Violet en ligne dans notre boutique. Nous vendons exclusivement Grandpa Violet \u00e0 des prix avantageux. Nous sommes l\u00e0 pour vous aider. Commandez maintenant !\" \/>\n<meta name=\"robots\" content=\"index, follow, max-snippet:-1, max-image-preview:large, max-video-preview:-1\" \/>\n<link rel=\"canonical\" href=\"https:\/\/poudresdenarco.com\/pt\/produto\/grande-papa-roxo\/\" \/>\n<meta property=\"og:locale\" content=\"pt_PT\" \/>\n<meta property=\"og:type\" content=\"article\" \/>\n<meta property=\"og:title\" content=\"Achetez Grandpa Violet en ligne - Grandpa Violet \u00e0 vendre\" \/>\n<meta property=\"og:description\" content=\"Ne manquez aucune opportunit\u00e9 d&#039;acheter Grandpa Violet en ligne dans notre boutique. Nous vendons exclusivement Grandpa Violet \u00e0 des prix avantageux. Nous sommes l\u00e0 pour vous aider. Commandez maintenant !\" \/>\n<meta property=\"og:url\" content=\"https:\/\/poudresdenarco.com\/pt\/produto\/grande-papa-roxo\/\" \/>\n<meta property=\"og:site_name\" content=\"Poudresde Narco\" \/>\n<meta property=\"article:modified_time\" content=\"2025-06-09T02:28:16+00:00\" \/>\n<meta property=\"og:image\" content=\"https:\/\/poudresdenarco.com\/wp-content\/uploads\/2024\/01\/GRAND-DADDY-PURPLE.jpg\" \/>\n\t<meta property=\"og:image:width\" content=\"600\" \/>\n\t<meta property=\"og:image:height\" content=\"600\" \/>\n\t<meta property=\"og:image:type\" content=\"image\/jpeg\" \/>\n<meta name=\"twitter:card\" content=\"summary_large_image\" \/>\n<meta name=\"twitter:label1\" content=\"Tempo estimado de leitura\" \/>\n\t<meta name=\"twitter:data1\" content=\"2 minutos\" \/>\n<script type=\"application\/ld+json\" class=\"yoast-schema-graph\">{\"@context\":\"https:\/\/schema.org\",\"@graph\":[{\"@type\":\"WebPage\",\"@id\":\"https:\/\/poudresdenarco.com\/produit\/grand-papa-violet\/\",\"url\":\"https:\/\/poudresdenarco.com\/produit\/grand-papa-violet\/\",\"name\":\"Achetez Grandpa Violet en ligne - Grandpa Violet \u00e0 vendre\",\"isPartOf\":{\"@id\":\"https:\/\/poudresdenarco.com\/#website\"},\"primaryImageOfPage\":{\"@id\":\"https:\/\/poudresdenarco.com\/produit\/grand-papa-violet\/#primaryimage\"},\"image\":{\"@id\":\"https:\/\/poudresdenarco.com\/produit\/grand-papa-violet\/#primaryimage\"},\"thumbnailUrl\":\"https:\/\/poudresdenarco.com\/wp-content\/uploads\/2024\/01\/GRAND-DADDY-PURPLE.jpg\",\"datePublished\":\"2024-01-02T09:01:23+00:00\",\"dateModified\":\"2025-06-09T02:28:16+00:00\",\"description\":\"Ne manquez aucune opportunit\u00e9 d'acheter Grandpa Violet en ligne dans notre boutique. Nous vendons exclusivement Grandpa Violet \u00e0 des prix avantageux. Nous sommes l\u00e0 pour vous aider. Commandez maintenant !\",\"breadcrumb\":{\"@id\":\"https:\/\/poudresdenarco.com\/produit\/grand-papa-violet\/#breadcrumb\"},\"inLanguage\":\"pt-PT\",\"potentialAction\":[{\"@type\":\"ReadAction\",\"target\":[\"https:\/\/poudresdenarco.com\/produit\/grand-papa-violet\/\"]}]},{\"@type\":\"ImageObject\",\"inLanguage\":\"pt-PT\",\"@id\":\"https:\/\/poudresdenarco.com\/produit\/grand-papa-violet\/#primaryimage\",\"url\":\"https:\/\/poudresdenarco.com\/wp-content\/uploads\/2024\/01\/GRAND-DADDY-PURPLE.jpg\",\"contentUrl\":\"https:\/\/poudresdenarco.com\/wp-content\/uploads\/2024\/01\/GRAND-DADDY-PURPLE.jpg\",\"width\":600,\"height\":600,\"caption\":\"Acheter Grand-Papa Violet en ligne\"},{\"@type\":\"BreadcrumbList\",\"@id\":\"https:\/\/poudresdenarco.com\/produit\/grand-papa-violet\/#breadcrumb\",\"itemListElement\":[{\"@type\":\"ListItem\",\"position\":1,\"name\":\"Home\",\"item\":\"https:\/\/poudresdenarco.com\/\"},{\"@type\":\"ListItem\",\"position\":2,\"name\":\"Boutique\",\"item\":\"https:\/\/poudresdenarco.com\/boutique\/\"},{\"@type\":\"ListItem\",\"position\":3,\"name\":\"Grand-Papa Violet\"}]},{\"@type\":\"WebSite\",\"@id\":\"https:\/\/poudresdenarco.com\/#website\",\"url\":\"https:\/\/poudresdenarco.com\/\",\"name\":\"Poudresde Narco\",\"description\":\"Acheter de la coca\u00efne et de l&#039;h\u00e9ro\u00efne en ligne\",\"potentialAction\":[{\"@type\":\"SearchAction\",\"target\":{\"@type\":\"EntryPoint\",\"urlTemplate\":\"https:\/\/poudresdenarco.com\/?s={search_term_string}\"},\"query-input\":{\"@type\":\"PropertyValueSpecification\",\"valueRequired\":true,\"valueName\":\"search_term_string\"}}],\"inLanguage\":\"pt-PT\"}]}<\/script>\n<!-- \/ Yoast SEO plugin. -->","yoast_head_json":{"title":"Achetez Grandpa Violet en ligne - Grandpa Violet \u00e0 vendre","description":"Ne manquez aucune opportunit\u00e9 d'acheter Grandpa Violet en ligne dans notre boutique. Nous vendons exclusivement Grandpa Violet \u00e0 des prix avantageux. Nous sommes l\u00e0 pour vous aider. Commandez maintenant !","robots":{"index":"index","follow":"follow","max-snippet":"max-snippet:-1","max-image-preview":"max-image-preview:large","max-video-preview":"max-video-preview:-1"},"canonical":"https:\/\/poudresdenarco.com\/pt\/produto\/grande-papa-roxo\/","og_locale":"pt_PT","og_type":"article","og_title":"Achetez Grandpa Violet en ligne - Grandpa Violet \u00e0 vendre","og_description":"Ne manquez aucune opportunit\u00e9 d'acheter Grandpa Violet en ligne dans notre boutique. Nous vendons exclusivement Grandpa Violet \u00e0 des prix avantageux. Nous sommes l\u00e0 pour vous aider. Commandez maintenant !","og_url":"https:\/\/poudresdenarco.com\/pt\/produto\/grande-papa-roxo\/","og_site_name":"Poudresde Narco","article_modified_time":"2025-06-09T02:28:16+00:00","og_image":[{"width":600,"height":600,"url":"https:\/\/poudresdenarco.com\/wp-content\/uploads\/2024\/01\/GRAND-DADDY-PURPLE.jpg","type":"image\/jpeg"}],"twitter_card":"summary_large_image","twitter_misc":{"Tempo estimado de leitura":"2 minutos"},"schema":{"@context":"https:\/\/schema.org","@graph":[{"@type":"WebPage","@id":"https:\/\/poudresdenarco.com\/produit\/grand-papa-violet\/","url":"https:\/\/poudresdenarco.com\/produit\/grand-papa-violet\/","name":"Achetez Grandpa Violet en ligne - Grandpa Violet \u00e0 vendre","isPartOf":{"@id":"https:\/\/poudresdenarco.com\/#website"},"primaryImageOfPage":{"@id":"https:\/\/poudresdenarco.com\/produit\/grand-papa-violet\/#primaryimage"},"image":{"@id":"https:\/\/poudresdenarco.com\/produit\/grand-papa-violet\/#primaryimage"},"thumbnailUrl":"https:\/\/poudresdenarco.com\/wp-content\/uploads\/2024\/01\/GRAND-DADDY-PURPLE.jpg","datePublished":"2024-01-02T09:01:23+00:00","dateModified":"2025-06-09T02:28:16+00:00","description":"Ne manquez aucune opportunit\u00e9 d'acheter Grandpa Violet en ligne dans notre boutique. Nous vendons exclusivement Grandpa Violet \u00e0 des prix avantageux. Nous sommes l\u00e0 pour vous aider. Commandez maintenant !","breadcrumb":{"@id":"https:\/\/poudresdenarco.com\/produit\/grand-papa-violet\/#breadcrumb"},"inLanguage":"pt-PT","potentialAction":[{"@type":"ReadAction","target":["https:\/\/poudresdenarco.com\/produit\/grand-papa-violet\/"]}]},{"@type":"ImageObject","inLanguage":"pt-PT","@id":"https:\/\/poudresdenarco.com\/produit\/grand-papa-violet\/#primaryimage","url":"https:\/\/poudresdenarco.com\/wp-content\/uploads\/2024\/01\/GRAND-DADDY-PURPLE.jpg","contentUrl":"https:\/\/poudresdenarco.com\/wp-content\/uploads\/2024\/01\/GRAND-DADDY-PURPLE.jpg","width":600,"height":600,"caption":"Acheter Grand-Papa Violet en ligne"},{"@type":"BreadcrumbList","@id":"https:\/\/poudresdenarco.com\/produit\/grand-papa-violet\/#breadcrumb","itemListElement":[{"@type":"ListItem","position":1,"name":"Home","item":"https:\/\/poudresdenarco.com\/"},{"@type":"ListItem","position":2,"name":"Boutique","item":"https:\/\/poudresdenarco.com\/boutique\/"},{"@type":"ListItem","position":3,"name":"Grand-Papa Violet"}]},{"@type":"WebSite","@id":"https:\/\/poudresdenarco.com\/#website","url":"https:\/\/poudresdenarco.com\/","name":"Poudresde Narco","description":"Acheter de la coca\u00efne et de l&#039;h\u00e9ro\u00efne en ligne","potentialAction":[{"@type":"SearchAction","target":{"@type":"EntryPoint","urlTemplate":"https:\/\/poudresdenarco.com\/?s={search_term_string}"},"query-input":{"@type":"PropertyValueSpecification","valueRequired":true,"valueName":"search_term_string"}}],"inLanguage":"pt-PT"}]}},"_links":{"self":[{"href":"https:\/\/poudresdenarco.com\/pt\/wp-json\/wp\/v2\/product\/4392","targetHints":{"allow":["GET"]}}],"collection":[{"href":"https:\/\/poudresdenarco.com\/pt\/wp-json\/wp\/v2\/product"}],"about":[{"href":"https:\/\/poudresdenarco.com\/pt\/wp-json\/wp\/v2\/types\/product"}],"replies":[{"embeddable":true,"href":"https:\/\/poudresdenarco.com\/pt\/wp-json\/wp\/v2\/comments?post=4392"}],"wp:featuredmedia":[{"embeddable":true,"href":"https:\/\/poudresdenarco.com\/pt\/wp-json\/wp\/v2\/media\/4511"}],"wp:attachment":[{"href":"https:\/\/poudresdenarco.com\/pt\/wp-json\/wp\/v2\/media?parent=4392"}],"wp:term":[{"taxonomy":"product_cat","embeddable":true,"href":"https:\/\/poudresdenarco.com\/pt\/wp-json\/wp\/v2\/product_cat?post=4392"},{"taxonomy":"product_tag","embeddable":true,"href":"https:\/\/poudresdenarco.com\/pt\/wp-json\/wp\/v2\/product_tag?post=4392"}],"curies":[{"name":"wp","href":"https:\/\/api.w.org\/{rel}","templated":true}]}}