{"id":4396,"date":"2024-01-02T09:35:43","date_gmt":"2024-01-02T09:35:43","guid":{"rendered":"https:\/\/unkrautmarkt.com\/narco1\/?post_type=product&#038;p=4396"},"modified":"2024-11-03T07:22:24","modified_gmt":"2024-11-03T07:22:24","slug":"gelato-citron-cerise","status":"publish","type":"product","link":"https:\/\/poudresdenarco.com\/pt\/produto\/gelado-de-limao-e-cereja\/","title":{"rendered":"Gelado de lim\u00e3o e cereja"},"content":{"rendered":"<h2><strong><span style=\"vertical-align: inherit;\"><span style=\"vertical-align: inherit;\">COMPRAR GELATO DE LIM\u00c3O E CEREJA ONLINE<\/span><\/span><\/strong><\/h2>\n<h3><strong><span style=\"vertical-align: inherit;\"><span style=\"vertical-align: inherit;\">GELATO DE LIM\u00c3O E CEREJA - UMA FELICIDADE C\u00cdTRICA QUE O RELAXA<\/span><\/span><\/strong><\/h3>\n<p><span style=\"vertical-align: inherit;\"><span style=\"vertical-align: inherit;\">A Lemon Cherry Gelato \u00e9 uma variedade de can\u00e1bis saborosa e frutada que pode ser exatamente o que procura. Esta h\u00edbrida maioritariamente \u00edndica combina uma variedade misteriosa com Sunset Sherbet e Thin Mint Girl Scout Cookies. O resultado \u00e9 um aroma delicioso e um sabor doce que ganhou popularidade em todos os Estados Unidos.<\/span><\/span><\/p>\n<h3><strong><span style=\"vertical-align: inherit;\"><span style=\"vertical-align: inherit;\">GEN\u00c9TICA E HIST\u00d3RIA DO GELADO DE LIMA-LIM\u00c3O<\/span><\/span><\/strong><\/h3>\n<p><span style=\"vertical-align: inherit;\"><span style=\"vertical-align: inherit;\">A Midwest Best, uma empresa de can\u00e1bis sediada no Michigan, \u00e9 a criadora da Lemon Cherry Gelato. Tr\u00eas variedades - Sunset Sherbet, Thin Mint Girl Scout Cookies e uma variedade n\u00e3o identificada - foram cruzadas para criar esta variedade. Tanto os conhecedores de can\u00e1bis como os utilizadores de marijuana medicinal adoram o h\u00edbrido forte e saboroso produzido por esta mistura invulgar.<\/span><\/span><\/p>\n<p><span style=\"vertical-align: inherit;\"><span style=\"vertical-align: inherit;\">A Sunset Sherbet \u00e9 uma h\u00edbrida indica dominante deliciosa e de sabor doce. \u00c9 um h\u00edbrido de duas variedades populares no mundo da can\u00e1bis, a Girl Scout Cookies e a Pink Panties. Devido \u00e0s suas propriedades calmantes e edificantes, a Sunset Sherbet tornou-se uma das favoritas entre os entusiastas da can\u00e1bis.<\/span><\/span><\/p>\n<p><span style=\"vertical-align: inherit;\"><span style=\"vertical-align: inherit;\">Por outro lado, a Thin Mint Girl Scout Cookies \u00e9 uma variedade h\u00edbrida popular que tem um efeito calmante e energizante. \u00c9 um h\u00edbrido de duas variedades de can\u00e1bis populares e bem conhecidas: OG Kush e Durban Poison. A Thin Mint GSC \u00e9 uma das favoritas entre as pessoas que gostam de estirpes do tipo sobremesa devido ao seu aroma e sabor, que incluem notas de menta e chocolate.<\/span><\/span><\/p>\n<p><span style=\"vertical-align: inherit;\"><span style=\"vertical-align: inherit;\">Ainda n\u00e3o se sabe ao certo qual a estirpe utilizada para produzir o Lemon Cherry Gelato. Mas acredita-se que esta estirpe melhorou o perfil de sabor doce e frutado do Lemon Cherry Gelato.<\/span><\/span><\/p>\n<p><span style=\"vertical-align: inherit;\"><span style=\"vertical-align: inherit;\">A estirpe Lemon Cherry Gelato recebeu in\u00fameros elogios, incluindo o segundo lugar na 2021 Michigan High Times Cannabis Cup para a Melhor Estirpe \"Med\".<\/span><\/span><\/p>\n<h3><strong><span style=\"vertical-align: inherit;\"><span style=\"vertical-align: inherit;\">SABOR E AROMA DE LIM\u00c3O-CEREJA GLAZO<\/span><\/span><\/strong><\/h3>\n<p><span style=\"vertical-align: inherit;\"><span style=\"vertical-align: inherit;\">O aroma do gelado de lim\u00e3o e cereja \u00e9 doce e picante, com nuances de framboesas e frutos silvestres frescos. O seu sabor \u00e9 semelhante: uma explos\u00e3o doce e aveludada que se prolonga na l\u00edngua.<\/span><\/span><\/p>\n<p><span style=\"vertical-align: inherit;\"><span style=\"vertical-align: inherit;\">O terpeno predominante do Lemon Cherry Gelato, o linalol, tamb\u00e9m se encontra na alfazema e tem uma qualidade sedativa. Pensa-se que o Linslool tem qualidades anti-inflamat\u00f3rias e analg\u00e9sicas. Como resultado, aqueles que usam marijuana medicinal para tratar doen\u00e7as apreciam frequentemente esta variedade.<\/span><\/span><\/p>\n<p><span style=\"vertical-align: inherit;\"><span style=\"vertical-align: inherit;\">A variedade Lemon Cherry Gelato tamb\u00e9m cont\u00e9m beta-cariofileno, um terpeno com um aroma apimentado e picante. Descobriu-se que o beta-cariofileno tem propriedades analg\u00e9sicas e anti-inflamat\u00f3rias.<\/span><\/span><\/p>\n<p><span style=\"vertical-align: inherit;\"><span style=\"vertical-align: inherit;\">O \u00faltimo ingrediente que d\u00e1 ao Gelato de Lim\u00e3o e Cereja o seu aroma picante \u00e9 o limoneno. O limoneno tem o potencial de melhorar a ansiedade e o humor.<\/span><\/span><\/p>\n<p><span style=\"vertical-align: inherit;\"><span style=\"vertical-align: inherit;\">N\u00e3o se sabe quanto de cada terpeno est\u00e1 contido na Lemon Cherry Gelato. No entanto, estes terpenos trabalham em conjunto para criar uma variedade saborosa e potente. O perfil de terpenos da Lemon Cherry Gelato cria uma experi\u00eancia agrad\u00e1vel e satisfat\u00f3ria, quer esteja a us\u00e1-la para fins recreativos ou terap\u00eauticos.<\/span><\/span><\/p>\n<h3><strong><span style=\"vertical-align: inherit;\"><span style=\"vertical-align: inherit;\">EFEITOS MAIS RELATADOS DA ESTIRPE GELATO LEMON CHERRY<\/span><\/span><\/strong><\/h3>\n<p><span style=\"vertical-align: inherit;\"><span style=\"vertical-align: inherit;\">Esta variedade \u00e9 popular entre os utilizadores recreativos e os pacientes de marijuana medicinal. Os seus efeitos s\u00e3o conhecidos por serem relaxantes e euf\u00f3ricos, o que a torna uma \u00f3ptima escolha para quem sofre de stress cr\u00f3nico e altera\u00e7\u00f5es de humor. Aqui est\u00e3o os efeitos mais relatados da Lemon Cherry Gelato:<\/span><\/span><\/p>\n<ul>\n<li><span style=\"vertical-align: inherit;\"><span style=\"vertical-align: inherit;\">Relaxamento: O Gelato de Lim\u00e3o e Cereja \u00e9 conhecido pelos seus efeitos calmantes e suavizantes. Pode ajudar a aliviar a tens\u00e3o e a promover o relaxamento, tornando-o uma \u00f3ptima escolha para quem sofre de stress ou ansiedade.<\/span><\/span><\/li>\n<li><span style=\"vertical-align: inherit;\"><span style=\"vertical-align: inherit;\">Euforia: Esta variedade tamb\u00e9m \u00e9 conhecida pelos seus efeitos estimulantes e de melhoria do humor. Pode ajudar a melhorar o humor e fazer com que se sinta feliz e contente.<\/span><\/span><\/li>\n<li><span style=\"vertical-align: inherit;\"><span style=\"vertical-align: inherit;\">Riso: O Gelato de Lim\u00e3o e Cereja tamb\u00e9m \u00e9 conhecido por induzir o riso e as gargalhadas. Os seus efeitos relaxantes e euf\u00f3ricos podem ajud\u00e1-lo a descontrair e a passar um bom bocado.<\/span><\/span><\/li>\n<li><span style=\"vertical-align: inherit;\"><span style=\"vertical-align: inherit;\">Al\u00edvio da dor: Os pacientes que usam marijuana medicinal podem achar que esta variedade \u00e9 um analg\u00e9sico eficaz para a dor cr\u00f3nica. As suas propriedades anti-inflamat\u00f3rias e analg\u00e9sicas podem ajudar a aliviar a dor e o desconforto.<\/span><\/span><\/li>\n<li><span style=\"vertical-align: inherit;\"><span style=\"vertical-align: inherit;\">Aumento da criatividade: Por fim, foi relatado que aumenta a criatividade e aumenta a produtividade. Os seus efeitos estimulantes do humor podem ajudar a melhorar a concentra\u00e7\u00e3o, tornando-o uma \u00f3ptima escolha para empreendimentos criativos.<\/span><\/span><\/li>\n<\/ul>\n<h3><strong><span style=\"vertical-align: inherit;\"><span style=\"vertical-align: inherit;\">EFEITOS SECUND\u00c1RIOS DE GLAZO CHERRY LEMON S\u00c3O FREQUENTEMENTE COMUNICADOS<\/span><\/span><\/strong><\/h3>\n<ul>\n<li><span style=\"vertical-align: inherit;\"><span style=\"vertical-align: inherit;\">O Cherry Lemon Gelato tem muitos inconvenientes, apesar dos seus benef\u00edcios. Na maioria das vezes, estes efeitos secund\u00e1rios s\u00e3o control\u00e1veis e modestos. Alguns deles incluem:<\/span><\/span><\/li>\n<li><span style=\"vertical-align: inherit;\"><span style=\"vertical-align: inherit;\">Um efeito secund\u00e1rio t\u00edpico da maioria das variedades de can\u00e1bis \u00e9 a boca seca. Este sintoma pode ser aliviado mantendo-se hidratado e bebendo \u00e1gua.<\/span><\/span><\/li>\n<li><span style=\"vertical-align: inherit;\"><span style=\"vertical-align: inherit;\">Olhos secos: O gelado de lim\u00e3o e cereja pode secar os olhos, o que pode causar irrita\u00e7\u00e3o e vermelhid\u00e3o. Este sintoma pode ser aliviado com a utiliza\u00e7\u00e3o de gotas para os olhos.<\/span><\/span><\/li>\n<\/ul>\n<p><span style=\"vertical-align: inherit;\"><span style=\"vertical-align: inherit;\">A ansiedade e os pensamentos acelerados podem ser causados pelo consumo excessivo desta variedade. Podes reduzir a probabilidade deste efeito secund\u00e1rio se usares esta variedade com modera\u00e7\u00e3o.<\/span><\/span><\/p>\n<h3><strong><span style=\"vertical-align: inherit;\"><span style=\"vertical-align: inherit;\">CULTURA DE GELADO DE LIM\u00c3O E CEREJA<\/span><\/span><\/strong><\/h3>\n<p><span style=\"vertical-align: inherit;\"><span style=\"vertical-align: inherit;\">Cultivada tanto no interior como no exterior, a Cherry Lemon Ice prefere um ambiente h\u00famido. Um rendimento de cerca de 450-550g\/m\u00b2 \u00e9 o que os jardineiros de interior devem esperar, enquanto os cultivadores de exterior devem ter como objetivo 550-650g\/planta. Para que esta cultivar forne\u00e7a os maiores rendimentos, \u00e9 necess\u00e1ria uma poda constante durante o seu per\u00edodo de flora\u00e7\u00e3o de 8-9 semanas.<\/span><\/span><\/p>\n<h3><strong><span style=\"vertical-align: inherit;\"><span style=\"vertical-align: inherit;\">DICAS PARA O CULTIVO NO INTERIOR<\/span><\/span><\/strong><\/h3>\n<p><span style=\"vertical-align: inherit;\"><span style=\"vertical-align: inherit;\">Para a variedade Lemon Cherry Gelato, as condi\u00e7\u00f5es de cultivo s\u00e3o t\u00edpicas tanto para o cultivo no interior como no exterior. Para garantir uma colheita bem sucedida quando se cultiva no interior, h\u00e1 algumas coisas a considerar.<\/span><\/span><\/p>\n<p><span style=\"vertical-align: inherit;\"><span style=\"vertical-align: inherit;\">Em primeiro lugar, certifique-se de que a humidade se mant\u00e9m entre 45 e 55%. Esta variedade requer um ambiente bastante h\u00famido, pelo que, para manter os n\u00edveis de humidade adequados, pode ser necess\u00e1rio adquirir um desumidificador ou humidificador.<\/span><\/span><\/p>\n<p><span style=\"vertical-align: inherit;\"><span style=\"vertical-align: inherit;\">Em segundo lugar, utiliza uma terra para vasos de alta qualidade e rica em nutrientes. A Lemon Cherry Gelato requer uma mistura equilibrada de nutrientes para crescer forte e saud\u00e1vel. Tamb\u00e9m podes usar fertilizantes org\u00e2nicos para dar um impulso \u00e0s tuas plantas.<\/span><\/span><\/p>\n<p><span style=\"vertical-align: inherit;\"><span style=\"vertical-align: inherit;\">Por fim, a poda regular \u00e9 necess\u00e1ria para favorecer o crescimento e garantir os melhores rendimentos. Trata-se de eliminar as folhas mortas ou danificadas e de aparar a parte superior da planta para favorecer um crescimento mais arbustivo.<\/span><\/span><\/p>\n<p><span style=\"vertical-align: inherit;\"><span style=\"vertical-align: inherit;\">Se a estiver a cultivar dentro de casa, \u00e9 importante prestar muita aten\u00e7\u00e3o ao ambiente e fazer os ajustes necess\u00e1rios. Com um pouco de paci\u00eancia e cuidado, pode cultivar uma colheita bem sucedida desta deliciosa e potente variedade no conforto da sua pr\u00f3pria casa.<\/span><\/span><\/p>","protected":false},"excerpt":{"rendered":"<p>BUY LEMON CHERRY GELATO ONLINE LEMON CHERRY GELATO &#8211; A CITRUS BLISS THAT RELAXES YOU Lemon Cherry Gelato is a tasty and fruity cannabis strain that might be just what you\u2019re looking for. This mostly indica hybrid combines a mysterious strain with Sunset Sherbet and Thin Mint Girl Scout Cookies. As a result, there\u2019s a&hellip;<\/p>","protected":false},"featured_media":4518,"comment_status":"open","ping_status":"closed","template":"","meta":{"_joinchat":[]},"product_cat":[473],"product_tag":[],"class_list":{"0":"post-4396","1":"product","2":"type-product","3":"status-publish","4":"has-post-thumbnail","6":"product_cat-herbe","8":"first","9":"instock","10":"shipping-taxable","11":"purchasable","12":"product-type-variable","13":"col-xs-6 col-sm-4","14":"col-md-3 col-lg-3","15":"un-4-cols"},"yoast_head":"<!-- This site is optimized with the Yoast SEO plugin v23.8 - https:\/\/yoast.com\/wordpress\/plugins\/seo\/ -->\n<title>Vente de glaces au citron et \u00e0 la cerise - Achetez des glaces au citron et \u00e0 la cerise en ligne<\/title>\n<meta name=\"description\" content=\"Vous pouvez maintenant vous procurer de la glace au citron et \u00e0 la cerise en vente dans notre meilleur magasin PoudresDenarco. Notre personnel vous aidera \u00e0 acheter de la glace au citron et \u00e0 la cerise en ligne aux meilleurs prix. Commandez de la glace au citron et \u00e0 la cerise en ligne d\u00e8s aujourd&#039;hui avec une livraison dans le monde entier !\" \/>\n<meta name=\"robots\" content=\"index, follow, max-snippet:-1, max-image-preview:large, max-video-preview:-1\" \/>\n<link rel=\"canonical\" href=\"https:\/\/poudresdenarco.com\/pt\/produto\/gelado-de-limao-e-cereja\/\" \/>\n<meta property=\"og:locale\" content=\"pt_PT\" \/>\n<meta property=\"og:type\" content=\"article\" \/>\n<meta property=\"og:title\" content=\"Vente de glaces au citron et \u00e0 la cerise - Achetez des glaces au citron et \u00e0 la cerise en ligne\" \/>\n<meta property=\"og:description\" content=\"Vous pouvez maintenant vous procurer de la glace au citron et \u00e0 la cerise en vente dans notre meilleur magasin PoudresDenarco. Notre personnel vous aidera \u00e0 acheter de la glace au citron et \u00e0 la cerise en ligne aux meilleurs prix. Commandez de la glace au citron et \u00e0 la cerise en ligne d\u00e8s aujourd&#039;hui avec une livraison dans le monde entier !\" \/>\n<meta property=\"og:url\" content=\"https:\/\/poudresdenarco.com\/pt\/produto\/gelado-de-limao-e-cereja\/\" \/>\n<meta property=\"og:site_name\" content=\"Poudresde Narco\" \/>\n<meta property=\"article:modified_time\" content=\"2024-11-03T07:22:24+00:00\" \/>\n<meta property=\"og:image\" content=\"https:\/\/poudresdenarco.com\/wp-content\/uploads\/2024\/01\/LEMON-CHERRY-GELATO.jpg\" \/>\n\t<meta property=\"og:image:width\" content=\"600\" \/>\n\t<meta property=\"og:image:height\" content=\"600\" \/>\n\t<meta property=\"og:image:type\" content=\"image\/jpeg\" \/>\n<meta name=\"twitter:card\" content=\"summary_large_image\" \/>\n<meta name=\"twitter:label1\" content=\"Tempo estimado de leitura\" \/>\n\t<meta name=\"twitter:data1\" content=\"6 minutos\" \/>\n<script type=\"application\/ld+json\" class=\"yoast-schema-graph\">{\"@context\":\"https:\/\/schema.org\",\"@graph\":[{\"@type\":\"WebPage\",\"@id\":\"https:\/\/poudresdenarco.com\/produit\/gelato-citron-cerise\/\",\"url\":\"https:\/\/poudresdenarco.com\/produit\/gelato-citron-cerise\/\",\"name\":\"Vente de glaces au citron et \u00e0 la cerise - Achetez des glaces au citron et \u00e0 la cerise en ligne\",\"isPartOf\":{\"@id\":\"https:\/\/poudresdenarco.com\/#website\"},\"primaryImageOfPage\":{\"@id\":\"https:\/\/poudresdenarco.com\/produit\/gelato-citron-cerise\/#primaryimage\"},\"image\":{\"@id\":\"https:\/\/poudresdenarco.com\/produit\/gelato-citron-cerise\/#primaryimage\"},\"thumbnailUrl\":\"https:\/\/poudresdenarco.com\/wp-content\/uploads\/2024\/01\/LEMON-CHERRY-GELATO.jpg\",\"datePublished\":\"2024-01-02T09:35:43+00:00\",\"dateModified\":\"2024-11-03T07:22:24+00:00\",\"description\":\"Vous pouvez maintenant vous procurer de la glace au citron et \u00e0 la cerise en vente dans notre meilleur magasin PoudresDenarco. Notre personnel vous aidera \u00e0 acheter de la glace au citron et \u00e0 la cerise en ligne aux meilleurs prix. Commandez de la glace au citron et \u00e0 la cerise en ligne d\u00e8s aujourd'hui avec une livraison dans le monde entier !\",\"breadcrumb\":{\"@id\":\"https:\/\/poudresdenarco.com\/produit\/gelato-citron-cerise\/#breadcrumb\"},\"inLanguage\":\"pt-PT\",\"potentialAction\":[{\"@type\":\"ReadAction\",\"target\":[\"https:\/\/poudresdenarco.com\/produit\/gelato-citron-cerise\/\"]}]},{\"@type\":\"ImageObject\",\"inLanguage\":\"pt-PT\",\"@id\":\"https:\/\/poudresdenarco.com\/produit\/gelato-citron-cerise\/#primaryimage\",\"url\":\"https:\/\/poudresdenarco.com\/wp-content\/uploads\/2024\/01\/LEMON-CHERRY-GELATO.jpg\",\"contentUrl\":\"https:\/\/poudresdenarco.com\/wp-content\/uploads\/2024\/01\/LEMON-CHERRY-GELATO.jpg\",\"width\":600,\"height\":600,\"caption\":\"Achetez de la glace au citron cerise en ligne\"},{\"@type\":\"BreadcrumbList\",\"@id\":\"https:\/\/poudresdenarco.com\/produit\/gelato-citron-cerise\/#breadcrumb\",\"itemListElement\":[{\"@type\":\"ListItem\",\"position\":1,\"name\":\"Home\",\"item\":\"https:\/\/poudresdenarco.com\/\"},{\"@type\":\"ListItem\",\"position\":2,\"name\":\"Boutique\",\"item\":\"https:\/\/poudresdenarco.com\/boutique\/\"},{\"@type\":\"ListItem\",\"position\":3,\"name\":\"Gelato Citron Cerise\"}]},{\"@type\":\"WebSite\",\"@id\":\"https:\/\/poudresdenarco.com\/#website\",\"url\":\"https:\/\/poudresdenarco.com\/\",\"name\":\"Poudresde Narco\",\"description\":\"Acheter de la coca\u00efne et de l&#039;h\u00e9ro\u00efne en ligne\",\"potentialAction\":[{\"@type\":\"SearchAction\",\"target\":{\"@type\":\"EntryPoint\",\"urlTemplate\":\"https:\/\/poudresdenarco.com\/?s={search_term_string}\"},\"query-input\":{\"@type\":\"PropertyValueSpecification\",\"valueRequired\":true,\"valueName\":\"search_term_string\"}}],\"inLanguage\":\"pt-PT\"}]}<\/script>\n<!-- \/ Yoast SEO plugin. -->","yoast_head_json":{"title":"Vente de glaces au citron et \u00e0 la cerise - Achetez des glaces au citron et \u00e0 la cerise en ligne","description":"Vous pouvez maintenant vous procurer de la glace au citron et \u00e0 la cerise en vente dans notre meilleur magasin PoudresDenarco. Notre personnel vous aidera \u00e0 acheter de la glace au citron et \u00e0 la cerise en ligne aux meilleurs prix. Commandez de la glace au citron et \u00e0 la cerise en ligne d\u00e8s aujourd'hui avec une livraison dans le monde entier !","robots":{"index":"index","follow":"follow","max-snippet":"max-snippet:-1","max-image-preview":"max-image-preview:large","max-video-preview":"max-video-preview:-1"},"canonical":"https:\/\/poudresdenarco.com\/pt\/produto\/gelado-de-limao-e-cereja\/","og_locale":"pt_PT","og_type":"article","og_title":"Vente de glaces au citron et \u00e0 la cerise - Achetez des glaces au citron et \u00e0 la cerise en ligne","og_description":"Vous pouvez maintenant vous procurer de la glace au citron et \u00e0 la cerise en vente dans notre meilleur magasin PoudresDenarco. Notre personnel vous aidera \u00e0 acheter de la glace au citron et \u00e0 la cerise en ligne aux meilleurs prix. Commandez de la glace au citron et \u00e0 la cerise en ligne d\u00e8s aujourd'hui avec une livraison dans le monde entier !","og_url":"https:\/\/poudresdenarco.com\/pt\/produto\/gelado-de-limao-e-cereja\/","og_site_name":"Poudresde Narco","article_modified_time":"2024-11-03T07:22:24+00:00","og_image":[{"width":600,"height":600,"url":"https:\/\/poudresdenarco.com\/wp-content\/uploads\/2024\/01\/LEMON-CHERRY-GELATO.jpg","type":"image\/jpeg"}],"twitter_card":"summary_large_image","twitter_misc":{"Tempo estimado de leitura":"6 minutos"},"schema":{"@context":"https:\/\/schema.org","@graph":[{"@type":"WebPage","@id":"https:\/\/poudresdenarco.com\/produit\/gelato-citron-cerise\/","url":"https:\/\/poudresdenarco.com\/produit\/gelato-citron-cerise\/","name":"Vente de glaces au citron et \u00e0 la cerise - Achetez des glaces au citron et \u00e0 la cerise en ligne","isPartOf":{"@id":"https:\/\/poudresdenarco.com\/#website"},"primaryImageOfPage":{"@id":"https:\/\/poudresdenarco.com\/produit\/gelato-citron-cerise\/#primaryimage"},"image":{"@id":"https:\/\/poudresdenarco.com\/produit\/gelato-citron-cerise\/#primaryimage"},"thumbnailUrl":"https:\/\/poudresdenarco.com\/wp-content\/uploads\/2024\/01\/LEMON-CHERRY-GELATO.jpg","datePublished":"2024-01-02T09:35:43+00:00","dateModified":"2024-11-03T07:22:24+00:00","description":"Vous pouvez maintenant vous procurer de la glace au citron et \u00e0 la cerise en vente dans notre meilleur magasin PoudresDenarco. Notre personnel vous aidera \u00e0 acheter de la glace au citron et \u00e0 la cerise en ligne aux meilleurs prix. Commandez de la glace au citron et \u00e0 la cerise en ligne d\u00e8s aujourd'hui avec une livraison dans le monde entier !","breadcrumb":{"@id":"https:\/\/poudresdenarco.com\/produit\/gelato-citron-cerise\/#breadcrumb"},"inLanguage":"pt-PT","potentialAction":[{"@type":"ReadAction","target":["https:\/\/poudresdenarco.com\/produit\/gelato-citron-cerise\/"]}]},{"@type":"ImageObject","inLanguage":"pt-PT","@id":"https:\/\/poudresdenarco.com\/produit\/gelato-citron-cerise\/#primaryimage","url":"https:\/\/poudresdenarco.com\/wp-content\/uploads\/2024\/01\/LEMON-CHERRY-GELATO.jpg","contentUrl":"https:\/\/poudresdenarco.com\/wp-content\/uploads\/2024\/01\/LEMON-CHERRY-GELATO.jpg","width":600,"height":600,"caption":"Achetez de la glace au citron cerise en ligne"},{"@type":"BreadcrumbList","@id":"https:\/\/poudresdenarco.com\/produit\/gelato-citron-cerise\/#breadcrumb","itemListElement":[{"@type":"ListItem","position":1,"name":"Home","item":"https:\/\/poudresdenarco.com\/"},{"@type":"ListItem","position":2,"name":"Boutique","item":"https:\/\/poudresdenarco.com\/boutique\/"},{"@type":"ListItem","position":3,"name":"Gelato Citron Cerise"}]},{"@type":"WebSite","@id":"https:\/\/poudresdenarco.com\/#website","url":"https:\/\/poudresdenarco.com\/","name":"Poudresde Narco","description":"Acheter de la coca\u00efne et de l&#039;h\u00e9ro\u00efne en ligne","potentialAction":[{"@type":"SearchAction","target":{"@type":"EntryPoint","urlTemplate":"https:\/\/poudresdenarco.com\/?s={search_term_string}"},"query-input":{"@type":"PropertyValueSpecification","valueRequired":true,"valueName":"search_term_string"}}],"inLanguage":"pt-PT"}]}},"_links":{"self":[{"href":"https:\/\/poudresdenarco.com\/pt\/wp-json\/wp\/v2\/product\/4396","targetHints":{"allow":["GET"]}}],"collection":[{"href":"https:\/\/poudresdenarco.com\/pt\/wp-json\/wp\/v2\/product"}],"about":[{"href":"https:\/\/poudresdenarco.com\/pt\/wp-json\/wp\/v2\/types\/product"}],"replies":[{"embeddable":true,"href":"https:\/\/poudresdenarco.com\/pt\/wp-json\/wp\/v2\/comments?post=4396"}],"wp:featuredmedia":[{"embeddable":true,"href":"https:\/\/poudresdenarco.com\/pt\/wp-json\/wp\/v2\/media\/4518"}],"wp:attachment":[{"href":"https:\/\/poudresdenarco.com\/pt\/wp-json\/wp\/v2\/media?parent=4396"}],"wp:term":[{"taxonomy":"product_cat","embeddable":true,"href":"https:\/\/poudresdenarco.com\/pt\/wp-json\/wp\/v2\/product_cat?post=4396"},{"taxonomy":"product_tag","embeddable":true,"href":"https:\/\/poudresdenarco.com\/pt\/wp-json\/wp\/v2\/product_tag?post=4396"}],"curies":[{"name":"wp","href":"https:\/\/api.w.org\/{rel}","templated":true}]}}