{"id":4456,"date":"2024-01-02T10:49:48","date_gmt":"2024-01-02T10:49:48","guid":{"rendered":"https:\/\/unkrautmarkt.com\/narco1\/?post_type=product&#038;p=4456"},"modified":"2025-06-02T20:15:55","modified_gmt":"2025-06-02T20:15:55","slug":"amnesie-hash","status":"publish","type":"product","link":"https:\/\/poudresdenarco.com\/pt\/produto\/haxixe-de-amnesia\/","title":{"rendered":"Amn\u00e9sia de Hash"},"content":{"rendered":"<h2><strong><span style=\"vertical-align: inherit;\"><span style=\"vertical-align: inherit;\">COMPRAR HASH DE AMNESIA ON-LINE<\/span><\/span><\/strong><\/h2>\n<h3><strong><span style=\"vertical-align: inherit;\"><span style=\"vertical-align: inherit;\">UM PODER PSICAD\u00c9LICO MUNDIALMENTE FAMOSO: AMNESIA HASH<\/span><\/span><\/strong><\/h3>\n<p><span style=\"vertical-align: inherit;\"><span style=\"vertical-align: inherit;\">Com um toque de indica de montanha profunda, a longa e madura linhagem psicad\u00e9lica sativa caracter\u00edstica de Amnesia Haze \u00e9 contida. Habilmente misturada a partir de duas ra\u00e7as locais e um h\u00edbrido, esta variedade \u00e9 uma pot\u00eancia de THC com um efeito que obrigar\u00e1 at\u00e9 o mais experiente conhecedor de can\u00e1bis a reconhec\u00ea-la.<\/span><\/span><\/p>\n<p><span style=\"vertical-align: inherit;\"><span style=\"vertical-align: inherit;\">Quando cuidadosamente secos, os grossos cachos de flores de Amnesia Haze tornam-se r\u00edgidos ao toque. Os nuggets s\u00f3lidos foram t\u00e3o bem cristalizados que parecem ter sido suavemente revestidos por um caramelo brilhante e refrat\u00e1rio \u00e0 luz, aromatizado com cardamomo ex\u00f3tico, lim\u00e3o, manjerona e tangerina.<\/span><\/span><\/p>\n<p><span style=\"vertical-align: inherit;\"><span style=\"vertical-align: inherit;\">A Amnesia Haze \u00e9 altamente considerada pelos hashes e outras extrac\u00e7\u00f5es devido \u00e0 sua produ\u00e7\u00e3o excessiva de tricomas. As cascatas de resina pura cor de mel, com 22% de THC, s\u00e3o um espet\u00e1culo pegajoso de se ver e uma descoberta perfumada sem precedentes quando aquecidas e esmagadas em vinte toneladas.<\/span><\/span><\/p>\n<h3><strong><span style=\"vertical-align: inherit;\"><span style=\"vertical-align: inherit;\">IMPACTO DAS N\u00c9VOAS DE AMN\u00c9SIA<\/span><\/span><\/strong><\/h3>\n<p><span style=\"vertical-align: inherit;\"><span style=\"vertical-align: inherit;\">Os efeitos s\u00e3o poderosos, mesmo que sejam dif\u00edceis de avaliar. Um fator importante \u00e9 a experi\u00eancia do utilizador. Com esta poderosa variedade, um principiante em can\u00e1bis pode experimentar a sua primeira experi\u00eancia verde. Posso facilmente abusar porque \u00e9 muito delicioso e sedoso.<\/span><\/span><\/p>\n<p><span style=\"vertical-align: inherit;\"><span style=\"vertical-align: inherit;\">Um amante experiente da sativa ficar\u00e1 cativado pelo foco excecional e pelo est\u00edmulo criativo que esta variedade quase alucinog\u00e9nia oferece. O ar livre, com os seus arredores vibrantes e ar animado, acena. Naturalmente, \u00e9 altamente recomend\u00e1vel simplesmente aconchegar-se no sof\u00e1 com um pouco de m\u00fasica e passar uma tarde bem passada com os amigos e desfrutar de uma excurs\u00e3o mental. ou ousar sonhar em grande e ousado.<\/span><\/span><\/p>\n<p><span style=\"vertical-align: inherit;\"><span style=\"vertical-align: inherit;\">Por vezes pode ser quim\u00e9rico e demorar quinze minutos para ativar totalmente os seus efeitos neuroqu\u00edmicos. Pode dar por si a fumar um cigarro e se perguntando por que todo esse barulho. Depois, no momento seguinte, pergunta-se como raio chegou aqui, como uma pessoa com amn\u00e9sia. Rindo de espanto e abanando a cabe\u00e7a como uma peneira.<\/span><\/span><\/p>\n<p><span style=\"vertical-align: inherit;\"><span style=\"vertical-align: inherit;\">Amnesia Haze tem um sabor c\u00edtrico euf\u00f3rico e \u00e9 bastante pobre em CBD. Isto torna-a uma estirpe \u00fatil para fins terap\u00eauticos. O efeito psicotr\u00f3pico do smiley refere-se a terapias para a ansiedade associada \u00e0 dor, desespero e PTSD.<\/span><\/span><\/p>\n<h3><strong><span style=\"vertical-align: inherit;\"><span style=\"vertical-align: inherit;\">Como induzir amn\u00e9sia<\/span><\/span><\/strong><\/h3>\n<p><span style=\"vertical-align: inherit;\"><span style=\"vertical-align: inherit;\">Ao ar livre: Uma afinidade natural por dias longos e quentes vem da sua ascend\u00eancia com predomin\u00e2ncia sativa. Amnesia Haze cumpre melhor a promessa da gen\u00e9tica da sativa tropical quanto mais se aproxima do equador. Obter\u00e1 resultados excecionais no sul de Espanha, no norte da Austr\u00e1lia, no norte de \u00c1frica e at\u00e9 no norte da Calif\u00f3rnia.<\/span><\/span><\/p>\n<p><span style=\"vertical-align: inherit;\"><span style=\"vertical-align: inherit;\">As plantas monstruosas com longas lan\u00e7as de grossos cachos de flores, que podem demorar doze a catorze semanas a amadurecer completamente, s\u00e3o garantidas quando as sementes s\u00e3o plantadas durante uma esta\u00e7\u00e3o inteira. Uma planta Amnesia Haze bem conservada, quando cultivada com solo 100% org\u00e2nico premium enriquecido com suplementos org\u00e2nicos sazonais, produzir\u00e1 uma abund\u00e2ncia de bot\u00f5es perfumados.<\/span><\/span><\/p>\n<p><span style=\"vertical-align: inherit;\"><span style=\"vertical-align: inherit;\">Dentro de casa, directamente do arm\u00e1rio de clonagem, Amnesia Haze expressa grandes caracter\u00edsticas sativa e tende a esticar-se significativamente, especialmente sob condi\u00e7\u00f5es de ilumina\u00e7\u00e3o de 12 horas.<\/span><\/span><\/p>\n<p><span style=\"vertical-align: inherit;\"><span style=\"vertical-align: inherit;\">Amnesia Haze prefere ser bem alimentada, mas pode cair rapidamente na zona t\u00f3xica, assim como muitas outras sativas. Portanto, ao medir os nutrientes, \u00e9 aconselh\u00e1vel ter cuidado.<\/span><\/span><\/p>\n<p><span style=\"vertical-align: inherit;\"><span style=\"vertical-align: inherit;\">Quando as flores est\u00e3o na \u00e9poca, \u00e9 realmente um jogo de paci\u00eancia. Pode demorar doze semanas para que os bot\u00f5es longos com folhas finas se abram completamente. Algumas caracter\u00edsticas exigentes podem demorar vinte!<\/span><\/span><\/p>\n<p><span style=\"vertical-align: inherit;\"><span style=\"vertical-align: inherit;\">As plantas demoram a crescer, mas quando o fazem, produzem um produto satisfatoriamente denso e lindamente cristalizado que pesa 600g\/m\u00b2 sob ilumina\u00e7\u00e3o de 600W. biodisponibilidade. Isso \u00e9 tudo! Consulte o nosso guia completo sobre como utilizar o nosso hash CBD aqui.<\/span><\/span><\/p>","protected":false},"excerpt":{"rendered":"<p>BUY AMNESIA HASH ONLINE A WORLD FAMOUS PSYCHEDELIC POWER: AMNESIA HASH With a hint of deep mountain indica, Amnesia Haze\u2019s signature long and mature psychedelic sativa lineage is restrained. Expertly blended from two landraces and a hybrid, this strain is a THC powerhouse with an effect that will force even the most seasoned cannabis connoisseur&hellip;<\/p>","protected":false},"featured_media":4523,"comment_status":"open","ping_status":"closed","template":"","meta":{"_joinchat":[]},"product_cat":[474],"product_tag":[],"class_list":{"0":"post-4456","1":"product","2":"type-product","3":"status-publish","4":"has-post-thumbnail","6":"product_cat-haschisch","8":"first","9":"instock","10":"shipping-taxable","11":"purchasable","12":"product-type-variable","13":"col-xs-6 col-sm-4","14":"col-md-3 col-lg-3","15":"un-4-cols"},"yoast_head":"<!-- This site is optimized with the Yoast SEO plugin v23.8 - https:\/\/yoast.com\/wordpress\/plugins\/seo\/ -->\n<title>Acheter du haschisch Amnesia en ligne - Vente de haschisch Amnesia<\/title>\n<meta name=\"description\" content=\"O\u00f9 acheter Amnesia Hash en ligne au meilleur prix ? Trouvez du Hash Amnesia de haute qualit\u00e9 \u00e0 vendre dans notre boutique en ligne s\u00e9curis\u00e9e, r\u00e9pondant \u00e0 vos besoins de recherche. Commandez maintenant !\" \/>\n<meta name=\"robots\" content=\"index, follow, max-snippet:-1, max-image-preview:large, max-video-preview:-1\" \/>\n<link rel=\"canonical\" href=\"https:\/\/poudresdenarco.com\/pt\/produto\/haxixe-de-amnesia\/\" \/>\n<meta property=\"og:locale\" content=\"pt_PT\" \/>\n<meta property=\"og:type\" content=\"article\" \/>\n<meta property=\"og:title\" content=\"Acheter du haschisch Amnesia en ligne - Vente de haschisch Amnesia\" \/>\n<meta property=\"og:description\" content=\"O\u00f9 acheter Amnesia Hash en ligne au meilleur prix ? Trouvez du Hash Amnesia de haute qualit\u00e9 \u00e0 vendre dans notre boutique en ligne s\u00e9curis\u00e9e, r\u00e9pondant \u00e0 vos besoins de recherche. Commandez maintenant !\" \/>\n<meta property=\"og:url\" content=\"https:\/\/poudresdenarco.com\/pt\/produto\/haxixe-de-amnesia\/\" \/>\n<meta property=\"og:site_name\" content=\"Poudresde Narco\" \/>\n<meta property=\"article:modified_time\" content=\"2025-06-02T20:15:55+00:00\" \/>\n<meta property=\"og:image\" content=\"https:\/\/poudresdenarco.com\/wp-content\/uploads\/2024\/01\/AMNESIA-HASH.jpg\" \/>\n\t<meta property=\"og:image:width\" content=\"600\" \/>\n\t<meta property=\"og:image:height\" content=\"600\" \/>\n\t<meta property=\"og:image:type\" content=\"image\/jpeg\" \/>\n<meta name=\"twitter:card\" content=\"summary_large_image\" \/>\n<meta name=\"twitter:label1\" content=\"Tempo estimado de leitura\" \/>\n\t<meta name=\"twitter:data1\" content=\"3 minutos\" \/>\n<script type=\"application\/ld+json\" class=\"yoast-schema-graph\">{\"@context\":\"https:\/\/schema.org\",\"@graph\":[{\"@type\":\"WebPage\",\"@id\":\"https:\/\/poudresdenarco.com\/produit\/amnesie-hash\/\",\"url\":\"https:\/\/poudresdenarco.com\/produit\/amnesie-hash\/\",\"name\":\"Acheter du haschisch Amnesia en ligne - Vente de haschisch Amnesia\",\"isPartOf\":{\"@id\":\"https:\/\/poudresdenarco.com\/#website\"},\"primaryImageOfPage\":{\"@id\":\"https:\/\/poudresdenarco.com\/produit\/amnesie-hash\/#primaryimage\"},\"image\":{\"@id\":\"https:\/\/poudresdenarco.com\/produit\/amnesie-hash\/#primaryimage\"},\"thumbnailUrl\":\"https:\/\/poudresdenarco.com\/wp-content\/uploads\/2024\/01\/AMNESIA-HASH.jpg\",\"datePublished\":\"2024-01-02T10:49:48+00:00\",\"dateModified\":\"2025-06-02T20:15:55+00:00\",\"description\":\"O\u00f9 acheter Amnesia Hash en ligne au meilleur prix ? Trouvez du Hash Amnesia de haute qualit\u00e9 \u00e0 vendre dans notre boutique en ligne s\u00e9curis\u00e9e, r\u00e9pondant \u00e0 vos besoins de recherche. Commandez maintenant !\",\"breadcrumb\":{\"@id\":\"https:\/\/poudresdenarco.com\/produit\/amnesie-hash\/#breadcrumb\"},\"inLanguage\":\"pt-PT\",\"potentialAction\":[{\"@type\":\"ReadAction\",\"target\":[\"https:\/\/poudresdenarco.com\/produit\/amnesie-hash\/\"]}]},{\"@type\":\"ImageObject\",\"inLanguage\":\"pt-PT\",\"@id\":\"https:\/\/poudresdenarco.com\/produit\/amnesie-hash\/#primaryimage\",\"url\":\"https:\/\/poudresdenarco.com\/wp-content\/uploads\/2024\/01\/AMNESIA-HASH.jpg\",\"contentUrl\":\"https:\/\/poudresdenarco.com\/wp-content\/uploads\/2024\/01\/AMNESIA-HASH.jpg\",\"width\":600,\"height\":600,\"caption\":\"Achetez AMNESIA-HASH en ligne\"},{\"@type\":\"BreadcrumbList\",\"@id\":\"https:\/\/poudresdenarco.com\/produit\/amnesie-hash\/#breadcrumb\",\"itemListElement\":[{\"@type\":\"ListItem\",\"position\":1,\"name\":\"Home\",\"item\":\"https:\/\/poudresdenarco.com\/\"},{\"@type\":\"ListItem\",\"position\":2,\"name\":\"Boutique\",\"item\":\"https:\/\/poudresdenarco.com\/boutique\/\"},{\"@type\":\"ListItem\",\"position\":3,\"name\":\"Amn\u00e9sie Hash\"}]},{\"@type\":\"WebSite\",\"@id\":\"https:\/\/poudresdenarco.com\/#website\",\"url\":\"https:\/\/poudresdenarco.com\/\",\"name\":\"Poudresde Narco\",\"description\":\"Acheter de la coca\u00efne et de l&#039;h\u00e9ro\u00efne en ligne\",\"potentialAction\":[{\"@type\":\"SearchAction\",\"target\":{\"@type\":\"EntryPoint\",\"urlTemplate\":\"https:\/\/poudresdenarco.com\/?s={search_term_string}\"},\"query-input\":{\"@type\":\"PropertyValueSpecification\",\"valueRequired\":true,\"valueName\":\"search_term_string\"}}],\"inLanguage\":\"pt-PT\"}]}<\/script>\n<!-- \/ Yoast SEO plugin. -->","yoast_head_json":{"title":"Acheter du haschisch Amnesia en ligne - Vente de haschisch Amnesia","description":"O\u00f9 acheter Amnesia Hash en ligne au meilleur prix ? Trouvez du Hash Amnesia de haute qualit\u00e9 \u00e0 vendre dans notre boutique en ligne s\u00e9curis\u00e9e, r\u00e9pondant \u00e0 vos besoins de recherche. Commandez maintenant !","robots":{"index":"index","follow":"follow","max-snippet":"max-snippet:-1","max-image-preview":"max-image-preview:large","max-video-preview":"max-video-preview:-1"},"canonical":"https:\/\/poudresdenarco.com\/pt\/produto\/haxixe-de-amnesia\/","og_locale":"pt_PT","og_type":"article","og_title":"Acheter du haschisch Amnesia en ligne - Vente de haschisch Amnesia","og_description":"O\u00f9 acheter Amnesia Hash en ligne au meilleur prix ? Trouvez du Hash Amnesia de haute qualit\u00e9 \u00e0 vendre dans notre boutique en ligne s\u00e9curis\u00e9e, r\u00e9pondant \u00e0 vos besoins de recherche. Commandez maintenant !","og_url":"https:\/\/poudresdenarco.com\/pt\/produto\/haxixe-de-amnesia\/","og_site_name":"Poudresde Narco","article_modified_time":"2025-06-02T20:15:55+00:00","og_image":[{"width":600,"height":600,"url":"https:\/\/poudresdenarco.com\/wp-content\/uploads\/2024\/01\/AMNESIA-HASH.jpg","type":"image\/jpeg"}],"twitter_card":"summary_large_image","twitter_misc":{"Tempo estimado de leitura":"3 minutos"},"schema":{"@context":"https:\/\/schema.org","@graph":[{"@type":"WebPage","@id":"https:\/\/poudresdenarco.com\/produit\/amnesie-hash\/","url":"https:\/\/poudresdenarco.com\/produit\/amnesie-hash\/","name":"Acheter du haschisch Amnesia en ligne - Vente de haschisch Amnesia","isPartOf":{"@id":"https:\/\/poudresdenarco.com\/#website"},"primaryImageOfPage":{"@id":"https:\/\/poudresdenarco.com\/produit\/amnesie-hash\/#primaryimage"},"image":{"@id":"https:\/\/poudresdenarco.com\/produit\/amnesie-hash\/#primaryimage"},"thumbnailUrl":"https:\/\/poudresdenarco.com\/wp-content\/uploads\/2024\/01\/AMNESIA-HASH.jpg","datePublished":"2024-01-02T10:49:48+00:00","dateModified":"2025-06-02T20:15:55+00:00","description":"O\u00f9 acheter Amnesia Hash en ligne au meilleur prix ? Trouvez du Hash Amnesia de haute qualit\u00e9 \u00e0 vendre dans notre boutique en ligne s\u00e9curis\u00e9e, r\u00e9pondant \u00e0 vos besoins de recherche. Commandez maintenant !","breadcrumb":{"@id":"https:\/\/poudresdenarco.com\/produit\/amnesie-hash\/#breadcrumb"},"inLanguage":"pt-PT","potentialAction":[{"@type":"ReadAction","target":["https:\/\/poudresdenarco.com\/produit\/amnesie-hash\/"]}]},{"@type":"ImageObject","inLanguage":"pt-PT","@id":"https:\/\/poudresdenarco.com\/produit\/amnesie-hash\/#primaryimage","url":"https:\/\/poudresdenarco.com\/wp-content\/uploads\/2024\/01\/AMNESIA-HASH.jpg","contentUrl":"https:\/\/poudresdenarco.com\/wp-content\/uploads\/2024\/01\/AMNESIA-HASH.jpg","width":600,"height":600,"caption":"Achetez AMNESIA-HASH en ligne"},{"@type":"BreadcrumbList","@id":"https:\/\/poudresdenarco.com\/produit\/amnesie-hash\/#breadcrumb","itemListElement":[{"@type":"ListItem","position":1,"name":"Home","item":"https:\/\/poudresdenarco.com\/"},{"@type":"ListItem","position":2,"name":"Boutique","item":"https:\/\/poudresdenarco.com\/boutique\/"},{"@type":"ListItem","position":3,"name":"Amn\u00e9sie Hash"}]},{"@type":"WebSite","@id":"https:\/\/poudresdenarco.com\/#website","url":"https:\/\/poudresdenarco.com\/","name":"Poudresde Narco","description":"Acheter de la coca\u00efne et de l&#039;h\u00e9ro\u00efne en ligne","potentialAction":[{"@type":"SearchAction","target":{"@type":"EntryPoint","urlTemplate":"https:\/\/poudresdenarco.com\/?s={search_term_string}"},"query-input":{"@type":"PropertyValueSpecification","valueRequired":true,"valueName":"search_term_string"}}],"inLanguage":"pt-PT"}]}},"_links":{"self":[{"href":"https:\/\/poudresdenarco.com\/pt\/wp-json\/wp\/v2\/product\/4456","targetHints":{"allow":["GET"]}}],"collection":[{"href":"https:\/\/poudresdenarco.com\/pt\/wp-json\/wp\/v2\/product"}],"about":[{"href":"https:\/\/poudresdenarco.com\/pt\/wp-json\/wp\/v2\/types\/product"}],"replies":[{"embeddable":true,"href":"https:\/\/poudresdenarco.com\/pt\/wp-json\/wp\/v2\/comments?post=4456"}],"wp:featuredmedia":[{"embeddable":true,"href":"https:\/\/poudresdenarco.com\/pt\/wp-json\/wp\/v2\/media\/4523"}],"wp:attachment":[{"href":"https:\/\/poudresdenarco.com\/pt\/wp-json\/wp\/v2\/media?parent=4456"}],"wp:term":[{"taxonomy":"product_cat","embeddable":true,"href":"https:\/\/poudresdenarco.com\/pt\/wp-json\/wp\/v2\/product_cat?post=4456"},{"taxonomy":"product_tag","embeddable":true,"href":"https:\/\/poudresdenarco.com\/pt\/wp-json\/wp\/v2\/product_tag?post=4456"}],"curies":[{"name":"wp","href":"https:\/\/api.w.org\/{rel}","templated":true}]}}