{"id":4457,"date":"2024-01-02T10:54:03","date_gmt":"2024-01-02T10:54:03","guid":{"rendered":"https:\/\/unkrautmarkt.com\/narco1\/?post_type=product&#038;p=4457"},"modified":"2025-06-08T23:15:41","modified_gmt":"2025-06-08T23:15:41","slug":"amnesie-jelly-hash","status":"publish","type":"product","link":"https:\/\/poudresdenarco.com\/pt\/produto\/haxixe-de-geleia-de-amnesia\/","title":{"rendered":"Haxixe de gelatina de amn\u00e9sia"},"content":{"rendered":"<h2><strong><span style=\"vertical-align: inherit;\"><span style=\"vertical-align: inherit;\">Comprar Amnesia Jelly Hash online<\/span><\/span><\/strong><\/h2>\n<h3><strong><span style=\"vertical-align: inherit;\"><span style=\"vertical-align: inherit;\">O NOSSO HASH CBD DA MAIS ALTA QUALIDADE<\/span><\/span><\/strong><\/h3>\n<ul>\n<li><span style=\"vertical-align: inherit;\"><span style=\"vertical-align: inherit;\">Terpenos de pinho muito fortes.<\/span><\/span><\/li>\n<li><span style=\"vertical-align: inherit;\"><span style=\"vertical-align: inherit;\">Terpenos Sativa.<\/span><\/span><\/li>\n<li><span style=\"vertical-align: inherit;\"><span style=\"vertical-align: inherit;\">Conte\u00fado muito elevado de CBD<\/span><\/span><\/li>\n<li><span style=\"vertical-align: inherit;\"><span style=\"vertical-align: inherit;\">Biol\u00f3gico, sem OGM, sem pesticidas<\/span><\/span><\/li>\n<li><span style=\"vertical-align: inherit;\"><span style=\"vertical-align: inherit;\">Sabor delicioso<\/span><\/span><\/li>\n<li><span style=\"vertical-align: inherit;\"><span style=\"vertical-align: inherit;\">100% derivado de c\u00e2nhamo<\/span><\/span><\/li>\n<\/ul>\n<p><span style=\"vertical-align: inherit;\"><span style=\"vertical-align: inherit;\">Dentro de casa, directamente do arm\u00e1rio de clonagem, Amnesia Haze expressa grandes caracter\u00edsticas sativa e tende a esticar-se significativamente, especialmente sob condi\u00e7\u00f5es de ilumina\u00e7\u00e3o de 12 horas.<\/span><\/span><\/p>\n<p><span style=\"vertical-align: inherit;\"><span style=\"vertical-align: inherit;\">Amnesia Haze prefere ser bem alimentada, mas pode cair rapidamente na zona t\u00f3xica, assim como muitas outras sativas. Portanto, ao medir os nutrientes, \u00e9 aconselh\u00e1vel ter cuidado.<\/span><\/span><\/p>\n<p><span style=\"vertical-align: inherit;\"><span style=\"vertical-align: inherit;\">Quando as flores est\u00e3o na \u00e9poca, \u00e9 realmente um jogo de paci\u00eancia. Pode demorar doze semanas para que os bot\u00f5es longos com folhas finas se abram completamente. Algumas caracter\u00edsticas exigentes podem demorar vinte!<\/span><\/span><\/p>\n<p><span style=\"vertical-align: inherit;\"><span style=\"vertical-align: inherit;\">As plantas demoram a crescer, mas quando o fazem, produzem um produto satisfatoriamente denso e lindamente cristalizado que pesa 600g\/m\u00b2 sob ilumina\u00e7\u00e3o de 600W. biodisponibilidade. Isso \u00e9 tudo! Consulte o nosso guia completo sobre como utilizar o nosso hash CBD aqui.<\/span><\/span><\/p>","protected":false},"excerpt":{"rendered":"<p>Buy Amnesia Jelly Hash Online OUR HIGHEST QUALITY CBD HASH Very strong pine terpenes. Sativa terpenes. Very high CBD content Organic, GMO-free, pesticide-free Delicious flavor 100% hemp derived Indoors, right out of the cloning closet, Amnesia Haze expresses major sativa traits and tends to stretch significantly, especially under 12-hour lighting conditions. Amnesia Haze prefers to&hellip;<\/p>","protected":false},"featured_media":4529,"comment_status":"open","ping_status":"closed","template":"","meta":{"_joinchat":[]},"product_cat":[474],"product_tag":[],"class_list":{"0":"post-4457","1":"product","2":"type-product","3":"status-publish","4":"has-post-thumbnail","6":"product_cat-haschisch","8":"first","9":"instock","10":"shipping-taxable","11":"purchasable","12":"product-type-variable","13":"col-xs-6 col-sm-4","14":"col-md-3 col-lg-3","15":"un-4-cols"},"yoast_head":"<!-- This site is optimized with the Yoast SEO plugin v23.8 - https:\/\/yoast.com\/wordpress\/plugins\/seo\/ -->\n<title>Amnesia Jelly Hash \u00e0 vendre - Acheter Amnesia Jelly Hash en ligne<\/title>\n<meta name=\"description\" content=\"Achetez Amnesia Jelly Hash en vente dans l&#039;une des meilleures boutiques en ligne PoudresDenarco. Nous vous aiderons \u00e0 acheter Amnesia Jelly Hash en ligne de haute qualit\u00e9. Ne tardez pas \u00e0 passer votre commande et profitez des derni\u00e8res r\u00e9ductions !\" \/>\n<meta name=\"robots\" content=\"index, follow, max-snippet:-1, max-image-preview:large, max-video-preview:-1\" \/>\n<link rel=\"canonical\" href=\"https:\/\/poudresdenarco.com\/pt\/produto\/haxixe-de-geleia-de-amnesia\/\" \/>\n<meta property=\"og:locale\" content=\"pt_PT\" \/>\n<meta property=\"og:type\" content=\"article\" \/>\n<meta property=\"og:title\" content=\"Amnesia Jelly Hash \u00e0 vendre - Acheter Amnesia Jelly Hash en ligne\" \/>\n<meta property=\"og:description\" content=\"Achetez Amnesia Jelly Hash en vente dans l&#039;une des meilleures boutiques en ligne PoudresDenarco. Nous vous aiderons \u00e0 acheter Amnesia Jelly Hash en ligne de haute qualit\u00e9. Ne tardez pas \u00e0 passer votre commande et profitez des derni\u00e8res r\u00e9ductions !\" \/>\n<meta property=\"og:url\" content=\"https:\/\/poudresdenarco.com\/pt\/produto\/haxixe-de-geleia-de-amnesia\/\" \/>\n<meta property=\"og:site_name\" content=\"Poudresde Narco\" \/>\n<meta property=\"article:modified_time\" content=\"2025-06-08T23:15:41+00:00\" \/>\n<meta property=\"og:image\" content=\"https:\/\/poudresdenarco.com\/wp-content\/uploads\/2024\/01\/AMNESIA-JELLY-HASH-1.jpg\" \/>\n\t<meta property=\"og:image:width\" content=\"600\" \/>\n\t<meta property=\"og:image:height\" content=\"600\" \/>\n\t<meta property=\"og:image:type\" content=\"image\/jpeg\" \/>\n<meta name=\"twitter:card\" content=\"summary_large_image\" \/>\n<meta name=\"twitter:label1\" content=\"Tempo estimado de leitura\" \/>\n\t<meta name=\"twitter:data1\" content=\"1 minuto\" \/>\n<script type=\"application\/ld+json\" class=\"yoast-schema-graph\">{\"@context\":\"https:\/\/schema.org\",\"@graph\":[{\"@type\":\"WebPage\",\"@id\":\"https:\/\/poudresdenarco.com\/produit\/amnesie-jelly-hash\/\",\"url\":\"https:\/\/poudresdenarco.com\/produit\/amnesie-jelly-hash\/\",\"name\":\"Amnesia Jelly Hash \u00e0 vendre - Acheter Amnesia Jelly Hash en ligne\",\"isPartOf\":{\"@id\":\"https:\/\/poudresdenarco.com\/#website\"},\"primaryImageOfPage\":{\"@id\":\"https:\/\/poudresdenarco.com\/produit\/amnesie-jelly-hash\/#primaryimage\"},\"image\":{\"@id\":\"https:\/\/poudresdenarco.com\/produit\/amnesie-jelly-hash\/#primaryimage\"},\"thumbnailUrl\":\"https:\/\/poudresdenarco.com\/wp-content\/uploads\/2024\/01\/AMNESIA-JELLY-HASH-1.jpg\",\"datePublished\":\"2024-01-02T10:54:03+00:00\",\"dateModified\":\"2025-06-08T23:15:41+00:00\",\"description\":\"Achetez Amnesia Jelly Hash en vente dans l'une des meilleures boutiques en ligne PoudresDenarco. Nous vous aiderons \u00e0 acheter Amnesia Jelly Hash en ligne de haute qualit\u00e9. Ne tardez pas \u00e0 passer votre commande et profitez des derni\u00e8res r\u00e9ductions !\",\"breadcrumb\":{\"@id\":\"https:\/\/poudresdenarco.com\/produit\/amnesie-jelly-hash\/#breadcrumb\"},\"inLanguage\":\"pt-PT\",\"potentialAction\":[{\"@type\":\"ReadAction\",\"target\":[\"https:\/\/poudresdenarco.com\/produit\/amnesie-jelly-hash\/\"]}]},{\"@type\":\"ImageObject\",\"inLanguage\":\"pt-PT\",\"@id\":\"https:\/\/poudresdenarco.com\/produit\/amnesie-jelly-hash\/#primaryimage\",\"url\":\"https:\/\/poudresdenarco.com\/wp-content\/uploads\/2024\/01\/AMNESIA-JELLY-HASH-1.jpg\",\"contentUrl\":\"https:\/\/poudresdenarco.com\/wp-content\/uploads\/2024\/01\/AMNESIA-JELLY-HASH-1.jpg\",\"width\":600,\"height\":600,\"caption\":\"Achetez AMNESIA-JELLY-HASH en ligne\"},{\"@type\":\"BreadcrumbList\",\"@id\":\"https:\/\/poudresdenarco.com\/produit\/amnesie-jelly-hash\/#breadcrumb\",\"itemListElement\":[{\"@type\":\"ListItem\",\"position\":1,\"name\":\"Home\",\"item\":\"https:\/\/poudresdenarco.com\/\"},{\"@type\":\"ListItem\",\"position\":2,\"name\":\"Boutique\",\"item\":\"https:\/\/poudresdenarco.com\/boutique\/\"},{\"@type\":\"ListItem\",\"position\":3,\"name\":\"Amn\u00e9sie Jelly Hash\"}]},{\"@type\":\"WebSite\",\"@id\":\"https:\/\/poudresdenarco.com\/#website\",\"url\":\"https:\/\/poudresdenarco.com\/\",\"name\":\"Poudresde Narco\",\"description\":\"Acheter de la coca\u00efne et de l&#039;h\u00e9ro\u00efne en ligne\",\"potentialAction\":[{\"@type\":\"SearchAction\",\"target\":{\"@type\":\"EntryPoint\",\"urlTemplate\":\"https:\/\/poudresdenarco.com\/?s={search_term_string}\"},\"query-input\":{\"@type\":\"PropertyValueSpecification\",\"valueRequired\":true,\"valueName\":\"search_term_string\"}}],\"inLanguage\":\"pt-PT\"}]}<\/script>\n<!-- \/ Yoast SEO plugin. -->","yoast_head_json":{"title":"Amnesia Jelly Hash \u00e0 vendre - Acheter Amnesia Jelly Hash en ligne","description":"Achetez Amnesia Jelly Hash en vente dans l'une des meilleures boutiques en ligne PoudresDenarco. Nous vous aiderons \u00e0 acheter Amnesia Jelly Hash en ligne de haute qualit\u00e9. Ne tardez pas \u00e0 passer votre commande et profitez des derni\u00e8res r\u00e9ductions !","robots":{"index":"index","follow":"follow","max-snippet":"max-snippet:-1","max-image-preview":"max-image-preview:large","max-video-preview":"max-video-preview:-1"},"canonical":"https:\/\/poudresdenarco.com\/pt\/produto\/haxixe-de-geleia-de-amnesia\/","og_locale":"pt_PT","og_type":"article","og_title":"Amnesia Jelly Hash \u00e0 vendre - Acheter Amnesia Jelly Hash en ligne","og_description":"Achetez Amnesia Jelly Hash en vente dans l'une des meilleures boutiques en ligne PoudresDenarco. Nous vous aiderons \u00e0 acheter Amnesia Jelly Hash en ligne de haute qualit\u00e9. Ne tardez pas \u00e0 passer votre commande et profitez des derni\u00e8res r\u00e9ductions !","og_url":"https:\/\/poudresdenarco.com\/pt\/produto\/haxixe-de-geleia-de-amnesia\/","og_site_name":"Poudresde Narco","article_modified_time":"2025-06-08T23:15:41+00:00","og_image":[{"width":600,"height":600,"url":"https:\/\/poudresdenarco.com\/wp-content\/uploads\/2024\/01\/AMNESIA-JELLY-HASH-1.jpg","type":"image\/jpeg"}],"twitter_card":"summary_large_image","twitter_misc":{"Tempo estimado de leitura":"1 minuto"},"schema":{"@context":"https:\/\/schema.org","@graph":[{"@type":"WebPage","@id":"https:\/\/poudresdenarco.com\/produit\/amnesie-jelly-hash\/","url":"https:\/\/poudresdenarco.com\/produit\/amnesie-jelly-hash\/","name":"Amnesia Jelly Hash \u00e0 vendre - Acheter Amnesia Jelly Hash en ligne","isPartOf":{"@id":"https:\/\/poudresdenarco.com\/#website"},"primaryImageOfPage":{"@id":"https:\/\/poudresdenarco.com\/produit\/amnesie-jelly-hash\/#primaryimage"},"image":{"@id":"https:\/\/poudresdenarco.com\/produit\/amnesie-jelly-hash\/#primaryimage"},"thumbnailUrl":"https:\/\/poudresdenarco.com\/wp-content\/uploads\/2024\/01\/AMNESIA-JELLY-HASH-1.jpg","datePublished":"2024-01-02T10:54:03+00:00","dateModified":"2025-06-08T23:15:41+00:00","description":"Achetez Amnesia Jelly Hash en vente dans l'une des meilleures boutiques en ligne PoudresDenarco. Nous vous aiderons \u00e0 acheter Amnesia Jelly Hash en ligne de haute qualit\u00e9. Ne tardez pas \u00e0 passer votre commande et profitez des derni\u00e8res r\u00e9ductions !","breadcrumb":{"@id":"https:\/\/poudresdenarco.com\/produit\/amnesie-jelly-hash\/#breadcrumb"},"inLanguage":"pt-PT","potentialAction":[{"@type":"ReadAction","target":["https:\/\/poudresdenarco.com\/produit\/amnesie-jelly-hash\/"]}]},{"@type":"ImageObject","inLanguage":"pt-PT","@id":"https:\/\/poudresdenarco.com\/produit\/amnesie-jelly-hash\/#primaryimage","url":"https:\/\/poudresdenarco.com\/wp-content\/uploads\/2024\/01\/AMNESIA-JELLY-HASH-1.jpg","contentUrl":"https:\/\/poudresdenarco.com\/wp-content\/uploads\/2024\/01\/AMNESIA-JELLY-HASH-1.jpg","width":600,"height":600,"caption":"Achetez AMNESIA-JELLY-HASH en ligne"},{"@type":"BreadcrumbList","@id":"https:\/\/poudresdenarco.com\/produit\/amnesie-jelly-hash\/#breadcrumb","itemListElement":[{"@type":"ListItem","position":1,"name":"Home","item":"https:\/\/poudresdenarco.com\/"},{"@type":"ListItem","position":2,"name":"Boutique","item":"https:\/\/poudresdenarco.com\/boutique\/"},{"@type":"ListItem","position":3,"name":"Amn\u00e9sie Jelly Hash"}]},{"@type":"WebSite","@id":"https:\/\/poudresdenarco.com\/#website","url":"https:\/\/poudresdenarco.com\/","name":"Poudresde Narco","description":"Acheter de la coca\u00efne et de l&#039;h\u00e9ro\u00efne en ligne","potentialAction":[{"@type":"SearchAction","target":{"@type":"EntryPoint","urlTemplate":"https:\/\/poudresdenarco.com\/?s={search_term_string}"},"query-input":{"@type":"PropertyValueSpecification","valueRequired":true,"valueName":"search_term_string"}}],"inLanguage":"pt-PT"}]}},"_links":{"self":[{"href":"https:\/\/poudresdenarco.com\/pt\/wp-json\/wp\/v2\/product\/4457","targetHints":{"allow":["GET"]}}],"collection":[{"href":"https:\/\/poudresdenarco.com\/pt\/wp-json\/wp\/v2\/product"}],"about":[{"href":"https:\/\/poudresdenarco.com\/pt\/wp-json\/wp\/v2\/types\/product"}],"replies":[{"embeddable":true,"href":"https:\/\/poudresdenarco.com\/pt\/wp-json\/wp\/v2\/comments?post=4457"}],"wp:featuredmedia":[{"embeddable":true,"href":"https:\/\/poudresdenarco.com\/pt\/wp-json\/wp\/v2\/media\/4529"}],"wp:attachment":[{"href":"https:\/\/poudresdenarco.com\/pt\/wp-json\/wp\/v2\/media?parent=4457"}],"wp:term":[{"taxonomy":"product_cat","embeddable":true,"href":"https:\/\/poudresdenarco.com\/pt\/wp-json\/wp\/v2\/product_cat?post=4457"},{"taxonomy":"product_tag","embeddable":true,"href":"https:\/\/poudresdenarco.com\/pt\/wp-json\/wp\/v2\/product_tag?post=4457"}],"curies":[{"name":"wp","href":"https:\/\/api.w.org\/{rel}","templated":true}]}}