{"id":4459,"date":"2024-01-02T10:58:31","date_gmt":"2024-01-02T10:58:31","guid":{"rendered":"https:\/\/unkrautmarkt.com\/narco1\/?post_type=product&#038;p=4459"},"modified":"2025-04-05T23:33:57","modified_gmt":"2025-04-05T23:33:57","slug":"fendi-et-hachage","status":"publish","type":"product","link":"https:\/\/poudresdenarco.com\/pt\/produto\/fendi-e-corte\/","title":{"rendered":"Fendi E Hachage"},"content":{"rendered":"<h2><strong><span style=\"vertical-align: inherit;\"><span style=\"vertical-align: inherit;\">Comprar Fendi OG Hash online<\/span><\/span><\/strong><\/h2>\n<p><span style=\"vertical-align: inherit;\"><span style=\"vertical-align: inherit;\">Encomende Fendi Hashing online na Europa Fendi Hash para venda na Europa Onde na Europa posso obter Fendi Hash online? Obtenha Fendi Hash online no Reino Unido. Procura um hash de alta qualidade que possa ser facilmente entregue diretamente \u00e0 sua porta? Basta visitar Compre a minha erva online. Escolha entre uma vasta sele\u00e7\u00e3o de haxixe afeg\u00e3o e marroquino de grau AAAAA e AAAA navegando no nosso dispens\u00e1rio. Agora \u00e9 mais f\u00e1cil do que nunca comprar hash online. Aqui est\u00e1 o seu guia para este tipo \u00fanico de produto de can\u00e1bis, se \u00e9 novo na compra de can\u00e1bis online e nos diferentes tipos de produtos de can\u00e1bis dispon\u00edveis para si. Saiba o que \u00e9 o hash e como us\u00e1-lo na sua rotina di\u00e1ria de can\u00e1bis.<\/span><\/span><\/p>\n<p><span style=\"vertical-align: inherit;\"><span style=\"vertical-align: inherit;\">\u00c9 essencial compreender o que \u00e9 realmente o haxixe, como se relaciona com a can\u00e1bis e como difere de outros produtos de marijuana antes de fazer uma compra online. Hash, abreviatura de \u201chaxixe\u201d, \u00e9 um concentrado de can\u00e1bis produzido pela destila\u00e7\u00e3o da resina de uma planta de can\u00e1bis. Isto \u00e9 conseguido cortando os tricomas, ou gl\u00e2ndulas de resina, das flores de uma planta de can\u00e1bis. Os compostos que se pensa conferirem aos produtos de marijuana as suas qualidades e atributos distintivos, os terpenos e os canabin\u00f3ides, encontram-se nas concentra\u00e7\u00f5es mais elevadas nestes tricomas. O Hash tem uma capacidade not\u00e1vel de proporcionar aos utilizadores de can\u00e1bis poderosos efeitos euf\u00f3ricos e terap\u00eauticos devido \u00e0 sua elevada concentra\u00e7\u00e3o de terpenos e canabin\u00f3ides. Fendi e Hachage<\/span><\/span><\/p>\n<p><span style=\"vertical-align: inherit;\"><span style=\"vertical-align: inherit;\">O hash sempre foi um cl\u00e1ssico e continua a ser um dos tipos mais populares. Existem atualmente centenas de concentrados de can\u00e1bis dispon\u00edveis. O haxixe, que se distingue pela sua apar\u00eancia s\u00f3lida, preta e semelhante a um tijolo, \u00e9 frequentemente escolhido pelos entusiastas da can\u00e1bis que procuram um produto mais forte do que as flores.<\/span><\/span><\/p>\n<p><span style=\"vertical-align: inherit;\"><span style=\"vertical-align: inherit;\">O hash \u00e9 uma subst\u00e2ncia muito poderosa e vers\u00e1til que pode ser utilizada de muitas formas \u00fanicas, divertidas e criativas. No entanto, fum\u00e1-lo numa tigela ou charro continua a ser o m\u00e9todo tradicional.<\/span><\/span><\/p>\n<p><span style=\"vertical-align: inherit;\"><span style=\"vertical-align: inherit;\">Encomende Fendi Hash online na Europa Fendi Hash para venda na Europa Onde na Europa posso obter Fendi Hash online? Fendi Hash Comprar Online em Portugu\u00eas<\/span><\/span><\/p>\n<p><span style=\"vertical-align: inherit;\"><span style=\"vertical-align: inherit;\">\u00c9 altamente recomend\u00e1vel combinar o seu haxixe com algumas ervas secas se planeia fum\u00e1-lo num charro. Como o hash por si s\u00f3 n\u00e3o queima de forma muito eficiente e \u00e9 improv\u00e1vel que forne\u00e7a os resultados desejados, precisar\u00e1 de mais.<\/span><\/span><\/p>\n<p><span style=\"vertical-align: inherit;\"><span style=\"vertical-align: inherit;\">Fumar num charro \u00e9 simples. Enrole primeiro um charro um pouco menos cheio e depois prepare um pouco de haxixe para esfarelar e saborear. A can\u00e1bis queimar\u00e1 uniformemente e os efeitos ricos em THC do haxixe come\u00e7ar\u00e3o a fazer efeito pouco depois. Comprar Fendi ET Hachage online\u00a0<\/span><\/span><\/p>\n<p><span style=\"vertical-align: inherit;\"><span style=\"vertical-align: inherit;\">Da mesma forma, pode fumar haxixe numa tigela simplesmente pulverizando-o sobre o tabaco ou os bot\u00f5es j\u00e1 colocados na tigela. Acenda a sua tigela, d\u00ea um trago e simplesmente comece a desfrutar dos benef\u00edcios melhorados do haxixe e da can\u00e1bis juntos.<\/span><\/span><\/p>","protected":false},"excerpt":{"rendered":"<p>Buy Fendi OG Hash online Order Fendi Hashing Online in Europe Fendi Hash in Europe for Sale Where in Europe can I get Fendi Hash online? Get Fendi Hash online in the UK. Are you looking to find high-quality hash that can be easily delivered straight to your door? Just visit Buy My Weed Online.&hellip;<\/p>","protected":false},"featured_media":4530,"comment_status":"open","ping_status":"closed","template":"","meta":{"_joinchat":[]},"product_cat":[474],"product_tag":[],"class_list":{"0":"post-4459","1":"product","2":"type-product","3":"status-publish","4":"has-post-thumbnail","6":"product_cat-haschisch","8":"first","9":"instock","10":"shipping-taxable","11":"purchasable","12":"product-type-variable","13":"col-xs-6 col-sm-4","14":"col-md-3 col-lg-3","15":"un-4-cols"},"yoast_head":"<!-- This site is optimized with the Yoast SEO plugin v23.8 - https:\/\/yoast.com\/wordpress\/plugins\/seo\/ -->\n<title>Acheter Fendi et Hash en ligne - Fendi et Hash \u00e0 vendre | PD<\/title>\n<meta name=\"description\" content=\"D\u00e9couvrez les produits Fendi et Hash de premier ordre en vente dans notre boutique en ligne - achetez Fendi et Hash de mani\u00e8re pratique et s\u00e9curis\u00e9e pour alimenter vos recherches. Explorez et commandez Fendi et Hash en ligne, faisant progresser vos efforts scientifiques en toute simplicit\u00e9. Commandez maintenant !\" \/>\n<meta name=\"robots\" content=\"index, follow, max-snippet:-1, max-image-preview:large, max-video-preview:-1\" \/>\n<link rel=\"canonical\" href=\"https:\/\/poudresdenarco.com\/pt\/produto\/fendi-e-corte\/\" \/>\n<meta property=\"og:locale\" content=\"pt_PT\" \/>\n<meta property=\"og:type\" content=\"article\" \/>\n<meta property=\"og:title\" content=\"Acheter Fendi et Hash en ligne - Fendi et Hash \u00e0 vendre | PD\" \/>\n<meta property=\"og:description\" content=\"D\u00e9couvrez les produits Fendi et Hash de premier ordre en vente dans notre boutique en ligne - achetez Fendi et Hash de mani\u00e8re pratique et s\u00e9curis\u00e9e pour alimenter vos recherches. Explorez et commandez Fendi et Hash en ligne, faisant progresser vos efforts scientifiques en toute simplicit\u00e9. Commandez maintenant !\" \/>\n<meta property=\"og:url\" content=\"https:\/\/poudresdenarco.com\/pt\/produto\/fendi-e-corte\/\" \/>\n<meta property=\"og:site_name\" content=\"Poudresde Narco\" \/>\n<meta property=\"article:modified_time\" content=\"2025-04-05T23:33:57+00:00\" \/>\n<meta property=\"og:image\" content=\"https:\/\/poudresdenarco.com\/wp-content\/uploads\/2024\/01\/FENDI-OG-HASH.jpg\" \/>\n\t<meta property=\"og:image:width\" content=\"600\" \/>\n\t<meta property=\"og:image:height\" content=\"600\" \/>\n\t<meta property=\"og:image:type\" content=\"image\/jpeg\" \/>\n<meta name=\"twitter:card\" content=\"summary_large_image\" \/>\n<meta name=\"twitter:label1\" content=\"Tempo estimado de leitura\" \/>\n\t<meta name=\"twitter:data1\" content=\"3 minutos\" \/>\n<script type=\"application\/ld+json\" class=\"yoast-schema-graph\">{\"@context\":\"https:\/\/schema.org\",\"@graph\":[{\"@type\":\"WebPage\",\"@id\":\"https:\/\/poudresdenarco.com\/produit\/fendi-et-hachage\/\",\"url\":\"https:\/\/poudresdenarco.com\/produit\/fendi-et-hachage\/\",\"name\":\"Acheter Fendi et Hash en ligne - Fendi et Hash \u00e0 vendre | PD\",\"isPartOf\":{\"@id\":\"https:\/\/poudresdenarco.com\/#website\"},\"primaryImageOfPage\":{\"@id\":\"https:\/\/poudresdenarco.com\/produit\/fendi-et-hachage\/#primaryimage\"},\"image\":{\"@id\":\"https:\/\/poudresdenarco.com\/produit\/fendi-et-hachage\/#primaryimage\"},\"thumbnailUrl\":\"https:\/\/poudresdenarco.com\/wp-content\/uploads\/2024\/01\/FENDI-OG-HASH.jpg\",\"datePublished\":\"2024-01-02T10:58:31+00:00\",\"dateModified\":\"2025-04-05T23:33:57+00:00\",\"description\":\"D\u00e9couvrez les produits Fendi et Hash de premier ordre en vente dans notre boutique en ligne - achetez Fendi et Hash de mani\u00e8re pratique et s\u00e9curis\u00e9e pour alimenter vos recherches. Explorez et commandez Fendi et Hash en ligne, faisant progresser vos efforts scientifiques en toute simplicit\u00e9. Commandez maintenant !\",\"breadcrumb\":{\"@id\":\"https:\/\/poudresdenarco.com\/produit\/fendi-et-hachage\/#breadcrumb\"},\"inLanguage\":\"pt-PT\",\"potentialAction\":[{\"@type\":\"ReadAction\",\"target\":[\"https:\/\/poudresdenarco.com\/produit\/fendi-et-hachage\/\"]}]},{\"@type\":\"ImageObject\",\"inLanguage\":\"pt-PT\",\"@id\":\"https:\/\/poudresdenarco.com\/produit\/fendi-et-hachage\/#primaryimage\",\"url\":\"https:\/\/poudresdenarco.com\/wp-content\/uploads\/2024\/01\/FENDI-OG-HASH.jpg\",\"contentUrl\":\"https:\/\/poudresdenarco.com\/wp-content\/uploads\/2024\/01\/FENDI-OG-HASH.jpg\",\"width\":600,\"height\":600,\"caption\":\"Achetez FENDI-AND-HASH en ligne\"},{\"@type\":\"BreadcrumbList\",\"@id\":\"https:\/\/poudresdenarco.com\/produit\/fendi-et-hachage\/#breadcrumb\",\"itemListElement\":[{\"@type\":\"ListItem\",\"position\":1,\"name\":\"Home\",\"item\":\"https:\/\/poudresdenarco.com\/\"},{\"@type\":\"ListItem\",\"position\":2,\"name\":\"Boutique\",\"item\":\"https:\/\/poudresdenarco.com\/boutique\/\"},{\"@type\":\"ListItem\",\"position\":3,\"name\":\"Fendi ET Hachage\"}]},{\"@type\":\"WebSite\",\"@id\":\"https:\/\/poudresdenarco.com\/#website\",\"url\":\"https:\/\/poudresdenarco.com\/\",\"name\":\"Poudresde Narco\",\"description\":\"Acheter de la coca\u00efne et de l&#039;h\u00e9ro\u00efne en ligne\",\"potentialAction\":[{\"@type\":\"SearchAction\",\"target\":{\"@type\":\"EntryPoint\",\"urlTemplate\":\"https:\/\/poudresdenarco.com\/?s={search_term_string}\"},\"query-input\":{\"@type\":\"PropertyValueSpecification\",\"valueRequired\":true,\"valueName\":\"search_term_string\"}}],\"inLanguage\":\"pt-PT\"}]}<\/script>\n<!-- \/ Yoast SEO plugin. -->","yoast_head_json":{"title":"Acheter Fendi et Hash en ligne - Fendi et Hash \u00e0 vendre | PD","description":"D\u00e9couvrez les produits Fendi et Hash de premier ordre en vente dans notre boutique en ligne - achetez Fendi et Hash de mani\u00e8re pratique et s\u00e9curis\u00e9e pour alimenter vos recherches. Explorez et commandez Fendi et Hash en ligne, faisant progresser vos efforts scientifiques en toute simplicit\u00e9. Commandez maintenant !","robots":{"index":"index","follow":"follow","max-snippet":"max-snippet:-1","max-image-preview":"max-image-preview:large","max-video-preview":"max-video-preview:-1"},"canonical":"https:\/\/poudresdenarco.com\/pt\/produto\/fendi-e-corte\/","og_locale":"pt_PT","og_type":"article","og_title":"Acheter Fendi et Hash en ligne - Fendi et Hash \u00e0 vendre | PD","og_description":"D\u00e9couvrez les produits Fendi et Hash de premier ordre en vente dans notre boutique en ligne - achetez Fendi et Hash de mani\u00e8re pratique et s\u00e9curis\u00e9e pour alimenter vos recherches. Explorez et commandez Fendi et Hash en ligne, faisant progresser vos efforts scientifiques en toute simplicit\u00e9. Commandez maintenant !","og_url":"https:\/\/poudresdenarco.com\/pt\/produto\/fendi-e-corte\/","og_site_name":"Poudresde Narco","article_modified_time":"2025-04-05T23:33:57+00:00","og_image":[{"width":600,"height":600,"url":"https:\/\/poudresdenarco.com\/wp-content\/uploads\/2024\/01\/FENDI-OG-HASH.jpg","type":"image\/jpeg"}],"twitter_card":"summary_large_image","twitter_misc":{"Tempo estimado de leitura":"3 minutos"},"schema":{"@context":"https:\/\/schema.org","@graph":[{"@type":"WebPage","@id":"https:\/\/poudresdenarco.com\/produit\/fendi-et-hachage\/","url":"https:\/\/poudresdenarco.com\/produit\/fendi-et-hachage\/","name":"Acheter Fendi et Hash en ligne - Fendi et Hash \u00e0 vendre | PD","isPartOf":{"@id":"https:\/\/poudresdenarco.com\/#website"},"primaryImageOfPage":{"@id":"https:\/\/poudresdenarco.com\/produit\/fendi-et-hachage\/#primaryimage"},"image":{"@id":"https:\/\/poudresdenarco.com\/produit\/fendi-et-hachage\/#primaryimage"},"thumbnailUrl":"https:\/\/poudresdenarco.com\/wp-content\/uploads\/2024\/01\/FENDI-OG-HASH.jpg","datePublished":"2024-01-02T10:58:31+00:00","dateModified":"2025-04-05T23:33:57+00:00","description":"D\u00e9couvrez les produits Fendi et Hash de premier ordre en vente dans notre boutique en ligne - achetez Fendi et Hash de mani\u00e8re pratique et s\u00e9curis\u00e9e pour alimenter vos recherches. Explorez et commandez Fendi et Hash en ligne, faisant progresser vos efforts scientifiques en toute simplicit\u00e9. Commandez maintenant !","breadcrumb":{"@id":"https:\/\/poudresdenarco.com\/produit\/fendi-et-hachage\/#breadcrumb"},"inLanguage":"pt-PT","potentialAction":[{"@type":"ReadAction","target":["https:\/\/poudresdenarco.com\/produit\/fendi-et-hachage\/"]}]},{"@type":"ImageObject","inLanguage":"pt-PT","@id":"https:\/\/poudresdenarco.com\/produit\/fendi-et-hachage\/#primaryimage","url":"https:\/\/poudresdenarco.com\/wp-content\/uploads\/2024\/01\/FENDI-OG-HASH.jpg","contentUrl":"https:\/\/poudresdenarco.com\/wp-content\/uploads\/2024\/01\/FENDI-OG-HASH.jpg","width":600,"height":600,"caption":"Achetez FENDI-AND-HASH en ligne"},{"@type":"BreadcrumbList","@id":"https:\/\/poudresdenarco.com\/produit\/fendi-et-hachage\/#breadcrumb","itemListElement":[{"@type":"ListItem","position":1,"name":"Home","item":"https:\/\/poudresdenarco.com\/"},{"@type":"ListItem","position":2,"name":"Boutique","item":"https:\/\/poudresdenarco.com\/boutique\/"},{"@type":"ListItem","position":3,"name":"Fendi ET Hachage"}]},{"@type":"WebSite","@id":"https:\/\/poudresdenarco.com\/#website","url":"https:\/\/poudresdenarco.com\/","name":"Poudresde Narco","description":"Acheter de la coca\u00efne et de l&#039;h\u00e9ro\u00efne en ligne","potentialAction":[{"@type":"SearchAction","target":{"@type":"EntryPoint","urlTemplate":"https:\/\/poudresdenarco.com\/?s={search_term_string}"},"query-input":{"@type":"PropertyValueSpecification","valueRequired":true,"valueName":"search_term_string"}}],"inLanguage":"pt-PT"}]}},"_links":{"self":[{"href":"https:\/\/poudresdenarco.com\/pt\/wp-json\/wp\/v2\/product\/4459","targetHints":{"allow":["GET"]}}],"collection":[{"href":"https:\/\/poudresdenarco.com\/pt\/wp-json\/wp\/v2\/product"}],"about":[{"href":"https:\/\/poudresdenarco.com\/pt\/wp-json\/wp\/v2\/types\/product"}],"replies":[{"embeddable":true,"href":"https:\/\/poudresdenarco.com\/pt\/wp-json\/wp\/v2\/comments?post=4459"}],"wp:featuredmedia":[{"embeddable":true,"href":"https:\/\/poudresdenarco.com\/pt\/wp-json\/wp\/v2\/media\/4530"}],"wp:attachment":[{"href":"https:\/\/poudresdenarco.com\/pt\/wp-json\/wp\/v2\/media?parent=4459"}],"wp:term":[{"taxonomy":"product_cat","embeddable":true,"href":"https:\/\/poudresdenarco.com\/pt\/wp-json\/wp\/v2\/product_cat?post=4459"},{"taxonomy":"product_tag","embeddable":true,"href":"https:\/\/poudresdenarco.com\/pt\/wp-json\/wp\/v2\/product_tag?post=4459"}],"curies":[{"name":"wp","href":"https:\/\/api.w.org\/{rel}","templated":true}]}}