{"id":4481,"date":"2024-01-02T11:16:09","date_gmt":"2024-01-02T11:16:09","guid":{"rendered":"https:\/\/unkrautmarkt.com\/narco1\/?post_type=product&#038;p=4481"},"modified":"2025-06-04T01:22:54","modified_gmt":"2025-06-04T01:22:54","slug":"hachis-marocain","status":"publish","type":"product","link":"https:\/\/poudresdenarco.com\/pt\/produto\/haxixe-marroquino\/","title":{"rendered":"Carne picada marroquina"},"content":{"rendered":"<h2><strong><span style=\"vertical-align: inherit;\"><span style=\"vertical-align: inherit;\">Comprar haxixe marroquino online<\/span><\/span><\/strong><\/h2>\n<h3><strong><span style=\"vertical-align: inherit;\"><span style=\"vertical-align: inherit;\">Haxixe marroquino<\/span><\/span><\/strong><\/h3>\n<h3><span style=\"vertical-align: inherit;\"><span style=\"vertical-align: inherit;\">Os rem\u00e9dios eternos do Norte de \u00c1frica<\/span><\/span><\/h3>\n<p><span style=\"vertical-align: inherit;\"><span style=\"vertical-align: inherit;\">O haxixe marroquino \u00e9 um tesouro secreto apreciado pelos entusiastas da can\u00e1bis de todo o mundo, escondido nas misteriosas fronteiras do Norte de \u00c1frica. Este hist\u00f3rico concentrado de can\u00e1bis cativou os aficionados durante gera\u00e7\u00f5es devido \u00e0 sua pot\u00eancia, rica hist\u00f3ria e processos de produ\u00e7\u00e3o tradicionais. Mergulh\u00e1mos no fascinante mundo do haxixe marroquino neste post do blogue, examinando a sua hist\u00f3ria, m\u00e9todo de produ\u00e7\u00e3o, significado cultural e papel na cultura contempor\u00e2nea.<\/span><\/span><\/p>\n<h3><strong><span style=\"vertical-align: inherit;\"><span style=\"vertical-align: inherit;\">As origens do haxixe marroquino<\/span><\/span><\/strong><\/h3>\n<p><span style=\"vertical-align: inherit;\"><span style=\"vertical-align: inherit;\">O haxixe marroquino tem uma longa e rica hist\u00f3ria que remonta a milhares de anos. Durante milhares de anos, a planta can\u00e1bis, ou Cannabis sativa, cresceu selvagem em toda a regi\u00e3o. Acredita-se que o uso desta planta como droga recreativa e m\u00e9dica tenha origem na regi\u00e3o do Magrebe, que inclui o atual Marrocos. <a href=\"https:\/\/poudresdenarco.com\/pt\/produto\/haxixe-marroquino\/\">Venda de carne picada marroquina<\/a><\/span><\/span><\/p>\n<p><span style=\"vertical-align: inherit;\"><span style=\"vertical-align: inherit;\">Os primeiros produtores de can\u00e1bis que rasparam as folhas e as flores da planta para recuperar os seus tricomas pegajosos foram provavelmente os que inventaram o m\u00e9todo de fazer haxixe. Estes procedimentos foram desenvolvidos ao longo do tempo, resultando nas meticulosas t\u00e9cnicas de enrolamento manual ainda hoje utilizadas pelos artes\u00e3os qualificados.<\/span><\/span><\/p>\n<h3><span style=\"vertical-align: inherit;\"><span style=\"vertical-align: inherit;\">T\u00e9cnicas marroquinas de fabrico de haxixe<\/span><\/span><\/h3>\n<p><span style=\"vertical-align: inherit;\"><span style=\"vertical-align: inherit;\">Fazer haxixe marroquino verdadeiro \u00e9 uma forma de arte em si. O primeiro passo \u00e9 selecionar cuidadosamente plantas de can\u00e1bis premium, que s\u00e3o geralmente variedades com um elevado teor de resina. Antes da colheita, as plantas t\u00eam tempo suficiente para atingirem todo o seu potencial.<\/span><\/span><\/p>\n<p><span style=\"vertical-align: inherit;\"><span style=\"vertical-align: inherit;\">A \u201cpeneira\u00e7\u00e3o a seco\u201d \u00e9 um processo trabalhoso que ocorre ap\u00f3s a colheita. Para separar os tricomas resinosos do material vegetal, os agricultores peneiram suavemente o material vegetal em peneiras de malha fina. Depois disso, estes tricomas s\u00e3o meticulosamente comprimidos para criar tijolos ou bolas de haxixe reconhec\u00edveis.<\/span><\/span><\/p>\n<h3><strong><span style=\"vertical-align: inherit;\"><span style=\"vertical-align: inherit;\">Diferen\u00e7as e qualidades<\/span><\/span><\/strong><\/h3>\n<p><span style=\"vertical-align: inherit;\"><span style=\"vertical-align: inherit;\">Existem diferentes classes de haxixe marroquino e cada uma tem um sabor, aroma e intensidade distintos.<\/span><\/span><\/p>","protected":false},"excerpt":{"rendered":"<p>Buy Moroccan Hashish Online Moroccan hash The Eternal Remedies of North Africa Moroccan hash is a secret treasure cherished by cannabis enthusiasts around the world, hidden deep within the mysterious borders of North Africa. This historic cannabis concentrate has captivated aficionados for generations due to its potency, rich history, and traditional production processes. We delve&hellip;<\/p>","protected":false},"featured_media":4534,"comment_status":"open","ping_status":"closed","template":"","meta":{"_joinchat":[]},"product_cat":[474],"product_tag":[],"class_list":{"0":"post-4481","1":"product","2":"type-product","3":"status-publish","4":"has-post-thumbnail","6":"product_cat-haschisch","8":"first","9":"instock","10":"shipping-taxable","11":"purchasable","12":"product-type-variable","13":"col-xs-6 col-sm-4","14":"col-md-3 col-lg-3","15":"un-4-cols"},"yoast_head":"<!-- This site is optimized with the Yoast SEO plugin v23.8 - https:\/\/yoast.com\/wordpress\/plugins\/seo\/ -->\n<title>Hash Morocain \u00e0 vendre - Achetez du Hash Morocain en ligne<\/title>\n<meta name=\"description\" content=\"Vous recherchez une source fiable pour acheter du Hash Morocain en ligne ? Votre recherche s&#039;arr\u00eate ici. Commandez du Hash Morocain en ligne dans notre boutique de confiance et profitez d&#039;un processus d&#039;achat transparent adapt\u00e9 \u00e0 vos besoins de recherche.\" \/>\n<meta name=\"robots\" content=\"index, follow, max-snippet:-1, max-image-preview:large, max-video-preview:-1\" \/>\n<link rel=\"canonical\" href=\"https:\/\/poudresdenarco.com\/pt\/produto\/haxixe-marroquino\/\" \/>\n<meta property=\"og:locale\" content=\"pt_PT\" \/>\n<meta property=\"og:type\" content=\"article\" \/>\n<meta property=\"og:title\" content=\"Hash Morocain \u00e0 vendre - Achetez du Hash Morocain en ligne\" \/>\n<meta property=\"og:description\" content=\"Vous recherchez une source fiable pour acheter du Hash Morocain en ligne ? Votre recherche s&#039;arr\u00eate ici. Commandez du Hash Morocain en ligne dans notre boutique de confiance et profitez d&#039;un processus d&#039;achat transparent adapt\u00e9 \u00e0 vos besoins de recherche.\" \/>\n<meta property=\"og:url\" content=\"https:\/\/poudresdenarco.com\/pt\/produto\/haxixe-marroquino\/\" \/>\n<meta property=\"og:site_name\" content=\"Poudresde Narco\" \/>\n<meta property=\"article:modified_time\" content=\"2025-06-04T01:22:54+00:00\" \/>\n<meta property=\"og:image\" content=\"https:\/\/poudresdenarco.com\/wp-content\/uploads\/2024\/01\/MORACCAN-HASH.jpg\" \/>\n\t<meta property=\"og:image:width\" content=\"600\" \/>\n\t<meta property=\"og:image:height\" content=\"600\" \/>\n\t<meta property=\"og:image:type\" content=\"image\/jpeg\" \/>\n<meta name=\"twitter:card\" content=\"summary_large_image\" \/>\n<meta name=\"twitter:label1\" content=\"Tempo estimado de leitura\" \/>\n\t<meta name=\"twitter:data1\" content=\"2 minutos\" \/>\n<script type=\"application\/ld+json\" class=\"yoast-schema-graph\">{\"@context\":\"https:\/\/schema.org\",\"@graph\":[{\"@type\":\"WebPage\",\"@id\":\"https:\/\/poudresdenarco.com\/produit\/hachis-marocain\/\",\"url\":\"https:\/\/poudresdenarco.com\/produit\/hachis-marocain\/\",\"name\":\"Hash Morocain \u00e0 vendre - Achetez du Hash Morocain en ligne\",\"isPartOf\":{\"@id\":\"https:\/\/poudresdenarco.com\/#website\"},\"primaryImageOfPage\":{\"@id\":\"https:\/\/poudresdenarco.com\/produit\/hachis-marocain\/#primaryimage\"},\"image\":{\"@id\":\"https:\/\/poudresdenarco.com\/produit\/hachis-marocain\/#primaryimage\"},\"thumbnailUrl\":\"https:\/\/poudresdenarco.com\/wp-content\/uploads\/2024\/01\/MORACCAN-HASH.jpg\",\"datePublished\":\"2024-01-02T11:16:09+00:00\",\"dateModified\":\"2025-06-04T01:22:54+00:00\",\"description\":\"Vous recherchez une source fiable pour acheter du Hash Morocain en ligne ? Votre recherche s'arr\u00eate ici. Commandez du Hash Morocain en ligne dans notre boutique de confiance et profitez d'un processus d'achat transparent adapt\u00e9 \u00e0 vos besoins de recherche.\",\"breadcrumb\":{\"@id\":\"https:\/\/poudresdenarco.com\/produit\/hachis-marocain\/#breadcrumb\"},\"inLanguage\":\"pt-PT\",\"potentialAction\":[{\"@type\":\"ReadAction\",\"target\":[\"https:\/\/poudresdenarco.com\/produit\/hachis-marocain\/\"]}]},{\"@type\":\"ImageObject\",\"inLanguage\":\"pt-PT\",\"@id\":\"https:\/\/poudresdenarco.com\/produit\/hachis-marocain\/#primaryimage\",\"url\":\"https:\/\/poudresdenarco.com\/wp-content\/uploads\/2024\/01\/MORACCAN-HASH.jpg\",\"contentUrl\":\"https:\/\/poudresdenarco.com\/wp-content\/uploads\/2024\/01\/MORACCAN-HASH.jpg\",\"width\":600,\"height\":600,\"caption\":\"Achetez du haschisch marocain en ligne\"},{\"@type\":\"BreadcrumbList\",\"@id\":\"https:\/\/poudresdenarco.com\/produit\/hachis-marocain\/#breadcrumb\",\"itemListElement\":[{\"@type\":\"ListItem\",\"position\":1,\"name\":\"Home\",\"item\":\"https:\/\/poudresdenarco.com\/\"},{\"@type\":\"ListItem\",\"position\":2,\"name\":\"Boutique\",\"item\":\"https:\/\/poudresdenarco.com\/boutique\/\"},{\"@type\":\"ListItem\",\"position\":3,\"name\":\"Hachis marocain\"}]},{\"@type\":\"WebSite\",\"@id\":\"https:\/\/poudresdenarco.com\/#website\",\"url\":\"https:\/\/poudresdenarco.com\/\",\"name\":\"Poudresde Narco\",\"description\":\"Acheter de la coca\u00efne et de l&#039;h\u00e9ro\u00efne en ligne\",\"potentialAction\":[{\"@type\":\"SearchAction\",\"target\":{\"@type\":\"EntryPoint\",\"urlTemplate\":\"https:\/\/poudresdenarco.com\/?s={search_term_string}\"},\"query-input\":{\"@type\":\"PropertyValueSpecification\",\"valueRequired\":true,\"valueName\":\"search_term_string\"}}],\"inLanguage\":\"pt-PT\"}]}<\/script>\n<!-- \/ Yoast SEO plugin. -->","yoast_head_json":{"title":"Hash Morocain \u00e0 vendre - Achetez du Hash Morocain en ligne","description":"Vous recherchez une source fiable pour acheter du Hash Morocain en ligne ? Votre recherche s'arr\u00eate ici. Commandez du Hash Morocain en ligne dans notre boutique de confiance et profitez d'un processus d'achat transparent adapt\u00e9 \u00e0 vos besoins de recherche.","robots":{"index":"index","follow":"follow","max-snippet":"max-snippet:-1","max-image-preview":"max-image-preview:large","max-video-preview":"max-video-preview:-1"},"canonical":"https:\/\/poudresdenarco.com\/pt\/produto\/haxixe-marroquino\/","og_locale":"pt_PT","og_type":"article","og_title":"Hash Morocain \u00e0 vendre - Achetez du Hash Morocain en ligne","og_description":"Vous recherchez une source fiable pour acheter du Hash Morocain en ligne ? Votre recherche s'arr\u00eate ici. Commandez du Hash Morocain en ligne dans notre boutique de confiance et profitez d'un processus d'achat transparent adapt\u00e9 \u00e0 vos besoins de recherche.","og_url":"https:\/\/poudresdenarco.com\/pt\/produto\/haxixe-marroquino\/","og_site_name":"Poudresde Narco","article_modified_time":"2025-06-04T01:22:54+00:00","og_image":[{"width":600,"height":600,"url":"https:\/\/poudresdenarco.com\/wp-content\/uploads\/2024\/01\/MORACCAN-HASH.jpg","type":"image\/jpeg"}],"twitter_card":"summary_large_image","twitter_misc":{"Tempo estimado de leitura":"2 minutos"},"schema":{"@context":"https:\/\/schema.org","@graph":[{"@type":"WebPage","@id":"https:\/\/poudresdenarco.com\/produit\/hachis-marocain\/","url":"https:\/\/poudresdenarco.com\/produit\/hachis-marocain\/","name":"Hash Morocain \u00e0 vendre - Achetez du Hash Morocain en ligne","isPartOf":{"@id":"https:\/\/poudresdenarco.com\/#website"},"primaryImageOfPage":{"@id":"https:\/\/poudresdenarco.com\/produit\/hachis-marocain\/#primaryimage"},"image":{"@id":"https:\/\/poudresdenarco.com\/produit\/hachis-marocain\/#primaryimage"},"thumbnailUrl":"https:\/\/poudresdenarco.com\/wp-content\/uploads\/2024\/01\/MORACCAN-HASH.jpg","datePublished":"2024-01-02T11:16:09+00:00","dateModified":"2025-06-04T01:22:54+00:00","description":"Vous recherchez une source fiable pour acheter du Hash Morocain en ligne ? Votre recherche s'arr\u00eate ici. Commandez du Hash Morocain en ligne dans notre boutique de confiance et profitez d'un processus d'achat transparent adapt\u00e9 \u00e0 vos besoins de recherche.","breadcrumb":{"@id":"https:\/\/poudresdenarco.com\/produit\/hachis-marocain\/#breadcrumb"},"inLanguage":"pt-PT","potentialAction":[{"@type":"ReadAction","target":["https:\/\/poudresdenarco.com\/produit\/hachis-marocain\/"]}]},{"@type":"ImageObject","inLanguage":"pt-PT","@id":"https:\/\/poudresdenarco.com\/produit\/hachis-marocain\/#primaryimage","url":"https:\/\/poudresdenarco.com\/wp-content\/uploads\/2024\/01\/MORACCAN-HASH.jpg","contentUrl":"https:\/\/poudresdenarco.com\/wp-content\/uploads\/2024\/01\/MORACCAN-HASH.jpg","width":600,"height":600,"caption":"Achetez du haschisch marocain en ligne"},{"@type":"BreadcrumbList","@id":"https:\/\/poudresdenarco.com\/produit\/hachis-marocain\/#breadcrumb","itemListElement":[{"@type":"ListItem","position":1,"name":"Home","item":"https:\/\/poudresdenarco.com\/"},{"@type":"ListItem","position":2,"name":"Boutique","item":"https:\/\/poudresdenarco.com\/boutique\/"},{"@type":"ListItem","position":3,"name":"Hachis marocain"}]},{"@type":"WebSite","@id":"https:\/\/poudresdenarco.com\/#website","url":"https:\/\/poudresdenarco.com\/","name":"Poudresde Narco","description":"Acheter de la coca\u00efne et de l&#039;h\u00e9ro\u00efne en ligne","potentialAction":[{"@type":"SearchAction","target":{"@type":"EntryPoint","urlTemplate":"https:\/\/poudresdenarco.com\/?s={search_term_string}"},"query-input":{"@type":"PropertyValueSpecification","valueRequired":true,"valueName":"search_term_string"}}],"inLanguage":"pt-PT"}]}},"_links":{"self":[{"href":"https:\/\/poudresdenarco.com\/pt\/wp-json\/wp\/v2\/product\/4481","targetHints":{"allow":["GET"]}}],"collection":[{"href":"https:\/\/poudresdenarco.com\/pt\/wp-json\/wp\/v2\/product"}],"about":[{"href":"https:\/\/poudresdenarco.com\/pt\/wp-json\/wp\/v2\/types\/product"}],"replies":[{"embeddable":true,"href":"https:\/\/poudresdenarco.com\/pt\/wp-json\/wp\/v2\/comments?post=4481"}],"wp:featuredmedia":[{"embeddable":true,"href":"https:\/\/poudresdenarco.com\/pt\/wp-json\/wp\/v2\/media\/4534"}],"wp:attachment":[{"href":"https:\/\/poudresdenarco.com\/pt\/wp-json\/wp\/v2\/media?parent=4481"}],"wp:term":[{"taxonomy":"product_cat","embeddable":true,"href":"https:\/\/poudresdenarco.com\/pt\/wp-json\/wp\/v2\/product_cat?post=4481"},{"taxonomy":"product_tag","embeddable":true,"href":"https:\/\/poudresdenarco.com\/pt\/wp-json\/wp\/v2\/product_tag?post=4481"}],"curies":[{"name":"wp","href":"https:\/\/api.w.org\/{rel}","templated":true}]}}