{"id":4483,"date":"2024-01-02T11:19:47","date_gmt":"2024-01-02T11:19:47","guid":{"rendered":"https:\/\/unkrautmarkt.com\/narco1\/?post_type=product&#038;p=4483"},"modified":"2025-06-10T06:38:28","modified_gmt":"2025-06-10T06:38:28","slug":"tangie-hash","status":"publish","type":"product","link":"https:\/\/poudresdenarco.com\/pt\/produto\/haxixe-de-tangie\/","title":{"rendered":"Tangie Hash"},"content":{"rendered":"<h2><strong><span style=\"vertical-align: inherit;\"><span style=\"vertical-align: inherit;\">Comprar Tangie Hash online<\/span><\/span><\/strong><\/h2>\n<h3><strong><span style=\"vertical-align: inherit;\"><span style=\"vertical-align: inherit;\">Olhar<\/span><\/span><\/strong><\/h3>\n<p><span style=\"vertical-align: inherit;\"><span style=\"vertical-align: inherit;\">This sample had a brown hue and a dark gold color, which is usually an indication of some plant material remaining in the hash. This batch appears to have been sieved for drying purposes; it had the consistency of large sand pellets (as opposed to microplaned or freeze-dried sand). For optimal drying, we suggest smaller pellet sizes. The absence of trichome heads and\/or terpenes was indicated by the dryness of the resin and lack of fat when stored at room temperature. Using a jeweler&rsquo;s loupe to examine the sample reveals that it contains plant heads and debris as well as a significant amount of trichome stems. This indicates the existence of plant material. Most likely, this content is either from a second or third wash, or it was simply heavily stirred throughout the extraction process. The sample had a chalky, brown appearance once expelled, revealing visible plant material. <a href=\"https:\/\/poudresdenarco.com\/pt\/produto\/haxixe-de-tangie\/\">buy tangie hash online<\/a><\/span><\/span><\/p>\n<h3><strong><span style=\"vertical-align: inherit;\"><span style=\"vertical-align: inherit;\">Aroma<\/span><\/span><\/strong><\/h3>\n<p><span style=\"vertical-align: inherit;\"><span style=\"vertical-align: inherit;\">O odor inicial do produto n\u00e3o era particularmente forte. A amostra cheirava principalmente a citrinos com um subtil tom laranja. O aroma antes da prensagem pode ser caracterizado como laranja, lim\u00e3o e doce. O perfume pode ser comparado a um \u00f3leo essencial de laranja claro. Aromas nebulosos subjacentes com tons tradicionais almiscarados e doces estavam presentes. Pode-se observar que ap\u00f3s a prensagem o perfume n\u00e3o ficou visivelmente mais forte.<\/span><\/span><\/p>\n<h3><strong><span style=\"vertical-align: inherit;\"><span style=\"vertical-align: inherit;\">Sabor<\/span><\/span><\/strong><\/h3>\n<p><span style=\"vertical-align: inherit;\"><span style=\"vertical-align: inherit;\">Havia notas c\u00edtricas no sabor e no aroma, sugerindo a presen\u00e7a de terpenos limoneno. N\u00e3o \u00e9 surpreendente que a amostra tivesse um sabor fraco, uma vez que as cabe\u00e7as dos tricomas armazenam terpenos e a amostra continha menos cabe\u00e7as de tricomas do que caules e outros materiais vegetais. Cheirava a laranja e tangerina, mas o sabor era bastante refrescante com um toque c\u00edtrico. Esperava-se que depois de esfregar um prego, a ponta da unha tivesse um sabor a material vegetal queimado devido \u00e0 elevada concentra\u00e7\u00e3o de material vegetal na amostra.<\/span><\/span><\/p>\n<p><span style=\"vertical-align: inherit;\"><span style=\"vertical-align: inherit;\">Esta amostra foi aplicada num prego de tit\u00e2nio ap\u00f3s ser expelida. O fumo suave indicava que o haxixe tinha tido tempo suficiente para secar antes de ser vendido. O haxixe borbulhou algumas vezes e depois queimou a unha de preto e castanho, indicando que n\u00e3o estava particularmente derretido. Em vez de esfregar, sugerimos a utiliza\u00e7\u00e3o desta amostra como resina ou para cobrir ta\u00e7as ou rolos devido \u00e0 quantidade de material vegetal que permanece na unha ap\u00f3s a aplica\u00e7\u00e3o.<\/span><\/span><\/p>\n<h3><strong><span style=\"vertical-align: inherit;\"><span style=\"vertical-align: inherit;\">Impacto<\/span><\/span><\/strong><\/h3>\n<p><span style=\"vertical-align: inherit;\"><span style=\"vertical-align: inherit;\">Em termos de bubble hash, as consequ\u00eancias foram m\u00ednimas. A amostra n\u00e3o especificou a mat\u00e9ria-prima, mas devido ao seu sabor e for\u00e7a mais suaves, foi provavelmente feita a partir de res\u00edduos secos. O t\u00edpico zumbido da sativa atr\u00e1s dos olhos \u00e9 sentido imediatamente \u00e0 medida que os efeitos tomam conta da cabe\u00e7a. O corte de Tangie era um h\u00edbrido sativa que dava aos utilizadores uma ligeira sensa\u00e7\u00e3o de formigueiro por todo o corpo. antes de ser vendido. O haxixe borbulhou apenas algumas vezes e depois queimou a unha de preto e castanho, indicando que n\u00e3o estava particularmente derretido. Recomendamos a aplica\u00e7\u00e3o desta adi\u00e7\u00e3o na cabe\u00e7a devido \u00e0 quantidade de material vegetal que ainda resta na unha ap\u00f3s a aplica\u00e7\u00e3o. A amostra produziu um efeito extremamente \u00fatil, \u00f3timo para continuar produtivo e razoavelmente l\u00facido. Achamos que este produto seria fant\u00e1stico para quem quer inspirar-se ao longo do dia para se manter produtivo e positivo, embora n\u00e3o sejamos m\u00e9dicos especialistas.<\/span><\/span><\/p>","protected":false},"excerpt":{"rendered":"<p>Buy Tangie Hash Online Look This sample had a brown hue and a dark gold color, which is usually an indication of some plant material remaining in the hash. This batch appears to have been sieved for drying purposes; it had the consistency of large sand pellets (as opposed to microplaned or freeze-dried sand). For&hellip;<\/p>","protected":false},"featured_media":4539,"comment_status":"open","ping_status":"closed","template":"","meta":{"_joinchat":[]},"product_cat":[474],"product_tag":[],"class_list":{"0":"post-4483","1":"product","2":"type-product","3":"status-publish","4":"has-post-thumbnail","6":"product_cat-haschisch","8":"first","9":"instock","10":"shipping-taxable","11":"purchasable","12":"product-type-variable","13":"col-xs-6 col-sm-4","14":"col-md-3 col-lg-3","15":"un-4-cols"},"yoast_head":"<!-- This site is optimized with the Yoast SEO plugin v23.8 - https:\/\/yoast.com\/wordpress\/plugins\/seo\/ -->\n<title>Tangie Hash \u00e0 vendre - Achetez Tangie Hash en ligne<\/title>\n<meta name=\"description\" content=\"D\u00e9couvrez notre boutique en ligne de haschisch Tangie \u00e0 vendre, proposant du haschisch Tangie de haute qualit\u00e9. Achetez du haschisch Tangie en ligne en toute s\u00e9curit\u00e9 et lancez-vous dans votre recherche en toute confiance.\" \/>\n<meta name=\"robots\" content=\"index, follow, max-snippet:-1, max-image-preview:large, max-video-preview:-1\" \/>\n<link rel=\"canonical\" href=\"https:\/\/poudresdenarco.com\/pt\/produto\/haxixe-de-tangie\/\" \/>\n<meta property=\"og:locale\" content=\"pt_PT\" \/>\n<meta property=\"og:type\" content=\"article\" \/>\n<meta property=\"og:title\" content=\"Tangie Hash \u00e0 vendre - Achetez Tangie Hash en ligne\" \/>\n<meta property=\"og:description\" content=\"D\u00e9couvrez notre boutique en ligne de haschisch Tangie \u00e0 vendre, proposant du haschisch Tangie de haute qualit\u00e9. Achetez du haschisch Tangie en ligne en toute s\u00e9curit\u00e9 et lancez-vous dans votre recherche en toute confiance.\" \/>\n<meta property=\"og:url\" content=\"https:\/\/poudresdenarco.com\/pt\/produto\/haxixe-de-tangie\/\" \/>\n<meta property=\"og:site_name\" content=\"Poudresde Narco\" \/>\n<meta property=\"article:modified_time\" content=\"2025-06-10T06:38:28+00:00\" \/>\n<meta property=\"og:image\" content=\"https:\/\/poudresdenarco.com\/wp-content\/uploads\/2024\/01\/TANGIE-HASH.jpg\" \/>\n\t<meta property=\"og:image:width\" content=\"600\" \/>\n\t<meta property=\"og:image:height\" content=\"600\" \/>\n\t<meta property=\"og:image:type\" content=\"image\/jpeg\" \/>\n<meta name=\"twitter:card\" content=\"summary_large_image\" \/>\n<meta name=\"twitter:label1\" content=\"Tempo estimado de leitura\" \/>\n\t<meta name=\"twitter:data1\" content=\"3 minutos\" \/>\n<script type=\"application\/ld+json\" class=\"yoast-schema-graph\">{\"@context\":\"https:\/\/schema.org\",\"@graph\":[{\"@type\":\"WebPage\",\"@id\":\"https:\/\/poudresdenarco.com\/produit\/tangie-hash\/\",\"url\":\"https:\/\/poudresdenarco.com\/produit\/tangie-hash\/\",\"name\":\"Tangie Hash \u00e0 vendre - Achetez Tangie Hash en ligne\",\"isPartOf\":{\"@id\":\"https:\/\/poudresdenarco.com\/#website\"},\"primaryImageOfPage\":{\"@id\":\"https:\/\/poudresdenarco.com\/produit\/tangie-hash\/#primaryimage\"},\"image\":{\"@id\":\"https:\/\/poudresdenarco.com\/produit\/tangie-hash\/#primaryimage\"},\"thumbnailUrl\":\"https:\/\/poudresdenarco.com\/wp-content\/uploads\/2024\/01\/TANGIE-HASH.jpg\",\"datePublished\":\"2024-01-02T11:19:47+00:00\",\"dateModified\":\"2025-06-10T06:38:28+00:00\",\"description\":\"D\u00e9couvrez notre boutique en ligne de haschisch Tangie \u00e0 vendre, proposant du haschisch Tangie de haute qualit\u00e9. Achetez du haschisch Tangie en ligne en toute s\u00e9curit\u00e9 et lancez-vous dans votre recherche en toute confiance.\",\"breadcrumb\":{\"@id\":\"https:\/\/poudresdenarco.com\/produit\/tangie-hash\/#breadcrumb\"},\"inLanguage\":\"pt-PT\",\"potentialAction\":[{\"@type\":\"ReadAction\",\"target\":[\"https:\/\/poudresdenarco.com\/produit\/tangie-hash\/\"]}]},{\"@type\":\"ImageObject\",\"inLanguage\":\"pt-PT\",\"@id\":\"https:\/\/poudresdenarco.com\/produit\/tangie-hash\/#primaryimage\",\"url\":\"https:\/\/poudresdenarco.com\/wp-content\/uploads\/2024\/01\/TANGIE-HASH.jpg\",\"contentUrl\":\"https:\/\/poudresdenarco.com\/wp-content\/uploads\/2024\/01\/TANGIE-HASH.jpg\",\"width\":600,\"height\":600,\"caption\":\"Achetez TANGIE-HASH en ligne\"},{\"@type\":\"BreadcrumbList\",\"@id\":\"https:\/\/poudresdenarco.com\/produit\/tangie-hash\/#breadcrumb\",\"itemListElement\":[{\"@type\":\"ListItem\",\"position\":1,\"name\":\"Home\",\"item\":\"https:\/\/poudresdenarco.com\/\"},{\"@type\":\"ListItem\",\"position\":2,\"name\":\"Boutique\",\"item\":\"https:\/\/poudresdenarco.com\/boutique\/\"},{\"@type\":\"ListItem\",\"position\":3,\"name\":\"Tangie Hash\"}]},{\"@type\":\"WebSite\",\"@id\":\"https:\/\/poudresdenarco.com\/#website\",\"url\":\"https:\/\/poudresdenarco.com\/\",\"name\":\"Poudresde Narco\",\"description\":\"Acheter de la coca\u00efne et de l&#039;h\u00e9ro\u00efne en ligne\",\"potentialAction\":[{\"@type\":\"SearchAction\",\"target\":{\"@type\":\"EntryPoint\",\"urlTemplate\":\"https:\/\/poudresdenarco.com\/?s={search_term_string}\"},\"query-input\":{\"@type\":\"PropertyValueSpecification\",\"valueRequired\":true,\"valueName\":\"search_term_string\"}}],\"inLanguage\":\"pt-PT\"}]}<\/script>\n<!-- \/ Yoast SEO plugin. -->","yoast_head_json":{"title":"Tangie Hash \u00e0 vendre - Achetez Tangie Hash en ligne","description":"D\u00e9couvrez notre boutique en ligne de haschisch Tangie \u00e0 vendre, proposant du haschisch Tangie de haute qualit\u00e9. Achetez du haschisch Tangie en ligne en toute s\u00e9curit\u00e9 et lancez-vous dans votre recherche en toute confiance.","robots":{"index":"index","follow":"follow","max-snippet":"max-snippet:-1","max-image-preview":"max-image-preview:large","max-video-preview":"max-video-preview:-1"},"canonical":"https:\/\/poudresdenarco.com\/pt\/produto\/haxixe-de-tangie\/","og_locale":"pt_PT","og_type":"article","og_title":"Tangie Hash \u00e0 vendre - Achetez Tangie Hash en ligne","og_description":"D\u00e9couvrez notre boutique en ligne de haschisch Tangie \u00e0 vendre, proposant du haschisch Tangie de haute qualit\u00e9. Achetez du haschisch Tangie en ligne en toute s\u00e9curit\u00e9 et lancez-vous dans votre recherche en toute confiance.","og_url":"https:\/\/poudresdenarco.com\/pt\/produto\/haxixe-de-tangie\/","og_site_name":"Poudresde Narco","article_modified_time":"2025-06-10T06:38:28+00:00","og_image":[{"width":600,"height":600,"url":"https:\/\/poudresdenarco.com\/wp-content\/uploads\/2024\/01\/TANGIE-HASH.jpg","type":"image\/jpeg"}],"twitter_card":"summary_large_image","twitter_misc":{"Tempo estimado de leitura":"3 minutos"},"schema":{"@context":"https:\/\/schema.org","@graph":[{"@type":"WebPage","@id":"https:\/\/poudresdenarco.com\/produit\/tangie-hash\/","url":"https:\/\/poudresdenarco.com\/produit\/tangie-hash\/","name":"Tangie Hash \u00e0 vendre - Achetez Tangie Hash en ligne","isPartOf":{"@id":"https:\/\/poudresdenarco.com\/#website"},"primaryImageOfPage":{"@id":"https:\/\/poudresdenarco.com\/produit\/tangie-hash\/#primaryimage"},"image":{"@id":"https:\/\/poudresdenarco.com\/produit\/tangie-hash\/#primaryimage"},"thumbnailUrl":"https:\/\/poudresdenarco.com\/wp-content\/uploads\/2024\/01\/TANGIE-HASH.jpg","datePublished":"2024-01-02T11:19:47+00:00","dateModified":"2025-06-10T06:38:28+00:00","description":"D\u00e9couvrez notre boutique en ligne de haschisch Tangie \u00e0 vendre, proposant du haschisch Tangie de haute qualit\u00e9. Achetez du haschisch Tangie en ligne en toute s\u00e9curit\u00e9 et lancez-vous dans votre recherche en toute confiance.","breadcrumb":{"@id":"https:\/\/poudresdenarco.com\/produit\/tangie-hash\/#breadcrumb"},"inLanguage":"pt-PT","potentialAction":[{"@type":"ReadAction","target":["https:\/\/poudresdenarco.com\/produit\/tangie-hash\/"]}]},{"@type":"ImageObject","inLanguage":"pt-PT","@id":"https:\/\/poudresdenarco.com\/produit\/tangie-hash\/#primaryimage","url":"https:\/\/poudresdenarco.com\/wp-content\/uploads\/2024\/01\/TANGIE-HASH.jpg","contentUrl":"https:\/\/poudresdenarco.com\/wp-content\/uploads\/2024\/01\/TANGIE-HASH.jpg","width":600,"height":600,"caption":"Achetez TANGIE-HASH en ligne"},{"@type":"BreadcrumbList","@id":"https:\/\/poudresdenarco.com\/produit\/tangie-hash\/#breadcrumb","itemListElement":[{"@type":"ListItem","position":1,"name":"Home","item":"https:\/\/poudresdenarco.com\/"},{"@type":"ListItem","position":2,"name":"Boutique","item":"https:\/\/poudresdenarco.com\/boutique\/"},{"@type":"ListItem","position":3,"name":"Tangie Hash"}]},{"@type":"WebSite","@id":"https:\/\/poudresdenarco.com\/#website","url":"https:\/\/poudresdenarco.com\/","name":"Poudresde Narco","description":"Acheter de la coca\u00efne et de l&#039;h\u00e9ro\u00efne en ligne","potentialAction":[{"@type":"SearchAction","target":{"@type":"EntryPoint","urlTemplate":"https:\/\/poudresdenarco.com\/?s={search_term_string}"},"query-input":{"@type":"PropertyValueSpecification","valueRequired":true,"valueName":"search_term_string"}}],"inLanguage":"pt-PT"}]}},"_links":{"self":[{"href":"https:\/\/poudresdenarco.com\/pt\/wp-json\/wp\/v2\/product\/4483","targetHints":{"allow":["GET"]}}],"collection":[{"href":"https:\/\/poudresdenarco.com\/pt\/wp-json\/wp\/v2\/product"}],"about":[{"href":"https:\/\/poudresdenarco.com\/pt\/wp-json\/wp\/v2\/types\/product"}],"replies":[{"embeddable":true,"href":"https:\/\/poudresdenarco.com\/pt\/wp-json\/wp\/v2\/comments?post=4483"}],"wp:featuredmedia":[{"embeddable":true,"href":"https:\/\/poudresdenarco.com\/pt\/wp-json\/wp\/v2\/media\/4539"}],"wp:attachment":[{"href":"https:\/\/poudresdenarco.com\/pt\/wp-json\/wp\/v2\/media?parent=4483"}],"wp:term":[{"taxonomy":"product_cat","embeddable":true,"href":"https:\/\/poudresdenarco.com\/pt\/wp-json\/wp\/v2\/product_cat?post=4483"},{"taxonomy":"product_tag","embeddable":true,"href":"https:\/\/poudresdenarco.com\/pt\/wp-json\/wp\/v2\/product_tag?post=4483"}],"curies":[{"name":"wp","href":"https:\/\/api.w.org\/{rel}","templated":true}]}}