{"id":4484,"date":"2024-01-02T11:23:10","date_gmt":"2024-01-02T11:23:10","guid":{"rendered":"https:\/\/unkrautmarkt.com\/narco1\/?post_type=product&#038;p=4484"},"modified":"2024-11-10T11:54:37","modified_gmt":"2024-11-10T11:54:37","slug":"zero-zero-pollen","status":"publish","type":"product","link":"https:\/\/poudresdenarco.com\/pt\/produto\/zero-zero-polen\/","title":{"rendered":"Zero Zero P\u00f3len"},"content":{"rendered":"<h2><strong>Comprar Zero Zero Pollen online<\/strong><\/h2>\n<p><strong>O PRODUTO<\/strong> : O Double Zero vem da primeira peneira\u00e7\u00e3o das plantas e \u00e9 um Haxixe premium. Isto permite um elevado teor de CBD e deixa uma sensa\u00e7\u00e3o na boca muito agrad\u00e1vel. Quando aquecido suavemente com um isqueiro, esfarelar\u00e1 facilmente, facilitando a incorpora\u00e7\u00e3o na mistura. \u00c9 perfeito para descontrair e relaxar ap\u00f3s um longo dia de trabalho.<\/p>\n<h3><strong>A MARCA<\/strong><\/h3>\n<p>O design excecional da rec\u00e9m-lan\u00e7ada cole\u00e7\u00e3o Hash-Gang, juntamente com a qualidade superior do conte\u00fado do saco, vai conquist\u00e1-lo. Para satisfazer at\u00e9 os consumidores mais exigentes, o nosso especialista em p\u00f3len e extra\u00e7\u00e3o identifica as melhores formas de haxixe e resinas. <a href=\"https:\/\/poudresdenarco.com\/pt\/produto\/zero-zero-polen\/\">Comprar Zero Zero Pollen online<\/a><\/p>\n<h3><strong>Gang Hash<\/strong><\/h3>\n<p>Confiamos no haxixe!<\/p>\n<p>Zero Zero<\/p>\n<p>O Zero Zero \u00e9 uma das variedades de haxixe mais conhecidas na Europa, devido \u00e0 sua consist\u00eancia e sabor. \u00c9 fino e suave e faz lembrar o Kiev caseiro ou o haxixe gelado.<\/p>\n<p>\u00c9 mais escura e oleosa do que a Moroccan Hash t\u00edpica, com a ajuda de p\u00f3len muito fino e terpenos de can\u00e1bis verdadeiros, criou uma variedade muito popular e acess\u00edvel. Tem um sabor cremoso encantador e \u00e9 agrad\u00e1vel e suave.<\/p>\n<h3><strong>Os factos:<\/strong><\/h3>\n<ul>\n<li>% CBD total -10 %<\/li>\n<li>THC &lt; 0,01 %<\/li>\n<li>Europeu<\/li>\n<li>N\u00e3o psicoativo<\/li>\n<li>Legisla\u00e7\u00e3o da UE<\/li>\n<\/ul>","protected":false},"excerpt":{"rendered":"<p>Acheter Zero Zero Pollen en ligne LE PRODUIT : Double Zero est issu du premier tamisage des plantes et est un Haschisch premium. Cela permet une teneur \u00e9lev\u00e9e en CBD et laisse une sensation en bouche tr\u00e8s agr\u00e9able. Lorsqu&rsquo;il est chauff\u00e9 doucement avec un briquet, il s&rsquo;effritera facilement, ce qui le rendra simple \u00e0 incorporer&hellip;<\/p>","protected":false},"featured_media":4540,"comment_status":"open","ping_status":"closed","template":"","meta":{"_joinchat":[]},"product_cat":[474],"product_tag":[],"class_list":{"0":"post-4484","1":"product","2":"type-product","3":"status-publish","4":"has-post-thumbnail","6":"product_cat-haschisch","8":"first","9":"instock","10":"shipping-taxable","11":"purchasable","12":"product-type-variable","13":"col-xs-6 col-sm-4","14":"col-md-3 col-lg-3","15":"un-4-cols"},"yoast_head":"<!-- This site is optimized with the Yoast SEO plugin v23.8 - https:\/\/yoast.com\/wordpress\/plugins\/seo\/ -->\n<title>Achetez Zero Zero Pollen en ligne - Zero Zero Pollen \u00e0 vendre<\/title>\n<meta name=\"description\" content=\"Vous souhaitez approfondir vos recherches ? Achetez Zero Zero Pollen de mani\u00e8re pratique et s\u00e9curis\u00e9e en ligne, avec un processus de commande simple pour Zero Pollen \u00e0 vendre. Explorez les possibilit\u00e9s et achetez Zero Zero Pollen en ligne pour vos efforts de recherche d\u00e8s aujourd&#039;hui.\" \/>\n<meta name=\"robots\" content=\"index, follow, max-snippet:-1, max-image-preview:large, max-video-preview:-1\" \/>\n<link rel=\"canonical\" href=\"https:\/\/poudresdenarco.com\/pt\/produto\/zero-zero-polen\/\" \/>\n<meta property=\"og:locale\" content=\"pt_PT\" \/>\n<meta property=\"og:type\" content=\"article\" \/>\n<meta property=\"og:title\" content=\"Achetez Zero Zero Pollen en ligne - Zero Zero Pollen \u00e0 vendre\" \/>\n<meta property=\"og:description\" content=\"Vous souhaitez approfondir vos recherches ? Achetez Zero Zero Pollen de mani\u00e8re pratique et s\u00e9curis\u00e9e en ligne, avec un processus de commande simple pour Zero Pollen \u00e0 vendre. Explorez les possibilit\u00e9s et achetez Zero Zero Pollen en ligne pour vos efforts de recherche d\u00e8s aujourd&#039;hui.\" \/>\n<meta property=\"og:url\" content=\"https:\/\/poudresdenarco.com\/pt\/produto\/zero-zero-polen\/\" \/>\n<meta property=\"og:site_name\" content=\"Poudresde Narco\" \/>\n<meta property=\"article:modified_time\" content=\"2024-11-10T11:54:37+00:00\" \/>\n<meta property=\"og:image\" content=\"https:\/\/poudresdenarco.com\/wp-content\/uploads\/2024\/01\/ZERO-ZERO-POLLEN.jpg\" \/>\n\t<meta property=\"og:image:width\" content=\"600\" \/>\n\t<meta property=\"og:image:height\" content=\"600\" \/>\n\t<meta property=\"og:image:type\" content=\"image\/jpeg\" \/>\n<meta name=\"twitter:card\" content=\"summary_large_image\" \/>\n<meta name=\"twitter:label1\" content=\"Tempo estimado de leitura\" \/>\n\t<meta name=\"twitter:data1\" content=\"2 minutos\" \/>\n<script type=\"application\/ld+json\" class=\"yoast-schema-graph\">{\"@context\":\"https:\/\/schema.org\",\"@graph\":[{\"@type\":\"WebPage\",\"@id\":\"https:\/\/poudresdenarco.com\/produit\/zero-zero-pollen\/\",\"url\":\"https:\/\/poudresdenarco.com\/produit\/zero-zero-pollen\/\",\"name\":\"Achetez Zero Zero Pollen en ligne - Zero Zero Pollen \u00e0 vendre\",\"isPartOf\":{\"@id\":\"https:\/\/poudresdenarco.com\/#website\"},\"primaryImageOfPage\":{\"@id\":\"https:\/\/poudresdenarco.com\/produit\/zero-zero-pollen\/#primaryimage\"},\"image\":{\"@id\":\"https:\/\/poudresdenarco.com\/produit\/zero-zero-pollen\/#primaryimage\"},\"thumbnailUrl\":\"https:\/\/poudresdenarco.com\/wp-content\/uploads\/2024\/01\/ZERO-ZERO-POLLEN.jpg\",\"datePublished\":\"2024-01-02T11:23:10+00:00\",\"dateModified\":\"2024-11-10T11:54:37+00:00\",\"description\":\"Vous souhaitez approfondir vos recherches ? Achetez Zero Zero Pollen de mani\u00e8re pratique et s\u00e9curis\u00e9e en ligne, avec un processus de commande simple pour Zero Pollen \u00e0 vendre. Explorez les possibilit\u00e9s et achetez Zero Zero Pollen en ligne pour vos efforts de recherche d\u00e8s aujourd'hui.\",\"breadcrumb\":{\"@id\":\"https:\/\/poudresdenarco.com\/produit\/zero-zero-pollen\/#breadcrumb\"},\"inLanguage\":\"pt-PT\",\"potentialAction\":[{\"@type\":\"ReadAction\",\"target\":[\"https:\/\/poudresdenarco.com\/produit\/zero-zero-pollen\/\"]}]},{\"@type\":\"ImageObject\",\"inLanguage\":\"pt-PT\",\"@id\":\"https:\/\/poudresdenarco.com\/produit\/zero-zero-pollen\/#primaryimage\",\"url\":\"https:\/\/poudresdenarco.com\/wp-content\/uploads\/2024\/01\/ZERO-ZERO-POLLEN.jpg\",\"contentUrl\":\"https:\/\/poudresdenarco.com\/wp-content\/uploads\/2024\/01\/ZERO-ZERO-POLLEN.jpg\",\"width\":600,\"height\":600,\"caption\":\"ZERO-ZERO-POLLEN\"},{\"@type\":\"BreadcrumbList\",\"@id\":\"https:\/\/poudresdenarco.com\/produit\/zero-zero-pollen\/#breadcrumb\",\"itemListElement\":[{\"@type\":\"ListItem\",\"position\":1,\"name\":\"Home\",\"item\":\"https:\/\/poudresdenarco.com\/\"},{\"@type\":\"ListItem\",\"position\":2,\"name\":\"Boutique\",\"item\":\"https:\/\/poudresdenarco.com\/boutique\/\"},{\"@type\":\"ListItem\",\"position\":3,\"name\":\"Z\u00e9ro Z\u00e9ro Pollen\"}]},{\"@type\":\"WebSite\",\"@id\":\"https:\/\/poudresdenarco.com\/#website\",\"url\":\"https:\/\/poudresdenarco.com\/\",\"name\":\"Poudresde Narco\",\"description\":\"Acheter de la coca\u00efne et de l&#039;h\u00e9ro\u00efne en ligne\",\"potentialAction\":[{\"@type\":\"SearchAction\",\"target\":{\"@type\":\"EntryPoint\",\"urlTemplate\":\"https:\/\/poudresdenarco.com\/?s={search_term_string}\"},\"query-input\":{\"@type\":\"PropertyValueSpecification\",\"valueRequired\":true,\"valueName\":\"search_term_string\"}}],\"inLanguage\":\"pt-PT\"}]}<\/script>\n<!-- \/ Yoast SEO plugin. -->","yoast_head_json":{"title":"Achetez Zero Zero Pollen en ligne - Zero Zero Pollen \u00e0 vendre","description":"Vous souhaitez approfondir vos recherches ? Achetez Zero Zero Pollen de mani\u00e8re pratique et s\u00e9curis\u00e9e en ligne, avec un processus de commande simple pour Zero Pollen \u00e0 vendre. Explorez les possibilit\u00e9s et achetez Zero Zero Pollen en ligne pour vos efforts de recherche d\u00e8s aujourd'hui.","robots":{"index":"index","follow":"follow","max-snippet":"max-snippet:-1","max-image-preview":"max-image-preview:large","max-video-preview":"max-video-preview:-1"},"canonical":"https:\/\/poudresdenarco.com\/pt\/produto\/zero-zero-polen\/","og_locale":"pt_PT","og_type":"article","og_title":"Achetez Zero Zero Pollen en ligne - Zero Zero Pollen \u00e0 vendre","og_description":"Vous souhaitez approfondir vos recherches ? Achetez Zero Zero Pollen de mani\u00e8re pratique et s\u00e9curis\u00e9e en ligne, avec un processus de commande simple pour Zero Pollen \u00e0 vendre. Explorez les possibilit\u00e9s et achetez Zero Zero Pollen en ligne pour vos efforts de recherche d\u00e8s aujourd'hui.","og_url":"https:\/\/poudresdenarco.com\/pt\/produto\/zero-zero-polen\/","og_site_name":"Poudresde Narco","article_modified_time":"2024-11-10T11:54:37+00:00","og_image":[{"width":600,"height":600,"url":"https:\/\/poudresdenarco.com\/wp-content\/uploads\/2024\/01\/ZERO-ZERO-POLLEN.jpg","type":"image\/jpeg"}],"twitter_card":"summary_large_image","twitter_misc":{"Tempo estimado de leitura":"2 minutos"},"schema":{"@context":"https:\/\/schema.org","@graph":[{"@type":"WebPage","@id":"https:\/\/poudresdenarco.com\/produit\/zero-zero-pollen\/","url":"https:\/\/poudresdenarco.com\/produit\/zero-zero-pollen\/","name":"Achetez Zero Zero Pollen en ligne - Zero Zero Pollen \u00e0 vendre","isPartOf":{"@id":"https:\/\/poudresdenarco.com\/#website"},"primaryImageOfPage":{"@id":"https:\/\/poudresdenarco.com\/produit\/zero-zero-pollen\/#primaryimage"},"image":{"@id":"https:\/\/poudresdenarco.com\/produit\/zero-zero-pollen\/#primaryimage"},"thumbnailUrl":"https:\/\/poudresdenarco.com\/wp-content\/uploads\/2024\/01\/ZERO-ZERO-POLLEN.jpg","datePublished":"2024-01-02T11:23:10+00:00","dateModified":"2024-11-10T11:54:37+00:00","description":"Vous souhaitez approfondir vos recherches ? Achetez Zero Zero Pollen de mani\u00e8re pratique et s\u00e9curis\u00e9e en ligne, avec un processus de commande simple pour Zero Pollen \u00e0 vendre. Explorez les possibilit\u00e9s et achetez Zero Zero Pollen en ligne pour vos efforts de recherche d\u00e8s aujourd'hui.","breadcrumb":{"@id":"https:\/\/poudresdenarco.com\/produit\/zero-zero-pollen\/#breadcrumb"},"inLanguage":"pt-PT","potentialAction":[{"@type":"ReadAction","target":["https:\/\/poudresdenarco.com\/produit\/zero-zero-pollen\/"]}]},{"@type":"ImageObject","inLanguage":"pt-PT","@id":"https:\/\/poudresdenarco.com\/produit\/zero-zero-pollen\/#primaryimage","url":"https:\/\/poudresdenarco.com\/wp-content\/uploads\/2024\/01\/ZERO-ZERO-POLLEN.jpg","contentUrl":"https:\/\/poudresdenarco.com\/wp-content\/uploads\/2024\/01\/ZERO-ZERO-POLLEN.jpg","width":600,"height":600,"caption":"ZERO-ZERO-POLLEN"},{"@type":"BreadcrumbList","@id":"https:\/\/poudresdenarco.com\/produit\/zero-zero-pollen\/#breadcrumb","itemListElement":[{"@type":"ListItem","position":1,"name":"Home","item":"https:\/\/poudresdenarco.com\/"},{"@type":"ListItem","position":2,"name":"Boutique","item":"https:\/\/poudresdenarco.com\/boutique\/"},{"@type":"ListItem","position":3,"name":"Z\u00e9ro Z\u00e9ro Pollen"}]},{"@type":"WebSite","@id":"https:\/\/poudresdenarco.com\/#website","url":"https:\/\/poudresdenarco.com\/","name":"Poudresde Narco","description":"Acheter de la coca\u00efne et de l&#039;h\u00e9ro\u00efne en ligne","potentialAction":[{"@type":"SearchAction","target":{"@type":"EntryPoint","urlTemplate":"https:\/\/poudresdenarco.com\/?s={search_term_string}"},"query-input":{"@type":"PropertyValueSpecification","valueRequired":true,"valueName":"search_term_string"}}],"inLanguage":"pt-PT"}]}},"_links":{"self":[{"href":"https:\/\/poudresdenarco.com\/pt\/wp-json\/wp\/v2\/product\/4484","targetHints":{"allow":["GET"]}}],"collection":[{"href":"https:\/\/poudresdenarco.com\/pt\/wp-json\/wp\/v2\/product"}],"about":[{"href":"https:\/\/poudresdenarco.com\/pt\/wp-json\/wp\/v2\/types\/product"}],"replies":[{"embeddable":true,"href":"https:\/\/poudresdenarco.com\/pt\/wp-json\/wp\/v2\/comments?post=4484"}],"wp:featuredmedia":[{"embeddable":true,"href":"https:\/\/poudresdenarco.com\/pt\/wp-json\/wp\/v2\/media\/4540"}],"wp:attachment":[{"href":"https:\/\/poudresdenarco.com\/pt\/wp-json\/wp\/v2\/media?parent=4484"}],"wp:term":[{"taxonomy":"product_cat","embeddable":true,"href":"https:\/\/poudresdenarco.com\/pt\/wp-json\/wp\/v2\/product_cat?post=4484"},{"taxonomy":"product_tag","embeddable":true,"href":"https:\/\/poudresdenarco.com\/pt\/wp-json\/wp\/v2\/product_tag?post=4484"}],"curies":[{"name":"wp","href":"https:\/\/api.w.org\/{rel}","templated":true}]}}