{"id":4753,"date":"2024-10-16T11:00:12","date_gmt":"2024-10-16T11:00:12","guid":{"rendered":"https:\/\/poudresdenarco.com\/?post_type=product&#038;p=4753"},"modified":"2024-11-02T14:10:26","modified_gmt":"2024-11-02T14:10:26","slug":"4-me-tmp","status":"publish","type":"product","link":"https:\/\/poudresdenarco.com\/pt\/produto\/4-me-tmp\/","title":{"rendered":"4-me-tmp"},"content":{"rendered":"<h2>4-ME-TMP<\/h2>\n<p>Le <a href=\"https:\/\/poudresdenarco.com\/pt\/produto\/4-me-tmp\/\">4-m\u00e9thylm\u00e9thylph\u00e9nidate<\/a> est une alternative au m\u00e9thylph\u00e9nidate mais un peu moins puissant.<\/p>\n<p>Le 4-Me-TMP est une substance vendue uniquement \u00e0 des fins de recherche et n&rsquo;est donc pas destin\u00e9e \u00e0 la consommation.2C-E<\/p>\n<p>Le 4-Me-TMP conserve sa stabilit\u00e9 jusqu&rsquo;\u00e0 2 ans lorsqu&rsquo;il est stock\u00e9 dans un environnement appropri\u00e9. Le 4-Me-TMP est destin\u00e9 \u00e0 des fins de recherche et non \u00e0 la consommation. Par cons\u00e9quent, il est important que le produit soit tenu hors de port\u00e9e des enfants et des animaux domestiques.<a href=\"https:\/\/en.wikipedia.org\/wiki\/4-Methylmethylphenidate\">4-HO-MET<\/a> Fumarate<\/p>\n<p>Nous proposons des produits chimiques de recherche de bonne qualit\u00e9 \u00e0 un prix \u00e9quitable. Votre commande sera exp\u00e9di\u00e9e tous les jours sous 24 heures. Par cons\u00e9quent, commandez ce 4-Me-TMP rapidement et en toute s\u00e9curit\u00e9 via !3-CMC Buy (3-Chloromethcathinone) Acheter 4-Me-TMP<a href=\"https:\/\/k2spices.com\/es\/categoria-de-productos\/incienso-de-hierbas\/\">.<\/a><\/p>\n<p><strong>Acheter du 4-Me-TMP de Haute Puret\u00e9 pour la Recherche &#8211; Poudres de Narco<\/strong><\/p>\n<p>Poudres de Narco est un fournisseur de confiance pour le <strong>4-Me-TMP de qualit\u00e9 recherche<\/strong>Concebido para <strong>aplica\u00e7\u00f5es em laborat\u00f3rios cient\u00edficos<\/strong>. Notre 4-Me-TMP est fabriqu\u00e9 selon des normes strictes de puret\u00e9 et de qualit\u00e9, id\u00e9al pour les chercheurs en chimie et pharmacologie.<\/p>\n<h3>Pourquoi Choisir le 4-Me-TMP de Poudres de Narco ?<\/h3>\n<p>Como <strong>fournisseur de 4-Me-TMP fiable<\/strong>, Poudres de Narco garantit des produits conformes aux standards \u00e9lev\u00e9s de recherche en laboratoire :<\/p>\n<ul>\n<li><strong>4-Me-TMP Haute Puret\u00e9<\/strong> : Chaque lot est rigoureusement test\u00e9 pour assurer une puret\u00e9 optimale, essentielle pour des r\u00e9sultats de recherche fiables.<\/li>\n<li><strong>Qualidade consistente<\/strong> : Notre 4-Me-TMP est fabriqu\u00e9 pour offrir une performance constante, r\u00e9pondant aux besoins de pr\u00e9cision des laboratoires.<\/li>\n<li><strong>Encomenda segura<\/strong> : Tornamos mais f\u00e1cil<strong>achat de 4-Me-TMP pour applications scientifiques<\/strong> com um processo de encomenda seguro e confidencial.<\/li>\n<\/ul>\n<h3>Aplica\u00e7\u00f5es e instru\u00e7\u00f5es de seguran\u00e7a<\/h3>\n<p>Le <strong>4-Me-TMP<\/strong> de Poudres de Narco \u00e9 destinado a <strong>aplica\u00e7\u00f5es anal\u00edticas e estudos laboratoriais<\/strong>. Pour garantir un usage conforme et s\u00e9curis\u00e9, nous fournissons des protocoles de manipulation d\u00e9taill\u00e9s :<\/p>\n<ul>\n<li><strong>Armazenamento seguro<\/strong> : Conservez le 4-Me-TMP dans un endroit frais et sec, \u00e0 l&rsquo;abri de la lumi\u00e8re directe.<\/li>\n<li><strong>Manuseamento com precau\u00e7\u00f5es<\/strong> Utilizar equipamento de prote\u00e7\u00e3o individual (EPI) e trabalhar em \u00e1reas bem ventiladas.<\/li>\n<li><strong>Utiliza\u00e7\u00e3o estritamente reservada \u00e0 investiga\u00e7\u00e3o<\/strong> : Ce produit est exclusivement destin\u00e9 aux laboratoires autoris\u00e9s et aux chercheurs en environnement contr\u00f4l\u00e9.<\/li>\n<\/ul>\n<h3>Commandez du 4-Me-TMP de Haute Puret\u00e9 pour Vos \u00c9tudes Scientifiques<\/h3>\n<p>Com Poudres de Narco, pode contar com um fornecimento fi\u00e1vel de <strong>4-Me-TMP de qualit\u00e9<\/strong> pour vos applications de recherche. <strong>Contactar-nos<\/strong> pour obtenir un devis ou pour en savoir plus sur notre gamme de produits pour applications de laboratoire Acheter 4-Me-TMP.<\/p>","protected":false},"excerpt":{"rendered":"<p>4-ME-TMP Le 4-m\u00e9thylm\u00e9thylph\u00e9nidate est une alternative au m\u00e9thylph\u00e9nidate mais un peu moins puissant. Le 4-Me-TMP est une substance vendue uniquement \u00e0 des fins de recherche et n&rsquo;est donc pas destin\u00e9e \u00e0 la consommation.2C-E Le 4-Me-TMP conserve sa stabilit\u00e9 jusqu&rsquo;\u00e0 2 ans lorsqu&rsquo;il est stock\u00e9 dans un environnement appropri\u00e9. Le 4-Me-TMP est destin\u00e9 \u00e0 des fins&hellip;<\/p>","protected":false},"featured_media":6150,"comment_status":"open","ping_status":"closed","template":"","meta":{"_joinchat":[]},"product_cat":[558],"product_tag":[],"class_list":{"0":"post-4753","1":"product","2":"type-product","3":"status-publish","4":"has-post-thumbnail","6":"product_cat-chimiques-de-recherche","8":"first","9":"instock","10":"shipping-taxable","11":"purchasable","12":"product-type-variable","13":"col-xs-6 col-sm-4","14":"col-md-3 col-lg-3","15":"un-4-cols"},"yoast_head":"<!-- This site is optimized with the Yoast SEO plugin v23.8 - https:\/\/yoast.com\/wordpress\/plugins\/seo\/ -->\n<title>Acheter 4-Me-TMP Poudres de Narco<\/title>\n<meta name=\"description\" content=\"Fournisseur de 4-Me-TMP pour applications scientifiques en laboratoire. Puret\u00e9 et qualit\u00e9 garanties pour la recherche chez Poudres de Narco.\" \/>\n<meta name=\"robots\" content=\"index, follow, max-snippet:-1, max-image-preview:large, max-video-preview:-1\" \/>\n<link rel=\"canonical\" href=\"https:\/\/poudresdenarco.com\/pt\/produto\/4-me-tmp\/\" \/>\n<meta property=\"og:locale\" content=\"pt_PT\" \/>\n<meta property=\"og:type\" content=\"article\" \/>\n<meta property=\"og:title\" content=\"Acheter 4-Me-TMP Poudres de Narco\" \/>\n<meta property=\"og:description\" content=\"Fournisseur de 4-Me-TMP pour applications scientifiques en laboratoire. Puret\u00e9 et qualit\u00e9 garanties pour la recherche chez Poudres de Narco.\" \/>\n<meta property=\"og:url\" content=\"https:\/\/poudresdenarco.com\/pt\/produto\/4-me-tmp\/\" \/>\n<meta property=\"og:site_name\" content=\"Poudresde Narco\" \/>\n<meta property=\"article:modified_time\" content=\"2024-11-02T14:10:26+00:00\" \/>\n<meta property=\"og:image\" content=\"https:\/\/poudresdenarco.com\/wp-content\/uploads\/2024\/10\/4-me-tmp.gif\" \/>\n\t<meta property=\"og:image:width\" content=\"600\" \/>\n\t<meta property=\"og:image:height\" content=\"600\" \/>\n\t<meta property=\"og:image:type\" content=\"image\/gif\" \/>\n<meta name=\"twitter:card\" content=\"summary_large_image\" \/>\n<meta name=\"twitter:label1\" content=\"Tempo estimado de leitura\" \/>\n\t<meta name=\"twitter:data1\" content=\"2 minutos\" \/>\n<script type=\"application\/ld+json\" class=\"yoast-schema-graph\">{\"@context\":\"https:\/\/schema.org\",\"@graph\":[{\"@type\":\"WebPage\",\"@id\":\"https:\/\/poudresdenarco.com\/produit\/4-me-tmp\/\",\"url\":\"https:\/\/poudresdenarco.com\/produit\/4-me-tmp\/\",\"name\":\"Acheter 4-Me-TMP Poudres de Narco\",\"isPartOf\":{\"@id\":\"https:\/\/poudresdenarco.com\/#website\"},\"primaryImageOfPage\":{\"@id\":\"https:\/\/poudresdenarco.com\/produit\/4-me-tmp\/#primaryimage\"},\"image\":{\"@id\":\"https:\/\/poudresdenarco.com\/produit\/4-me-tmp\/#primaryimage\"},\"thumbnailUrl\":\"https:\/\/poudresdenarco.com\/wp-content\/uploads\/2024\/10\/4-me-tmp.gif\",\"datePublished\":\"2024-10-16T11:00:12+00:00\",\"dateModified\":\"2024-11-02T14:10:26+00:00\",\"description\":\"Fournisseur de 4-Me-TMP pour applications scientifiques en laboratoire. Puret\u00e9 et qualit\u00e9 garanties pour la recherche chez Poudres de Narco.\",\"breadcrumb\":{\"@id\":\"https:\/\/poudresdenarco.com\/produit\/4-me-tmp\/#breadcrumb\"},\"inLanguage\":\"pt-PT\",\"potentialAction\":[{\"@type\":\"ReadAction\",\"target\":[\"https:\/\/poudresdenarco.com\/produit\/4-me-tmp\/\"]}]},{\"@type\":\"ImageObject\",\"inLanguage\":\"pt-PT\",\"@id\":\"https:\/\/poudresdenarco.com\/produit\/4-me-tmp\/#primaryimage\",\"url\":\"https:\/\/poudresdenarco.com\/wp-content\/uploads\/2024\/10\/4-me-tmp.gif\",\"contentUrl\":\"https:\/\/poudresdenarco.com\/wp-content\/uploads\/2024\/10\/4-me-tmp.gif\",\"width\":600,\"height\":600,\"caption\":\"4-me-tmp\"},{\"@type\":\"BreadcrumbList\",\"@id\":\"https:\/\/poudresdenarco.com\/produit\/4-me-tmp\/#breadcrumb\",\"itemListElement\":[{\"@type\":\"ListItem\",\"position\":1,\"name\":\"Home\",\"item\":\"https:\/\/poudresdenarco.com\/\"},{\"@type\":\"ListItem\",\"position\":2,\"name\":\"Boutique\",\"item\":\"https:\/\/poudresdenarco.com\/boutique\/\"},{\"@type\":\"ListItem\",\"position\":3,\"name\":\"4-me-tmp\"}]},{\"@type\":\"WebSite\",\"@id\":\"https:\/\/poudresdenarco.com\/#website\",\"url\":\"https:\/\/poudresdenarco.com\/\",\"name\":\"Poudresde Narco\",\"description\":\"Acheter de la coca\u00efne et de l&#039;h\u00e9ro\u00efne en ligne\",\"potentialAction\":[{\"@type\":\"SearchAction\",\"target\":{\"@type\":\"EntryPoint\",\"urlTemplate\":\"https:\/\/poudresdenarco.com\/?s={search_term_string}\"},\"query-input\":{\"@type\":\"PropertyValueSpecification\",\"valueRequired\":true,\"valueName\":\"search_term_string\"}}],\"inLanguage\":\"pt-PT\"}]}<\/script>\n<!-- \/ Yoast SEO plugin. -->","yoast_head_json":{"title":"Acheter 4-Me-TMP Poudres de Narco","description":"Fournisseur de 4-Me-TMP pour applications scientifiques en laboratoire. Puret\u00e9 et qualit\u00e9 garanties pour la recherche chez Poudres de Narco.","robots":{"index":"index","follow":"follow","max-snippet":"max-snippet:-1","max-image-preview":"max-image-preview:large","max-video-preview":"max-video-preview:-1"},"canonical":"https:\/\/poudresdenarco.com\/pt\/produto\/4-me-tmp\/","og_locale":"pt_PT","og_type":"article","og_title":"Acheter 4-Me-TMP Poudres de Narco","og_description":"Fournisseur de 4-Me-TMP pour applications scientifiques en laboratoire. Puret\u00e9 et qualit\u00e9 garanties pour la recherche chez Poudres de Narco.","og_url":"https:\/\/poudresdenarco.com\/pt\/produto\/4-me-tmp\/","og_site_name":"Poudresde Narco","article_modified_time":"2024-11-02T14:10:26+00:00","og_image":[{"width":600,"height":600,"url":"https:\/\/poudresdenarco.com\/wp-content\/uploads\/2024\/10\/4-me-tmp.gif","type":"image\/gif"}],"twitter_card":"summary_large_image","twitter_misc":{"Tempo estimado de leitura":"2 minutos"},"schema":{"@context":"https:\/\/schema.org","@graph":[{"@type":"WebPage","@id":"https:\/\/poudresdenarco.com\/produit\/4-me-tmp\/","url":"https:\/\/poudresdenarco.com\/produit\/4-me-tmp\/","name":"Acheter 4-Me-TMP Poudres de Narco","isPartOf":{"@id":"https:\/\/poudresdenarco.com\/#website"},"primaryImageOfPage":{"@id":"https:\/\/poudresdenarco.com\/produit\/4-me-tmp\/#primaryimage"},"image":{"@id":"https:\/\/poudresdenarco.com\/produit\/4-me-tmp\/#primaryimage"},"thumbnailUrl":"https:\/\/poudresdenarco.com\/wp-content\/uploads\/2024\/10\/4-me-tmp.gif","datePublished":"2024-10-16T11:00:12+00:00","dateModified":"2024-11-02T14:10:26+00:00","description":"Fournisseur de 4-Me-TMP pour applications scientifiques en laboratoire. Puret\u00e9 et qualit\u00e9 garanties pour la recherche chez Poudres de Narco.","breadcrumb":{"@id":"https:\/\/poudresdenarco.com\/produit\/4-me-tmp\/#breadcrumb"},"inLanguage":"pt-PT","potentialAction":[{"@type":"ReadAction","target":["https:\/\/poudresdenarco.com\/produit\/4-me-tmp\/"]}]},{"@type":"ImageObject","inLanguage":"pt-PT","@id":"https:\/\/poudresdenarco.com\/produit\/4-me-tmp\/#primaryimage","url":"https:\/\/poudresdenarco.com\/wp-content\/uploads\/2024\/10\/4-me-tmp.gif","contentUrl":"https:\/\/poudresdenarco.com\/wp-content\/uploads\/2024\/10\/4-me-tmp.gif","width":600,"height":600,"caption":"4-me-tmp"},{"@type":"BreadcrumbList","@id":"https:\/\/poudresdenarco.com\/produit\/4-me-tmp\/#breadcrumb","itemListElement":[{"@type":"ListItem","position":1,"name":"Home","item":"https:\/\/poudresdenarco.com\/"},{"@type":"ListItem","position":2,"name":"Boutique","item":"https:\/\/poudresdenarco.com\/boutique\/"},{"@type":"ListItem","position":3,"name":"4-me-tmp"}]},{"@type":"WebSite","@id":"https:\/\/poudresdenarco.com\/#website","url":"https:\/\/poudresdenarco.com\/","name":"Poudresde Narco","description":"Acheter de la coca\u00efne et de l&#039;h\u00e9ro\u00efne en ligne","potentialAction":[{"@type":"SearchAction","target":{"@type":"EntryPoint","urlTemplate":"https:\/\/poudresdenarco.com\/?s={search_term_string}"},"query-input":{"@type":"PropertyValueSpecification","valueRequired":true,"valueName":"search_term_string"}}],"inLanguage":"pt-PT"}]}},"_links":{"self":[{"href":"https:\/\/poudresdenarco.com\/pt\/wp-json\/wp\/v2\/product\/4753","targetHints":{"allow":["GET"]}}],"collection":[{"href":"https:\/\/poudresdenarco.com\/pt\/wp-json\/wp\/v2\/product"}],"about":[{"href":"https:\/\/poudresdenarco.com\/pt\/wp-json\/wp\/v2\/types\/product"}],"replies":[{"embeddable":true,"href":"https:\/\/poudresdenarco.com\/pt\/wp-json\/wp\/v2\/comments?post=4753"}],"wp:featuredmedia":[{"embeddable":true,"href":"https:\/\/poudresdenarco.com\/pt\/wp-json\/wp\/v2\/media\/6150"}],"wp:attachment":[{"href":"https:\/\/poudresdenarco.com\/pt\/wp-json\/wp\/v2\/media?parent=4753"}],"wp:term":[{"taxonomy":"product_cat","embeddable":true,"href":"https:\/\/poudresdenarco.com\/pt\/wp-json\/wp\/v2\/product_cat?post=4753"},{"taxonomy":"product_tag","embeddable":true,"href":"https:\/\/poudresdenarco.com\/pt\/wp-json\/wp\/v2\/product_tag?post=4753"}],"curies":[{"name":"wp","href":"https:\/\/api.w.org\/{rel}","templated":true}]}}