{"id":4755,"date":"2024-10-16T11:03:16","date_gmt":"2024-10-16T11:03:16","guid":{"rendered":"https:\/\/poudresdenarco.com\/?post_type=product&#038;p=4755"},"modified":"2024-12-23T10:05:08","modified_gmt":"2024-12-23T10:05:08","slug":"2-fma","status":"publish","type":"product","link":"https:\/\/poudresdenarco.com\/pt\/produto\/2-fma\/","title":{"rendered":"2-FMA"},"content":{"rendered":"<h2>Comprar cloridrato de 2-FMA online<\/h2>\n<p>Sauda\u00e7\u00f5es de poudresdenarco, o seu retalhista online de confian\u00e7a de <a href=\"https:\/\/poudresdenarco.com\/pt\/produto\/2-fma\/\">2-FMA<\/a>. Como propriet\u00e1rios da poudresdenarco, temos muito orgulho em fornecer aos investigadores os melhores materiais e apoio. Neste artigo, discutiremos os fortes argumentos pelos quais deve comprar o Cloridrato de 2-FA na poudresdenarco e garantimos que oferecemos entrega internacional para satisfazer as necessidades dos acad\u00e9micos em todo o mundo.<\/p>\n<h3>Produtos de alta qualidade:<\/h3>\n<p>A qualidade dos nossos produtos qu\u00edmicos de investiga\u00e7\u00e3o \u00e9 a nossa principal prioridade na <a href=\"https:\/\/poudresdenarco.com\/pt\/\">poudresdenarco<\/a>. S\u00e3o utilizados procedimentos de controlo de qualidade rigorosos no nosso cloridrato de 2-FMA para garantir a sua pureza, consist\u00eancia e dosagem adequada. Obtemos apenas produtos qu\u00edmicos da mais alta qualidade atrav\u00e9s das nossas parcerias com fabricantes e fornecedores fi\u00e1veis, dando aos investigadores a confian\u00e7a necess\u00e1ria para efectuarem os seus testes. Comprar cloridrato de 2-FA em<\/p>\n<h3>Pode ter a certeza de que poudresdenarco lhe enviar\u00e1 um produto de alta qualidade.<\/h3>\n<h3>Sele\u00e7\u00e3o completa de produtos qu\u00edmicos para investiga\u00e7\u00e3o:<\/h3>\n<p>Para satisfazer as diferentes necessidades dos investigadores, poudresdenarco oferece uma vasta gama de produtos qu\u00edmicos de investiga\u00e7\u00e3o. Oferecemos uma vasta sele\u00e7\u00e3o de produtos topo de gama na nossa loja online, incluindo <a href=\"https:\/\/en.wikipedia.org\/wiki\/2-Fluoromethamphetamine\">2-FMA<\/a>. Queremos ser o seu balc\u00e3o \u00fanico para todas as suas necessidades de investiga\u00e7\u00e3o qu\u00edmica, quer esteja a estudar qu\u00edmica, produtos farmac\u00eauticos ou outras disciplinas cient\u00edficas. Explore a nossa cole\u00e7\u00e3o para encontrar oportunidades de estudo fascinantes.<\/p>\n<p><strong>Comprar 2-FMA de alta pureza para investiga\u00e7\u00e3o - Narco Powders<\/strong><\/p>\n<p>Ofertas de Poudres de Narco <strong>2-FMA de alta qualidade<\/strong>reservado para <strong>aplica\u00e7\u00f5es de investiga\u00e7\u00e3o laboratorial<\/strong>. Concebido para satisfazer as necessidades dos investigadores em qu\u00edmica e farmacologia, o nosso 2-FMA oferece pureza e qualidade consistentes, garantindo resultados fi\u00e1veis numa variedade de contextos de estudos cient\u00edficos.<\/p>\n<h3>Porqu\u00ea escolher 2-FMA de Poudres de Narco?<\/h3>\n<p>Como <strong>fornecedor de 2-FMA para investiga\u00e7\u00e3o<\/strong>Poudres de Narco compromete-se a oferecer um produto de qualidade que satisfa\u00e7a os mais elevados padr\u00f5es de investiga\u00e7\u00e3o cient\u00edfica:<\/p>\n<ul>\n<li><strong>Pureza certificada<\/strong> Cada lote de 2-FMA \u00e9 testado para garantir uma pureza \u00f3ptima, essencial para resultados de investiga\u00e7\u00e3o precisos.<\/li>\n<li><strong>Qualidade fi\u00e1vel<\/strong> O nosso 2-FMA foi concebido para oferecer um desempenho consistente no laborat\u00f3rio.<\/li>\n<li><strong>Encomenda segura<\/strong> : Tornamos mais f\u00e1cil<strong>compra de 2-FMA para aplica\u00e7\u00f5es cient\u00edficas<\/strong> com uma plataforma segura que cumpre as normas de confidencialidade.<\/li>\n<\/ul>\n<h3>Aplica\u00e7\u00f5es e instru\u00e7\u00f5es de seguran\u00e7a<\/h3>\n<p>Le <strong>2-FMA<\/strong> de Poudres de Narco \u00e9 utilizado numa variedade de estudos cient\u00edficos e aplica\u00e7\u00f5es laboratoriais. Para garantir uma utiliza\u00e7\u00e3o segura e adequada, fornecemos diretrizes de manuseamento rigorosas:<\/p>\n<ul>\n<li><strong>Armazenamento seguro<\/strong> Conservar o 2-FMA num local fresco e seco, ao abrigo da luz.<\/li>\n<li><strong>Manuseamento<\/strong> Utilizar equipamento de prote\u00e7\u00e3o individual (EPI) e trabalhar em \u00e1reas bem ventiladas.<\/li>\n<li><strong>Apenas para uso em investiga\u00e7\u00e3o<\/strong> Este produto foi concebido para profissionais que trabalham num ambiente de investiga\u00e7\u00e3o controlado.<\/li>\n<\/ul>\n<h3>Encomendar 2-FMA de qualidade para os seus estudos cient\u00edficos<\/h3>\n<p>Com Poudres de Narco, pode contar com um fornecimento fi\u00e1vel de <strong>2-FMA de alta pureza<\/strong> para a investiga\u00e7\u00e3o. <strong>Contactar-nos<\/strong> para um or\u00e7amento ou para mais informa\u00e7\u00f5es sobre os nossos produtos para aplica\u00e7\u00f5es laboratoriais.<\/p>\n<p>&nbsp;<\/p>","protected":false},"excerpt":{"rendered":"<p>Achats en ligne de chlorhydrate de 2-FMA Salutations de poudresdenarco, votre d\u00e9taillant en ligne fiable de chlorhydrate de 2-FMA. En tant que propri\u00e9taires de poudresdenarco, nous sommes tr\u00e8s fiers de fournir aux chercheurs les meilleures fournitures et le meilleur soutien. Dans cet article, nous discuterons des arguments solides pour lesquels vous devriez acheter du chlorhydrate&hellip;<\/p>","protected":false},"featured_media":6152,"comment_status":"open","ping_status":"closed","template":"","meta":{"_joinchat":[]},"product_cat":[558,751],"product_tag":[],"class_list":{"0":"post-4755","1":"product","2":"type-product","3":"status-publish","4":"has-post-thumbnail","6":"product_cat-chimiques-de-recherche","7":"product_cat-stimulants","9":"first","10":"instock","11":"shipping-taxable","12":"purchasable","13":"product-type-variable","14":"col-xs-6 col-sm-4","15":"col-md-3 col-lg-3","16":"un-4-cols"},"yoast_head":"<!-- This site is optimized with the Yoast SEO plugin v23.8 - https:\/\/yoast.com\/wordpress\/plugins\/seo\/ -->\n<title>Acheter 2-FMA de Qualit\u00e9 pour la Recherche | Poudres de Narco<\/title>\n<meta name=\"description\" content=\"Fournisseur de 2-FMA pour la recherche scientifique. Puret\u00e9 garantie pour applications en laboratoire chez Poudres de Narco.\" \/>\n<meta name=\"robots\" content=\"index, follow, max-snippet:-1, max-image-preview:large, max-video-preview:-1\" \/>\n<link rel=\"canonical\" href=\"https:\/\/poudresdenarco.com\/pt\/produto\/2-fma\/\" \/>\n<meta property=\"og:locale\" content=\"pt_PT\" \/>\n<meta property=\"og:type\" content=\"article\" \/>\n<meta property=\"og:title\" content=\"Acheter 2-FMA de Qualit\u00e9 pour la Recherche | Poudres de Narco\" \/>\n<meta property=\"og:description\" content=\"Fournisseur de 2-FMA pour la recherche scientifique. Puret\u00e9 garantie pour applications en laboratoire chez Poudres de Narco.\" \/>\n<meta property=\"og:url\" content=\"https:\/\/poudresdenarco.com\/pt\/produto\/2-fma\/\" \/>\n<meta property=\"og:site_name\" content=\"Poudresde Narco\" \/>\n<meta property=\"article:modified_time\" content=\"2024-12-23T10:05:08+00:00\" \/>\n<meta property=\"og:image\" content=\"https:\/\/poudresdenarco.com\/wp-content\/uploads\/2024\/10\/2-FMA.gif\" \/>\n\t<meta property=\"og:image:width\" content=\"600\" \/>\n\t<meta property=\"og:image:height\" content=\"600\" \/>\n\t<meta property=\"og:image:type\" content=\"image\/gif\" \/>\n<meta name=\"twitter:card\" content=\"summary_large_image\" \/>\n<meta name=\"twitter:label1\" content=\"Tempo estimado de leitura\" \/>\n\t<meta name=\"twitter:data1\" content=\"3 minutos\" \/>\n<script type=\"application\/ld+json\" class=\"yoast-schema-graph\">{\"@context\":\"https:\/\/schema.org\",\"@graph\":[{\"@type\":\"WebPage\",\"@id\":\"https:\/\/poudresdenarco.com\/produit\/2-fma\/\",\"url\":\"https:\/\/poudresdenarco.com\/produit\/2-fma\/\",\"name\":\"Acheter 2-FMA de Qualit\u00e9 pour la Recherche | Poudres de Narco\",\"isPartOf\":{\"@id\":\"https:\/\/poudresdenarco.com\/#website\"},\"primaryImageOfPage\":{\"@id\":\"https:\/\/poudresdenarco.com\/produit\/2-fma\/#primaryimage\"},\"image\":{\"@id\":\"https:\/\/poudresdenarco.com\/produit\/2-fma\/#primaryimage\"},\"thumbnailUrl\":\"https:\/\/poudresdenarco.com\/wp-content\/uploads\/2024\/10\/2-FMA.gif\",\"datePublished\":\"2024-10-16T11:03:16+00:00\",\"dateModified\":\"2024-12-23T10:05:08+00:00\",\"description\":\"Fournisseur de 2-FMA pour la recherche scientifique. Puret\u00e9 garantie pour applications en laboratoire chez Poudres de Narco.\",\"breadcrumb\":{\"@id\":\"https:\/\/poudresdenarco.com\/produit\/2-fma\/#breadcrumb\"},\"inLanguage\":\"pt-PT\",\"potentialAction\":[{\"@type\":\"ReadAction\",\"target\":[\"https:\/\/poudresdenarco.com\/produit\/2-fma\/\"]}]},{\"@type\":\"ImageObject\",\"inLanguage\":\"pt-PT\",\"@id\":\"https:\/\/poudresdenarco.com\/produit\/2-fma\/#primaryimage\",\"url\":\"https:\/\/poudresdenarco.com\/wp-content\/uploads\/2024\/10\/2-FMA.gif\",\"contentUrl\":\"https:\/\/poudresdenarco.com\/wp-content\/uploads\/2024\/10\/2-FMA.gif\",\"width\":600,\"height\":600,\"caption\":\"2-FMA\"},{\"@type\":\"BreadcrumbList\",\"@id\":\"https:\/\/poudresdenarco.com\/produit\/2-fma\/#breadcrumb\",\"itemListElement\":[{\"@type\":\"ListItem\",\"position\":1,\"name\":\"Home\",\"item\":\"https:\/\/poudresdenarco.com\/\"},{\"@type\":\"ListItem\",\"position\":2,\"name\":\"Boutique\",\"item\":\"https:\/\/poudresdenarco.com\/boutique\/\"},{\"@type\":\"ListItem\",\"position\":3,\"name\":\"2-FMA\"}]},{\"@type\":\"WebSite\",\"@id\":\"https:\/\/poudresdenarco.com\/#website\",\"url\":\"https:\/\/poudresdenarco.com\/\",\"name\":\"Poudresde Narco\",\"description\":\"Acheter de la coca\u00efne et de l&#039;h\u00e9ro\u00efne en ligne\",\"potentialAction\":[{\"@type\":\"SearchAction\",\"target\":{\"@type\":\"EntryPoint\",\"urlTemplate\":\"https:\/\/poudresdenarco.com\/?s={search_term_string}\"},\"query-input\":{\"@type\":\"PropertyValueSpecification\",\"valueRequired\":true,\"valueName\":\"search_term_string\"}}],\"inLanguage\":\"pt-PT\"}]}<\/script>\n<!-- \/ Yoast SEO plugin. -->","yoast_head_json":{"title":"Acheter 2-FMA de Qualit\u00e9 pour la Recherche | Poudres de Narco","description":"Fournisseur de 2-FMA pour la recherche scientifique. Puret\u00e9 garantie pour applications en laboratoire chez Poudres de Narco.","robots":{"index":"index","follow":"follow","max-snippet":"max-snippet:-1","max-image-preview":"max-image-preview:large","max-video-preview":"max-video-preview:-1"},"canonical":"https:\/\/poudresdenarco.com\/pt\/produto\/2-fma\/","og_locale":"pt_PT","og_type":"article","og_title":"Acheter 2-FMA de Qualit\u00e9 pour la Recherche | Poudres de Narco","og_description":"Fournisseur de 2-FMA pour la recherche scientifique. Puret\u00e9 garantie pour applications en laboratoire chez Poudres de Narco.","og_url":"https:\/\/poudresdenarco.com\/pt\/produto\/2-fma\/","og_site_name":"Poudresde Narco","article_modified_time":"2024-12-23T10:05:08+00:00","og_image":[{"width":600,"height":600,"url":"https:\/\/poudresdenarco.com\/wp-content\/uploads\/2024\/10\/2-FMA.gif","type":"image\/gif"}],"twitter_card":"summary_large_image","twitter_misc":{"Tempo estimado de leitura":"3 minutos"},"schema":{"@context":"https:\/\/schema.org","@graph":[{"@type":"WebPage","@id":"https:\/\/poudresdenarco.com\/produit\/2-fma\/","url":"https:\/\/poudresdenarco.com\/produit\/2-fma\/","name":"Acheter 2-FMA de Qualit\u00e9 pour la Recherche | Poudres de Narco","isPartOf":{"@id":"https:\/\/poudresdenarco.com\/#website"},"primaryImageOfPage":{"@id":"https:\/\/poudresdenarco.com\/produit\/2-fma\/#primaryimage"},"image":{"@id":"https:\/\/poudresdenarco.com\/produit\/2-fma\/#primaryimage"},"thumbnailUrl":"https:\/\/poudresdenarco.com\/wp-content\/uploads\/2024\/10\/2-FMA.gif","datePublished":"2024-10-16T11:03:16+00:00","dateModified":"2024-12-23T10:05:08+00:00","description":"Fournisseur de 2-FMA pour la recherche scientifique. Puret\u00e9 garantie pour applications en laboratoire chez Poudres de Narco.","breadcrumb":{"@id":"https:\/\/poudresdenarco.com\/produit\/2-fma\/#breadcrumb"},"inLanguage":"pt-PT","potentialAction":[{"@type":"ReadAction","target":["https:\/\/poudresdenarco.com\/produit\/2-fma\/"]}]},{"@type":"ImageObject","inLanguage":"pt-PT","@id":"https:\/\/poudresdenarco.com\/produit\/2-fma\/#primaryimage","url":"https:\/\/poudresdenarco.com\/wp-content\/uploads\/2024\/10\/2-FMA.gif","contentUrl":"https:\/\/poudresdenarco.com\/wp-content\/uploads\/2024\/10\/2-FMA.gif","width":600,"height":600,"caption":"2-FMA"},{"@type":"BreadcrumbList","@id":"https:\/\/poudresdenarco.com\/produit\/2-fma\/#breadcrumb","itemListElement":[{"@type":"ListItem","position":1,"name":"Home","item":"https:\/\/poudresdenarco.com\/"},{"@type":"ListItem","position":2,"name":"Boutique","item":"https:\/\/poudresdenarco.com\/boutique\/"},{"@type":"ListItem","position":3,"name":"2-FMA"}]},{"@type":"WebSite","@id":"https:\/\/poudresdenarco.com\/#website","url":"https:\/\/poudresdenarco.com\/","name":"Poudresde Narco","description":"Acheter de la coca\u00efne et de l&#039;h\u00e9ro\u00efne en ligne","potentialAction":[{"@type":"SearchAction","target":{"@type":"EntryPoint","urlTemplate":"https:\/\/poudresdenarco.com\/?s={search_term_string}"},"query-input":{"@type":"PropertyValueSpecification","valueRequired":true,"valueName":"search_term_string"}}],"inLanguage":"pt-PT"}]}},"_links":{"self":[{"href":"https:\/\/poudresdenarco.com\/pt\/wp-json\/wp\/v2\/product\/4755","targetHints":{"allow":["GET"]}}],"collection":[{"href":"https:\/\/poudresdenarco.com\/pt\/wp-json\/wp\/v2\/product"}],"about":[{"href":"https:\/\/poudresdenarco.com\/pt\/wp-json\/wp\/v2\/types\/product"}],"replies":[{"embeddable":true,"href":"https:\/\/poudresdenarco.com\/pt\/wp-json\/wp\/v2\/comments?post=4755"}],"wp:featuredmedia":[{"embeddable":true,"href":"https:\/\/poudresdenarco.com\/pt\/wp-json\/wp\/v2\/media\/6152"}],"wp:attachment":[{"href":"https:\/\/poudresdenarco.com\/pt\/wp-json\/wp\/v2\/media?parent=4755"}],"wp:term":[{"taxonomy":"product_cat","embeddable":true,"href":"https:\/\/poudresdenarco.com\/pt\/wp-json\/wp\/v2\/product_cat?post=4755"},{"taxonomy":"product_tag","embeddable":true,"href":"https:\/\/poudresdenarco.com\/pt\/wp-json\/wp\/v2\/product_tag?post=4755"}],"curies":[{"name":"wp","href":"https:\/\/api.w.org\/{rel}","templated":true}]}}