{"id":4950,"date":"2024-10-16T11:22:27","date_gmt":"2024-10-16T11:22:27","guid":{"rendered":"https:\/\/poudresdenarco.com\/?post_type=product&#038;p=4950"},"modified":"2024-12-23T09:56:20","modified_gmt":"2024-12-23T09:56:20","slug":"6apb","status":"publish","type":"product","link":"https:\/\/poudresdenarco.com\/pt\/produto\/6apb\/","title":{"rendered":"6apb"},"content":{"rendered":"<h2>Comprar 6APB online<\/h2>\n<p>6-(2-aminopropil) <a href=\"https:\/\/poudresdenarco.com\/pt\/produto\/6apb\/\">APB 6<\/a>O benzofurano (tamb\u00e9m conhecido como <a href=\"https:\/\/en.wikipedia.org\/wiki\/6-APB\">6-APB<\/a> ou sob a marca Benzofury) produz uma gama potente e duradoura de efeitos entactog\u00e9nicos t\u00edpicos do tipo MDA quando administrado, incluindo seda\u00e7\u00e3o, aumento dos sentimentos de empatia, amor e sociabilidade, relaxamento muscular, al\u00edvio da ansiedade e euforia f\u00edsica e cognitiva.<\/p>\n<p>poudresdenarco Investiga\u00e7\u00e3o<\/p>\n<h3>SOMOS UM FORNECEDOR GLOBAL DE PRODUTOS QU\u00cdMICOS PARA INVESTIGA\u00c7\u00c3O<\/h3>\n<p>Relativamente a<\/p>\n<p>fornecedores fi\u00e1veis, controlados, verificados, seguros e autorizados de produtos qu\u00edmicos para investiga\u00e7\u00e3o<\/p>\n<p>Apresenta\u00e7\u00e3o de <a href=\"https:\/\/poudresdenarco.com\/pt\/\">poudresdenarco<\/a>Somos um fornecedor respeit\u00e1vel de produtos qu\u00edmicos para investiga\u00e7\u00e3o que fornece materiais de \u00faltima gera\u00e7\u00e3o para os seus projectos. Precisa de um fornecedor em que possa confiar para fornecer produtos qu\u00edmicos 100 % genu\u00ednos e puros, e pode ter a certeza disso quando trabalha connosco. O nosso compromisso com a excel\u00eancia e a integridade da ci\u00eancia fez de n\u00f3s um dos fornecedores mais reputados no mercado da Internet, uma reputa\u00e7\u00e3o que trabalhamos arduamente para manter e que levamos muito a s\u00e9rio.<\/p>\n<p>Os nossos clientes podem beneficiar das nossas v\u00e1rias op\u00e7\u00f5es de pagamento, entrega fi\u00e1vel e a mais vasta sele\u00e7\u00e3o de produtos qu\u00edmicos para investiga\u00e7\u00e3o. Com esta abordagem, podemos ajudar um grande n\u00famero de investigadores em todos os continentes a localizar os materiais de estudo raros e pouco estudados que muitas vezes t\u00eam o potencial de influenciar significativamente os estudos f\u00edsicos, qu\u00edmicos, biol\u00f3gicos ou farmac\u00eauticos. Estamos continuamente \u00e0 procura de formas de melhorar a nossa oferta e, sempre que poss\u00edvel, acrescentamos novos produtos qu\u00edmicos de investiga\u00e7\u00e3o \u00e0 nossa lista de produtos para atingir o nosso objetivo.<\/p>\n<h3><strong>Comprar 6-APB de alta pureza para investiga\u00e7\u00e3o - Narco Powders<\/strong><\/h3>\n<p><strong>P\u00f3s estupefacientes<\/strong> \u00e9 a sua fonte fi\u00e1vel para <strong>6-APB de elevada pureza<\/strong>Concebido para <strong>aplica\u00e7\u00f5es em laborat\u00f3rios cient\u00edficos<\/strong>. O nosso 6-APB \u00e9 produzido de acordo com normas de qualidade rigorosas, garantindo resultados consistentes e fi\u00e1veis para investigadores em qu\u00edmica e farmacologia.<\/p>\n<h3>Porqu\u00ea comprar 6-APB em Poudres de Narco?<\/h3>\n<p>Como <strong>fornecedor de 6-APB para investiga\u00e7\u00e3o<\/strong>, <strong>P\u00f3s estupefacientes<\/strong> est\u00e1 empenhada em oferecer produtos de alta qualidade adaptados \u00e0s necessidades de <strong>laborat\u00f3rios certificados<\/strong> :<\/p>\n<ul>\n<li><strong>6-APB de alta pureza para laborat\u00f3rios<\/strong> Cada lote \u00e9 rigorosamente testado para garantir uma pureza \u00f3ptima, indispens\u00e1vel para aplica\u00e7\u00f5es cient\u00edficas espec\u00edficas.<\/li>\n<li><strong>Qualidade consistente e fi\u00e1vel<\/strong> O nosso 6-APB \u00e9 formulado para um desempenho est\u00e1vel, satisfazendo os requisitos de <strong>estudos laboratoriais anal\u00edticos<\/strong>.<\/li>\n<li><strong>Encomendas online seguras<\/strong> : <strong>P\u00f3s estupefacientes<\/strong> facilita a<strong>comprar 6-APB online<\/strong> com um processo de encomenda seguro concebido para profissionais de investiga\u00e7\u00e3o.<\/li>\n<\/ul>\n<h3>Aplica\u00e7\u00f5es e instru\u00e7\u00f5es de seguran\u00e7a<\/h3>\n<p>Le <strong>6-APB para investiga\u00e7\u00e3o<\/strong> de <strong>P\u00f3s estupefacientes<\/strong> destina-se a <strong>aplica\u00e7\u00f5es anal\u00edticas e estudos cient\u00edficos<\/strong>. Fornecemos protocolos pormenorizados para uma utiliza\u00e7\u00e3o segura e em conformidade:<\/p>\n<ul>\n<li><strong>Armazenamento seguro<\/strong> Conservar o 6-APB num local fresco e seco, ao abrigo da luz.<\/li>\n<li><strong>Manuseamento com precau\u00e7\u00f5es<\/strong> Utilizar equipamento de prote\u00e7\u00e3o individual (EPI) e trabalhar em \u00e1reas bem ventiladas.<\/li>\n<li><strong>Utiliza\u00e7\u00e3o estritamente reservada \u00e0 investiga\u00e7\u00e3o<\/strong> Este produto foi concebido para laborat\u00f3rios e investigadores qualificados que trabalham em ambientes controlados.<\/li>\n<\/ul>\n<h3>Encomendar 6-APB de elevada pureza para os seus estudos cient\u00edficos<\/h3>\n<p>Com <strong>P\u00f3s estupefacientes<\/strong>beneficiar de <strong>fornecimento fi\u00e1vel de 6-APB para aplica\u00e7\u00f5es laboratoriais<\/strong>. <strong>Contactar-nos<\/strong> para um or\u00e7amento ou para saber mais sobre a nossa gama de produtos para investiga\u00e7\u00e3o cient\u00edfica.<\/p>\n<p>&nbsp;<\/p>","protected":false},"excerpt":{"rendered":"<p>Acheter 6APB en ligne 6-(2-aminopropyl) APB 6-En tant qu&rsquo;entactog\u00e8ne synth\u00e9tique bien connu appartenant aux classes chimiques de la ph\u00e9n\u00e9thylamine et du benzofurane, le benzofurane (\u00e9galement connu sous le nom de 6-APB ou sous le nom de marque Benzofury) produit une gamme puissante et durable d&rsquo;effets entactog\u00e8nes typiques de type MDA lorsqu&rsquo;il est administr\u00e9, notamment la&hellip;<\/p>","protected":false},"featured_media":6153,"comment_status":"closed","ping_status":"closed","template":"","meta":{"_joinchat":[]},"product_cat":[558,751],"product_tag":[],"class_list":{"0":"post-4950","1":"product","2":"type-product","3":"status-publish","4":"has-post-thumbnail","6":"product_cat-chimiques-de-recherche","7":"product_cat-stimulants","9":"first","10":"instock","11":"shipping-taxable","12":"purchasable","13":"product-type-variable","14":"col-xs-6 col-sm-4","15":"col-md-3 col-lg-3","16":"un-4-cols"},"yoast_head":"<!-- This site is optimized with the Yoast SEO plugin v23.8 - https:\/\/yoast.com\/wordpress\/plugins\/seo\/ -->\n<title>&quot;Acheter 6-APB | Poudres de Narco&quot;<\/title>\n<meta name=\"description\" content=\"Poudres de Narco, fournisseur de 6-APB pour applications scientifiques en laboratoire. Puret\u00e9 et s\u00e9curit\u00e9 garanties pour recherches scientifiques.\" \/>\n<meta name=\"robots\" content=\"index, follow, max-snippet:-1, max-image-preview:large, max-video-preview:-1\" \/>\n<link rel=\"canonical\" href=\"https:\/\/poudresdenarco.com\/pt\/produto\/6apb\/\" \/>\n<meta property=\"og:locale\" content=\"pt_PT\" \/>\n<meta property=\"og:type\" content=\"article\" \/>\n<meta property=\"og:title\" content=\"&quot;Acheter 6-APB | Poudres de Narco&quot;\" \/>\n<meta property=\"og:description\" content=\"Poudres de Narco, fournisseur de 6-APB pour applications scientifiques en laboratoire. Puret\u00e9 et s\u00e9curit\u00e9 garanties pour recherches scientifiques.\" \/>\n<meta property=\"og:url\" content=\"https:\/\/poudresdenarco.com\/pt\/produto\/6apb\/\" \/>\n<meta property=\"og:site_name\" content=\"Poudresde Narco\" \/>\n<meta property=\"article:modified_time\" content=\"2024-12-23T09:56:20+00:00\" \/>\n<meta property=\"og:image\" content=\"https:\/\/poudresdenarco.com\/wp-content\/uploads\/2024\/10\/6apb.gif\" \/>\n\t<meta property=\"og:image:width\" content=\"600\" \/>\n\t<meta property=\"og:image:height\" content=\"600\" \/>\n\t<meta property=\"og:image:type\" content=\"image\/gif\" \/>\n<meta name=\"twitter:card\" content=\"summary_large_image\" \/>\n<meta name=\"twitter:label1\" content=\"Tempo estimado de leitura\" \/>\n\t<meta name=\"twitter:data1\" content=\"3 minutos\" \/>\n<script type=\"application\/ld+json\" class=\"yoast-schema-graph\">{\"@context\":\"https:\/\/schema.org\",\"@graph\":[{\"@type\":\"WebPage\",\"@id\":\"https:\/\/poudresdenarco.com\/produit\/6apb\/\",\"url\":\"https:\/\/poudresdenarco.com\/produit\/6apb\/\",\"name\":\"\\\"Acheter 6-APB | Poudres de Narco\\\"\",\"isPartOf\":{\"@id\":\"https:\/\/poudresdenarco.com\/#website\"},\"primaryImageOfPage\":{\"@id\":\"https:\/\/poudresdenarco.com\/produit\/6apb\/#primaryimage\"},\"image\":{\"@id\":\"https:\/\/poudresdenarco.com\/produit\/6apb\/#primaryimage\"},\"thumbnailUrl\":\"https:\/\/poudresdenarco.com\/wp-content\/uploads\/2024\/10\/6apb.gif\",\"datePublished\":\"2024-10-16T11:22:27+00:00\",\"dateModified\":\"2024-12-23T09:56:20+00:00\",\"description\":\"Poudres de Narco, fournisseur de 6-APB pour applications scientifiques en laboratoire. Puret\u00e9 et s\u00e9curit\u00e9 garanties pour recherches scientifiques.\",\"breadcrumb\":{\"@id\":\"https:\/\/poudresdenarco.com\/produit\/6apb\/#breadcrumb\"},\"inLanguage\":\"pt-PT\",\"potentialAction\":[{\"@type\":\"ReadAction\",\"target\":[\"https:\/\/poudresdenarco.com\/produit\/6apb\/\"]}]},{\"@type\":\"ImageObject\",\"inLanguage\":\"pt-PT\",\"@id\":\"https:\/\/poudresdenarco.com\/produit\/6apb\/#primaryimage\",\"url\":\"https:\/\/poudresdenarco.com\/wp-content\/uploads\/2024\/10\/6apb.gif\",\"contentUrl\":\"https:\/\/poudresdenarco.com\/wp-content\/uploads\/2024\/10\/6apb.gif\",\"width\":600,\"height\":600,\"caption\":\"6apb\"},{\"@type\":\"BreadcrumbList\",\"@id\":\"https:\/\/poudresdenarco.com\/produit\/6apb\/#breadcrumb\",\"itemListElement\":[{\"@type\":\"ListItem\",\"position\":1,\"name\":\"Home\",\"item\":\"https:\/\/poudresdenarco.com\/\"},{\"@type\":\"ListItem\",\"position\":2,\"name\":\"Boutique\",\"item\":\"https:\/\/poudresdenarco.com\/boutique\/\"},{\"@type\":\"ListItem\",\"position\":3,\"name\":\"6apb\"}]},{\"@type\":\"WebSite\",\"@id\":\"https:\/\/poudresdenarco.com\/#website\",\"url\":\"https:\/\/poudresdenarco.com\/\",\"name\":\"Poudresde Narco\",\"description\":\"Acheter de la coca\u00efne et de l&#039;h\u00e9ro\u00efne en ligne\",\"potentialAction\":[{\"@type\":\"SearchAction\",\"target\":{\"@type\":\"EntryPoint\",\"urlTemplate\":\"https:\/\/poudresdenarco.com\/?s={search_term_string}\"},\"query-input\":{\"@type\":\"PropertyValueSpecification\",\"valueRequired\":true,\"valueName\":\"search_term_string\"}}],\"inLanguage\":\"pt-PT\"}]}<\/script>\n<!-- \/ Yoast SEO plugin. -->","yoast_head_json":{"title":"\"Acheter 6-APB | Poudres de Narco\"","description":"Poudres de Narco, fournisseur de 6-APB pour applications scientifiques en laboratoire. Puret\u00e9 et s\u00e9curit\u00e9 garanties pour recherches scientifiques.","robots":{"index":"index","follow":"follow","max-snippet":"max-snippet:-1","max-image-preview":"max-image-preview:large","max-video-preview":"max-video-preview:-1"},"canonical":"https:\/\/poudresdenarco.com\/pt\/produto\/6apb\/","og_locale":"pt_PT","og_type":"article","og_title":"\"Acheter 6-APB | Poudres de Narco\"","og_description":"Poudres de Narco, fournisseur de 6-APB pour applications scientifiques en laboratoire. Puret\u00e9 et s\u00e9curit\u00e9 garanties pour recherches scientifiques.","og_url":"https:\/\/poudresdenarco.com\/pt\/produto\/6apb\/","og_site_name":"Poudresde Narco","article_modified_time":"2024-12-23T09:56:20+00:00","og_image":[{"width":600,"height":600,"url":"https:\/\/poudresdenarco.com\/wp-content\/uploads\/2024\/10\/6apb.gif","type":"image\/gif"}],"twitter_card":"summary_large_image","twitter_misc":{"Tempo estimado de leitura":"3 minutos"},"schema":{"@context":"https:\/\/schema.org","@graph":[{"@type":"WebPage","@id":"https:\/\/poudresdenarco.com\/produit\/6apb\/","url":"https:\/\/poudresdenarco.com\/produit\/6apb\/","name":"\"Acheter 6-APB | Poudres de Narco\"","isPartOf":{"@id":"https:\/\/poudresdenarco.com\/#website"},"primaryImageOfPage":{"@id":"https:\/\/poudresdenarco.com\/produit\/6apb\/#primaryimage"},"image":{"@id":"https:\/\/poudresdenarco.com\/produit\/6apb\/#primaryimage"},"thumbnailUrl":"https:\/\/poudresdenarco.com\/wp-content\/uploads\/2024\/10\/6apb.gif","datePublished":"2024-10-16T11:22:27+00:00","dateModified":"2024-12-23T09:56:20+00:00","description":"Poudres de Narco, fournisseur de 6-APB pour applications scientifiques en laboratoire. Puret\u00e9 et s\u00e9curit\u00e9 garanties pour recherches scientifiques.","breadcrumb":{"@id":"https:\/\/poudresdenarco.com\/produit\/6apb\/#breadcrumb"},"inLanguage":"pt-PT","potentialAction":[{"@type":"ReadAction","target":["https:\/\/poudresdenarco.com\/produit\/6apb\/"]}]},{"@type":"ImageObject","inLanguage":"pt-PT","@id":"https:\/\/poudresdenarco.com\/produit\/6apb\/#primaryimage","url":"https:\/\/poudresdenarco.com\/wp-content\/uploads\/2024\/10\/6apb.gif","contentUrl":"https:\/\/poudresdenarco.com\/wp-content\/uploads\/2024\/10\/6apb.gif","width":600,"height":600,"caption":"6apb"},{"@type":"BreadcrumbList","@id":"https:\/\/poudresdenarco.com\/produit\/6apb\/#breadcrumb","itemListElement":[{"@type":"ListItem","position":1,"name":"Home","item":"https:\/\/poudresdenarco.com\/"},{"@type":"ListItem","position":2,"name":"Boutique","item":"https:\/\/poudresdenarco.com\/boutique\/"},{"@type":"ListItem","position":3,"name":"6apb"}]},{"@type":"WebSite","@id":"https:\/\/poudresdenarco.com\/#website","url":"https:\/\/poudresdenarco.com\/","name":"Poudresde Narco","description":"Acheter de la coca\u00efne et de l&#039;h\u00e9ro\u00efne en ligne","potentialAction":[{"@type":"SearchAction","target":{"@type":"EntryPoint","urlTemplate":"https:\/\/poudresdenarco.com\/?s={search_term_string}"},"query-input":{"@type":"PropertyValueSpecification","valueRequired":true,"valueName":"search_term_string"}}],"inLanguage":"pt-PT"}]}},"_links":{"self":[{"href":"https:\/\/poudresdenarco.com\/pt\/wp-json\/wp\/v2\/product\/4950","targetHints":{"allow":["GET"]}}],"collection":[{"href":"https:\/\/poudresdenarco.com\/pt\/wp-json\/wp\/v2\/product"}],"about":[{"href":"https:\/\/poudresdenarco.com\/pt\/wp-json\/wp\/v2\/types\/product"}],"replies":[{"embeddable":true,"href":"https:\/\/poudresdenarco.com\/pt\/wp-json\/wp\/v2\/comments?post=4950"}],"wp:featuredmedia":[{"embeddable":true,"href":"https:\/\/poudresdenarco.com\/pt\/wp-json\/wp\/v2\/media\/6153"}],"wp:attachment":[{"href":"https:\/\/poudresdenarco.com\/pt\/wp-json\/wp\/v2\/media?parent=4950"}],"wp:term":[{"taxonomy":"product_cat","embeddable":true,"href":"https:\/\/poudresdenarco.com\/pt\/wp-json\/wp\/v2\/product_cat?post=4950"},{"taxonomy":"product_tag","embeddable":true,"href":"https:\/\/poudresdenarco.com\/pt\/wp-json\/wp\/v2\/product_tag?post=4950"}],"curies":[{"name":"wp","href":"https:\/\/api.w.org\/{rel}","templated":true}]}}