{"id":4951,"date":"2024-10-16T11:22:28","date_gmt":"2024-10-16T11:22:28","guid":{"rendered":"https:\/\/poudresdenarco.com\/?post_type=product&#038;p=4951"},"modified":"2024-11-05T08:42:21","modified_gmt":"2024-11-05T08:42:21","slug":"lsd","status":"publish","type":"product","link":"https:\/\/poudresdenarco.com\/pt\/produto\/lsd\/","title":{"rendered":"LSD"},"content":{"rendered":"<h2>Comprar LSD em p\u00f3 online<\/h2>\n<p>Gotas de <a href=\"https:\/\/poudresdenarco.com\/pt\/produto\/lsd\/\">LSD<\/a> (dietilamida do \u00e1cido lis\u00e9rgico) papel de mata-borr\u00e3o LSD (dietilamida do \u00e1cido lis\u00e9rgico) P\u00f3 de sal\/ papel de mata-borr\u00e3o<\/p>\n<h3>C20H25N3O \u00e9 a f\u00f3rmula<a href=\"https:\/\/legitgrams.com\/product\/bolivia-cocaine\/\">.<\/a><\/h3>\n<p>Identifica\u00e7\u00e3o IUPAC: 6aR,9R-[4,3-fg] N,N-dietil-7-metil-4,6,6a,7,8,9-hexahidroindolo-Nine-carboxamida quinolina<\/p>\n<p>Densidade aparente: 323,43 g\/mol<\/p>\n<p>\u00b0C \u00e9 o ponto de fus\u00e3o.<\/p>\n<p>N\u00famero CAS: 50-37-3<\/p>\n<p>O \u00e1cido, ou dietilamida do \u00e1cido lis\u00e9rgico, \u00e9 uma subst\u00e2ncia psicad\u00e9lica conhecida pelas suas propriedades alucinog\u00e9nias. Wikip\u00e9dia<\/p>\n<p>C20H25N3O \u00e9 a f\u00f3rmula.<\/p>\n<p>Identifica\u00e7\u00e3o IUPAC: 6aR,9R-[4,3-fg] N,N-dietil-7-metil-4,6,6a,7,8,9-hexa-hidroindolo; quinolina nove-carboxamida<\/p>\n<p>Densidade aparente: 323,43 g\/mol<\/p>\n<p>\u00b0C \u00e9 o ponto de fus\u00e3o.<\/p>\n<p>N\u00famero CAS: 50-37-3<\/p>\n<h3><strong>Comprar LSD de alta pureza para investiga\u00e7\u00e3o - Narco Powders<\/strong><\/h3>\n<p><strong>P\u00f3s estupefacientes<\/strong> \u00e9 o seu fornecedor de confian\u00e7a para <strong>LSD de qualidade para investiga\u00e7\u00e3o<\/strong>especialmente concebido para <strong>aplica\u00e7\u00f5es em laborat\u00f3rios cient\u00edficos<\/strong>. O nosso LSD \u00e9 produzido segundo normas rigorosas de pureza e qualidade, garantindo resultados fi\u00e1veis para os investigadores em qu\u00edmica e farmacologia.<\/p>\n<h3>Porqu\u00ea escolher o LSD de Poudres de Narco?<\/h3>\n<p>Como <strong>fornecedor de LSD para investiga\u00e7\u00e3o<\/strong>, <strong>P\u00f3s estupefacientes<\/strong> garante produtos que foram rigorosamente testados e que cumprem os requisitos <strong>laborat\u00f3rios certificados<\/strong> :<\/p>\n<ul>\n<li><strong>LSD de alta pureza para laborat\u00f3rios<\/strong> Cada lote \u00e9 cuidadosamente testado para garantir uma pureza \u00f3ptima, essencial para <strong>aplica\u00e7\u00f5es cient\u00edficas espec\u00edficas<\/strong>.<\/li>\n<li><strong>Qualidade fi\u00e1vel e consistente<\/strong> O nosso LSD \u00e9 formulado para proporcionar um desempenho est\u00e1vel e fi\u00e1vel, ideal para <strong>estudos anal\u00edticos e investiga\u00e7\u00e3o laboratorial<\/strong>.<\/li>\n<li><strong>Encomendas online seguras<\/strong> : <strong>P\u00f3s estupefacientes<\/strong> simplifica<strong>comprar LSD online<\/strong>Um processo seguro que responde \u00e0s exig\u00eancias dos profissionais da investiga\u00e7\u00e3o.<\/li>\n<\/ul>\n<h3>Aplica\u00e7\u00f5es e instru\u00e7\u00f5es de seguran\u00e7a<\/h3>\n<p>Le <strong>LSD para investiga\u00e7\u00e3o<\/strong> de <strong>P\u00f3s estupefacientes<\/strong> destina-se a <strong>aplica\u00e7\u00f5es anal\u00edticas e estudos cient\u00edficos<\/strong>. Para garantir uma utiliza\u00e7\u00e3o correta, fornecemos instru\u00e7\u00f5es de seguran\u00e7a :<\/p>\n<ul>\n<li><strong>Armazenamento seguro<\/strong> Armazena o LSD num local fresco e seco, ao abrigo da luz, para preservar a sua qualidade.<\/li>\n<li><strong>Manuseamento com precau\u00e7\u00f5es<\/strong> Utilizar equipamento de prote\u00e7\u00e3o individual (EPI) e trabalhar num ambiente bem ventilado para garantir a seguran\u00e7a.<\/li>\n<li><strong>Utiliza\u00e7\u00e3o estritamente reservada \u00e0 investiga\u00e7\u00e3o<\/strong> Este produto destina-se exclusivamente a investigadores qualificados e a laborat\u00f3rios certificados.<\/li>\n<\/ul>\n<h3>Encomende LSD de alta pureza para os seus estudos cient\u00edficos<\/h3>\n<p>Com <strong>P\u00f3s estupefacientes<\/strong>beneficiar de <strong>fornecimento fi\u00e1vel de LSD para aplica\u00e7\u00f5es laboratoriais<\/strong>. Os nossos elevados padr\u00f5es de qualidade e seguran\u00e7a tornam <strong>P\u00f3s estupefacientes<\/strong> a escolha de confian\u00e7a dos profissionais de investiga\u00e7\u00e3o. <strong>Contactar-nos<\/strong> para um or\u00e7amento ou para saber mais sobre a nossa gama de produtos de elevada pureza para investiga\u00e7\u00e3o cient\u00edfica.<\/p>","protected":false},"excerpt":{"rendered":"<p>Acheter LSD en poudre en ligne Gouttes de LSD (di\u00e9thylamide d&rsquo;acide lysergique) buvard LSD (di\u00e9thylamide d&rsquo;acide lysergique) Poudre de sel\/papier buvard C20H25N3O est la formule. ID IUPAC\u00a0: 6aR,9R- [4,3-fg] N,N-di\u00e9thyl-7-m\u00e9thyl-4,6,6a,7,8,9-hexahydroindolo- Nine-carboxamide quinol\u00e9ine Densit\u00e9 apparente\u00a0: 323,43 g\/mol \u00b0C est le point de fusion. Num\u00e9ro CAS\u00a0: 50-37-3 L&rsquo;acide, ou acide lysergique di\u00e9thylamide, est une substance psych\u00e9d\u00e9lique bien&hellip;<\/p>","protected":false},"featured_media":6172,"comment_status":"closed","ping_status":"closed","template":"","meta":{"_joinchat":[]},"product_cat":[558],"product_tag":[],"class_list":{"0":"post-4951","1":"product","2":"type-product","3":"status-publish","4":"has-post-thumbnail","6":"product_cat-chimiques-de-recherche","8":"first","9":"instock","10":"shipping-taxable","11":"purchasable","12":"product-type-variable","13":"col-xs-6 col-sm-4","14":"col-md-3 col-lg-3","15":"un-4-cols"},"yoast_head":"<!-- This site is optimized with the Yoast SEO plugin v23.8 - https:\/\/yoast.com\/wordpress\/plugins\/seo\/ -->\n<title>Acheter LSD pour la Recherche | Poudres de Narco<\/title>\n<meta name=\"description\" content=\"Fournisseur de LSD pour applications scientifiques en laboratoire. Puret\u00e9 et s\u00e9curit\u00e9 garanties pour recherches avanc\u00e9es chez Poudres de Narco.\" \/>\n<meta name=\"robots\" content=\"index, follow, max-snippet:-1, max-image-preview:large, max-video-preview:-1\" \/>\n<link rel=\"canonical\" href=\"https:\/\/poudresdenarco.com\/pt\/produto\/lsd\/\" \/>\n<meta property=\"og:locale\" content=\"pt_PT\" \/>\n<meta property=\"og:type\" content=\"article\" \/>\n<meta property=\"og:title\" content=\"Acheter LSD pour la Recherche | Poudres de Narco\" \/>\n<meta property=\"og:description\" content=\"Fournisseur de LSD pour applications scientifiques en laboratoire. Puret\u00e9 et s\u00e9curit\u00e9 garanties pour recherches avanc\u00e9es chez Poudres de Narco.\" \/>\n<meta property=\"og:url\" content=\"https:\/\/poudresdenarco.com\/pt\/produto\/lsd\/\" \/>\n<meta property=\"og:site_name\" content=\"Poudresde Narco\" \/>\n<meta property=\"article:modified_time\" content=\"2024-11-05T08:42:21+00:00\" \/>\n<meta property=\"og:image\" content=\"https:\/\/poudresdenarco.com\/wp-content\/uploads\/2024\/10\/LSD.gif\" \/>\n\t<meta property=\"og:image:width\" content=\"600\" \/>\n\t<meta property=\"og:image:height\" content=\"600\" \/>\n\t<meta property=\"og:image:type\" content=\"image\/gif\" \/>\n<meta name=\"twitter:card\" content=\"summary_large_image\" \/>\n<meta name=\"twitter:label1\" content=\"Tempo estimado de leitura\" \/>\n\t<meta name=\"twitter:data1\" content=\"2 minutos\" \/>\n<script type=\"application\/ld+json\" class=\"yoast-schema-graph\">{\"@context\":\"https:\/\/schema.org\",\"@graph\":[{\"@type\":\"WebPage\",\"@id\":\"https:\/\/poudresdenarco.com\/produit\/lsd\/\",\"url\":\"https:\/\/poudresdenarco.com\/produit\/lsd\/\",\"name\":\"Acheter LSD pour la Recherche | Poudres de Narco\",\"isPartOf\":{\"@id\":\"https:\/\/poudresdenarco.com\/#website\"},\"primaryImageOfPage\":{\"@id\":\"https:\/\/poudresdenarco.com\/produit\/lsd\/#primaryimage\"},\"image\":{\"@id\":\"https:\/\/poudresdenarco.com\/produit\/lsd\/#primaryimage\"},\"thumbnailUrl\":\"https:\/\/poudresdenarco.com\/wp-content\/uploads\/2024\/10\/LSD.gif\",\"datePublished\":\"2024-10-16T11:22:28+00:00\",\"dateModified\":\"2024-11-05T08:42:21+00:00\",\"description\":\"Fournisseur de LSD pour applications scientifiques en laboratoire. Puret\u00e9 et s\u00e9curit\u00e9 garanties pour recherches avanc\u00e9es chez Poudres de Narco.\",\"breadcrumb\":{\"@id\":\"https:\/\/poudresdenarco.com\/produit\/lsd\/#breadcrumb\"},\"inLanguage\":\"pt-PT\",\"potentialAction\":[{\"@type\":\"ReadAction\",\"target\":[\"https:\/\/poudresdenarco.com\/produit\/lsd\/\"]}]},{\"@type\":\"ImageObject\",\"inLanguage\":\"pt-PT\",\"@id\":\"https:\/\/poudresdenarco.com\/produit\/lsd\/#primaryimage\",\"url\":\"https:\/\/poudresdenarco.com\/wp-content\/uploads\/2024\/10\/LSD.gif\",\"contentUrl\":\"https:\/\/poudresdenarco.com\/wp-content\/uploads\/2024\/10\/LSD.gif\",\"width\":600,\"height\":600,\"caption\":\"LSD\"},{\"@type\":\"BreadcrumbList\",\"@id\":\"https:\/\/poudresdenarco.com\/produit\/lsd\/#breadcrumb\",\"itemListElement\":[{\"@type\":\"ListItem\",\"position\":1,\"name\":\"Home\",\"item\":\"https:\/\/poudresdenarco.com\/\"},{\"@type\":\"ListItem\",\"position\":2,\"name\":\"Boutique\",\"item\":\"https:\/\/poudresdenarco.com\/boutique\/\"},{\"@type\":\"ListItem\",\"position\":3,\"name\":\"LSD\"}]},{\"@type\":\"WebSite\",\"@id\":\"https:\/\/poudresdenarco.com\/#website\",\"url\":\"https:\/\/poudresdenarco.com\/\",\"name\":\"Poudresde Narco\",\"description\":\"Acheter de la coca\u00efne et de l&#039;h\u00e9ro\u00efne en ligne\",\"potentialAction\":[{\"@type\":\"SearchAction\",\"target\":{\"@type\":\"EntryPoint\",\"urlTemplate\":\"https:\/\/poudresdenarco.com\/?s={search_term_string}\"},\"query-input\":{\"@type\":\"PropertyValueSpecification\",\"valueRequired\":true,\"valueName\":\"search_term_string\"}}],\"inLanguage\":\"pt-PT\"}]}<\/script>\n<!-- \/ Yoast SEO plugin. -->","yoast_head_json":{"title":"Acheter LSD pour la Recherche | Poudres de Narco","description":"Fournisseur de LSD pour applications scientifiques en laboratoire. Puret\u00e9 et s\u00e9curit\u00e9 garanties pour recherches avanc\u00e9es chez Poudres de Narco.","robots":{"index":"index","follow":"follow","max-snippet":"max-snippet:-1","max-image-preview":"max-image-preview:large","max-video-preview":"max-video-preview:-1"},"canonical":"https:\/\/poudresdenarco.com\/pt\/produto\/lsd\/","og_locale":"pt_PT","og_type":"article","og_title":"Acheter LSD pour la Recherche | Poudres de Narco","og_description":"Fournisseur de LSD pour applications scientifiques en laboratoire. Puret\u00e9 et s\u00e9curit\u00e9 garanties pour recherches avanc\u00e9es chez Poudres de Narco.","og_url":"https:\/\/poudresdenarco.com\/pt\/produto\/lsd\/","og_site_name":"Poudresde Narco","article_modified_time":"2024-11-05T08:42:21+00:00","og_image":[{"width":600,"height":600,"url":"https:\/\/poudresdenarco.com\/wp-content\/uploads\/2024\/10\/LSD.gif","type":"image\/gif"}],"twitter_card":"summary_large_image","twitter_misc":{"Tempo estimado de leitura":"2 minutos"},"schema":{"@context":"https:\/\/schema.org","@graph":[{"@type":"WebPage","@id":"https:\/\/poudresdenarco.com\/produit\/lsd\/","url":"https:\/\/poudresdenarco.com\/produit\/lsd\/","name":"Acheter LSD pour la Recherche | Poudres de Narco","isPartOf":{"@id":"https:\/\/poudresdenarco.com\/#website"},"primaryImageOfPage":{"@id":"https:\/\/poudresdenarco.com\/produit\/lsd\/#primaryimage"},"image":{"@id":"https:\/\/poudresdenarco.com\/produit\/lsd\/#primaryimage"},"thumbnailUrl":"https:\/\/poudresdenarco.com\/wp-content\/uploads\/2024\/10\/LSD.gif","datePublished":"2024-10-16T11:22:28+00:00","dateModified":"2024-11-05T08:42:21+00:00","description":"Fournisseur de LSD pour applications scientifiques en laboratoire. Puret\u00e9 et s\u00e9curit\u00e9 garanties pour recherches avanc\u00e9es chez Poudres de Narco.","breadcrumb":{"@id":"https:\/\/poudresdenarco.com\/produit\/lsd\/#breadcrumb"},"inLanguage":"pt-PT","potentialAction":[{"@type":"ReadAction","target":["https:\/\/poudresdenarco.com\/produit\/lsd\/"]}]},{"@type":"ImageObject","inLanguage":"pt-PT","@id":"https:\/\/poudresdenarco.com\/produit\/lsd\/#primaryimage","url":"https:\/\/poudresdenarco.com\/wp-content\/uploads\/2024\/10\/LSD.gif","contentUrl":"https:\/\/poudresdenarco.com\/wp-content\/uploads\/2024\/10\/LSD.gif","width":600,"height":600,"caption":"LSD"},{"@type":"BreadcrumbList","@id":"https:\/\/poudresdenarco.com\/produit\/lsd\/#breadcrumb","itemListElement":[{"@type":"ListItem","position":1,"name":"Home","item":"https:\/\/poudresdenarco.com\/"},{"@type":"ListItem","position":2,"name":"Boutique","item":"https:\/\/poudresdenarco.com\/boutique\/"},{"@type":"ListItem","position":3,"name":"LSD"}]},{"@type":"WebSite","@id":"https:\/\/poudresdenarco.com\/#website","url":"https:\/\/poudresdenarco.com\/","name":"Poudresde Narco","description":"Acheter de la coca\u00efne et de l&#039;h\u00e9ro\u00efne en ligne","potentialAction":[{"@type":"SearchAction","target":{"@type":"EntryPoint","urlTemplate":"https:\/\/poudresdenarco.com\/?s={search_term_string}"},"query-input":{"@type":"PropertyValueSpecification","valueRequired":true,"valueName":"search_term_string"}}],"inLanguage":"pt-PT"}]}},"_links":{"self":[{"href":"https:\/\/poudresdenarco.com\/pt\/wp-json\/wp\/v2\/product\/4951","targetHints":{"allow":["GET"]}}],"collection":[{"href":"https:\/\/poudresdenarco.com\/pt\/wp-json\/wp\/v2\/product"}],"about":[{"href":"https:\/\/poudresdenarco.com\/pt\/wp-json\/wp\/v2\/types\/product"}],"replies":[{"embeddable":true,"href":"https:\/\/poudresdenarco.com\/pt\/wp-json\/wp\/v2\/comments?post=4951"}],"wp:featuredmedia":[{"embeddable":true,"href":"https:\/\/poudresdenarco.com\/pt\/wp-json\/wp\/v2\/media\/6172"}],"wp:attachment":[{"href":"https:\/\/poudresdenarco.com\/pt\/wp-json\/wp\/v2\/media?parent=4951"}],"wp:term":[{"taxonomy":"product_cat","embeddable":true,"href":"https:\/\/poudresdenarco.com\/pt\/wp-json\/wp\/v2\/product_cat?post=4951"},{"taxonomy":"product_tag","embeddable":true,"href":"https:\/\/poudresdenarco.com\/pt\/wp-json\/wp\/v2\/product_tag?post=4951"}],"curies":[{"name":"wp","href":"https:\/\/api.w.org\/{rel}","templated":true}]}}