{"id":5078,"date":"2024-10-16T11:24:40","date_gmt":"2024-10-16T11:24:40","guid":{"rendered":"https:\/\/poudresdenarco.com\/?post_type=product&#038;p=5078"},"modified":"2024-12-23T09:49:33","modified_gmt":"2024-12-23T09:49:33","slug":"adbb","status":"publish","type":"product","link":"https:\/\/poudresdenarco.com\/pt\/produto\/adbb\/","title":{"rendered":"ADBB"},"content":{"rendered":"<h2><strong>Comprar ADBB de elevada pureza para investiga\u00e7\u00e3o <a href=\"https:\/\/cokebricks.com\/product\/5f-emb\/\">&#8211;<\/a> P\u00f3s estupefacientes<\/strong><\/h2>\n<p><strong>P\u00f3s estupefacientes<\/strong> \u00e9 o seu fornecedor de confian\u00e7a para<strong>Investiga\u00e7\u00e3o sobre a qualidade do ADBB<\/strong> (ADB-Butinaca), concebido especificamente para <strong>aplica\u00e7\u00f5es em laborat\u00f3rios cient\u00edficos<\/strong>. O nosso ADBB \u00e9 produzido de acordo com normas rigorosas de pureza e qualidade, garantindo resultados fi\u00e1veis para os investigadores em qu\u00edmica e farmacologia.<a href=\"https:\/\/poudresdenarco.com\/pt\/\"> Comprar ADBB.<\/a><\/p>\n<h3>Porqu\u00ea escolher a ADBB de Poudres de Narco?<\/h3>\n<p>Como <strong>fornecedor de ADBB para investiga\u00e7\u00e3o<\/strong>, <strong>P\u00f3s estupefacientes<\/strong> est\u00e1 empenhada em oferecer produtos rigorosamente testados e adaptados \u00e0s necessidades dos seus clientes. <strong>laborat\u00f3rios certificados<\/strong> :<\/p>\n<ul>\n<li><strong>ADBB de elevada pureza para laborat\u00f3rios<\/strong> Cada lote \u00e9 rigorosamente testado para garantir uma pureza \u00f3ptima, essencial para <strong>aplica\u00e7\u00f5es cient\u00edficas espec\u00edficas<\/strong>.<\/li>\n<li><strong>Qualidade consistente e fi\u00e1vel<\/strong> O nosso ADBB \u00e9 formulado para um desempenho est\u00e1vel, ideal para <strong>estudos anal\u00edticos e investiga\u00e7\u00e3o laboratorial<\/strong>.<\/li>\n<li><strong>Encomendas online seguras<\/strong> : <strong>P\u00f3s estupefacientes<\/strong> oferece um processo simplificado para<strong>comprar ADBB online<\/strong>garantir a seguran\u00e7a e a conformidade dos profissionais da investiga\u00e7\u00e3o.<\/li>\n<\/ul>\n<h3>Aplica\u00e7\u00f5es e instru\u00e7\u00f5es de seguran\u00e7a<\/h3>\n<p>L'<strong>ADBB para a investiga\u00e7\u00e3o<\/strong> de <strong>P\u00f3s estupefacientes<\/strong> destina-se a <strong>aplica\u00e7\u00f5es anal\u00edticas e estudos cient\u00edficos<\/strong>. Para garantir uma utiliza\u00e7\u00e3o correta e segura, fornecemos instru\u00e7\u00f5es de seguran\u00e7a :<\/p>\n<ul>\n<li><strong>Armazenamento seguro<\/strong> Conservar o ADBB num local fresco, seco e ao abrigo da luz para preservar a sua qualidade.<\/li>\n<li><strong>Manuseamento com precau\u00e7\u00f5es<\/strong> Utilizar equipamento de prote\u00e7\u00e3o individual (EPI) e trabalhar num ambiente bem ventilado para garantir a seguran\u00e7a.<\/li>\n<li><strong>Utiliza\u00e7\u00e3o estritamente reservada \u00e0 investiga\u00e7\u00e3o<\/strong> Este produto destina-se exclusivamente a investigadores qualificados e a laborat\u00f3rios certificados.<\/li>\n<\/ul>\n<h3>Encomendar ADBB de elevada pureza para os seus estudos cient\u00edficos<\/h3>\n<p>Com <strong>P\u00f3s estupefacientes<\/strong>beneficiar de <strong>fornecimento fi\u00e1vel de ADBB para aplica\u00e7\u00f5es laboratoriais<\/strong>. Os nossos elevados padr\u00f5es de qualidade e seguran\u00e7a tornam <strong>P\u00f3s estupefacientes<\/strong> a escolha de confian\u00e7a dos profissionais de investiga\u00e7\u00e3o. <strong>Contactar-nos<\/strong> para um or\u00e7amento ou para saber mais sobre a nossa gama de produtos de elevada pureza para investiga\u00e7\u00e3o cient\u00edfica.<\/p>","protected":false},"excerpt":{"rendered":"<p>Acheter de l&rsquo;ADBB de Haute Puret\u00e9 pour la Recherche &#8211; Poudres de Narco Poudres de Narco est votre fournisseur de confiance pour l&rsquo;ADBB de qualit\u00e9 recherche (ADB-Butinaca), con\u00e7u sp\u00e9cifiquement pour des applications scientifiques en laboratoire. Notre ADBB est produit selon des normes strictes de puret\u00e9 et de qualit\u00e9, garantissant des r\u00e9sultats fiables pour les chercheurs&hellip;<\/p>","protected":false},"featured_media":5104,"comment_status":"open","ping_status":"closed","template":"","meta":{"_joinchat":[]},"product_cat":[558,751],"product_tag":[],"class_list":{"0":"post-5078","1":"product","2":"type-product","3":"status-publish","4":"has-post-thumbnail","6":"product_cat-chimiques-de-recherche","7":"product_cat-stimulants","9":"first","10":"instock","11":"shipping-taxable","12":"purchasable","13":"product-type-variable","14":"col-xs-6 col-sm-4","15":"col-md-3 col-lg-3","16":"un-4-cols"},"yoast_head":"<!-- This site is optimized with the Yoast SEO plugin v23.8 - https:\/\/yoast.com\/wordpress\/plugins\/seo\/ -->\n<title>Achetez ADBB en ligne - ADBB \u00e0 vendre - Commandez ADBB<\/title>\n<meta name=\"description\" content=\"Vous pouvez acheter de l&#039;ADBB en ligne aux meilleurs prix dans notre boutique de m\u00e9dicaments en ligne. Nous proposons de l&#039;ADBB bon march\u00e9 et de haute qualit\u00e9 \u00e0 la vente et proposons une livraison dans le monde entier. Vous pouvez commander de n&#039;importe o\u00f9, \u00e0 tout moment.\" \/>\n<meta name=\"robots\" content=\"index, follow, max-snippet:-1, max-image-preview:large, max-video-preview:-1\" \/>\n<link rel=\"canonical\" href=\"https:\/\/poudresdenarco.com\/pt\/produto\/adbb\/\" \/>\n<meta property=\"og:locale\" content=\"pt_PT\" \/>\n<meta property=\"og:type\" content=\"article\" \/>\n<meta property=\"og:title\" content=\"Achetez ADBB en ligne - ADBB \u00e0 vendre - Commandez ADBB\" \/>\n<meta property=\"og:description\" content=\"Vous pouvez acheter de l&#039;ADBB en ligne aux meilleurs prix dans notre boutique de m\u00e9dicaments en ligne. Nous proposons de l&#039;ADBB bon march\u00e9 et de haute qualit\u00e9 \u00e0 la vente et proposons une livraison dans le monde entier. Vous pouvez commander de n&#039;importe o\u00f9, \u00e0 tout moment.\" \/>\n<meta property=\"og:url\" content=\"https:\/\/poudresdenarco.com\/pt\/produto\/adbb\/\" \/>\n<meta property=\"og:site_name\" content=\"Poudresde Narco\" \/>\n<meta property=\"article:modified_time\" content=\"2024-12-23T09:49:33+00:00\" \/>\n<meta property=\"og:image\" content=\"https:\/\/poudresdenarco.com\/wp-content\/uploads\/2024\/10\/ADBB.gif\" \/>\n\t<meta property=\"og:image:width\" content=\"600\" \/>\n\t<meta property=\"og:image:height\" content=\"600\" \/>\n\t<meta property=\"og:image:type\" content=\"image\/gif\" \/>\n<meta name=\"twitter:card\" content=\"summary_large_image\" \/>\n<meta name=\"twitter:label1\" content=\"Tempo estimado de leitura\" \/>\n\t<meta name=\"twitter:data1\" content=\"2 minutos\" \/>\n<script type=\"application\/ld+json\" class=\"yoast-schema-graph\">{\"@context\":\"https:\/\/schema.org\",\"@graph\":[{\"@type\":\"WebPage\",\"@id\":\"https:\/\/poudresdenarco.com\/produit\/adbb\/\",\"url\":\"https:\/\/poudresdenarco.com\/produit\/adbb\/\",\"name\":\"Achetez ADBB en ligne - ADBB \u00e0 vendre - Commandez ADBB\",\"isPartOf\":{\"@id\":\"https:\/\/poudresdenarco.com\/#website\"},\"primaryImageOfPage\":{\"@id\":\"https:\/\/poudresdenarco.com\/produit\/adbb\/#primaryimage\"},\"image\":{\"@id\":\"https:\/\/poudresdenarco.com\/produit\/adbb\/#primaryimage\"},\"thumbnailUrl\":\"https:\/\/poudresdenarco.com\/wp-content\/uploads\/2024\/10\/ADBB.gif\",\"datePublished\":\"2024-10-16T11:24:40+00:00\",\"dateModified\":\"2024-12-23T09:49:33+00:00\",\"description\":\"Vous pouvez acheter de l'ADBB en ligne aux meilleurs prix dans notre boutique de m\u00e9dicaments en ligne. Nous proposons de l'ADBB bon march\u00e9 et de haute qualit\u00e9 \u00e0 la vente et proposons une livraison dans le monde entier. Vous pouvez commander de n'importe o\u00f9, \u00e0 tout moment.\",\"breadcrumb\":{\"@id\":\"https:\/\/poudresdenarco.com\/produit\/adbb\/#breadcrumb\"},\"inLanguage\":\"pt-PT\",\"potentialAction\":[{\"@type\":\"ReadAction\",\"target\":[\"https:\/\/poudresdenarco.com\/produit\/adbb\/\"]}]},{\"@type\":\"ImageObject\",\"inLanguage\":\"pt-PT\",\"@id\":\"https:\/\/poudresdenarco.com\/produit\/adbb\/#primaryimage\",\"url\":\"https:\/\/poudresdenarco.com\/wp-content\/uploads\/2024\/10\/ADBB.gif\",\"contentUrl\":\"https:\/\/poudresdenarco.com\/wp-content\/uploads\/2024\/10\/ADBB.gif\",\"width\":600,\"height\":600},{\"@type\":\"BreadcrumbList\",\"@id\":\"https:\/\/poudresdenarco.com\/produit\/adbb\/#breadcrumb\",\"itemListElement\":[{\"@type\":\"ListItem\",\"position\":1,\"name\":\"Home\",\"item\":\"https:\/\/poudresdenarco.com\/\"},{\"@type\":\"ListItem\",\"position\":2,\"name\":\"Boutique\",\"item\":\"https:\/\/poudresdenarco.com\/boutique\/\"},{\"@type\":\"ListItem\",\"position\":3,\"name\":\"ADBB\"}]},{\"@type\":\"WebSite\",\"@id\":\"https:\/\/poudresdenarco.com\/#website\",\"url\":\"https:\/\/poudresdenarco.com\/\",\"name\":\"Poudresde Narco\",\"description\":\"Acheter de la coca\u00efne et de l&#039;h\u00e9ro\u00efne en ligne\",\"potentialAction\":[{\"@type\":\"SearchAction\",\"target\":{\"@type\":\"EntryPoint\",\"urlTemplate\":\"https:\/\/poudresdenarco.com\/?s={search_term_string}\"},\"query-input\":{\"@type\":\"PropertyValueSpecification\",\"valueRequired\":true,\"valueName\":\"search_term_string\"}}],\"inLanguage\":\"pt-PT\"}]}<\/script>\n<!-- \/ Yoast SEO plugin. -->","yoast_head_json":{"title":"Achetez ADBB en ligne - ADBB \u00e0 vendre - Commandez ADBB","description":"Vous pouvez acheter de l'ADBB en ligne aux meilleurs prix dans notre boutique de m\u00e9dicaments en ligne. Nous proposons de l'ADBB bon march\u00e9 et de haute qualit\u00e9 \u00e0 la vente et proposons une livraison dans le monde entier. Vous pouvez commander de n'importe o\u00f9, \u00e0 tout moment.","robots":{"index":"index","follow":"follow","max-snippet":"max-snippet:-1","max-image-preview":"max-image-preview:large","max-video-preview":"max-video-preview:-1"},"canonical":"https:\/\/poudresdenarco.com\/pt\/produto\/adbb\/","og_locale":"pt_PT","og_type":"article","og_title":"Achetez ADBB en ligne - ADBB \u00e0 vendre - Commandez ADBB","og_description":"Vous pouvez acheter de l'ADBB en ligne aux meilleurs prix dans notre boutique de m\u00e9dicaments en ligne. Nous proposons de l'ADBB bon march\u00e9 et de haute qualit\u00e9 \u00e0 la vente et proposons une livraison dans le monde entier. Vous pouvez commander de n'importe o\u00f9, \u00e0 tout moment.","og_url":"https:\/\/poudresdenarco.com\/pt\/produto\/adbb\/","og_site_name":"Poudresde Narco","article_modified_time":"2024-12-23T09:49:33+00:00","og_image":[{"width":600,"height":600,"url":"https:\/\/poudresdenarco.com\/wp-content\/uploads\/2024\/10\/ADBB.gif","type":"image\/gif"}],"twitter_card":"summary_large_image","twitter_misc":{"Tempo estimado de leitura":"2 minutos"},"schema":{"@context":"https:\/\/schema.org","@graph":[{"@type":"WebPage","@id":"https:\/\/poudresdenarco.com\/produit\/adbb\/","url":"https:\/\/poudresdenarco.com\/produit\/adbb\/","name":"Achetez ADBB en ligne - ADBB \u00e0 vendre - Commandez ADBB","isPartOf":{"@id":"https:\/\/poudresdenarco.com\/#website"},"primaryImageOfPage":{"@id":"https:\/\/poudresdenarco.com\/produit\/adbb\/#primaryimage"},"image":{"@id":"https:\/\/poudresdenarco.com\/produit\/adbb\/#primaryimage"},"thumbnailUrl":"https:\/\/poudresdenarco.com\/wp-content\/uploads\/2024\/10\/ADBB.gif","datePublished":"2024-10-16T11:24:40+00:00","dateModified":"2024-12-23T09:49:33+00:00","description":"Vous pouvez acheter de l'ADBB en ligne aux meilleurs prix dans notre boutique de m\u00e9dicaments en ligne. Nous proposons de l'ADBB bon march\u00e9 et de haute qualit\u00e9 \u00e0 la vente et proposons une livraison dans le monde entier. Vous pouvez commander de n'importe o\u00f9, \u00e0 tout moment.","breadcrumb":{"@id":"https:\/\/poudresdenarco.com\/produit\/adbb\/#breadcrumb"},"inLanguage":"pt-PT","potentialAction":[{"@type":"ReadAction","target":["https:\/\/poudresdenarco.com\/produit\/adbb\/"]}]},{"@type":"ImageObject","inLanguage":"pt-PT","@id":"https:\/\/poudresdenarco.com\/produit\/adbb\/#primaryimage","url":"https:\/\/poudresdenarco.com\/wp-content\/uploads\/2024\/10\/ADBB.gif","contentUrl":"https:\/\/poudresdenarco.com\/wp-content\/uploads\/2024\/10\/ADBB.gif","width":600,"height":600},{"@type":"BreadcrumbList","@id":"https:\/\/poudresdenarco.com\/produit\/adbb\/#breadcrumb","itemListElement":[{"@type":"ListItem","position":1,"name":"Home","item":"https:\/\/poudresdenarco.com\/"},{"@type":"ListItem","position":2,"name":"Boutique","item":"https:\/\/poudresdenarco.com\/boutique\/"},{"@type":"ListItem","position":3,"name":"ADBB"}]},{"@type":"WebSite","@id":"https:\/\/poudresdenarco.com\/#website","url":"https:\/\/poudresdenarco.com\/","name":"Poudresde Narco","description":"Acheter de la coca\u00efne et de l&#039;h\u00e9ro\u00efne en ligne","potentialAction":[{"@type":"SearchAction","target":{"@type":"EntryPoint","urlTemplate":"https:\/\/poudresdenarco.com\/?s={search_term_string}"},"query-input":{"@type":"PropertyValueSpecification","valueRequired":true,"valueName":"search_term_string"}}],"inLanguage":"pt-PT"}]}},"_links":{"self":[{"href":"https:\/\/poudresdenarco.com\/pt\/wp-json\/wp\/v2\/product\/5078","targetHints":{"allow":["GET"]}}],"collection":[{"href":"https:\/\/poudresdenarco.com\/pt\/wp-json\/wp\/v2\/product"}],"about":[{"href":"https:\/\/poudresdenarco.com\/pt\/wp-json\/wp\/v2\/types\/product"}],"replies":[{"embeddable":true,"href":"https:\/\/poudresdenarco.com\/pt\/wp-json\/wp\/v2\/comments?post=5078"}],"wp:featuredmedia":[{"embeddable":true,"href":"https:\/\/poudresdenarco.com\/pt\/wp-json\/wp\/v2\/media\/5104"}],"wp:attachment":[{"href":"https:\/\/poudresdenarco.com\/pt\/wp-json\/wp\/v2\/media?parent=5078"}],"wp:term":[{"taxonomy":"product_cat","embeddable":true,"href":"https:\/\/poudresdenarco.com\/pt\/wp-json\/wp\/v2\/product_cat?post=5078"},{"taxonomy":"product_tag","embeddable":true,"href":"https:\/\/poudresdenarco.com\/pt\/wp-json\/wp\/v2\/product_tag?post=5078"}],"curies":[{"name":"wp","href":"https:\/\/api.w.org\/{rel}","templated":true}]}}