{"id":5132,"date":"2024-10-16T11:25:01","date_gmt":"2024-10-16T11:25:01","guid":{"rendered":"https:\/\/poudresdenarco.com\/?post_type=product&#038;p=5132"},"modified":"2024-11-04T12:24:26","modified_gmt":"2024-11-04T12:24:26","slug":"5f-emb","status":"publish","type":"product","link":"https:\/\/poudresdenarco.com\/pt\/produto\/5f-emb\/","title":{"rendered":"5f-EMB"},"content":{"rendered":"<h2><strong>Comprar 5F-EMB de alta pureza para investiga\u00e7\u00e3o - Narc\u00f3ticos em p\u00f3<\/strong><\/h2>\n<p>Em <strong>P\u00f3s estupefacientes<\/strong>fornecemos <strong>5F-EMB de elevada pureza<\/strong> exclusivamente para <strong>aplica\u00e7\u00f5es em laborat\u00f3rios cient\u00edficos<\/strong>. Concebido para responder \u00e0s rigorosas exig\u00eancias da investiga\u00e7\u00e3o, o nosso 5F-EMB garante resultados fi\u00e1veis para investigadores em qu\u00edmica e farmacologia Comprar 5f-EMB<a href=\"https:\/\/legitgrams.com\/de\/produktkategorie\/kokain\/\">.<\/a><\/p>\n<h3>Porqu\u00ea escolher o 5F-EMB de Poudres de Narco?<\/h3>\n<p>Como <strong>fornecedor fi\u00e1vel de 5F-EMB<\/strong>, <strong>P\u00f3s estupefacientes<\/strong> est\u00e1 empenhada em fornecer produtos que foram testados e que cumprem as mais rigorosas normas de qualidade. Os clientes dos nossos laborat\u00f3rios beneficiam de<a href=\"https:\/\/poudresdenarco.com\/pt\/produto\/4-mec\/\">:<\/a><\/p>\n<ul>\n<li><strong>5F-EMB de elevada pureza para laborat\u00f3rios<\/strong> Cada lote \u00e9 rigorosamente testado para garantir uma pureza \u00f3ptima, essencial para <strong>aplica\u00e7\u00f5es cient\u00edficas<\/strong>.<\/li>\n<li><strong>Qualidade consistente e fi\u00e1vel<\/strong> 5F-EMB: Formulado para proporcionar um desempenho est\u00e1vel e fi\u00e1vel, o nosso 5F-EMB \u00e9 ideal para <strong>estudos laboratoriais anal\u00edticos<\/strong>.<\/li>\n<li><strong>Encomendas online seguras<\/strong> : Tornamos mais f\u00e1cil<strong>comprar 5F-EMB online<\/strong>com um processo de encomenda seguro que satisfaz os requisitos dos investigadores.<\/li>\n<\/ul>\n<h3>Aplica\u00e7\u00f5es e instru\u00e7\u00f5es de seguran\u00e7a<\/h3>\n<p>Le <strong>5F-EMB para investiga\u00e7\u00e3o<\/strong> de <strong>P\u00f3s estupefacientes<\/strong> foi concebido para <strong>aplica\u00e7\u00f5es anal\u00edticas e estudos cient\u00edficos<\/strong>. Para garantir uma utiliza\u00e7\u00e3o segura e correta, recomendamos :<\/p>\n<ul>\n<li><strong>Armazenamento seguro<\/strong> Mantenha o 5F-EMB num local fresco, seco e ao abrigo da luz.<\/li>\n<li><strong>Manuseamento com precau\u00e7\u00f5es<\/strong> Utilizar equipamento de prote\u00e7\u00e3o individual (EPI) e trabalhar num ambiente bem ventilado.<\/li>\n<li><strong>Utiliza\u00e7\u00e3o estritamente reservada \u00e0 investiga\u00e7\u00e3o<\/strong> Este produto destina-se a laborat\u00f3rios certificados e a investigadores qualificados.<\/li>\n<\/ul>\n<h4>Encomende 5F-EMB de elevada pureza para os seus estudos cient\u00edficos<\/h4>\n<p>Com <strong>P\u00f3s estupefacientes<\/strong>beneficiar de <strong>fornecimento fi\u00e1vel de 5F-EMB para aplica\u00e7\u00f5es laboratoriais<\/strong>. <strong>Contactar-nos<\/strong> para um or\u00e7amento ou para saber mais sobre a nossa gama de produtos de investiga\u00e7\u00e3o cient\u00edfica.<\/p>","protected":false},"excerpt":{"rendered":"<p>Acheter du 5F-EMB de Haute Puret\u00e9 pour la Recherche &#8211; Poudres de Narco Chez Poudres de Narco, nous fournissons du 5F-EMB de haute puret\u00e9 exclusivement destin\u00e9 aux applications scientifiques en laboratoire. Con\u00e7u pour r\u00e9pondre aux exigences rigoureuses de la recherche, notre 5F-EMB garantit des r\u00e9sultats fiables pour les chercheurs en chimie et pharmacologie Acheter 5f-EMB&hellip;<\/p>","protected":false},"featured_media":5142,"comment_status":"open","ping_status":"closed","template":"","meta":{"_joinchat":[]},"product_cat":[558],"product_tag":[],"class_list":{"0":"post-5132","1":"product","2":"type-product","3":"status-publish","4":"has-post-thumbnail","6":"product_cat-chimiques-de-recherche","8":"first","9":"instock","10":"shipping-taxable","11":"purchasable","12":"product-type-variable","13":"col-xs-6 col-sm-4","14":"col-md-3 col-lg-3","15":"un-4-cols"},"yoast_head":"<!-- This site is optimized with the Yoast SEO plugin v23.8 - https:\/\/yoast.com\/wordpress\/plugins\/seo\/ -->\n<title>Achetez 5F-EMB en ligne - 5F-EMB \u00e0 vendre<\/title>\n<meta name=\"description\" content=\"Vous souhaitez approfondir vos recherches ? Achetez 5F-EMB en ligne de mani\u00e8re pratique et s\u00e9curis\u00e9e, gr\u00e2ce \u00e0 un processus de commande simple pour la vente de 5F-EMB. Explorez les possibilit\u00e9s et achetez 5F-EMB pour vos travaux de recherche d\u00e8s aujourd&#039;hui. Acheter 5f-EMB\" \/>\n<meta name=\"robots\" content=\"index, follow, max-snippet:-1, max-image-preview:large, max-video-preview:-1\" \/>\n<link rel=\"canonical\" href=\"https:\/\/poudresdenarco.com\/pt\/produto\/5f-emb\/\" \/>\n<meta property=\"og:locale\" content=\"pt_PT\" \/>\n<meta property=\"og:type\" content=\"article\" \/>\n<meta property=\"og:title\" content=\"Achetez 5F-EMB en ligne - 5F-EMB \u00e0 vendre\" \/>\n<meta property=\"og:description\" content=\"Vous souhaitez approfondir vos recherches ? Achetez 5F-EMB en ligne de mani\u00e8re pratique et s\u00e9curis\u00e9e, gr\u00e2ce \u00e0 un processus de commande simple pour la vente de 5F-EMB. Explorez les possibilit\u00e9s et achetez 5F-EMB pour vos travaux de recherche d\u00e8s aujourd&#039;hui. Acheter 5f-EMB\" \/>\n<meta property=\"og:url\" content=\"https:\/\/poudresdenarco.com\/pt\/produto\/5f-emb\/\" \/>\n<meta property=\"og:site_name\" content=\"Poudresde Narco\" \/>\n<meta property=\"article:modified_time\" content=\"2024-11-04T12:24:26+00:00\" \/>\n<meta property=\"og:image\" content=\"https:\/\/poudresdenarco.com\/wp-content\/uploads\/2024\/10\/5f-EMB.gif\" \/>\n\t<meta property=\"og:image:width\" content=\"600\" \/>\n\t<meta property=\"og:image:height\" content=\"600\" \/>\n\t<meta property=\"og:image:type\" content=\"image\/gif\" \/>\n<meta name=\"twitter:card\" content=\"summary_large_image\" \/>\n<meta name=\"twitter:label1\" content=\"Tempo estimado de leitura\" \/>\n\t<meta name=\"twitter:data1\" content=\"2 minutos\" \/>\n<script type=\"application\/ld+json\" class=\"yoast-schema-graph\">{\"@context\":\"https:\/\/schema.org\",\"@graph\":[{\"@type\":\"WebPage\",\"@id\":\"https:\/\/poudresdenarco.com\/produit\/5f-emb\/\",\"url\":\"https:\/\/poudresdenarco.com\/produit\/5f-emb\/\",\"name\":\"Achetez 5F-EMB en ligne - 5F-EMB \u00e0 vendre\",\"isPartOf\":{\"@id\":\"https:\/\/poudresdenarco.com\/#website\"},\"primaryImageOfPage\":{\"@id\":\"https:\/\/poudresdenarco.com\/produit\/5f-emb\/#primaryimage\"},\"image\":{\"@id\":\"https:\/\/poudresdenarco.com\/produit\/5f-emb\/#primaryimage\"},\"thumbnailUrl\":\"https:\/\/poudresdenarco.com\/wp-content\/uploads\/2024\/10\/5f-EMB.gif\",\"datePublished\":\"2024-10-16T11:25:01+00:00\",\"dateModified\":\"2024-11-04T12:24:26+00:00\",\"description\":\"Vous souhaitez approfondir vos recherches ? Achetez 5F-EMB en ligne de mani\u00e8re pratique et s\u00e9curis\u00e9e, gr\u00e2ce \u00e0 un processus de commande simple pour la vente de 5F-EMB. Explorez les possibilit\u00e9s et achetez 5F-EMB pour vos travaux de recherche d\u00e8s aujourd'hui. Acheter 5f-EMB\",\"breadcrumb\":{\"@id\":\"https:\/\/poudresdenarco.com\/produit\/5f-emb\/#breadcrumb\"},\"inLanguage\":\"pt-PT\",\"potentialAction\":[{\"@type\":\"ReadAction\",\"target\":[\"https:\/\/poudresdenarco.com\/produit\/5f-emb\/\"]}]},{\"@type\":\"ImageObject\",\"inLanguage\":\"pt-PT\",\"@id\":\"https:\/\/poudresdenarco.com\/produit\/5f-emb\/#primaryimage\",\"url\":\"https:\/\/poudresdenarco.com\/wp-content\/uploads\/2024\/10\/5f-EMB.gif\",\"contentUrl\":\"https:\/\/poudresdenarco.com\/wp-content\/uploads\/2024\/10\/5f-EMB.gif\",\"width\":600,\"height\":600},{\"@type\":\"BreadcrumbList\",\"@id\":\"https:\/\/poudresdenarco.com\/produit\/5f-emb\/#breadcrumb\",\"itemListElement\":[{\"@type\":\"ListItem\",\"position\":1,\"name\":\"Home\",\"item\":\"https:\/\/poudresdenarco.com\/\"},{\"@type\":\"ListItem\",\"position\":2,\"name\":\"Boutique\",\"item\":\"https:\/\/poudresdenarco.com\/boutique\/\"},{\"@type\":\"ListItem\",\"position\":3,\"name\":\"5f-EMB\"}]},{\"@type\":\"WebSite\",\"@id\":\"https:\/\/poudresdenarco.com\/#website\",\"url\":\"https:\/\/poudresdenarco.com\/\",\"name\":\"Poudresde Narco\",\"description\":\"Acheter de la coca\u00efne et de l&#039;h\u00e9ro\u00efne en ligne\",\"potentialAction\":[{\"@type\":\"SearchAction\",\"target\":{\"@type\":\"EntryPoint\",\"urlTemplate\":\"https:\/\/poudresdenarco.com\/?s={search_term_string}\"},\"query-input\":{\"@type\":\"PropertyValueSpecification\",\"valueRequired\":true,\"valueName\":\"search_term_string\"}}],\"inLanguage\":\"pt-PT\"}]}<\/script>\n<!-- \/ Yoast SEO plugin. -->","yoast_head_json":{"title":"Achetez 5F-EMB en ligne - 5F-EMB \u00e0 vendre","description":"Vous souhaitez approfondir vos recherches ? Achetez 5F-EMB en ligne de mani\u00e8re pratique et s\u00e9curis\u00e9e, gr\u00e2ce \u00e0 un processus de commande simple pour la vente de 5F-EMB. Explorez les possibilit\u00e9s et achetez 5F-EMB pour vos travaux de recherche d\u00e8s aujourd'hui. Acheter 5f-EMB","robots":{"index":"index","follow":"follow","max-snippet":"max-snippet:-1","max-image-preview":"max-image-preview:large","max-video-preview":"max-video-preview:-1"},"canonical":"https:\/\/poudresdenarco.com\/pt\/produto\/5f-emb\/","og_locale":"pt_PT","og_type":"article","og_title":"Achetez 5F-EMB en ligne - 5F-EMB \u00e0 vendre","og_description":"Vous souhaitez approfondir vos recherches ? Achetez 5F-EMB en ligne de mani\u00e8re pratique et s\u00e9curis\u00e9e, gr\u00e2ce \u00e0 un processus de commande simple pour la vente de 5F-EMB. Explorez les possibilit\u00e9s et achetez 5F-EMB pour vos travaux de recherche d\u00e8s aujourd'hui. Acheter 5f-EMB","og_url":"https:\/\/poudresdenarco.com\/pt\/produto\/5f-emb\/","og_site_name":"Poudresde Narco","article_modified_time":"2024-11-04T12:24:26+00:00","og_image":[{"width":600,"height":600,"url":"https:\/\/poudresdenarco.com\/wp-content\/uploads\/2024\/10\/5f-EMB.gif","type":"image\/gif"}],"twitter_card":"summary_large_image","twitter_misc":{"Tempo estimado de leitura":"2 minutos"},"schema":{"@context":"https:\/\/schema.org","@graph":[{"@type":"WebPage","@id":"https:\/\/poudresdenarco.com\/produit\/5f-emb\/","url":"https:\/\/poudresdenarco.com\/produit\/5f-emb\/","name":"Achetez 5F-EMB en ligne - 5F-EMB \u00e0 vendre","isPartOf":{"@id":"https:\/\/poudresdenarco.com\/#website"},"primaryImageOfPage":{"@id":"https:\/\/poudresdenarco.com\/produit\/5f-emb\/#primaryimage"},"image":{"@id":"https:\/\/poudresdenarco.com\/produit\/5f-emb\/#primaryimage"},"thumbnailUrl":"https:\/\/poudresdenarco.com\/wp-content\/uploads\/2024\/10\/5f-EMB.gif","datePublished":"2024-10-16T11:25:01+00:00","dateModified":"2024-11-04T12:24:26+00:00","description":"Vous souhaitez approfondir vos recherches ? Achetez 5F-EMB en ligne de mani\u00e8re pratique et s\u00e9curis\u00e9e, gr\u00e2ce \u00e0 un processus de commande simple pour la vente de 5F-EMB. Explorez les possibilit\u00e9s et achetez 5F-EMB pour vos travaux de recherche d\u00e8s aujourd'hui. Acheter 5f-EMB","breadcrumb":{"@id":"https:\/\/poudresdenarco.com\/produit\/5f-emb\/#breadcrumb"},"inLanguage":"pt-PT","potentialAction":[{"@type":"ReadAction","target":["https:\/\/poudresdenarco.com\/produit\/5f-emb\/"]}]},{"@type":"ImageObject","inLanguage":"pt-PT","@id":"https:\/\/poudresdenarco.com\/produit\/5f-emb\/#primaryimage","url":"https:\/\/poudresdenarco.com\/wp-content\/uploads\/2024\/10\/5f-EMB.gif","contentUrl":"https:\/\/poudresdenarco.com\/wp-content\/uploads\/2024\/10\/5f-EMB.gif","width":600,"height":600},{"@type":"BreadcrumbList","@id":"https:\/\/poudresdenarco.com\/produit\/5f-emb\/#breadcrumb","itemListElement":[{"@type":"ListItem","position":1,"name":"Home","item":"https:\/\/poudresdenarco.com\/"},{"@type":"ListItem","position":2,"name":"Boutique","item":"https:\/\/poudresdenarco.com\/boutique\/"},{"@type":"ListItem","position":3,"name":"5f-EMB"}]},{"@type":"WebSite","@id":"https:\/\/poudresdenarco.com\/#website","url":"https:\/\/poudresdenarco.com\/","name":"Poudresde Narco","description":"Acheter de la coca\u00efne et de l&#039;h\u00e9ro\u00efne en ligne","potentialAction":[{"@type":"SearchAction","target":{"@type":"EntryPoint","urlTemplate":"https:\/\/poudresdenarco.com\/?s={search_term_string}"},"query-input":{"@type":"PropertyValueSpecification","valueRequired":true,"valueName":"search_term_string"}}],"inLanguage":"pt-PT"}]}},"_links":{"self":[{"href":"https:\/\/poudresdenarco.com\/pt\/wp-json\/wp\/v2\/product\/5132","targetHints":{"allow":["GET"]}}],"collection":[{"href":"https:\/\/poudresdenarco.com\/pt\/wp-json\/wp\/v2\/product"}],"about":[{"href":"https:\/\/poudresdenarco.com\/pt\/wp-json\/wp\/v2\/types\/product"}],"replies":[{"embeddable":true,"href":"https:\/\/poudresdenarco.com\/pt\/wp-json\/wp\/v2\/comments?post=5132"}],"wp:featuredmedia":[{"embeddable":true,"href":"https:\/\/poudresdenarco.com\/pt\/wp-json\/wp\/v2\/media\/5142"}],"wp:attachment":[{"href":"https:\/\/poudresdenarco.com\/pt\/wp-json\/wp\/v2\/media?parent=5132"}],"wp:term":[{"taxonomy":"product_cat","embeddable":true,"href":"https:\/\/poudresdenarco.com\/pt\/wp-json\/wp\/v2\/product_cat?post=5132"},{"taxonomy":"product_tag","embeddable":true,"href":"https:\/\/poudresdenarco.com\/pt\/wp-json\/wp\/v2\/product_tag?post=5132"}],"curies":[{"name":"wp","href":"https:\/\/api.w.org\/{rel}","templated":true}]}}