{"id":5966,"date":"2024-10-16T11:32:10","date_gmt":"2024-10-16T11:32:10","guid":{"rendered":"https:\/\/poudresdenarco.com\/?post_type=product&#038;p=5966"},"modified":"2024-12-23T09:30:09","modified_gmt":"2024-12-23T09:30:09","slug":"mdpv","status":"publish","type":"product","link":"https:\/\/poudresdenarco.com\/pt\/produto\/mdpv\/","title":{"rendered":"MDPV"},"content":{"rendered":"<h2><strong>Comprar MDPV de alta pureza para investiga\u00e7\u00e3o - Narco Powders<\/strong><\/h2>\n<p><strong>P\u00f3s estupefacientes<\/strong> \u00e9 a sua fonte de confian\u00e7a para <strong>MDPV com qualidade de investiga\u00e7\u00e3o<\/strong>concebido exclusivamente para <strong>aplica\u00e7\u00f5es em laborat\u00f3rios cient\u00edficos<\/strong>. O nosso MDPV \u00e9 produzido de acordo com normas rigorosas de pureza e qualidade, oferecendo resultados fi\u00e1veis para investigadores em qu\u00edmica e farmacologia.<\/p>\n<h3>Porqu\u00ea escolher o MDPV de Poudres de Narco?<\/h3>\n<p>Como <strong>Fornecedor de MDPV para investiga\u00e7\u00e3o<\/strong>, <strong>P\u00f3s estupefacientes<\/strong> garante produtos que cumprem com <strong>laborat\u00f3rios certificados<\/strong> :<\/p>\n<ul>\n<li><strong>MDPV de alta pureza para laborat\u00f3rios<\/strong> Cada lote \u00e9 rigorosamente testado para garantir a m\u00e1xima pureza, essencial para <strong>aplica\u00e7\u00f5es cient\u00edficas de precis\u00e3o<\/strong>.<\/li>\n<li><strong>Qualidade consistente e fi\u00e1vel<\/strong> O nosso MDPV \u00e9 formulado para um desempenho est\u00e1vel e fi\u00e1vel, adaptado \u00e0s necessidades de <strong>estudos laboratoriais anal\u00edticos<\/strong>.<\/li>\n<li><strong>Encomendas online seguras<\/strong> : <strong>P\u00f3s estupefacientes<\/strong> simplifica<strong>comprar MDPV online<\/strong>O processo \u00e9 seguro e est\u00e1 em conformidade com as normas de investiga\u00e7\u00e3o.<\/li>\n<\/ul>\n<h3>Aplica\u00e7\u00f5es e instru\u00e7\u00f5es de seguran\u00e7a<\/h3>\n<p>Le <strong>MDPV para investiga\u00e7\u00e3o<\/strong> de <strong>P\u00f3s estupefacientes<\/strong> destina-se a <strong>aplica\u00e7\u00f5es anal\u00edticas e estudos cient\u00edficos<\/strong>. Para garantir uma utiliza\u00e7\u00e3o segura e correta, fornecemos instru\u00e7\u00f5es de seguran\u00e7a pormenorizadas:<\/p>\n<ul>\n<li><strong>Armazenamento seguro<\/strong> Conservar o MDPV num local fresco e seco, ao abrigo da luz, para preservar a sua qualidade.<\/li>\n<li><strong>Manuseamento com precau\u00e7\u00f5es<\/strong> Utilizar equipamento de prote\u00e7\u00e3o individual (EPI) e trabalhar num ambiente bem ventilado para garantir a seguran\u00e7a.<\/li>\n<li><strong>Utiliza\u00e7\u00e3o estritamente reservada \u00e0 investiga\u00e7\u00e3o<\/strong> Este produto destina-se exclusivamente a investigadores qualificados e a laborat\u00f3rios certificados.<\/li>\n<\/ul>\n<h2>Comprar MDPV online<\/h2>\n<p>Le <a href=\"https:\/\/poudresdenarco.com\/pt\/produto\/mdpv\/\">MDPV<\/a> \u00e9 tamb\u00e9m conhecida como metilenodioxipirovalerona.<\/p>\n<p>Trata-se de uma droga sint\u00e9tica originalmente desenvolvida em 1969.<\/p>\n<p>Este \u00e9 um tipo de inibidor da recapta\u00e7\u00e3o dos receptores da dopamina e da noradrenalina.<\/p>\n<p>\u00c9 conhecida por funcionar como uma subst\u00e2ncia psicoactiva e pelas suas propriedades estimulantes. Alguns dos efeitos da droga podem ser: aumento da consci\u00eancia, euforia, aumento do estado de alerta e aumento da energia.<\/p>\n<p>Investigadores experientes recomendam a utiliza\u00e7\u00e3o de <a href=\"https:\/\/en.wikipedia.org\/wiki\/Methylenedioxypyrovalerone\">MDPV<\/a> em compara\u00e7\u00e3o com a Ritalina, porque a primeira \u00e9 conhecida por ser 4 vezes mais potente.<\/p>\n<p>O medicamento \u00e9 geralmente vendido em s\u00edtios Web online ou em farm\u00e1cias sob a forma de um p\u00f3 cristalino fino.<\/p>\n<p>Note-se que o MDPV existe h\u00e1 j\u00e1 algum tempo e, por conseguinte, \u00e9 designado por v\u00e1rios nomes, como MDPK, Maddie, Super Coke, Ivory Wave, Peevee, Magic, MTV, Ocean, White Lightening, ScarfaceCharge Plus, etc. <a href=\"https:\/\/poudresdenarco.com\/pt\/\">poudresdenarco<\/a><\/p>\n<p>Embora as propriedades psicotr\u00f3picas estejam associadas \u00e0 droga, muitas pessoas tamb\u00e9m a utilizam para fins recreativos.<\/p>\n<h3>Algumas das utiliza\u00e7\u00f5es tradicionais do MDPV s\u00e3o as seguintes:<\/h3>\n<p>Tem sido utilizado para ajudar os doentes a perder peso porque o medicamento tende a queimar gordura rapidamente.<br \/>\nComo j\u00e1 foi referido, este medicamento \u00e9 conhecido por melhorar a atividade sexual, aumentar as reservas de energia e ajudar os doentes a atingir um elevado n\u00edvel de excita\u00e7\u00e3o.<br \/>\nTem em aten\u00e7\u00e3o que, tal como qualquer outro medicamento, tamb\u00e9m existem doses recomendadas para o MDPV. Isto significa que uma sobredosagem pode causar problemas, tal como acontece com outros medicamentos.<\/p>\n<p>Nunca deves exceder a dose recomendada. O aspeto positivo do MDPV \u00e9 o facto de ser legal na maior parte dos pa\u00edses do mundo, ao contr\u00e1rio da maioria dos seus hom\u00f3logos. Gra\u00e7as \u00e0s suas muitas propriedades farmac\u00eauticas, muitos investigadores est\u00e3o tamb\u00e9m a utiliz\u00e1-lo como composto de investiga\u00e7\u00e3o qu\u00edmica.<\/p>\n<p>Embora esteja geralmente dispon\u00edvel como um p\u00f3 hidrof\u00edlico com um ligeiro odor, pode ser de qualquer cor, desde o branco ao castanho claro. Alguns dos efeitos secund\u00e1rios da utiliza\u00e7\u00e3o de MDVP s\u00e3o: ansiedade, fraqueza, excita\u00e7\u00e3o, falta de apetite, aumento da tens\u00e3o arterial e palpita\u00e7\u00f5es.<\/p>\n<p>Uma sobredosagem pode causar alucina\u00e7\u00f5es e at\u00e9 ataques de p\u00e2nico. O efeito dura geralmente cerca de 4 horas. Tem cuidado para n\u00e3o a guardares ao ar livre, pois o contacto com o ar pode alterar as suas propriedades.<\/p>\n<h3>Encomendar MDPV de alta pureza para os seus estudos cient\u00edficos<\/h3>\n<p>Com <strong>P\u00f3s estupefacientes<\/strong>beneficiar de <strong>fornecimento fi\u00e1vel de MDPV para aplica\u00e7\u00f5es laboratoriais<\/strong>. Os nossos elevados padr\u00f5es de qualidade e seguran\u00e7a tornam <strong>P\u00f3s estupefacientes<\/strong> a escolha ideal para os profissionais da investiga\u00e7\u00e3o. <strong>Contactar-nos<\/strong> para um or\u00e7amento ou para saber mais sobre a nossa gama de produtos de elevada pureza para investiga\u00e7\u00e3o cient\u00edfica Comprar MDPV .<\/p>","protected":false},"excerpt":{"rendered":"<p>Acheter du MDPV de Haute Puret\u00e9 pour la Recherche &#8211; Poudres de Narco Poudres de Narco est votre source de confiance pour le MDPV de qualit\u00e9 recherche, con\u00e7u exclusivement pour des applications scientifiques en laboratoire. Notre MDPV est produit selon des normes rigoureuses de puret\u00e9 et de qualit\u00e9, offrant des r\u00e9sultats fiables pour les chercheurs&hellip;<\/p>","protected":false},"featured_media":6173,"comment_status":"open","ping_status":"closed","template":"","meta":{"_joinchat":[]},"product_cat":[558,751],"product_tag":[],"class_list":{"0":"post-5966","1":"product","2":"type-product","3":"status-publish","4":"has-post-thumbnail","6":"product_cat-chimiques-de-recherche","7":"product_cat-stimulants","9":"first","10":"instock","11":"shipping-taxable","12":"purchasable","13":"product-type-variable","14":"col-xs-6 col-sm-4","15":"col-md-3 col-lg-3","16":"un-4-cols"},"yoast_head":"<!-- This site is optimized with the Yoast SEO plugin v23.8 - https:\/\/yoast.com\/wordpress\/plugins\/seo\/ -->\n<title>&quot;Acheter MDPV Puret\u00e9 pour la Recherche | Poudres de Narco&quot;<\/title>\n<meta name=\"description\" content=\"Fournisseur de MDPV pour applications scientifiques en laboratoire. Puret\u00e9 et s\u00e9curit\u00e9 garanties pour recherches avanc\u00e9es chez Poudres de Narco.\" \/>\n<meta name=\"robots\" content=\"index, follow, max-snippet:-1, max-image-preview:large, max-video-preview:-1\" \/>\n<link rel=\"canonical\" href=\"https:\/\/poudresdenarco.com\/pt\/produto\/mdpv\/\" \/>\n<meta property=\"og:locale\" content=\"pt_PT\" \/>\n<meta property=\"og:type\" content=\"article\" \/>\n<meta property=\"og:title\" content=\"&quot;Acheter MDPV Puret\u00e9 pour la Recherche | Poudres de Narco&quot;\" \/>\n<meta property=\"og:description\" content=\"Fournisseur de MDPV pour applications scientifiques en laboratoire. Puret\u00e9 et s\u00e9curit\u00e9 garanties pour recherches avanc\u00e9es chez Poudres de Narco.\" \/>\n<meta property=\"og:url\" content=\"https:\/\/poudresdenarco.com\/pt\/produto\/mdpv\/\" \/>\n<meta property=\"og:site_name\" content=\"Poudresde Narco\" \/>\n<meta property=\"article:modified_time\" content=\"2024-12-23T09:30:09+00:00\" \/>\n<meta property=\"og:image\" content=\"https:\/\/poudresdenarco.com\/wp-content\/uploads\/2024\/10\/MDPV-1.gif\" \/>\n\t<meta property=\"og:image:width\" content=\"600\" \/>\n\t<meta property=\"og:image:height\" content=\"600\" \/>\n\t<meta property=\"og:image:type\" content=\"image\/gif\" \/>\n<meta name=\"twitter:card\" content=\"summary_large_image\" \/>\n<meta name=\"twitter:label1\" content=\"Tempo estimado de leitura\" \/>\n\t<meta name=\"twitter:data1\" content=\"4 minutos\" \/>\n<script type=\"application\/ld+json\" class=\"yoast-schema-graph\">{\"@context\":\"https:\/\/schema.org\",\"@graph\":[{\"@type\":\"WebPage\",\"@id\":\"https:\/\/poudresdenarco.com\/produit\/mdpv\/\",\"url\":\"https:\/\/poudresdenarco.com\/produit\/mdpv\/\",\"name\":\"\\\"Acheter MDPV Puret\u00e9 pour la Recherche | Poudres de Narco\\\"\",\"isPartOf\":{\"@id\":\"https:\/\/poudresdenarco.com\/#website\"},\"primaryImageOfPage\":{\"@id\":\"https:\/\/poudresdenarco.com\/produit\/mdpv\/#primaryimage\"},\"image\":{\"@id\":\"https:\/\/poudresdenarco.com\/produit\/mdpv\/#primaryimage\"},\"thumbnailUrl\":\"https:\/\/poudresdenarco.com\/wp-content\/uploads\/2024\/10\/MDPV-1.gif\",\"datePublished\":\"2024-10-16T11:32:10+00:00\",\"dateModified\":\"2024-12-23T09:30:09+00:00\",\"description\":\"Fournisseur de MDPV pour applications scientifiques en laboratoire. Puret\u00e9 et s\u00e9curit\u00e9 garanties pour recherches avanc\u00e9es chez Poudres de Narco.\",\"breadcrumb\":{\"@id\":\"https:\/\/poudresdenarco.com\/produit\/mdpv\/#breadcrumb\"},\"inLanguage\":\"pt-PT\",\"potentialAction\":[{\"@type\":\"ReadAction\",\"target\":[\"https:\/\/poudresdenarco.com\/produit\/mdpv\/\"]}]},{\"@type\":\"ImageObject\",\"inLanguage\":\"pt-PT\",\"@id\":\"https:\/\/poudresdenarco.com\/produit\/mdpv\/#primaryimage\",\"url\":\"https:\/\/poudresdenarco.com\/wp-content\/uploads\/2024\/10\/MDPV-1.gif\",\"contentUrl\":\"https:\/\/poudresdenarco.com\/wp-content\/uploads\/2024\/10\/MDPV-1.gif\",\"width\":600,\"height\":600,\"caption\":\"MDPV\"},{\"@type\":\"BreadcrumbList\",\"@id\":\"https:\/\/poudresdenarco.com\/produit\/mdpv\/#breadcrumb\",\"itemListElement\":[{\"@type\":\"ListItem\",\"position\":1,\"name\":\"Home\",\"item\":\"https:\/\/poudresdenarco.com\/\"},{\"@type\":\"ListItem\",\"position\":2,\"name\":\"Boutique\",\"item\":\"https:\/\/poudresdenarco.com\/boutique\/\"},{\"@type\":\"ListItem\",\"position\":3,\"name\":\"MDPV\"}]},{\"@type\":\"WebSite\",\"@id\":\"https:\/\/poudresdenarco.com\/#website\",\"url\":\"https:\/\/poudresdenarco.com\/\",\"name\":\"Poudresde Narco\",\"description\":\"Acheter de la coca\u00efne et de l&#039;h\u00e9ro\u00efne en ligne\",\"potentialAction\":[{\"@type\":\"SearchAction\",\"target\":{\"@type\":\"EntryPoint\",\"urlTemplate\":\"https:\/\/poudresdenarco.com\/?s={search_term_string}\"},\"query-input\":{\"@type\":\"PropertyValueSpecification\",\"valueRequired\":true,\"valueName\":\"search_term_string\"}}],\"inLanguage\":\"pt-PT\"}]}<\/script>\n<!-- \/ Yoast SEO plugin. -->","yoast_head_json":{"title":"\"Acheter MDPV Puret\u00e9 pour la Recherche | Poudres de Narco\"","description":"Fournisseur de MDPV pour applications scientifiques en laboratoire. Puret\u00e9 et s\u00e9curit\u00e9 garanties pour recherches avanc\u00e9es chez Poudres de Narco.","robots":{"index":"index","follow":"follow","max-snippet":"max-snippet:-1","max-image-preview":"max-image-preview:large","max-video-preview":"max-video-preview:-1"},"canonical":"https:\/\/poudresdenarco.com\/pt\/produto\/mdpv\/","og_locale":"pt_PT","og_type":"article","og_title":"\"Acheter MDPV Puret\u00e9 pour la Recherche | Poudres de Narco\"","og_description":"Fournisseur de MDPV pour applications scientifiques en laboratoire. Puret\u00e9 et s\u00e9curit\u00e9 garanties pour recherches avanc\u00e9es chez Poudres de Narco.","og_url":"https:\/\/poudresdenarco.com\/pt\/produto\/mdpv\/","og_site_name":"Poudresde Narco","article_modified_time":"2024-12-23T09:30:09+00:00","og_image":[{"width":600,"height":600,"url":"https:\/\/poudresdenarco.com\/wp-content\/uploads\/2024\/10\/MDPV-1.gif","type":"image\/gif"}],"twitter_card":"summary_large_image","twitter_misc":{"Tempo estimado de leitura":"4 minutos"},"schema":{"@context":"https:\/\/schema.org","@graph":[{"@type":"WebPage","@id":"https:\/\/poudresdenarco.com\/produit\/mdpv\/","url":"https:\/\/poudresdenarco.com\/produit\/mdpv\/","name":"\"Acheter MDPV Puret\u00e9 pour la Recherche | Poudres de Narco\"","isPartOf":{"@id":"https:\/\/poudresdenarco.com\/#website"},"primaryImageOfPage":{"@id":"https:\/\/poudresdenarco.com\/produit\/mdpv\/#primaryimage"},"image":{"@id":"https:\/\/poudresdenarco.com\/produit\/mdpv\/#primaryimage"},"thumbnailUrl":"https:\/\/poudresdenarco.com\/wp-content\/uploads\/2024\/10\/MDPV-1.gif","datePublished":"2024-10-16T11:32:10+00:00","dateModified":"2024-12-23T09:30:09+00:00","description":"Fournisseur de MDPV pour applications scientifiques en laboratoire. Puret\u00e9 et s\u00e9curit\u00e9 garanties pour recherches avanc\u00e9es chez Poudres de Narco.","breadcrumb":{"@id":"https:\/\/poudresdenarco.com\/produit\/mdpv\/#breadcrumb"},"inLanguage":"pt-PT","potentialAction":[{"@type":"ReadAction","target":["https:\/\/poudresdenarco.com\/produit\/mdpv\/"]}]},{"@type":"ImageObject","inLanguage":"pt-PT","@id":"https:\/\/poudresdenarco.com\/produit\/mdpv\/#primaryimage","url":"https:\/\/poudresdenarco.com\/wp-content\/uploads\/2024\/10\/MDPV-1.gif","contentUrl":"https:\/\/poudresdenarco.com\/wp-content\/uploads\/2024\/10\/MDPV-1.gif","width":600,"height":600,"caption":"MDPV"},{"@type":"BreadcrumbList","@id":"https:\/\/poudresdenarco.com\/produit\/mdpv\/#breadcrumb","itemListElement":[{"@type":"ListItem","position":1,"name":"Home","item":"https:\/\/poudresdenarco.com\/"},{"@type":"ListItem","position":2,"name":"Boutique","item":"https:\/\/poudresdenarco.com\/boutique\/"},{"@type":"ListItem","position":3,"name":"MDPV"}]},{"@type":"WebSite","@id":"https:\/\/poudresdenarco.com\/#website","url":"https:\/\/poudresdenarco.com\/","name":"Poudresde Narco","description":"Acheter de la coca\u00efne et de l&#039;h\u00e9ro\u00efne en ligne","potentialAction":[{"@type":"SearchAction","target":{"@type":"EntryPoint","urlTemplate":"https:\/\/poudresdenarco.com\/?s={search_term_string}"},"query-input":{"@type":"PropertyValueSpecification","valueRequired":true,"valueName":"search_term_string"}}],"inLanguage":"pt-PT"}]}},"_links":{"self":[{"href":"https:\/\/poudresdenarco.com\/pt\/wp-json\/wp\/v2\/product\/5966","targetHints":{"allow":["GET"]}}],"collection":[{"href":"https:\/\/poudresdenarco.com\/pt\/wp-json\/wp\/v2\/product"}],"about":[{"href":"https:\/\/poudresdenarco.com\/pt\/wp-json\/wp\/v2\/types\/product"}],"replies":[{"embeddable":true,"href":"https:\/\/poudresdenarco.com\/pt\/wp-json\/wp\/v2\/comments?post=5966"}],"wp:featuredmedia":[{"embeddable":true,"href":"https:\/\/poudresdenarco.com\/pt\/wp-json\/wp\/v2\/media\/6173"}],"wp:attachment":[{"href":"https:\/\/poudresdenarco.com\/pt\/wp-json\/wp\/v2\/media?parent=5966"}],"wp:term":[{"taxonomy":"product_cat","embeddable":true,"href":"https:\/\/poudresdenarco.com\/pt\/wp-json\/wp\/v2\/product_cat?post=5966"},{"taxonomy":"product_tag","embeddable":true,"href":"https:\/\/poudresdenarco.com\/pt\/wp-json\/wp\/v2\/product_tag?post=5966"}],"curies":[{"name":"wp","href":"https:\/\/api.w.org\/{rel}","templated":true}]}}